{"id":12663,"date":"2020-08-29T08:36:12","date_gmt":"2020-08-29T00:36:12","guid":{"rendered":"https:\/\/arturf.com\/?post_type=product&#038;p=12663"},"modified":"2023-07-15T11:42:39","modified_gmt":"2023-07-15T03:42:39","slug":"decor","status":"publish","type":"product","link":"https:\/\/arturf.com\/fr\/product\/decor\/","title":{"rendered":"Decor"},"content":{"rendered":"<h3>Principales caract\u00e9ristiques:<\/h3>\n<ol>\n<li>\n<h4>Longueur de fibre courte\u00a0:<\/h4>\n<p>B\u00e9n\u00e9ficiant d&#039;une longueur de fibre compacte allant de 8 mm \u00e0 15 mm, le Decor offre une apparence \u00e9l\u00e9gante et soign\u00e9e qui ressemble \u00e0 un tapis de haute qualit\u00e9.<\/p>\n<\/li>\n<li>\n<h4>Esth\u00e9tique de l&#039;apparence d&#039;un tapis\u00a0:<\/h4>\n<p>Avec sa construction soigneusement con\u00e7ue, Decor reproduit l&#039;attrait visuel d&#039;un tapis naturel, ajoutant une touche d&#039;\u00e9l\u00e9gance \u00e0 n&#039;importe quel espace.<\/p>\n<\/li>\n<li>\n<h4>Solution rentable\u00a0:<\/h4>\n<p>Le Decor se distingue comme une option \u00e9conomique, vous permettant d\u2019am\u00e9liorer votre environnement sans vous ruiner.<\/p>\n<\/li>\n<\/ol>\n<h3>Applications appropri\u00e9es\u00a0:\u00a0<\/h3>\n<ol>\n<li>\n<h4>Affichage professionnel\u00a0:<\/h4>\n<p>Que vous soyez d\u00e9taillant, h\u00f4telier ou exposant, le Decor constitue un excellent choix pour les \u00e9crans professionnels, ajoutant une touche de sophistication et de raffinement \u00e0 votre salle d&#039;exposition ou zone d&#039;exposition.<\/p>\n<p><img loading=\"lazy\" decoding=\"async\" class=\"wp-image-5525 size-full alignnone\" style=\"color: #555555; font-size: 14.4px;\" src=\"https:\/\/arturf.com\/wp-content\/uploads\/2016\/06\/Artificial-Grass-for-Display-4.jpg\" alt=\"Herbe artificielle pour l&#039;affichage\" width=\"800\" height=\"533\" srcset=\"https:\/\/arturf.com\/wp-content\/uploads\/2016\/06\/Artificial-Grass-for-Display-4.jpg 800w, https:\/\/arturf.com\/wp-content\/uploads\/2016\/06\/Artificial-Grass-for-Display-4-300x200.jpg 300w, https:\/\/arturf.com\/wp-content\/uploads\/2016\/06\/Artificial-Grass-for-Display-4-768x512.jpg 768w, https:\/\/arturf.com\/wp-content\/uploads\/2016\/06\/Artificial-Grass-for-Display-4-18x12.jpg 18w, https:\/\/arturf.com\/wp-content\/uploads\/2016\/06\/Artificial-Grass-for-Display-4-510x340.jpg 510w\" sizes=\"auto, (max-width: 800px) 100vw, 800px\" \/><\/p>\n<\/li>\n<li>\n<h4>Decoration\u00a0:<\/h4>\n<p>Am\u00e9liorez la beaut\u00e9 de vos espaces int\u00e9rieurs ou ext\u00e9rieurs en incorporant Decor. Son apparence semblable \u00e0 celle d&#039;un tapis rehausse l&#039;attrait esth\u00e9tique des jardins, des balcons, des patios ou de tout espace o\u00f9 vous d\u00e9sirez une atmosph\u00e8re invitante et visuellement attrayante.<\/p>\n<p><img alt=\"\" loading=\"lazy\" decoding=\"async\" class=\"alignnone wp-image-12665 size-full\" style=\"color: #555555; font-size: 14.4px;\" src=\"https:\/\/arturf.com\/wp-content\/uploads\/2020\/08\/Wall-Decoration-Grass-2.jpg\" width=\"800\" height=\"533\" srcset=\"https:\/\/arturf.com\/wp-content\/uploads\/2020\/08\/Wall-Decoration-Grass-2.jpg 800w, https:\/\/arturf.com\/wp-content\/uploads\/2020\/08\/Wall-Decoration-Grass-2-300x200.jpg 300w, https:\/\/arturf.com\/wp-content\/uploads\/2020\/08\/Wall-Decoration-Grass-2-768x512.jpg 768w, https:\/\/arturf.com\/wp-content\/uploads\/2020\/08\/Wall-Decoration-Grass-2-18x12.jpg 18w, https:\/\/arturf.com\/wp-content\/uploads\/2020\/08\/Wall-Decoration-Grass-2-510x340.jpg 510w\" sizes=\"auto, (max-width: 800px) 100vw, 800px\" \/><\/p>\n<\/li>\n<li>\n<h4>\u00c9v\u00e9nements:<\/h4>\n<p>Parfait pour les \u00e9v\u00e9nements priv\u00e9s et corporatifs, le Decor offre une solution rentable pour cr\u00e9er de superbes espaces \u00e9v\u00e9nementiels. Qu&#039;il s&#039;agisse d&#039;un mariage, d&#039;une f\u00eate ou d&#039;une r\u00e9union d&#039;entreprise, ce gazon artificiel d&#039;apparence tapis peut rehausser l&#039;ambiance g\u00e9n\u00e9rale et laisser une impression durable \u00e0 vos invit\u00e9s.<\/p>\n<p><img alt=\"\" loading=\"lazy\" decoding=\"async\" class=\"alignnone wp-image-17477 size-full\" style=\"color: #555555; font-size: 14.4px;\" src=\"https:\/\/arturf.com\/wp-content\/uploads\/2022\/08\/Green-Event-turf-Decor.jpg\" width=\"800\" height=\"533\" srcset=\"https:\/\/arturf.com\/wp-content\/uploads\/2022\/08\/Green-Event-turf-Decor.jpg 800w, https:\/\/arturf.com\/wp-content\/uploads\/2022\/08\/Green-Event-turf-Decor-300x200.jpg 300w, https:\/\/arturf.com\/wp-content\/uploads\/2022\/08\/Green-Event-turf-Decor-768x512.jpg 768w, https:\/\/arturf.com\/wp-content\/uploads\/2022\/08\/Green-Event-turf-Decor-18x12.jpg 18w, https:\/\/arturf.com\/wp-content\/uploads\/2022\/08\/Green-Event-turf-Decor-510x340.jpg 510w\" sizes=\"auto, (max-width: 800px) 100vw, 800px\" \/><\/p>\n<\/li>\n<\/ol>\n\n\t<section class=\"section\" id=\"section_1753768309\">\n\t\t<div class=\"section-bg fill\" >\n\t\t\t\t\t\t\t\t\t\n\t\t\t\n\n\t\t<\/div>\n\n\t\t\n\n\t\t<div class=\"section-content relative\">\n\t\t\t\n\n<div class=\"row\"  id=\"row-1832603241\">\n\n\n\t<div id=\"col-520758481\" class=\"col small-12 large-12\"  >\n\t\t\t\t<div class=\"col-inner text-center\"  >\n\t\t\t\n\t\t\t\n\n<h2>FAQ<\/h2>\n\n\t\t<\/div>\n\t\t\t\t\t<\/div>\n\n\t\n\n<\/div>\n<div class=\"row align-center row-box-shadow-1\"  id=\"row-1650264916\">\n\n\n\t<div id=\"col-1441985012\" class=\"col medium-10 small-12 large-9\"  >\n\t\t\t\t<div class=\"col-inner\" style=\"background-color:rgb(255,255,255);\" >\n\t\t\t\n\t\t\t\n\n<div class=\"accordion\">\n\n\t<div id=\"accordion-3702954669\" class=\"accordion-item\">\n\t\t<a id=\"accordion-3702954669-label\" class=\"accordion-title plain\" href=\"#accordion-item-can-you-customize-specifications-for-your-artificial-turf-products?\" aria-expanded=\"false\" aria-controls=\"accordion-3702954669-content\">\n\t\t\t<button class=\"toggle\" aria-label=\"Basculer\"><i class=\"icon-angle-down\" aria-hidden=\"true\"><\/i><\/button>\n\t\t\t<span>Pouvez-vous personnaliser les sp\u00e9cifications de vos produits de gazon artificiel ?<\/span>\n\t\t<\/a>\n\t\t<div id=\"accordion-3702954669-content\" class=\"accordion-inner\" aria-labelledby=\"accordion-3702954669-label\">\n\t\t\t\n\n<p>Oui, nous proposons des options de personnalisation pour la couleur, la forme du fil, la hauteur du poil, la densit\u00e9 et le support. Nous pouvons \u00e9galement produire selon un \u00e9chantillon fourni.<\/p>\n\n\t\t<\/div>\n\t<\/div>\n\t\n\t<div id=\"accordion-1288175457\" class=\"accordion-item\">\n\t\t<a id=\"accordion-1288175457-label\" class=\"accordion-title plain\" href=\"#accordion-item-do-you-have-stock?\" aria-expanded=\"false\" aria-controls=\"accordion-1288175457-content\">\n\t\t\t<button class=\"toggle\" aria-label=\"Basculer\"><i class=\"icon-angle-down\" aria-hidden=\"true\"><\/i><\/button>\n\t\t\t<span>Avez-vous des stocks?<\/span>\n\t\t<\/a>\n\t\t<div id=\"accordion-1288175457-content\" class=\"accordion-inner\" aria-labelledby=\"accordion-1288175457-label\">\n\t\t\t\n\n<p>Non, nous ne gardons pas de stock. Nous commen\u00e7ons la production sur la base de commandes sp\u00e9cifiques.<\/p>\n\n\t\t<\/div>\n\t<\/div>\n\t\n\t<div id=\"accordion-3288029681\" class=\"accordion-item\">\n\t\t<a id=\"accordion-3288029681-label\" class=\"accordion-title plain\" href=\"#accordion-item-what-is-your-moq?\" aria-expanded=\"false\" aria-controls=\"accordion-3288029681-content\">\n\t\t\t<button class=\"toggle\" aria-label=\"Basculer\"><i class=\"icon-angle-down\" aria-hidden=\"true\"><\/i><\/button>\n\t\t\t<span>Quel est votre MOQ?<\/span>\n\t\t<\/a>\n\t\t<div id=\"accordion-3288029681-content\" class=\"accordion-inner\" aria-labelledby=\"accordion-3288029681-label\">\n\t\t\t\n\n<p>Pour la plupart des gazons artificiels, notre quantit\u00e9 minimum de commande (MOQ) est de 500 m\u00e8tres carr\u00e9s. Pour certains produits l\u00e9gers, le MOQ est de 800 m\u00e8tres carr\u00e9s.<\/p>\n\n\t\t<\/div>\n\t<\/div>\n\t\n\t<div id=\"accordion-510261878\" class=\"accordion-item\">\n\t\t<a id=\"accordion-510261878-label\" class=\"accordion-title plain\" href=\"#accordion-item-what-are-the-width-and-length-options-for-artificial-grass?\" aria-expanded=\"false\" aria-controls=\"accordion-510261878-content\">\n\t\t\t<button class=\"toggle\" aria-label=\"Basculer\"><i class=\"icon-angle-down\" aria-hidden=\"true\"><\/i><\/button>\n\t\t\t<span>Quelles sont les options de largeur et de longueur pour le gazon artificiel ?<\/span>\n\t\t<\/a>\n\t\t<div id=\"accordion-510261878-content\" class=\"accordion-inner\" aria-labelledby=\"accordion-510261878-label\">\n\t\t\t\n\n<p>Nos options de largeur courantes sont de 2 m, 3,75 m, 3,95 m, 4 m et 5 m. La longueur peut \u00eatre personnalis\u00e9e en fonction des exigences sp\u00e9cifiques de votre projet. Par d\u00e9faut, nous m\u00e9langeons du gazon de 4 m de large et de 2 m de large pour optimiser l&#039;espace du conteneur.<\/p>\n\n\t\t<\/div>\n\t<\/div>\n\t\n\t<div id=\"accordion-2072904435\" class=\"accordion-item\">\n\t\t<a id=\"accordion-2072904435-label\" class=\"accordion-title plain\" href=\"#accordion-item-what-information-do-you-need-to-provide-the-landed-cost-for-international-customers?\" aria-expanded=\"false\" aria-controls=\"accordion-2072904435-content\">\n\t\t\t<button class=\"toggle\" aria-label=\"Basculer\"><i class=\"icon-angle-down\" aria-hidden=\"true\"><\/i><\/button>\n\t\t\t<span>De quelles informations avez-vous besoin pour fournir le co\u00fbt au d\u00e9barquement pour les clients internationaux\u00a0?<\/span>\n\t\t<\/a>\n\t\t<div id=\"accordion-2072904435-content\" class=\"accordion-inner\" aria-labelledby=\"accordion-2072904435-label\">\n\t\t\t\n\n<p>Pour fournir le co\u00fbt au d\u00e9barquement, nous avons besoin d&#039;informations sur les d\u00e9tails du produit, la quantit\u00e9 et le port maritime de destination.<\/p>\n\n\t\t<\/div>\n\t<\/div>\n\t\n\n<\/div>\n\n\t\t<\/div>\n\t\t\t\t\t<\/div>\n\n\t\n\n\n<style>\n#row-1650264916 > .col > .col-inner {\n  padding: 0px 0px 0px 0px;\n}\n@media (min-width:550px) {\n  #row-1650264916 > .col > .col-inner {\n    padding: 30px 30px 30px 30px;\n  }\n}\n<\/style>\n<\/div>\n\n\t\t<\/div>\n\n\t\t\n<style>\n#section_1753768309 {\n  padding-top: 60px;\n  padding-bottom: 60px;\n}\n<\/style>\n\t<\/section>\n\t\n<div class=\"row align-center\"  id=\"row-322428408\">\n\n\n\t<div id=\"col-817562867\" class=\"col medium-4 large-4\"  >\n\t\t\t\t<div class=\"col-inner\"  >\n\t\t\t\n\t<div class=\"is-border\"\n\t\tstyle=\"border-width:0px 0px 0px 0px;\">\n\t<\/div>\n\t\t\t\n\n\n\t\t<div class=\"icon-box featured-box icon-box-center text-center\"  style=\"margin:0px 0px 0px 0px;\">\n\t\t\t\t\t<div class=\"icon-box-img has-icon-bg\" style=\"width: 100px\">\n\t\t\t\t<div class=\"icon\">\n\t\t\t\t\t<div class=\"icon-inner\" style=\"border-width:2px;color:rgba(47, 159, 18, 0.88);\">\n\t\t\t\t\t\t<img loading=\"lazy\" decoding=\"async\" width=\"100\" height=\"100\" src=\"https:\/\/arturf.com\/wp-content\/uploads\/2018\/06\/Icon-Good-quality.png\" class=\"attachment-medium size-medium\" alt=\"\" srcset=\"https:\/\/arturf.com\/wp-content\/uploads\/2018\/06\/Icon-Good-quality.png 100w, https:\/\/arturf.com\/wp-content\/uploads\/2018\/06\/Icon-Good-quality-12x12.png 12w\" sizes=\"auto, (max-width: 100px) 100vw, 100px\" \/>\t\t\t\t\t<\/div>\n\t\t\t\t<\/div>\n\t\t\t<\/div>\n\t\t\t\t<div class=\"icon-box-text last-reset\">\n\t\t\t<h5 class=\"uppercase\">Qualit\u00e9 \u00e9prouv\u00e9e<\/h5>\t\t\t\t\t\t\n\n<p>Gazon artificiel de qualit\u00e9 sup\u00e9rieure avec r\u00e9sistance aux UV et \u00e0 l&#039;usure. Des garanties solides assurent une satisfaction durable.<\/p>\n\n\t\t<\/div>\n\t<\/div>\n\t\n\t\n\n\t\t<\/div>\n\t\t\t\t\t<\/div>\n\n\t\n\n\t<div id=\"col-1384381672\" class=\"col medium-4 large-4\"  >\n\t\t\t\t<div class=\"col-inner\"  >\n\t\t\t\n\t<div class=\"is-border\"\n\t\tstyle=\"border-width:0px 0px 0px 0px;\">\n\t<\/div>\n\t\t\t\n\n\n\t\t<div class=\"icon-box featured-box icon-box-center text-center\"  style=\"margin:0px 0px 0px 0px;\">\n\t\t\t\t\t<div class=\"icon-box-img has-icon-bg\" style=\"width: 100px\">\n\t\t\t\t<div class=\"icon\">\n\t\t\t\t\t<div class=\"icon-inner\" style=\"border-width:2px;color:rgba(47, 159, 18, 0.88);\">\n\t\t\t\t\t\t<img loading=\"lazy\" decoding=\"async\" width=\"100\" height=\"100\" src=\"https:\/\/arturf.com\/wp-content\/uploads\/2018\/06\/Icon-Good-price.png\" class=\"attachment-medium size-medium\" alt=\"\" srcset=\"https:\/\/arturf.com\/wp-content\/uploads\/2018\/06\/Icon-Good-price.png 100w, https:\/\/arturf.com\/wp-content\/uploads\/2018\/06\/Icon-Good-price-12x12.png 12w\" sizes=\"auto, (max-width: 100px) 100vw, 100px\" \/>\t\t\t\t\t<\/div>\n\t\t\t\t<\/div>\n\t\t\t<\/div>\n\t\t\t\t<div class=\"icon-box-text last-reset\">\n\t\t\t<h5 class=\"uppercase\">Des prix comp\u00e9titifs<\/h5>\t\t\t\t\t\t\n\n<p>Nous offrons des prix comp\u00e9titifs, favorisant la croissance mutuelle et le succ\u00e8s \u00e0 long terme avec nos revendeurs estim\u00e9s.<\/p>\n\n\t\t<\/div>\n\t<\/div>\n\t\n\t\n\n\t\t<\/div>\n\t\t\t\t\t<\/div>\n\n\t\n\n\t<div id=\"col-708151971\" class=\"col medium-4 large-4\"  >\n\t\t\t\t<div class=\"col-inner\"  >\n\t\t\t\n\t<div class=\"is-border\"\n\t\tstyle=\"border-width:0px 0px 0px 0px;\">\n\t<\/div>\n\t\t\t\n\n\n\t\t<div class=\"icon-box featured-box icon-box-center text-center\"  style=\"margin:0px 0px 0px 0px;\">\n\t\t\t\t\t<div class=\"icon-box-img has-icon-bg\" style=\"width: 100px\">\n\t\t\t\t<div class=\"icon\">\n\t\t\t\t\t<div class=\"icon-inner\" style=\"border-width:2px;color:rgba(47, 159, 18, 0.88);\">\n\t\t\t\t\t\t<img loading=\"lazy\" decoding=\"async\" width=\"100\" height=\"100\" src=\"https:\/\/arturf.com\/wp-content\/uploads\/2018\/06\/Icon-tailor-made.png\" class=\"attachment-medium size-medium\" alt=\"\" srcset=\"https:\/\/arturf.com\/wp-content\/uploads\/2018\/06\/Icon-tailor-made.png 100w, https:\/\/arturf.com\/wp-content\/uploads\/2018\/06\/Icon-tailor-made-12x12.png 12w\" sizes=\"auto, (max-width: 100px) 100vw, 100px\" \/>\t\t\t\t\t<\/div>\n\t\t\t\t<\/div>\n\t\t\t<\/div>\n\t\t\t\t<div class=\"icon-box-text last-reset\">\n\t\t\t<h5 class=\"uppercase\">Solutions personnalis\u00e9es<\/h5>\t\t\t\t\t\t\n\n<p>Lib\u00e9rez le potentiel du march\u00e9 avec diverses options de gazon artificiel. <a href=\"https:\/\/arturf.com\/fr\/buyers-guide\/customized-artificial-grass-products\/\">Adapt\u00e9 aux besoins ou aux \u00e9chantillons uniques<\/a>.<\/p>\n\n\t\t<\/div>\n\t<\/div>\n\t\n\t\n\n\t\t<\/div>\n\t\t\t\t\t<\/div>\n\n\t\n\n<\/div>","protected":false},"excerpt":{"rendered":"<p>Le Decor est une option de gazon artificiel remarquable con\u00e7ue pour imiter l\u2019apparence d\u2019un tapis luxuriant, tout en offrant un prix imbattable. Avec sa courte longueur de fibre et son prix abordable, le Decor est principalement destin\u00e9 \u00e0 des fins paysag\u00e8res et d\u00e9coratives, ce qui en fait un choix id\u00e9al pour une vari\u00e9t\u00e9 d&#039;applications.<\/p>","protected":false},"featured_media":17157,"template":"","meta":{"_seopress_robots_primary_cat":"","_seopress_titles_title":"Decor: Affordable Artificial Turf for Displays, Decoration, Events","_seopress_titles_desc":"Transform your spaces with affordable artificial turf for business displays, decoration, and events. Experience the elegance of carpet-like aesthetics.","_seopress_robots_index":""},"product_brand":[],"product_cat":[64],"product_tag":[],"class_list":{"0":"post-12663","1":"product","2":"type-product","3":"status-publish","4":"has-post-thumbnail","6":"product_cat-landscape","8":"first","9":"instock","10":"shipping-taxable","11":"product-type-simple"},"_links":{"self":[{"href":"https:\/\/arturf.com\/fr\/wp-json\/wp\/v2\/product\/12663","targetHints":{"allow":["GET"]}}],"collection":[{"href":"https:\/\/arturf.com\/fr\/wp-json\/wp\/v2\/product"}],"about":[{"href":"https:\/\/arturf.com\/fr\/wp-json\/wp\/v2\/types\/product"}],"wp:featuredmedia":[{"embeddable":true,"href":"https:\/\/arturf.com\/fr\/wp-json\/wp\/v2\/media\/17157"}],"wp:attachment":[{"href":"https:\/\/arturf.com\/fr\/wp-json\/wp\/v2\/media?parent=12663"}],"wp:term":[{"taxonomy":"product_brand","embeddable":true,"href":"https:\/\/arturf.com\/fr\/wp-json\/wp\/v2\/product_brand?post=12663"},{"taxonomy":"product_cat","embeddable":true,"href":"https:\/\/arturf.com\/fr\/wp-json\/wp\/v2\/product_cat?post=12663"},{"taxonomy":"product_tag","embeddable":true,"href":"https:\/\/arturf.com\/fr\/wp-json\/wp\/v2\/product_tag?post=12663"}],"curies":[{"name":"wp","href":"https:\/\/api.w.org\/{rel}","templated":true}]}}