{"id":13490,"date":"2020-12-07T14:25:30","date_gmt":"2020-12-07T06:25:30","guid":{"rendered":"https:\/\/arturf.com\/?post_type=product&#038;p=13490"},"modified":"2024-07-13T16:25:22","modified_gmt":"2024-07-13T08:25:22","slug":"sports-lighting","status":"publish","type":"product","link":"https:\/\/arturf.com\/fr\/product\/sports-lighting\/","title":{"rendered":"\u00c9clairage sportif"},"content":{"rendered":"<p>D\u00e9couvrez le summum de l\u2019\u00e9clairage sportif avec nos solutions LED haut de gamme. Nous collaborons \u00e9troitement avec des fabricants renomm\u00e9s d&#039;\u00e9clairage sportif LED pour vous offrir une technologie de pointe qui am\u00e9liore la visibilit\u00e9 et l&#039;efficacit\u00e9 de votre terrain de sport.<\/p>\n<h3>Pourquoi choisir nos lumi\u00e8res LED de sport ?<\/h3>\n<ol>\n<li>\n<p><strong>Partenariats d&#039;experts\u00a0:<\/strong> M\u00eame si nous ne produisons pas nous-m\u00eames des projecteurs LED, nous avons \u00e9tabli des collaborations approfondies avec plusieurs fournisseurs d&#039;\u00e9clairage sportif r\u00e9put\u00e9s. Cela nous permet de s\u00e9lectionner les produits d&#039;\u00e9clairage sportif LED les plus appropri\u00e9s pour nos pr\u00e9cieux clients, garantissant les meilleures performances et fiabilit\u00e9 possibles.<\/p>\n<\/li>\n<li>\n<p><strong>Assurance qualit\u00e9:<\/strong> Nos partenariats \u00e0 long terme garantissent une qualit\u00e9 stable et des prix comp\u00e9titifs, offrant une valeur exceptionnelle sans compromettre les performances.<\/p>\n<\/li>\n<li>\n<p><strong>Solutions personnalis\u00e9es\u00a0:<\/strong> Con\u00e7us pour r\u00e9pondre aux exigences uniques de votre projet, nous fournissons des rapports gratuits de simulation et d&#039;analyse photom\u00e9trique. Cela garantit des performances optimales et des solutions rentables adapt\u00e9es \u00e0 la taille de votre champ, aux niveaux d&#039;\u00e9clairement souhait\u00e9s, au nombre de poteaux d&#039;\u00e9clairage et \u00e0 la hauteur des poteaux.<\/p>\n<\/li>\n<li>\n<p><strong>Service sans tracas\u00a0:<\/strong> En tant que point de contact unique, Arturf g\u00e8re tous les aspects de votre projet d\u2019\u00e9clairage, garantissant une mise en \u0153uvre fluide et r\u00e9ussie.<\/p>\n<\/li>\n<\/ol>\n<h3>Caract\u00e9ristiques de nos produits d&#039;\u00e9clairage LED pour sports\u00a0:<\/h3>\n<ul>\n<li>\n<p><strong>Haute efficacit\u00e9:<\/strong> Utilisant des puces LED de haute qualit\u00e9, nos \u00e9clairages de stade atteignent jusqu&#039;\u00e0 150-160 lm\/W, maximisant les \u00e9conomies d&#039;\u00e9nergie et les remises op\u00e9rationnelles.<\/p>\n<\/li>\n<li>\n<p><strong>Conception modulaire:<\/strong> La puissance r\u00e9glable allant de 200 W \u00e0 1 800 W permet une flexibilit\u00e9 dans la conception et la gestion de l&#039;\u00e9nergie.<\/p>\n<\/li>\n<li>\n<p><strong>Pilotes fiables\u00a0:<\/strong> \u00c9quip\u00e9 de pilotes de marques renomm\u00e9es comme Meanwell, Inventronics ou Philips, garantissant un facteur de puissance \u00e9lev\u00e9 (&gt;0,9), une faible distorsion harmonique totale (THD) et un fonctionnement sans scintillement.<\/p>\n<\/li>\n<li>\n<p><strong>L\u00e9ger et durable :<\/strong> Con\u00e7ues sp\u00e9cifiquement pour les environnements sportifs, nos lumi\u00e8res offrent une construction robuste sans compromettre les performances.<\/p>\n<\/li>\n<li>\n<p><strong>Angles de faisceau polyvalents\u00a0:<\/strong> Choisissez parmi une gamme d&#039;angles de faisceau pour optimiser la distribution de la lumi\u00e8re pour diff\u00e9rentes tailles et configurations de champ, garantissant une couverture uniforme et un \u00e9blouissement minimal.<\/p>\n<\/li>\n<\/ul>\n<h3>Galerie de produits<\/h3>\n<p>D\u00e9couvrez notre s\u00e9lection de solutions d\u2019\u00e9clairage LED sportives haut de gamme.<\/p>\n<div class=\"row\"  id=\"row-1817764133\">\n\n\t<div id=\"col-798941428\" class=\"col small-12 large-12\"  >\n\t\t\t\t<div class=\"col-inner\"  >\n\t\t\t\n\t\t\t\n\n  \n    <div class=\"row large-columns-3 medium-columns- small-columns-2\" >\n  <div class=\"gallery-col col\" >\n          <div class=\"col-inner\">\n            <a class=\"image-lightbox lightbox-gallery\" href=\"https:\/\/arturf.com\/wp-content\/uploads\/2020\/12\/Arturf-LED-Sports-Lighting-03.jpg\" title=\"\">            <div class=\"box has-hover gallery-box box-overlay dark\">\n              <div class=\"box-image image-cover\" style=\"padding-top:100%;\">\n                <img loading=\"lazy\" decoding=\"async\" width=\"500\" height=\"500\" src=\"https:\/\/arturf.com\/wp-content\/uploads\/2020\/12\/Arturf-LED-Sports-Lighting-03-500x500.jpg\" class=\"attachment-medium size-medium\" alt=\"\" ids=\"19851,19850,19849,13496,13497,13495\" columns=\"3\" image_height=\"100%\" srcset=\"https:\/\/arturf.com\/wp-content\/uploads\/2020\/12\/Arturf-LED-Sports-Lighting-03-500x500.jpg 500w, https:\/\/arturf.com\/wp-content\/uploads\/2020\/12\/Arturf-LED-Sports-Lighting-03-768x768.jpg 768w, https:\/\/arturf.com\/wp-content\/uploads\/2020\/12\/Arturf-LED-Sports-Lighting-03-12x12.jpg 12w, https:\/\/arturf.com\/wp-content\/uploads\/2020\/12\/Arturf-LED-Sports-Lighting-03-510x510.jpg 510w, https:\/\/arturf.com\/wp-content\/uploads\/2020\/12\/Arturf-LED-Sports-Lighting-03-100x100.jpg 100w, https:\/\/arturf.com\/wp-content\/uploads\/2020\/12\/Arturf-LED-Sports-Lighting-03.jpg 1000w\" sizes=\"auto, (max-width: 500px) 100vw, 500px\" \/>                                  <div class=\"overlay fill\"\n                      style=\"background-color: rgba(0,0,0,.15)\">\n                  <\/div>\n                                                              <\/div>\n              <div class=\"box-text text-left\" >\n                 <p><\/p>\n              <\/div>\n            <\/div>\n            <\/a>          <\/div>\n         <\/div><div class=\"gallery-col col\" >\n          <div class=\"col-inner\">\n            <a class=\"image-lightbox lightbox-gallery\" href=\"https:\/\/arturf.com\/wp-content\/uploads\/2020\/12\/Arturf-LED-Sports-Lighting-02.jpg\" title=\"\">            <div class=\"box has-hover gallery-box box-overlay dark\">\n              <div class=\"box-image image-cover\" style=\"padding-top:100%;\">\n                <img loading=\"lazy\" decoding=\"async\" width=\"500\" height=\"375\" src=\"https:\/\/arturf.com\/wp-content\/uploads\/2020\/12\/Arturf-LED-Sports-Lighting-02-500x375.jpg\" class=\"attachment-medium size-medium\" alt=\"\" ids=\"19851,19850,19849,13496,13497,13495\" columns=\"3\" image_height=\"100%\" srcset=\"https:\/\/arturf.com\/wp-content\/uploads\/2020\/12\/Arturf-LED-Sports-Lighting-02-500x375.jpg 500w, https:\/\/arturf.com\/wp-content\/uploads\/2020\/12\/Arturf-LED-Sports-Lighting-02-200x150.jpg 200w, https:\/\/arturf.com\/wp-content\/uploads\/2020\/12\/Arturf-LED-Sports-Lighting-02-768x575.jpg 768w, https:\/\/arturf.com\/wp-content\/uploads\/2020\/12\/Arturf-LED-Sports-Lighting-02-16x12.jpg 16w, https:\/\/arturf.com\/wp-content\/uploads\/2020\/12\/Arturf-LED-Sports-Lighting-02-350x263.jpg 350w, https:\/\/arturf.com\/wp-content\/uploads\/2020\/12\/Arturf-LED-Sports-Lighting-02-510x382.jpg 510w, https:\/\/arturf.com\/wp-content\/uploads\/2020\/12\/Arturf-LED-Sports-Lighting-02.jpg 1000w\" sizes=\"auto, (max-width: 500px) 100vw, 500px\" \/>                                  <div class=\"overlay fill\"\n                      style=\"background-color: rgba(0,0,0,.15)\">\n                  <\/div>\n                                                              <\/div>\n              <div class=\"box-text text-left\" >\n                 <p><\/p>\n              <\/div>\n            <\/div>\n            <\/a>          <\/div>\n         <\/div><div class=\"gallery-col col\" >\n          <div class=\"col-inner\">\n            <a class=\"image-lightbox lightbox-gallery\" href=\"https:\/\/arturf.com\/wp-content\/uploads\/2020\/12\/Arturf-LED-Sports-Lighting-01.jpg\" title=\"\">            <div class=\"box has-hover gallery-box box-overlay dark\">\n              <div class=\"box-image image-cover\" style=\"padding-top:100%;\">\n                <img loading=\"lazy\" decoding=\"async\" width=\"500\" height=\"500\" src=\"https:\/\/arturf.com\/wp-content\/uploads\/2020\/12\/Arturf-LED-Sports-Lighting-01-500x500.jpg\" class=\"attachment-medium size-medium\" alt=\"\" ids=\"19851,19850,19849,13496,13497,13495\" columns=\"3\" image_height=\"100%\" srcset=\"https:\/\/arturf.com\/wp-content\/uploads\/2020\/12\/Arturf-LED-Sports-Lighting-01-500x500.jpg 500w, https:\/\/arturf.com\/wp-content\/uploads\/2020\/12\/Arturf-LED-Sports-Lighting-01-768x768.jpg 768w, https:\/\/arturf.com\/wp-content\/uploads\/2020\/12\/Arturf-LED-Sports-Lighting-01-12x12.jpg 12w, https:\/\/arturf.com\/wp-content\/uploads\/2020\/12\/Arturf-LED-Sports-Lighting-01-510x510.jpg 510w, https:\/\/arturf.com\/wp-content\/uploads\/2020\/12\/Arturf-LED-Sports-Lighting-01-100x100.jpg 100w, https:\/\/arturf.com\/wp-content\/uploads\/2020\/12\/Arturf-LED-Sports-Lighting-01.jpg 1000w\" sizes=\"auto, (max-width: 500px) 100vw, 500px\" \/>                                  <div class=\"overlay fill\"\n                      style=\"background-color: rgba(0,0,0,.15)\">\n                  <\/div>\n                                                              <\/div>\n              <div class=\"box-text text-left\" >\n                 <p><\/p>\n              <\/div>\n            <\/div>\n            <\/a>          <\/div>\n         <\/div><div class=\"gallery-col col\" >\n          <div class=\"col-inner\">\n            <a class=\"image-lightbox lightbox-gallery\" href=\"https:\/\/arturf.com\/wp-content\/uploads\/2020\/12\/LED-SPORTS-LIGHTING-QC865.jpg\" title=\"\">            <div class=\"box has-hover gallery-box box-overlay dark\">\n              <div class=\"box-image image-cover\" style=\"padding-top:100%;\">\n                <img loading=\"lazy\" decoding=\"async\" width=\"300\" height=\"300\" src=\"https:\/\/arturf.com\/wp-content\/uploads\/2020\/12\/LED-SPORTS-LIGHTING-QC865-300x300.jpg\" class=\"attachment-medium size-medium\" alt=\"\" ids=\"19851,19850,19849,13496,13497,13495\" columns=\"3\" image_height=\"100%\" srcset=\"https:\/\/arturf.com\/wp-content\/uploads\/2020\/12\/LED-SPORTS-LIGHTING-QC865-300x300.jpg 300w, https:\/\/arturf.com\/wp-content\/uploads\/2020\/12\/LED-SPORTS-LIGHTING-QC865-768x768.jpg 768w, https:\/\/arturf.com\/wp-content\/uploads\/2020\/12\/LED-SPORTS-LIGHTING-QC865-12x12.jpg 12w, https:\/\/arturf.com\/wp-content\/uploads\/2020\/12\/LED-SPORTS-LIGHTING-QC865-510x510.jpg 510w, https:\/\/arturf.com\/wp-content\/uploads\/2020\/12\/LED-SPORTS-LIGHTING-QC865-100x100.jpg 100w, https:\/\/arturf.com\/wp-content\/uploads\/2020\/12\/LED-SPORTS-LIGHTING-QC865.jpg 800w\" sizes=\"auto, (max-width: 300px) 100vw, 300px\" \/>                                  <div class=\"overlay fill\"\n                      style=\"background-color: rgba(0,0,0,.15)\">\n                  <\/div>\n                                                              <\/div>\n              <div class=\"box-text text-left\" >\n                 <p><\/p>\n              <\/div>\n            <\/div>\n            <\/a>          <\/div>\n         <\/div><div class=\"gallery-col col\" >\n          <div class=\"col-inner\">\n            <a class=\"image-lightbox lightbox-gallery\" href=\"https:\/\/arturf.com\/wp-content\/uploads\/2020\/12\/LED-SPORTS-LIGHTING-QC866.jpg\" title=\"\">            <div class=\"box has-hover gallery-box box-overlay dark\">\n              <div class=\"box-image image-cover\" style=\"padding-top:100%;\">\n                <img loading=\"lazy\" decoding=\"async\" width=\"300\" height=\"300\" src=\"https:\/\/arturf.com\/wp-content\/uploads\/2020\/12\/LED-SPORTS-LIGHTING-QC866-300x300.jpg\" class=\"attachment-medium size-medium\" alt=\"\" ids=\"19851,19850,19849,13496,13497,13495\" columns=\"3\" image_height=\"100%\" srcset=\"https:\/\/arturf.com\/wp-content\/uploads\/2020\/12\/LED-SPORTS-LIGHTING-QC866-300x300.jpg 300w, https:\/\/arturf.com\/wp-content\/uploads\/2020\/12\/LED-SPORTS-LIGHTING-QC866-768x768.jpg 768w, https:\/\/arturf.com\/wp-content\/uploads\/2020\/12\/LED-SPORTS-LIGHTING-QC866-12x12.jpg 12w, https:\/\/arturf.com\/wp-content\/uploads\/2020\/12\/LED-SPORTS-LIGHTING-QC866-510x510.jpg 510w, https:\/\/arturf.com\/wp-content\/uploads\/2020\/12\/LED-SPORTS-LIGHTING-QC866-100x100.jpg 100w, https:\/\/arturf.com\/wp-content\/uploads\/2020\/12\/LED-SPORTS-LIGHTING-QC866.jpg 800w\" sizes=\"auto, (max-width: 300px) 100vw, 300px\" \/>                                  <div class=\"overlay fill\"\n                      style=\"background-color: rgba(0,0,0,.15)\">\n                  <\/div>\n                                                              <\/div>\n              <div class=\"box-text text-left\" >\n                 <p><\/p>\n              <\/div>\n            <\/div>\n            <\/a>          <\/div>\n         <\/div><div class=\"gallery-col col\" >\n          <div class=\"col-inner\">\n            <a class=\"image-lightbox lightbox-gallery\" href=\"https:\/\/arturf.com\/wp-content\/uploads\/2020\/12\/LED-SPORTS-LIGHTING-TLT337.png\" title=\"\">            <div class=\"box has-hover gallery-box box-overlay dark\">\n              <div class=\"box-image image-cover\" style=\"padding-top:100%;\">\n                <img loading=\"lazy\" decoding=\"async\" width=\"300\" height=\"300\" src=\"https:\/\/arturf.com\/wp-content\/uploads\/2020\/12\/LED-SPORTS-LIGHTING-TLT337-300x300.png\" class=\"attachment-medium size-medium\" alt=\"\" ids=\"19851,19850,19849,13496,13497,13495\" columns=\"3\" image_height=\"100%\" srcset=\"https:\/\/arturf.com\/wp-content\/uploads\/2020\/12\/LED-SPORTS-LIGHTING-TLT337-300x300.png 300w, https:\/\/arturf.com\/wp-content\/uploads\/2020\/12\/LED-SPORTS-LIGHTING-TLT337-768x768.png 768w, https:\/\/arturf.com\/wp-content\/uploads\/2020\/12\/LED-SPORTS-LIGHTING-TLT337-12x12.png 12w, https:\/\/arturf.com\/wp-content\/uploads\/2020\/12\/LED-SPORTS-LIGHTING-TLT337-510x510.png 510w, https:\/\/arturf.com\/wp-content\/uploads\/2020\/12\/LED-SPORTS-LIGHTING-TLT337-100x100.png 100w, https:\/\/arturf.com\/wp-content\/uploads\/2020\/12\/LED-SPORTS-LIGHTING-TLT337.png 800w\" sizes=\"auto, (max-width: 300px) 100vw, 300px\" \/>                                  <div class=\"overlay fill\"\n                      style=\"background-color: rgba(0,0,0,.15)\">\n                  <\/div>\n                                                              <\/div>\n              <div class=\"box-text text-left\" >\n                 <p><\/p>\n              <\/div>\n            <\/div>\n            <\/a>          <\/div>\n         <\/div><\/div>\n\t\t<\/div>\n\t\t\t\t\t<\/div>\n\n\t\n<\/div>\n<p class=\"lead\">Conclusion<\/p>\n<p>La s\u00e9lection du bon \u00e9clairage sportif LED est cruciale pour r\u00e9pondre aux normes r\u00e9glementaires et am\u00e9liorer l\u2019exp\u00e9rience des joueurs et des spectateurs. Que ce soit pour les terrains scolaires ou les ar\u00e8nes nationales, nos solutions LED s&#039;adaptent \u00e0 tous les niveaux de jeu avec pr\u00e9cision et fiabilit\u00e9.<\/p>\n<p>Pour plus de renseignements ou pour commencer \u00e0 planifier votre solution d&#039;\u00e9clairage, contactez-nous \u00e0 <a rel=\"noreferrer\">info@arturf.com<\/a>. Notre \u00e9quipe d\u2019ing\u00e9nierie et de vente d\u00e9di\u00e9e est pr\u00eate \u00e0 vous aider.<\/p>\n<p class=\"lead\">Informations suppl\u00e9mentaires\u00a0:\u00a0Exigences en Lux pour l&#039;\u00e9clairage des terrains de football<\/p>\n<p>Les besoins en lux pour l\u2019\u00e9clairage des terrains de football d\u00e9pendent du type d\u2019activit\u00e9 et du niveau de comp\u00e9tition. Voici quelques exemples:<\/p>\n<ul>\n<li>Matchs r\u00e9cr\u00e9atifs : 200 lux<\/li>\n<li>Football au lyc\u00e9e ou au coll\u00e8ge : 500 lux<\/li>\n<li>\u00c9clairage de diffusion standard : 200 fc<\/li>\n<li>\u00c9v\u00e9nements t\u00e9l\u00e9vis\u00e9s\u00a0: 1\u00a0500 \u00e0 2\u00a0000 lux<\/li>\n<li>Entra\u00eenement coupe du monde ou petites comp\u00e9titions : 750 lux<\/li>\n<li>Entra\u00eenement de match : 500 lux<\/li>\n<li>Formation standard : 300 lux<\/li>\n<\/ul>","protected":false},"excerpt":{"rendered":"<p>Am\u00e9liorez vos terrains de sport avec nos syst\u00e8mes d\u2019\u00e9clairage LED de pointe. En partenariat avec des fabricants de premier plan, nous proposons un \u00e9clairage personnalisable \u00e0 haute efficacit\u00e9 adapt\u00e9 \u00e0 vos besoins sp\u00e9cifiques. Profitez d&#039;une qualit\u00e9 sup\u00e9rieure, de prix comp\u00e9titifs et d&#039;un service sans tracas avec Arturf.<\/p>","protected":false},"featured_media":13491,"template":"","meta":{"_seopress_robots_primary_cat":"","_seopress_titles_title":"","_seopress_titles_desc":"","_seopress_robots_index":""},"product_brand":[],"product_cat":[66],"product_tag":[],"class_list":{"0":"post-13490","1":"product","2":"type-product","3":"status-publish","4":"has-post-thumbnail","6":"product_cat-accessories","8":"first","9":"instock","10":"shipping-taxable","11":"product-type-simple"},"_links":{"self":[{"href":"https:\/\/arturf.com\/fr\/wp-json\/wp\/v2\/product\/13490","targetHints":{"allow":["GET"]}}],"collection":[{"href":"https:\/\/arturf.com\/fr\/wp-json\/wp\/v2\/product"}],"about":[{"href":"https:\/\/arturf.com\/fr\/wp-json\/wp\/v2\/types\/product"}],"wp:featuredmedia":[{"embeddable":true,"href":"https:\/\/arturf.com\/fr\/wp-json\/wp\/v2\/media\/13491"}],"wp:attachment":[{"href":"https:\/\/arturf.com\/fr\/wp-json\/wp\/v2\/media?parent=13490"}],"wp:term":[{"taxonomy":"product_brand","embeddable":true,"href":"https:\/\/arturf.com\/fr\/wp-json\/wp\/v2\/product_brand?post=13490"},{"taxonomy":"product_cat","embeddable":true,"href":"https:\/\/arturf.com\/fr\/wp-json\/wp\/v2\/product_cat?post=13490"},{"taxonomy":"product_tag","embeddable":true,"href":"https:\/\/arturf.com\/fr\/wp-json\/wp\/v2\/product_tag?post=13490"}],"curies":[{"name":"wp","href":"https:\/\/api.w.org\/{rel}","templated":true}]}}