{"id":13671,"date":"2021-01-08T11:05:09","date_gmt":"2021-01-08T03:05:09","guid":{"rendered":"https:\/\/arturf.com\/?post_type=product&#038;p=13671"},"modified":"2022-07-03T14:57:10","modified_gmt":"2022-07-03T06:57:10","slug":"artificial-hedge-mats","status":"publish","type":"product","link":"https:\/\/arturf.com\/fr\/product\/artificial-hedge-mats\/","title":{"rendered":"Tapis de haie artificiels"},"content":{"rendered":"<h3>Caract\u00e9ristiques:<\/h3>\n<p><strong>Mat\u00e9riel:<\/strong> 100% nouveau PE frais<br \/><strong>Taille r\u00e9guli\u00e8re :<\/strong> 50 cm x 50 cm (20 &quot;* 20&quot;)<br \/><strong>Stable aux UV\/r\u00e9sistant au feu\u00a0:<\/strong> Oui ou facultatif<br \/><strong>Occasion:<\/strong> Ext\u00e9rieur; int\u00e9rieur<br \/><strong>Garantie:<\/strong> Ext\u00e9rieur 3 ans; indoor 5 ans<br \/><strong>MOQ:<\/strong> 100 m2<\/p>\n<p>Les tapis de haie artificielle peuvent \u00eatre utilis\u00e9s \u00e0 l&#039;int\u00e9rieur pour des \u00e9v\u00e9nements et des f\u00eates ou \u00e0 l&#039;ext\u00e9rieur pour un \u00e9cran permanent. Parfait pour la d\u00e9coration int\u00e9rieure commerciale.<\/p>\n<p>Une vari\u00e9t\u00e9 de produits avec des feuilles diff\u00e9rentes, qui peuvent correspondre \u00e0 presque tous vos besoins et go\u00fbts.<\/p>\n<p>G\u00e9n\u00e9ralement, nos tapis de haie de buis artificiels sont de taille standard de 50 cm x 50 cm et peuvent \u00eatre personnalis\u00e9s. Les tapis se connectent les uns aux autres en toute s\u00e9curit\u00e9 et peuvent fl\u00e9chir ou \u00eatre coup\u00e9s pour s&#039;adapter \u00e0 des formes ou des surfaces irr\u00e9guli\u00e8res. Chaque feuille est moul\u00e9e individuellement, garantissant que le produit final est presque impossible \u00e0 distinguer d&#039;une v\u00e9ritable haie.<\/p>\n<p>Peu importe la taille, la forme ou l&#039;\u00e9chelle de votre projet, nos tapis de haie artificiels sont le meilleur moyen d&#039;apporter le vert luxuriant d&#039;une haie luxueuse \u00e0 n&#039;importe quel espace.<\/p>\n<h3>Une grande vari\u00e9t\u00e9 de produits<\/h3>\n<p>Une grande vari\u00e9t\u00e9 de tapis de haies artificielles fabriqu\u00e9s avec diff\u00e9rents types de feuilles. Certains tapis sont r\u00e9pertori\u00e9s ci-dessous, veuillez nous contacter pour plus d&#039;options.<\/p>\n\n  \n    <div class=\"row large-columns-5 medium-columns-3 small-columns-2 slider row-slider slider-nav-reveal slider-nav-push\"  data-flickity-options='{&quot;imagesLoaded&quot;: true, &quot;groupCells&quot;: &quot;100%&quot;, &quot;dragThreshold&quot; : 5, &quot;cellAlign&quot;: &quot;left&quot;,&quot;wrapAround&quot;: true,&quot;prevNextButtons&quot;: true,&quot;percentPosition&quot;: true,&quot;pageDots&quot;: false, &quot;rightToLeft&quot;: false, &quot;autoPlay&quot; : false}' >\n\n  <div class=\"gallery-col col\" >\n          <div class=\"col-inner\">\n            <a class=\"image-lightbox lightbox-gallery\" href=\"https:\/\/arturf.com\/wp-content\/uploads\/2021\/01\/Artificial-Hedge-Milan-Green_\u526f\u672c.jpg\" title=\"\">            <div class=\"box has-hover gallery-box box-normal\">\n              <div class=\"box-image\" >\n                <img loading=\"lazy\" decoding=\"async\" width=\"300\" height=\"300\" src=\"https:\/\/arturf.com\/wp-content\/uploads\/2021\/01\/Artificial-Hedge-Milan-Green_\u526f\u672c-300x300.jpg\" class=\"attachment-medium size-medium\" alt=\"\" ids=\"13672,13681,13678,13677,14183,13679,14184,13680\" style=\"normal\" type=\"slider\" columns=\"5\" image_size=\"medium\" srcset=\"https:\/\/arturf.com\/wp-content\/uploads\/2021\/01\/Artificial-Hedge-Milan-Green_\u526f\u672c-300x300.jpg 300w, https:\/\/arturf.com\/wp-content\/uploads\/2021\/01\/Artificial-Hedge-Milan-Green_\u526f\u672c-768x768.jpg 768w, https:\/\/arturf.com\/wp-content\/uploads\/2021\/01\/Artificial-Hedge-Milan-Green_\u526f\u672c-12x12.jpg 12w, https:\/\/arturf.com\/wp-content\/uploads\/2021\/01\/Artificial-Hedge-Milan-Green_\u526f\u672c-510x510.jpg 510w, https:\/\/arturf.com\/wp-content\/uploads\/2021\/01\/Artificial-Hedge-Milan-Green_\u526f\u672c-100x100.jpg 100w, https:\/\/arturf.com\/wp-content\/uploads\/2021\/01\/Artificial-Hedge-Milan-Green_\u526f\u672c.jpg 800w\" sizes=\"auto, (max-width: 300px) 100vw, 300px\" \/>                                                              <\/div>\n              <div class=\"box-text text-left\" >\n                 <p><\/p>\n              <\/div>\n            <\/div>\n            <\/a>          <\/div>\n         <\/div><div class=\"gallery-col col\" >\n          <div class=\"col-inner\">\n            <a class=\"image-lightbox lightbox-gallery\" href=\"https:\/\/arturf.com\/wp-content\/uploads\/2021\/01\/M10.jpg\" title=\"\">            <div class=\"box has-hover gallery-box box-normal\">\n              <div class=\"box-image\" >\n                <img loading=\"lazy\" decoding=\"async\" width=\"300\" height=\"300\" src=\"https:\/\/arturf.com\/wp-content\/uploads\/2021\/01\/M10-300x300.jpg\" class=\"attachment-medium size-medium\" alt=\"\" ids=\"13672,13681,13678,13677,14183,13679,14184,13680\" style=\"normal\" type=\"slider\" columns=\"5\" image_size=\"medium\" srcset=\"https:\/\/arturf.com\/wp-content\/uploads\/2021\/01\/M10-300x300.jpg 300w, https:\/\/arturf.com\/wp-content\/uploads\/2021\/01\/M10-768x768.jpg 768w, https:\/\/arturf.com\/wp-content\/uploads\/2021\/01\/M10-12x12.jpg 12w, https:\/\/arturf.com\/wp-content\/uploads\/2021\/01\/M10-510x510.jpg 510w, https:\/\/arturf.com\/wp-content\/uploads\/2021\/01\/M10-100x100.jpg 100w, https:\/\/arturf.com\/wp-content\/uploads\/2021\/01\/M10.jpg 800w\" sizes=\"auto, (max-width: 300px) 100vw, 300px\" \/>                                                              <\/div>\n              <div class=\"box-text text-left\" >\n                 <p><\/p>\n              <\/div>\n            <\/div>\n            <\/a>          <\/div>\n         <\/div><div class=\"gallery-col col\" >\n          <div class=\"col-inner\">\n            <a class=\"image-lightbox lightbox-gallery\" href=\"https:\/\/arturf.com\/wp-content\/uploads\/2021\/01\/M3.jpg\" title=\"\">            <div class=\"box has-hover gallery-box box-normal\">\n              <div class=\"box-image\" >\n                <img loading=\"lazy\" decoding=\"async\" width=\"300\" height=\"300\" src=\"https:\/\/arturf.com\/wp-content\/uploads\/2021\/01\/M3-300x300.jpg\" class=\"attachment-medium size-medium\" alt=\"\" ids=\"13672,13681,13678,13677,14183,13679,14184,13680\" style=\"normal\" type=\"slider\" columns=\"5\" image_size=\"medium\" srcset=\"https:\/\/arturf.com\/wp-content\/uploads\/2021\/01\/M3-300x300.jpg 300w, https:\/\/arturf.com\/wp-content\/uploads\/2021\/01\/M3-768x768.jpg 768w, https:\/\/arturf.com\/wp-content\/uploads\/2021\/01\/M3-12x12.jpg 12w, https:\/\/arturf.com\/wp-content\/uploads\/2021\/01\/M3-510x510.jpg 510w, https:\/\/arturf.com\/wp-content\/uploads\/2021\/01\/M3-100x100.jpg 100w, https:\/\/arturf.com\/wp-content\/uploads\/2021\/01\/M3.jpg 800w\" sizes=\"auto, (max-width: 300px) 100vw, 300px\" \/>                                                              <\/div>\n              <div class=\"box-text text-left\" >\n                 <p><\/p>\n              <\/div>\n            <\/div>\n            <\/a>          <\/div>\n         <\/div><div class=\"gallery-col col\" >\n          <div class=\"col-inner\">\n            <a class=\"image-lightbox lightbox-gallery\" href=\"https:\/\/arturf.com\/wp-content\/uploads\/2021\/01\/M2.jpg\" title=\"\">            <div class=\"box has-hover gallery-box box-normal\">\n              <div class=\"box-image\" >\n                <img loading=\"lazy\" decoding=\"async\" width=\"300\" height=\"300\" src=\"https:\/\/arturf.com\/wp-content\/uploads\/2021\/01\/M2-300x300.jpg\" class=\"attachment-medium size-medium\" alt=\"\" ids=\"13672,13681,13678,13677,14183,13679,14184,13680\" style=\"normal\" type=\"slider\" columns=\"5\" image_size=\"medium\" srcset=\"https:\/\/arturf.com\/wp-content\/uploads\/2021\/01\/M2-300x300.jpg 300w, https:\/\/arturf.com\/wp-content\/uploads\/2021\/01\/M2-768x768.jpg 768w, https:\/\/arturf.com\/wp-content\/uploads\/2021\/01\/M2-12x12.jpg 12w, https:\/\/arturf.com\/wp-content\/uploads\/2021\/01\/M2-510x510.jpg 510w, https:\/\/arturf.com\/wp-content\/uploads\/2021\/01\/M2-100x100.jpg 100w, https:\/\/arturf.com\/wp-content\/uploads\/2021\/01\/M2.jpg 800w\" sizes=\"auto, (max-width: 300px) 100vw, 300px\" \/>                                                              <\/div>\n              <div class=\"box-text text-left\" >\n                 <p><\/p>\n              <\/div>\n            <\/div>\n            <\/a>          <\/div>\n         <\/div><div class=\"gallery-col col\" >\n          <div class=\"col-inner\">\n            <a class=\"image-lightbox lightbox-gallery\" href=\"https:\/\/arturf.com\/wp-content\/uploads\/2021\/04\/Lucky-Grass-Artificial-Hedge-Mats-Green.jpg\" title=\"\">            <div class=\"box has-hover gallery-box box-normal\">\n              <div class=\"box-image\" >\n                <img loading=\"lazy\" decoding=\"async\" width=\"300\" height=\"300\" src=\"https:\/\/arturf.com\/wp-content\/uploads\/2021\/04\/Lucky-Grass-Artificial-Hedge-Mats-Green-300x300.jpg\" class=\"attachment-medium size-medium\" alt=\"\" ids=\"13672,13681,13678,13677,14183,13679,14184,13680\" style=\"normal\" type=\"slider\" columns=\"5\" image_size=\"medium\" srcset=\"https:\/\/arturf.com\/wp-content\/uploads\/2021\/04\/Lucky-Grass-Artificial-Hedge-Mats-Green-300x300.jpg 300w, https:\/\/arturf.com\/wp-content\/uploads\/2021\/04\/Lucky-Grass-Artificial-Hedge-Mats-Green-768x768.jpg 768w, https:\/\/arturf.com\/wp-content\/uploads\/2021\/04\/Lucky-Grass-Artificial-Hedge-Mats-Green-12x12.jpg 12w, https:\/\/arturf.com\/wp-content\/uploads\/2021\/04\/Lucky-Grass-Artificial-Hedge-Mats-Green-510x510.jpg 510w, https:\/\/arturf.com\/wp-content\/uploads\/2021\/04\/Lucky-Grass-Artificial-Hedge-Mats-Green-100x100.jpg 100w, https:\/\/arturf.com\/wp-content\/uploads\/2021\/04\/Lucky-Grass-Artificial-Hedge-Mats-Green.jpg 800w\" sizes=\"auto, (max-width: 300px) 100vw, 300px\" \/>                                                              <\/div>\n              <div class=\"box-text text-left\" >\n                 <p><\/p>\n              <\/div>\n            <\/div>\n            <\/a>          <\/div>\n         <\/div><div class=\"gallery-col col\" >\n          <div class=\"col-inner\">\n            <a class=\"image-lightbox lightbox-gallery\" href=\"https:\/\/arturf.com\/wp-content\/uploads\/2021\/01\/M3-6.jpg\" title=\"\">            <div class=\"box has-hover gallery-box box-normal\">\n              <div class=\"box-image\" >\n                <img loading=\"lazy\" decoding=\"async\" width=\"300\" height=\"300\" src=\"https:\/\/arturf.com\/wp-content\/uploads\/2021\/01\/M3-6-300x300.jpg\" class=\"attachment-medium size-medium\" alt=\"\" ids=\"13672,13681,13678,13677,14183,13679,14184,13680\" style=\"normal\" type=\"slider\" columns=\"5\" image_size=\"medium\" srcset=\"https:\/\/arturf.com\/wp-content\/uploads\/2021\/01\/M3-6-300x300.jpg 300w, https:\/\/arturf.com\/wp-content\/uploads\/2021\/01\/M3-6-768x768.jpg 768w, https:\/\/arturf.com\/wp-content\/uploads\/2021\/01\/M3-6-12x12.jpg 12w, https:\/\/arturf.com\/wp-content\/uploads\/2021\/01\/M3-6-510x510.jpg 510w, https:\/\/arturf.com\/wp-content\/uploads\/2021\/01\/M3-6-100x100.jpg 100w, https:\/\/arturf.com\/wp-content\/uploads\/2021\/01\/M3-6.jpg 800w\" sizes=\"auto, (max-width: 300px) 100vw, 300px\" \/>                                                              <\/div>\n              <div class=\"box-text text-left\" >\n                 <p><\/p>\n              <\/div>\n            <\/div>\n            <\/a>          <\/div>\n         <\/div><div class=\"gallery-col col\" >\n          <div class=\"col-inner\">\n            <a class=\"image-lightbox lightbox-gallery\" href=\"https:\/\/arturf.com\/wp-content\/uploads\/2021\/04\/Lucky-Grass-Artificial-Hedge-Mats.jpg\" title=\"\">            <div class=\"box has-hover gallery-box box-normal\">\n              <div class=\"box-image\" >\n                <img loading=\"lazy\" decoding=\"async\" width=\"300\" height=\"300\" src=\"https:\/\/arturf.com\/wp-content\/uploads\/2021\/04\/Lucky-Grass-Artificial-Hedge-Mats-300x300.jpg\" class=\"attachment-medium size-medium\" alt=\"\" ids=\"13672,13681,13678,13677,14183,13679,14184,13680\" style=\"normal\" type=\"slider\" columns=\"5\" image_size=\"medium\" srcset=\"https:\/\/arturf.com\/wp-content\/uploads\/2021\/04\/Lucky-Grass-Artificial-Hedge-Mats-300x300.jpg 300w, https:\/\/arturf.com\/wp-content\/uploads\/2021\/04\/Lucky-Grass-Artificial-Hedge-Mats-768x768.jpg 768w, https:\/\/arturf.com\/wp-content\/uploads\/2021\/04\/Lucky-Grass-Artificial-Hedge-Mats-12x12.jpg 12w, https:\/\/arturf.com\/wp-content\/uploads\/2021\/04\/Lucky-Grass-Artificial-Hedge-Mats-510x510.jpg 510w, https:\/\/arturf.com\/wp-content\/uploads\/2021\/04\/Lucky-Grass-Artificial-Hedge-Mats-100x100.jpg 100w, https:\/\/arturf.com\/wp-content\/uploads\/2021\/04\/Lucky-Grass-Artificial-Hedge-Mats.jpg 800w\" sizes=\"auto, (max-width: 300px) 100vw, 300px\" \/>                                                              <\/div>\n              <div class=\"box-text text-left\" >\n                 <p><\/p>\n              <\/div>\n            <\/div>\n            <\/a>          <\/div>\n         <\/div><div class=\"gallery-col col\" >\n          <div class=\"col-inner\">\n            <a class=\"image-lightbox lightbox-gallery\" href=\"https:\/\/arturf.com\/wp-content\/uploads\/2021\/01\/M9.jpg\" title=\"\">            <div class=\"box has-hover gallery-box box-normal\">\n              <div class=\"box-image\" >\n                <img loading=\"lazy\" decoding=\"async\" width=\"300\" height=\"300\" src=\"https:\/\/arturf.com\/wp-content\/uploads\/2021\/01\/M9-300x300.jpg\" class=\"attachment-medium size-medium\" alt=\"\" ids=\"13672,13681,13678,13677,14183,13679,14184,13680\" style=\"normal\" type=\"slider\" columns=\"5\" image_size=\"medium\" srcset=\"https:\/\/arturf.com\/wp-content\/uploads\/2021\/01\/M9-300x300.jpg 300w, https:\/\/arturf.com\/wp-content\/uploads\/2021\/01\/M9-768x768.jpg 768w, https:\/\/arturf.com\/wp-content\/uploads\/2021\/01\/M9-12x12.jpg 12w, https:\/\/arturf.com\/wp-content\/uploads\/2021\/01\/M9-510x510.jpg 510w, https:\/\/arturf.com\/wp-content\/uploads\/2021\/01\/M9-100x100.jpg 100w, https:\/\/arturf.com\/wp-content\/uploads\/2021\/01\/M9.jpg 800w\" sizes=\"auto, (max-width: 300px) 100vw, 300px\" \/>                                                              <\/div>\n              <div class=\"box-text text-left\" >\n                 <p><\/p>\n              <\/div>\n            <\/div>\n            <\/a>          <\/div>\n         <\/div><\/div>","protected":false},"excerpt":{"rendered":"<p>Le tapis de haie artificielle est une alternative r\u00e9aliste \u00e0 la haie vivante qui prend du temps \u00e0 s&#039;\u00e9tablir et n\u00e9cessite un entretien continu. Id\u00e9al pour les murs et les cl\u00f4tures existants ou pour assurer l&#039;intimit\u00e9 autour des piscines et des terrasses.<\/p>","protected":false},"featured_media":13672,"template":"","meta":{"_seopress_robots_primary_cat":"","_seopress_titles_title":"","_seopress_titles_desc":"","_seopress_robots_index":""},"product_brand":[],"product_cat":[782],"product_tag":[],"class_list":{"0":"post-13671","1":"product","2":"type-product","3":"status-publish","4":"has-post-thumbnail","6":"product_cat-artificial-hedge","8":"first","9":"instock","10":"shipping-taxable","11":"product-type-simple"},"_links":{"self":[{"href":"https:\/\/arturf.com\/fr\/wp-json\/wp\/v2\/product\/13671","targetHints":{"allow":["GET"]}}],"collection":[{"href":"https:\/\/arturf.com\/fr\/wp-json\/wp\/v2\/product"}],"about":[{"href":"https:\/\/arturf.com\/fr\/wp-json\/wp\/v2\/types\/product"}],"wp:featuredmedia":[{"embeddable":true,"href":"https:\/\/arturf.com\/fr\/wp-json\/wp\/v2\/media\/13672"}],"wp:attachment":[{"href":"https:\/\/arturf.com\/fr\/wp-json\/wp\/v2\/media?parent=13671"}],"wp:term":[{"taxonomy":"product_brand","embeddable":true,"href":"https:\/\/arturf.com\/fr\/wp-json\/wp\/v2\/product_brand?post=13671"},{"taxonomy":"product_cat","embeddable":true,"href":"https:\/\/arturf.com\/fr\/wp-json\/wp\/v2\/product_cat?post=13671"},{"taxonomy":"product_tag","embeddable":true,"href":"https:\/\/arturf.com\/fr\/wp-json\/wp\/v2\/product_tag?post=13671"}],"curies":[{"name":"wp","href":"https:\/\/api.w.org\/{rel}","templated":true}]}}