{"id":13683,"date":"2021-01-08T16:46:13","date_gmt":"2021-01-08T08:46:13","guid":{"rendered":"https:\/\/arturf.com\/?post_type=product&#038;p=13683"},"modified":"2022-07-03T14:51:00","modified_gmt":"2022-07-03T06:51:00","slug":"vertical-garden-panels","status":"publish","type":"product","link":"https:\/\/arturf.com\/fr\/product\/vertical-garden-panels\/","title":{"rendered":"Panneaux de jardin verticaux"},"content":{"rendered":"<h3>Caract\u00e9ristiques:<\/h3>\n<p>Mat\u00e9riel: 100% nouveau PE frais<br \/>Taille r\u00e9guli\u00e8re : 100 cm x 100 cm (40\u2033 * 40\u2033)<br \/>Stable aux UV\/r\u00e9sistant au feu\u00a0: oui ou en option<br \/>Occasion : ext\u00e9rieur ; int\u00e9rieur<br \/>Garantie : ext\u00e9rieur 3 ans ; int\u00e9rieur 5 ans<br \/>MOQ : 100 m\u00b2<\/p>\n<p>Nos panneaux de jardin verticaux de haie artificielle sont fabriqu\u00e9s avec diff\u00e9rentes tailles, profondeurs et styles de plantes. Le feuillage et les fleurs se d\u00e9tachent et s&#039;\u00e9loignent du panneau et donnent au mur v\u00e9g\u00e9tal plus de profondeur et de r\u00e9alisme.<\/p>\n<p>Id\u00e9al pour les murs verts artificiels dans les bureaux, maisons, magasins, h\u00f4tels, bars, caf\u00e9s et restaurants. Id\u00e9al pour les stands d&#039;exposition, les \u00e9v\u00e9nements d&#039;entreprise, les mariages et autres \u00e9v\u00e9nements priv\u00e9s, ainsi que les superbes arri\u00e8re-plans pour les logos, les enseignes au n\u00e9on et les lettres.<\/p>\n<h3>Une grande vari\u00e9t\u00e9 de produits<\/h3>\n<p>Une grande vari\u00e9t\u00e9 de panneaux de jardin verticaux vivants fabriqu\u00e9s avec diff\u00e9rents feuillages et fleurs. Certains des produits sont list\u00e9s ci-dessous, veuillez nous contacter pour plus d&#039;options.<\/p>\n\n  \n    <div class=\"row large-columns-5 medium-columns-3 small-columns-2 slider row-slider slider-nav-reveal slider-nav-push\"  data-flickity-options='{&quot;imagesLoaded&quot;: true, &quot;groupCells&quot;: &quot;100%&quot;, &quot;dragThreshold&quot; : 5, &quot;cellAlign&quot;: &quot;left&quot;,&quot;wrapAround&quot;: true,&quot;prevNextButtons&quot;: true,&quot;percentPosition&quot;: true,&quot;pageDots&quot;: false, &quot;rightToLeft&quot;: false, &quot;autoPlay&quot; : false}' >\n\n  <div class=\"gallery-col col\" >\n          <div class=\"col-inner\">\n            <a class=\"image-lightbox lightbox-gallery\" href=\"https:\/\/arturf.com\/wp-content\/uploads\/2021\/01\/H9.jpg\" title=\"\">            <div class=\"box has-hover gallery-box box-normal\">\n              <div class=\"box-image\" >\n                <img loading=\"lazy\" decoding=\"async\" width=\"300\" height=\"300\" src=\"https:\/\/arturf.com\/wp-content\/uploads\/2021\/01\/H9-300x300.jpg\" class=\"attachment-medium size-medium\" alt=\"\" ids=\"13690,13689,13688,13687,13691,13686\" style=\"normal\" type=\"slider\" columns=\"5\" srcset=\"https:\/\/arturf.com\/wp-content\/uploads\/2021\/01\/H9-300x300.jpg 300w, https:\/\/arturf.com\/wp-content\/uploads\/2021\/01\/H9-768x768.jpg 768w, https:\/\/arturf.com\/wp-content\/uploads\/2021\/01\/H9-12x12.jpg 12w, https:\/\/arturf.com\/wp-content\/uploads\/2021\/01\/H9-510x510.jpg 510w, https:\/\/arturf.com\/wp-content\/uploads\/2021\/01\/H9-100x100.jpg 100w, https:\/\/arturf.com\/wp-content\/uploads\/2021\/01\/H9.jpg 800w\" sizes=\"auto, (max-width: 300px) 100vw, 300px\" \/>                                                              <\/div>\n              <div class=\"box-text text-left\" >\n                 <p><\/p>\n              <\/div>\n            <\/div>\n            <\/a>          <\/div>\n         <\/div><div class=\"gallery-col col\" >\n          <div class=\"col-inner\">\n            <a class=\"image-lightbox lightbox-gallery\" href=\"https:\/\/arturf.com\/wp-content\/uploads\/2021\/01\/H8.jpg\" title=\"\">            <div class=\"box has-hover gallery-box box-normal\">\n              <div class=\"box-image\" >\n                <img loading=\"lazy\" decoding=\"async\" width=\"300\" height=\"300\" src=\"https:\/\/arturf.com\/wp-content\/uploads\/2021\/01\/H8-300x300.jpg\" class=\"attachment-medium size-medium\" alt=\"\" ids=\"13690,13689,13688,13687,13691,13686\" style=\"normal\" type=\"slider\" columns=\"5\" srcset=\"https:\/\/arturf.com\/wp-content\/uploads\/2021\/01\/H8-300x300.jpg 300w, https:\/\/arturf.com\/wp-content\/uploads\/2021\/01\/H8-768x768.jpg 768w, https:\/\/arturf.com\/wp-content\/uploads\/2021\/01\/H8-12x12.jpg 12w, https:\/\/arturf.com\/wp-content\/uploads\/2021\/01\/H8-510x510.jpg 510w, https:\/\/arturf.com\/wp-content\/uploads\/2021\/01\/H8-100x100.jpg 100w, https:\/\/arturf.com\/wp-content\/uploads\/2021\/01\/H8.jpg 800w\" sizes=\"auto, (max-width: 300px) 100vw, 300px\" \/>                                                              <\/div>\n              <div class=\"box-text text-left\" >\n                 <p><\/p>\n              <\/div>\n            <\/div>\n            <\/a>          <\/div>\n         <\/div><div class=\"gallery-col col\" >\n          <div class=\"col-inner\">\n            <a class=\"image-lightbox lightbox-gallery\" href=\"https:\/\/arturf.com\/wp-content\/uploads\/2021\/01\/H6.jpg\" title=\"\">            <div class=\"box has-hover gallery-box box-normal\">\n              <div class=\"box-image\" >\n                <img loading=\"lazy\" decoding=\"async\" width=\"300\" height=\"300\" src=\"https:\/\/arturf.com\/wp-content\/uploads\/2021\/01\/H6-300x300.jpg\" class=\"attachment-medium size-medium\" alt=\"\" ids=\"13690,13689,13688,13687,13691,13686\" style=\"normal\" type=\"slider\" columns=\"5\" srcset=\"https:\/\/arturf.com\/wp-content\/uploads\/2021\/01\/H6-300x300.jpg 300w, https:\/\/arturf.com\/wp-content\/uploads\/2021\/01\/H6-768x768.jpg 768w, https:\/\/arturf.com\/wp-content\/uploads\/2021\/01\/H6-12x12.jpg 12w, https:\/\/arturf.com\/wp-content\/uploads\/2021\/01\/H6-510x510.jpg 510w, https:\/\/arturf.com\/wp-content\/uploads\/2021\/01\/H6-100x100.jpg 100w, https:\/\/arturf.com\/wp-content\/uploads\/2021\/01\/H6.jpg 800w\" sizes=\"auto, (max-width: 300px) 100vw, 300px\" \/>                                                              <\/div>\n              <div class=\"box-text text-left\" >\n                 <p><\/p>\n              <\/div>\n            <\/div>\n            <\/a>          <\/div>\n         <\/div><div class=\"gallery-col col\" >\n          <div class=\"col-inner\">\n            <a class=\"image-lightbox lightbox-gallery\" href=\"https:\/\/arturf.com\/wp-content\/uploads\/2021\/01\/H5.jpg\" title=\"\">            <div class=\"box has-hover gallery-box box-normal\">\n              <div class=\"box-image\" >\n                <img loading=\"lazy\" decoding=\"async\" width=\"300\" height=\"300\" src=\"https:\/\/arturf.com\/wp-content\/uploads\/2021\/01\/H5-300x300.jpg\" class=\"attachment-medium size-medium\" alt=\"\" ids=\"13690,13689,13688,13687,13691,13686\" style=\"normal\" type=\"slider\" columns=\"5\" srcset=\"https:\/\/arturf.com\/wp-content\/uploads\/2021\/01\/H5-300x300.jpg 300w, https:\/\/arturf.com\/wp-content\/uploads\/2021\/01\/H5-768x768.jpg 768w, https:\/\/arturf.com\/wp-content\/uploads\/2021\/01\/H5-12x12.jpg 12w, https:\/\/arturf.com\/wp-content\/uploads\/2021\/01\/H5-510x510.jpg 510w, https:\/\/arturf.com\/wp-content\/uploads\/2021\/01\/H5-100x100.jpg 100w, https:\/\/arturf.com\/wp-content\/uploads\/2021\/01\/H5.jpg 800w\" sizes=\"auto, (max-width: 300px) 100vw, 300px\" \/>                                                              <\/div>\n              <div class=\"box-text text-left\" >\n                 <p><\/p>\n              <\/div>\n            <\/div>\n            <\/a>          <\/div>\n         <\/div><div class=\"gallery-col col\" >\n          <div class=\"col-inner\">\n            <a class=\"image-lightbox lightbox-gallery\" href=\"https:\/\/arturf.com\/wp-content\/uploads\/2021\/01\/H10.jpg\" title=\"\">            <div class=\"box has-hover gallery-box box-normal\">\n              <div class=\"box-image\" >\n                <img loading=\"lazy\" decoding=\"async\" width=\"300\" height=\"300\" src=\"https:\/\/arturf.com\/wp-content\/uploads\/2021\/01\/H10-300x300.jpg\" class=\"attachment-medium size-medium\" alt=\"\" ids=\"13690,13689,13688,13687,13691,13686\" style=\"normal\" type=\"slider\" columns=\"5\" srcset=\"https:\/\/arturf.com\/wp-content\/uploads\/2021\/01\/H10-300x300.jpg 300w, https:\/\/arturf.com\/wp-content\/uploads\/2021\/01\/H10-768x768.jpg 768w, https:\/\/arturf.com\/wp-content\/uploads\/2021\/01\/H10-12x12.jpg 12w, https:\/\/arturf.com\/wp-content\/uploads\/2021\/01\/H10-510x510.jpg 510w, https:\/\/arturf.com\/wp-content\/uploads\/2021\/01\/H10-100x100.jpg 100w, https:\/\/arturf.com\/wp-content\/uploads\/2021\/01\/H10.jpg 800w\" sizes=\"auto, (max-width: 300px) 100vw, 300px\" \/>                                                              <\/div>\n              <div class=\"box-text text-left\" >\n                 <p><\/p>\n              <\/div>\n            <\/div>\n            <\/a>          <\/div>\n         <\/div><div class=\"gallery-col col\" >\n          <div class=\"col-inner\">\n            <a class=\"image-lightbox lightbox-gallery\" href=\"https:\/\/arturf.com\/wp-content\/uploads\/2021\/01\/H2.jpg\" title=\"\">            <div class=\"box has-hover gallery-box box-normal\">\n              <div class=\"box-image\" >\n                <img loading=\"lazy\" decoding=\"async\" width=\"300\" height=\"300\" src=\"https:\/\/arturf.com\/wp-content\/uploads\/2021\/01\/H2-300x300.jpg\" class=\"attachment-medium size-medium\" alt=\"\" ids=\"13690,13689,13688,13687,13691,13686\" style=\"normal\" type=\"slider\" columns=\"5\" srcset=\"https:\/\/arturf.com\/wp-content\/uploads\/2021\/01\/H2-300x300.jpg 300w, https:\/\/arturf.com\/wp-content\/uploads\/2021\/01\/H2-768x768.jpg 768w, https:\/\/arturf.com\/wp-content\/uploads\/2021\/01\/H2-12x12.jpg 12w, https:\/\/arturf.com\/wp-content\/uploads\/2021\/01\/H2-510x510.jpg 510w, https:\/\/arturf.com\/wp-content\/uploads\/2021\/01\/H2-100x100.jpg 100w, https:\/\/arturf.com\/wp-content\/uploads\/2021\/01\/H2.jpg 800w\" sizes=\"auto, (max-width: 300px) 100vw, 300px\" \/>                                                              <\/div>\n              <div class=\"box-text text-left\" >\n                 <p><\/p>\n              <\/div>\n            <\/div>\n            <\/a>          <\/div>\n         <\/div><\/div>","protected":false},"excerpt":{"rendered":"<p>Nous proposons une large s\u00e9lection de panneaux de jardin verticaux de haies artificielles qui peuvent apporter la beaut\u00e9 naturelle des grands espaces dans les zones r\u00e9sidentielles ou professionnelles. Chaque morceau de feuillage est tr\u00e8s d\u00e9taill\u00e9 avec des couleurs et des textures r\u00e9alistes, tandis que les diff\u00e9rentes tailles et styles des plantes artificielles ajoutent une v\u00e9ritable sensation de profondeur et de r\u00e9alisme au mur v\u00e9g\u00e9tal.<\/p>","protected":false},"featured_media":13673,"template":"","meta":{"_seopress_robots_primary_cat":"","_seopress_titles_title":"","_seopress_titles_desc":"","_seopress_robots_index":""},"product_brand":[],"product_cat":[782],"product_tag":[],"class_list":{"0":"post-13683","1":"product","2":"type-product","3":"status-publish","4":"has-post-thumbnail","6":"product_cat-artificial-hedge","8":"first","9":"instock","10":"shipping-taxable","11":"product-type-simple"},"_links":{"self":[{"href":"https:\/\/arturf.com\/fr\/wp-json\/wp\/v2\/product\/13683","targetHints":{"allow":["GET"]}}],"collection":[{"href":"https:\/\/arturf.com\/fr\/wp-json\/wp\/v2\/product"}],"about":[{"href":"https:\/\/arturf.com\/fr\/wp-json\/wp\/v2\/types\/product"}],"wp:featuredmedia":[{"embeddable":true,"href":"https:\/\/arturf.com\/fr\/wp-json\/wp\/v2\/media\/13673"}],"wp:attachment":[{"href":"https:\/\/arturf.com\/fr\/wp-json\/wp\/v2\/media?parent=13683"}],"wp:term":[{"taxonomy":"product_brand","embeddable":true,"href":"https:\/\/arturf.com\/fr\/wp-json\/wp\/v2\/product_brand?post=13683"},{"taxonomy":"product_cat","embeddable":true,"href":"https:\/\/arturf.com\/fr\/wp-json\/wp\/v2\/product_cat?post=13683"},{"taxonomy":"product_tag","embeddable":true,"href":"https:\/\/arturf.com\/fr\/wp-json\/wp\/v2\/product_tag?post=13683"}],"curies":[{"name":"wp","href":"https:\/\/api.w.org\/{rel}","templated":true}]}}