{"id":15483,"date":"2008-08-16T09:20:35","date_gmt":"2008-08-16T01:20:35","guid":{"rendered":"https:\/\/arturf.com\/?post_type=product&#038;p=15483"},"modified":"2022-07-08T12:43:31","modified_gmt":"2022-07-08T04:43:31","slug":"artificial-grass-logos-and-insignia-bespoke-logo-mats","status":"publish","type":"product","link":"https:\/\/arturf.com\/fr\/product\/artificial-grass-logos-and-insignia-bespoke-logo-mats\/","title":{"rendered":"Tapis \u00e0 logo sur mesure"},"content":{"rendered":"<p>Vous voulez que votre logo soit int\u00e9gr\u00e9 \u00e0 votre surface de gazon artificiel ? Du logo de votre entreprise \u00e0 <a href=\"https:\/\/arturf.com\/fr\/landscape-grass\/hopscotch-a-great-addition-to-your-artificial-grass-playground\/\">marelle<\/a>, aux lettres, les possibilit\u00e9s sont infinies\u2026<\/p>\n<p>Pourquoi utiliser un <a href=\"https:\/\/arturf.com\/fr\/info\/artificial-grass-logo\/\">gazon artificiel Logo<\/a> ou insigne ? Les avantages incluent :<\/p>\n<ul>\n<li>Le logo en gazon synth\u00e9tique se d\u00e9marquera comme un lieu d&#039;affaires professionnel et l\u00e9gitime.<\/li>\n<li>Le logo en gazon artificiel am\u00e9liorera la notori\u00e9t\u00e9 de la marque de votre organisation.<\/li>\n<li>Augmentez la reconnaissance du nom avec des logos en gazon synth\u00e9tique.<\/li>\n<li>Personnalisez votre organisation de mani\u00e8re unique.<\/li>\n<\/ul>\n<p>Contrairement aux logos incrust\u00e9s manuellement, nos produits sont fabriqu\u00e9s \u00e0 partir de fils de gazon artificiel color\u00e9s avec des couleurs int\u00e9gr\u00e9es, tuft\u00e9s avec une machine sp\u00e9ciale. Ainsi, il est plus durable et le motif ne se d\u00e9chirera pas du gazon artificiel qui l&#039;entoure. Contrairement aux couleurs imprim\u00e9es, les couleurs sont permanentes. Nous pouvons reproduire de mani\u00e8re fiable des motifs et des formes complexes et complexes selon vos besoins.<\/p>\n<h4>Le motif des logos\/insignes<\/h4>\n<p>Nous avons des motifs populaires tels que \u00ab\u00a0sourire\u00a0\u00bb et \u00ab\u00a0marelle\u00a0\u00bb pour les aires de jeux, et nous fournissons \u00e9galement des logos sur mesure et des tapis Insignia. Dans ce cas, une image haute r\u00e9solution est n\u00e9cessaire. Nous allons d&#039;abord v\u00e9rifier cette image et discuter de plus de d\u00e9tails.<\/p>\n<h4>Options de couleur\u00a0:<\/h4>\n<p><img alt=\"\" loading=\"lazy\" decoding=\"async\" class=\"alignnone wp-image-17008 size-full\" src=\"https:\/\/arturf.com\/wp-content\/uploads\/2022\/06\/Artificial-Grass-Logo-Color-Options.jpg\" width=\"1000\" height=\"117\" srcset=\"https:\/\/arturf.com\/wp-content\/uploads\/2022\/06\/Artificial-Grass-Logo-Color-Options.jpg 1000w, https:\/\/arturf.com\/wp-content\/uploads\/2022\/06\/Artificial-Grass-Logo-Color-Options-300x35.jpg 300w, https:\/\/arturf.com\/wp-content\/uploads\/2022\/06\/Artificial-Grass-Logo-Color-Options-768x90.jpg 768w, https:\/\/arturf.com\/wp-content\/uploads\/2022\/06\/Artificial-Grass-Logo-Color-Options-18x2.jpg 18w, https:\/\/arturf.com\/wp-content\/uploads\/2022\/06\/Artificial-Grass-Logo-Color-Options-510x60.jpg 510w\" sizes=\"auto, (max-width: 1000px) 100vw, 1000px\" \/><\/p>\n<h4>Taille des tapis<\/h4>\n<p>De mani\u00e8re g\u00e9n\u00e9rale, la largeur maximale d&#039;un m\u00eame tapis est de 2 m\u00e8tres. La longueur peut \u00eatre faite comme demande. Si vous avez besoin d&#039;un tapis plus large, nous pouvons fabriquer deux tapis ou plus. Vous joignez ces pi\u00e8ces ensemble sur place.<\/p>\n<h4>La hauteur de pile des tapis<\/h4>\n<p>Nous fournissons des logos et des tapis Insignia d&#039;une hauteur de poils de 10 mm \u00e0 35 mm.<\/p>\n<h4>Quelques exemples:<\/h4>\n\n  \n    <div id=\"gallery-473122529\" class=\"row large-columns-6 medium-columns-3 small-columns-2 row-masonry\" data-packery-options='{\"itemSelector\": \".col\", \"gutter\": 0, \"presentageWidth\" : true}'>\n\n  <div class=\"gallery-col col\" >\n          <div class=\"col-inner\">\n            <a class=\"image-lightbox lightbox-gallery\" href=\"https:\/\/arturf.com\/wp-content\/uploads\/2022\/05\/Artificial-Grass-Logo-Sunflower-Smile.jpg\" title=\"\">            <div class=\"box has-hover gallery-box box-default\">\n              <div class=\"box-image image-cover\" style=\"padding-top:75%;\">\n                <img loading=\"lazy\" decoding=\"async\" width=\"225\" height=\"300\" src=\"https:\/\/arturf.com\/wp-content\/uploads\/2022\/05\/Artificial-Grass-Logo-Sunflower-Smile-225x300.jpg\" class=\"attachment-medium size-medium\" alt=\"\" ids=\"16973,16969,16968,16970,16972,15501,16971,15499,15500,15502,15503,15498\" style=\"default\" type=\"masonry\" columns=\"6\" image_height=\"75%\" srcset=\"https:\/\/arturf.com\/wp-content\/uploads\/2022\/05\/Artificial-Grass-Logo-Sunflower-Smile-225x300.jpg 225w, https:\/\/arturf.com\/wp-content\/uploads\/2022\/05\/Artificial-Grass-Logo-Sunflower-Smile-9x12.jpg 9w, https:\/\/arturf.com\/wp-content\/uploads\/2022\/05\/Artificial-Grass-Logo-Sunflower-Smile-510x680.jpg 510w, https:\/\/arturf.com\/wp-content\/uploads\/2022\/05\/Artificial-Grass-Logo-Sunflower-Smile.jpg 750w\" sizes=\"auto, (max-width: 225px) 100vw, 225px\" \/>                                                              <\/div>\n              <div class=\"box-text text-left\" >\n                 <p><\/p>\n              <\/div>\n            <\/div>\n            <\/a>          <\/div>\n         <\/div><div class=\"gallery-col col\" >\n          <div class=\"col-inner\">\n            <a class=\"image-lightbox lightbox-gallery\" href=\"https:\/\/arturf.com\/wp-content\/uploads\/2022\/05\/Artificial-Grass-Logo-Mat-Kids-Play.jpg\" title=\"\">            <div class=\"box has-hover gallery-box box-default\">\n              <div class=\"box-image image-cover\" style=\"padding-top:75%;\">\n                <img loading=\"lazy\" decoding=\"async\" width=\"225\" height=\"300\" src=\"https:\/\/arturf.com\/wp-content\/uploads\/2022\/05\/Artificial-Grass-Logo-Mat-Kids-Play-225x300.jpg\" class=\"attachment-medium size-medium\" alt=\"\" ids=\"16973,16969,16968,16970,16972,15501,16971,15499,15500,15502,15503,15498\" style=\"default\" type=\"masonry\" columns=\"6\" image_height=\"75%\" srcset=\"https:\/\/arturf.com\/wp-content\/uploads\/2022\/05\/Artificial-Grass-Logo-Mat-Kids-Play-225x300.jpg 225w, https:\/\/arturf.com\/wp-content\/uploads\/2022\/05\/Artificial-Grass-Logo-Mat-Kids-Play-9x12.jpg 9w, https:\/\/arturf.com\/wp-content\/uploads\/2022\/05\/Artificial-Grass-Logo-Mat-Kids-Play-510x680.jpg 510w, https:\/\/arturf.com\/wp-content\/uploads\/2022\/05\/Artificial-Grass-Logo-Mat-Kids-Play.jpg 600w\" sizes=\"auto, (max-width: 225px) 100vw, 225px\" \/>                                                              <\/div>\n              <div class=\"box-text text-left\" >\n                 <p><\/p>\n              <\/div>\n            <\/div>\n            <\/a>          <\/div>\n         <\/div><div class=\"gallery-col col\" >\n          <div class=\"col-inner\">\n            <a class=\"image-lightbox lightbox-gallery\" href=\"https:\/\/arturf.com\/wp-content\/uploads\/2008\/08\/Bespoke-Logo-Lawn-for-GYM-mats.jpg\" title=\"\">            <div class=\"box has-hover gallery-box box-default\">\n              <div class=\"box-image image-cover\" style=\"padding-top:75%;\">\n                <img loading=\"lazy\" decoding=\"async\" width=\"300\" height=\"225\" src=\"https:\/\/arturf.com\/wp-content\/uploads\/2008\/08\/Bespoke-Logo-Lawn-for-GYM-mats-300x225.jpg\" class=\"attachment-medium size-medium\" alt=\"\" ids=\"16973,16969,16968,16970,16972,15501,16971,15499,15500,15502,15503,15498\" style=\"default\" type=\"masonry\" columns=\"6\" image_height=\"75%\" srcset=\"https:\/\/arturf.com\/wp-content\/uploads\/2008\/08\/Bespoke-Logo-Lawn-for-GYM-mats-300x225.jpg 300w, https:\/\/arturf.com\/wp-content\/uploads\/2008\/08\/Bespoke-Logo-Lawn-for-GYM-mats-200x150.jpg 200w, https:\/\/arturf.com\/wp-content\/uploads\/2008\/08\/Bespoke-Logo-Lawn-for-GYM-mats-768x576.jpg 768w, https:\/\/arturf.com\/wp-content\/uploads\/2008\/08\/Bespoke-Logo-Lawn-for-GYM-mats-16x12.jpg 16w, https:\/\/arturf.com\/wp-content\/uploads\/2008\/08\/Bespoke-Logo-Lawn-for-GYM-mats-350x263.jpg 350w, https:\/\/arturf.com\/wp-content\/uploads\/2008\/08\/Bespoke-Logo-Lawn-for-GYM-mats-510x383.jpg 510w, https:\/\/arturf.com\/wp-content\/uploads\/2008\/08\/Bespoke-Logo-Lawn-for-GYM-mats.jpg 800w\" sizes=\"auto, (max-width: 300px) 100vw, 300px\" \/>                                                              <\/div>\n              <div class=\"box-text text-left\" >\n                 <p><\/p>\n              <\/div>\n            <\/div>\n            <\/a>          <\/div>\n         <\/div><div class=\"gallery-col col\" >\n          <div class=\"col-inner\">\n            <a class=\"image-lightbox lightbox-gallery\" href=\"https:\/\/arturf.com\/wp-content\/uploads\/2022\/05\/Artificial-Lawn-Logo-PCYC-Queensland.jpg\" title=\"\">            <div class=\"box has-hover gallery-box box-default\">\n              <div class=\"box-image image-cover\" style=\"padding-top:75%;\">\n                <img loading=\"lazy\" decoding=\"async\" width=\"225\" height=\"300\" src=\"https:\/\/arturf.com\/wp-content\/uploads\/2022\/05\/Artificial-Lawn-Logo-PCYC-Queensland-225x300.jpg\" class=\"attachment-medium size-medium\" alt=\"\" ids=\"16973,16969,16968,16970,16972,15501,16971,15499,15500,15502,15503,15498\" style=\"default\" type=\"masonry\" columns=\"6\" image_height=\"75%\" srcset=\"https:\/\/arturf.com\/wp-content\/uploads\/2022\/05\/Artificial-Lawn-Logo-PCYC-Queensland-225x300.jpg 225w, https:\/\/arturf.com\/wp-content\/uploads\/2022\/05\/Artificial-Lawn-Logo-PCYC-Queensland-9x12.jpg 9w, https:\/\/arturf.com\/wp-content\/uploads\/2022\/05\/Artificial-Lawn-Logo-PCYC-Queensland-510x681.jpg 510w, https:\/\/arturf.com\/wp-content\/uploads\/2022\/05\/Artificial-Lawn-Logo-PCYC-Queensland.jpg 599w\" sizes=\"auto, (max-width: 225px) 100vw, 225px\" \/>                                                              <\/div>\n              <div class=\"box-text text-left\" >\n                 <p><\/p>\n              <\/div>\n            <\/div>\n            <\/a>          <\/div>\n         <\/div><div class=\"gallery-col col\" >\n          <div class=\"col-inner\">\n            <a class=\"image-lightbox lightbox-gallery\" href=\"https:\/\/arturf.com\/wp-content\/uploads\/2022\/05\/Artificial-Grass-Logo-Mat.jpg\" title=\"\">            <div class=\"box has-hover gallery-box box-default\">\n              <div class=\"box-image image-cover\" style=\"padding-top:75%;\">\n                <img loading=\"lazy\" decoding=\"async\" width=\"225\" height=\"300\" src=\"https:\/\/arturf.com\/wp-content\/uploads\/2022\/05\/Artificial-Grass-Logo-Mat-225x300.jpg\" class=\"attachment-medium size-medium\" alt=\"\" ids=\"16973,16969,16968,16970,16972,15501,16971,15499,15500,15502,15503,15498\" style=\"default\" type=\"masonry\" columns=\"6\" image_height=\"75%\" srcset=\"https:\/\/arturf.com\/wp-content\/uploads\/2022\/05\/Artificial-Grass-Logo-Mat-225x300.jpg 225w, https:\/\/arturf.com\/wp-content\/uploads\/2022\/05\/Artificial-Grass-Logo-Mat-9x12.jpg 9w, https:\/\/arturf.com\/wp-content\/uploads\/2022\/05\/Artificial-Grass-Logo-Mat-510x680.jpg 510w, https:\/\/arturf.com\/wp-content\/uploads\/2022\/05\/Artificial-Grass-Logo-Mat.jpg 750w\" sizes=\"auto, (max-width: 225px) 100vw, 225px\" \/>                                                              <\/div>\n              <div class=\"box-text text-left\" >\n                 <p><\/p>\n              <\/div>\n            <\/div>\n            <\/a>          <\/div>\n         <\/div><div class=\"gallery-col col\" >\n          <div class=\"col-inner\">\n            <a class=\"image-lightbox lightbox-gallery\" href=\"https:\/\/arturf.com\/wp-content\/uploads\/2021\/08\/Artificial-Grass-Logos-and-Insignia-6.jpg\" title=\"\">            <div class=\"box has-hover gallery-box box-default\">\n              <div class=\"box-image image-cover\" style=\"padding-top:75%;\">\n                <img loading=\"lazy\" decoding=\"async\" width=\"215\" height=\"300\" src=\"https:\/\/arturf.com\/wp-content\/uploads\/2021\/08\/Artificial-Grass-Logos-and-Insignia-6-215x300.jpg\" class=\"attachment-medium size-medium\" alt=\"\" ids=\"16973,16969,16968,16970,16972,15501,16971,15499,15500,15502,15503,15498\" style=\"default\" type=\"masonry\" columns=\"6\" image_height=\"75%\" srcset=\"https:\/\/arturf.com\/wp-content\/uploads\/2021\/08\/Artificial-Grass-Logos-and-Insignia-6-215x300.jpg 215w, https:\/\/arturf.com\/wp-content\/uploads\/2021\/08\/Artificial-Grass-Logos-and-Insignia-6-9x12.jpg 9w, https:\/\/arturf.com\/wp-content\/uploads\/2021\/08\/Artificial-Grass-Logos-and-Insignia-6-510x713.jpg 510w, https:\/\/arturf.com\/wp-content\/uploads\/2021\/08\/Artificial-Grass-Logos-and-Insignia-6.jpg 572w\" sizes=\"auto, (max-width: 215px) 100vw, 215px\" \/>                                                              <\/div>\n              <div class=\"box-text text-left\" >\n                 <p><\/p>\n              <\/div>\n            <\/div>\n            <\/a>          <\/div>\n         <\/div><div class=\"gallery-col col\" >\n          <div class=\"col-inner\">\n            <a class=\"image-lightbox lightbox-gallery\" href=\"https:\/\/arturf.com\/wp-content\/uploads\/2022\/05\/Artificial-Grass-Logo-GYM-Mats.jpg\" title=\"\">            <div class=\"box has-hover gallery-box box-default\">\n              <div class=\"box-image image-cover\" style=\"padding-top:75%;\">\n                <img loading=\"lazy\" decoding=\"async\" width=\"225\" height=\"300\" src=\"https:\/\/arturf.com\/wp-content\/uploads\/2022\/05\/Artificial-Grass-Logo-GYM-Mats-225x300.jpg\" class=\"attachment-medium size-medium\" alt=\"\" ids=\"16973,16969,16968,16970,16972,15501,16971,15499,15500,15502,15503,15498\" style=\"default\" type=\"masonry\" columns=\"6\" image_height=\"75%\" srcset=\"https:\/\/arturf.com\/wp-content\/uploads\/2022\/05\/Artificial-Grass-Logo-GYM-Mats-225x300.jpg 225w, https:\/\/arturf.com\/wp-content\/uploads\/2022\/05\/Artificial-Grass-Logo-GYM-Mats-9x12.jpg 9w, https:\/\/arturf.com\/wp-content\/uploads\/2022\/05\/Artificial-Grass-Logo-GYM-Mats-510x681.jpg 510w, https:\/\/arturf.com\/wp-content\/uploads\/2022\/05\/Artificial-Grass-Logo-GYM-Mats.jpg 749w\" sizes=\"auto, (max-width: 225px) 100vw, 225px\" \/>                                                              <\/div>\n              <div class=\"box-text text-left\" >\n                 <p><\/p>\n              <\/div>\n            <\/div>\n            <\/a>          <\/div>\n         <\/div><div class=\"gallery-col col\" >\n          <div class=\"col-inner\">\n            <a class=\"image-lightbox lightbox-gallery\" href=\"https:\/\/arturf.com\/wp-content\/uploads\/2021\/08\/Artificial-Grass-Logos-and-Insignia-4-809x1024.jpg\" title=\"\">            <div class=\"box has-hover gallery-box box-default\">\n              <div class=\"box-image image-cover\" style=\"padding-top:75%;\">\n                <img loading=\"lazy\" decoding=\"async\" width=\"237\" height=\"300\" src=\"https:\/\/arturf.com\/wp-content\/uploads\/2021\/08\/Artificial-Grass-Logos-and-Insignia-4-237x300.jpg\" class=\"attachment-medium size-medium\" alt=\"\" ids=\"16973,16969,16968,16970,16972,15501,16971,15499,15500,15502,15503,15498\" style=\"default\" type=\"masonry\" columns=\"6\" image_height=\"75%\" srcset=\"https:\/\/arturf.com\/wp-content\/uploads\/2021\/08\/Artificial-Grass-Logos-and-Insignia-4-237x300.jpg 237w, https:\/\/arturf.com\/wp-content\/uploads\/2021\/08\/Artificial-Grass-Logos-and-Insignia-4-809x1024.jpg 809w, https:\/\/arturf.com\/wp-content\/uploads\/2021\/08\/Artificial-Grass-Logos-and-Insignia-4-768x972.jpg 768w, https:\/\/arturf.com\/wp-content\/uploads\/2021\/08\/Artificial-Grass-Logos-and-Insignia-4-9x12.jpg 9w, https:\/\/arturf.com\/wp-content\/uploads\/2021\/08\/Artificial-Grass-Logos-and-Insignia-4-510x645.jpg 510w, https:\/\/arturf.com\/wp-content\/uploads\/2021\/08\/Artificial-Grass-Logos-and-Insignia-4.jpg 1000w\" sizes=\"auto, (max-width: 237px) 100vw, 237px\" \/>                                                              <\/div>\n              <div class=\"box-text text-left\" >\n                 <p><\/p>\n              <\/div>\n            <\/div>\n            <\/a>          <\/div>\n         <\/div><div class=\"gallery-col col\" >\n          <div class=\"col-inner\">\n            <a class=\"image-lightbox lightbox-gallery\" href=\"https:\/\/arturf.com\/wp-content\/uploads\/2021\/08\/Artificial-Grass-Logos-and-Insignia-5.jpg\" title=\"\">            <div class=\"box has-hover gallery-box box-default\">\n              <div class=\"box-image image-cover\" style=\"padding-top:75%;\">\n                <img loading=\"lazy\" decoding=\"async\" width=\"300\" height=\"106\" src=\"https:\/\/arturf.com\/wp-content\/uploads\/2021\/08\/Artificial-Grass-Logos-and-Insignia-5-300x106.jpg\" class=\"attachment-medium size-medium\" alt=\"\" ids=\"16973,16969,16968,16970,16972,15501,16971,15499,15500,15502,15503,15498\" style=\"default\" type=\"masonry\" columns=\"6\" image_height=\"75%\" srcset=\"https:\/\/arturf.com\/wp-content\/uploads\/2021\/08\/Artificial-Grass-Logos-and-Insignia-5-300x106.jpg 300w, https:\/\/arturf.com\/wp-content\/uploads\/2021\/08\/Artificial-Grass-Logos-and-Insignia-5-768x270.jpg 768w, https:\/\/arturf.com\/wp-content\/uploads\/2021\/08\/Artificial-Grass-Logos-and-Insignia-5-18x6.jpg 18w, https:\/\/arturf.com\/wp-content\/uploads\/2021\/08\/Artificial-Grass-Logos-and-Insignia-5-510x180.jpg 510w, https:\/\/arturf.com\/wp-content\/uploads\/2021\/08\/Artificial-Grass-Logos-and-Insignia-5.jpg 1000w\" sizes=\"auto, (max-width: 300px) 100vw, 300px\" \/>                                                              <\/div>\n              <div class=\"box-text text-left\" >\n                 <p><\/p>\n              <\/div>\n            <\/div>\n            <\/a>          <\/div>\n         <\/div><div class=\"gallery-col col\" >\n          <div class=\"col-inner\">\n            <a class=\"image-lightbox lightbox-gallery\" href=\"https:\/\/arturf.com\/wp-content\/uploads\/2021\/08\/Artificial-Grass-Logos-and-Insignia-1.jpg\" title=\"\">            <div class=\"box has-hover gallery-box box-default\">\n              <div class=\"box-image image-cover\" style=\"padding-top:75%;\">\n                <img loading=\"lazy\" decoding=\"async\" width=\"300\" height=\"300\" src=\"https:\/\/arturf.com\/wp-content\/uploads\/2021\/08\/Artificial-Grass-Logos-and-Insignia-1-300x300.jpg\" class=\"attachment-medium size-medium\" alt=\"\" ids=\"16973,16969,16968,16970,16972,15501,16971,15499,15500,15502,15503,15498\" style=\"default\" type=\"masonry\" columns=\"6\" image_height=\"75%\" srcset=\"https:\/\/arturf.com\/wp-content\/uploads\/2021\/08\/Artificial-Grass-Logos-and-Insignia-1-300x300.jpg 300w, https:\/\/arturf.com\/wp-content\/uploads\/2021\/08\/Artificial-Grass-Logos-and-Insignia-1-768x768.jpg 768w, https:\/\/arturf.com\/wp-content\/uploads\/2021\/08\/Artificial-Grass-Logos-and-Insignia-1-12x12.jpg 12w, https:\/\/arturf.com\/wp-content\/uploads\/2021\/08\/Artificial-Grass-Logos-and-Insignia-1-510x510.jpg 510w, https:\/\/arturf.com\/wp-content\/uploads\/2021\/08\/Artificial-Grass-Logos-and-Insignia-1-100x100.jpg 100w, https:\/\/arturf.com\/wp-content\/uploads\/2021\/08\/Artificial-Grass-Logos-and-Insignia-1.jpg 800w\" sizes=\"auto, (max-width: 300px) 100vw, 300px\" \/>                                                              <\/div>\n              <div class=\"box-text text-left\" >\n                 <p><\/p>\n              <\/div>\n            <\/div>\n            <\/a>          <\/div>\n         <\/div><div class=\"gallery-col col\" >\n          <div class=\"col-inner\">\n            <a class=\"image-lightbox lightbox-gallery\" href=\"https:\/\/arturf.com\/wp-content\/uploads\/2021\/08\/Artificial-Grass-Logos-and-Insignia-2.jpg\" title=\"\">            <div class=\"box has-hover gallery-box box-default\">\n              <div class=\"box-image image-cover\" style=\"padding-top:75%;\">\n                <img loading=\"lazy\" decoding=\"async\" width=\"300\" height=\"300\" src=\"https:\/\/arturf.com\/wp-content\/uploads\/2021\/08\/Artificial-Grass-Logos-and-Insignia-2-300x300.jpg\" class=\"attachment-medium size-medium\" alt=\"\" ids=\"16973,16969,16968,16970,16972,15501,16971,15499,15500,15502,15503,15498\" style=\"default\" type=\"masonry\" columns=\"6\" image_height=\"75%\" srcset=\"https:\/\/arturf.com\/wp-content\/uploads\/2021\/08\/Artificial-Grass-Logos-and-Insignia-2-300x300.jpg 300w, https:\/\/arturf.com\/wp-content\/uploads\/2021\/08\/Artificial-Grass-Logos-and-Insignia-2-768x768.jpg 768w, https:\/\/arturf.com\/wp-content\/uploads\/2021\/08\/Artificial-Grass-Logos-and-Insignia-2-12x12.jpg 12w, https:\/\/arturf.com\/wp-content\/uploads\/2021\/08\/Artificial-Grass-Logos-and-Insignia-2-510x510.jpg 510w, https:\/\/arturf.com\/wp-content\/uploads\/2021\/08\/Artificial-Grass-Logos-and-Insignia-2-100x100.jpg 100w, https:\/\/arturf.com\/wp-content\/uploads\/2021\/08\/Artificial-Grass-Logos-and-Insignia-2.jpg 800w\" sizes=\"auto, (max-width: 300px) 100vw, 300px\" \/>                                                              <\/div>\n              <div class=\"box-text text-left\" >\n                 <p><\/p>\n              <\/div>\n            <\/div>\n            <\/a>          <\/div>\n         <\/div><div class=\"gallery-col col\" >\n          <div class=\"col-inner\">\n            <a class=\"image-lightbox lightbox-gallery\" href=\"https:\/\/arturf.com\/wp-content\/uploads\/2021\/08\/Artificial-Grass-Logos-and-Insignia-3.jpg\" title=\"\">            <div class=\"box has-hover gallery-box box-default\">\n              <div class=\"box-image image-cover\" style=\"padding-top:75%;\">\n                <img loading=\"lazy\" decoding=\"async\" width=\"300\" height=\"300\" src=\"https:\/\/arturf.com\/wp-content\/uploads\/2021\/08\/Artificial-Grass-Logos-and-Insignia-3-300x300.jpg\" class=\"attachment-medium size-medium\" alt=\"\" ids=\"16973,16969,16968,16970,16972,15501,16971,15499,15500,15502,15503,15498\" style=\"default\" type=\"masonry\" columns=\"6\" image_height=\"75%\" srcset=\"https:\/\/arturf.com\/wp-content\/uploads\/2021\/08\/Artificial-Grass-Logos-and-Insignia-3-300x300.jpg 300w, https:\/\/arturf.com\/wp-content\/uploads\/2021\/08\/Artificial-Grass-Logos-and-Insignia-3-768x766.jpg 768w, https:\/\/arturf.com\/wp-content\/uploads\/2021\/08\/Artificial-Grass-Logos-and-Insignia-3-12x12.jpg 12w, https:\/\/arturf.com\/wp-content\/uploads\/2021\/08\/Artificial-Grass-Logos-and-Insignia-3-510x509.jpg 510w, https:\/\/arturf.com\/wp-content\/uploads\/2021\/08\/Artificial-Grass-Logos-and-Insignia-3-100x100.jpg 100w, https:\/\/arturf.com\/wp-content\/uploads\/2021\/08\/Artificial-Grass-Logos-and-Insignia-3.jpg 800w\" sizes=\"auto, (max-width: 300px) 100vw, 300px\" \/>                                                              <\/div>\n              <div class=\"box-text text-left\" >\n                 <p><\/p>\n              <\/div>\n            <\/div>\n            <\/a>          <\/div>\n         <\/div><\/div>","protected":false},"excerpt":{"rendered":"<p>Un logo ou un insigne en gazon artificiel peut \u00eatre utilis\u00e9 individuellement pour montrer votre marque ou votre d\u00e9coration, ou incrust\u00e9 sur un terrain en gazon synth\u00e9tique. Dans tous les cas, cela am\u00e9liorera l&#039;impression de votre propri\u00e9t\u00e9. Contrairement aux couleurs imprim\u00e9es, les couleurs de nos logos et insignes de gazon artificiel sont permanentes.<\/p>","protected":false},"featured_media":15486,"template":"","meta":{"_seopress_robots_primary_cat":"","_seopress_titles_title":"Artificial Grass Logos and Insignia \/Bespoke Logo Mats","_seopress_titles_desc":"","_seopress_robots_index":""},"product_brand":[],"product_cat":[64,66],"product_tag":[],"class_list":{"0":"post-15483","1":"product","2":"type-product","3":"status-publish","4":"has-post-thumbnail","6":"product_cat-landscape","7":"product_cat-accessories","9":"first","10":"instock","11":"shipping-taxable","12":"product-type-simple"},"_links":{"self":[{"href":"https:\/\/arturf.com\/fr\/wp-json\/wp\/v2\/product\/15483","targetHints":{"allow":["GET"]}}],"collection":[{"href":"https:\/\/arturf.com\/fr\/wp-json\/wp\/v2\/product"}],"about":[{"href":"https:\/\/arturf.com\/fr\/wp-json\/wp\/v2\/types\/product"}],"wp:featuredmedia":[{"embeddable":true,"href":"https:\/\/arturf.com\/fr\/wp-json\/wp\/v2\/media\/15486"}],"wp:attachment":[{"href":"https:\/\/arturf.com\/fr\/wp-json\/wp\/v2\/media?parent=15483"}],"wp:term":[{"taxonomy":"product_brand","embeddable":true,"href":"https:\/\/arturf.com\/fr\/wp-json\/wp\/v2\/product_brand?post=15483"},{"taxonomy":"product_cat","embeddable":true,"href":"https:\/\/arturf.com\/fr\/wp-json\/wp\/v2\/product_cat?post=15483"},{"taxonomy":"product_tag","embeddable":true,"href":"https:\/\/arturf.com\/fr\/wp-json\/wp\/v2\/product_tag?post=15483"}],"curies":[{"name":"wp","href":"https:\/\/api.w.org\/{rel}","templated":true}]}}