{"id":15534,"date":"2021-08-21T16:59:11","date_gmt":"2021-08-21T08:59:11","guid":{"rendered":"https:\/\/arturf.com\/?post_type=product&#038;p=15534"},"modified":"2021-08-21T17:01:26","modified_gmt":"2021-08-21T09:01:26","slug":"artificial-leaf-screening","status":"publish","type":"product","link":"https:\/\/arturf.com\/fr\/product\/artificial-leaf-screening\/","title":{"rendered":"Criblage de feuilles artificielles"},"content":{"rendered":"<div>Id\u00e9al pour embellir murs et cl\u00f4tures disgracieuses. Cette alternative r\u00e9aliste aux haies traditionnelles est un excellent moyen de dissimuler les cl\u00f4tures et les murs ou d&#039;ajouter un peu d&#039;intimit\u00e9 \u00e0 vos installations. Les rouleaux de criblage de feuilles artificielles sont rapides et faciles \u00e0 installer, ne n\u00e9cessitent aucun entretien et durent des ann\u00e9es. Ils peuvent \u00e9galement \u00eatre utilis\u00e9s sur des tonnelles et des pergolas, cr\u00e9ant une zone ombrag\u00e9e douce en dessous.<\/div>\n<div>\u00a0<\/div>\n<div>Chaque rouleau de notre haie de lierre artificielle couvre une superficie de 3 m\u00e8tres de large x 1 m\u00e8tre de haut, offrant un niveau de couverture impressionnant par unit\u00e9. Facile \u00e0 installer avec les attaches vertes fournies et parfait pour les cours avant, les cours arri\u00e8re, les balcons, les terrasses, les piscines, les bains \u00e0 remous, les restaurants, les caf\u00e9s, la mise en sc\u00e8ne immobili\u00e8re, les appartements, les locations, les \u00e9v\u00e9nements sp\u00e9ciaux et bien d&#039;autres. nos rouleaux de lierre artificiel sont \u00e9galement 100% respectueux de l&#039;environnement et durables.<\/div>","protected":false},"excerpt":{"rendered":"<p>Les rouleaux de criblage de feuilles artificielles sont le moyen le plus rapide et le moins cher d&#039;apporter la verdure et la couverture d&#039;une haie naturelle \u00e0 toute cl\u00f4ture, mur ou autre surface ext\u00e9rieure\/int\u00e9rieure.<\/p>","protected":false},"featured_media":15535,"template":"","meta":{"_seopress_robots_primary_cat":"","_seopress_titles_title":"","_seopress_titles_desc":"","_seopress_robots_index":""},"product_brand":[],"product_cat":[782],"product_tag":[],"class_list":{"0":"post-15534","1":"product","2":"type-product","3":"status-publish","4":"has-post-thumbnail","6":"product_cat-artificial-hedge","8":"first","9":"instock","10":"shipping-taxable","11":"product-type-simple"},"_links":{"self":[{"href":"https:\/\/arturf.com\/fr\/wp-json\/wp\/v2\/product\/15534","targetHints":{"allow":["GET"]}}],"collection":[{"href":"https:\/\/arturf.com\/fr\/wp-json\/wp\/v2\/product"}],"about":[{"href":"https:\/\/arturf.com\/fr\/wp-json\/wp\/v2\/types\/product"}],"wp:featuredmedia":[{"embeddable":true,"href":"https:\/\/arturf.com\/fr\/wp-json\/wp\/v2\/media\/15535"}],"wp:attachment":[{"href":"https:\/\/arturf.com\/fr\/wp-json\/wp\/v2\/media?parent=15534"}],"wp:term":[{"taxonomy":"product_brand","embeddable":true,"href":"https:\/\/arturf.com\/fr\/wp-json\/wp\/v2\/product_brand?post=15534"},{"taxonomy":"product_cat","embeddable":true,"href":"https:\/\/arturf.com\/fr\/wp-json\/wp\/v2\/product_cat?post=15534"},{"taxonomy":"product_tag","embeddable":true,"href":"https:\/\/arturf.com\/fr\/wp-json\/wp\/v2\/product_tag?post=15534"}],"curies":[{"name":"wp","href":"https:\/\/api.w.org\/{rel}","templated":true}]}}