{"id":17132,"date":"2022-07-02T10:45:18","date_gmt":"2022-07-02T02:45:18","guid":{"rendered":"https:\/\/arturf.com\/?post_type=product&#038;p=17132"},"modified":"2022-08-25T19:57:58","modified_gmt":"2022-08-25T11:57:58","slug":"event-turf","status":"publish","type":"product","link":"https:\/\/arturf.com\/fr\/product\/event-turf\/","title":{"rendered":"Terrain \u00e9v\u00e9nementiel"},"content":{"rendered":"<p>Notre gazon \u00e9v\u00e9nementiel est parfait pour presque tous les espaces \u00e9v\u00e9nementiels car il est facile \u00e0 installer et peut \u00eatre coup\u00e9 pour s&#039;adapter \u00e0 n&#039;importe quelle taille. Il peut \u00eatre utilis\u00e9 plus d&#039;une fois. Le magnifique gazon \u00e9v\u00e9nementiel fera passer votre espace au niveau sup\u00e9rieur et rendra tous les invit\u00e9s heureux.<\/p>\n<p>Les entreprises \u00e9v\u00e9nementielles peuvent utiliser notre gazon synth\u00e9tique pour les sols \u00e9v\u00e9nementiels. Les avantages incluent :<\/p>\n<ul>\n<li>Rentable<\/li>\n<li>Vari\u00e9t\u00e9 de belles couleurs<\/li>\n<li>L\u00e9ger, facile \u00e0 couper pour s&#039;adapter \u00e0 la forme et \u00e0 la taille souhait\u00e9es<\/li>\n<li>Protection UV int\u00e9gr\u00e9e pour \u00e9viter les dommages caus\u00e9s par le soleil et la d\u00e9coloration<\/li>\n<\/ul>\n<p><img alt=\"\" loading=\"lazy\" decoding=\"async\" class=\"alignnone wp-image-17137 size-full\" src=\"https:\/\/arturf.com\/wp-content\/uploads\/2022\/07\/Tradeshow-Events-Turf.jpg\" width=\"1000\" height=\"554\" srcset=\"https:\/\/arturf.com\/wp-content\/uploads\/2022\/07\/Tradeshow-Events-Turf.jpg 1000w, https:\/\/arturf.com\/wp-content\/uploads\/2022\/07\/Tradeshow-Events-Turf-500x277.jpg 500w, https:\/\/arturf.com\/wp-content\/uploads\/2022\/07\/Tradeshow-Events-Turf-768x425.jpg 768w, https:\/\/arturf.com\/wp-content\/uploads\/2022\/07\/Tradeshow-Events-Turf-18x10.jpg 18w, https:\/\/arturf.com\/wp-content\/uploads\/2022\/07\/Tradeshow-Events-Turf-510x283.jpg 510w\" sizes=\"auto, (max-width: 1000px) 100vw, 1000px\" \/><\/p>\n<p>Le gazon \u00e9v\u00e9nementiel n&#039;est pas un produit sp\u00e9cifique. D&#039;une mani\u00e8re g\u00e9n\u00e9rale, il s&#039;agit d&#039;une s\u00e9rie de produits. Caract\u00e9ristiques d&#039;Event Turf :<\/p>\n<ul>\n<li>Poil court, principalement 6mm-12mm<\/li>\n<li>Faible Dtex et poids l\u00e9ger<\/li>\n<li>Tuft\u00e9 de fibres de polypropyl\u00e8ne<\/li>\n<li>Pas cher, polyvalent<\/li>\n<li>Id\u00e9al pour l&#039;\u00e9v\u00e9nementiel et la d\u00e9coration (Voir produit\u00a0<a href=\"https:\/\/arturf.com\/fr\/product\/decor\/\">Decor<\/a>)<\/li>\n<\/ul>\n<p>Outre, <a href=\"https:\/\/arturf.com\/fr\/product\/artificial-grass-logos-and-insignia-bespoke-logo-mats\/\">tapis \u00e0 logos<\/a> peut \u00e9galement \u00eatre utilis\u00e9 pour des \u00e9v\u00e9nements et des activit\u00e9s. Contactez-nous et faites-nous part de vos besoins. Nos ventes donneront des suggestions professionnelles.<\/p>","protected":false},"excerpt":{"rendered":"<p>Gazon l\u00e9ger pour \u00e9v\u00e9nements avec une vari\u00e9t\u00e9 de couleurs. Id\u00e9al pour les environnements ext\u00e9rieurs et int\u00e9rieurs, y compris les salons professionnels, les salons automobiles, les \u00e9v\u00e9nements d&#039;entreprise, les remises de dipl\u00f4mes, les f\u00eates, les mariages, les terrasses, les patios, le camping, etc.<\/p>","protected":false},"featured_media":17133,"template":"","meta":{"_seopress_robots_primary_cat":"","_seopress_titles_title":"","_seopress_titles_desc":"","_seopress_robots_index":""},"product_brand":[],"product_cat":[64],"product_tag":[],"class_list":{"0":"post-17132","1":"product","2":"type-product","3":"status-publish","4":"has-post-thumbnail","6":"product_cat-landscape","8":"first","9":"instock","10":"shipping-taxable","11":"product-type-simple"},"_links":{"self":[{"href":"https:\/\/arturf.com\/fr\/wp-json\/wp\/v2\/product\/17132","targetHints":{"allow":["GET"]}}],"collection":[{"href":"https:\/\/arturf.com\/fr\/wp-json\/wp\/v2\/product"}],"about":[{"href":"https:\/\/arturf.com\/fr\/wp-json\/wp\/v2\/types\/product"}],"wp:featuredmedia":[{"embeddable":true,"href":"https:\/\/arturf.com\/fr\/wp-json\/wp\/v2\/media\/17133"}],"wp:attachment":[{"href":"https:\/\/arturf.com\/fr\/wp-json\/wp\/v2\/media?parent=17132"}],"wp:term":[{"taxonomy":"product_brand","embeddable":true,"href":"https:\/\/arturf.com\/fr\/wp-json\/wp\/v2\/product_brand?post=17132"},{"taxonomy":"product_cat","embeddable":true,"href":"https:\/\/arturf.com\/fr\/wp-json\/wp\/v2\/product_cat?post=17132"},{"taxonomy":"product_tag","embeddable":true,"href":"https:\/\/arturf.com\/fr\/wp-json\/wp\/v2\/product_tag?post=17132"}],"curies":[{"name":"wp","href":"https:\/\/api.w.org\/{rel}","templated":true}]}}