{"id":18223,"date":"2021-05-27T08:53:23","date_gmt":"2021-05-27T00:53:23","guid":{"rendered":"https:\/\/arturf.com\/?post_type=product&#038;p=18223"},"modified":"2025-07-19T12:11:17","modified_gmt":"2025-07-19T04:11:17","slug":"padel-court-kit","status":"publish","type":"product","link":"https:\/\/arturf.com\/fr\/product\/padel-court-kit\/","title":{"rendered":"Kit terrain de padel"},"content":{"rendered":"<h3>Expertise et flexibilit\u00e9 des fournisseurs\u00a0:<\/h3>\n<p>En tant que leader <a href=\"https:\/\/arturf.com\/fr\/sports\/padel\/\">fabricant de courts de padel<\/a> Bas\u00e9s en Chine, nous fournissons fi\u00e8rement du gazon synth\u00e9tique de qualit\u00e9 sup\u00e9rieure depuis plus de 15 ans. Depuis 2018, nous avons \u00e9largi notre offre aux kits complets de courts de padel, en collaborant avec des partenaires de renom pour garantir des performances optimales et une image de marque professionnelle. Notre flexibilit\u00e9 nous permet de personnaliser les composants et d&#039;int\u00e9grer harmonieusement la signal\u00e9tique ou les logos pour r\u00e9pondre aux besoins sp\u00e9cifiques de votre projet.<\/p>\n<p><img loading=\"lazy\" decoding=\"async\" class=\"aligncenter wp-image-27259\" src=\"https:\/\/arturf.com\/wp-content\/uploads\/2025\/07\/arturf-padel-court-package-kit-\u2013-key-components-1024x767.png\" alt=\"Ensemble de terrain de padel Arturf \u2013 Composants cl\u00e9s\" width=\"800\" height=\"600\" srcset=\"https:\/\/arturf.com\/wp-content\/uploads\/2025\/07\/arturf-padel-court-package-kit-\u2013-key-components-1024x767.png 1024w, https:\/\/arturf.com\/wp-content\/uploads\/2025\/07\/arturf-padel-court-package-kit-\u2013-key-components-500x375.png 500w, https:\/\/arturf.com\/wp-content\/uploads\/2025\/07\/arturf-padel-court-package-kit-\u2013-key-components-200x150.png 200w, https:\/\/arturf.com\/wp-content\/uploads\/2025\/07\/arturf-padel-court-package-kit-\u2013-key-components-768x576.png 768w, https:\/\/arturf.com\/wp-content\/uploads\/2025\/07\/arturf-padel-court-package-kit-\u2013-key-components-1536x1151.png 1536w, https:\/\/arturf.com\/wp-content\/uploads\/2025\/07\/arturf-padel-court-package-kit-\u2013-key-components-16x12.png 16w, https:\/\/arturf.com\/wp-content\/uploads\/2025\/07\/arturf-padel-court-package-kit-\u2013-key-components-350x263.png 350w, https:\/\/arturf.com\/wp-content\/uploads\/2025\/07\/arturf-padel-court-package-kit-\u2013-key-components-510x382.png 510w, https:\/\/arturf.com\/wp-content\/uploads\/2025\/07\/arturf-padel-court-package-kit-\u2013-key-components.png 2000w\" sizes=\"auto, (max-width: 800px) 100vw, 800px\" \/><\/p>\n<h3>Pack complet de terrain de padel\u00a0: composants essentiels pour un jeu optimal<\/h3>\n<p>Ce pack tout-en-un comprend tous les \u00e9l\u00e9ments cl\u00e9s n\u00e9cessaires \u00e0 un court de padel professionnel, durable et performant. Tous les composants r\u00e9pondent aux normes, voire les d\u00e9passent. <strong>FIP (F\u00e9d\u00e9ration Internationale de Padel)<\/strong> normes et <strong>Normes europ\u00e9ennes de structure et de s\u00e9curit\u00e9<\/strong>.<\/p>\n<hr \/>\n<h3>Gazon artificiel pour padel<\/h3>\n<ul style=\"list-style: none; padding-left: 0; margin-bottom: 0;\">\n<li><strong>\u2022 Rebond de balle optimal<\/strong>, traction et absorption des chocs<\/li>\n<li><strong>\u2022 Au moins 25 points par 10 cm<\/strong>Fil PE r\u00e9sistant aux UV (KDK)<\/li>\n<li><strong>\u2022 Marquages de lignes blanches int\u00e9gr\u00e9s<\/strong> (selon les r\u00e8gles FIP)<\/li>\n<li><strong>\u2022 Faible remplissage de sable<\/strong>: 15\u201320 kg\/m\u00b2<\/li>\n<li><strong>\u2022 Taille standard<\/strong>: 20\u00d710 m (terrain simple)<\/li>\n<li><strong>\u2022 Normes respect\u00e9es<\/strong>: EN 15330-1 (performance), ISO 4892-3 (r\u00e9sistance aux UV)<\/li>\n<\/ul>\n<p><a href=\"https:\/\/arturf.com\/fr\/etiquette-produit\/padel-turf\/\">En savoir plus sur le gazon de padel Arturf<\/a><\/p>\n<hr \/>\n<h3>Colonnes et traverses \u00e0 ossature<\/h3>\n<ul style=\"list-style: none; padding-left: 0; margin-bottom: 0;\">\n<li><strong>\u2022 Poteaux en acier galvanis\u00e9 \u00e0 chaud<\/strong> (\u00e9paisseur min. 2 mm)<\/li>\n<li><strong>\u2022 Traverses sup\u00e9rieures et inf\u00e9rieures<\/strong> pour une rigidit\u00e9 accrue<\/li>\n<li><strong>\u2022 Finition avec rev\u00eatement en poudre<\/strong> pour la r\u00e9sistance \u00e0 la corrosion<\/li>\n<li><strong>\u2022 Normes respect\u00e9es<\/strong>: EN 1090 (structures en acier), ISO 1461 (galvanisation)<\/li>\n<\/ul>\n<hr \/>\n<h3>Murs en verre tremp\u00e9<\/h3>\n<ul style=\"list-style: none; padding-left: 0; margin-bottom: 0;\">\n<li><strong>\u2022 Panneaux en verre tremp\u00e9 de s\u00e9curit\u00e9 de 12 mm<\/strong><\/li>\n<li><strong>\u2022 Con\u00e7u pour r\u00e9sister aux chocs<\/strong> et une visibilit\u00e9 claire<\/li>\n<li><strong>\u2022 Bords polis<\/strong> et des pinces en acier inoxydable<\/li>\n<li><strong>\u2022 Normes respect\u00e9es<\/strong>: EN 12150 (verre de s\u00e9curit\u00e9 tremp\u00e9)<\/li>\n<\/ul>\n<hr \/>\n<h3>Panneaux en treillis m\u00e9tallique<\/h3>\n<ul style=\"list-style: none; padding-left: 0; margin-bottom: 0;\">\n<li><strong>\u2022 Treillis en acier soud\u00e9<\/strong>, 50\u00d750 mm, diam\u00e8tre du fil 4 mm<\/li>\n<li><strong>\u2022 Galvanis\u00e9 et rev\u00eatu de poudre<\/strong> pour la protection<\/li>\n<li><strong>\u2022 Conception s\u00e9curis\u00e9e et respirante<\/strong> pour la visibilit\u00e9 et la circulation de l&#039;air<\/li>\n<li><strong>\u2022 Normes respect\u00e9es<\/strong>: EN 10223-4 (cl\u00f4tures en treillis soud\u00e9)<\/li>\n<\/ul>\n<hr \/>\n<h3>Syst\u00e8me d&#039;\u00e9clairage<\/h3>\n<ul style=\"list-style: none; padding-left: 0; margin-bottom: 0;\">\n<li><strong>\u2022 Projecteurs \u00e0 LED<\/strong>, 300\u2013500 lux en moyenne (conforme FIP)<\/li>\n<li><strong>\u2022 Conception antireflet<\/strong> avec des verres sym\u00e9triques ou asym\u00e9triques<\/li>\n<li><strong>\u2022 6 \u00e0 8 lumi\u00e8res par terrain<\/strong>, mont\u00e9 sur des poteaux d&#039;\u00e9clairage en acier<\/li>\n<li><strong>\u2022 Normes respect\u00e9es<\/strong>: Guide d&#039;\u00e9clairage FIP, IEC 60598 (luminaires)<\/li>\n<\/ul>\n<hr \/>\n<h3>Accessoires essentiels<\/h3>\n<ul style=\"list-style: none; padding-left: 0; margin-bottom: 0;\">\n<li><strong>\u2022 Poste central du r\u00e9seau<\/strong>: Acier galvanis\u00e9 avec plaque de base<\/li>\n<li><strong>\u2022 Construction stable<\/strong> assure une hauteur et une tension du filet appropri\u00e9es<\/li>\n<li><strong>\u2022 Filet de padel<\/strong>: R\u00e9sistant aux UV avec c\u00e2ble en acier<\/li>\n<li><strong>\u2022 Hauteur r\u00e9glementaire<\/strong>: 88 cm au centre, 92 cm sur les c\u00f4t\u00e9s<\/li>\n<li><strong>\u2022 Normes respect\u00e9es<\/strong>:R\u00e8glement du tribunal FIP, EN 1510 (filets de sport)<\/li>\n<\/ul>\n<hr \/>\n<h3>R\u00e9sum\u00e9<\/h3>\n<ul style=\"list-style: none; padding-left: 0; margin-bottom: 0;\">\n<li><strong>\u2022 Conformit\u00e9 totale<\/strong> avec les normes de s\u00e9curit\u00e9 FIP et europ\u00e9ennes<\/li>\n<li><strong>\u2022 Durabilit\u00e9 \u00e0 long terme<\/strong> dans divers climats<\/li>\n<li><strong>\u2022 Installation rapide<\/strong> et un entretien facile<\/li>\n<\/ul>\n<p>Cette solution compl\u00e8te vous aide \u00e0 construire un court de padel de classe mondiale en toute confiance.<\/p>\n\t<div id=\"gap-557272763\" class=\"gap-element clearfix\" style=\"display:block; height:auto;\">\n\t\t\n<style>\n#gap-557272763 {\n  padding-top: 30px;\n}\n<\/style>\n\t<\/div>\n\t\n<h3>Options de terrain de padel\u00a0:<\/h3>\n<p>Am\u00e9liorez votre exp\u00e9rience sur le court de padel gr\u00e2ce \u00e0 notre gamme diversifi\u00e9e. Du CoreX, offrant une qualit\u00e9 fiable \u00e0 un prix abordable, au Pro, offrant une durabilit\u00e9 exceptionnelle et un attrait classique, en passant par le SuperVision, offrant une immersion panoramique pour un jeu in\u00e9gal\u00e9, nous avons la solution id\u00e9ale pour votre vision.<\/p>\n<div class=\"row\"  id=\"row-1091846323\">\n\n\t<div id=\"col-1598770772\" class=\"col medium-3 small-12 large-3\"  >\n\t\t\t\t<div class=\"col-inner\"  >\n\t\t\t\n\t\t\t\n\t<div class=\"box has-hover   has-hover box-text-bottom\" >\n\n\t\t<div class=\"box-image\" >\n\t\t\t\t\t\t<div class=\"\" >\n\t\t\t\t<img loading=\"lazy\" decoding=\"async\" width=\"1000\" height=\"666\" src=\"https:\/\/arturf.com\/wp-content\/uploads\/2021\/05\/arturf-padel-court-corex.png\" class=\"attachment- size-\" alt=\"Padel\" srcset=\"https:\/\/arturf.com\/wp-content\/uploads\/2021\/05\/arturf-padel-court-corex.png 1000w, https:\/\/arturf.com\/wp-content\/uploads\/2021\/05\/arturf-padel-court-corex-500x333.png 500w, https:\/\/arturf.com\/wp-content\/uploads\/2021\/05\/arturf-padel-court-corex-768x511.png 768w, https:\/\/arturf.com\/wp-content\/uploads\/2021\/05\/arturf-padel-court-corex-18x12.png 18w, https:\/\/arturf.com\/wp-content\/uploads\/2021\/05\/arturf-padel-court-corex-510x340.png 510w\" sizes=\"auto, (max-width: 1000px) 100vw, 1000px\" \/>\t\t\t\t\t\t\t\t\t\t\t<\/div>\n\t\t\t\t\t<\/div>\n\n\t\t<div class=\"box-text text-center\" >\n\t\t\t<div class=\"box-text-inner\">\n\t\t\t\t\n<h4>CoreX<\/h4>\n<p>Un terrain de padel fondamental avec des performances et une rentabilit\u00e9 \u00e9quilibr\u00e9es. Parfait pour les clubs recherchant une qualit\u00e9 fiable.<\/p>\n\t\t\t<\/div>\n\t\t<\/div>\n\t<\/div>\n\t\n\t\t<\/div>\n\t\t\t\t\t<\/div>\n\n\t\n\n\t<div id=\"col-843191274\" class=\"col medium-3 small-12 large-3\"  >\n\t\t\t\t<div class=\"col-inner\"  >\n\t\t\t\n\t\t\t\n\t<div class=\"box has-hover   has-hover box-text-bottom\" >\n\n\t\t<div class=\"box-image\" >\n\t\t\t\t\t\t<div class=\"\" >\n\t\t\t\t<img loading=\"lazy\" decoding=\"async\" width=\"1000\" height=\"666\" src=\"https:\/\/arturf.com\/wp-content\/uploads\/2021\/05\/arturf-padel-court-pro.png\" class=\"attachment- size-\" alt=\"Padel\" srcset=\"https:\/\/arturf.com\/wp-content\/uploads\/2021\/05\/arturf-padel-court-pro.png 1000w, https:\/\/arturf.com\/wp-content\/uploads\/2021\/05\/arturf-padel-court-pro-500x333.png 500w, https:\/\/arturf.com\/wp-content\/uploads\/2021\/05\/arturf-padel-court-pro-768x511.png 768w, https:\/\/arturf.com\/wp-content\/uploads\/2021\/05\/arturf-padel-court-pro-18x12.png 18w, https:\/\/arturf.com\/wp-content\/uploads\/2021\/05\/arturf-padel-court-pro-510x340.png 510w\" sizes=\"auto, (max-width: 1000px) 100vw, 1000px\" \/>\t\t\t\t\t\t\t\t\t\t\t<\/div>\n\t\t\t\t\t<\/div>\n\n\t\t<div class=\"box-text text-center\" >\n\t\t\t<div class=\"box-text-inner\">\n\t\t\t\t\n<h4>Pro<\/h4>\n<p>Le summum de l&#039;excellence en mati\u00e8re de court de padel, alliant durabilit\u00e9 et \u00e9l\u00e9gance classique. Id\u00e9al pour un jeu de haut niveau et de longue dur\u00e9e.<\/p>\n\t\t\t<\/div>\n\t\t<\/div>\n\t<\/div>\n\t\n\t\t<\/div>\n\t\t\t\t\t<\/div>\n\n\t\n\n\t<div id=\"col-172882365\" class=\"col medium-3 small-12 large-3\"  >\n\t\t\t\t<div class=\"col-inner\"  >\n\t\t\t\n\t\t\t\n\t<div class=\"box has-hover   has-hover box-text-bottom\" >\n\n\t\t<div class=\"box-image\" >\n\t\t\t\t\t\t<div class=\"\" >\n\t\t\t\t<img loading=\"lazy\" decoding=\"async\" width=\"1000\" height=\"666\" src=\"https:\/\/arturf.com\/wp-content\/uploads\/2021\/05\/arturf-padel-court-supervision.png\" class=\"attachment- size-\" alt=\"Padel\" srcset=\"https:\/\/arturf.com\/wp-content\/uploads\/2021\/05\/arturf-padel-court-supervision.png 1000w, https:\/\/arturf.com\/wp-content\/uploads\/2021\/05\/arturf-padel-court-supervision-500x333.png 500w, https:\/\/arturf.com\/wp-content\/uploads\/2021\/05\/arturf-padel-court-supervision-768x511.png 768w, https:\/\/arturf.com\/wp-content\/uploads\/2021\/05\/arturf-padel-court-supervision-18x12.png 18w, https:\/\/arturf.com\/wp-content\/uploads\/2021\/05\/arturf-padel-court-supervision-510x340.png 510w\" sizes=\"auto, (max-width: 1000px) 100vw, 1000px\" \/>\t\t\t\t\t\t\t\t\t\t\t<\/div>\n\t\t\t\t\t<\/div>\n\n\t\t<div class=\"box-text text-center\" >\n\t\t\t<div class=\"box-text-inner\">\n\t\t\t\t\n<h4>Surveillance<\/h4>\n<p>Vivez une immersion ultime avec des vues panoramiques pour un jeu sans pr\u00e9c\u00e9dent. Id\u00e9al pour un engagement et une excitation \u00e9lev\u00e9s.<\/p>\n\t\t\t<\/div>\n\t\t<\/div>\n\t<\/div>\n\t\n\t\t<\/div>\n\t\t\t\t\t<\/div>\n\n\t\n\n\t<div id=\"col-1582147061\" class=\"col medium-3 small-12 large-3\"  >\n\t\t\t\t<div class=\"col-inner\"  >\n\t\t\t\n\t\t\t\n\t<div class=\"box has-hover   has-hover box-text-bottom\" >\n\n\t\t<div class=\"box-image\" >\n\t\t\t\t\t\t<div class=\"\" >\n\t\t\t\t<img loading=\"lazy\" decoding=\"async\" width=\"1500\" height=\"1000\" src=\"https:\/\/arturf.com\/wp-content\/uploads\/2021\/05\/arturf-padel-court-coast_shield.jpg\" class=\"attachment- size-\" alt=\"Padel\" srcset=\"https:\/\/arturf.com\/wp-content\/uploads\/2021\/05\/arturf-padel-court-coast_shield.jpg 1500w, https:\/\/arturf.com\/wp-content\/uploads\/2021\/05\/arturf-padel-court-coast_shield-500x333.jpg 500w, https:\/\/arturf.com\/wp-content\/uploads\/2021\/05\/arturf-padel-court-coast_shield-1024x683.jpg 1024w, https:\/\/arturf.com\/wp-content\/uploads\/2021\/05\/arturf-padel-court-coast_shield-768x512.jpg 768w, https:\/\/arturf.com\/wp-content\/uploads\/2021\/05\/arturf-padel-court-coast_shield-18x12.jpg 18w, https:\/\/arturf.com\/wp-content\/uploads\/2021\/05\/arturf-padel-court-coast_shield-510x340.jpg 510w\" sizes=\"auto, (max-width: 1500px) 100vw, 1500px\" \/>\t\t\t\t\t\t\t\t\t\t\t<\/div>\n\t\t\t\t\t<\/div>\n\n\t\t<div class=\"box-text text-center\" >\n\t\t\t<div class=\"box-text-inner\">\n\t\t\t\t\n<h4>Bouclier c\u00f4tier<\/h4>\n<p>Con\u00e7u pour les conditions c\u00f4ti\u00e8res difficiles, il offre une r\u00e9sistance sup\u00e9rieure \u00e0 la corrosion et au vent. Id\u00e9al pour une utilisation durable. <a href=\"https:\/\/arturf.com\/fr\/padel-court\/padel-courts-for-seaside-locations\/\">terrains de padel en bord de mer.<\/a><\/p>\n\t\t\t<\/div>\n\t\t<\/div>\n\t<\/div>\n\t\n\t\t<\/div>\n\t\t\t\t\t<\/div>\n\n\t\n<\/div>\n<div class=\"row\"  id=\"row-1723093077\">\n\n\t<div id=\"col-1976575858\" class=\"col small-12 large-12\"  >\n\t\t\t\t<div class=\"col-inner\"  >\n\t\t\t\n\t\t\t\n<div id=\"Custom-Options\">\n<h3>Options personnalis\u00e9es<\/h3>\n<p>Nos options de personnalisation garantissent des performances optimales, un alignement avec votre budget et la possibilit\u00e9 de cr\u00e9er un court de padel qui se d\u00e9marque par des caract\u00e9ristiques et une image de marque distinctives.<\/p>\n<ul style=\"list-style: none; padding-left: 0; margin-bottom: 0;\">\n<li><strong>\u2022 Sp\u00e9cifications du gazon artificiel :<\/strong> Adaptez les propri\u00e9t\u00e9s du gazon \u00e0 vos besoins exacts pour une surface de jeu uniforme, flexible et performante.<\/li>\n<li><strong>\u2022 Couleur du gazon de padel :<\/strong> Choisissez parmi une vari\u00e9t\u00e9 d&#039;options de couleurs, notamment l&#039;argile, le bleu, le rouge, le vert et le rose, pour correspondre \u00e0 l&#039;esth\u00e9tique souhait\u00e9e.<\/li>\n<li><strong>\u2022 Taille du tube carr\u00e9 :<\/strong> Choisissez entre les versions CoreX et Pro, qui offrent diff\u00e9rentes tailles de tubes carr\u00e9s pour les piliers et les poutres tout en maintenant une qualit\u00e9 et des performances constantes.<\/li>\n<li><strong>\u2022 Image de marque :<\/strong> Personnalisez votre terrain avec des composants de marque tels que des poteaux de filet, du ruban de filet, un rembourrage d&#039;entr\u00e9e et des piliers d&#039;angle pour une apparence professionnelle et coh\u00e9rente.<\/li>\n<li><strong>\u2022 Options de poteau d&#039;\u00e9clairage :<\/strong> Disponible en forme de C, de Z et de forme droite pour compl\u00e9ter le style visuel et les exigences d&#039;installation de votre terrain.<\/li>\n<li><strong>\u2022 Type d&#039;\u00e9clairage :<\/strong> Choisissez parmi deux syst\u00e8mes d\u2019\u00e9clairage LED optimis\u00e9s pour la visibilit\u00e9, l\u2019efficacit\u00e9 \u00e9nerg\u00e9tique et une ambiance de terrain am\u00e9lior\u00e9e.<\/li>\n<\/ul>\n<p>D\u00e9couvrez le nec plus ultra en mati\u00e8re de construction de courts de padel avec nos kits flexibles et performants, con\u00e7us pour donner vie \u00e0 votre vision et am\u00e9liorer chaque aspect de votre environnement de jeu.<\/p>\n<div>\u00a0<\/div>\n<\/div>\n\t\t<\/div>\n\t\t\t\t\t<\/div>\n\n\t\n<\/div>","protected":false},"excerpt":{"rendered":"<p>Des ensembles de courts de padel complets et personnalisables comprenant du gazon de qualit\u00e9 sup\u00e9rieure, des structures en acier, du verre tremp\u00e9, de l&#039;\u00e9clairage et des accessoires - con\u00e7us pour r\u00e9pondre aux normes FIP et europ\u00e9ennes en mati\u00e8re de durabilit\u00e9 et de performance.<\/p>","protected":false},"featured_media":18224,"template":"","meta":{"_seopress_robots_primary_cat":"932","_seopress_titles_title":"Complete Padel Court Kit: Grass, Framework, Glass Walls & More","_seopress_titles_desc":"Premium padel court packages with high-quality turf, galvanized steel frames, tempered glass, LED lighting, and accessories. Fully customizable, FIP and European standard compliant.","_seopress_robots_index":""},"product_brand":[],"product_cat":[932],"product_tag":[],"class_list":{"0":"post-18223","1":"product","2":"type-product","3":"status-publish","4":"has-post-thumbnail","6":"product_cat-padel","8":"first","9":"instock","10":"shipping-taxable","11":"product-type-simple"},"_links":{"self":[{"href":"https:\/\/arturf.com\/fr\/wp-json\/wp\/v2\/product\/18223","targetHints":{"allow":["GET"]}}],"collection":[{"href":"https:\/\/arturf.com\/fr\/wp-json\/wp\/v2\/product"}],"about":[{"href":"https:\/\/arturf.com\/fr\/wp-json\/wp\/v2\/types\/product"}],"wp:featuredmedia":[{"embeddable":true,"href":"https:\/\/arturf.com\/fr\/wp-json\/wp\/v2\/media\/18224"}],"wp:attachment":[{"href":"https:\/\/arturf.com\/fr\/wp-json\/wp\/v2\/media?parent=18223"}],"wp:term":[{"taxonomy":"product_brand","embeddable":true,"href":"https:\/\/arturf.com\/fr\/wp-json\/wp\/v2\/product_brand?post=18223"},{"taxonomy":"product_cat","embeddable":true,"href":"https:\/\/arturf.com\/fr\/wp-json\/wp\/v2\/product_cat?post=18223"},{"taxonomy":"product_tag","embeddable":true,"href":"https:\/\/arturf.com\/fr\/wp-json\/wp\/v2\/product_tag?post=18223"}],"curies":[{"name":"wp","href":"https:\/\/api.w.org\/{rel}","templated":true}]}}