{"id":19373,"date":"2023-09-06T21:57:13","date_gmt":"2023-09-06T13:57:13","guid":{"rendered":"https:\/\/arturf.com\/?post_type=product&#038;p=19373"},"modified":"2023-09-08T10:27:27","modified_gmt":"2023-09-08T02:27:27","slug":"rubber-tiles","status":"publish","type":"product","link":"https:\/\/arturf.com\/fr\/product\/rubber-tiles\/","title":{"rendered":"Tuiles en caoutchouc"},"content":{"rendered":"<p>Nos dalles de rev\u00eatement de sol en caoutchouc sont con\u00e7ues pour r\u00e9sister aux conditions les plus difficiles, ce qui en fait le premier choix pour les applications de rev\u00eatement de sol haut de gamme.<\/p>\n<p>Nous proposons une s\u00e9lection compl\u00e8te de produits de dalles en caoutchouc adapt\u00e9s aux aires de jeux ext\u00e9rieures et aux rev\u00eatements de sol des salles de sport int\u00e9rieures. Ils offrent une protection et un amorti essentiels, en particulier pour les joueurs qui risquent de tomber en jouant ou en participant \u00e0 des activit\u00e9s physiques.<\/p>\n<h3>Tuiles en caoutchouc pour terrain de jeu ext\u00e9rieur\u00a0:<\/h3>\n<p>Ces dalles en caoutchouc sont sp\u00e9cialement con\u00e7ues pour \u00eatre utilis\u00e9es dans les terrains de jeux, servant de surface fiable pour les tout-petits et les \u00e9quipements de jeu.<\/p>\n<ul>\n<li class=\"bullet-arrow\"><strong>Taille:<\/strong> 50 cm x 50 cm<\/li>\n<li class=\"bullet-arrow\"><strong>Options d&#039;\u00e9paisseur\u00a0:<\/strong> 20 mm, 25 mm, 30 mm, 35 mm, 40 mm, 45 mm, 50 mm<\/li>\n<li class=\"bullet-arrow\"><strong>Couleur standard\u00a0: <\/strong>Noir, Rouge, Vert<\/li>\n<li class=\"bullet-arrow\"><strong>Couleur personnalisable :<\/strong> Jaune, Bleu, Gris<\/li>\n<\/ul>\n<h4>Galerie<\/h4>\n\n  \n    <div class=\"row large-columns-5 medium-columns-3 small-columns-2\" >\n  <div class=\"gallery-col col\" >\n          <div class=\"col-inner\">\n            <a class=\"image-lightbox lightbox-gallery\" href=\"https:\/\/arturf.com\/wp-content\/uploads\/2023\/09\/Outdoor-Rubber-Tiles-Teamsports-1-1.jpg\" title=\"\">            <div class=\"box has-hover gallery-box box-overlay dark\">\n              <div class=\"box-image\" >\n                <img loading=\"lazy\" decoding=\"async\" width=\"500\" height=\"375\" src=\"https:\/\/arturf.com\/wp-content\/uploads\/2023\/09\/Outdoor-Rubber-Tiles-Teamsports-1-1-500x375.jpg\" class=\"attachment-medium size-medium\" alt=\"Tuiles en caoutchouc\" ids=\"19381,19382,19383,19384,19385\" columns=\"5\" srcset=\"https:\/\/arturf.com\/wp-content\/uploads\/2023\/09\/Outdoor-Rubber-Tiles-Teamsports-1-1-500x375.jpg 500w, https:\/\/arturf.com\/wp-content\/uploads\/2023\/09\/Outdoor-Rubber-Tiles-Teamsports-1-1-200x150.jpg 200w, https:\/\/arturf.com\/wp-content\/uploads\/2023\/09\/Outdoor-Rubber-Tiles-Teamsports-1-1-768x576.jpg 768w, https:\/\/arturf.com\/wp-content\/uploads\/2023\/09\/Outdoor-Rubber-Tiles-Teamsports-1-1-16x12.jpg 16w, https:\/\/arturf.com\/wp-content\/uploads\/2023\/09\/Outdoor-Rubber-Tiles-Teamsports-1-1-350x263.jpg 350w, https:\/\/arturf.com\/wp-content\/uploads\/2023\/09\/Outdoor-Rubber-Tiles-Teamsports-1-1-510x383.jpg 510w, https:\/\/arturf.com\/wp-content\/uploads\/2023\/09\/Outdoor-Rubber-Tiles-Teamsports-1-1.jpg 1000w\" sizes=\"auto, (max-width: 500px) 100vw, 500px\" \/>                                  <div class=\"overlay fill\"\n                      style=\"background-color: rgba(0,0,0,.15)\">\n                  <\/div>\n                                                              <\/div>\n              <div class=\"box-text text-left\" >\n                 <p><\/p>\n              <\/div>\n            <\/div>\n            <\/a>          <\/div>\n         <\/div><div class=\"gallery-col col\" >\n          <div class=\"col-inner\">\n            <a class=\"image-lightbox lightbox-gallery\" href=\"https:\/\/arturf.com\/wp-content\/uploads\/2023\/09\/Outdoor-Rubber-Tiles-Teamsports-2.jpg\" title=\"\">            <div class=\"box has-hover gallery-box box-overlay dark\">\n              <div class=\"box-image\" >\n                <img loading=\"lazy\" decoding=\"async\" width=\"500\" height=\"375\" src=\"https:\/\/arturf.com\/wp-content\/uploads\/2023\/09\/Outdoor-Rubber-Tiles-Teamsports-2-500x375.jpg\" class=\"attachment-medium size-medium\" alt=\"Tuiles en caoutchouc\" ids=\"19381,19382,19383,19384,19385\" columns=\"5\" srcset=\"https:\/\/arturf.com\/wp-content\/uploads\/2023\/09\/Outdoor-Rubber-Tiles-Teamsports-2-500x375.jpg 500w, https:\/\/arturf.com\/wp-content\/uploads\/2023\/09\/Outdoor-Rubber-Tiles-Teamsports-2-200x150.jpg 200w, https:\/\/arturf.com\/wp-content\/uploads\/2023\/09\/Outdoor-Rubber-Tiles-Teamsports-2-768x576.jpg 768w, https:\/\/arturf.com\/wp-content\/uploads\/2023\/09\/Outdoor-Rubber-Tiles-Teamsports-2-16x12.jpg 16w, https:\/\/arturf.com\/wp-content\/uploads\/2023\/09\/Outdoor-Rubber-Tiles-Teamsports-2-350x263.jpg 350w, https:\/\/arturf.com\/wp-content\/uploads\/2023\/09\/Outdoor-Rubber-Tiles-Teamsports-2-510x383.jpg 510w, https:\/\/arturf.com\/wp-content\/uploads\/2023\/09\/Outdoor-Rubber-Tiles-Teamsports-2.jpg 1000w\" sizes=\"auto, (max-width: 500px) 100vw, 500px\" \/>                                  <div class=\"overlay fill\"\n                      style=\"background-color: rgba(0,0,0,.15)\">\n                  <\/div>\n                                                              <\/div>\n              <div class=\"box-text text-left\" >\n                 <p><\/p>\n              <\/div>\n            <\/div>\n            <\/a>          <\/div>\n         <\/div><div class=\"gallery-col col\" >\n          <div class=\"col-inner\">\n            <a class=\"image-lightbox lightbox-gallery\" href=\"https:\/\/arturf.com\/wp-content\/uploads\/2023\/09\/Outdoor-Rubber-Tiles-Teamsports-3.jpg\" title=\"\">            <div class=\"box has-hover gallery-box box-overlay dark\">\n              <div class=\"box-image\" >\n                <img loading=\"lazy\" decoding=\"async\" width=\"500\" height=\"375\" src=\"https:\/\/arturf.com\/wp-content\/uploads\/2023\/09\/Outdoor-Rubber-Tiles-Teamsports-3-500x375.jpg\" class=\"attachment-medium size-medium\" alt=\"Tuiles en caoutchouc\" ids=\"19381,19382,19383,19384,19385\" columns=\"5\" srcset=\"https:\/\/arturf.com\/wp-content\/uploads\/2023\/09\/Outdoor-Rubber-Tiles-Teamsports-3-500x375.jpg 500w, https:\/\/arturf.com\/wp-content\/uploads\/2023\/09\/Outdoor-Rubber-Tiles-Teamsports-3-200x150.jpg 200w, https:\/\/arturf.com\/wp-content\/uploads\/2023\/09\/Outdoor-Rubber-Tiles-Teamsports-3-768x575.jpg 768w, https:\/\/arturf.com\/wp-content\/uploads\/2023\/09\/Outdoor-Rubber-Tiles-Teamsports-3-16x12.jpg 16w, https:\/\/arturf.com\/wp-content\/uploads\/2023\/09\/Outdoor-Rubber-Tiles-Teamsports-3-350x263.jpg 350w, https:\/\/arturf.com\/wp-content\/uploads\/2023\/09\/Outdoor-Rubber-Tiles-Teamsports-3-510x382.jpg 510w, https:\/\/arturf.com\/wp-content\/uploads\/2023\/09\/Outdoor-Rubber-Tiles-Teamsports-3.jpg 1000w\" sizes=\"auto, (max-width: 500px) 100vw, 500px\" \/>                                  <div class=\"overlay fill\"\n                      style=\"background-color: rgba(0,0,0,.15)\">\n                  <\/div>\n                                                              <\/div>\n              <div class=\"box-text text-left\" >\n                 <p><\/p>\n              <\/div>\n            <\/div>\n            <\/a>          <\/div>\n         <\/div><div class=\"gallery-col col\" >\n          <div class=\"col-inner\">\n            <a class=\"image-lightbox lightbox-gallery\" href=\"https:\/\/arturf.com\/wp-content\/uploads\/2023\/09\/Outdoor-Rubber-Tiles-Teamsports-4.jpg\" title=\"\">            <div class=\"box has-hover gallery-box box-overlay dark\">\n              <div class=\"box-image\" >\n                <img loading=\"lazy\" decoding=\"async\" width=\"500\" height=\"375\" src=\"https:\/\/arturf.com\/wp-content\/uploads\/2023\/09\/Outdoor-Rubber-Tiles-Teamsports-4-500x375.jpg\" class=\"attachment-medium size-medium\" alt=\"Tuiles en caoutchouc\" ids=\"19381,19382,19383,19384,19385\" columns=\"5\" srcset=\"https:\/\/arturf.com\/wp-content\/uploads\/2023\/09\/Outdoor-Rubber-Tiles-Teamsports-4-500x375.jpg 500w, https:\/\/arturf.com\/wp-content\/uploads\/2023\/09\/Outdoor-Rubber-Tiles-Teamsports-4-200x150.jpg 200w, https:\/\/arturf.com\/wp-content\/uploads\/2023\/09\/Outdoor-Rubber-Tiles-Teamsports-4-768x576.jpg 768w, https:\/\/arturf.com\/wp-content\/uploads\/2023\/09\/Outdoor-Rubber-Tiles-Teamsports-4-16x12.jpg 16w, https:\/\/arturf.com\/wp-content\/uploads\/2023\/09\/Outdoor-Rubber-Tiles-Teamsports-4-350x263.jpg 350w, https:\/\/arturf.com\/wp-content\/uploads\/2023\/09\/Outdoor-Rubber-Tiles-Teamsports-4-510x383.jpg 510w, https:\/\/arturf.com\/wp-content\/uploads\/2023\/09\/Outdoor-Rubber-Tiles-Teamsports-4.jpg 1000w\" sizes=\"auto, (max-width: 500px) 100vw, 500px\" \/>                                  <div class=\"overlay fill\"\n                      style=\"background-color: rgba(0,0,0,.15)\">\n                  <\/div>\n                                                              <\/div>\n              <div class=\"box-text text-left\" >\n                 <p><\/p>\n              <\/div>\n            <\/div>\n            <\/a>          <\/div>\n         <\/div><div class=\"gallery-col col\" >\n          <div class=\"col-inner\">\n            <a class=\"image-lightbox lightbox-gallery\" href=\"https:\/\/arturf.com\/wp-content\/uploads\/2023\/09\/Outdoor-Rubber-Tiles-Teamsports-5.jpg\" title=\"\">            <div class=\"box has-hover gallery-box box-overlay dark\">\n              <div class=\"box-image\" >\n                <img loading=\"lazy\" decoding=\"async\" width=\"500\" height=\"375\" src=\"https:\/\/arturf.com\/wp-content\/uploads\/2023\/09\/Outdoor-Rubber-Tiles-Teamsports-5-500x375.jpg\" class=\"attachment-medium size-medium\" alt=\"Tuiles en caoutchouc\" ids=\"19381,19382,19383,19384,19385\" columns=\"5\" srcset=\"https:\/\/arturf.com\/wp-content\/uploads\/2023\/09\/Outdoor-Rubber-Tiles-Teamsports-5-500x375.jpg 500w, https:\/\/arturf.com\/wp-content\/uploads\/2023\/09\/Outdoor-Rubber-Tiles-Teamsports-5-200x150.jpg 200w, https:\/\/arturf.com\/wp-content\/uploads\/2023\/09\/Outdoor-Rubber-Tiles-Teamsports-5-768x576.jpg 768w, https:\/\/arturf.com\/wp-content\/uploads\/2023\/09\/Outdoor-Rubber-Tiles-Teamsports-5-16x12.jpg 16w, https:\/\/arturf.com\/wp-content\/uploads\/2023\/09\/Outdoor-Rubber-Tiles-Teamsports-5-350x263.jpg 350w, https:\/\/arturf.com\/wp-content\/uploads\/2023\/09\/Outdoor-Rubber-Tiles-Teamsports-5-510x383.jpg 510w, https:\/\/arturf.com\/wp-content\/uploads\/2023\/09\/Outdoor-Rubber-Tiles-Teamsports-5.jpg 1000w\" sizes=\"auto, (max-width: 500px) 100vw, 500px\" \/>                                  <div class=\"overlay fill\"\n                      style=\"background-color: rgba(0,0,0,.15)\">\n                  <\/div>\n                                                              <\/div>\n              <div class=\"box-text text-left\" >\n                 <p><\/p>\n              <\/div>\n            <\/div>\n            <\/a>          <\/div>\n         <\/div><\/div>\n<p><span style=\"font-size: 20.16px;\">Tuiles en caoutchouc de verrouillage d&#039;int\u00e9rieur\u00a0:<\/span><\/p>\n<p>Nos dalles de rev\u00eatement de sol en caoutchouc pour int\u00e9rieur sont dot\u00e9es d&#039;un m\u00e9canisme de verrouillage innovant, utilisant des broches de connecteur en plastique robustes. Chaque dalle en caoutchouc comporte deux trous sur les quatre c\u00f4t\u00e9s, ce qui donne un total de cinq broches de connecteur par dalle. Ces broches sont fabriqu\u00e9es \u00e0 partir de plastique robuste avec des bords f\u00e9rul\u00e9s qui les ancrent solidement dans le carreau une fois ins\u00e9r\u00e9es. Le processus d&#039;installation est sans tracas, \u00e9liminant le besoin de colle salissante ou d&#039;installateurs professionnels co\u00fbteux. Gr\u00e2ce \u00e0 notre conception adapt\u00e9e aux bricoleurs, tout le monde peut facilement obtenir une solution de rev\u00eatement de sol homog\u00e8ne et durable.<\/p>\n<ul>\n<li class=\"bullet-arrow\"><strong>Taille:<\/strong> 50 cm x 50 cm, 100 cm x 100 cm<\/li>\n<li class=\"bullet-arrow\"><strong>Options d&#039;\u00e9paisseur\u00a0:<\/strong> 15 mm, 20 mm, 25 mm, 30 mm, 35 mm, 40 mm, 45 mm, 50 mm<\/li>\n<li class=\"bullet-arrow\"><strong>Couleur: <\/strong>Contactez-nous pour plus d&#039;informations.<\/li>\n<\/ul>\n<h4>Galerie<\/p>\n<\/h4>\n\n  \n    <div class=\"row large-columns-5 medium-columns-3 small-columns-2\" >\n  <div class=\"gallery-col col\" >\n          <div class=\"col-inner\">\n            <a class=\"image-lightbox lightbox-gallery\" href=\"https:\/\/arturf.com\/wp-content\/uploads\/2023\/09\/Gym-Rubber-Tiles-Teamsports-1.jpg\" title=\"\">            <div class=\"box has-hover gallery-box box-overlay dark\">\n              <div class=\"box-image\" >\n                <img loading=\"lazy\" decoding=\"async\" width=\"500\" height=\"375\" src=\"https:\/\/arturf.com\/wp-content\/uploads\/2023\/09\/Gym-Rubber-Tiles-Teamsports-1-500x375.jpg\" class=\"attachment-medium size-medium\" alt=\"Tuiles en caoutchouc\" ids=\"19376,19377,19378,19379,19380\" columns=\"5\" srcset=\"https:\/\/arturf.com\/wp-content\/uploads\/2023\/09\/Gym-Rubber-Tiles-Teamsports-1-500x375.jpg 500w, https:\/\/arturf.com\/wp-content\/uploads\/2023\/09\/Gym-Rubber-Tiles-Teamsports-1-200x150.jpg 200w, https:\/\/arturf.com\/wp-content\/uploads\/2023\/09\/Gym-Rubber-Tiles-Teamsports-1-768x576.jpg 768w, https:\/\/arturf.com\/wp-content\/uploads\/2023\/09\/Gym-Rubber-Tiles-Teamsports-1-16x12.jpg 16w, https:\/\/arturf.com\/wp-content\/uploads\/2023\/09\/Gym-Rubber-Tiles-Teamsports-1-350x263.jpg 350w, https:\/\/arturf.com\/wp-content\/uploads\/2023\/09\/Gym-Rubber-Tiles-Teamsports-1-510x383.jpg 510w, https:\/\/arturf.com\/wp-content\/uploads\/2023\/09\/Gym-Rubber-Tiles-Teamsports-1.jpg 1000w\" sizes=\"auto, (max-width: 500px) 100vw, 500px\" \/>                                  <div class=\"overlay fill\"\n                      style=\"background-color: rgba(0,0,0,.15)\">\n                  <\/div>\n                                                              <\/div>\n              <div class=\"box-text text-left\" >\n                 <p><\/p>\n              <\/div>\n            <\/div>\n            <\/a>          <\/div>\n         <\/div><div class=\"gallery-col col\" >\n          <div class=\"col-inner\">\n            <a class=\"image-lightbox lightbox-gallery\" href=\"https:\/\/arturf.com\/wp-content\/uploads\/2023\/09\/Gym-Rubber-Tiles-Teamsports-2.jpg\" title=\"\">            <div class=\"box has-hover gallery-box box-overlay dark\">\n              <div class=\"box-image\" >\n                <img loading=\"lazy\" decoding=\"async\" width=\"500\" height=\"375\" src=\"https:\/\/arturf.com\/wp-content\/uploads\/2023\/09\/Gym-Rubber-Tiles-Teamsports-2-500x375.jpg\" class=\"attachment-medium size-medium\" alt=\"Tuiles en caoutchouc\" ids=\"19376,19377,19378,19379,19380\" columns=\"5\" srcset=\"https:\/\/arturf.com\/wp-content\/uploads\/2023\/09\/Gym-Rubber-Tiles-Teamsports-2-500x375.jpg 500w, https:\/\/arturf.com\/wp-content\/uploads\/2023\/09\/Gym-Rubber-Tiles-Teamsports-2-200x150.jpg 200w, https:\/\/arturf.com\/wp-content\/uploads\/2023\/09\/Gym-Rubber-Tiles-Teamsports-2-768x576.jpg 768w, https:\/\/arturf.com\/wp-content\/uploads\/2023\/09\/Gym-Rubber-Tiles-Teamsports-2-16x12.jpg 16w, https:\/\/arturf.com\/wp-content\/uploads\/2023\/09\/Gym-Rubber-Tiles-Teamsports-2-350x263.jpg 350w, https:\/\/arturf.com\/wp-content\/uploads\/2023\/09\/Gym-Rubber-Tiles-Teamsports-2-510x383.jpg 510w, https:\/\/arturf.com\/wp-content\/uploads\/2023\/09\/Gym-Rubber-Tiles-Teamsports-2.jpg 1000w\" sizes=\"auto, (max-width: 500px) 100vw, 500px\" \/>                                  <div class=\"overlay fill\"\n                      style=\"background-color: rgba(0,0,0,.15)\">\n                  <\/div>\n                                                              <\/div>\n              <div class=\"box-text text-left\" >\n                 <p><\/p>\n              <\/div>\n            <\/div>\n            <\/a>          <\/div>\n         <\/div><div class=\"gallery-col col\" >\n          <div class=\"col-inner\">\n            <a class=\"image-lightbox lightbox-gallery\" href=\"https:\/\/arturf.com\/wp-content\/uploads\/2023\/09\/Gym-Rubber-Tiles-Teamsports-3.jpg\" title=\"\">            <div class=\"box has-hover gallery-box box-overlay dark\">\n              <div class=\"box-image\" >\n                <img loading=\"lazy\" decoding=\"async\" width=\"500\" height=\"375\" src=\"https:\/\/arturf.com\/wp-content\/uploads\/2023\/09\/Gym-Rubber-Tiles-Teamsports-3-500x375.jpg\" class=\"attachment-medium size-medium\" alt=\"Tuiles en caoutchouc\" ids=\"19376,19377,19378,19379,19380\" columns=\"5\" srcset=\"https:\/\/arturf.com\/wp-content\/uploads\/2023\/09\/Gym-Rubber-Tiles-Teamsports-3-500x375.jpg 500w, https:\/\/arturf.com\/wp-content\/uploads\/2023\/09\/Gym-Rubber-Tiles-Teamsports-3-200x150.jpg 200w, https:\/\/arturf.com\/wp-content\/uploads\/2023\/09\/Gym-Rubber-Tiles-Teamsports-3-768x575.jpg 768w, https:\/\/arturf.com\/wp-content\/uploads\/2023\/09\/Gym-Rubber-Tiles-Teamsports-3-16x12.jpg 16w, https:\/\/arturf.com\/wp-content\/uploads\/2023\/09\/Gym-Rubber-Tiles-Teamsports-3-350x263.jpg 350w, https:\/\/arturf.com\/wp-content\/uploads\/2023\/09\/Gym-Rubber-Tiles-Teamsports-3-510x382.jpg 510w, https:\/\/arturf.com\/wp-content\/uploads\/2023\/09\/Gym-Rubber-Tiles-Teamsports-3.jpg 1000w\" sizes=\"auto, (max-width: 500px) 100vw, 500px\" \/>                                  <div class=\"overlay fill\"\n                      style=\"background-color: rgba(0,0,0,.15)\">\n                  <\/div>\n                                                              <\/div>\n              <div class=\"box-text text-left\" >\n                 <p><\/p>\n              <\/div>\n            <\/div>\n            <\/a>          <\/div>\n         <\/div><div class=\"gallery-col col\" >\n          <div class=\"col-inner\">\n            <a class=\"image-lightbox lightbox-gallery\" href=\"https:\/\/arturf.com\/wp-content\/uploads\/2023\/09\/Gym-Rubber-Tiles-Teamsports-4.jpg\" title=\"\">            <div class=\"box has-hover gallery-box box-overlay dark\">\n              <div class=\"box-image\" >\n                <img loading=\"lazy\" decoding=\"async\" width=\"500\" height=\"375\" src=\"https:\/\/arturf.com\/wp-content\/uploads\/2023\/09\/Gym-Rubber-Tiles-Teamsports-4-500x375.jpg\" class=\"attachment-medium size-medium\" alt=\"Tuiles en caoutchouc\" ids=\"19376,19377,19378,19379,19380\" columns=\"5\" srcset=\"https:\/\/arturf.com\/wp-content\/uploads\/2023\/09\/Gym-Rubber-Tiles-Teamsports-4-500x375.jpg 500w, https:\/\/arturf.com\/wp-content\/uploads\/2023\/09\/Gym-Rubber-Tiles-Teamsports-4-200x150.jpg 200w, https:\/\/arturf.com\/wp-content\/uploads\/2023\/09\/Gym-Rubber-Tiles-Teamsports-4-768x576.jpg 768w, https:\/\/arturf.com\/wp-content\/uploads\/2023\/09\/Gym-Rubber-Tiles-Teamsports-4-16x12.jpg 16w, https:\/\/arturf.com\/wp-content\/uploads\/2023\/09\/Gym-Rubber-Tiles-Teamsports-4-350x263.jpg 350w, https:\/\/arturf.com\/wp-content\/uploads\/2023\/09\/Gym-Rubber-Tiles-Teamsports-4-510x383.jpg 510w, https:\/\/arturf.com\/wp-content\/uploads\/2023\/09\/Gym-Rubber-Tiles-Teamsports-4.jpg 1000w\" sizes=\"auto, (max-width: 500px) 100vw, 500px\" \/>                                  <div class=\"overlay fill\"\n                      style=\"background-color: rgba(0,0,0,.15)\">\n                  <\/div>\n                                                              <\/div>\n              <div class=\"box-text text-left\" >\n                 <p><\/p>\n              <\/div>\n            <\/div>\n            <\/a>          <\/div>\n         <\/div><div class=\"gallery-col col\" >\n          <div class=\"col-inner\">\n            <a class=\"image-lightbox lightbox-gallery\" href=\"https:\/\/arturf.com\/wp-content\/uploads\/2023\/09\/Gym-Rubber-Tiles-Teamsports-5.jpg\" title=\"\">            <div class=\"box has-hover gallery-box box-overlay dark\">\n              <div class=\"box-image\" >\n                <img loading=\"lazy\" decoding=\"async\" width=\"500\" height=\"375\" src=\"https:\/\/arturf.com\/wp-content\/uploads\/2023\/09\/Gym-Rubber-Tiles-Teamsports-5-500x375.jpg\" class=\"attachment-medium size-medium\" alt=\"Tuiles en caoutchouc\" ids=\"19376,19377,19378,19379,19380\" columns=\"5\" srcset=\"https:\/\/arturf.com\/wp-content\/uploads\/2023\/09\/Gym-Rubber-Tiles-Teamsports-5-500x375.jpg 500w, https:\/\/arturf.com\/wp-content\/uploads\/2023\/09\/Gym-Rubber-Tiles-Teamsports-5-200x150.jpg 200w, https:\/\/arturf.com\/wp-content\/uploads\/2023\/09\/Gym-Rubber-Tiles-Teamsports-5-768x576.jpg 768w, https:\/\/arturf.com\/wp-content\/uploads\/2023\/09\/Gym-Rubber-Tiles-Teamsports-5-16x12.jpg 16w, https:\/\/arturf.com\/wp-content\/uploads\/2023\/09\/Gym-Rubber-Tiles-Teamsports-5-350x263.jpg 350w, https:\/\/arturf.com\/wp-content\/uploads\/2023\/09\/Gym-Rubber-Tiles-Teamsports-5-510x383.jpg 510w, https:\/\/arturf.com\/wp-content\/uploads\/2023\/09\/Gym-Rubber-Tiles-Teamsports-5.jpg 1000w\" sizes=\"auto, (max-width: 500px) 100vw, 500px\" \/>                                  <div class=\"overlay fill\"\n                      style=\"background-color: rgba(0,0,0,.15)\">\n                  <\/div>\n                                                              <\/div>\n              <div class=\"box-text text-left\" >\n                 <p><\/p>\n              <\/div>\n            <\/div>\n            <\/a>          <\/div>\n         <\/div><\/div>","protected":false},"excerpt":{"rendered":"<p>Nos dalles en caoutchouc \u00e9pais sont con\u00e7ues pour r\u00e9sister \u00e0 une utilisation intensive dans les gymnases, les terrains de jeux ou comme protection de sol. Installation facile \u00e0 faire soi-m\u00eame avec un design embo\u00eetable (dalles en caoutchouc pour l&#039;int\u00e9rieur). Des options sont disponibles pour les applications int\u00e9rieures et ext\u00e9rieures.<\/p>","protected":false},"featured_media":19374,"template":"","meta":{"_seopress_robots_primary_cat":"","_seopress_titles_title":"Outdoor Playground Rubber Tiles &amp; Indoor Interlocking Rubber Tiles","_seopress_titles_desc":"","_seopress_robots_index":""},"product_brand":[],"product_cat":[831],"product_tag":[],"class_list":{"0":"post-19373","1":"product","2":"type-product","3":"status-publish","4":"has-post-thumbnail","6":"product_cat-extras","8":"first","9":"instock","10":"shipping-taxable","11":"product-type-simple"},"_links":{"self":[{"href":"https:\/\/arturf.com\/fr\/wp-json\/wp\/v2\/product\/19373","targetHints":{"allow":["GET"]}}],"collection":[{"href":"https:\/\/arturf.com\/fr\/wp-json\/wp\/v2\/product"}],"about":[{"href":"https:\/\/arturf.com\/fr\/wp-json\/wp\/v2\/types\/product"}],"wp:featuredmedia":[{"embeddable":true,"href":"https:\/\/arturf.com\/fr\/wp-json\/wp\/v2\/media\/19374"}],"wp:attachment":[{"href":"https:\/\/arturf.com\/fr\/wp-json\/wp\/v2\/media?parent=19373"}],"wp:term":[{"taxonomy":"product_brand","embeddable":true,"href":"https:\/\/arturf.com\/fr\/wp-json\/wp\/v2\/product_brand?post=19373"},{"taxonomy":"product_cat","embeddable":true,"href":"https:\/\/arturf.com\/fr\/wp-json\/wp\/v2\/product_cat?post=19373"},{"taxonomy":"product_tag","embeddable":true,"href":"https:\/\/arturf.com\/fr\/wp-json\/wp\/v2\/product_tag?post=19373"}],"curies":[{"name":"wp","href":"https:\/\/api.w.org\/{rel}","templated":true}]}}