{"id":19515,"date":"2023-09-27T17:49:19","date_gmt":"2023-09-27T09:49:19","guid":{"rendered":"https:\/\/arturf.com\/?post_type=product&#038;p=19515"},"modified":"2025-06-02T15:47:15","modified_gmt":"2025-06-02T07:47:15","slug":"padel-flex","status":"publish","type":"product","link":"https:\/\/arturf.com\/fr\/product\/padel-flex\/","title":{"rendered":"PadelFlex"},"content":{"rendered":"<p>PadelFlex est un syst\u00e8me de gazon artificiel de premier plan con\u00e7u pour am\u00e9liorer l&#039;exp\u00e9rience du terrain de padel. Il convient \u00e9galement aux surfaces de tennis et multisports. Compos\u00e9 de monofilaments textur\u00e9s, PadelFlex garantit des performances et une long\u00e9vit\u00e9 sup\u00e9rieures.<\/p>\n<p><strong>Principales caract\u00e9ristiques:<\/strong><\/p>\n<ol>\n<li><strong>\u00a0Coh\u00e9rence du rebond\u00a0:<\/strong> <br \/>PadelFlex garantit un rebond angulaire et vertical constant sur les courts de padel. Que la balle touche la surface ou les parois vitr\u00e9es, les joueurs peuvent compter sur des caract\u00e9ristiques de rebond uniformes tout au long de la partie.<\/li>\n<li><strong style=\"color: #555555; font-size: 14.4px;\">Durabilit\u00e9:<\/strong><span style=\"color: #555555; font-size: 14.4px;\"> <br \/>Gr\u00e2ce \u00e0 sa construction robuste et \u00e0 sa fibre et son support extr\u00eamement r\u00e9sistants, PadelFlex maintient des performances \u00e9lev\u00e9es m\u00eame en cas d&#039;utilisation intense. Les fibres textur\u00e9es aident \u00e0 retenir le sable, am\u00e9liorant ainsi la stabilit\u00e9 du terrain et r\u00e9duisant l&#039;usure des fibres et des balles.<\/span><\/li>\n<li><strong style=\"color: #555555; font-size: 14.4px;\">Polyvalence:<\/strong><span style=\"color: #555555; font-size: 14.4px;\"> <br \/>PadelFlex est con\u00e7u pour une utilisation polyvalente. Que vous installiez un court de padel int\u00e9rieur ou ext\u00e9rieur, ou m\u00eame que vous envisagiez une application de tennis ou multisports, ce syst\u00e8me de gazon synth\u00e9tique offre des r\u00e9sultats exceptionnels dans divers sc\u00e9narios sportifs.<\/span><\/li>\n<li><strong style=\"color: #555555; font-size: 14.4px;\">Jeu am\u00e9lior\u00e9\u00a0:<\/strong><span style=\"color: #555555; font-size: 14.4px;\"> <br \/>Les monofilaments textur\u00e9s contribuent \u00e0 une surface de jeu lisse et fiable, am\u00e9liorant ainsi l&#039;exp\u00e9rience de jeu globale. Cela garantit que les joueurs peuvent se concentrer sur leurs comp\u00e9tences sans \u00eatre g\u00ean\u00e9s par des rebonds incoh\u00e9rents ou des probl\u00e8mes li\u00e9s \u00e0 l&#039;usure.<\/span><\/li>\n<li><strong style=\"color: #555555; font-size: 14.4px;\">Durabilit\u00e9:<\/strong><span style=\"color: #555555; font-size: 14.4px;\"> <br \/>PadelFlex est con\u00e7u dans un souci de durabilit\u00e9. Ses performances durables r\u00e9duisent le besoin de remplacements fr\u00e9quents, ce qui entra\u00eene moins de d\u00e9chets et un choix plus \u00e9cologique pour les installations sportives.<\/span><\/li>\n<\/ol>\n<h3>Options de rev\u00eatement arri\u00e8re\u00a0:<\/h3>\n\n\t<section class=\"section\" id=\"section_1931100210\">\n\t\t<div class=\"section-bg fill\" >\n\t\t\t\t\t\t\t\t\t\n\t\t\t\n\n\t\t<\/div>\n\n\t\t\n\n\t\t<div class=\"section-content relative\">\n\t\t\t\n<div class=\"row\"  id=\"row-2023002264\">\n\n\t<div id=\"col-1900312100\" class=\"col medium-4 small-12 large-4\"  >\n\t\t\t\t<div class=\"col-inner\"  >\n\t\t\t\n\t\t\t\n\t<div class=\"box has-hover   has-hover box-text-bottom\" >\n\n\t\t<div class=\"box-image\" style=\"border-radius:50%;\">\n\t\t\t\t\t\t<div class=\"image-cover\" style=\"padding-top:100%;\">\n\t\t\t\t<img loading=\"lazy\" decoding=\"async\" width=\"800\" height=\"800\" src=\"https:\/\/arturf.com\/wp-content\/uploads\/2023\/09\/Padel-Flex-Backing-Option-SBR-Latex.jpg\" class=\"attachment- size-\" alt=\"Padel\" srcset=\"https:\/\/arturf.com\/wp-content\/uploads\/2023\/09\/Padel-Flex-Backing-Option-SBR-Latex.jpg 800w, https:\/\/arturf.com\/wp-content\/uploads\/2023\/09\/Padel-Flex-Backing-Option-SBR-Latex-500x500.jpg 500w, https:\/\/arturf.com\/wp-content\/uploads\/2023\/09\/Padel-Flex-Backing-Option-SBR-Latex-768x768.jpg 768w, https:\/\/arturf.com\/wp-content\/uploads\/2023\/09\/Padel-Flex-Backing-Option-SBR-Latex-12x12.jpg 12w, https:\/\/arturf.com\/wp-content\/uploads\/2023\/09\/Padel-Flex-Backing-Option-SBR-Latex-510x510.jpg 510w, https:\/\/arturf.com\/wp-content\/uploads\/2023\/09\/Padel-Flex-Backing-Option-SBR-Latex-100x100.jpg 100w\" sizes=\"auto, (max-width: 800px) 100vw, 800px\" \/>\t\t\t\t\t\t\t\t\t\t\t<\/div>\n\t\t\t\t\t<\/div>\n\n\t\t<div class=\"box-text text-center\" >\n\t\t\t<div class=\"box-text-inner\">\n\t\t\t\t\n<h4>Support enduit de latex SBR<\/h4>\n<p>Une option de rev\u00eatement solide et \u00e9conomique.<\/p>\n\t\t\t<\/div>\n\t\t<\/div>\n\t<\/div>\n\t\n\t\t<\/div>\n\t\t\t\t\t<\/div>\n\n\t\n\n\t<div id=\"col-1194539450\" class=\"col medium-4 small-12 large-4\"  >\n\t\t\t\t<div class=\"col-inner\"  >\n\t\t\t\n\t\t\t\n\t<div class=\"box has-hover   has-hover box-text-bottom\" >\n\n\t\t<div class=\"box-image\" style=\"border-radius:50%;\">\n\t\t\t\t\t\t<div class=\"image-cover\" style=\"padding-top:100%;\">\n\t\t\t\t<img loading=\"lazy\" decoding=\"async\" width=\"800\" height=\"800\" src=\"https:\/\/arturf.com\/wp-content\/uploads\/2023\/09\/Padel-Flex-Backing-Option-PU.jpg\" class=\"attachment- size-\" alt=\"Padel\" srcset=\"https:\/\/arturf.com\/wp-content\/uploads\/2023\/09\/Padel-Flex-Backing-Option-PU.jpg 800w, https:\/\/arturf.com\/wp-content\/uploads\/2023\/09\/Padel-Flex-Backing-Option-PU-500x500.jpg 500w, https:\/\/arturf.com\/wp-content\/uploads\/2023\/09\/Padel-Flex-Backing-Option-PU-768x768.jpg 768w, https:\/\/arturf.com\/wp-content\/uploads\/2023\/09\/Padel-Flex-Backing-Option-PU-12x12.jpg 12w, https:\/\/arturf.com\/wp-content\/uploads\/2023\/09\/Padel-Flex-Backing-Option-PU-510x510.jpg 510w, https:\/\/arturf.com\/wp-content\/uploads\/2023\/09\/Padel-Flex-Backing-Option-PU-100x100.jpg 100w\" sizes=\"auto, (max-width: 800px) 100vw, 800px\" \/>\t\t\t\t\t\t\t\t\t\t\t<\/div>\n\t\t\t\t\t<\/div>\n\n\t\t<div class=\"box-text text-center\" >\n\t\t\t<div class=\"box-text-inner\">\n\t\t\t\t\n<h4>Garniture enduite de PU (polyur\u00e9thane)<\/h4>\n<p>Extr\u00eamement solide et durable, il maintient fermement les fibres, ce qui le rend id\u00e9al pour un trafic intense et une comp\u00e9tition intense.<\/p>\n\t\t\t<\/div>\n\t\t<\/div>\n\t<\/div>\n\t\n\t\t<\/div>\n\t\t\t\t\t<\/div>\n\n\t\n\n\t<div id=\"col-1144107370\" class=\"col medium-4 small-12 large-4\"  >\n\t\t\t\t<div class=\"col-inner\"  >\n\t\t\t\n\t\t\t\n\t\t<\/div>\n\t\t\t\t\t<\/div>\n\n\t\n<\/div>\n\t\t<\/div>\n\n\t\t\n<style>\n#section_1931100210 {\n  padding-top: 30px;\n  padding-bottom: 30px;\n}\n<\/style>\n\t<\/section>\n\t\n<p>En conclusion, PadelFlex est le choix incontournable pour ceux qui recherchent un syst\u00e8me de gazon artificiel qui apporte fiabilit\u00e9, coh\u00e9rence et durabilit\u00e9 aux courts de padel, aux courts de tennis et aux surfaces multisports. Avec son design innovant et ses mat\u00e9riaux de haute qualit\u00e9, c&#039;est un investissement dans l&#039;avenir de votre installation sportive.<\/p>\n<p>En plus du gazon artificiel de padel, nous proposons un ensemble complet de composants pour la construction de courts de padel. Consultez les d\u00e9tails du produit ci-dessous.<\/p>\n\t\n  \n    <div class=\"row  equalize-box large-columns-3 medium-columns- small-columns-2 row-small slider row-slider slider-nav-reveal slider-nav-push\"  data-flickity-options='{&quot;imagesLoaded&quot;: true, &quot;groupCells&quot;: &quot;100%&quot;, &quot;dragThreshold&quot; : 5, &quot;cellAlign&quot;: &quot;left&quot;,&quot;wrapAround&quot;: true,&quot;prevNextButtons&quot;: true,&quot;percentPosition&quot;: true,&quot;pageDots&quot;: false, &quot;rightToLeft&quot;: false, &quot;autoPlay&quot; : false}' >\n\n  \n\t     <div class=\"product-small col has-hover product type-product post-18223 status-publish first instock product_cat-padel has-post-thumbnail shipping-taxable product-type-simple\">\n\t<div class=\"col-inner\">\n\t\n<div class=\"badge-container absolute left top z-1\">\n\n<\/div>\n\t<div class=\"product-small box\">\n\t\t<div class=\"box-image\">\n\t\t\t<div class=\"image-fade_in_back\">\n\t\t\t\t<a href=\"https:\/\/arturf.com\/fr\/product\/padel-court-kit\/\">\n\t\t\t\t\t<img loading=\"lazy\" decoding=\"async\" width=\"350\" height=\"263\" src=\"https:\/\/arturf.com\/wp-content\/uploads\/2023\/05\/Arturf-Padel-Court-2-350x263.jpg\" class=\"attachment-woocommerce_thumbnail size-woocommerce_thumbnail\" alt=\"Kit terrain de padel\" srcset=\"https:\/\/arturf.com\/wp-content\/uploads\/2023\/05\/Arturf-Padel-Court-2-350x263.jpg 350w, https:\/\/arturf.com\/wp-content\/uploads\/2023\/05\/Arturf-Padel-Court-2-300x225.jpg 300w, https:\/\/arturf.com\/wp-content\/uploads\/2023\/05\/Arturf-Padel-Court-2-1024x768.jpg 1024w, https:\/\/arturf.com\/wp-content\/uploads\/2023\/05\/Arturf-Padel-Court-2-200x150.jpg 200w, https:\/\/arturf.com\/wp-content\/uploads\/2023\/05\/Arturf-Padel-Court-2-768x576.jpg 768w, https:\/\/arturf.com\/wp-content\/uploads\/2023\/05\/Arturf-Padel-Court-2-16x12.jpg 16w, https:\/\/arturf.com\/wp-content\/uploads\/2023\/05\/Arturf-Padel-Court-2-510x383.jpg 510w, https:\/\/arturf.com\/wp-content\/uploads\/2023\/05\/Arturf-Padel-Court-2.jpg 1229w\" sizes=\"auto, (max-width: 350px) 100vw, 350px\" \/><img loading=\"lazy\" decoding=\"async\" width=\"350\" height=\"263\" src=\"https:\/\/arturf.com\/wp-content\/uploads\/2023\/05\/Arturf-Padel-court-1-350x263.png\" class=\"show-on-hover absolute fill hide-for-small back-image\" alt=\"Vue alternative du kit de court de padel\" aria-hidden=\"true\" srcset=\"https:\/\/arturf.com\/wp-content\/uploads\/2023\/05\/Arturf-Padel-court-1-350x263.png 350w, https:\/\/arturf.com\/wp-content\/uploads\/2023\/05\/Arturf-Padel-court-1-300x225.png 300w, https:\/\/arturf.com\/wp-content\/uploads\/2023\/05\/Arturf-Padel-court-1-200x150.png 200w, https:\/\/arturf.com\/wp-content\/uploads\/2023\/05\/Arturf-Padel-court-1-768x576.png 768w, https:\/\/arturf.com\/wp-content\/uploads\/2023\/05\/Arturf-Padel-court-1-16x12.png 16w, https:\/\/arturf.com\/wp-content\/uploads\/2023\/05\/Arturf-Padel-court-1-510x383.png 510w, https:\/\/arturf.com\/wp-content\/uploads\/2023\/05\/Arturf-Padel-court-1.png 1000w\" sizes=\"auto, (max-width: 350px) 100vw, 350px\" \/>\t\t\t\t<\/a>\n\t\t\t<\/div>\n\t\t\t<div class=\"image-tools is-small top right show-on-hover\">\n\t\t\t\t\t\t\t<\/div>\n\t\t\t<div class=\"image-tools is-small hide-for-small bottom left show-on-hover\">\n\t\t\t\t\t\t\t<\/div>\n\t\t\t<div class=\"image-tools grid-tools text-center hide-for-small bottom hover-slide-in show-on-hover\">\n\t\t\t\t<a href=\"#quick-view\" class=\"quick-view\" role=\"button\" data-prod=\"18223\" aria-haspopup=\"dialog\" aria-expanded=\"false\" data-flatsome-role-button>Aper\u00e7u<\/a>\t\t\t<\/div>\n\t\t\t\t\t<\/div>\n\n\t\t<div class=\"box-text box-text-products\">\n\t\t\t<div class=\"title-wrapper\">\t\t<p class=\"category uppercase is-smaller no-text-overflow product-cat op-8\">\n\t\t\tPadel\t\t<\/p>\n\t<p class=\"name product-title woocommerce-loop-product__title\"><a href=\"https:\/\/arturf.com\/fr\/product\/padel-court-kit\/\" class=\"woocommerce-LoopProduct-link woocommerce-loop-product__link\">Kit terrain de padel<\/a><\/p><\/div><div class=\"price-wrapper\"><\/div>\t\t<\/div>\n\t<\/div>\n\t\t<\/div>\n<\/div><\/div>","protected":false},"excerpt":{"rendered":"<p>PadelFlex est un syst\u00e8me de gazon artificiel avanc\u00e9 con\u00e7u pour les courts de padel, offrant une consistance de rebond et une durabilit\u00e9 exceptionnelles, ce qui le rend adapt\u00e9 \u00e0 une utilisation int\u00e9rieure et ext\u00e9rieure.<\/p>","protected":false},"featured_media":19732,"template":"","meta":{"_seopress_robots_primary_cat":"932","_seopress_titles_title":"Padel Artificial Turf - FlexPlus: Ultimate Performance","_seopress_titles_desc":"","_seopress_robots_index":""},"product_brand":[],"product_cat":[932,69],"product_tag":[946],"class_list":{"0":"post-19515","1":"product","2":"type-product","3":"status-publish","4":"has-post-thumbnail","6":"product_cat-padel","7":"product_cat-multi-purpose","8":"product_tag-padel-turf","10":"","11":"instock","12":"shipping-taxable","13":"product-type-simple"},"_links":{"self":[{"href":"https:\/\/arturf.com\/fr\/wp-json\/wp\/v2\/product\/19515","targetHints":{"allow":["GET"]}}],"collection":[{"href":"https:\/\/arturf.com\/fr\/wp-json\/wp\/v2\/product"}],"about":[{"href":"https:\/\/arturf.com\/fr\/wp-json\/wp\/v2\/types\/product"}],"wp:featuredmedia":[{"embeddable":true,"href":"https:\/\/arturf.com\/fr\/wp-json\/wp\/v2\/media\/19732"}],"wp:attachment":[{"href":"https:\/\/arturf.com\/fr\/wp-json\/wp\/v2\/media?parent=19515"}],"wp:term":[{"taxonomy":"product_brand","embeddable":true,"href":"https:\/\/arturf.com\/fr\/wp-json\/wp\/v2\/product_brand?post=19515"},{"taxonomy":"product_cat","embeddable":true,"href":"https:\/\/arturf.com\/fr\/wp-json\/wp\/v2\/product_cat?post=19515"},{"taxonomy":"product_tag","embeddable":true,"href":"https:\/\/arturf.com\/fr\/wp-json\/wp\/v2\/product_tag?post=19515"}],"curies":[{"name":"wp","href":"https:\/\/api.w.org\/{rel}","templated":true}]}}