{"id":19819,"date":"2024-06-14T11:53:06","date_gmt":"2024-06-14T03:53:06","guid":{"rendered":"https:\/\/arturf.com\/?post_type=product&#038;p=19819"},"modified":"2024-06-14T12:02:30","modified_gmt":"2024-06-14T04:02:30","slug":"ball-hitting-mat","status":"publish","type":"product","link":"https:\/\/arturf.com\/fr\/product\/ball-hitting-mat\/","title":{"rendered":"Tapis de frappe de balle"},"content":{"rendered":"<p>Transformez vos s\u00e9ances d&#039;entra\u00eenement avec notre tapis de frappe de baseball\/softball haut de gamme, m\u00e9ticuleusement con\u00e7u pour les athl\u00e8tes qui exigent le meilleur. Que vous pratiquiez en int\u00e9rieur ou en ext\u00e9rieur, ce tapis offre une durabilit\u00e9 et des performances in\u00e9gal\u00e9es.<\/p>\n<p><strong>Construction de haute qualit\u00e9\u00a0:<\/strong><\/p>\n<p>Fabriqu\u00e9 \u00e0 partir de fil de gazon artificiel PE de qualit\u00e9 sup\u00e9rieure, notre tapis de frappe est con\u00e7u pour durer. La couche de support en PU de 5 mm ajoute un niveau suppl\u00e9mentaire de durabilit\u00e9, garantissant que le tapis peut r\u00e9sister \u00e0 une utilisation intensive et aux crampons sans compromettre son int\u00e9grit\u00e9. Ce tapis est un incontournable pour les joueurs amateurs et professionnels souhaitant am\u00e9liorer leurs comp\u00e9tences.<\/p>\n<p><strong>Design incrust\u00e9 pour une visibilit\u00e9 am\u00e9lior\u00e9e\u00a0:<\/strong><\/p>\n<p>Notre tapis pr\u00e9sente des lignes blanches touffet\u00e9es incrust\u00e9es et une plaque d&#039;accueil, offrant une visibilit\u00e9 claire et durable. Contrairement aux lignes peintes qui peuvent s&#039;estomper ou s&#039;user, notre design incrust\u00e9 garantit que les lignes et le marbre restent intacts, m\u00eame apr\u00e8s une utilisation intensive. Cette fonctionnalit\u00e9 est essentielle pour maintenir un environnement de pratique coh\u00e9rent.<\/p>\n<p><strong>Confort et stabilit\u00e9 sup\u00e9rieurs\u00a0:<\/strong><\/p>\n<p>Le rembourrage en mousse de 5 mm int\u00e9gr\u00e9 au tapis offre une absorption des chocs exceptionnelle, rendant chaque position et mouvement plus confortable. Ce rembourrage contribue \u00e9galement \u00e0 la stabilit\u00e9 du tapis, permettant aux joueurs de se concentrer sur leur technique sans se soucier de glisser ou d&#039;inconfort.<\/p>\n<p><strong>Qualit\u00e9 professionnelle\u00a0:<\/strong><\/p>\n<p>R\u00e9pondant aux sp\u00e9cifications r\u00e9glementaires, ce tapis de frappe est parfait pour un entra\u00eenement s\u00e9rieux. Que vous l&#039;utilisiez dans des cages de frappeurs, dans les zones du marbre ou dans d&#039;autres contextes d&#039;entra\u00eenement, vous pouvez \u00eatre s\u00fbr qu&#039;il offre une exp\u00e9rience de qualit\u00e9 professionnelle \u00e0 chaque fois.<\/p>\n<p><strong>Polyvalent et facile \u00e0 transporter :<\/strong><\/p>\n<p>Con\u00e7u dans un souci de polyvalence, ce tapis peut \u00eatre utilis\u00e9 sur l\u2019herbe, le gazon ou les surfaces int\u00e9rieures. Sa construction l\u00e9g\u00e8re et sa couleur argile le rendent facile \u00e0 transporter et esth\u00e9tique dans n&#039;importe quel environnement. Lorsqu&#039;il n&#039;est pas utilis\u00e9, il peut \u00eatre facilement enroul\u00e9 et rang\u00e9, \u00e9conomisant ainsi un espace pr\u00e9cieux.<\/p>\n<p><strong>Protecteur et antid\u00e9rapant\u00a0:<\/strong><\/p>\n<p>Prot\u00e9gez les sols de votre salle de sport et vos zones d&#039;entra\u00eenement avec notre tapis de frappe r\u00e9sistant aux pointes. Le support en mousse antid\u00e9rapant garantit que le tapis reste en place, offrant une surface stable et s\u00fbre pour chaque s\u00e9ance d&#039;entra\u00eenement. Cette fonction de protection est cruciale pour maintenir la qualit\u00e9 de votre environnement de formation.<\/p>\n<p><strong>Fortement recommand\u00e9 par les clients\u00a0:<\/strong><\/p>\n<p>Notre tapis de frappe est fortement recommand\u00e9 par les clients qui l&#039;utilisent depuis plus d&#039;un an. Ils louent sa construction solide et sa durabilit\u00e9, ce qui en fait un investissement rentable pour tout joueur de baseball ou de softball s\u00e9rieux.<\/p>\n<p><img alt=\"\" loading=\"lazy\" decoding=\"async\" class=\"alignnone wp-image-19822 size-full\" src=\"https:\/\/arturf.com\/wp-content\/uploads\/2024\/06\/Arturf-Premium-BaseballSoftball-Hitting-Mat-3.jpg\" width=\"1000\" height=\"750\" srcset=\"https:\/\/arturf.com\/wp-content\/uploads\/2024\/06\/Arturf-Premium-BaseballSoftball-Hitting-Mat-3.jpg 1000w, https:\/\/arturf.com\/wp-content\/uploads\/2024\/06\/Arturf-Premium-BaseballSoftball-Hitting-Mat-3-500x375.jpg 500w, https:\/\/arturf.com\/wp-content\/uploads\/2024\/06\/Arturf-Premium-BaseballSoftball-Hitting-Mat-3-200x150.jpg 200w, https:\/\/arturf.com\/wp-content\/uploads\/2024\/06\/Arturf-Premium-BaseballSoftball-Hitting-Mat-3-768x576.jpg 768w, https:\/\/arturf.com\/wp-content\/uploads\/2024\/06\/Arturf-Premium-BaseballSoftball-Hitting-Mat-3-16x12.jpg 16w, https:\/\/arturf.com\/wp-content\/uploads\/2024\/06\/Arturf-Premium-BaseballSoftball-Hitting-Mat-3-350x263.jpg 350w, https:\/\/arturf.com\/wp-content\/uploads\/2024\/06\/Arturf-Premium-BaseballSoftball-Hitting-Mat-3-510x383.jpg 510w\" sizes=\"auto, (max-width: 1000px) 100vw, 1000px\" \/><\/p>\n<p><strong>Principales caract\u00e9ristiques:<\/strong><\/p>\n<ul>\n<li><strong>Mat\u00e9riel:<\/strong> Fil de gazon artificiel PE de qualit\u00e9 sup\u00e9rieure avec une couche de support en PU de 5 mm<\/li>\n<li><strong>Conception:<\/strong> Lignes blanches touffet\u00e9es et plaque de but incrust\u00e9es pour plus de durabilit\u00e9 et de visibilit\u00e9<\/li>\n<li><strong>Rembourrage:<\/strong> Rembourrage en mousse de 5 mm pour l&#039;absorption des chocs et la stabilit\u00e9<\/li>\n<li><strong>Durabilit\u00e9:<\/strong> R\u00e9sistant aux pointes et con\u00e7u pour r\u00e9sister \u00e0 une utilisation intensive<\/li>\n<li><strong>Polyvalence:<\/strong> Convient pour une utilisation int\u00e9rieure et ext\u00e9rieure, l\u00e9ger et facile \u00e0 transporter<\/li>\n<li><strong>Protection:<\/strong> Mat\u00e9riau antid\u00e9rapant et r\u00e9sistant aux pointes pour prot\u00e9ger les surfaces<\/li>\n<li><strong>Qualit\u00e9 professionnelle\u00a0:<\/strong> R\u00e9pond aux sp\u00e9cifications r\u00e9glementaires pour la formation de qualit\u00e9 professionnelle<\/li>\n<\/ul>\n<p>Am\u00e9liorez votre entra\u00eenement avec notre tapis de frappe de baseball\/softball haut de gamme et d\u00e9couvrez la diff\u00e9rence de qualit\u00e9 et de performance. Parfait pour les cages de frappeurs, les zones du marbre et plus encore, ce tapis est un ajout essentiel \u00e0 l&#039;\u00e9quipement de tout athl\u00e8te s\u00e9rieux. Commandez maintenant et faites passer votre pratique au niveau sup\u00e9rieur\u00a0!<\/p>","protected":false},"excerpt":{"rendered":"<p>Am\u00e9liorez votre pratique du baseball et du softball avec notre tapis de frappe de baseball\/softball de qualit\u00e9 sup\u00e9rieure. Con\u00e7u pour une utilisation int\u00e9rieure et ext\u00e9rieure, ce tapis durable et de haute qualit\u00e9 pr\u00e9sente des lignes blanches touffet\u00e9es incrust\u00e9es, une plaque d&#039;accueil et un rembourrage en mousse de 5 mm pour une absorption sup\u00e9rieure des chocs. Parfait pour les cages de frappeurs et les zones du marbre, il prot\u00e8ge les surfaces contre les dommages et fournit une surface stable et antid\u00e9rapante pour un entra\u00eenement de qualit\u00e9 professionnelle.<\/p>","protected":false},"featured_media":19820,"template":"","meta":{"_seopress_robots_primary_cat":"","_seopress_titles_title":"","_seopress_titles_desc":"","_seopress_robots_index":""},"product_brand":[],"product_cat":[831],"product_tag":[],"class_list":{"0":"post-19819","1":"product","2":"type-product","3":"status-publish","4":"has-post-thumbnail","6":"product_cat-extras","8":"first","9":"instock","10":"shipping-taxable","11":"product-type-simple"},"_links":{"self":[{"href":"https:\/\/arturf.com\/fr\/wp-json\/wp\/v2\/product\/19819","targetHints":{"allow":["GET"]}}],"collection":[{"href":"https:\/\/arturf.com\/fr\/wp-json\/wp\/v2\/product"}],"about":[{"href":"https:\/\/arturf.com\/fr\/wp-json\/wp\/v2\/types\/product"}],"wp:featuredmedia":[{"embeddable":true,"href":"https:\/\/arturf.com\/fr\/wp-json\/wp\/v2\/media\/19820"}],"wp:attachment":[{"href":"https:\/\/arturf.com\/fr\/wp-json\/wp\/v2\/media?parent=19819"}],"wp:term":[{"taxonomy":"product_brand","embeddable":true,"href":"https:\/\/arturf.com\/fr\/wp-json\/wp\/v2\/product_brand?post=19819"},{"taxonomy":"product_cat","embeddable":true,"href":"https:\/\/arturf.com\/fr\/wp-json\/wp\/v2\/product_cat?post=19819"},{"taxonomy":"product_tag","embeddable":true,"href":"https:\/\/arturf.com\/fr\/wp-json\/wp\/v2\/product_tag?post=19819"}],"curies":[{"name":"wp","href":"https:\/\/api.w.org\/{rel}","templated":true}]}}