{"id":19842,"date":"2024-06-29T16:51:51","date_gmt":"2024-06-29T08:51:51","guid":{"rendered":"https:\/\/arturf.com\/?post_type=product&#038;p=19842"},"modified":"2024-07-13T21:37:46","modified_gmt":"2024-07-13T13:37:46","slug":"sport-netting-barrier","status":"publish","type":"product","link":"https:\/\/arturf.com\/fr\/product\/sport-netting-barrier\/","title":{"rendered":"Barri\u00e8re de filet de sport"},"content":{"rendered":"<p>Notre barri\u00e8re de filet de sport, ou filet anti-balle, convient \u00e0 une vari\u00e9t\u00e9 de sports, notamment le football, le baseball et le golf. Que vous ayez besoin de cl\u00f4turer un terrain entier ou seulement des zones sp\u00e9cifiques, nos filets constituent la solution parfaite pour tout club sportif ou installation r\u00e9cr\u00e9ative.<\/p>\n<h3>Principales caract\u00e9ristiques<\/h3>\n<ul>\n<li><strong>Mat\u00e9riel:<\/strong> Polypropyl\u00e8ne haute densit\u00e9 (HDPP)<\/li>\n<li><strong>Personnalisation\u00a0:<\/strong> La taille du trou et le diam\u00e8tre de la ligne sont personnalisables pour r\u00e9pondre \u00e0 vos besoins sp\u00e9cifiques.<\/li>\n<li><strong>Stabilis\u00e9 aux UV\u00a0:<\/strong> R\u00e9sistant aux rayons UV, garantissant long\u00e9vit\u00e9 et durabilit\u00e9 m\u00eame dans des conditions m\u00e9t\u00e9orologiques difficiles.<\/li>\n<li><strong>Haute r\u00e9sistance:<\/strong> Con\u00e7u pour r\u00e9sister \u00e0 des impacts intenses, ce qui le rend parfait pour diverses applications sportives.<\/li>\n<\/ul>\n<h3>Filet de protection lat\u00e9ral<\/h3>\n<ul>\n<li><strong>Taille du trou standard\u00a0:<\/strong> 5 cm x 5 cm<\/li>\n<li><strong>Diam\u00e8tre de ligne standard\u00a0:<\/strong> 3mm ou 4mm<\/li>\n<li><strong>Usage:<\/strong> Id\u00e9al pour prot\u00e9ger les c\u00f4t\u00e9s des terrains de sport, emp\u00eacher les ballons de sortir de la zone et assurer la s\u00e9curit\u00e9 des spectateurs et des alentours. Les filets de protection lat\u00e9raux sont g\u00e9n\u00e9ralement utilis\u00e9s conjointement avec <a href=\"https:\/\/arturf.com\/fr\/product\/sports-fencing\/\">cl\u00f4tures sportives<\/a>. Par exemple, dans un syst\u00e8me de cl\u00f4ture sportive de 6 m de haut, une cl\u00f4ture sportive de 4 m peut \u00eatre utilis\u00e9e en bas avec un filet de protection lat\u00e9ral de 2 m en haut.<\/li>\n<\/ul>\n<p><img alt=\"\" loading=\"lazy\" decoding=\"async\" class=\"alignnone wp-image-19861 size-large\" src=\"https:\/\/arturf.com\/wp-content\/uploads\/2024\/07\/Arturf-Sport-Fence-Net-1024x768.jpg\" width=\"1024\" height=\"768\" srcset=\"https:\/\/arturf.com\/wp-content\/uploads\/2024\/07\/Arturf-Sport-Fence-Net-1024x768.jpg 1024w, https:\/\/arturf.com\/wp-content\/uploads\/2024\/07\/Arturf-Sport-Fence-Net-500x375.jpg 500w, https:\/\/arturf.com\/wp-content\/uploads\/2024\/07\/Arturf-Sport-Fence-Net-200x150.jpg 200w, https:\/\/arturf.com\/wp-content\/uploads\/2024\/07\/Arturf-Sport-Fence-Net-768x576.jpg 768w, https:\/\/arturf.com\/wp-content\/uploads\/2024\/07\/Arturf-Sport-Fence-Net-16x12.jpg 16w, https:\/\/arturf.com\/wp-content\/uploads\/2024\/07\/Arturf-Sport-Fence-Net-350x263.jpg 350w, https:\/\/arturf.com\/wp-content\/uploads\/2024\/07\/Arturf-Sport-Fence-Net-510x383.jpg 510w, https:\/\/arturf.com\/wp-content\/uploads\/2024\/07\/Arturf-Sport-Fence-Net.jpg 1440w\" sizes=\"auto, (max-width: 1024px) 100vw, 1024px\" \/><\/p>\n<h3>Filet de couverture sup\u00e9rieur<\/h3>\n<ul>\n<li><strong>Taille du trou standard\u00a0:<\/strong> 10 cm x 10 cm<\/li>\n<li><strong>Diam\u00e8tre de ligne standard\u00a0:<\/strong> 2mm<\/li>\n<li><strong>Usage:<\/strong> Parfait pour couvrir le dessus du terrain de sport, emp\u00eachant les balles de s&#039;\u00e9chapper verticalement et offrant une couche de protection suppl\u00e9mentaire.<\/li>\n<\/ul>\n<h3><img alt=\"\" loading=\"lazy\" decoding=\"async\" class=\"alignnone wp-image-19843 size-large\" src=\"https:\/\/arturf.com\/wp-content\/uploads\/2024\/06\/Top-Cover-Net-Ball-Stop-Net-Arturf-Artificial-Grass-1024x768.jpg\" width=\"1024\" height=\"768\" srcset=\"https:\/\/arturf.com\/wp-content\/uploads\/2024\/06\/Top-Cover-Net-Ball-Stop-Net-Arturf-Artificial-Grass-1024x768.jpg 1024w, https:\/\/arturf.com\/wp-content\/uploads\/2024\/06\/Top-Cover-Net-Ball-Stop-Net-Arturf-Artificial-Grass-500x375.jpg 500w, https:\/\/arturf.com\/wp-content\/uploads\/2024\/06\/Top-Cover-Net-Ball-Stop-Net-Arturf-Artificial-Grass-200x150.jpg 200w, https:\/\/arturf.com\/wp-content\/uploads\/2024\/06\/Top-Cover-Net-Ball-Stop-Net-Arturf-Artificial-Grass-768x576.jpg 768w, https:\/\/arturf.com\/wp-content\/uploads\/2024\/06\/Top-Cover-Net-Ball-Stop-Net-Arturf-Artificial-Grass-16x12.jpg 16w, https:\/\/arturf.com\/wp-content\/uploads\/2024\/06\/Top-Cover-Net-Ball-Stop-Net-Arturf-Artificial-Grass-350x263.jpg 350w, https:\/\/arturf.com\/wp-content\/uploads\/2024\/06\/Top-Cover-Net-Ball-Stop-Net-Arturf-Artificial-Grass-510x383.jpg 510w, https:\/\/arturf.com\/wp-content\/uploads\/2024\/06\/Top-Cover-Net-Ball-Stop-Net-Arturf-Artificial-Grass.jpg 1440w\" sizes=\"auto, (max-width: 1024px) 100vw, 1024px\" \/><\/h3>\n<h3>Avantages<\/h3>\n<ul>\n<li><strong>Durabilit\u00e9:<\/strong> Fabriqu\u00e9 \u00e0 partir de ficelle HDPP torsad\u00e9e, notre filet anti-balles est exceptionnellement solide et peut supporter une utilisation intensive sans effilochage ni dommage.<\/li>\n<li><strong>R\u00e9sistant aux intemp\u00e9ries:<\/strong> La stabilisation UV permet au filet de rester \u00e0 l&#039;ext\u00e9rieur dans toutes les conditions m\u00e9t\u00e9orologiques sans pourrir ni se d\u00e9grader.<\/li>\n<li><strong>Personnalisable\u00a0:<\/strong> Adaptez le filet \u00e0 vos besoins sp\u00e9cifiques avec des tailles de trous et des diam\u00e8tres de ligne personnalisables, garantissant des performances optimales pour votre sport.<\/li>\n<li><strong>S\u00e9curit\u00e9:<\/strong> Fournit un confinement fiable, r\u00e9duisant le risque de dommages mat\u00e9riels et de blessures aux passants.<\/li>\n<\/ul>","protected":false},"excerpt":{"rendered":"<p>Notre barri\u00e8re de filet de sport est la solution ultime pour prot\u00e9ger le p\u00e9rim\u00e8tre et la couverture sup\u00e9rieure de votre terrain de sport. Ce syst\u00e8me de filet polyvalent, \u00e9galement connu sous le nom de filet anti-balles, est con\u00e7u pour maintenir l&#039;aire de jeu s\u00fbre et s\u00e9curis\u00e9e, garantissant que les balles et autres \u00e9quipements restent dans les limites du terrain. Notre barri\u00e8re de filet de sport offre deux options\u00a0: le filet de protection lat\u00e9rale et le filet de couverture sup\u00e9rieure. Les deux sont fabriqu\u00e9s en polypropyl\u00e8ne haute densit\u00e9 (HDPP) pour une r\u00e9sistance et une durabilit\u00e9 sup\u00e9rieures.<\/p>","protected":false},"featured_media":7007,"template":"","meta":{"_seopress_robots_primary_cat":"","_seopress_titles_title":"","_seopress_titles_desc":"","_seopress_robots_index":""},"product_brand":[],"product_cat":[66],"product_tag":[],"class_list":{"0":"post-19842","1":"product","2":"type-product","3":"status-publish","4":"has-post-thumbnail","6":"product_cat-accessories","8":"first","9":"instock","10":"shipping-taxable","11":"product-type-simple"},"_links":{"self":[{"href":"https:\/\/arturf.com\/fr\/wp-json\/wp\/v2\/product\/19842","targetHints":{"allow":["GET"]}}],"collection":[{"href":"https:\/\/arturf.com\/fr\/wp-json\/wp\/v2\/product"}],"about":[{"href":"https:\/\/arturf.com\/fr\/wp-json\/wp\/v2\/types\/product"}],"wp:featuredmedia":[{"embeddable":true,"href":"https:\/\/arturf.com\/fr\/wp-json\/wp\/v2\/media\/7007"}],"wp:attachment":[{"href":"https:\/\/arturf.com\/fr\/wp-json\/wp\/v2\/media?parent=19842"}],"wp:term":[{"taxonomy":"product_brand","embeddable":true,"href":"https:\/\/arturf.com\/fr\/wp-json\/wp\/v2\/product_brand?post=19842"},{"taxonomy":"product_cat","embeddable":true,"href":"https:\/\/arturf.com\/fr\/wp-json\/wp\/v2\/product_cat?post=19842"},{"taxonomy":"product_tag","embeddable":true,"href":"https:\/\/arturf.com\/fr\/wp-json\/wp\/v2\/product_tag?post=19842"}],"curies":[{"name":"wp","href":"https:\/\/api.w.org\/{rel}","templated":true}]}}