{"id":19845,"date":"2024-07-06T10:39:27","date_gmt":"2024-07-06T02:39:27","guid":{"rendered":"https:\/\/arturf.com\/?post_type=product&#038;p=19845"},"modified":"2024-07-06T10:59:13","modified_gmt":"2024-07-06T02:59:13","slug":"football-goal","status":"publish","type":"product","link":"https:\/\/arturf.com\/fr\/product\/football-goal\/","title":{"rendered":"But de football"},"content":{"rendered":"<p><strong>Caract\u00e9ristiques du produit:<\/strong><\/p>\n<p><strong>1. Formage monobloc\u00a0:<\/strong><br \/>Nos cadres de but sont fabriqu\u00e9s \u00e0 partir d&#039;acier de premi\u00e8re qualit\u00e9, pli\u00e9s selon un seul processus. Cette conception, associ\u00e9e \u00e0 une finition plastique pulv\u00e9ris\u00e9e \u00e9lectrostatique, garantit une structure solide et stable qui r\u00e9siste aux dommages caus\u00e9s par le vent et le soleil.<\/p>\n<p><strong>2. Soudure ferme\u00a0:<\/strong><br \/>En utilisant un soudage protecteur au CO\u2082 et un grenaillage pour \u00e9liminer la rouille, suivis d&#039;une pulv\u00e9risation \u00e9lectrostatique, nous garantissons que nos soudures sont robustes, attrayantes et durables.<\/p>\n<p><strong>3. Conception stable\u00a0:<\/strong><br \/>La base du but est dot\u00e9e d&#039;un grand disque de stabilisation, garantissant qu&#039;il reste s\u00e9curis\u00e9 et durable m\u00eame en cas d&#039;impacts violents pendant le jeu.<\/p>\n<p><strong>4. R\u00e9seau premium\u00a0:<\/strong><br \/>Nos filets sont fabriqu\u00e9s \u00e0 partir de poly\u00e9thyl\u00e8ne de haute qualit\u00e9, offrant une durabilit\u00e9, une r\u00e9sistance aux UV et une r\u00e9sistance aux intemp\u00e9ries sup\u00e9rieures.<\/p>\n<p><strong>5. Tubes en acier \u00e9paissi\u00a0:<\/strong><br \/>Construits avec des tuyaux en acier \u00e9pais de qualit\u00e9 sup\u00e9rieure, conformes aux normes nationales, nos objectifs sont fabriqu\u00e9s \u00e0 partir de mat\u00e9riaux authentiques et durables con\u00e7us pour durer.<\/p>\n<h3>Dimensionnement des poteaux d&#039;objectif par taille d&#039;\u00e9quipe\u00a0:<\/h3>\n<ul>\n<li>\n<p><strong>C\u00f4t\u00e9 11<\/strong>:<\/p>\n<ul>\n<li><strong>Niveau junior<\/strong>: La taille du poteau de but est de 21 pi x 7 pi (6,40 mx 2,13 m).<\/li>\n<li><strong>Niveau sup\u00e9rieur<\/strong>: La taille du poteau de but est de 24 pi x 8 pi (7,32 mx 2,44 m).<\/li>\n<\/ul>\n<\/li>\n<li>\n<p><strong>C\u00f4t\u00e9 9<\/strong>:<\/p>\n<ul>\n<li>La taille du poteau de but est de 16 pi x 7 pi (4,88 mx 2,13 m).<\/li>\n<\/ul>\n<\/li>\n<li>\n<p><strong>C\u00f4t\u00e9 7<\/strong> et <strong>5-A-Side<\/strong>:<\/p>\n<ul>\n<li>La taille recommand\u00e9e du poteau de but est de 12 pi x 6 pi (3,66 mx 1,83 m), \u00e9galement appel\u00e9e but \u00ab Mini Soccer \u00bb.<\/li>\n<li>Pour les matchs \u00e0 5, les dimensions des poteaux de but sont de 12 pi x 4 pi (3,66 mx 1,22 m) ou 16 pi x 4 pi (4,88 mx 1,22 m).<\/li>\n<\/ul>\n<\/li>\n<\/ul>\n<p>Nos buts de football sont con\u00e7us pour r\u00e9pondre aux divers besoins des \u00e9quipes de diff\u00e9rentes tailles, garantissant que chaque joueur puisse profiter du jeu avec un \u00e9quipement s\u00fbr, durable et adapt\u00e9 \u00e0 son niveau.<\/p>\n<p><strong>Note importante:<\/strong> Veuillez noter que nous ne fournissons pas de buts de football \u00e0 l&#039;unit\u00e9. Ils sont disponibles uniquement en conjonction avec notre <a href=\"https:\/\/arturf.com\/fr\/products\/football-grass\/\">gazon de football<\/a> ou d&#039;autres produits.<\/p>","protected":false},"excerpt":{"rendered":"<p>Poteau et filet inclus, notre but de football\/soccer est con\u00e7u pour la durabilit\u00e9 et la stabilit\u00e9, parfait pour diff\u00e9rentes tailles d&#039;\u00e9quipes allant de 3 \u00e0 11. Construit en acier galvanis\u00e9 de haute qualit\u00e9 et dot\u00e9 d&#039;un filet en poly\u00e9thyl\u00e8ne robuste, ce but est con\u00e7u pour r\u00e9sister \u00e0 un jeu intense et \u00e0 des conditions m\u00e9t\u00e9orologiques difficiles.<\/p>","protected":false},"featured_media":19846,"template":"","meta":{"_seopress_robots_primary_cat":"","_seopress_titles_title":"","_seopress_titles_desc":"","_seopress_robots_index":""},"product_brand":[],"product_cat":[831],"product_tag":[],"class_list":{"0":"post-19845","1":"product","2":"type-product","3":"status-publish","4":"has-post-thumbnail","6":"product_cat-extras","8":"first","9":"instock","10":"shipping-taxable","11":"product-type-simple"},"_links":{"self":[{"href":"https:\/\/arturf.com\/fr\/wp-json\/wp\/v2\/product\/19845","targetHints":{"allow":["GET"]}}],"collection":[{"href":"https:\/\/arturf.com\/fr\/wp-json\/wp\/v2\/product"}],"about":[{"href":"https:\/\/arturf.com\/fr\/wp-json\/wp\/v2\/types\/product"}],"wp:featuredmedia":[{"embeddable":true,"href":"https:\/\/arturf.com\/fr\/wp-json\/wp\/v2\/media\/19846"}],"wp:attachment":[{"href":"https:\/\/arturf.com\/fr\/wp-json\/wp\/v2\/media?parent=19845"}],"wp:term":[{"taxonomy":"product_brand","embeddable":true,"href":"https:\/\/arturf.com\/fr\/wp-json\/wp\/v2\/product_brand?post=19845"},{"taxonomy":"product_cat","embeddable":true,"href":"https:\/\/arturf.com\/fr\/wp-json\/wp\/v2\/product_cat?post=19845"},{"taxonomy":"product_tag","embeddable":true,"href":"https:\/\/arturf.com\/fr\/wp-json\/wp\/v2\/product_tag?post=19845"}],"curies":[{"name":"wp","href":"https:\/\/api.w.org\/{rel}","templated":true}]}}