{"id":20426,"date":"2024-08-23T11:10:52","date_gmt":"2024-08-23T03:10:52","guid":{"rendered":"https:\/\/arturf.com\/?post_type=product&#038;p=20426"},"modified":"2025-03-22T20:12:09","modified_gmt":"2025-03-22T12:12:09","slug":"padel-court-cover","status":"publish","type":"product","link":"https:\/\/arturf.com\/fr\/product\/padel-court-cover\/","title":{"rendered":"Couverture de court de padel"},"content":{"rendered":"<p>Chez Arturf, nous proposons des auvents et des couvertures de courts de padel haut de gamme qui garantissent un jeu toute l&#039;ann\u00e9e, quelle que soit la m\u00e9t\u00e9o. Contrairement aux options gonflables, nos auvents statiques sont con\u00e7us pour durer et offrent une protection permanente contre les \u00e9l\u00e9ments. Avec des solutions personnalis\u00e9es adapt\u00e9es aux besoins uniques de chaque site, Arturf vous permet d&#039;am\u00e9liorer facilement votre exp\u00e9rience de court de padel en ext\u00e9rieur.<\/p>\n<h3>1. Auvent int\u00e9gr\u00e9 aux piliers du court de padel<\/h3>\n<p>Nos solutions int\u00e9gr\u00e9es de couvertures de courts de padel s&#039;int\u00e8grent parfaitement aux piliers des courts de padel, cr\u00e9ant un design unifi\u00e9 et \u00e9l\u00e9gant. Ces couvertures offrent une protection optimale contre la pluie, le soleil et le vent, garantissant que votre court reste en parfait \u00e9tat. Avec les couvertures int\u00e9gr\u00e9es de Arturf, profitez d&#039;un jeu continu et am\u00e9liorez l&#039;attrait esth\u00e9tique de votre court de padel avec une couverture durable et r\u00e9sistante aux intemp\u00e9ries.<\/p>\n<p><img alt=\"\" loading=\"lazy\" decoding=\"async\" class=\"alignnone wp-image-20433 size-medium\" src=\"https:\/\/arturf.com\/wp-content\/uploads\/2024\/08\/Canopy-Integrated-with-Padel-Court-Pillars-500x333.jpg\" width=\"500\" height=\"333\" srcset=\"https:\/\/arturf.com\/wp-content\/uploads\/2024\/08\/Canopy-Integrated-with-Padel-Court-Pillars-500x333.jpg 500w, https:\/\/arturf.com\/wp-content\/uploads\/2024\/08\/Canopy-Integrated-with-Padel-Court-Pillars-768x511.jpg 768w, https:\/\/arturf.com\/wp-content\/uploads\/2024\/08\/Canopy-Integrated-with-Padel-Court-Pillars-18x12.jpg 18w, https:\/\/arturf.com\/wp-content\/uploads\/2024\/08\/Canopy-Integrated-with-Padel-Court-Pillars-510x340.jpg 510w, https:\/\/arturf.com\/wp-content\/uploads\/2024\/08\/Canopy-Integrated-with-Padel-Court-Pillars.jpg 1000w\" sizes=\"auto, (max-width: 500px) 100vw, 500px\" \/><\/p>\n<h3>2. Auvent s\u00e9par\u00e9 de la structure du court de padel<\/h3>\n<p>Pour ceux qui ont besoin de plus de flexibilit\u00e9, Arturf propose des solutions de couvertures de courts de padel s\u00e9par\u00e9es de la structure du court de padel. Ces couvertures polyvalentes sont personnalisables pour r\u00e9pondre aux exigences sp\u00e9cifiques de votre site, offrant une protection robuste sans interf\u00e9rer avec la conception du court. Que vous soyez confront\u00e9 \u00e0 un soleil intense ou \u00e0 de fortes pluies, nos couvertures s\u00e9par\u00e9es offrent une couverture fiable, permettant un jeu ininterrompu et pr\u00e9servant l&#039;int\u00e9grit\u00e9 de l&#039;am\u00e9nagement de votre court de padel.<\/p>\n<p><img alt=\"\" loading=\"lazy\" decoding=\"async\" class=\"alignnone size-medium wp-image-20439\" src=\"https:\/\/arturf.com\/wp-content\/uploads\/2024\/08\/Canopy-Separated-from-Padel-Court-Structure-500x333.jpg\" width=\"500\" height=\"333\" srcset=\"https:\/\/arturf.com\/wp-content\/uploads\/2024\/08\/Canopy-Separated-from-Padel-Court-Structure-500x333.jpg 500w, https:\/\/arturf.com\/wp-content\/uploads\/2024\/08\/Canopy-Separated-from-Padel-Court-Structure-768x511.jpg 768w, https:\/\/arturf.com\/wp-content\/uploads\/2024\/08\/Canopy-Separated-from-Padel-Court-Structure-18x12.jpg 18w, https:\/\/arturf.com\/wp-content\/uploads\/2024\/08\/Canopy-Separated-from-Padel-Court-Structure-510x340.jpg 510w, https:\/\/arturf.com\/wp-content\/uploads\/2024\/08\/Canopy-Separated-from-Padel-Court-Structure.jpg 1000w\" sizes=\"auto, (max-width: 500px) 100vw, 500px\" \/><\/p>\n<h3>3. B\u00e2timent en acier\/aluminium avec murs<\/h3>\n<p>Pour une protection et une polyvalence optimales, Arturf propose des solutions de construction en acier ou en aluminium avec murs pour votre terrain de padel. Ces structures offrent un environnement enti\u00e8rement clos, prot\u00e9geant les joueurs et l&#039;\u00e9quipement de toutes les conditions m\u00e9t\u00e9orologiques, y compris les vents forts, les fortes pluies et les rayons intenses du soleil. Construits en acier ou en aluminium de haute qualit\u00e9, ces b\u00e2timents sont con\u00e7us pour durer et durer, garantissant que votre terrain est bien prot\u00e9g\u00e9 toute l&#039;ann\u00e9e.<\/p>\n<p>Les b\u00e2timents en acier ou en aluminium sont personnalisables pour r\u00e9pondre \u00e0 vos besoins sp\u00e9cifiques, notamment en termes de taille, de conception et de fonctionnalit\u00e9s suppl\u00e9mentaires telles que les syst\u00e8mes d&#039;\u00e9clairage et de ventilation. Avec les b\u00e2timents en acier ou en aluminium de Arturf, vous pouvez transformer votre court de padel en une installation confortable et toutes saisons qui am\u00e9liore l&#039;exp\u00e9rience du joueur et prolonge la convivialit\u00e9 du court.<\/p>\n<p><img alt=\"\" loading=\"lazy\" decoding=\"async\" class=\"alignnone wp-image-20432 size-medium\" src=\"https:\/\/arturf.com\/wp-content\/uploads\/2024\/08\/Padel-Court-Cover-500x300.jpg\" width=\"500\" height=\"300\" srcset=\"https:\/\/arturf.com\/wp-content\/uploads\/2024\/08\/Padel-Court-Cover-500x300.jpg 500w, https:\/\/arturf.com\/wp-content\/uploads\/2024\/08\/Padel-Court-Cover-768x460.jpg 768w, https:\/\/arturf.com\/wp-content\/uploads\/2024\/08\/Padel-Court-Cover-18x12.jpg 18w, https:\/\/arturf.com\/wp-content\/uploads\/2024\/08\/Padel-Court-Cover-510x305.jpg 510w, https:\/\/arturf.com\/wp-content\/uploads\/2024\/08\/Padel-Court-Cover.jpg 1000w\" sizes=\"auto, (max-width: 500px) 100vw, 500px\" \/><\/p>","protected":false},"excerpt":{"rendered":"<p>D\u00e9couvrez les options de couverture et d&#039;auvent pour courts de padel de Arturf pour jouer toute l&#039;ann\u00e9e. Des conceptions personnalis\u00e9es, durables et \u00e9l\u00e9gantes qui prot\u00e8gent votre terrain par tous les temps.<\/p>","protected":false},"featured_media":20431,"template":"","meta":{"_seopress_robots_primary_cat":"932","_seopress_titles_title":"Padel Court Cover & Canopy | Durable All-Weather Protection","_seopress_titles_desc":"","_seopress_robots_index":""},"product_brand":[],"product_cat":[932,831],"product_tag":[],"class_list":{"0":"post-20426","1":"product","2":"type-product","3":"status-publish","4":"has-post-thumbnail","6":"product_cat-padel","7":"product_cat-extras","9":"first","10":"instock","11":"shipping-taxable","12":"product-type-simple"},"_links":{"self":[{"href":"https:\/\/arturf.com\/fr\/wp-json\/wp\/v2\/product\/20426","targetHints":{"allow":["GET"]}}],"collection":[{"href":"https:\/\/arturf.com\/fr\/wp-json\/wp\/v2\/product"}],"about":[{"href":"https:\/\/arturf.com\/fr\/wp-json\/wp\/v2\/types\/product"}],"wp:featuredmedia":[{"embeddable":true,"href":"https:\/\/arturf.com\/fr\/wp-json\/wp\/v2\/media\/20431"}],"wp:attachment":[{"href":"https:\/\/arturf.com\/fr\/wp-json\/wp\/v2\/media?parent=20426"}],"wp:term":[{"taxonomy":"product_brand","embeddable":true,"href":"https:\/\/arturf.com\/fr\/wp-json\/wp\/v2\/product_brand?post=20426"},{"taxonomy":"product_cat","embeddable":true,"href":"https:\/\/arturf.com\/fr\/wp-json\/wp\/v2\/product_cat?post=20426"},{"taxonomy":"product_tag","embeddable":true,"href":"https:\/\/arturf.com\/fr\/wp-json\/wp\/v2\/product_tag?post=20426"}],"curies":[{"name":"wp","href":"https:\/\/api.w.org\/{rel}","templated":true}]}}