{"id":26578,"date":"2025-07-05T17:35:13","date_gmt":"2025-07-05T09:35:13","guid":{"rendered":"https:\/\/arturf.com\/?post_type=product&#038;p=26578"},"modified":"2025-07-07T08:19:05","modified_gmt":"2025-07-07T00:19:05","slug":"pickleball-floor","status":"publish","type":"product","link":"https:\/\/arturf.com\/fr\/product\/pickleball-floor\/","title":{"rendered":"Terrain de pickleball"},"content":{"rendered":"<p>Le pickleball conna\u00eet un essor mondial. Pour r\u00e9pondre \u00e0 la demande croissante, <strong>Arturf<\/strong>\u00a0a lanc\u00e9 un rev\u00eatement de sol de pickleball haute performance, antid\u00e9rapant et r\u00e9sistant \u00e0 l&#039;usure. Con\u00e7u pour une utilisation en int\u00e9rieur comme en ext\u00e9rieur, il offre un excellent rebond et accompagne le rythme unique du pickleball. Caract\u00e9ristiques de la surface <strong>Technologie de surface NanoShield du Arturf<\/strong>, offrant une r\u00e9sistance sup\u00e9rieure au vieillissement, aux rayons UV et \u00e0 l&#039;accumulation d&#039;huile.<\/p>\n<h4>Technologie de surface NanoShield<\/h4>\n<p><strong>Technologie de surface NanoShield<\/strong>\u00a0est un rev\u00eatement \u00e9cologique de nouvelle g\u00e9n\u00e9ration qui am\u00e9liore la durabilit\u00e9 et l&#039;apparence du sol. Ce nano-rev\u00eatement polym\u00e8re avanc\u00e9 prot\u00e8ge contre la d\u00e9coloration, la migration d&#039;huile, les UV et l&#039;usure, tout en conservant une adh\u00e9rence constante et des couleurs \u00e9clatantes, m\u00eame dans des conditions ext\u00e9rieures extr\u00eames.<\/p>\n<figure id=\"attachment_26582\" aria-describedby=\"caption-attachment-26582\" style=\"width: 1020px\" class=\"wp-caption aligncenter\"><img alt=\"\" loading=\"lazy\" decoding=\"async\" class=\"wp-image-26582 size-large\" src=\"https:\/\/arturf.com\/wp-content\/uploads\/2025\/07\/arturf-pickleball-floor-p3-structure-images-1024x952.jpg\" width=\"1020\" height=\"948\" srcset=\"https:\/\/arturf.com\/wp-content\/uploads\/2025\/07\/arturf-pickleball-floor-p3-structure-images-1024x952.jpg 1024w, https:\/\/arturf.com\/wp-content\/uploads\/2025\/07\/arturf-pickleball-floor-p3-structure-images-500x465.jpg 500w, https:\/\/arturf.com\/wp-content\/uploads\/2025\/07\/arturf-pickleball-floor-p3-structure-images-768x714.jpg 768w, https:\/\/arturf.com\/wp-content\/uploads\/2025\/07\/arturf-pickleball-floor-p3-structure-images-1536x1428.jpg 1536w, https:\/\/arturf.com\/wp-content\/uploads\/2025\/07\/arturf-pickleball-floor-p3-structure-images-13x12.jpg 13w, https:\/\/arturf.com\/wp-content\/uploads\/2025\/07\/arturf-pickleball-floor-p3-structure-images-510x474.jpg 510w, https:\/\/arturf.com\/wp-content\/uploads\/2025\/07\/arturf-pickleball-floor-p3-structure-images.jpg 1652w\" sizes=\"auto, (max-width: 1020px) 100vw, 1020px\" \/><figcaption id=\"caption-attachment-26582\" class=\"wp-caption-text\">Structure et images du terrain de pickleball Arturf P3<\/figcaption><\/figure>\n<h4>Caract\u00e9ristiques du produit\u00a0<\/h4>\n<ol>\n<li><b><\/b><strong><b>Surface nano-rev\u00eatue<\/b><\/strong>emp\u00eache le graissage et la d\u00e9gradation de la surface dus \u00e0 l&#039;exposition aux UV.<\/li>\n<li><b><\/b><strong><b>Textur\u00e9 avec de petits grains de pierre<\/b><\/strong>et des particules antid\u00e9rapantes pour une adh\u00e9rence et une s\u00e9curit\u00e9 maximales.<\/li>\n<li><b><\/b><strong><b>Construction en PVC pur dense <\/b><\/strong>assure une perte d&#039;\u00e9lasticit\u00e9 minimale et un excellent rebond de balle.<\/li>\n<li><b><\/b><strong><b>Formule brevet\u00e9e sans huile,<\/b><\/strong>anti-\u00e2ge et performance longue dur\u00e9e.<\/li>\n<li><b><\/b><strong><b>Antibact\u00e9rien, non absorbant<\/b><\/strong>, et sans odeur pour des conditions de jeu plus propres.<\/li>\n<li><b><\/b><strong><b>Mat\u00e9riaux \u00e9cologiques<\/b><\/strong>:non toxique, inodore et conforme aux normes \u00e9cologiques.<\/li>\n<li><b><\/b><strong><b>R\u00e9sistant \u00e0 la temp\u00e9rature<\/b><\/strong>: fonctionne de mani\u00e8re fiable de -40 \u00b0C \u00e0 100 \u00b0C<\/li>\n<\/ol>\n<p>\u00a0<\/p>","protected":false},"excerpt":{"rendered":"<p>Con\u00e7u pour les terrains int\u00e9rieurs et ext\u00e9rieurs, le rev\u00eatement de pickleball Arturf pr\u00e9sente une texture antid\u00e9rapante, un excellent rebond et une durabilit\u00e9 \u00e0 long terme. Am\u00e9lior\u00e9 avec <strong data-start=\"282\" data-end=\"316\">Technologie de surface NanoShield<\/strong>Il r\u00e9siste aux UV, \u00e0 l&#039;huile et \u00e0 l&#039;usure, garantissant des performances et une s\u00e9curit\u00e9 constantes. Fabriqu\u00e9 en PVC \u00e9cologique, il est antibact\u00e9rien, inodore et con\u00e7u pour r\u00e9sister aux temp\u00e9ratures extr\u00eames.<\/p>","protected":false},"featured_media":26581,"template":"","meta":{"_seopress_robots_primary_cat":"","_seopress_titles_title":"Professional Pickleball Flooring - Indoor\/Outdoor, Anti-Slip Surface","_seopress_titles_desc":"","_seopress_robots_index":""},"product_brand":[],"product_cat":[831],"product_tag":[],"class_list":{"0":"post-26578","1":"product","2":"type-product","3":"status-publish","4":"has-post-thumbnail","6":"product_cat-extras","8":"first","9":"instock","10":"shipping-taxable","11":"product-type-simple"},"_links":{"self":[{"href":"https:\/\/arturf.com\/fr\/wp-json\/wp\/v2\/product\/26578","targetHints":{"allow":["GET"]}}],"collection":[{"href":"https:\/\/arturf.com\/fr\/wp-json\/wp\/v2\/product"}],"about":[{"href":"https:\/\/arturf.com\/fr\/wp-json\/wp\/v2\/types\/product"}],"wp:featuredmedia":[{"embeddable":true,"href":"https:\/\/arturf.com\/fr\/wp-json\/wp\/v2\/media\/26581"}],"wp:attachment":[{"href":"https:\/\/arturf.com\/fr\/wp-json\/wp\/v2\/media?parent=26578"}],"wp:term":[{"taxonomy":"product_brand","embeddable":true,"href":"https:\/\/arturf.com\/fr\/wp-json\/wp\/v2\/product_brand?post=26578"},{"taxonomy":"product_cat","embeddable":true,"href":"https:\/\/arturf.com\/fr\/wp-json\/wp\/v2\/product_cat?post=26578"},{"taxonomy":"product_tag","embeddable":true,"href":"https:\/\/arturf.com\/fr\/wp-json\/wp\/v2\/product_tag?post=26578"}],"curies":[{"name":"wp","href":"https:\/\/api.w.org\/{rel}","templated":true}]}}