{"id":6520,"date":"2011-05-18T01:44:47","date_gmt":"2011-05-18T01:44:47","guid":{"rendered":"https:\/\/arturf.com\/?post_type=product&#038;p=6520"},"modified":"2019-06-25T01:30:28","modified_gmt":"2019-06-25T01:30:28","slug":"ultimate-portable-green","status":"publish","type":"product","link":"https:\/\/arturf.com\/fr\/product\/ultimate-portable-green\/","title":{"rendered":"Vert portable ultime"},"content":{"rendered":"<p>Tout bon joueur de golf sait que la meilleure fa\u00e7on de baisser vos scores de golf est de pratiquer le putting. ARTURF Portable Putting Greens est un excellent assistant pour am\u00e9liorer vos comp\u00e9tences de putting. Nos verts de putting portables ont \u00e9t\u00e9 soigneusement con\u00e7us pour pouvoir \u00eatre plac\u00e9s dans n&#039;importe quelle pi\u00e8ce de votre maison pendant les mois d&#039;hiver, puis dans votre cour pendant l&#039;\u00e9t\u00e9. ARTURF Ultimate Portable Golf Putting Green convient parfaitement aux deux <strong>utilisation ext\u00e9rieure et int\u00e9rieure. Portable et facile \u00e0 installer; il suffit de d\u00e9rouler et de jouer.<\/strong><\/p>\n<p><strong>Putting Greens portables con\u00e7us avec toutes les fonctionnalit\u00e9s<\/strong><br \/>Les green putting portables pr\u00e9-emball\u00e9s sont con\u00e7us pour vous offrir toutes les fonctionnalit\u00e9s d&#039;un putting green traditionnel dans le confort et la chaleur de votre maison ou bureau. Vous constaterez que nos verts de putting portables int\u00e9rieurs \/ ext\u00e9rieurs sont \u00e0 la fois beaux et incroyablement r\u00e9alistes.<\/p>\n<p>Nos verts de putting portables sont con\u00e7us par des golfeurs pour des golfeurs dans le but de cr\u00e9er le meilleur environnement de pratique de putting disponible sans gaspiller de pieds carr\u00e9s que vous devrez payer et ajouter peu de valeur pratique.<\/p>\n<p>Vous pouvez d\u00e9sormais emmener le parcours de golf partout o\u00f9 vous voyagez! Plus r\u00e9aliste et stimulant que de viser une balle dans un verre \u00e0 boire sur le tapis.<\/p>\n<p><strong>Fonctionnalit\u00e9s:<\/strong><\/p>\n<ul>\n<li class=\"bullet-arrow\"><strong>Taille: <\/strong><strong>1,5 m * 3,0 m \/ 3,5 m,\u00a0<\/strong>\u00a0assez gros pour un putt d\u00e9licat, mais compact pour jouer presque partout. La taille sp\u00e9ciale peut \u00eatre personnalis\u00e9e.<\/li>\n<li class=\"bullet-arrow\">La plus haute fonctionnalit\u00e9 et le putting green synth\u00e9tique le plus r\u00e9aliste<\/li>\n<li class=\"bullet-arrow\"><strong>Mat\u00e9riaux:<\/strong> Poly\u00e9thyl\u00e8ne textur\u00e9 avec frange en poly\u00e9thyl\u00e8ne monofilament<\/li>\n<li class=\"bullet-arrow\"><strong>Garantie:<\/strong> Garantie de 8 ans<\/li>\n<li class=\"bullet-arrow\">Le putting green int\u00e9rieur le plus \u00e9conomique du march\u00e9<\/li>\n<\/ul>\n<p><strong>Avantages:<\/strong><\/p>\n<ul>\n<li class=\"bullet-checkmark bullet-arrow\">Con\u00e7u pour pr\u00e9senter une texture de putt r\u00e9aliste et simul\u00e9 rugueux.<\/li>\n<li class=\"bullet-checkmark bullet-arrow\">Emball\u00e9 avec un sac en tissu tiss\u00e9. Tr\u00e8s facile \u00e0 transporter.<\/li>\n<\/ul>\n<p><img loading=\"lazy\" decoding=\"async\" class=\"alignnone size-full wp-image-3893\" title=\"Putting vert portable ultime\" src=\"https:\/\/arturf.com\/wp-content\/uploads\/2012\/08\/mini-golf.jpg\" alt=\"Putting vert portable\" width=\"600\" height=\"532\" \/><\/p>\n<p>Veuillez noter que nous ne sugg\u00e9rons pas d&#039;acheter le Ultimate Portable Green individuellement car le fret a\u00e9rien sera tr\u00e8s \u00e9lev\u00e9, et probablement beaucoup plus \u00e9lev\u00e9 que la valeur des produits. Nous vous recommandons de commander avec du gazon artificiel et de mettre Ultimate Portable Green dans le m\u00eame r\u00e9cipient.\u00a0<\/p>\n\n\t<section class=\"section\" id=\"section_205198872\">\n\t\t<div class=\"section-bg fill\" >\n\t\t\t\t\t\t\t\t\t\n\t\t\t\n\n\t\t<\/div>\n\n\t\t\n\n\t\t<div class=\"section-content relative\">\n\t\t\t\n\n<div class=\"row\"  id=\"row-1744711416\">\n\n\n\t<div id=\"col-1952899092\" class=\"col small-12 large-12\"  >\n\t\t\t\t<div class=\"col-inner text-center\"  >\n\t\t\t\n\t\t\t\n\n<h2>FAQ<\/h2>\n\n\t\t<\/div>\n\t\t\t\t\t<\/div>\n\n\t\n\n<\/div>\n<div class=\"row align-center row-box-shadow-1\"  id=\"row-725291165\">\n\n\n\t<div id=\"col-9720394\" class=\"col medium-10 small-12 large-9\"  >\n\t\t\t\t<div class=\"col-inner\" style=\"background-color:rgb(255,255,255);\" >\n\t\t\t\n\t\t\t\n\n<div class=\"accordion\">\n\n\t<div id=\"accordion-3805032210\" class=\"accordion-item\">\n\t\t<a id=\"accordion-3805032210-label\" class=\"accordion-title plain\" href=\"#accordion-item-can-you-customize-specifications-for-your-artificial-turf-products?\" aria-expanded=\"false\" aria-controls=\"accordion-3805032210-content\">\n\t\t\t<button class=\"toggle\" aria-label=\"Basculer\"><i class=\"icon-angle-down\" aria-hidden=\"true\"><\/i><\/button>\n\t\t\t<span>Pouvez-vous personnaliser les sp\u00e9cifications de vos produits de gazon artificiel ?<\/span>\n\t\t<\/a>\n\t\t<div id=\"accordion-3805032210-content\" class=\"accordion-inner\" aria-labelledby=\"accordion-3805032210-label\">\n\t\t\t\n\n<p>Oui, nous proposons des options de personnalisation pour la couleur, la forme du fil, la hauteur du poil, la densit\u00e9 et le support. Nous pouvons \u00e9galement produire selon un \u00e9chantillon fourni.<\/p>\n\n\t\t<\/div>\n\t<\/div>\n\t\n\t<div id=\"accordion-2084852957\" class=\"accordion-item\">\n\t\t<a id=\"accordion-2084852957-label\" class=\"accordion-title plain\" href=\"#accordion-item-do-you-have-stock?\" aria-expanded=\"false\" aria-controls=\"accordion-2084852957-content\">\n\t\t\t<button class=\"toggle\" aria-label=\"Basculer\"><i class=\"icon-angle-down\" aria-hidden=\"true\"><\/i><\/button>\n\t\t\t<span>Avez-vous des stocks?<\/span>\n\t\t<\/a>\n\t\t<div id=\"accordion-2084852957-content\" class=\"accordion-inner\" aria-labelledby=\"accordion-2084852957-label\">\n\t\t\t\n\n<p>Non, nous ne gardons pas de stock. Nous commen\u00e7ons la production sur la base de commandes sp\u00e9cifiques.<\/p>\n\n\t\t<\/div>\n\t<\/div>\n\t\n\t<div id=\"accordion-251405705\" class=\"accordion-item\">\n\t\t<a id=\"accordion-251405705-label\" class=\"accordion-title plain\" href=\"#accordion-item-what-is-your-moq?\" aria-expanded=\"false\" aria-controls=\"accordion-251405705-content\">\n\t\t\t<button class=\"toggle\" aria-label=\"Basculer\"><i class=\"icon-angle-down\" aria-hidden=\"true\"><\/i><\/button>\n\t\t\t<span>Quel est votre MOQ?<\/span>\n\t\t<\/a>\n\t\t<div id=\"accordion-251405705-content\" class=\"accordion-inner\" aria-labelledby=\"accordion-251405705-label\">\n\t\t\t\n\n<p>Pour la plupart des gazons artificiels, notre quantit\u00e9 minimum de commande (MOQ) est de 500 m\u00e8tres carr\u00e9s. Pour certains produits l\u00e9gers, le MOQ est de 800 m\u00e8tres carr\u00e9s.<\/p>\n\n\t\t<\/div>\n\t<\/div>\n\t\n\t<div id=\"accordion-2400317213\" class=\"accordion-item\">\n\t\t<a id=\"accordion-2400317213-label\" class=\"accordion-title plain\" href=\"#accordion-item-what-are-the-width-and-length-options-for-artificial-grass?\" aria-expanded=\"false\" aria-controls=\"accordion-2400317213-content\">\n\t\t\t<button class=\"toggle\" aria-label=\"Basculer\"><i class=\"icon-angle-down\" aria-hidden=\"true\"><\/i><\/button>\n\t\t\t<span>Quelles sont les options de largeur et de longueur pour le gazon artificiel ?<\/span>\n\t\t<\/a>\n\t\t<div id=\"accordion-2400317213-content\" class=\"accordion-inner\" aria-labelledby=\"accordion-2400317213-label\">\n\t\t\t\n\n<p>Nos options de largeur courantes sont de 2 m, 3,75 m, 3,95 m, 4 m et 5 m. La longueur peut \u00eatre personnalis\u00e9e en fonction des exigences sp\u00e9cifiques de votre projet. Par d\u00e9faut, nous m\u00e9langeons du gazon de 4 m de large et de 2 m de large pour optimiser l&#039;espace du conteneur.<\/p>\n\n\t\t<\/div>\n\t<\/div>\n\t\n\t<div id=\"accordion-856147680\" class=\"accordion-item\">\n\t\t<a id=\"accordion-856147680-label\" class=\"accordion-title plain\" href=\"#accordion-item-what-information-do-you-need-to-provide-the-landed-cost-for-international-customers?\" aria-expanded=\"false\" aria-controls=\"accordion-856147680-content\">\n\t\t\t<button class=\"toggle\" aria-label=\"Basculer\"><i class=\"icon-angle-down\" aria-hidden=\"true\"><\/i><\/button>\n\t\t\t<span>De quelles informations avez-vous besoin pour fournir le co\u00fbt au d\u00e9barquement pour les clients internationaux\u00a0?<\/span>\n\t\t<\/a>\n\t\t<div id=\"accordion-856147680-content\" class=\"accordion-inner\" aria-labelledby=\"accordion-856147680-label\">\n\t\t\t\n\n<p>Pour fournir le co\u00fbt au d\u00e9barquement, nous avons besoin d&#039;informations sur les d\u00e9tails du produit, la quantit\u00e9 et le port maritime de destination.<\/p>\n\n\t\t<\/div>\n\t<\/div>\n\t\n\n<\/div>\n\n\t\t<\/div>\n\t\t\t\t\t<\/div>\n\n\t\n\n\n<style>\n#row-725291165 > .col > .col-inner {\n  padding: 0px 0px 0px 0px;\n}\n@media (min-width:550px) {\n  #row-725291165 > .col > .col-inner {\n    padding: 30px 30px 30px 30px;\n  }\n}\n<\/style>\n<\/div>\n\n\t\t<\/div>\n\n\t\t\n<style>\n#section_205198872 {\n  padding-top: 60px;\n  padding-bottom: 60px;\n}\n<\/style>\n\t<\/section>\n\t\n<div class=\"row align-center\"  id=\"row-13285236\">\n\n\n\t<div id=\"col-1861838693\" class=\"col medium-4 large-4\"  >\n\t\t\t\t<div class=\"col-inner\"  >\n\t\t\t\n\t<div class=\"is-border\"\n\t\tstyle=\"border-width:0px 0px 0px 0px;\">\n\t<\/div>\n\t\t\t\n\n\n\t\t<div class=\"icon-box featured-box icon-box-center text-center\"  style=\"margin:0px 0px 0px 0px;\">\n\t\t\t\t\t<div class=\"icon-box-img has-icon-bg\" style=\"width: 100px\">\n\t\t\t\t<div class=\"icon\">\n\t\t\t\t\t<div class=\"icon-inner\" style=\"border-width:2px;color:rgba(47, 159, 18, 0.88);\">\n\t\t\t\t\t\t<img loading=\"lazy\" decoding=\"async\" width=\"100\" height=\"100\" src=\"https:\/\/arturf.com\/wp-content\/uploads\/2018\/06\/Icon-Good-quality.png\" class=\"attachment-medium size-medium\" alt=\"\" srcset=\"https:\/\/arturf.com\/wp-content\/uploads\/2018\/06\/Icon-Good-quality.png 100w, https:\/\/arturf.com\/wp-content\/uploads\/2018\/06\/Icon-Good-quality-12x12.png 12w\" sizes=\"auto, (max-width: 100px) 100vw, 100px\" \/>\t\t\t\t\t<\/div>\n\t\t\t\t<\/div>\n\t\t\t<\/div>\n\t\t\t\t<div class=\"icon-box-text last-reset\">\n\t\t\t<h5 class=\"uppercase\">Qualit\u00e9 \u00e9prouv\u00e9e<\/h5>\t\t\t\t\t\t\n\n<p>Gazon artificiel de qualit\u00e9 sup\u00e9rieure avec r\u00e9sistance aux UV et \u00e0 l&#039;usure. Des garanties solides assurent une satisfaction durable.<\/p>\n\n\t\t<\/div>\n\t<\/div>\n\t\n\t\n\n\t\t<\/div>\n\t\t\t\t\t<\/div>\n\n\t\n\n\t<div id=\"col-847260690\" class=\"col medium-4 large-4\"  >\n\t\t\t\t<div class=\"col-inner\"  >\n\t\t\t\n\t<div class=\"is-border\"\n\t\tstyle=\"border-width:0px 0px 0px 0px;\">\n\t<\/div>\n\t\t\t\n\n\n\t\t<div class=\"icon-box featured-box icon-box-center text-center\"  style=\"margin:0px 0px 0px 0px;\">\n\t\t\t\t\t<div class=\"icon-box-img has-icon-bg\" style=\"width: 100px\">\n\t\t\t\t<div class=\"icon\">\n\t\t\t\t\t<div class=\"icon-inner\" style=\"border-width:2px;color:rgba(47, 159, 18, 0.88);\">\n\t\t\t\t\t\t<img loading=\"lazy\" decoding=\"async\" width=\"100\" height=\"100\" src=\"https:\/\/arturf.com\/wp-content\/uploads\/2018\/06\/Icon-Good-price.png\" class=\"attachment-medium size-medium\" alt=\"\" srcset=\"https:\/\/arturf.com\/wp-content\/uploads\/2018\/06\/Icon-Good-price.png 100w, https:\/\/arturf.com\/wp-content\/uploads\/2018\/06\/Icon-Good-price-12x12.png 12w\" sizes=\"auto, (max-width: 100px) 100vw, 100px\" \/>\t\t\t\t\t<\/div>\n\t\t\t\t<\/div>\n\t\t\t<\/div>\n\t\t\t\t<div class=\"icon-box-text last-reset\">\n\t\t\t<h5 class=\"uppercase\">Des prix comp\u00e9titifs<\/h5>\t\t\t\t\t\t\n\n<p>Nous offrons des prix comp\u00e9titifs, favorisant la croissance mutuelle et le succ\u00e8s \u00e0 long terme avec nos revendeurs estim\u00e9s.<\/p>\n\n\t\t<\/div>\n\t<\/div>\n\t\n\t\n\n\t\t<\/div>\n\t\t\t\t\t<\/div>\n\n\t\n\n\t<div id=\"col-1382558025\" class=\"col medium-4 large-4\"  >\n\t\t\t\t<div class=\"col-inner\"  >\n\t\t\t\n\t<div class=\"is-border\"\n\t\tstyle=\"border-width:0px 0px 0px 0px;\">\n\t<\/div>\n\t\t\t\n\n\n\t\t<div class=\"icon-box featured-box icon-box-center text-center\"  style=\"margin:0px 0px 0px 0px;\">\n\t\t\t\t\t<div class=\"icon-box-img has-icon-bg\" style=\"width: 100px\">\n\t\t\t\t<div class=\"icon\">\n\t\t\t\t\t<div class=\"icon-inner\" style=\"border-width:2px;color:rgba(47, 159, 18, 0.88);\">\n\t\t\t\t\t\t<img loading=\"lazy\" decoding=\"async\" width=\"100\" height=\"100\" src=\"https:\/\/arturf.com\/wp-content\/uploads\/2018\/06\/Icon-tailor-made.png\" class=\"attachment-medium size-medium\" alt=\"\" srcset=\"https:\/\/arturf.com\/wp-content\/uploads\/2018\/06\/Icon-tailor-made.png 100w, https:\/\/arturf.com\/wp-content\/uploads\/2018\/06\/Icon-tailor-made-12x12.png 12w\" sizes=\"auto, (max-width: 100px) 100vw, 100px\" \/>\t\t\t\t\t<\/div>\n\t\t\t\t<\/div>\n\t\t\t<\/div>\n\t\t\t\t<div class=\"icon-box-text last-reset\">\n\t\t\t<h5 class=\"uppercase\">Solutions personnalis\u00e9es<\/h5>\t\t\t\t\t\t\n\n<p>Lib\u00e9rez le potentiel du march\u00e9 avec diverses options de gazon artificiel. <a href=\"https:\/\/arturf.com\/fr\/buyers-guide\/customized-artificial-grass-products\/\">Adapt\u00e9 aux besoins ou aux \u00e9chantillons uniques<\/a>.<\/p>\n\n\t\t<\/div>\n\t<\/div>\n\t\n\t\n\n\t\t<\/div>\n\t\t\t\t\t<\/div>\n\n\t\n\n<\/div>","protected":false},"excerpt":{"rendered":"<p>Notre ultime golf portatif Putting Green s&#039;adresse aux golfeurs de tous niveaux. Il s&#039;agit d&#039;un putting green de qualit\u00e9 professionnelle avec deux tasses et des \u00e9pinglettes. Chipping, longs putts, sensation solide et v\u00e9ritable roulement de la balle - presque tout ce que vous attendez d&#039;un vrai putting green. Convient pour l&#039;ext\u00e9rieur et\u00a0<strong>utilisation en int\u00e9rieur. Portable et facile \u00e0 installer; il suffit de d\u00e9rouler et de jouer.<\/strong><\/p>","protected":false},"featured_media":3909,"template":"","meta":{"_seopress_robots_primary_cat":"","_seopress_titles_title":"","_seopress_titles_desc":"","_seopress_robots_index":""},"product_brand":[],"product_cat":[65],"product_tag":[],"class_list":{"0":"post-6520","1":"product","2":"type-product","3":"status-publish","4":"has-post-thumbnail","6":"product_cat-golf","8":"first","9":"instock","10":"shipping-taxable","11":"product-type-simple"},"_links":{"self":[{"href":"https:\/\/arturf.com\/fr\/wp-json\/wp\/v2\/product\/6520","targetHints":{"allow":["GET"]}}],"collection":[{"href":"https:\/\/arturf.com\/fr\/wp-json\/wp\/v2\/product"}],"about":[{"href":"https:\/\/arturf.com\/fr\/wp-json\/wp\/v2\/types\/product"}],"wp:featuredmedia":[{"embeddable":true,"href":"https:\/\/arturf.com\/fr\/wp-json\/wp\/v2\/media\/3909"}],"wp:attachment":[{"href":"https:\/\/arturf.com\/fr\/wp-json\/wp\/v2\/media?parent=6520"}],"wp:term":[{"taxonomy":"product_brand","embeddable":true,"href":"https:\/\/arturf.com\/fr\/wp-json\/wp\/v2\/product_brand?post=6520"},{"taxonomy":"product_cat","embeddable":true,"href":"https:\/\/arturf.com\/fr\/wp-json\/wp\/v2\/product_cat?post=6520"},{"taxonomy":"product_tag","embeddable":true,"href":"https:\/\/arturf.com\/fr\/wp-json\/wp\/v2\/product_tag?post=6520"}],"curies":[{"name":"wp","href":"https:\/\/api.w.org\/{rel}","templated":true}]}}