{"id":6521,"date":"2017-05-19T08:13:27","date_gmt":"2017-05-19T08:13:27","guid":{"rendered":"https:\/\/arturf.com\/?post_type=product&#038;p=6521"},"modified":"2019-12-18T02:39:54","modified_gmt":"2019-12-18T02:39:54","slug":"artificial-grass-rubber-infill","status":"publish","type":"product","link":"https:\/\/arturf.com\/fr\/product\/artificial-grass-rubber-infill\/","title":{"rendered":"Granule de caoutchouc"},"content":{"rendered":"<h2 style=\"text-align: left;\"><strong>Pourquoi utiliser un remplissage en caoutchouc pour les terrains de football?<\/strong><\/h2>\n<ul>\n<li class=\"bullet-checkmark bullet-arrow\" style=\"text-align: left;\">Une couche de remplissage est utilis\u00e9e afin d&#039;am\u00e9liorer la jouabilit\u00e9 sur le gazon artificiel. Le remplissage offre une adh\u00e9rence, un confort de glisse, une stabilit\u00e9 et une restauration d&#039;\u00e9nergie.<\/li>\n<li class=\"bullet-checkmark bullet-arrow\" style=\"text-align: left;\">Le remplissage en caoutchouc permet aux brins de gazon synth\u00e9tique de se tenir debout, donnant \u00e0 l&#039;herbe un aspect naturel.<\/li>\n<li class=\"bullet-checkmark bullet-arrow\" style=\"text-align: left;\">Fournir une surface rembourr\u00e9e pour jouer semblable \u00e0 celle du gazon naturel.<\/li>\n<li class=\"bullet-checkmark bullet-arrow\" style=\"text-align: left;\">Rendre les surfaces de gazon artificiel capables de r\u00e9sister \u00e0 des contraintes plus \u00e9lev\u00e9es que la normale (prot\u00e9ger le syst\u00e8me de gazon artificiel et prolonger sa dur\u00e9e de vie)<\/li>\n<\/ul>\n\t<div class=\"img has-hover x md-x lg-x y md-y lg-y\" id=\"image_1525953216\">\n\t\t\t\t\t\t\t\t<div class=\"img-inner dark\" >\n\t\t\t<img loading=\"lazy\" decoding=\"async\" width=\"700\" height=\"294\" src=\"https:\/\/arturf.com\/wp-content\/uploads\/2018\/05\/Football-Turf-Infill-System.jpg\" class=\"attachment-large size-large\" alt=\"Non-remplissage\" srcset=\"https:\/\/arturf.com\/wp-content\/uploads\/2018\/05\/Football-Turf-Infill-System.jpg 700w, https:\/\/arturf.com\/wp-content\/uploads\/2018\/05\/Football-Turf-Infill-System-300x126.jpg 300w, https:\/\/arturf.com\/wp-content\/uploads\/2018\/05\/Football-Turf-Infill-System-18x8.jpg 18w, https:\/\/arturf.com\/wp-content\/uploads\/2018\/05\/Football-Turf-Infill-System-510x214.jpg 510w\" sizes=\"auto, (max-width: 700px) 100vw, 700px\" \/>\t\t\t\t\t\t\n\t\t\t\t\t<\/div>\n\t\t\t\t\t\t\t\t\n<style>\n#image_1525953216 {\n  width: 60%;\n}\n<\/style>\n\t<\/div>\n\t\n<h2>Quels types de remplissage en caoutchouc pouvez-vous utiliser pour les terrains de sport en gazon artificiel?<\/h2>\n<p>Il existe plusieurs types de granul\u00e9s de caoutchouc que vous pouvez utiliser comme remplissage, y compris le granule de grubber SBR, le granule de caoutchouc TPE, le granule de caoutchouc EPDM et les mati\u00e8res organiques. Nous recommandons les granul\u00e9s de caoutchouc SBR ou les miettes de caoutchouc TPE. Ces deux \u00e9l\u00e9ments sont les \u00e9l\u00e9ments de remplissage en caoutchouc haute performance les plus courants et les plus \u00e9prouv\u00e9s du march\u00e9.<\/p>\n<h3>1. Caoutchouc de miettes SBR<\/h3>\n<p>Le caoutchouc granul\u00e9 SBR (d&#039;apr\u00e8s sa composition chimique - caoutchouc styr\u00e8ne-butadi\u00e8ne) est le plus souvent fabriqu\u00e9 \u00e0 partir du pneu recycl\u00e9. Le mat\u00e9riel \u00e9tait <a href=\"https:\/\/arturf.com\/fr\/blog\/is-sbr-infill-safe\/\" target=\"_blank\" rel=\"noopener noreferrer\">prouv\u00e9 s\u00fbr<\/a> \u00e0 utiliser comme gazon artificiel. Le granule de caoutchouc SBR est le remplissage en caoutchouc le plus courant sur le march\u00e9, avec de petites caract\u00e9ristiques d&#039;investissement de la sortie.<\/p>\n<p>Caoutchouc noir en miettes de 1 \u00e0 3 mm pour am\u00e9liorer les performances des terrains de sport. Bonne qualit\u00e9, propre, pas de mauvaise odeur et respectueux de l&#039;environnement.<\/p>\n\t<div class=\"img has-hover x md-x lg-x y md-y lg-y\" id=\"image_1426156854\">\n\t\t\t\t\t\t\t\t<div class=\"img-inner dark\" style=\"margin:30px 0px 30px 0px;\">\n\t\t\t<img loading=\"lazy\" decoding=\"async\" width=\"460\" height=\"295\" src=\"https:\/\/arturf.com\/wp-content\/uploads\/2014\/07\/rubber_2-3.jpg\" class=\"attachment-large size-large\" alt=\"Remplissage de granules de caoutchouc\" srcset=\"https:\/\/arturf.com\/wp-content\/uploads\/2014\/07\/rubber_2-3.jpg 460w, https:\/\/arturf.com\/wp-content\/uploads\/2014\/07\/rubber_2-3-300x192.jpg 300w, https:\/\/arturf.com\/wp-content\/uploads\/2014\/07\/rubber_2-3-18x12.jpg 18w\" sizes=\"auto, (max-width: 460px) 100vw, 460px\" \/>\t\t\t\t\t\t\n\t\t\t\t\t<\/div>\n\t\t\t\t\t\t\t\t\n<style>\n#image_1426156854 {\n  width: 50%;\n}\n<\/style>\n\t<\/div>\n\t\n<h3>2. Granule de caoutchouc TPE<\/h3>\n<p>L&#039;\u00e9lastom\u00e8re thermoplastique poss\u00e8de une haute r\u00e9silience, r\u00e9sistance et r\u00e9silience \u00e9lastique du caoutchouc, et poss\u00e8de \u00e9galement les caract\u00e9ristiques du traitement par injection. C&#039;est un granule de caoutchouc polym\u00e8re \u00e0 base de PU, PE, EPDM, SBS, SEBS, PP, PC, PA, ABS. Nos granul\u00e9s creux TPE conviennent comme mat\u00e9riau de remplissage pour le gazon artificiel.<\/p>\n\t<div class=\"img has-hover x md-x lg-x y md-y lg-y\" id=\"image_396954387\">\n\t\t\t\t\t\t\t\t<div class=\"img-inner dark\" style=\"margin:30px 0px 30px 0px;\">\n\t\t\t<img loading=\"lazy\" decoding=\"async\" width=\"800\" height=\"533\" src=\"https:\/\/arturf.com\/wp-content\/uploads\/2019\/04\/TPE-RUBBER-INFILL.jpg\" class=\"attachment-large size-large\" alt=\"REMPLISSAGE EN CAOUTCHOUC TPE\" srcset=\"https:\/\/arturf.com\/wp-content\/uploads\/2019\/04\/TPE-RUBBER-INFILL.jpg 800w, https:\/\/arturf.com\/wp-content\/uploads\/2019\/04\/TPE-RUBBER-INFILL-300x200.jpg 300w, https:\/\/arturf.com\/wp-content\/uploads\/2019\/04\/TPE-RUBBER-INFILL-768x512.jpg 768w, https:\/\/arturf.com\/wp-content\/uploads\/2019\/04\/TPE-RUBBER-INFILL-18x12.jpg 18w, https:\/\/arturf.com\/wp-content\/uploads\/2019\/04\/TPE-RUBBER-INFILL-510x340.jpg 510w\" sizes=\"auto, (max-width: 800px) 100vw, 800px\" \/>\t\t\t\t\t\t\n\t\t\t\t\t<\/div>\n\t\t\t\t\t\t\t\t\n<style>\n#image_396954387 {\n  width: 50%;\n}\n<\/style>\n\t<\/div>\n\t\n<h2>Y a-t-il du gazon de football qui ne n\u00e9cessite aucun remplissage?<\/h2>\n<p><strong>Oui.<\/strong> Si vous voulez un entretien m\u00eame minimis\u00e9 et une surface plus propre, vous pouvez choisir notre gazon de football sans remplissage. Il n&#039;a pas besoin de sable de silice et de remplissage en caoutchouc. Id\u00e9al pour le football \u00e0 5, \u00e0 4, \u00e0 3 ou en salle et le terrain polyvalent.<\/p>\n\t\n  \n    <div class=\"row large-columns-2 medium-columns- small-columns- row-small\" >\n  \n\t     <div class=\"product-small col has-hover product type-product post-6298 status-publish first instock product_cat-football product_cat-multi-purpose product_tag-football-grass product_tag-non-infill has-post-thumbnail shipping-taxable product-type-simple\">\n\t<div class=\"col-inner\">\n\t\n<div class=\"badge-container absolute left top z-1\">\n\n<\/div>\n\t<div class=\"product-small box\">\n\t\t<div class=\"box-image\">\n\t\t\t<div class=\"image-fade_in_back\">\n\t\t\t\t<a href=\"https:\/\/arturf.com\/fr\/product\/non-infill-football-grass\/\">\n\t\t\t\t\t<img loading=\"lazy\" decoding=\"async\" width=\"350\" height=\"263\" src=\"https:\/\/arturf.com\/wp-content\/uploads\/2018\/04\/NON-INFILL-FOOTBALL-GRASS-NFMT30-1-350x263.jpg\" class=\"attachment-woocommerce_thumbnail size-woocommerce_thumbnail\" alt=\"Herbe de football sans remplissage\" srcset=\"https:\/\/arturf.com\/wp-content\/uploads\/2018\/04\/NON-INFILL-FOOTBALL-GRASS-NFMT30-1-350x263.jpg 350w, https:\/\/arturf.com\/wp-content\/uploads\/2018\/04\/NON-INFILL-FOOTBALL-GRASS-NFMT30-1-300x225.jpg 300w, https:\/\/arturf.com\/wp-content\/uploads\/2018\/04\/NON-INFILL-FOOTBALL-GRASS-NFMT30-1-200x150.jpg 200w, https:\/\/arturf.com\/wp-content\/uploads\/2018\/04\/NON-INFILL-FOOTBALL-GRASS-NFMT30-1-768x576.jpg 768w, https:\/\/arturf.com\/wp-content\/uploads\/2018\/04\/NON-INFILL-FOOTBALL-GRASS-NFMT30-1-16x12.jpg 16w, https:\/\/arturf.com\/wp-content\/uploads\/2018\/04\/NON-INFILL-FOOTBALL-GRASS-NFMT30-1-510x383.jpg 510w, https:\/\/arturf.com\/wp-content\/uploads\/2018\/04\/NON-INFILL-FOOTBALL-GRASS-NFMT30-1.jpg 800w\" sizes=\"auto, (max-width: 350px) 100vw, 350px\" \/><img loading=\"lazy\" decoding=\"async\" width=\"350\" height=\"263\" src=\"https:\/\/arturf.com\/wp-content\/uploads\/2018\/04\/NON-INFILL-FOOTBALL-GRASS-NFMT30-2-350x263.jpg\" class=\"show-on-hover absolute fill hide-for-small back-image\" alt=\"Vue alternative du gazon de football non rempli\" aria-hidden=\"true\" srcset=\"https:\/\/arturf.com\/wp-content\/uploads\/2018\/04\/NON-INFILL-FOOTBALL-GRASS-NFMT30-2-350x263.jpg 350w, https:\/\/arturf.com\/wp-content\/uploads\/2018\/04\/NON-INFILL-FOOTBALL-GRASS-NFMT30-2-300x225.jpg 300w, https:\/\/arturf.com\/wp-content\/uploads\/2018\/04\/NON-INFILL-FOOTBALL-GRASS-NFMT30-2-200x150.jpg 200w, https:\/\/arturf.com\/wp-content\/uploads\/2018\/04\/NON-INFILL-FOOTBALL-GRASS-NFMT30-2-768x575.jpg 768w, https:\/\/arturf.com\/wp-content\/uploads\/2018\/04\/NON-INFILL-FOOTBALL-GRASS-NFMT30-2-16x12.jpg 16w, https:\/\/arturf.com\/wp-content\/uploads\/2018\/04\/NON-INFILL-FOOTBALL-GRASS-NFMT30-2-510x382.jpg 510w, https:\/\/arturf.com\/wp-content\/uploads\/2018\/04\/NON-INFILL-FOOTBALL-GRASS-NFMT30-2.jpg 800w\" sizes=\"auto, (max-width: 350px) 100vw, 350px\" \/>\t\t\t\t<\/a>\n\t\t\t<\/div>\n\t\t\t<div class=\"image-tools is-small top right show-on-hover\">\n\t\t\t\t\t\t\t<\/div>\n\t\t\t<div class=\"image-tools is-small hide-for-small bottom left show-on-hover\">\n\t\t\t\t\t\t\t<\/div>\n\t\t\t<div class=\"image-tools grid-tools text-center hide-for-small bottom hover-slide-in show-on-hover\">\n\t\t\t\t<a href=\"#quick-view\" class=\"quick-view\" role=\"button\" data-prod=\"6298\" aria-haspopup=\"dialog\" aria-expanded=\"false\" data-flatsome-role-button>Aper\u00e7u<\/a>\t\t\t<\/div>\n\t\t\t\t\t<\/div>\n\n\t\t<div class=\"box-text box-text-products\">\n\t\t\t<div class=\"title-wrapper\">\t\t<p class=\"category uppercase is-smaller no-text-overflow product-cat op-8\">\n\t\t\tFootball\t\t<\/p>\n\t<p class=\"name product-title woocommerce-loop-product__title\"><a href=\"https:\/\/arturf.com\/fr\/product\/non-infill-football-grass\/\" class=\"woocommerce-LoopProduct-link woocommerce-loop-product__link\">Herbe de football sans remplissage<\/a><\/p><\/div><div class=\"price-wrapper\"><\/div>\t\t<\/div>\n\t<\/div>\n\t\t<\/div>\n<\/div><\/div>\n<p>Gazon de football rempli ou non, lequel est le meilleur pour moi? S&#039;il vous pla\u00eet <a href=\"https:\/\/arturf.com\/fr\/support\/infill-or-non-infill-artificial-grass\/\">cliquez pour en savoir plus<\/a>.<\/p>","protected":false},"excerpt":{"rendered":"<p>Le gazon artificiel sans fibres de chaume a besoin d&#039;un remplissage pour se tenir debout. Le remplissage en caoutchouc offre une surface plus douce et donne du rebond. En particulier, un remplissage en caoutchouc est n\u00e9cessaire pour le gazon de football rempli de sable. Nous recommandons le caoutchouc granul\u00e9 noir ou les granules de caoutchouc TPE.<\/p>","protected":false},"featured_media":7004,"template":"","meta":{"_seopress_robots_primary_cat":"","_seopress_titles_title":"Rubber Granule - Artificial Grass Infill - Installation Accessories","_seopress_titles_desc":"","_seopress_robots_index":""},"product_brand":[],"product_cat":[66],"product_tag":[],"class_list":{"0":"post-6521","1":"product","2":"type-product","3":"status-publish","4":"has-post-thumbnail","6":"product_cat-accessories","8":"","9":"instock","10":"shipping-taxable","11":"product-type-simple"},"_links":{"self":[{"href":"https:\/\/arturf.com\/fr\/wp-json\/wp\/v2\/product\/6521","targetHints":{"allow":["GET"]}}],"collection":[{"href":"https:\/\/arturf.com\/fr\/wp-json\/wp\/v2\/product"}],"about":[{"href":"https:\/\/arturf.com\/fr\/wp-json\/wp\/v2\/types\/product"}],"wp:featuredmedia":[{"embeddable":true,"href":"https:\/\/arturf.com\/fr\/wp-json\/wp\/v2\/media\/7004"}],"wp:attachment":[{"href":"https:\/\/arturf.com\/fr\/wp-json\/wp\/v2\/media?parent=6521"}],"wp:term":[{"taxonomy":"product_brand","embeddable":true,"href":"https:\/\/arturf.com\/fr\/wp-json\/wp\/v2\/product_brand?post=6521"},{"taxonomy":"product_cat","embeddable":true,"href":"https:\/\/arturf.com\/fr\/wp-json\/wp\/v2\/product_cat?post=6521"},{"taxonomy":"product_tag","embeddable":true,"href":"https:\/\/arturf.com\/fr\/wp-json\/wp\/v2\/product_tag?post=6521"}],"curies":[{"name":"wp","href":"https:\/\/api.w.org\/{rel}","templated":true}]}}