{"id":6549,"date":"2018-06-05T13:23:36","date_gmt":"2018-06-05T13:23:36","guid":{"rendered":"https:\/\/arturf.com\/?post_type=product&#038;p=6549"},"modified":"2023-07-10T21:26:38","modified_gmt":"2023-07-10T13:26:38","slug":"shock-pad","status":"publish","type":"product","link":"https:\/\/arturf.com\/fr\/product\/shock-pad\/","title":{"rendered":"Tampon de choc"},"content":{"rendered":"<div class=\"row align-middle align-center\"  id=\"row-1915383165\">\n\n\t<div id=\"col-1290915454\" class=\"col medium-6 small-12 large-6 small-col-first\"  >\n\t\t\t\t<div class=\"col-inner\"  >\n\t\t\t\n\t\t\t\n<h3>Le moyen ultime d&#039;ajouter de la s\u00e9curit\u00e9 et de la r\u00e9silience<\/h3>\n<p>Am\u00e9liorez la s\u00e9curit\u00e9 et la r\u00e9silience de votre surface de gazon artificiel avec notre tampon antichoc haut de gamme. Con\u00e7u pour am\u00e9liorer la jouabilit\u00e9 et la long\u00e9vit\u00e9 des terrains en gazon artificiel, notre coussin antichoc offre un effet d&#039;amorti confortable et naturel, minimisant le risque de blessures.<\/p>\n\t\t<\/div>\n\t\t\t\t\t<\/div>\n\n\t\n\n\t<div id=\"col-527804229\" class=\"col medium-6 small-12 large-6\"  >\n\t\t\t\t<div class=\"col-inner\"  >\n\t\t\t\n\t\t\t\n\t<div class=\"img has-hover x md-x lg-x y md-y lg-y\" id=\"image_1495275887\">\n\t\t\t\t\t\t\t\t<div class=\"img-inner image-cover dark\" style=\"padding-top:56.25%;\">\n\t\t\t<img loading=\"lazy\" decoding=\"async\" width=\"700\" height=\"309\" src=\"https:\/\/arturf.com\/wp-content\/uploads\/2015\/05\/Shockpad-artificial-grass-underlay-3.jpg\" class=\"attachment-large size-large\" alt=\"Sous-couche de gazon artificiel Shock Pad\" srcset=\"https:\/\/arturf.com\/wp-content\/uploads\/2015\/05\/Shockpad-artificial-grass-underlay-3.jpg 700w, https:\/\/arturf.com\/wp-content\/uploads\/2015\/05\/Shockpad-artificial-grass-underlay-3-300x132.jpg 300w, https:\/\/arturf.com\/wp-content\/uploads\/2015\/05\/Shockpad-artificial-grass-underlay-3-18x8.jpg 18w, https:\/\/arturf.com\/wp-content\/uploads\/2015\/05\/Shockpad-artificial-grass-underlay-3-510x225.jpg 510w\" sizes=\"auto, (max-width: 700px) 100vw, 700px\" \/>\t\t\t\t\t\t\n\t\t\t\t\t<\/div>\n\t\t\t\t\t\t\t\t\n<style>\n#image_1495275887 {\n  width: 100%;\n}\n<\/style>\n\t<\/div>\n\t\n\t\t<\/div>\n\t\t\t\t\t<\/div>\n\n\t\n<\/div>\n\t<div id=\"gap-495680252\" class=\"gap-element clearfix\" style=\"display:block; height:auto;\">\n\t\t\n<style>\n#gap-495680252 {\n  padding-top: 50px;\n}\n<\/style>\n\t<\/div>\n\t\n<div class=\"row align-middle\"  id=\"row-1801625276\">\n\n\t<div id=\"col-626476697\" class=\"col medium-6 small-12 large-6\"  >\n\t\t\t\t<div class=\"col-inner\"  >\n\t\t\t\n\t\t\t\n\t<div class=\"img has-hover x md-x lg-x y md-y lg-y\" id=\"image_203459513\">\n\t\t\t\t\t\t\t\t<div class=\"img-inner image-cover dark\" style=\"padding-top:56.25%;\">\n\t\t\t<img loading=\"lazy\" decoding=\"async\" width=\"800\" height=\"445\" src=\"https:\/\/arturf.com\/wp-content\/uploads\/2020\/08\/Arturf-Shock-Pad-Cross-X3010.jpg\" class=\"attachment-original size-original\" alt=\"Tampon de choc\" srcset=\"https:\/\/arturf.com\/wp-content\/uploads\/2020\/08\/Arturf-Shock-Pad-Cross-X3010.jpg 800w, https:\/\/arturf.com\/wp-content\/uploads\/2020\/08\/Arturf-Shock-Pad-Cross-X3010-300x167.jpg 300w, https:\/\/arturf.com\/wp-content\/uploads\/2020\/08\/Arturf-Shock-Pad-Cross-X3010-768x427.jpg 768w, https:\/\/arturf.com\/wp-content\/uploads\/2020\/08\/Arturf-Shock-Pad-Cross-X3010-18x10.jpg 18w, https:\/\/arturf.com\/wp-content\/uploads\/2020\/08\/Arturf-Shock-Pad-Cross-X3010-510x284.jpg 510w\" sizes=\"auto, (max-width: 800px) 100vw, 800px\" \/>\t\t\t\t\t\t\n\t\t\t\t\t<\/div>\n\t\t\t\t\t\t\t\t\n<style>\n#image_203459513 {\n  width: 100%;\n}\n<\/style>\n\t<\/div>\n\t\n\t\t<\/div>\n\t\t\t\t\t<\/div>\n\n\t\n\n\t<div id=\"col-1452181667\" class=\"col medium-6 small-12 large-6 small-col-first\"  >\n\t\t\t\t<div class=\"col-inner\"  >\n\t\t\t\n\t\t\t\n<h3>Vraiment polyvalent<\/h3>\n<p>Consid\u00e9r\u00e9 comme une \u00abpolice d&#039;assurance\u00bb dans l&#039;industrie du sport, notre coussin antichoc est conforme aux r\u00e9glementations approuv\u00e9es par la FIFA pour les tests d&#039;att\u00e9nuation des chocs sur les terrains de football. C&#039;est la couche suppl\u00e9mentaire parfaite pour <a href=\"https:\/\/arturf.com\/fr\/product\/non-infill-football-grass\/\">gazon artificiel de football sans remplissage<\/a>. De plus, il offre une garantie de s\u00e9curit\u00e9 pour les aires de jeux, permettant \u00e0 vos enfants de jouer en toute tranquillit\u00e9. Notre tampon de choc convient \u00e0 diverses surfaces de gazon artificiel, y compris le football, le football, le rugby, le hockey, les terrains de jeux, les zones polyvalentes et les greens.<\/p>\n\t\t<\/div>\n\t\t\t\t\t<\/div>\n\n\t\n<\/div>\n\t<div id=\"gap-2955542\" class=\"gap-element clearfix\" style=\"display:block; height:auto;\">\n\t\t\n<style>\n#gap-2955542 {\n  padding-top: 50px;\n}\n<\/style>\n\t<\/div>\n\t\n<div class=\"row align-middle\"  id=\"row-757734163\">\n\n\t<div id=\"col-1703962296\" class=\"col medium-6 small-12 large-6 small-col-first\"  >\n\t\t\t\t<div class=\"col-inner\"  >\n\t\t\t\n\t\t\t\n<h3>Installation facile et rapide<\/h3>\n<p>Faites l&#039;exp\u00e9rience d&#039;une installation sans tracas avec notre sous-couche en mousse l\u00e9g\u00e8re. Il peut \u00eatre facilement manipul\u00e9 par deux personnes, ce qui vous permet de couvrir un terrain de sport en une seule journ\u00e9e. Aucune machine sp\u00e9ciale ou personnel qualifi\u00e9 n&#039;est requis pour l&#039;installation. La longueur du rouleau peut \u00eatre personnalis\u00e9e pour correspondre \u00e0 la taille du champ, r\u00e9duisant ainsi les d\u00e9chets et la main-d&#039;\u0153uvre.<\/p>\n\t\t<\/div>\n\t\t\t\t\t<\/div>\n\n\t\n\n\t<div id=\"col-577818460\" class=\"col medium-6 small-12 large-6\"  >\n\t\t\t\t<div class=\"col-inner\"  >\n\t\t\t\n\t\t\t\n\t<div class=\"img has-hover x md-x lg-x y md-y lg-y\" id=\"image_1190632761\">\n\t\t\t\t\t\t\t\t<div class=\"img-inner image-cover dark\" style=\"padding-top:56.25%;\">\n\t\t\t<img loading=\"lazy\" decoding=\"async\" width=\"800\" height=\"600\" src=\"https:\/\/arturf.com\/wp-content\/uploads\/2020\/08\/Arturf-Shock-Pad-Cross-X3010-Installation.jpg\" class=\"attachment-original size-original\" alt=\"Tampon de choc\" srcset=\"https:\/\/arturf.com\/wp-content\/uploads\/2020\/08\/Arturf-Shock-Pad-Cross-X3010-Installation.jpg 800w, https:\/\/arturf.com\/wp-content\/uploads\/2020\/08\/Arturf-Shock-Pad-Cross-X3010-Installation-300x225.jpg 300w, https:\/\/arturf.com\/wp-content\/uploads\/2020\/08\/Arturf-Shock-Pad-Cross-X3010-Installation-200x150.jpg 200w, https:\/\/arturf.com\/wp-content\/uploads\/2020\/08\/Arturf-Shock-Pad-Cross-X3010-Installation-768x576.jpg 768w, https:\/\/arturf.com\/wp-content\/uploads\/2020\/08\/Arturf-Shock-Pad-Cross-X3010-Installation-16x12.jpg 16w, https:\/\/arturf.com\/wp-content\/uploads\/2020\/08\/Arturf-Shock-Pad-Cross-X3010-Installation-350x263.jpg 350w, https:\/\/arturf.com\/wp-content\/uploads\/2020\/08\/Arturf-Shock-Pad-Cross-X3010-Installation-510x383.jpg 510w\" sizes=\"auto, (max-width: 800px) 100vw, 800px\" \/>\t\t\t\t\t\t\n\t\t\t\t\t<\/div>\n\t\t\t\t\t\t\t\t\n<style>\n#image_1190632761 {\n  width: 100%;\n}\n<\/style>\n\t<\/div>\n\t\n\t\t<\/div>\n\t\t\t\t\t<\/div>\n\n\t\n<\/div>\n\t<div id=\"gap-1176274725\" class=\"gap-element clearfix\" style=\"display:block; height:auto;\">\n\t\t\n<style>\n#gap-1176274725 {\n  padding-top: 30px;\n}\n<\/style>\n\t<\/div>\n\t\n<h2>Principales caract\u00e9ristiques:<\/h2>\n<ol>\n<li>Excellente absorption des chocs et rebond de balle<\/li>\n<li>Mat\u00e9riau r\u00e9sistant \u00e0 l&#039;eau pour une installation par tous les temps<\/li>\n<li>Bords soigneusement coup\u00e9s pour un soudage\/assemblage facile et pr\u00e9cis avec du ruban adh\u00e9sif.<\/li>\n<li>Conception unique pour un drainage efficace de l&#039;eau et une stabilit\u00e9 dimensionnelle<\/li>\n<li>Long\u00e9vit\u00e9 - R\u00e9sistant \u00e0 la pourriture et \u00e0 la pulv\u00e9risation, dur\u00e9e de vie prolong\u00e9e<\/li>\n<li>Absorption des chocs stable pour des performances constantes dans le temps<\/li>\n<\/ol>\n<h3 style=\"text-align: left;\">Options de motif<\/h3>\n<div class=\"row\"  id=\"row-1710573224\">\n\n\t<div id=\"col-1299850608\" class=\"col medium-3 small-6 large-3\"  >\n\t\t\t\t<div class=\"col-inner\"  >\n\t\t\t\n\t\t\t\n\t<div class=\"box has-hover   has-hover box-text-bottom\" >\n\n\t\t<div class=\"box-image\" style=\"border-radius:100%;\">\n\t\t\t\t\t\t<div class=\"\" >\n\t\t\t\t<img loading=\"lazy\" decoding=\"async\" width=\"400\" height=\"400\" src=\"https:\/\/arturf.com\/wp-content\/uploads\/2020\/04\/Artificial-Grass-Shockpads.jpg\" class=\"attachment- size-\" alt=\"Tampon de choc\" srcset=\"https:\/\/arturf.com\/wp-content\/uploads\/2020\/04\/Artificial-Grass-Shockpads.jpg 400w, https:\/\/arturf.com\/wp-content\/uploads\/2020\/04\/Artificial-Grass-Shockpads-300x300.jpg 300w, https:\/\/arturf.com\/wp-content\/uploads\/2020\/04\/Artificial-Grass-Shockpads-12x12.jpg 12w, https:\/\/arturf.com\/wp-content\/uploads\/2020\/04\/Artificial-Grass-Shockpads-100x100.jpg 100w\" sizes=\"auto, (max-width: 400px) 100vw, 400px\" \/>\t\t\t\t\t\t\t\t\t\t\t<\/div>\n\t\t\t\t\t<\/div>\n\n\t\t<div class=\"box-text text-center\" >\n\t\t\t<div class=\"box-text-inner\">\n\t\t\t\t\n\t<div id=\"text-3605896307\" class=\"text\">\n\t\t\n<h4 style=\"text-align: center;\">Moulin \u00e0 vent<\/h4>\n<p style=\"text-align: center;\"><strong>Application:<\/strong> Ext\u00e9rieur \/ int\u00e9rieur<br \/><strong>Mots cl\u00e9s:<\/strong> L&#039;un des amortisseurs les plus populaires du march\u00e9<\/p>\n\t\t\n<style>\n#text-3605896307 {\n  text-align: center;\n}\n<\/style>\n\t<\/div>\n\t\n\t\t\t<\/div>\n\t\t<\/div>\n\t<\/div>\n\t\n\t\t<\/div>\n\t\t\t\t\t<\/div>\n\n\t\n\n\t<div id=\"col-1907561915\" class=\"col medium-3 small-6 large-3\"  >\n\t\t\t\t<div class=\"col-inner\"  >\n\t\t\t\n\t\t\t\n\t<div class=\"box has-hover   has-hover box-text-bottom\" >\n\n\t\t<div class=\"box-image\" style=\"border-radius:100%;\">\n\t\t\t\t\t\t<div class=\"\" >\n\t\t\t\t<img loading=\"lazy\" decoding=\"async\" width=\"400\" height=\"400\" src=\"https:\/\/arturf.com\/wp-content\/uploads\/2020\/04\/Artificial-Grass-Shock-Pad-Cross.jpg\" class=\"attachment- size-\" alt=\"Tampon de choc\" srcset=\"https:\/\/arturf.com\/wp-content\/uploads\/2020\/04\/Artificial-Grass-Shock-Pad-Cross.jpg 400w, https:\/\/arturf.com\/wp-content\/uploads\/2020\/04\/Artificial-Grass-Shock-Pad-Cross-300x300.jpg 300w, https:\/\/arturf.com\/wp-content\/uploads\/2020\/04\/Artificial-Grass-Shock-Pad-Cross-12x12.jpg 12w, https:\/\/arturf.com\/wp-content\/uploads\/2020\/04\/Artificial-Grass-Shock-Pad-Cross-100x100.jpg 100w\" sizes=\"auto, (max-width: 400px) 100vw, 400px\" \/>\t\t\t\t\t\t\t\t\t\t\t<\/div>\n\t\t\t\t\t<\/div>\n\n\t\t<div class=\"box-text text-center\" >\n\t\t\t<div class=\"box-text-inner\">\n\t\t\t\t\n<h4 style=\"text-align: center;\">Traverser<\/h4>\n<p style=\"text-align: center;\"><strong>Application: <\/strong>Ext\u00e9rieur \/ int\u00e9rieur<br \/><strong>Mots cl\u00e9s:<\/strong> Id\u00e9al pour le gazon artificiel non rempli et rempli, polyvalent<\/p>\n\t\t\t<\/div>\n\t\t<\/div>\n\t<\/div>\n\t\n\t\t<\/div>\n\t\t\t\t\t<\/div>\n\n\t\n\n\t<div id=\"col-207448415\" class=\"col medium-3 small-6 large-3\"  >\n\t\t\t\t<div class=\"col-inner\"  >\n\t\t\t\n\t\t\t\n\t<div class=\"box has-hover   has-hover box-text-bottom\" >\n\n\t\t<div class=\"box-image\" style=\"border-radius:100%;\">\n\t\t\t\t\t\t<div class=\"\" >\n\t\t\t\t<img loading=\"lazy\" decoding=\"async\" width=\"600\" height=\"600\" src=\"https:\/\/arturf.com\/wp-content\/uploads\/2020\/04\/1.jpg\" class=\"attachment- size-\" alt=\"Tampon de choc\" srcset=\"https:\/\/arturf.com\/wp-content\/uploads\/2020\/04\/1.jpg 600w, https:\/\/arturf.com\/wp-content\/uploads\/2020\/04\/1-300x300.jpg 300w, https:\/\/arturf.com\/wp-content\/uploads\/2020\/04\/1-12x12.jpg 12w, https:\/\/arturf.com\/wp-content\/uploads\/2020\/04\/1-510x510.jpg 510w, https:\/\/arturf.com\/wp-content\/uploads\/2020\/04\/1-100x100.jpg 100w\" sizes=\"auto, (max-width: 600px) 100vw, 600px\" \/>\t\t\t\t\t\t\t\t\t\t\t<\/div>\n\t\t\t\t\t<\/div>\n\n\t\t<div class=\"box-text text-center\" >\n\t\t\t<div class=\"box-text-inner\">\n\t\t\t\t\n<h4 style=\"text-align: center;\">Moulin \u00e0 vent et encoche<\/h4>\n<p style=\"text-align: center;\"><strong>Application: <\/strong>Ext\u00e9rieur \/ int\u00e9rieur<br \/><strong>Mots cl\u00e9s:<\/strong>Super durable, tr\u00e8s r\u00e9sistant<\/p>\n\t\t\t<\/div>\n\t\t<\/div>\n\t<\/div>\n\t\n\t\t<\/div>\n\t\t\t\t\t<\/div>\n\n\t\n\n\t<div id=\"col-643612938\" class=\"col medium-3 small-6 large-3\"  >\n\t\t\t\t<div class=\"col-inner\"  >\n\t\t\t\n\t\t\t\n\t<div class=\"box has-hover   has-hover box-text-bottom\" >\n\n\t\t<div class=\"box-image\" style=\"border-radius:100%;\">\n\t\t\t\t\t\t<div class=\"\" >\n\t\t\t\t<img loading=\"lazy\" decoding=\"async\" width=\"500\" height=\"500\" src=\"https:\/\/arturf.com\/wp-content\/uploads\/2020\/09\/Shock-Pad-UltraFlexFlow.jpg\" class=\"attachment- size-\" alt=\"Tampon de choc\" srcset=\"https:\/\/arturf.com\/wp-content\/uploads\/2020\/09\/Shock-Pad-UltraFlexFlow.jpg 500w, https:\/\/arturf.com\/wp-content\/uploads\/2020\/09\/Shock-Pad-UltraFlexFlow-300x300.jpg 300w, https:\/\/arturf.com\/wp-content\/uploads\/2020\/09\/Shock-Pad-UltraFlexFlow-12x12.jpg 12w, https:\/\/arturf.com\/wp-content\/uploads\/2020\/09\/Shock-Pad-UltraFlexFlow-100x100.jpg 100w\" sizes=\"auto, (max-width: 500px) 100vw, 500px\" \/>\t\t\t\t\t\t\t\t\t\t\t<\/div>\n\t\t\t\t\t<\/div>\n\n\t\t<div class=\"box-text text-center\" >\n\t\t\t<div class=\"box-text-inner\">\n\t\t\t\t\n<h4 style=\"text-align: center;\">Moulin \u00e0 vent<\/h4>\n<p style=\"text-align: center;\"><strong>Application:<\/strong> Ext\u00e9rieur \/ int\u00e9rieur<br \/><strong>Mots cl\u00e9s:<\/strong> Super r\u00e9silience, drainage ultra-rapide, ext\u00e9rieur<\/p>\n\t\t\t<\/div>\n\t\t<\/div>\n\t<\/div>\n\t\n\t\t<\/div>\n\t\t\t\t\t<\/div>\n\n\t\n<\/div>\n<div class=\"row\"  id=\"row-1521122745\">\n\n\t<div id=\"col-1115205696\" class=\"col small-12 large-12\"  >\n\t\t\t\t<div class=\"col-inner\"  >\n\t\t\t\n\t\t\t\n<h3>\u00c9paisseur et densit\u00e9 du mat\u00e9riau\u00a0:<\/h3>\n<p>Faites votre choix parmi notre gamme d&#039;options d&#039;\u00e9paisseur de coussinet de choc, allant de 10 mm \u00e0 70 mm. Pour les terrains de football, les \u00e9paisseurs les plus couramment utilis\u00e9es sont 10 mm ou 15 mm.<\/p>\n<p>Nos options de densit\u00e9 de mat\u00e9riau standard incluent 30 kg\/m\u00b3 et 50 kg\/m\u00b3. Pour des MOQ plus \u00e9lev\u00e9s, nous pouvons produire des tampons amortisseurs d&#039;une densit\u00e9 de 70 kg\/m\u00b3 ou d&#039;autres mat\u00e9riaux de densit\u00e9 personnalis\u00e9s.<\/p>\n<p>Am\u00e9liorez la s\u00e9curit\u00e9 et les performances de votre surface de gazon artificiel avec notre tampon amortisseur de haute qualit\u00e9. Profitez d&#039;un confort sup\u00e9rieur, d&#039;une durabilit\u00e9 et d&#039;une installation facile. Contactez-nous maintenant pour commander ou vous renseigner sur les options personnalis\u00e9es.<\/p>\n\t\t<\/div>\n\t\t\t\t\t<\/div>\n\n\t\n<\/div>","protected":false},"excerpt":{"rendered":"<p>Notre coussin de choc est une couche r\u00e9siliente con\u00e7ue pour offrir un confort et une s\u00e9curit\u00e9 optimaux pour les surfaces de gazon artificiel. Il offre un amorti sup\u00e9rieur pour les joueurs et assure une exp\u00e9rience de jeu plus douce. Que vous en ayez besoin pour les aires de jeux, les terrains de football (en particulier les gazons non remplis) ou les greens d&#039;entra\u00eenement, notre tampon amortisseur Arturf est la solution id\u00e9ale.<\/p>","protected":false},"featured_media":9603,"template":"","meta":{"_seopress_robots_primary_cat":"","_seopress_titles_title":"Shock Pad - Enhance Safety and Comfort for Artificial Grass Surfaces","_seopress_titles_desc":"Enhance safety and comfort with our shock pad for artificial grass surfaces. Easy installation, versatile, and resilient. ","_seopress_robots_index":""},"product_brand":[],"product_cat":[66],"product_tag":[],"class_list":{"0":"post-6549","1":"product","2":"type-product","3":"status-publish","4":"has-post-thumbnail","6":"product_cat-accessories","8":"first","9":"instock","10":"shipping-taxable","11":"product-type-simple"},"_links":{"self":[{"href":"https:\/\/arturf.com\/fr\/wp-json\/wp\/v2\/product\/6549","targetHints":{"allow":["GET"]}}],"collection":[{"href":"https:\/\/arturf.com\/fr\/wp-json\/wp\/v2\/product"}],"about":[{"href":"https:\/\/arturf.com\/fr\/wp-json\/wp\/v2\/types\/product"}],"wp:featuredmedia":[{"embeddable":true,"href":"https:\/\/arturf.com\/fr\/wp-json\/wp\/v2\/media\/9603"}],"wp:attachment":[{"href":"https:\/\/arturf.com\/fr\/wp-json\/wp\/v2\/media?parent=6549"}],"wp:term":[{"taxonomy":"product_brand","embeddable":true,"href":"https:\/\/arturf.com\/fr\/wp-json\/wp\/v2\/product_brand?post=6549"},{"taxonomy":"product_cat","embeddable":true,"href":"https:\/\/arturf.com\/fr\/wp-json\/wp\/v2\/product_cat?post=6549"},{"taxonomy":"product_tag","embeddable":true,"href":"https:\/\/arturf.com\/fr\/wp-json\/wp\/v2\/product_tag?post=6549"}],"curies":[{"name":"wp","href":"https:\/\/api.w.org\/{rel}","templated":true}]}}