{"id":6708,"date":"2012-07-17T12:11:10","date_gmt":"2012-07-17T12:11:10","guid":{"rendered":"https:\/\/arturf.com\/?post_type=product&#038;p=6708"},"modified":"2023-07-19T17:50:17","modified_gmt":"2023-07-19T09:50:17","slug":"tee-grass","status":"publish","type":"product","link":"https:\/\/arturf.com\/fr\/product\/tee-grass\/","title":{"rendered":"Tee Grass-Ma\u00eetrisez vos balan\u00e7oires"},"content":{"rendered":"<h3>Lib\u00e9rez votre potentiel de golf avec Arturf Tee Grass<\/h3>\n<p>Notre Tee Grass est un gazon artificiel en PE ultra-dense de qualit\u00e9 sup\u00e9rieure, m\u00e9ticuleusement con\u00e7u pour r\u00e9pondre exclusivement aux golfeurs. Dot\u00e9 d&#039;un design sans remplissage de 40 mm, ce gazon est non seulement assez dense pour supporter un piquet de tee, mais aussi exceptionnellement durable, vous permettant de rouler directement sur la surface sans accroc.<\/p>\n<h3>Le swing parfait, \u00e0 chaque fois<\/h3>\n<p>Dites adieu aux perturbations lors de vos swings. Arturf Tee Grass offre une sensation naturelle et \u00e9limine la redoutable &quot;prise&quot; de la t\u00eate du club, offrant une exp\u00e9rience de swing douce et coh\u00e9rente. Avec ses fibres denses, ce gazon vous permet d&#039;utiliser des tees comme vous le feriez sur un parcours de golf r\u00e9gulier, ce qui en fait votre compagnon id\u00e9al pour des ann\u00e9es de pratique de conduite.<\/p>\n<h3>Construit pour durer<\/h3>\n<p>La durabilit\u00e9 est notre deuxi\u00e8me pr\u00e9nom\u00a0! Notre Tee Grass est con\u00e7u sur mesure pour les lignes de tee de practice, les tapis de conduite et les tapis de chipping, r\u00e9sistant sans effort swing apr\u00e8s swing. Soyez assur\u00e9 que notre gazon maintiendra ses performances de premier ordre, vous offrant des s\u00e9ances d&#039;entra\u00eenement in\u00e9gal\u00e9es.<\/p>\n<h3>Emplacements de chevilles de tee sans fin<\/h3>\n<p>Arturf Tee Grass am\u00e8ne votre confort de golf \u00e0 un nouveau niveau. La surface permet un placement illimit\u00e9 des piquets de d\u00e9part, ce qui en fait le choix parfait pour les terrains de golf avec des zones de d\u00e9part toutes saisons. Fini le temps de l&#039;usure dans une seule zone - profitez de la libert\u00e9 de jouer \u00e0 partir de diff\u00e9rentes positions et angles.<\/p>\n<p><img alt=\"Tee Grass\" loading=\"lazy\" decoding=\"async\" class=\"alignnone wp-image-12770 size-full\" src=\"https:\/\/arturf.com\/wp-content\/uploads\/2020\/09\/Arturf-golf-mat-tee-grass-TEE-Pro-40.jpg\" width=\"800\" height=\"592\" srcset=\"https:\/\/arturf.com\/wp-content\/uploads\/2020\/09\/Arturf-golf-mat-tee-grass-TEE-Pro-40.jpg 800w, https:\/\/arturf.com\/wp-content\/uploads\/2020\/09\/Arturf-golf-mat-tee-grass-TEE-Pro-40-300x222.jpg 300w, https:\/\/arturf.com\/wp-content\/uploads\/2020\/09\/Arturf-golf-mat-tee-grass-TEE-Pro-40-768x568.jpg 768w, https:\/\/arturf.com\/wp-content\/uploads\/2020\/09\/Arturf-golf-mat-tee-grass-TEE-Pro-40-16x12.jpg 16w, https:\/\/arturf.com\/wp-content\/uploads\/2020\/09\/Arturf-golf-mat-tee-grass-TEE-Pro-40-510x377.jpg 510w\" sizes=\"auto, (max-width: 800px) 100vw, 800px\" \/><\/p>\n<h3>Caract\u00e9ristiques<\/h3>\n<ul>\n<li class=\"bullet-arrow\">Hauteur des poils\u00a0: 40\u00a0mm<\/li>\n<li class=\"bullet-arrow\">Fil : Fil monofilament en poly\u00e9thyl\u00e8ne fris\u00e9 ultra-dense<\/li>\n<li class=\"bullet-arrow\">La couleur verte<\/li>\n<li class=\"bullet-arrow\">Calibre : 5\/16 pouces<\/li>\n<li class=\"bullet-arrow\">Taille : 2 m x 18 m, emball\u00e9 en rouleau<\/li>\n<li class=\"bullet-arrow\">Poids : 5,0 kg par m\u00e8tre carr\u00e9<\/li>\n<\/ul>\n<h3>D\u00e9couvrez l&#039;avantage Tee Grass<\/h3>\n<ul>\n<li class=\"bullet-checkmark\">Gazon artificiel de qualit\u00e9 sup\u00e9rieure exclusivement con\u00e7u pour les golfeurs.<\/li>\n<li class=\"bullet-checkmark\">Densit\u00e9 optimale pour un support de piquet de d\u00e9part et une conduite en douceur sur la surface.<\/li>\n<li class=\"bullet-checkmark\">Exp\u00e9rience de swing constante sans &quot;saisir&quot; la t\u00eate du club.<\/li>\n<li class=\"bullet-checkmark\">Construit pour r\u00e9sister \u00e0 d&#039;innombrables balan\u00e7oires pendant des ann\u00e9es de pratique de conduite.<\/li>\n<li class=\"bullet-checkmark\">Id\u00e9al pour les lignes de tee de practice, les tapis de conduite et les tapis de chipping.<\/li>\n<li class=\"bullet-checkmark\">Emplacements infinis de piquets de d\u00e9part pour les zones de d\u00e9part toutes saisons des terrains de golf.<\/li>\n<\/ul>\n<h3>En stock et pr\u00eat pour une livraison rapide<\/h3>\n<p>N&#039;attendez plus pour \u00e9lever votre pratique de golf. Notre Tee Grass est en stock et pr\u00eat pour une livraison rapide, vous permettant de commencer \u00e0 affiner vos swings sans d\u00e9lai !<\/p>\n<p><img alt=\"Tee Grass\" loading=\"lazy\" decoding=\"async\" class=\"alignnone wp-image-14423\" src=\"https:\/\/arturf.com\/wp-content\/uploads\/2021\/04\/Golf-Tee-Grass-In-Stock.jpg\" width=\"800\" height=\"600\" srcset=\"https:\/\/arturf.com\/wp-content\/uploads\/2021\/04\/Golf-Tee-Grass-In-Stock.jpg 1000w, https:\/\/arturf.com\/wp-content\/uploads\/2021\/04\/Golf-Tee-Grass-In-Stock-300x225.jpg 300w, https:\/\/arturf.com\/wp-content\/uploads\/2021\/04\/Golf-Tee-Grass-In-Stock-200x150.jpg 200w, https:\/\/arturf.com\/wp-content\/uploads\/2021\/04\/Golf-Tee-Grass-In-Stock-768x576.jpg 768w, https:\/\/arturf.com\/wp-content\/uploads\/2021\/04\/Golf-Tee-Grass-In-Stock-16x12.jpg 16w, https:\/\/arturf.com\/wp-content\/uploads\/2021\/04\/Golf-Tee-Grass-In-Stock-350x263.jpg 350w, https:\/\/arturf.com\/wp-content\/uploads\/2021\/04\/Golf-Tee-Grass-In-Stock-510x383.jpg 510w\" sizes=\"auto, (max-width: 800px) 100vw, 800px\" \/><\/p>\n<p>Lib\u00e9rez votre v\u00e9ritable potentiel de golf avec Arturf Tee Grass &quot;TEE Pro 40&quot;\u00a0! Am\u00e9liorez vos s\u00e9ances d&#039;entra\u00eenement sur le practice ou sur le terrain de golf avec notre gazon artificiel de qualit\u00e9 sup\u00e9rieure, durable et adapt\u00e9 aux tees. Commandez maintenant pour une livraison rapide et faites passer votre jeu de golf au niveau sup\u00e9rieur\u00a0!<\/p>\n\n\t<section class=\"section\" id=\"section_953456299\">\n\t\t<div class=\"section-bg fill\" >\n\t\t\t\t\t\t\t\t\t\n\t\t\t\n\n\t\t<\/div>\n\n\t\t\n\n\t\t<div class=\"section-content relative\">\n\t\t\t\n\n<div class=\"row\"  id=\"row-271014457\">\n\n\n\t<div id=\"col-1422157738\" class=\"col small-12 large-12\"  >\n\t\t\t\t<div class=\"col-inner text-center\"  >\n\t\t\t\n\t\t\t\n\n<h2>FAQ<\/h2>\n\n\t\t<\/div>\n\t\t\t\t\t<\/div>\n\n\t\n\n<\/div>\n<div class=\"row align-center row-box-shadow-1\"  id=\"row-160511517\">\n\n\n\t<div id=\"col-2105985089\" class=\"col medium-10 small-12 large-9\"  >\n\t\t\t\t<div class=\"col-inner\" style=\"background-color:rgb(255,255,255);\" >\n\t\t\t\n\t\t\t\n\n<div class=\"accordion\">\n\n\t<div id=\"accordion-1067748791\" class=\"accordion-item\">\n\t\t<a id=\"accordion-1067748791-label\" class=\"accordion-title plain\" href=\"#accordion-item-can-you-customize-specifications-for-your-artificial-turf-products?\" aria-expanded=\"false\" aria-controls=\"accordion-1067748791-content\">\n\t\t\t<button class=\"toggle\" aria-label=\"Basculer\"><i class=\"icon-angle-down\" aria-hidden=\"true\"><\/i><\/button>\n\t\t\t<span>Pouvez-vous personnaliser les sp\u00e9cifications de vos produits de gazon artificiel ?<\/span>\n\t\t<\/a>\n\t\t<div id=\"accordion-1067748791-content\" class=\"accordion-inner\" aria-labelledby=\"accordion-1067748791-label\">\n\t\t\t\n\n<p>Oui, nous proposons des options de personnalisation pour la couleur, la forme du fil, la hauteur du poil, la densit\u00e9 et le support. Nous pouvons \u00e9galement produire selon un \u00e9chantillon fourni.<\/p>\n\n\t\t<\/div>\n\t<\/div>\n\t\n\t<div id=\"accordion-2717233327\" class=\"accordion-item\">\n\t\t<a id=\"accordion-2717233327-label\" class=\"accordion-title plain\" href=\"#accordion-item-do-you-have-stock?\" aria-expanded=\"false\" aria-controls=\"accordion-2717233327-content\">\n\t\t\t<button class=\"toggle\" aria-label=\"Basculer\"><i class=\"icon-angle-down\" aria-hidden=\"true\"><\/i><\/button>\n\t\t\t<span>Avez-vous des stocks?<\/span>\n\t\t<\/a>\n\t\t<div id=\"accordion-2717233327-content\" class=\"accordion-inner\" aria-labelledby=\"accordion-2717233327-label\">\n\t\t\t\n\n<p>Non, nous ne gardons pas de stock. Nous commen\u00e7ons la production sur la base de commandes sp\u00e9cifiques.<\/p>\n\n\t\t<\/div>\n\t<\/div>\n\t\n\t<div id=\"accordion-1437420599\" class=\"accordion-item\">\n\t\t<a id=\"accordion-1437420599-label\" class=\"accordion-title plain\" href=\"#accordion-item-what-is-your-moq?\" aria-expanded=\"false\" aria-controls=\"accordion-1437420599-content\">\n\t\t\t<button class=\"toggle\" aria-label=\"Basculer\"><i class=\"icon-angle-down\" aria-hidden=\"true\"><\/i><\/button>\n\t\t\t<span>Quel est votre MOQ?<\/span>\n\t\t<\/a>\n\t\t<div id=\"accordion-1437420599-content\" class=\"accordion-inner\" aria-labelledby=\"accordion-1437420599-label\">\n\t\t\t\n\n<p>Pour la plupart des gazons artificiels, notre quantit\u00e9 minimum de commande (MOQ) est de 500 m\u00e8tres carr\u00e9s. Pour certains produits l\u00e9gers, le MOQ est de 800 m\u00e8tres carr\u00e9s.<\/p>\n\n\t\t<\/div>\n\t<\/div>\n\t\n\t<div id=\"accordion-3747571269\" class=\"accordion-item\">\n\t\t<a id=\"accordion-3747571269-label\" class=\"accordion-title plain\" href=\"#accordion-item-what-are-the-width-and-length-options-for-artificial-grass?\" aria-expanded=\"false\" aria-controls=\"accordion-3747571269-content\">\n\t\t\t<button class=\"toggle\" aria-label=\"Basculer\"><i class=\"icon-angle-down\" aria-hidden=\"true\"><\/i><\/button>\n\t\t\t<span>Quelles sont les options de largeur et de longueur pour le gazon artificiel ?<\/span>\n\t\t<\/a>\n\t\t<div id=\"accordion-3747571269-content\" class=\"accordion-inner\" aria-labelledby=\"accordion-3747571269-label\">\n\t\t\t\n\n<p>Nos options de largeur courantes sont de 2 m, 3,75 m, 3,95 m, 4 m et 5 m. La longueur peut \u00eatre personnalis\u00e9e en fonction des exigences sp\u00e9cifiques de votre projet. Par d\u00e9faut, nous m\u00e9langeons du gazon de 4 m de large et de 2 m de large pour optimiser l&#039;espace du conteneur.<\/p>\n\n\t\t<\/div>\n\t<\/div>\n\t\n\t<div id=\"accordion-1825769245\" class=\"accordion-item\">\n\t\t<a id=\"accordion-1825769245-label\" class=\"accordion-title plain\" href=\"#accordion-item-what-information-do-you-need-to-provide-the-landed-cost-for-international-customers?\" aria-expanded=\"false\" aria-controls=\"accordion-1825769245-content\">\n\t\t\t<button class=\"toggle\" aria-label=\"Basculer\"><i class=\"icon-angle-down\" aria-hidden=\"true\"><\/i><\/button>\n\t\t\t<span>De quelles informations avez-vous besoin pour fournir le co\u00fbt au d\u00e9barquement pour les clients internationaux\u00a0?<\/span>\n\t\t<\/a>\n\t\t<div id=\"accordion-1825769245-content\" class=\"accordion-inner\" aria-labelledby=\"accordion-1825769245-label\">\n\t\t\t\n\n<p>Pour fournir le co\u00fbt au d\u00e9barquement, nous avons besoin d&#039;informations sur les d\u00e9tails du produit, la quantit\u00e9 et le port maritime de destination.<\/p>\n\n\t\t<\/div>\n\t<\/div>\n\t\n\n<\/div>\n\n\t\t<\/div>\n\t\t\t\t\t<\/div>\n\n\t\n\n\n<style>\n#row-160511517 > .col > .col-inner {\n  padding: 0px 0px 0px 0px;\n}\n@media (min-width:550px) {\n  #row-160511517 > .col > .col-inner {\n    padding: 30px 30px 30px 30px;\n  }\n}\n<\/style>\n<\/div>\n\n\t\t<\/div>\n\n\t\t\n<style>\n#section_953456299 {\n  padding-top: 60px;\n  padding-bottom: 60px;\n}\n<\/style>\n\t<\/section>\n\t\n<div class=\"row align-center\"  id=\"row-917719236\">\n\n\n\t<div id=\"col-1098184397\" class=\"col medium-4 large-4\"  >\n\t\t\t\t<div class=\"col-inner\"  >\n\t\t\t\n\t<div class=\"is-border\"\n\t\tstyle=\"border-width:0px 0px 0px 0px;\">\n\t<\/div>\n\t\t\t\n\n\n\t\t<div class=\"icon-box featured-box icon-box-center text-center\"  style=\"margin:0px 0px 0px 0px;\">\n\t\t\t\t\t<div class=\"icon-box-img has-icon-bg\" style=\"width: 100px\">\n\t\t\t\t<div class=\"icon\">\n\t\t\t\t\t<div class=\"icon-inner\" style=\"border-width:2px;color:rgba(47, 159, 18, 0.88);\">\n\t\t\t\t\t\t<img loading=\"lazy\" decoding=\"async\" width=\"100\" height=\"100\" src=\"https:\/\/arturf.com\/wp-content\/uploads\/2018\/06\/Icon-Good-quality.png\" class=\"attachment-medium size-medium\" alt=\"Tee Grass\" srcset=\"https:\/\/arturf.com\/wp-content\/uploads\/2018\/06\/Icon-Good-quality.png 100w, https:\/\/arturf.com\/wp-content\/uploads\/2018\/06\/Icon-Good-quality-12x12.png 12w\" sizes=\"auto, (max-width: 100px) 100vw, 100px\" \/>\t\t\t\t\t<\/div>\n\t\t\t\t<\/div>\n\t\t\t<\/div>\n\t\t\t\t<div class=\"icon-box-text last-reset\">\n\t\t\t<h5 class=\"uppercase\">Qualit\u00e9 \u00e9prouv\u00e9e<\/h5>\t\t\t\t\t\t\n\n<p>Gazon artificiel de qualit\u00e9 sup\u00e9rieure avec r\u00e9sistance aux UV et \u00e0 l&#039;usure. Des garanties solides assurent une satisfaction durable.<\/p>\n\n\t\t<\/div>\n\t<\/div>\n\t\n\t\n\n\t\t<\/div>\n\t\t\t\t\t<\/div>\n\n\t\n\n\t<div id=\"col-1893176912\" class=\"col medium-4 large-4\"  >\n\t\t\t\t<div class=\"col-inner\"  >\n\t\t\t\n\t<div class=\"is-border\"\n\t\tstyle=\"border-width:0px 0px 0px 0px;\">\n\t<\/div>\n\t\t\t\n\n\n\t\t<div class=\"icon-box featured-box icon-box-center text-center\"  style=\"margin:0px 0px 0px 0px;\">\n\t\t\t\t\t<div class=\"icon-box-img has-icon-bg\" style=\"width: 100px\">\n\t\t\t\t<div class=\"icon\">\n\t\t\t\t\t<div class=\"icon-inner\" style=\"border-width:2px;color:rgba(47, 159, 18, 0.88);\">\n\t\t\t\t\t\t<img loading=\"lazy\" decoding=\"async\" width=\"100\" height=\"100\" src=\"https:\/\/arturf.com\/wp-content\/uploads\/2018\/06\/Icon-Good-price.png\" class=\"attachment-medium size-medium\" alt=\"Tee Grass\" srcset=\"https:\/\/arturf.com\/wp-content\/uploads\/2018\/06\/Icon-Good-price.png 100w, https:\/\/arturf.com\/wp-content\/uploads\/2018\/06\/Icon-Good-price-12x12.png 12w\" sizes=\"auto, (max-width: 100px) 100vw, 100px\" \/>\t\t\t\t\t<\/div>\n\t\t\t\t<\/div>\n\t\t\t<\/div>\n\t\t\t\t<div class=\"icon-box-text last-reset\">\n\t\t\t<h5 class=\"uppercase\">Des prix comp\u00e9titifs<\/h5>\t\t\t\t\t\t\n\n<p>Nous offrons des prix comp\u00e9titifs, favorisant la croissance mutuelle et le succ\u00e8s \u00e0 long terme avec nos revendeurs estim\u00e9s.<\/p>\n\n\t\t<\/div>\n\t<\/div>\n\t\n\t\n\n\t\t<\/div>\n\t\t\t\t\t<\/div>\n\n\t\n\n\t<div id=\"col-1372391520\" class=\"col medium-4 large-4\"  >\n\t\t\t\t<div class=\"col-inner\"  >\n\t\t\t\n\t<div class=\"is-border\"\n\t\tstyle=\"border-width:0px 0px 0px 0px;\">\n\t<\/div>\n\t\t\t\n\n\n\t\t<div class=\"icon-box featured-box icon-box-center text-center\"  style=\"margin:0px 0px 0px 0px;\">\n\t\t\t\t\t<div class=\"icon-box-img has-icon-bg\" style=\"width: 100px\">\n\t\t\t\t<div class=\"icon\">\n\t\t\t\t\t<div class=\"icon-inner\" style=\"border-width:2px;color:rgba(47, 159, 18, 0.88);\">\n\t\t\t\t\t\t<img loading=\"lazy\" decoding=\"async\" width=\"100\" height=\"100\" src=\"https:\/\/arturf.com\/wp-content\/uploads\/2018\/06\/Icon-tailor-made.png\" class=\"attachment-medium size-medium\" alt=\"Tee Grass\" srcset=\"https:\/\/arturf.com\/wp-content\/uploads\/2018\/06\/Icon-tailor-made.png 100w, https:\/\/arturf.com\/wp-content\/uploads\/2018\/06\/Icon-tailor-made-12x12.png 12w\" sizes=\"auto, (max-width: 100px) 100vw, 100px\" \/>\t\t\t\t\t<\/div>\n\t\t\t\t<\/div>\n\t\t\t<\/div>\n\t\t\t\t<div class=\"icon-box-text last-reset\">\n\t\t\t<h5 class=\"uppercase\">Solutions personnalis\u00e9es<\/h5>\t\t\t\t\t\t\n\n<p>Lib\u00e9rez le potentiel du march\u00e9 avec diverses options de gazon artificiel. <a href=\"https:\/\/arturf.com\/fr\/buyers-guide\/customized-artificial-grass-products\/\">Adapt\u00e9 aux besoins ou aux \u00e9chantillons uniques<\/a>.<\/p>\n\n\t\t<\/div>\n\t<\/div>\n\t\n\t\n\n\t\t<\/div>\n\t\t\t\t\t<\/div>\n\n\t\n\n<\/div>","protected":false},"excerpt":{"rendered":"<p>D\u00e9couvrez le meilleur de la pratique du golf avec notre Tee Grass &quot;TEE Pro 40&quot;, le gazon synth\u00e9tique ultime sans remplissage de sable et r\u00e9sistant \u00e0 l&#039;usure. Sp\u00e9cialement con\u00e7u pour les fers et les bois, ce gazon maintient solidement les piquets de d\u00e9part en place, garantissant une exp\u00e9rience de golf s\u00fbre et agr\u00e9able.<\/p>","protected":false},"featured_media":8032,"template":"","meta":{"_seopress_robots_primary_cat":"","_seopress_titles_title":"","_seopress_titles_desc":"Experience perfect swings with Tee Pro 40 - non-infill Tee grass for golf courses. In stock for fast delivery! \u26f3\ufe0f #Golf #TeeGrass","_seopress_robots_index":""},"product_brand":[],"product_cat":[65],"product_tag":[],"class_list":{"0":"post-6708","1":"product","2":"type-product","3":"status-publish","4":"has-post-thumbnail","6":"product_cat-golf","8":"first","9":"instock","10":"shipping-taxable","11":"product-type-simple"},"_links":{"self":[{"href":"https:\/\/arturf.com\/fr\/wp-json\/wp\/v2\/product\/6708","targetHints":{"allow":["GET"]}}],"collection":[{"href":"https:\/\/arturf.com\/fr\/wp-json\/wp\/v2\/product"}],"about":[{"href":"https:\/\/arturf.com\/fr\/wp-json\/wp\/v2\/types\/product"}],"wp:featuredmedia":[{"embeddable":true,"href":"https:\/\/arturf.com\/fr\/wp-json\/wp\/v2\/media\/8032"}],"wp:attachment":[{"href":"https:\/\/arturf.com\/fr\/wp-json\/wp\/v2\/media?parent=6708"}],"wp:term":[{"taxonomy":"product_brand","embeddable":true,"href":"https:\/\/arturf.com\/fr\/wp-json\/wp\/v2\/product_brand?post=6708"},{"taxonomy":"product_cat","embeddable":true,"href":"https:\/\/arturf.com\/fr\/wp-json\/wp\/v2\/product_cat?post=6708"},{"taxonomy":"product_tag","embeddable":true,"href":"https:\/\/arturf.com\/fr\/wp-json\/wp\/v2\/product_tag?post=6708"}],"curies":[{"name":"wp","href":"https:\/\/api.w.org\/{rel}","templated":true}]}}