{"id":6882,"date":"2018-08-20T03:03:34","date_gmt":"2018-08-20T03:03:34","guid":{"rendered":"https:\/\/arturf.com\/?post_type=product&#038;p=6882"},"modified":"2024-07-13T21:25:22","modified_gmt":"2024-07-13T13:25:22","slug":"sports-fencing","status":"publish","type":"product","link":"https:\/\/arturf.com\/fr\/product\/sports-fencing\/","title":{"rendered":"Cl\u00f4ture sportive"},"content":{"rendered":"<div class=\"row\"  id=\"row-1196562984\">\n\n\t<div id=\"col-700276614\" class=\"col small-12 large-12\"  >\n\t\t\t\t<div class=\"col-inner\"  >\n\t\t\t\n\t\t\t\n<p>Chez Arturf, nous nous engageons \u00e0 fournir des solutions de qualit\u00e9 sup\u00e9rieure pour les installations sportives. En plus de notre gazon artificiel haut de gamme, nous proposons des cl\u00f4tures sportives et des poteaux de cl\u00f4ture de haute qualit\u00e9 en collaboration avec des fabricants r\u00e9put\u00e9s. Nos cl\u00f4tures sportives sont con\u00e7ues pour garantir la s\u00e9curit\u00e9, la durabilit\u00e9 et l\u2019esth\u00e9tique pour diverses applications. Ici, nous pr\u00e9sentons nos produits de cl\u00f4ture sportive\u00a0:<\/p>\n<h3>Cl\u00f4ture \u00e0 mailles losang\u00e9es \u2013 Cl\u00f4ture m\u00e9tallique de qualit\u00e9 sup\u00e9rieure avec rev\u00eatement PE\/PVC<\/h3>\n<p>Notre cl\u00f4ture \u00e0 mailles losang\u00e9es est une cl\u00f4ture m\u00e9tallique enduite de PE\/PVC de qualit\u00e9 sup\u00e9rieure, connue sous divers noms tels que grillage, cl\u00f4ture en treillis m\u00e9tallique, cl\u00f4ture en grillage, cl\u00f4ture cyclonique, cl\u00f4ture anti-ouragan ou cl\u00f4ture \u00e0 mailles diamant\u00e9es. C&#039;est le choix id\u00e9al pour les cl\u00f4tures de terrains de sport, en particulier dans les zones o\u00f9 une haute r\u00e9sistance aux chocs, \u00e0 la corrosion et \u00e0 l&#039;humidit\u00e9 est cruciale. Construites en acier doux, en acier inoxydable ou en fil de fer, ces cl\u00f4tures servent de barri\u00e8res s\u00e9curis\u00e9es et sont largement utilis\u00e9es dans les \u00e9coles, les parcs, les terrains de jeux et de football pour garder les ballons confin\u00e9s et prot\u00e9ger les personnes \u00e0 l&#039;ext\u00e9rieur de la cl\u00f4ture.<\/p>\n<h4><strong>Principales caract\u00e9ristiques:<\/strong><\/h4>\n<ul>\n<li>R\u00e9sistance, durabilit\u00e9 et flexibilit\u00e9 sans compromis.<\/li>\n<li>Design accrocheur avec diff\u00e9rentes options de couleurs.<\/li>\n<li>Parfait pour les enceintes sportives soumises \u00e0 des impacts de balle constants, tels que les terrains de football, les courts de tennis, les filets de cricket et les filets de baseball.<\/li>\n<li>Convient aux cl\u00f4tures domestiques et industrielles n\u00e9cessitant une r\u00e9sistance sup\u00e9rieure aux chocs et \u00e0 la corrosion.<\/li>\n<li>S&#039;installe facilement sur des terrains en terre ou en b\u00e9ton.<\/li>\n<li>Durable, avec un minimum d&#039;entretien requis.<\/li>\n<\/ul>\n\n  \n    <div class=\"row large-columns-4 medium-columns-3 small-columns-2\" >\n  <div class=\"gallery-col col\" >\n          <div class=\"col-inner\">\n            <a class=\"image-lightbox lightbox-gallery\" href=\"https:\/\/arturf.com\/wp-content\/uploads\/2020\/09\/PE-coated-wire-mesh-fence-1024x768.jpg\" title=\"\">            <div class=\"box has-hover gallery-box box-overlay dark\">\n              <div class=\"box-image image-cover\" style=\"padding-top:75%;\">\n                <img loading=\"lazy\" decoding=\"async\" width=\"300\" height=\"225\" src=\"https:\/\/arturf.com\/wp-content\/uploads\/2020\/09\/PE-coated-wire-mesh-fence-300x225.jpg\" class=\"attachment-medium size-medium\" alt=\"\" ids=\"12746,19853,19859\" image_height=\"75%\" srcset=\"https:\/\/arturf.com\/wp-content\/uploads\/2020\/09\/PE-coated-wire-mesh-fence-300x225.jpg 300w, https:\/\/arturf.com\/wp-content\/uploads\/2020\/09\/PE-coated-wire-mesh-fence-1024x768.jpg 1024w, https:\/\/arturf.com\/wp-content\/uploads\/2020\/09\/PE-coated-wire-mesh-fence-200x150.jpg 200w, https:\/\/arturf.com\/wp-content\/uploads\/2020\/09\/PE-coated-wire-mesh-fence-768x576.jpg 768w, https:\/\/arturf.com\/wp-content\/uploads\/2020\/09\/PE-coated-wire-mesh-fence-16x12.jpg 16w, https:\/\/arturf.com\/wp-content\/uploads\/2020\/09\/PE-coated-wire-mesh-fence-350x263.jpg 350w, https:\/\/arturf.com\/wp-content\/uploads\/2020\/09\/PE-coated-wire-mesh-fence-510x383.jpg 510w, https:\/\/arturf.com\/wp-content\/uploads\/2020\/09\/PE-coated-wire-mesh-fence.jpg 1200w\" sizes=\"auto, (max-width: 300px) 100vw, 300px\" \/>                                  <div class=\"overlay fill\"\n                      style=\"background-color: rgba(0,0,0,.15)\">\n                  <\/div>\n                                                              <\/div>\n              <div class=\"box-text text-left\" >\n                 <p><\/p>\n              <\/div>\n            <\/div>\n            <\/a>          <\/div>\n         <\/div><div class=\"gallery-col col\" >\n          <div class=\"col-inner\">\n            <a class=\"image-lightbox lightbox-gallery\" href=\"https:\/\/arturf.com\/wp-content\/uploads\/2018\/08\/Easy-install-Sport-Fence.jpg\" title=\"\">            <div class=\"box has-hover gallery-box box-overlay dark\">\n              <div class=\"box-image image-cover\" style=\"padding-top:75%;\">\n                <img loading=\"lazy\" decoding=\"async\" width=\"500\" height=\"500\" src=\"https:\/\/arturf.com\/wp-content\/uploads\/2018\/08\/Easy-install-Sport-Fence-500x500.jpg\" class=\"attachment-medium size-medium\" alt=\"\" ids=\"12746,19853,19859\" image_height=\"75%\" srcset=\"https:\/\/arturf.com\/wp-content\/uploads\/2018\/08\/Easy-install-Sport-Fence-500x500.jpg 500w, https:\/\/arturf.com\/wp-content\/uploads\/2018\/08\/Easy-install-Sport-Fence-768x768.jpg 768w, https:\/\/arturf.com\/wp-content\/uploads\/2018\/08\/Easy-install-Sport-Fence-12x12.jpg 12w, https:\/\/arturf.com\/wp-content\/uploads\/2018\/08\/Easy-install-Sport-Fence-510x510.jpg 510w, https:\/\/arturf.com\/wp-content\/uploads\/2018\/08\/Easy-install-Sport-Fence-100x100.jpg 100w, https:\/\/arturf.com\/wp-content\/uploads\/2018\/08\/Easy-install-Sport-Fence.jpg 960w\" sizes=\"auto, (max-width: 500px) 100vw, 500px\" \/>                                  <div class=\"overlay fill\"\n                      style=\"background-color: rgba(0,0,0,.15)\">\n                  <\/div>\n                                                              <\/div>\n              <div class=\"box-text text-left\" >\n                 <p><\/p>\n              <\/div>\n            <\/div>\n            <\/a>          <\/div>\n         <\/div><div class=\"gallery-col col\" >\n          <div class=\"col-inner\">\n            <a class=\"image-lightbox lightbox-gallery\" href=\"https:\/\/arturf.com\/wp-content\/uploads\/2018\/08\/Secure-chain-link-fence-by-inserting-steel-bars-1-1.jpg\" title=\"\">            <div class=\"box has-hover gallery-box box-overlay dark\">\n              <div class=\"box-image image-cover\" style=\"padding-top:75%;\">\n                <img loading=\"lazy\" decoding=\"async\" width=\"500\" height=\"454\" src=\"https:\/\/arturf.com\/wp-content\/uploads\/2018\/08\/Secure-chain-link-fence-by-inserting-steel-bars-1-1-500x454.jpg\" class=\"attachment-medium size-medium\" alt=\"\" ids=\"12746,19853,19859\" image_height=\"75%\" srcset=\"https:\/\/arturf.com\/wp-content\/uploads\/2018\/08\/Secure-chain-link-fence-by-inserting-steel-bars-1-1-500x454.jpg 500w, https:\/\/arturf.com\/wp-content\/uploads\/2018\/08\/Secure-chain-link-fence-by-inserting-steel-bars-1-1-768x697.jpg 768w, https:\/\/arturf.com\/wp-content\/uploads\/2018\/08\/Secure-chain-link-fence-by-inserting-steel-bars-1-1-13x12.jpg 13w, https:\/\/arturf.com\/wp-content\/uploads\/2018\/08\/Secure-chain-link-fence-by-inserting-steel-bars-1-1-510x463.jpg 510w, https:\/\/arturf.com\/wp-content\/uploads\/2018\/08\/Secure-chain-link-fence-by-inserting-steel-bars-1-1.jpg 790w\" sizes=\"auto, (max-width: 500px) 100vw, 500px\" \/>                                  <div class=\"overlay fill\"\n                      style=\"background-color: rgba(0,0,0,.15)\">\n                  <\/div>\n                                                              <\/div>\n              <div class=\"box-text text-left\" >\n                 <p><\/p>\n              <\/div>\n            <\/div>\n            <\/a>          <\/div>\n         <\/div><\/div>\n\t\t<\/div>\n\t\t\t\t\t<\/div>\n\n\t\n<\/div>\n<div class=\"row\"  id=\"row-2097589415\">\n\n\t<div id=\"col-1475031329\" class=\"col small-12 large-12\"  >\n\t\t\t\t<div class=\"col-inner\"  >\n\t\t\t\n\t\t\t\n<h3><span style=\"font-size: 20.16px;\">Cl\u00f4ture en panneau de treillis soud\u00e9 2D<\/span><\/h3>\n<p>La cl\u00f4ture en panneaux de treillis soud\u00e9s 2D, \u00e9galement connue sous le nom de cl\u00f4ture en treillis m\u00e9tallique double, de cl\u00f4ture en treillis m\u00e9tallique double ou de cl\u00f4ture en panneaux 2D, est fabriqu\u00e9e \u00e0 partir de fil d&#039;acier inoxydable \u00e0 faible teneur en carbone de haute qualit\u00e9. Dot\u00e9e d&#039;un fil vertical et de deux fils horizontaux, cette cl\u00f4ture offre une r\u00e9sistance accrue par rapport aux panneaux de cl\u00f4ture soud\u00e9s standard. Il est id\u00e9al pour prot\u00e9ger le p\u00e9rim\u00e8tre des installations commerciales, industrielles, \u00e9ducatives et sportives.<\/p>\n<h4>Principales caract\u00e9ristiques:<\/h4>\n<ul>\n<li>Disponible dans des mod\u00e8les de conception \u00e0 dessus plat et \u00e0 dessus arqu\u00e9.<\/li>\n<li>Doubles fils horizontaux soud\u00e9s au fil vertical pour plus de rigidit\u00e9.<\/li>\n<li>Grandes ouvertures en maille pour une haute visibilit\u00e9 et une excellente s\u00e9curit\u00e9.<\/li>\n<li>Prix comp\u00e9titif avec haute qualit\u00e9, rigidit\u00e9 et longue dur\u00e9e de vie.<\/li>\n<li>Surface galvanis\u00e9e ou enduite de poudre pour une excellente r\u00e9sistance \u00e0 la rouille et \u00e0 la corrosion.<\/li>\n<li>Con\u00e7u pour r\u00e9sister \u00e0 diverses conditions environnementales difficiles.<\/li>\n<li>N\u00e9cessite un entretien minimal en raison de sa construction robuste.<\/li>\n<\/ul>\n\n  \n    <div class=\"row large-columns-4 medium-columns-3 small-columns-2\" >\n  <div class=\"gallery-col col\" >\n          <div class=\"col-inner\">\n            <a class=\"image-lightbox lightbox-gallery\" href=\"https:\/\/arturf.com\/wp-content\/uploads\/2018\/08\/2D-Welded-Mesh-Fence-01.jpg\" title=\"\">            <div class=\"box has-hover gallery-box box-overlay dark\">\n              <div class=\"box-image image-cover\" style=\"padding-top:75%;\">\n                <img loading=\"lazy\" decoding=\"async\" width=\"500\" height=\"500\" src=\"https:\/\/arturf.com\/wp-content\/uploads\/2018\/08\/2D-Welded-Mesh-Fence-01-500x500.jpg\" class=\"attachment-medium size-medium\" alt=\"\" ids=\"19855,19858,19857\" image_height=\"75%\" srcset=\"https:\/\/arturf.com\/wp-content\/uploads\/2018\/08\/2D-Welded-Mesh-Fence-01-500x500.jpg 500w, https:\/\/arturf.com\/wp-content\/uploads\/2018\/08\/2D-Welded-Mesh-Fence-01-12x12.jpg 12w, https:\/\/arturf.com\/wp-content\/uploads\/2018\/08\/2D-Welded-Mesh-Fence-01-510x510.jpg 510w, https:\/\/arturf.com\/wp-content\/uploads\/2018\/08\/2D-Welded-Mesh-Fence-01-100x100.jpg 100w, https:\/\/arturf.com\/wp-content\/uploads\/2018\/08\/2D-Welded-Mesh-Fence-01.jpg 550w\" sizes=\"auto, (max-width: 500px) 100vw, 500px\" \/>                                  <div class=\"overlay fill\"\n                      style=\"background-color: rgba(0,0,0,.15)\">\n                  <\/div>\n                                                              <\/div>\n              <div class=\"box-text text-left\" >\n                 <p><\/p>\n              <\/div>\n            <\/div>\n            <\/a>          <\/div>\n         <\/div><div class=\"gallery-col col\" >\n          <div class=\"col-inner\">\n            <a class=\"image-lightbox lightbox-gallery\" href=\"https:\/\/arturf.com\/wp-content\/uploads\/2018\/08\/2D-Welded-Mesh-Fence-02-1-865x1024.jpg\" title=\"\">            <div class=\"box has-hover gallery-box box-overlay dark\">\n              <div class=\"box-image image-cover\" style=\"padding-top:75%;\">\n                <img loading=\"lazy\" decoding=\"async\" width=\"423\" height=\"500\" src=\"https:\/\/arturf.com\/wp-content\/uploads\/2018\/08\/2D-Welded-Mesh-Fence-02-1-423x500.jpg\" class=\"attachment-medium size-medium\" alt=\"\" ids=\"19855,19858,19857\" image_height=\"75%\" srcset=\"https:\/\/arturf.com\/wp-content\/uploads\/2018\/08\/2D-Welded-Mesh-Fence-02-1-423x500.jpg 423w, https:\/\/arturf.com\/wp-content\/uploads\/2018\/08\/2D-Welded-Mesh-Fence-02-1-865x1024.jpg 865w, https:\/\/arturf.com\/wp-content\/uploads\/2018\/08\/2D-Welded-Mesh-Fence-02-1-768x909.jpg 768w, https:\/\/arturf.com\/wp-content\/uploads\/2018\/08\/2D-Welded-Mesh-Fence-02-1-1298x1536.jpg 1298w, https:\/\/arturf.com\/wp-content\/uploads\/2018\/08\/2D-Welded-Mesh-Fence-02-1-1731x2048.jpg 1731w, https:\/\/arturf.com\/wp-content\/uploads\/2018\/08\/2D-Welded-Mesh-Fence-02-1-10x12.jpg 10w, https:\/\/arturf.com\/wp-content\/uploads\/2018\/08\/2D-Welded-Mesh-Fence-02-1-510x604.jpg 510w, https:\/\/arturf.com\/wp-content\/uploads\/2018\/08\/2D-Welded-Mesh-Fence-02-1.jpg 1920w\" sizes=\"auto, (max-width: 423px) 100vw, 423px\" \/>                                  <div class=\"overlay fill\"\n                      style=\"background-color: rgba(0,0,0,.15)\">\n                  <\/div>\n                                                              <\/div>\n              <div class=\"box-text text-left\" >\n                 <p><\/p>\n              <\/div>\n            <\/div>\n            <\/a>          <\/div>\n         <\/div><div class=\"gallery-col col\" >\n          <div class=\"col-inner\">\n            <a class=\"image-lightbox lightbox-gallery\" href=\"https:\/\/arturf.com\/wp-content\/uploads\/2018\/08\/2D-Welded-Mesh-Fence-03-1024x768.jpg\" title=\"\">            <div class=\"box has-hover gallery-box box-overlay dark\">\n              <div class=\"box-image image-cover\" style=\"padding-top:75%;\">\n                <img loading=\"lazy\" decoding=\"async\" width=\"500\" height=\"375\" src=\"https:\/\/arturf.com\/wp-content\/uploads\/2018\/08\/2D-Welded-Mesh-Fence-03-500x375.jpg\" class=\"attachment-medium size-medium\" alt=\"\" ids=\"19855,19858,19857\" image_height=\"75%\" srcset=\"https:\/\/arturf.com\/wp-content\/uploads\/2018\/08\/2D-Welded-Mesh-Fence-03-500x375.jpg 500w, https:\/\/arturf.com\/wp-content\/uploads\/2018\/08\/2D-Welded-Mesh-Fence-03-1024x768.jpg 1024w, https:\/\/arturf.com\/wp-content\/uploads\/2018\/08\/2D-Welded-Mesh-Fence-03-200x150.jpg 200w, https:\/\/arturf.com\/wp-content\/uploads\/2018\/08\/2D-Welded-Mesh-Fence-03-768x576.jpg 768w, https:\/\/arturf.com\/wp-content\/uploads\/2018\/08\/2D-Welded-Mesh-Fence-03-1536x1152.jpg 1536w, https:\/\/arturf.com\/wp-content\/uploads\/2018\/08\/2D-Welded-Mesh-Fence-03-2048x1536.jpg 2048w, https:\/\/arturf.com\/wp-content\/uploads\/2018\/08\/2D-Welded-Mesh-Fence-03-16x12.jpg 16w, https:\/\/arturf.com\/wp-content\/uploads\/2018\/08\/2D-Welded-Mesh-Fence-03-350x263.jpg 350w, https:\/\/arturf.com\/wp-content\/uploads\/2018\/08\/2D-Welded-Mesh-Fence-03-510x383.jpg 510w\" sizes=\"auto, (max-width: 500px) 100vw, 500px\" \/>                                  <div class=\"overlay fill\"\n                      style=\"background-color: rgba(0,0,0,.15)\">\n                  <\/div>\n                                                              <\/div>\n              <div class=\"box-text text-left\" >\n                 <p><\/p>\n              <\/div>\n            <\/div>\n            <\/a>          <\/div>\n         <\/div><\/div>\n\t\t<\/div>\n\t\t\t\t\t<\/div>\n\n\t\n<\/div>\n<div class=\"row\"  id=\"row-1136310963\">\n\n\t<div id=\"col-726709228\" class=\"col small-12 large-12\"  >\n\t\t\t\t<div class=\"col-inner\"  >\n\t\t\t\n\t\t\t\n<h3><span style=\"font-size: 20.16px;\">Poteaux de cl\u00f4ture<\/span><\/h3>\n<p>En plus de nos cl\u00f4tures sportives, nous proposons une gamme de poteaux de cl\u00f4ture de haute qualit\u00e9 con\u00e7us pour compl\u00e9ter et soutenir nos syst\u00e8mes de cl\u00f4ture. Nos poteaux de cl\u00f4ture sont fabriqu\u00e9s \u00e0 partir de mat\u00e9riaux durables, garantissant ainsi un support fiable et am\u00e9liorant la long\u00e9vit\u00e9 de votre cl\u00f4ture. Les poteaux peuvent \u00eatre en tube rond ou en tube carr\u00e9, offrant une polyvalence pour r\u00e9pondre \u00e0 diff\u00e9rents besoins de conception et d&#039;installation.<\/p>\n<h4>Principales caract\u00e9ristiques:<\/h4>\n<ul>\n<li>Fabriqu\u00e9 \u00e0 partir de mat\u00e9riaux de haute qualit\u00e9 pour plus de durabilit\u00e9.<\/li>\n<li>Disponible en tubes ronds ou en tubes carr\u00e9s.<\/li>\n<li>Con\u00e7u pour fournir un support solide \u00e0 diff\u00e9rents types de cl\u00f4tures.<\/li>\n<li>R\u00e9sistant \u00e0 la corrosion et \u00e0 l&#039;usure environnementale.<\/li>\n<li>Disponible en diff\u00e9rentes tailles et styles pour r\u00e9pondre \u00e0 diff\u00e9rents besoins de cl\u00f4ture.<\/li>\n<li>Facile \u00e0 installer et \u00e0 entretenir.<\/li>\n<\/ul>\n<h3>Solutions d&#039;escrime sportive optimis\u00e9es<\/h3>\n<p>Dans la construction d\u2019installations sportives, il est crucial d\u2019atteindre la rentabilit\u00e9 sans sacrifier la qualit\u00e9. Chez Arturf, nous proposons des solutions durables et abordables en combinant diff\u00e9rents types de cl\u00f4tures pour r\u00e9pondre efficacement aux exigences du projet.<\/p>\n<h4>Hauteurs communes et combinaisons \u00e9conomiques<\/h4>\n<p>Les hauteurs typiques des cl\u00f4tures sportives sont de 4 m et 6 m. Pour optimiser les co\u00fbts, nous combinons souvent deux types de cl\u00f4tures. Pour une cl\u00f4ture de football de 4\u00a0m de haut, voici quelques exemples\u00a0:<\/p>\n<ul>\n<li>Cl\u00f4ture en panneaux de treillis soud\u00e9s 2D de 2 m de haut (en bas) + cl\u00f4ture \u00e0 mailles de cha\u00eene de 2 m de haut (en haut)<\/li>\n<li>Cl\u00f4ture en treillis soud\u00e9 2D de 2 m de haut (en bas) + filet en poly\u00e9thyl\u00e8ne de 2 m (en haut)<\/li>\n<li>Cl\u00f4ture \u00e0 mailles de cha\u00eene de 2 m de haut (en bas) + 2 m <a href=\"https:\/\/arturf.com\/fr\/product\/sport-netting-barrier\/\">Filet en poly\u00e9thyl\u00e8ne<\/a> (Haut)<\/li>\n<\/ul>\n<p>Ces combinaisons garantissent une s\u00e9curit\u00e9 et une durabilit\u00e9 robustes \u00e0 moindre co\u00fbt.<\/p>\n<hr \/>\n<p>Nous \u00e9largissons continuellement notre gamme de produits pour offrir plus d&#039;options de cl\u00f4ture. Pour plus d&#039;informations sur nos produits de cl\u00f4ture sportive ou pour demander un devis, veuillez nous contacter \u00e0 info@arturf.com. Laissez Arturf vous aider \u00e0 cr\u00e9er un environnement s\u00fbr et esth\u00e9tique pour vos installations sportives.<\/p>\n\t\t<\/div>\n\t\t\t\t\t<\/div>\n\n\t\n<\/div>","protected":false},"excerpt":{"rendered":"<p>D\u00e9couvrez la gamme Arturf de cl\u00f4tures sportives de haute qualit\u00e9, notamment des cl\u00f4tures \u00e0 maillons de cha\u00eene enduites de PE\/PVC et des cl\u00f4tures en treillis soud\u00e9s 2D. Options suppl\u00e9mentaires disponibles sur demande pour des solutions sur mesure adapt\u00e9es aux besoins de vos installations sportives.<\/p>","protected":false},"featured_media":14465,"template":"","meta":{"_seopress_robots_primary_cat":"","_seopress_titles_title":"","_seopress_titles_desc":"","_seopress_robots_index":""},"product_brand":[],"product_cat":[66],"product_tag":[],"class_list":{"0":"post-6882","1":"product","2":"type-product","3":"status-publish","4":"has-post-thumbnail","6":"product_cat-accessories","8":"first","9":"instock","10":"shipping-taxable","11":"product-type-simple"},"_links":{"self":[{"href":"https:\/\/arturf.com\/fr\/wp-json\/wp\/v2\/product\/6882","targetHints":{"allow":["GET"]}}],"collection":[{"href":"https:\/\/arturf.com\/fr\/wp-json\/wp\/v2\/product"}],"about":[{"href":"https:\/\/arturf.com\/fr\/wp-json\/wp\/v2\/types\/product"}],"wp:featuredmedia":[{"embeddable":true,"href":"https:\/\/arturf.com\/fr\/wp-json\/wp\/v2\/media\/14465"}],"wp:attachment":[{"href":"https:\/\/arturf.com\/fr\/wp-json\/wp\/v2\/media?parent=6882"}],"wp:term":[{"taxonomy":"product_brand","embeddable":true,"href":"https:\/\/arturf.com\/fr\/wp-json\/wp\/v2\/product_brand?post=6882"},{"taxonomy":"product_cat","embeddable":true,"href":"https:\/\/arturf.com\/fr\/wp-json\/wp\/v2\/product_cat?post=6882"},{"taxonomy":"product_tag","embeddable":true,"href":"https:\/\/arturf.com\/fr\/wp-json\/wp\/v2\/product_tag?post=6882"}],"curies":[{"name":"wp","href":"https:\/\/api.w.org\/{rel}","templated":true}]}}