{"id":7196,"date":"2010-12-04T11:55:55","date_gmt":"2010-12-04T11:55:55","guid":{"rendered":"https:\/\/arturf.com\/?post_type=product&#038;p=7196"},"modified":"2020-06-10T09:53:50","modified_gmt":"2020-06-10T01:53:50","slug":"golf-putting-training-aid","status":"publish","type":"product","link":"https:\/\/arturf.com\/fr\/product\/golf-putting-training-aid\/","title":{"rendered":"AIDE \u00c0 LA FORMATION DE PUTTING GOLF"},"content":{"rendered":"<p>Fabriqu\u00e9 \u00e0 partir d&#039;une base en caoutchouc de qualit\u00e9 et d&#039;une herbe verte synth\u00e9tique qui sera durable et inoffensive. L&#039;herbe de simulation de qualit\u00e9 sup\u00e9rieure reste lisse et ressemble \u00e0 de la vraie herbe. Vous appr\u00e9cierez de pratiquer le putting avec les 2 gazon color\u00e9s. Tapis de longueur \u00e9tendue de 300 * 30 cm juste pour vous. Plus de pratique au profit de votre sant\u00e9 et pour faciliter votre vie sociale.<\/p>\n<h3>Fonctionnalit\u00e9s:<\/h3>\n<p><strong>1. Deux trous de taille<\/strong><br \/>Conception de 6,5 cm et 8,5 cm pour la formation professionnelle. Am\u00e9liorez vos comp\u00e9tences de jeu de putting en vous entra\u00eenant avec notre taille plus petite de 6,5 cm. Alors que le trou de golf standard est de 10,8 cm (4,25 \u2033), nos coupes de conception unique de 8,5 cm et 6,5 cm vous aideront \u00e0 d\u00e9velopper une pr\u00e9cision de pr\u00e9cision.<\/p>\n<p><strong>2. Syst\u00e8me de retour de boule par gravit\u00e9 pour gagner du temps.<\/strong> <br \/>Voulez-vous rendre votre pratique du putting plus efficace? Le canal de retour de balle pourrait vous faire gagner du temps pour vous rendre au trou pour r\u00e9cup\u00e9rer la balle encore et encore.<\/p>\n<p><strong>3. Mettre partout<\/strong><br \/>Pour un rangement facile \u00e0 la maison ou au bureau, vous pouvez simplement enrouler le gazon et il s&#039;adaptera facilement \u00e0 un placard ou \u00e0 un tiroir vide.<\/p>\n<p>Veuillez noter que nous ne sugg\u00e9rons pas d&#039;acheter le GOLF PUTTING TRAINING AID individuellement car le fret a\u00e9rien sera tr\u00e8s \u00e9lev\u00e9, et probablement beaucoup plus \u00e9lev\u00e9 que la valeur des produits. Nous vous recommandons de commander avec du gazon artificiel et de mettre l&#039;AIDE \u00c0 L&#039;ENTRAINEMENT GOLF PUTTING dans le m\u00eame conteneur. Contactez-nous pour savoir comment obtenir un ensemble d&#039;aide \u00e0 l&#039;entra\u00eenement de golf GRATUIT!<\/p>\n\t<div class=\"img has-hover x md-x lg-x y md-y lg-y\" id=\"image_1354326666\">\n\t\t\t\t\t\t\t\t<div class=\"img-inner dark\" >\n\t\t\t<img loading=\"lazy\" decoding=\"async\" width=\"788\" height=\"325\" src=\"https:\/\/arturf.com\/wp-content\/uploads\/2020\/06\/wood-putting-trainer-packing.jpg\" class=\"attachment-large size-large\" alt=\"\" srcset=\"https:\/\/arturf.com\/wp-content\/uploads\/2020\/06\/wood-putting-trainer-packing.jpg 788w, https:\/\/arturf.com\/wp-content\/uploads\/2020\/06\/wood-putting-trainer-packing-300x124.jpg 300w, https:\/\/arturf.com\/wp-content\/uploads\/2020\/06\/wood-putting-trainer-packing-768x317.jpg 768w, https:\/\/arturf.com\/wp-content\/uploads\/2020\/06\/wood-putting-trainer-packing-18x7.jpg 18w, https:\/\/arturf.com\/wp-content\/uploads\/2020\/06\/wood-putting-trainer-packing-510x210.jpg 510w\" sizes=\"auto, (max-width: 788px) 100vw, 788px\" \/>\t\t\t\t\t\t\n\t\t\t\t\t<\/div>\n\t\t\t\t\t\t\t\t\n<style>\n#image_1354326666 {\n  width: 100%;\n}\n<\/style>\n\t<\/div>\n\t\n\t<div class=\"img has-hover x md-x lg-x y md-y lg-y\" id=\"image_1558218714\">\n\t\t\t\t\t\t\t\t<div class=\"img-inner dark\" >\n\t\t\t<img loading=\"lazy\" decoding=\"async\" width=\"789\" height=\"486\" src=\"https:\/\/arturf.com\/wp-content\/uploads\/2020\/06\/wood-putting-trainer-box-packing.jpg\" class=\"attachment-large size-large\" alt=\"\" srcset=\"https:\/\/arturf.com\/wp-content\/uploads\/2020\/06\/wood-putting-trainer-box-packing.jpg 789w, https:\/\/arturf.com\/wp-content\/uploads\/2020\/06\/wood-putting-trainer-box-packing-300x185.jpg 300w, https:\/\/arturf.com\/wp-content\/uploads\/2020\/06\/wood-putting-trainer-box-packing-768x473.jpg 768w, https:\/\/arturf.com\/wp-content\/uploads\/2020\/06\/wood-putting-trainer-box-packing-18x12.jpg 18w, https:\/\/arturf.com\/wp-content\/uploads\/2020\/06\/wood-putting-trainer-box-packing-510x314.jpg 510w\" sizes=\"auto, (max-width: 789px) 100vw, 789px\" \/>\t\t\t\t\t\t\n\t\t\t\t\t<\/div>\n\t\t\t\t\t\t\t\t\n<style>\n#image_1558218714 {\n  width: 100%;\n}\n<\/style>\n\t<\/div>\n\t\n\n\t<section class=\"section\" id=\"section_735056161\">\n\t\t<div class=\"section-bg fill\" >\n\t\t\t\t\t\t\t\t\t\n\t\t\t\n\n\t\t<\/div>\n\n\t\t\n\n\t\t<div class=\"section-content relative\">\n\t\t\t\n\n<div class=\"row\"  id=\"row-1346017702\">\n\n\n\t<div id=\"col-47969348\" class=\"col small-12 large-12\"  >\n\t\t\t\t<div class=\"col-inner text-center\"  >\n\t\t\t\n\t\t\t\n\n<h2>FAQ<\/h2>\n\n\t\t<\/div>\n\t\t\t\t\t<\/div>\n\n\t\n\n<\/div>\n<div class=\"row align-center row-box-shadow-1\"  id=\"row-348989851\">\n\n\n\t<div id=\"col-1722794970\" class=\"col medium-10 small-12 large-9\"  >\n\t\t\t\t<div class=\"col-inner\" style=\"background-color:rgb(255,255,255);\" >\n\t\t\t\n\t\t\t\n\n<div class=\"accordion\">\n\n\t<div id=\"accordion-761376635\" class=\"accordion-item\">\n\t\t<a id=\"accordion-761376635-label\" class=\"accordion-title plain\" href=\"#accordion-item-can-you-customize-specifications-for-your-artificial-turf-products?\" aria-expanded=\"false\" aria-controls=\"accordion-761376635-content\">\n\t\t\t<button class=\"toggle\" aria-label=\"Basculer\"><i class=\"icon-angle-down\" aria-hidden=\"true\"><\/i><\/button>\n\t\t\t<span>Pouvez-vous personnaliser les sp\u00e9cifications de vos produits de gazon artificiel ?<\/span>\n\t\t<\/a>\n\t\t<div id=\"accordion-761376635-content\" class=\"accordion-inner\" aria-labelledby=\"accordion-761376635-label\">\n\t\t\t\n\n<p>Oui, nous proposons des options de personnalisation pour la couleur, la forme du fil, la hauteur du poil, la densit\u00e9 et le support. Nous pouvons \u00e9galement produire selon un \u00e9chantillon fourni.<\/p>\n\n\t\t<\/div>\n\t<\/div>\n\t\n\t<div id=\"accordion-3668747351\" class=\"accordion-item\">\n\t\t<a id=\"accordion-3668747351-label\" class=\"accordion-title plain\" href=\"#accordion-item-do-you-have-stock?\" aria-expanded=\"false\" aria-controls=\"accordion-3668747351-content\">\n\t\t\t<button class=\"toggle\" aria-label=\"Basculer\"><i class=\"icon-angle-down\" aria-hidden=\"true\"><\/i><\/button>\n\t\t\t<span>Avez-vous des stocks?<\/span>\n\t\t<\/a>\n\t\t<div id=\"accordion-3668747351-content\" class=\"accordion-inner\" aria-labelledby=\"accordion-3668747351-label\">\n\t\t\t\n\n<p>Non, nous ne gardons pas de stock. Nous commen\u00e7ons la production sur la base de commandes sp\u00e9cifiques.<\/p>\n\n\t\t<\/div>\n\t<\/div>\n\t\n\t<div id=\"accordion-462703023\" class=\"accordion-item\">\n\t\t<a id=\"accordion-462703023-label\" class=\"accordion-title plain\" href=\"#accordion-item-what-is-your-moq?\" aria-expanded=\"false\" aria-controls=\"accordion-462703023-content\">\n\t\t\t<button class=\"toggle\" aria-label=\"Basculer\"><i class=\"icon-angle-down\" aria-hidden=\"true\"><\/i><\/button>\n\t\t\t<span>Quel est votre MOQ?<\/span>\n\t\t<\/a>\n\t\t<div id=\"accordion-462703023-content\" class=\"accordion-inner\" aria-labelledby=\"accordion-462703023-label\">\n\t\t\t\n\n<p>Pour la plupart des gazons artificiels, notre quantit\u00e9 minimum de commande (MOQ) est de 500 m\u00e8tres carr\u00e9s. Pour certains produits l\u00e9gers, le MOQ est de 800 m\u00e8tres carr\u00e9s.<\/p>\n\n\t\t<\/div>\n\t<\/div>\n\t\n\t<div id=\"accordion-3326765835\" class=\"accordion-item\">\n\t\t<a id=\"accordion-3326765835-label\" class=\"accordion-title plain\" href=\"#accordion-item-what-are-the-width-and-length-options-for-artificial-grass?\" aria-expanded=\"false\" aria-controls=\"accordion-3326765835-content\">\n\t\t\t<button class=\"toggle\" aria-label=\"Basculer\"><i class=\"icon-angle-down\" aria-hidden=\"true\"><\/i><\/button>\n\t\t\t<span>Quelles sont les options de largeur et de longueur pour le gazon artificiel ?<\/span>\n\t\t<\/a>\n\t\t<div id=\"accordion-3326765835-content\" class=\"accordion-inner\" aria-labelledby=\"accordion-3326765835-label\">\n\t\t\t\n\n<p>Nos options de largeur courantes sont de 2 m, 3,75 m, 3,95 m, 4 m et 5 m. La longueur peut \u00eatre personnalis\u00e9e en fonction des exigences sp\u00e9cifiques de votre projet. Par d\u00e9faut, nous m\u00e9langeons du gazon de 4 m de large et de 2 m de large pour optimiser l&#039;espace du conteneur.<\/p>\n\n\t\t<\/div>\n\t<\/div>\n\t\n\t<div id=\"accordion-2226096400\" class=\"accordion-item\">\n\t\t<a id=\"accordion-2226096400-label\" class=\"accordion-title plain\" href=\"#accordion-item-what-information-do-you-need-to-provide-the-landed-cost-for-international-customers?\" aria-expanded=\"false\" aria-controls=\"accordion-2226096400-content\">\n\t\t\t<button class=\"toggle\" aria-label=\"Basculer\"><i class=\"icon-angle-down\" aria-hidden=\"true\"><\/i><\/button>\n\t\t\t<span>De quelles informations avez-vous besoin pour fournir le co\u00fbt au d\u00e9barquement pour les clients internationaux\u00a0?<\/span>\n\t\t<\/a>\n\t\t<div id=\"accordion-2226096400-content\" class=\"accordion-inner\" aria-labelledby=\"accordion-2226096400-label\">\n\t\t\t\n\n<p>Pour fournir le co\u00fbt au d\u00e9barquement, nous avons besoin d&#039;informations sur les d\u00e9tails du produit, la quantit\u00e9 et le port maritime de destination.<\/p>\n\n\t\t<\/div>\n\t<\/div>\n\t\n\n<\/div>\n\n\t\t<\/div>\n\t\t\t\t\t<\/div>\n\n\t\n\n\n<style>\n#row-348989851 > .col > .col-inner {\n  padding: 0px 0px 0px 0px;\n}\n@media (min-width:550px) {\n  #row-348989851 > .col > .col-inner {\n    padding: 30px 30px 30px 30px;\n  }\n}\n<\/style>\n<\/div>\n\n\t\t<\/div>\n\n\t\t\n<style>\n#section_735056161 {\n  padding-top: 60px;\n  padding-bottom: 60px;\n}\n<\/style>\n\t<\/section>\n\t\n<div class=\"row align-center\"  id=\"row-591391164\">\n\n\n\t<div id=\"col-2084970441\" class=\"col medium-4 large-4\"  >\n\t\t\t\t<div class=\"col-inner\"  >\n\t\t\t\n\t<div class=\"is-border\"\n\t\tstyle=\"border-width:0px 0px 0px 0px;\">\n\t<\/div>\n\t\t\t\n\n\n\t\t<div class=\"icon-box featured-box icon-box-center text-center\"  style=\"margin:0px 0px 0px 0px;\">\n\t\t\t\t\t<div class=\"icon-box-img has-icon-bg\" style=\"width: 100px\">\n\t\t\t\t<div class=\"icon\">\n\t\t\t\t\t<div class=\"icon-inner\" style=\"border-width:2px;color:rgba(47, 159, 18, 0.88);\">\n\t\t\t\t\t\t<img loading=\"lazy\" decoding=\"async\" width=\"100\" height=\"100\" src=\"https:\/\/arturf.com\/wp-content\/uploads\/2018\/06\/Icon-Good-quality.png\" class=\"attachment-medium size-medium\" alt=\"\" srcset=\"https:\/\/arturf.com\/wp-content\/uploads\/2018\/06\/Icon-Good-quality.png 100w, https:\/\/arturf.com\/wp-content\/uploads\/2018\/06\/Icon-Good-quality-12x12.png 12w\" sizes=\"auto, (max-width: 100px) 100vw, 100px\" \/>\t\t\t\t\t<\/div>\n\t\t\t\t<\/div>\n\t\t\t<\/div>\n\t\t\t\t<div class=\"icon-box-text last-reset\">\n\t\t\t<h5 class=\"uppercase\">Qualit\u00e9 \u00e9prouv\u00e9e<\/h5>\t\t\t\t\t\t\n\n<p>Gazon artificiel de qualit\u00e9 sup\u00e9rieure avec r\u00e9sistance aux UV et \u00e0 l&#039;usure. Des garanties solides assurent une satisfaction durable.<\/p>\n\n\t\t<\/div>\n\t<\/div>\n\t\n\t\n\n\t\t<\/div>\n\t\t\t\t\t<\/div>\n\n\t\n\n\t<div id=\"col-1043760686\" class=\"col medium-4 large-4\"  >\n\t\t\t\t<div class=\"col-inner\"  >\n\t\t\t\n\t<div class=\"is-border\"\n\t\tstyle=\"border-width:0px 0px 0px 0px;\">\n\t<\/div>\n\t\t\t\n\n\n\t\t<div class=\"icon-box featured-box icon-box-center text-center\"  style=\"margin:0px 0px 0px 0px;\">\n\t\t\t\t\t<div class=\"icon-box-img has-icon-bg\" style=\"width: 100px\">\n\t\t\t\t<div class=\"icon\">\n\t\t\t\t\t<div class=\"icon-inner\" style=\"border-width:2px;color:rgba(47, 159, 18, 0.88);\">\n\t\t\t\t\t\t<img loading=\"lazy\" decoding=\"async\" width=\"100\" height=\"100\" src=\"https:\/\/arturf.com\/wp-content\/uploads\/2018\/06\/Icon-Good-price.png\" class=\"attachment-medium size-medium\" alt=\"\" srcset=\"https:\/\/arturf.com\/wp-content\/uploads\/2018\/06\/Icon-Good-price.png 100w, https:\/\/arturf.com\/wp-content\/uploads\/2018\/06\/Icon-Good-price-12x12.png 12w\" sizes=\"auto, (max-width: 100px) 100vw, 100px\" \/>\t\t\t\t\t<\/div>\n\t\t\t\t<\/div>\n\t\t\t<\/div>\n\t\t\t\t<div class=\"icon-box-text last-reset\">\n\t\t\t<h5 class=\"uppercase\">Des prix comp\u00e9titifs<\/h5>\t\t\t\t\t\t\n\n<p>Nous offrons des prix comp\u00e9titifs, favorisant la croissance mutuelle et le succ\u00e8s \u00e0 long terme avec nos revendeurs estim\u00e9s.<\/p>\n\n\t\t<\/div>\n\t<\/div>\n\t\n\t\n\n\t\t<\/div>\n\t\t\t\t\t<\/div>\n\n\t\n\n\t<div id=\"col-948601689\" class=\"col medium-4 large-4\"  >\n\t\t\t\t<div class=\"col-inner\"  >\n\t\t\t\n\t<div class=\"is-border\"\n\t\tstyle=\"border-width:0px 0px 0px 0px;\">\n\t<\/div>\n\t\t\t\n\n\n\t\t<div class=\"icon-box featured-box icon-box-center text-center\"  style=\"margin:0px 0px 0px 0px;\">\n\t\t\t\t\t<div class=\"icon-box-img has-icon-bg\" style=\"width: 100px\">\n\t\t\t\t<div class=\"icon\">\n\t\t\t\t\t<div class=\"icon-inner\" style=\"border-width:2px;color:rgba(47, 159, 18, 0.88);\">\n\t\t\t\t\t\t<img loading=\"lazy\" decoding=\"async\" width=\"100\" height=\"100\" src=\"https:\/\/arturf.com\/wp-content\/uploads\/2018\/06\/Icon-tailor-made.png\" class=\"attachment-medium size-medium\" alt=\"\" srcset=\"https:\/\/arturf.com\/wp-content\/uploads\/2018\/06\/Icon-tailor-made.png 100w, https:\/\/arturf.com\/wp-content\/uploads\/2018\/06\/Icon-tailor-made-12x12.png 12w\" sizes=\"auto, (max-width: 100px) 100vw, 100px\" \/>\t\t\t\t\t<\/div>\n\t\t\t\t<\/div>\n\t\t\t<\/div>\n\t\t\t\t<div class=\"icon-box-text last-reset\">\n\t\t\t<h5 class=\"uppercase\">Solutions personnalis\u00e9es<\/h5>\t\t\t\t\t\t\n\n<p>Lib\u00e9rez le potentiel du march\u00e9 avec diverses options de gazon artificiel. <a href=\"https:\/\/arturf.com\/fr\/buyers-guide\/customized-artificial-grass-products\/\">Adapt\u00e9 aux besoins ou aux \u00e9chantillons uniques<\/a>.<\/p>\n\n\t\t<\/div>\n\t<\/div>\n\t\n\t\n\n\t\t<\/div>\n\t\t\t\t\t<\/div>\n\n\t\n\n<\/div>","protected":false},"excerpt":{"rendered":"<p>Une superbe aide \u00e0 l&#039;entra\u00eenement de golf pour pratiquer votre putting \u00e0 l&#039;int\u00e9rieur. Pour une pratique r\u00e9aliste du putting partout o\u00f9 vous souhaitez vous entra\u00eener car le green s&#039;enroule facilement pour le transport et le rangement. Les trous sont con\u00e7us sur une pente pour am\u00e9liorer la fermet\u00e9 de la course et pour un d\u00e9fi suppl\u00e9mentaire.<\/p>","protected":false},"featured_media":7763,"template":"","meta":{"_seopress_robots_primary_cat":"","_seopress_titles_title":"","_seopress_titles_desc":"","_seopress_robots_index":""},"product_brand":[],"product_cat":[65],"product_tag":[],"class_list":{"0":"post-7196","1":"product","2":"type-product","3":"status-publish","4":"has-post-thumbnail","6":"product_cat-golf","8":"first","9":"instock","10":"shipping-taxable","11":"product-type-simple"},"_links":{"self":[{"href":"https:\/\/arturf.com\/fr\/wp-json\/wp\/v2\/product\/7196","targetHints":{"allow":["GET"]}}],"collection":[{"href":"https:\/\/arturf.com\/fr\/wp-json\/wp\/v2\/product"}],"about":[{"href":"https:\/\/arturf.com\/fr\/wp-json\/wp\/v2\/types\/product"}],"wp:featuredmedia":[{"embeddable":true,"href":"https:\/\/arturf.com\/fr\/wp-json\/wp\/v2\/media\/7763"}],"wp:attachment":[{"href":"https:\/\/arturf.com\/fr\/wp-json\/wp\/v2\/media?parent=7196"}],"wp:term":[{"taxonomy":"product_brand","embeddable":true,"href":"https:\/\/arturf.com\/fr\/wp-json\/wp\/v2\/product_brand?post=7196"},{"taxonomy":"product_cat","embeddable":true,"href":"https:\/\/arturf.com\/fr\/wp-json\/wp\/v2\/product_cat?post=7196"},{"taxonomy":"product_tag","embeddable":true,"href":"https:\/\/arturf.com\/fr\/wp-json\/wp\/v2\/product_tag?post=7196"}],"curies":[{"name":"wp","href":"https:\/\/api.w.org\/{rel}","templated":true}]}}