{"id":7430,"date":"2018-12-20T03:27:57","date_gmt":"2018-12-20T03:27:57","guid":{"rendered":"https:\/\/arturf.com\/?post_type=product&#038;p=7430"},"modified":"2023-07-14T20:17:09","modified_gmt":"2023-07-14T12:17:09","slug":"artificial-grass-mixx","status":"publish","type":"product","link":"https:\/\/arturf.com\/fr\/product\/artificial-grass-mixx\/","title":{"rendered":"Mixx"},"content":{"rendered":"<p>Mixx est un produit de gazon artificiel exceptionnel cr\u00e9\u00e9 sp\u00e9cifiquement pour les jardins luxueux et les aires de jeux. Son fil et ses couleurs de formes m\u00e9lang\u00e9es uniques offrent une apparence incroyablement r\u00e9aliste, tandis que le fil solide assure une durabilit\u00e9 et une r\u00e9sistance \u00e0 l&#039;usure exceptionnelles.<\/p>\n<p>Ce produit haut de gamme offre une superbe durabilit\u00e9, un aspect remarquablement naturel et une excellente r\u00e9sistance aux UV. Adapt\u00e9 aux jardins de luxe et aux aires de jeux, Mixx garantit une dur\u00e9e de vie de plus de 8 ans.<\/p>\n<h3>Principales caract\u00e9ristiques:<\/h3>\n<ol>\n<li>Couleurs uniques avec plusieurs couleurs m\u00e9lang\u00e9es pour une esth\u00e9tique naturelle<\/li>\n<li>Fibres en forme de W pour l&#039;herbe principale, offrant une durabilit\u00e9 exceptionnelle avec un Dtex \u00e9lev\u00e9<\/li>\n<li>Un produit de luxe, avec le seul inconv\u00e9nient \u00e9tant un co\u00fbt plus \u00e9lev\u00e9, mais toujours abordable \u00e0 notre prix direct usine.<\/li>\n<\/ol>\n<p><img alt=\"\" loading=\"lazy\" decoding=\"async\" class=\"wp-image-14334 size-full alignnone\" src=\"https:\/\/arturf.com\/wp-content\/uploads\/2021\/04\/Top-quality-artificial-grass-Mixx-3-Details.jpg\" width=\"800\" height=\"533\" srcset=\"https:\/\/arturf.com\/wp-content\/uploads\/2021\/04\/Top-quality-artificial-grass-Mixx-3-Details.jpg 800w, https:\/\/arturf.com\/wp-content\/uploads\/2021\/04\/Top-quality-artificial-grass-Mixx-3-Details-300x200.jpg 300w, https:\/\/arturf.com\/wp-content\/uploads\/2021\/04\/Top-quality-artificial-grass-Mixx-3-Details-768x512.jpg 768w, https:\/\/arturf.com\/wp-content\/uploads\/2021\/04\/Top-quality-artificial-grass-Mixx-3-Details-18x12.jpg 18w, https:\/\/arturf.com\/wp-content\/uploads\/2021\/04\/Top-quality-artificial-grass-Mixx-3-Details-510x340.jpg 510w\" sizes=\"auto, (max-width: 800px) 100vw, 800px\" \/><\/p>\n<p><img alt=\"\" loading=\"lazy\" decoding=\"async\" class=\"wp-image-14335 size-full alignnone\" src=\"https:\/\/arturf.com\/wp-content\/uploads\/2021\/04\/Top-quality-artificial-grass-Mixx-4-Details.jpg\" width=\"800\" height=\"533\" srcset=\"https:\/\/arturf.com\/wp-content\/uploads\/2021\/04\/Top-quality-artificial-grass-Mixx-4-Details.jpg 800w, https:\/\/arturf.com\/wp-content\/uploads\/2021\/04\/Top-quality-artificial-grass-Mixx-4-Details-300x200.jpg 300w, https:\/\/arturf.com\/wp-content\/uploads\/2021\/04\/Top-quality-artificial-grass-Mixx-4-Details-768x512.jpg 768w, https:\/\/arturf.com\/wp-content\/uploads\/2021\/04\/Top-quality-artificial-grass-Mixx-4-Details-18x12.jpg 18w, https:\/\/arturf.com\/wp-content\/uploads\/2021\/04\/Top-quality-artificial-grass-Mixx-4-Details-510x340.jpg 510w\" sizes=\"auto, (max-width: 800px) 100vw, 800px\" \/><\/p>\n\n\t<section class=\"section\" id=\"section_327235082\">\n\t\t<div class=\"section-bg fill\" >\n\t\t\t\t\t\t\t\t\t\n\t\t\t\n\n\t\t<\/div>\n\n\t\t\n\n\t\t<div class=\"section-content relative\">\n\t\t\t\n\n<div class=\"row\"  id=\"row-512285050\">\n\n\n\t<div id=\"col-1075600140\" class=\"col small-12 large-12\"  >\n\t\t\t\t<div class=\"col-inner text-center\"  >\n\t\t\t\n\t\t\t\n\n<h2>FAQ<\/h2>\n\n\t\t<\/div>\n\t\t\t\t\t<\/div>\n\n\t\n\n<\/div>\n<div class=\"row align-center row-box-shadow-1\"  id=\"row-972595699\">\n\n\n\t<div id=\"col-256464145\" class=\"col medium-10 small-12 large-9\"  >\n\t\t\t\t<div class=\"col-inner\" style=\"background-color:rgb(255,255,255);\" >\n\t\t\t\n\t\t\t\n\n<div class=\"accordion\">\n\n\t<div id=\"accordion-4260422954\" class=\"accordion-item\">\n\t\t<a id=\"accordion-4260422954-label\" class=\"accordion-title plain\" href=\"#accordion-item-can-you-customize-specifications-for-your-artificial-turf-products?\" aria-expanded=\"false\" aria-controls=\"accordion-4260422954-content\">\n\t\t\t<button class=\"toggle\" aria-label=\"Basculer\"><i class=\"icon-angle-down\" aria-hidden=\"true\"><\/i><\/button>\n\t\t\t<span>Pouvez-vous personnaliser les sp\u00e9cifications de vos produits de gazon artificiel ?<\/span>\n\t\t<\/a>\n\t\t<div id=\"accordion-4260422954-content\" class=\"accordion-inner\" aria-labelledby=\"accordion-4260422954-label\">\n\t\t\t\n\n<p>Oui, nous proposons des options de personnalisation pour la couleur, la forme du fil, la hauteur du poil, la densit\u00e9 et le support. Nous pouvons \u00e9galement produire selon un \u00e9chantillon fourni.<\/p>\n\n\t\t<\/div>\n\t<\/div>\n\t\n\t<div id=\"accordion-2378307856\" class=\"accordion-item\">\n\t\t<a id=\"accordion-2378307856-label\" class=\"accordion-title plain\" href=\"#accordion-item-do-you-have-stock?\" aria-expanded=\"false\" aria-controls=\"accordion-2378307856-content\">\n\t\t\t<button class=\"toggle\" aria-label=\"Basculer\"><i class=\"icon-angle-down\" aria-hidden=\"true\"><\/i><\/button>\n\t\t\t<span>Avez-vous des stocks?<\/span>\n\t\t<\/a>\n\t\t<div id=\"accordion-2378307856-content\" class=\"accordion-inner\" aria-labelledby=\"accordion-2378307856-label\">\n\t\t\t\n\n<p>Non, nous ne gardons pas de stock. Nous commen\u00e7ons la production sur la base de commandes sp\u00e9cifiques.<\/p>\n\n\t\t<\/div>\n\t<\/div>\n\t\n\t<div id=\"accordion-165647069\" class=\"accordion-item\">\n\t\t<a id=\"accordion-165647069-label\" class=\"accordion-title plain\" href=\"#accordion-item-what-is-your-moq?\" aria-expanded=\"false\" aria-controls=\"accordion-165647069-content\">\n\t\t\t<button class=\"toggle\" aria-label=\"Basculer\"><i class=\"icon-angle-down\" aria-hidden=\"true\"><\/i><\/button>\n\t\t\t<span>Quel est votre MOQ?<\/span>\n\t\t<\/a>\n\t\t<div id=\"accordion-165647069-content\" class=\"accordion-inner\" aria-labelledby=\"accordion-165647069-label\">\n\t\t\t\n\n<p>Pour la plupart des gazons artificiels, notre quantit\u00e9 minimum de commande (MOQ) est de 500 m\u00e8tres carr\u00e9s. Pour certains produits l\u00e9gers, le MOQ est de 800 m\u00e8tres carr\u00e9s.<\/p>\n\n\t\t<\/div>\n\t<\/div>\n\t\n\t<div id=\"accordion-1369127242\" class=\"accordion-item\">\n\t\t<a id=\"accordion-1369127242-label\" class=\"accordion-title plain\" href=\"#accordion-item-what-are-the-width-and-length-options-for-artificial-grass?\" aria-expanded=\"false\" aria-controls=\"accordion-1369127242-content\">\n\t\t\t<button class=\"toggle\" aria-label=\"Basculer\"><i class=\"icon-angle-down\" aria-hidden=\"true\"><\/i><\/button>\n\t\t\t<span>Quelles sont les options de largeur et de longueur pour le gazon artificiel ?<\/span>\n\t\t<\/a>\n\t\t<div id=\"accordion-1369127242-content\" class=\"accordion-inner\" aria-labelledby=\"accordion-1369127242-label\">\n\t\t\t\n\n<p>Nos options de largeur courantes sont de 2 m, 3,75 m, 3,95 m, 4 m et 5 m. La longueur peut \u00eatre personnalis\u00e9e en fonction des exigences sp\u00e9cifiques de votre projet. Par d\u00e9faut, nous m\u00e9langeons du gazon de 4 m de large et de 2 m de large pour optimiser l&#039;espace du conteneur.<\/p>\n\n\t\t<\/div>\n\t<\/div>\n\t\n\t<div id=\"accordion-3383764086\" class=\"accordion-item\">\n\t\t<a id=\"accordion-3383764086-label\" class=\"accordion-title plain\" href=\"#accordion-item-what-information-do-you-need-to-provide-the-landed-cost-for-international-customers?\" aria-expanded=\"false\" aria-controls=\"accordion-3383764086-content\">\n\t\t\t<button class=\"toggle\" aria-label=\"Basculer\"><i class=\"icon-angle-down\" aria-hidden=\"true\"><\/i><\/button>\n\t\t\t<span>De quelles informations avez-vous besoin pour fournir le co\u00fbt au d\u00e9barquement pour les clients internationaux\u00a0?<\/span>\n\t\t<\/a>\n\t\t<div id=\"accordion-3383764086-content\" class=\"accordion-inner\" aria-labelledby=\"accordion-3383764086-label\">\n\t\t\t\n\n<p>Pour fournir le co\u00fbt au d\u00e9barquement, nous avons besoin d&#039;informations sur les d\u00e9tails du produit, la quantit\u00e9 et le port maritime de destination.<\/p>\n\n\t\t<\/div>\n\t<\/div>\n\t\n\n<\/div>\n\n\t\t<\/div>\n\t\t\t\t\t<\/div>\n\n\t\n\n\n<style>\n#row-972595699 > .col > .col-inner {\n  padding: 0px 0px 0px 0px;\n}\n@media (min-width:550px) {\n  #row-972595699 > .col > .col-inner {\n    padding: 30px 30px 30px 30px;\n  }\n}\n<\/style>\n<\/div>\n\n\t\t<\/div>\n\n\t\t\n<style>\n#section_327235082 {\n  padding-top: 60px;\n  padding-bottom: 60px;\n}\n<\/style>\n\t<\/section>\n\t\n<div class=\"row align-center\"  id=\"row-165543627\">\n\n\n\t<div id=\"col-1362164236\" class=\"col medium-4 large-4\"  >\n\t\t\t\t<div class=\"col-inner\"  >\n\t\t\t\n\t<div class=\"is-border\"\n\t\tstyle=\"border-width:0px 0px 0px 0px;\">\n\t<\/div>\n\t\t\t\n\n\n\t\t<div class=\"icon-box featured-box icon-box-center text-center\"  style=\"margin:0px 0px 0px 0px;\">\n\t\t\t\t\t<div class=\"icon-box-img has-icon-bg\" style=\"width: 100px\">\n\t\t\t\t<div class=\"icon\">\n\t\t\t\t\t<div class=\"icon-inner\" style=\"border-width:2px;color:rgba(47, 159, 18, 0.88);\">\n\t\t\t\t\t\t<img loading=\"lazy\" decoding=\"async\" width=\"100\" height=\"100\" src=\"https:\/\/arturf.com\/wp-content\/uploads\/2018\/06\/Icon-Good-quality.png\" class=\"attachment-medium size-medium\" alt=\"\" srcset=\"https:\/\/arturf.com\/wp-content\/uploads\/2018\/06\/Icon-Good-quality.png 100w, https:\/\/arturf.com\/wp-content\/uploads\/2018\/06\/Icon-Good-quality-12x12.png 12w\" sizes=\"auto, (max-width: 100px) 100vw, 100px\" \/>\t\t\t\t\t<\/div>\n\t\t\t\t<\/div>\n\t\t\t<\/div>\n\t\t\t\t<div class=\"icon-box-text last-reset\">\n\t\t\t<h5 class=\"uppercase\">Qualit\u00e9 \u00e9prouv\u00e9e<\/h5>\t\t\t\t\t\t\n\n<p>Gazon artificiel de qualit\u00e9 sup\u00e9rieure avec r\u00e9sistance aux UV et \u00e0 l&#039;usure. Des garanties solides assurent une satisfaction durable.<\/p>\n\n\t\t<\/div>\n\t<\/div>\n\t\n\t\n\n\t\t<\/div>\n\t\t\t\t\t<\/div>\n\n\t\n\n\t<div id=\"col-2051126864\" class=\"col medium-4 large-4\"  >\n\t\t\t\t<div class=\"col-inner\"  >\n\t\t\t\n\t<div class=\"is-border\"\n\t\tstyle=\"border-width:0px 0px 0px 0px;\">\n\t<\/div>\n\t\t\t\n\n\n\t\t<div class=\"icon-box featured-box icon-box-center text-center\"  style=\"margin:0px 0px 0px 0px;\">\n\t\t\t\t\t<div class=\"icon-box-img has-icon-bg\" style=\"width: 100px\">\n\t\t\t\t<div class=\"icon\">\n\t\t\t\t\t<div class=\"icon-inner\" style=\"border-width:2px;color:rgba(47, 159, 18, 0.88);\">\n\t\t\t\t\t\t<img loading=\"lazy\" decoding=\"async\" width=\"100\" height=\"100\" src=\"https:\/\/arturf.com\/wp-content\/uploads\/2018\/06\/Icon-Good-price.png\" class=\"attachment-medium size-medium\" alt=\"\" srcset=\"https:\/\/arturf.com\/wp-content\/uploads\/2018\/06\/Icon-Good-price.png 100w, https:\/\/arturf.com\/wp-content\/uploads\/2018\/06\/Icon-Good-price-12x12.png 12w\" sizes=\"auto, (max-width: 100px) 100vw, 100px\" \/>\t\t\t\t\t<\/div>\n\t\t\t\t<\/div>\n\t\t\t<\/div>\n\t\t\t\t<div class=\"icon-box-text last-reset\">\n\t\t\t<h5 class=\"uppercase\">Des prix comp\u00e9titifs<\/h5>\t\t\t\t\t\t\n\n<p>Nous offrons des prix comp\u00e9titifs, favorisant la croissance mutuelle et le succ\u00e8s \u00e0 long terme avec nos revendeurs estim\u00e9s.<\/p>\n\n\t\t<\/div>\n\t<\/div>\n\t\n\t\n\n\t\t<\/div>\n\t\t\t\t\t<\/div>\n\n\t\n\n\t<div id=\"col-1811905600\" class=\"col medium-4 large-4\"  >\n\t\t\t\t<div class=\"col-inner\"  >\n\t\t\t\n\t<div class=\"is-border\"\n\t\tstyle=\"border-width:0px 0px 0px 0px;\">\n\t<\/div>\n\t\t\t\n\n\n\t\t<div class=\"icon-box featured-box icon-box-center text-center\"  style=\"margin:0px 0px 0px 0px;\">\n\t\t\t\t\t<div class=\"icon-box-img has-icon-bg\" style=\"width: 100px\">\n\t\t\t\t<div class=\"icon\">\n\t\t\t\t\t<div class=\"icon-inner\" style=\"border-width:2px;color:rgba(47, 159, 18, 0.88);\">\n\t\t\t\t\t\t<img loading=\"lazy\" decoding=\"async\" width=\"100\" height=\"100\" src=\"https:\/\/arturf.com\/wp-content\/uploads\/2018\/06\/Icon-tailor-made.png\" class=\"attachment-medium size-medium\" alt=\"\" srcset=\"https:\/\/arturf.com\/wp-content\/uploads\/2018\/06\/Icon-tailor-made.png 100w, https:\/\/arturf.com\/wp-content\/uploads\/2018\/06\/Icon-tailor-made-12x12.png 12w\" sizes=\"auto, (max-width: 100px) 100vw, 100px\" \/>\t\t\t\t\t<\/div>\n\t\t\t\t<\/div>\n\t\t\t<\/div>\n\t\t\t\t<div class=\"icon-box-text last-reset\">\n\t\t\t<h5 class=\"uppercase\">Solutions personnalis\u00e9es<\/h5>\t\t\t\t\t\t\n\n<p>Lib\u00e9rez le potentiel du march\u00e9 avec diverses options de gazon artificiel. <a href=\"https:\/\/arturf.com\/fr\/buyers-guide\/customized-artificial-grass-products\/\">Adapt\u00e9 aux besoins ou aux \u00e9chantillons uniques<\/a>.<\/p>\n\n\t\t<\/div>\n\t<\/div>\n\t\n\t\n\n\t\t<\/div>\n\t\t\t\t\t<\/div>\n\n\t\n\n<\/div>","protected":false},"excerpt":{"rendered":"<p>D\u00e9couvrez le luxe et la beaut\u00e9 r\u00e9aliste avec Mixx, notre gazon artificiel exceptionnel con\u00e7u pour les jardins somptueux et les aires de jeux. Son fil et ses couleurs uniques aux formes m\u00e9lang\u00e9es cr\u00e9ent une esth\u00e9tique naturelle, tandis que les fibres solides et \u00e0 haute teneur en Dtex garantissent une durabilit\u00e9 exceptionnelle.<\/p>","protected":false},"featured_media":14333,"template":"","meta":{"_seopress_robots_primary_cat":"","_seopress_titles_title":"","_seopress_titles_desc":"","_seopress_robots_index":""},"product_brand":[],"product_cat":[64],"product_tag":[],"class_list":{"0":"post-7430","1":"product","2":"type-product","3":"status-publish","4":"has-post-thumbnail","6":"product_cat-landscape","8":"first","9":"instock","10":"shipping-taxable","11":"product-type-simple"},"_links":{"self":[{"href":"https:\/\/arturf.com\/fr\/wp-json\/wp\/v2\/product\/7430","targetHints":{"allow":["GET"]}}],"collection":[{"href":"https:\/\/arturf.com\/fr\/wp-json\/wp\/v2\/product"}],"about":[{"href":"https:\/\/arturf.com\/fr\/wp-json\/wp\/v2\/types\/product"}],"wp:featuredmedia":[{"embeddable":true,"href":"https:\/\/arturf.com\/fr\/wp-json\/wp\/v2\/media\/14333"}],"wp:attachment":[{"href":"https:\/\/arturf.com\/fr\/wp-json\/wp\/v2\/media?parent=7430"}],"wp:term":[{"taxonomy":"product_brand","embeddable":true,"href":"https:\/\/arturf.com\/fr\/wp-json\/wp\/v2\/product_brand?post=7430"},{"taxonomy":"product_cat","embeddable":true,"href":"https:\/\/arturf.com\/fr\/wp-json\/wp\/v2\/product_cat?post=7430"},{"taxonomy":"product_tag","embeddable":true,"href":"https:\/\/arturf.com\/fr\/wp-json\/wp\/v2\/product_tag?post=7430"}],"curies":[{"name":"wp","href":"https:\/\/api.w.org\/{rel}","templated":true}]}}