{"id":7820,"date":"2019-01-14T02:16:13","date_gmt":"2019-01-14T02:16:13","guid":{"rendered":"https:\/\/arturf.com\/?post_type=product&#038;p=7820"},"modified":"2022-07-02T21:43:47","modified_gmt":"2022-07-02T13:43:47","slug":"self-adhesive-seam-tape","status":"publish","type":"product","link":"https:\/\/arturf.com\/fr\/product\/self-adhesive-seam-tape\/","title":{"rendered":"Ruban adh\u00e9sif auto-adh\u00e9sif"},"content":{"rendered":"<p>EasyTape est un ruban auto-adh\u00e9sif sensible \u00e0 la pression con\u00e7u pour les zones de loisirs. Avec l&#039;adh\u00e9sif et le ruban d\u00e9j\u00e0 combin\u00e9s, c&#039;est l&#039;option de couture la plus simple et la plus rapide.<\/p>\n\t<div class=\"img has-hover x md-x lg-x y md-y lg-y\" id=\"image_893087982\">\n\t\t\t\t\t\t\t\t<div class=\"img-inner dark\" >\n\t\t\t<img loading=\"lazy\" decoding=\"async\" width=\"1000\" height=\"574\" src=\"https:\/\/arturf.com\/wp-content\/uploads\/2019\/12\/ARTURF-self-adhesive-seam-tape-easy-install.jpg\" class=\"attachment-large size-large\" alt=\"\" srcset=\"https:\/\/arturf.com\/wp-content\/uploads\/2019\/12\/ARTURF-self-adhesive-seam-tape-easy-install.jpg 1000w, https:\/\/arturf.com\/wp-content\/uploads\/2019\/12\/ARTURF-self-adhesive-seam-tape-easy-install-300x172.jpg 300w, https:\/\/arturf.com\/wp-content\/uploads\/2019\/12\/ARTURF-self-adhesive-seam-tape-easy-install-768x441.jpg 768w, https:\/\/arturf.com\/wp-content\/uploads\/2019\/12\/ARTURF-self-adhesive-seam-tape-easy-install-18x10.jpg 18w, https:\/\/arturf.com\/wp-content\/uploads\/2019\/12\/ARTURF-self-adhesive-seam-tape-easy-install-510x293.jpg 510w\" sizes=\"auto, (max-width: 1000px) 100vw, 1000px\" \/>\t\t\t\t\t\t\n\t\t\t\t\t<\/div>\n\t\t\t\t\t\t\t\t\n<style>\n#image_893087982 {\n  width: 80%;\n}\n<\/style>\n\t<\/div>\n\t\n<h4><strong>M\u00e9thodes d&#039;application<\/strong><\/h4>\n<ul>\n<li style=\"list-style-type: none;\">\n<ul>\n<li class=\"bullet-checkmark bullet-arrow\">\u00c9talez le gazon artificiel en bandes parall\u00e8les pour que les bords se touchent.<\/li>\n<li class=\"bullet-checkmark bullet-arrow\">Pliez les bords en arri\u00e8re et installez le ruban entre les rouleaux o\u00f9 la couture sera pli\u00e9e, c\u00f4t\u00e9 adh\u00e9sif vers le haut.<\/li>\n<li class=\"bullet-checkmark bullet-arrow\">Repliez les bords sur du ruban adh\u00e9sif. Assurez-vous que les fibres d&#039;herbe ne touchent pas la surface de l&#039;adh\u00e9sif, appuyez fermement sur la couture.<\/li>\n<li class=\"bullet-checkmark bullet-arrow\">Laisser les coutures lest\u00e9es avec des planches ou similaires pendant 24 heures avant d&#039;utiliser la surface.<\/li>\n<\/ul>\n<\/li>\n<\/ul>\n<div class=\"row\"  id=\"row-1798806474\">\n\n\t<div id=\"col-1576076518\" class=\"col medium-6 small-12 large-6\"  >\n\t\t\t\t<div class=\"col-inner\"  >\n\t\t\t\n\t\t\t\n<div class=\"video video-fit mb\" style=\"padding-top:56.25%;\"><p><iframe loading=\"lazy\" title=\"Bande de couture auto-adh\u00e9sive pour l&#039;installation artificielle d&#039;herbe\" width=\"1020\" height=\"574\" src=\"https:\/\/www.youtube.com\/embed\/9cIFHRVDGTQ?feature=oembed\" frameborder=\"0\" allow=\"accelerometer; autoplay; clipboard-write; encrypted-media; gyroscope; picture-in-picture; web-share\" referrerpolicy=\"strict-origin-when-cross-origin\" allowfullscreen><\/iframe><\/p>\n<\/div>\n\t\t<\/div>\n\t\t\t\t\t<\/div>\n\n\t\n<\/div>\n\t<div id=\"gap-1036127109\" class=\"gap-element clearfix\" style=\"display:block; height:auto;\">\n\t\t\n<style>\n#gap-1036127109 {\n  padding-top: 30px;\n}\n<\/style>\n\t<\/div>\n\t\n<h4>Caract\u00e9ristiques du ruban adh\u00e9sif auto-adh\u00e9sif<\/h4>\n<ul>\n<li class=\"bullet-checkmark\">\u00a0<strong>Facile \u00e0 utiliser:<\/strong> La mani\u00e8re traditionnelle de joindre deux morceaux de gazon artificiel est d&#039;utiliser <a href=\"https:\/\/arturf.com\/fr\/product\/artificial-grass-adhesive\/\">adh\u00e9sif \/ colle<\/a> et <a href=\"https:\/\/arturf.com\/fr\/product\/artificial-grass-seaming-tape\/\">bande de couture<\/a>. Le ruban auto-adh\u00e9sif \u00e9conomise du travail et du temps. Il vous suffit de retirer le film PE et de coller \u00e0 l&#039;arri\u00e8re du tapis de sol synth\u00e9tique pour coudre le gazon.<\/li>\n<li class=\"bullet-checkmark\"><strong>Forte adh\u00e9rence:<\/strong> enduit d&#039;un adh\u00e9sif acrylique de qualit\u00e9 sup\u00e9rieure. Avec une forte adh\u00e9rence, des caract\u00e9ristiques antid\u00e9rapantes et imperm\u00e9ables.<\/li>\n<li class=\"bullet-checkmark\"><strong>Durable et durable:<\/strong> Apr\u00e8s avoir cousu le gazon artificiel, le ruban fonctionne pendant 6 \u00e0 8 ans. Excellentes propri\u00e9t\u00e9s d&#039;auto-adh\u00e9sivit\u00e9, pas de fuite facile en cours d&#039;utilisation, garantissant une longue dur\u00e9e de service.<\/li>\n<li class=\"bullet-checkmark\"><strong>Polyvalent:<\/strong> Id\u00e9al pour les applications paysag\u00e8res telles qu&#039;un patio, une d\u00e9coration de sol, un jardin, un jardin d&#039;enfants, un balcon, une entr\u00e9e et une zone pour chiens de compagnie.<\/li>\n<\/ul>\n\t<div class=\"img has-hover x md-x lg-x y md-y lg-y\" id=\"image_1110604685\">\n\t\t\t\t\t\t\t\t<div class=\"img-inner dark\" >\n\t\t\t<img loading=\"lazy\" decoding=\"async\" width=\"1500\" height=\"1500\" src=\"https:\/\/arturf.com\/wp-content\/uploads\/2019\/12\/Features-of-ARTURF-self-adhesive-seaming-tape.jpg\" class=\"attachment-original size-original\" alt=\"\" srcset=\"https:\/\/arturf.com\/wp-content\/uploads\/2019\/12\/Features-of-ARTURF-self-adhesive-seaming-tape.jpg 1500w, https:\/\/arturf.com\/wp-content\/uploads\/2019\/12\/Features-of-ARTURF-self-adhesive-seaming-tape-300x300.jpg 300w, https:\/\/arturf.com\/wp-content\/uploads\/2019\/12\/Features-of-ARTURF-self-adhesive-seaming-tape-1024x1024.jpg 1024w, https:\/\/arturf.com\/wp-content\/uploads\/2019\/12\/Features-of-ARTURF-self-adhesive-seaming-tape-768x768.jpg 768w, https:\/\/arturf.com\/wp-content\/uploads\/2019\/12\/Features-of-ARTURF-self-adhesive-seaming-tape-12x12.jpg 12w, https:\/\/arturf.com\/wp-content\/uploads\/2019\/12\/Features-of-ARTURF-self-adhesive-seaming-tape-510x510.jpg 510w, https:\/\/arturf.com\/wp-content\/uploads\/2019\/12\/Features-of-ARTURF-self-adhesive-seaming-tape-100x100.jpg 100w\" sizes=\"auto, (max-width: 1500px) 100vw, 1500px\" \/>\t\t\t\t\t\t\n\t\t\t\t\t<\/div>\n\t\t\t\t\t\t\t\t\n<style>\n#image_1110604685 {\n  width: 75%;\n}\n<\/style>\n\t<\/div>","protected":false},"excerpt":{"rendered":"<p>Notre ruban adh\u00e9sif auto-adh\u00e9sif (EasyTape) est adh\u00e9sif inclus \/ pr\u00e9-enduit. Il est tr\u00e8s pratique \u00e0 utiliser, id\u00e9al pour les applications paysag\u00e8res telles qu&#039;un patio, une d\u00e9coration de sol, un jardin, un jardin d&#039;enfants, un balcon, une entr\u00e9e et une zone pour chiens de compagnie.<\/p>\n<p>Le ruban adh\u00e9sif auto-adh\u00e9sif est facile \u00e0 utiliser et emball\u00e9 sous forme de rouleau individuel.<\/p>","protected":false},"featured_media":7822,"template":"","meta":{"_seopress_robots_primary_cat":"","_seopress_titles_title":"","_seopress_titles_desc":"Our self-adhesive seam tape \u2018TURF-FIX\u2019 is adhesive included\/pre-coated. It is very convenient to use, Ideal for landscape applications.","_seopress_robots_index":""},"product_brand":[],"product_cat":[66],"product_tag":[],"class_list":{"0":"post-7820","1":"product","2":"type-product","3":"status-publish","4":"has-post-thumbnail","6":"product_cat-accessories","8":"first","9":"instock","10":"shipping-taxable","11":"product-type-simple"},"_links":{"self":[{"href":"https:\/\/arturf.com\/fr\/wp-json\/wp\/v2\/product\/7820","targetHints":{"allow":["GET"]}}],"collection":[{"href":"https:\/\/arturf.com\/fr\/wp-json\/wp\/v2\/product"}],"about":[{"href":"https:\/\/arturf.com\/fr\/wp-json\/wp\/v2\/types\/product"}],"wp:featuredmedia":[{"embeddable":true,"href":"https:\/\/arturf.com\/fr\/wp-json\/wp\/v2\/media\/7822"}],"wp:attachment":[{"href":"https:\/\/arturf.com\/fr\/wp-json\/wp\/v2\/media?parent=7820"}],"wp:term":[{"taxonomy":"product_brand","embeddable":true,"href":"https:\/\/arturf.com\/fr\/wp-json\/wp\/v2\/product_brand?post=7820"},{"taxonomy":"product_cat","embeddable":true,"href":"https:\/\/arturf.com\/fr\/wp-json\/wp\/v2\/product_cat?post=7820"},{"taxonomy":"product_tag","embeddable":true,"href":"https:\/\/arturf.com\/fr\/wp-json\/wp\/v2\/product_tag?post=7820"}],"curies":[{"name":"wp","href":"https:\/\/api.w.org\/{rel}","templated":true}]}}