{"id":8372,"date":"2019-02-02T04:32:49","date_gmt":"2019-02-02T04:32:49","guid":{"rendered":"https:\/\/arturf.com\/?post_type=product&#038;p=8372"},"modified":"2021-09-01T11:07:37","modified_gmt":"2021-09-01T03:07:37","slug":"nail-staple","status":"publish","type":"product","link":"https:\/\/arturf.com\/fr\/product\/nail-staple\/","title":{"rendered":"Clou \/ Agrafe"},"content":{"rendered":"<h3>Clou d&#039;herbe artificielle<\/h3>\n<p>Des clous sont utilis\u00e9s pour s\u00e9curiser le p\u00e9rim\u00e8tre et le terrain d&#039;une installation de gazon artificiel. Le but principal des clous pour gazon artificiel est de maintenir le gazon en place tout en r\u00e9sistant au glissement et au levage. En m\u00eame temps, il peut r\u00e9duire la dilatation thermique et le retrait \u00e0 froid du gazon artificiel.<\/p>\n<p><em>Remarque : vous devez utiliser <a href=\"https:\/\/arturf.com\/fr\/product\/artificial-grass-seaming-tape\/\">bande de couture<\/a> et <a href=\"https:\/\/arturf.com\/fr\/product\/artificial-grass-adhesive\/\">adh\u00e9sif<\/a> pour joindre l&#039;herbe ensemble d&#039;abord.<\/em><\/p>\n<p><strong>Technologie de traitement\u00a0:\u00a0<\/strong>Electro-galvanisation<br \/><strong>Longueur: <\/strong>15 cm (recommand\u00e9), 20 cm \/ (6 pouces, 8 pouces)<br \/><strong>=<\/strong>5,0 mm, 5,8 mm<\/p>\n<h3>Agrafe d&#039;herbe artificielle (U-Pin)<\/h3>\n<p>Les agrafes de gazon artificiel sont utilis\u00e9es dans le processus d&#039;installation en remplacement de la colle et du ruban de couture. Staples fait gagner du temps lors du processus d&#039;installation.<\/p>\n<p><strong>Technologie de traitement\u00a0: <\/strong>Electro-galvanisation<br \/><strong>Longueur:<\/strong> 15 cm (6 pouces)<br \/><strong>=<\/strong>2,8 mm, 3,0 mm<\/p>\n<h4><em>Lectures compl\u00e9mentaires : Agrafes ou colle ? Quelle est la meilleure solution ?<\/em><\/h4>\n<p><em>Nous vous recommandons d&#039;utiliser du ruban adh\u00e9sif et de la colle pour joindre d&#039;abord les gazons artificiels. Ensuite, si la base n&#039;est pas en b\u00e9ton, et n&#039;a pas beaucoup de gravier et de pierres, vous pouvez utiliser des clous pour s\u00e9curiser le p\u00e9rim\u00e8tre et le terrain d&#039;une installation de gazon artificiel.<\/em><\/p>\n<p><em>Si la base impliquant des mat\u00e9riaux de sous-couche plus durs, les agrafes se plieront en raison des caract\u00e9ristiques non pliables de la sous-couche et provoqueront par la suite le d\u00e9placement du joint de gazon artificiel, les joints seront alors visibles \u00e0 l&#039;\u0153il nu.<\/em><\/p>\n\n\t<section class=\"section\" id=\"section_1962545941\">\n\t\t<div class=\"section-bg fill\" >\n\t\t\t\t\t\t\t\t\t\n\t\t\t\n\n\t\t<\/div>\n\n\t\t\n\n\t\t<div class=\"section-content relative\">\n\t\t\t\n\n<div class=\"row\"  id=\"row-571282600\">\n\n\n\t<div id=\"col-1964054014\" class=\"col small-12 large-12\"  >\n\t\t\t\t<div class=\"col-inner text-center\"  >\n\t\t\t\n\t\t\t\n\n<h2>FAQ<\/h2>\n\n\t\t<\/div>\n\t\t\t\t\t<\/div>\n\n\t\n\n<\/div>\n<div class=\"row align-center row-box-shadow-1\"  id=\"row-1629427890\">\n\n\n\t<div id=\"col-641920581\" class=\"col medium-10 small-12 large-9\"  >\n\t\t\t\t<div class=\"col-inner\" style=\"background-color:rgb(255,255,255);\" >\n\t\t\t\n\t\t\t\n\n<div class=\"accordion\">\n\n\t<div id=\"accordion-2883503773\" class=\"accordion-item\">\n\t\t<a id=\"accordion-2883503773-label\" class=\"accordion-title plain\" href=\"#accordion-item-can-you-customize-specifications-for-your-artificial-turf-products?\" aria-expanded=\"false\" aria-controls=\"accordion-2883503773-content\">\n\t\t\t<button class=\"toggle\" aria-label=\"Basculer\"><i class=\"icon-angle-down\" aria-hidden=\"true\"><\/i><\/button>\n\t\t\t<span>Pouvez-vous personnaliser les sp\u00e9cifications de vos produits de gazon artificiel ?<\/span>\n\t\t<\/a>\n\t\t<div id=\"accordion-2883503773-content\" class=\"accordion-inner\" aria-labelledby=\"accordion-2883503773-label\">\n\t\t\t\n\n<p>Oui, nous proposons des options de personnalisation pour la couleur, la forme du fil, la hauteur du poil, la densit\u00e9 et le support. Nous pouvons \u00e9galement produire selon un \u00e9chantillon fourni.<\/p>\n\n\t\t<\/div>\n\t<\/div>\n\t\n\t<div id=\"accordion-1657360728\" class=\"accordion-item\">\n\t\t<a id=\"accordion-1657360728-label\" class=\"accordion-title plain\" href=\"#accordion-item-do-you-have-stock?\" aria-expanded=\"false\" aria-controls=\"accordion-1657360728-content\">\n\t\t\t<button class=\"toggle\" aria-label=\"Basculer\"><i class=\"icon-angle-down\" aria-hidden=\"true\"><\/i><\/button>\n\t\t\t<span>Avez-vous des stocks?<\/span>\n\t\t<\/a>\n\t\t<div id=\"accordion-1657360728-content\" class=\"accordion-inner\" aria-labelledby=\"accordion-1657360728-label\">\n\t\t\t\n\n<p>Non, nous ne gardons pas de stock. Nous commen\u00e7ons la production sur la base de commandes sp\u00e9cifiques.<\/p>\n\n\t\t<\/div>\n\t<\/div>\n\t\n\t<div id=\"accordion-1003981874\" class=\"accordion-item\">\n\t\t<a id=\"accordion-1003981874-label\" class=\"accordion-title plain\" href=\"#accordion-item-what-is-your-moq?\" aria-expanded=\"false\" aria-controls=\"accordion-1003981874-content\">\n\t\t\t<button class=\"toggle\" aria-label=\"Basculer\"><i class=\"icon-angle-down\" aria-hidden=\"true\"><\/i><\/button>\n\t\t\t<span>Quel est votre MOQ?<\/span>\n\t\t<\/a>\n\t\t<div id=\"accordion-1003981874-content\" class=\"accordion-inner\" aria-labelledby=\"accordion-1003981874-label\">\n\t\t\t\n\n<p>Pour la plupart des gazons artificiels, notre quantit\u00e9 minimum de commande (MOQ) est de 500 m\u00e8tres carr\u00e9s. Pour certains produits l\u00e9gers, le MOQ est de 800 m\u00e8tres carr\u00e9s.<\/p>\n\n\t\t<\/div>\n\t<\/div>\n\t\n\t<div id=\"accordion-2277333496\" class=\"accordion-item\">\n\t\t<a id=\"accordion-2277333496-label\" class=\"accordion-title plain\" href=\"#accordion-item-what-are-the-width-and-length-options-for-artificial-grass?\" aria-expanded=\"false\" aria-controls=\"accordion-2277333496-content\">\n\t\t\t<button class=\"toggle\" aria-label=\"Basculer\"><i class=\"icon-angle-down\" aria-hidden=\"true\"><\/i><\/button>\n\t\t\t<span>Quelles sont les options de largeur et de longueur pour le gazon artificiel ?<\/span>\n\t\t<\/a>\n\t\t<div id=\"accordion-2277333496-content\" class=\"accordion-inner\" aria-labelledby=\"accordion-2277333496-label\">\n\t\t\t\n\n<p>Nos options de largeur courantes sont de 2 m, 3,75 m, 3,95 m, 4 m et 5 m. La longueur peut \u00eatre personnalis\u00e9e en fonction des exigences sp\u00e9cifiques de votre projet. Par d\u00e9faut, nous m\u00e9langeons du gazon de 4 m de large et de 2 m de large pour optimiser l&#039;espace du conteneur.<\/p>\n\n\t\t<\/div>\n\t<\/div>\n\t\n\t<div id=\"accordion-2428677721\" class=\"accordion-item\">\n\t\t<a id=\"accordion-2428677721-label\" class=\"accordion-title plain\" href=\"#accordion-item-what-information-do-you-need-to-provide-the-landed-cost-for-international-customers?\" aria-expanded=\"false\" aria-controls=\"accordion-2428677721-content\">\n\t\t\t<button class=\"toggle\" aria-label=\"Basculer\"><i class=\"icon-angle-down\" aria-hidden=\"true\"><\/i><\/button>\n\t\t\t<span>De quelles informations avez-vous besoin pour fournir le co\u00fbt au d\u00e9barquement pour les clients internationaux\u00a0?<\/span>\n\t\t<\/a>\n\t\t<div id=\"accordion-2428677721-content\" class=\"accordion-inner\" aria-labelledby=\"accordion-2428677721-label\">\n\t\t\t\n\n<p>Pour fournir le co\u00fbt au d\u00e9barquement, nous avons besoin d&#039;informations sur les d\u00e9tails du produit, la quantit\u00e9 et le port maritime de destination.<\/p>\n\n\t\t<\/div>\n\t<\/div>\n\t\n\n<\/div>\n\n\t\t<\/div>\n\t\t\t\t\t<\/div>\n\n\t\n\n\n<style>\n#row-1629427890 > .col > .col-inner {\n  padding: 0px 0px 0px 0px;\n}\n@media (min-width:550px) {\n  #row-1629427890 > .col > .col-inner {\n    padding: 30px 30px 30px 30px;\n  }\n}\n<\/style>\n<\/div>\n\n\t\t<\/div>\n\n\t\t\n<style>\n#section_1962545941 {\n  padding-top: 60px;\n  padding-bottom: 60px;\n}\n<\/style>\n\t<\/section>\n\t\n<div class=\"row align-center\"  id=\"row-282130101\">\n\n\n\t<div id=\"col-1892189419\" class=\"col medium-4 large-4\"  >\n\t\t\t\t<div class=\"col-inner\"  >\n\t\t\t\n\t<div class=\"is-border\"\n\t\tstyle=\"border-width:0px 0px 0px 0px;\">\n\t<\/div>\n\t\t\t\n\n\n\t\t<div class=\"icon-box featured-box icon-box-center text-center\"  style=\"margin:0px 0px 0px 0px;\">\n\t\t\t\t\t<div class=\"icon-box-img has-icon-bg\" style=\"width: 100px\">\n\t\t\t\t<div class=\"icon\">\n\t\t\t\t\t<div class=\"icon-inner\" style=\"border-width:2px;color:rgba(47, 159, 18, 0.88);\">\n\t\t\t\t\t\t<img loading=\"lazy\" decoding=\"async\" width=\"100\" height=\"100\" src=\"https:\/\/arturf.com\/wp-content\/uploads\/2018\/06\/Icon-Good-quality.png\" class=\"attachment-medium size-medium\" alt=\"\" srcset=\"https:\/\/arturf.com\/wp-content\/uploads\/2018\/06\/Icon-Good-quality.png 100w, https:\/\/arturf.com\/wp-content\/uploads\/2018\/06\/Icon-Good-quality-12x12.png 12w\" sizes=\"auto, (max-width: 100px) 100vw, 100px\" \/>\t\t\t\t\t<\/div>\n\t\t\t\t<\/div>\n\t\t\t<\/div>\n\t\t\t\t<div class=\"icon-box-text last-reset\">\n\t\t\t<h5 class=\"uppercase\">Qualit\u00e9 \u00e9prouv\u00e9e<\/h5>\t\t\t\t\t\t\n\n<p>Gazon artificiel de qualit\u00e9 sup\u00e9rieure avec r\u00e9sistance aux UV et \u00e0 l&#039;usure. Des garanties solides assurent une satisfaction durable.<\/p>\n\n\t\t<\/div>\n\t<\/div>\n\t\n\t\n\n\t\t<\/div>\n\t\t\t\t\t<\/div>\n\n\t\n\n\t<div id=\"col-346610530\" class=\"col medium-4 large-4\"  >\n\t\t\t\t<div class=\"col-inner\"  >\n\t\t\t\n\t<div class=\"is-border\"\n\t\tstyle=\"border-width:0px 0px 0px 0px;\">\n\t<\/div>\n\t\t\t\n\n\n\t\t<div class=\"icon-box featured-box icon-box-center text-center\"  style=\"margin:0px 0px 0px 0px;\">\n\t\t\t\t\t<div class=\"icon-box-img has-icon-bg\" style=\"width: 100px\">\n\t\t\t\t<div class=\"icon\">\n\t\t\t\t\t<div class=\"icon-inner\" style=\"border-width:2px;color:rgba(47, 159, 18, 0.88);\">\n\t\t\t\t\t\t<img loading=\"lazy\" decoding=\"async\" width=\"100\" height=\"100\" src=\"https:\/\/arturf.com\/wp-content\/uploads\/2018\/06\/Icon-Good-price.png\" class=\"attachment-medium size-medium\" alt=\"\" srcset=\"https:\/\/arturf.com\/wp-content\/uploads\/2018\/06\/Icon-Good-price.png 100w, https:\/\/arturf.com\/wp-content\/uploads\/2018\/06\/Icon-Good-price-12x12.png 12w\" sizes=\"auto, (max-width: 100px) 100vw, 100px\" \/>\t\t\t\t\t<\/div>\n\t\t\t\t<\/div>\n\t\t\t<\/div>\n\t\t\t\t<div class=\"icon-box-text last-reset\">\n\t\t\t<h5 class=\"uppercase\">Des prix comp\u00e9titifs<\/h5>\t\t\t\t\t\t\n\n<p>Nous offrons des prix comp\u00e9titifs, favorisant la croissance mutuelle et le succ\u00e8s \u00e0 long terme avec nos revendeurs estim\u00e9s.<\/p>\n\n\t\t<\/div>\n\t<\/div>\n\t\n\t\n\n\t\t<\/div>\n\t\t\t\t\t<\/div>\n\n\t\n\n\t<div id=\"col-169474296\" class=\"col medium-4 large-4\"  >\n\t\t\t\t<div class=\"col-inner\"  >\n\t\t\t\n\t<div class=\"is-border\"\n\t\tstyle=\"border-width:0px 0px 0px 0px;\">\n\t<\/div>\n\t\t\t\n\n\n\t\t<div class=\"icon-box featured-box icon-box-center text-center\"  style=\"margin:0px 0px 0px 0px;\">\n\t\t\t\t\t<div class=\"icon-box-img has-icon-bg\" style=\"width: 100px\">\n\t\t\t\t<div class=\"icon\">\n\t\t\t\t\t<div class=\"icon-inner\" style=\"border-width:2px;color:rgba(47, 159, 18, 0.88);\">\n\t\t\t\t\t\t<img loading=\"lazy\" decoding=\"async\" width=\"100\" height=\"100\" src=\"https:\/\/arturf.com\/wp-content\/uploads\/2018\/06\/Icon-tailor-made.png\" class=\"attachment-medium size-medium\" alt=\"\" srcset=\"https:\/\/arturf.com\/wp-content\/uploads\/2018\/06\/Icon-tailor-made.png 100w, https:\/\/arturf.com\/wp-content\/uploads\/2018\/06\/Icon-tailor-made-12x12.png 12w\" sizes=\"auto, (max-width: 100px) 100vw, 100px\" \/>\t\t\t\t\t<\/div>\n\t\t\t\t<\/div>\n\t\t\t<\/div>\n\t\t\t\t<div class=\"icon-box-text last-reset\">\n\t\t\t<h5 class=\"uppercase\">Solutions personnalis\u00e9es<\/h5>\t\t\t\t\t\t\n\n<p>Lib\u00e9rez le potentiel du march\u00e9 avec diverses options de gazon artificiel. <a href=\"https:\/\/arturf.com\/fr\/buyers-guide\/customized-artificial-grass-products\/\">Adapt\u00e9 aux besoins ou aux \u00e9chantillons uniques<\/a>.<\/p>\n\n\t\t<\/div>\n\t<\/div>\n\t\n\t\n\n\t\t<\/div>\n\t\t\t\t\t<\/div>\n\n\t\n\n<\/div>","protected":false},"excerpt":{"rendered":"<p>Des clous ou des agrafes pour fixer le gazon artificiel \u00e0 la sous-base. Ils sont faciles \u00e0 utiliser et aideront \u00e0 ancrer le gazon synth\u00e9tique au sol. Nos clous et agrafes galvanis\u00e9s am\u00e9lioreront la r\u00e9sistance et la durabilit\u00e9 des joints de gazon artificiel et am\u00e9lioreront la stabilit\u00e9 de la surface du gazon artificiel.<\/p>","protected":false},"featured_media":15598,"template":"","meta":{"_seopress_robots_primary_cat":"","_seopress_titles_title":"","_seopress_titles_desc":"","_seopress_robots_index":""},"product_brand":[],"product_cat":[66],"product_tag":[],"class_list":{"0":"post-8372","1":"product","2":"type-product","3":"status-publish","4":"has-post-thumbnail","6":"product_cat-accessories","8":"first","9":"instock","10":"shipping-taxable","11":"product-type-simple"},"_links":{"self":[{"href":"https:\/\/arturf.com\/fr\/wp-json\/wp\/v2\/product\/8372","targetHints":{"allow":["GET"]}}],"collection":[{"href":"https:\/\/arturf.com\/fr\/wp-json\/wp\/v2\/product"}],"about":[{"href":"https:\/\/arturf.com\/fr\/wp-json\/wp\/v2\/types\/product"}],"wp:featuredmedia":[{"embeddable":true,"href":"https:\/\/arturf.com\/fr\/wp-json\/wp\/v2\/media\/15598"}],"wp:attachment":[{"href":"https:\/\/arturf.com\/fr\/wp-json\/wp\/v2\/media?parent=8372"}],"wp:term":[{"taxonomy":"product_brand","embeddable":true,"href":"https:\/\/arturf.com\/fr\/wp-json\/wp\/v2\/product_brand?post=8372"},{"taxonomy":"product_cat","embeddable":true,"href":"https:\/\/arturf.com\/fr\/wp-json\/wp\/v2\/product_cat?post=8372"},{"taxonomy":"product_tag","embeddable":true,"href":"https:\/\/arturf.com\/fr\/wp-json\/wp\/v2\/product_tag?post=8372"}],"curies":[{"name":"wp","href":"https:\/\/api.w.org\/{rel}","templated":true}]}}