{"id":18911,"date":"2023-07-08T18:19:01","date_gmt":"2023-07-08T10:19:01","guid":{"rendered":"https:\/\/arturf.com\/?page_id=18911"},"modified":"2023-07-10T15:10:33","modified_gmt":"2023-07-10T07:10:33","slug":"quality-assurance","status":"publish","type":"page","link":"https:\/\/arturf.com\/it\/about\/quality-assurance\/","title":{"rendered":"Garanzia di qualit\u00e0"},"content":{"rendered":"<section class=\"section\" id=\"section_2066144049\">\n\t\t<div class=\"section-bg fill\" >\n\t\t\t<img loading=\"lazy\" decoding=\"async\" width=\"1440\" height=\"500\" src=\"https:\/\/arturf.com\/wp-content\/uploads\/2023\/07\/Artificial-Turf-Durability-Testing.webp\" class=\"bg attachment-1536x1536 size-1536x1536\" alt=\"Qualit\u00e0\" \/>\t\t\t\t\t\t\n\t\t\t\n\n\t\t<\/div>\n\n\t\t\n\n\t\t<div class=\"section-content relative\">\n\t\t\t\n\n<div class=\"row\" style=\"max-width:1200px\" id=\"row-1668168182\">\n\n\n\t<div id=\"col-839085693\" class=\"col medium-5 small-12 large-5\"  >\n\t\t\t\t<div class=\"col-inner\"  >\n\t\t\t\n\t\t\t\n\n\t<div id=\"gap-1839494636\" class=\"gap-element clearfix\" style=\"display:block; height:auto;\">\n\t\t\n<style>\n#gap-1839494636 {\n  padding-top: 0px;\n}\n@media (min-width:850px) {\n  #gap-1839494636 {\n    padding-top: 30px;\n  }\n}\n<\/style>\n\t<\/div>\n\t\n\n\n\t\t<\/div>\n\t\t\t\t\t<\/div>\n\n\t\n\n\t<div id=\"col-1731047203\" class=\"col medium-12 small-12 large-7\"  >\n\t\t\t\t<div class=\"col-inner\"  >\n\t\t\t\n\t\t\t\n\n\t<div id=\"gap-1069329872\" class=\"gap-element clearfix\" style=\"display:block; height:auto;\">\n\t\t\n<style>\n#gap-1069329872 {\n  padding-top: 30px;\n}\n<\/style>\n\t<\/div>\n\t\n\n\t<div id=\"text-3406455379\" class=\"text\">\n\t\t\n\n<h1>Garanzia di qualit\u00e0<\/h1>\n\t\t\n<style>\n#text-3406455379 {\n  font-size: 2.5rem;\n  color: rgb(255,255,255);\n}\n#text-3406455379 > * {\n  color: rgb(255,255,255);\n}\n@media (min-width:550px) {\n  #text-3406455379 {\n    font-size: 2rem;\n  }\n}\n<\/style>\n\t<\/div>\n\t\n\n\t\t<\/div>\n\t\t\t\t\n<style>\n#col-1731047203 > .col-inner {\n  padding: 0px 0px 0px 0;\n}\n@media (min-width:550px) {\n  #col-1731047203 > .col-inner {\n    padding: 0px 0px 0px 30px;\n  }\n}\n<\/style>\n\t<\/div>\n\n\t\n\n<\/div>\n\n\t\t<\/div>\n\n\t\t\n<style>\n#section_2066144049 {\n  padding-top: 30px;\n  padding-bottom: 30px;\n  min-height: 300px;\n}\n#section_2066144049 .section-bg img {\n  object-position: left;\n}\n@media (min-width:550px) {\n  #section_2066144049 {\n    min-height: 450px;\n  }\n}\n@media (min-width:850px) {\n  #section_2066144049 {\n    min-height: 500px;\n  }\n}\n<\/style>\n\t<\/section>\n\t\n<div class=\"row\" style=\"max-width:1200px\" id=\"row-1299454660\">\n\n\n\t<div id=\"col-1624863410\" class=\"col medium-12 small-12 large-5\"  >\n\t\t\t\t<div class=\"col-inner\"  >\n\t\t\t\n\t\t\t\n\n\n  <div class=\"banner has-hover\" id=\"banner-256923309\">\n          <div class=\"banner-inner fill\">\n        <div class=\"banner-bg fill\" >\n            <img loading=\"lazy\" decoding=\"async\" width=\"780\" height=\"844\" src=\"https:\/\/arturf.com\/wp-content\/uploads\/2023\/07\/Artificial-Turf-Fiber-Tensile-Test.jpg\" class=\"bg attachment-large size-large\" alt=\"Qualit\u00e0\" \/>                                    \n                    <\/div>\n\t\t\n        <div class=\"banner-layers container\">\n            <div class=\"fill banner-link\"><\/div>            \n\n\n        <\/div>\n      <\/div>\n\n            \n<style>\n#banner-256923309 {\n  padding-top: 300px;\n  background-color: rgb(255, 255, 255);\n}\n#banner-256923309 .banner-bg img {\n  object-position: 50% 56%;\n}\n@media (min-width:550px) {\n  #banner-256923309 {\n    padding-top: 500px;\n  }\n}\n@media (min-width:850px) {\n  #banner-256923309 {\n    padding-top: 650px;\n  }\n}\n<\/style>\n  <\/div>\n\n\n\t<div id=\"gap-462976801\" class=\"gap-element clearfix\" style=\"display:block; height:auto;\">\n\t\t\n<style>\n#gap-462976801 {\n  padding-top: 0px;\n}\n@media (min-width:850px) {\n  #gap-462976801 {\n    padding-top: 50px;\n  }\n}\n<\/style>\n\t<\/div>\n\t\n\n\n\t\t<\/div>\n\t\t\t\t\n<style>\n#col-1624863410 > .col-inner {\n  margin: -100px 0px 0px 0px;\n}\n@media (min-width:550px) {\n  #col-1624863410 > .col-inner {\n    margin: -150px 0px 0px 0px;\n  }\n}\n@media (min-width:850px) {\n  #col-1624863410 > .col-inner {\n    margin: -400px 0px 0px 0px;\n  }\n}\n<\/style>\n\t<\/div>\n\n\t\n\n\t<div id=\"col-1927148617\" class=\"col medium-11 small-12 large-7\"  >\n\t\t\t\t<div class=\"col-inner\"  >\n\t\t\t\n\t\t\t\n\n\t<div id=\"gap-870125985\" class=\"gap-element clearfix\" style=\"display:block; height:auto;\">\n\t\t\n<style>\n#gap-870125985 {\n  padding-top: 30px;\n}\n<\/style>\n\t<\/div>\n\t\n\n<p>In Arturf, siamo estremamente orgogliosi di essere uno dei principali produttori di erba sintetica in Cina, impegnati a fornire prodotti di alta qualit\u00e0 che superino le aspettative dei clienti. La nostra dedizione alla garanzia della qualit\u00e0 \u00e8 radicata in ogni fase del nostro processo di produzione. Dalla selezione delle migliori materie prime all&#039;implementazione di rigorosi protocolli di test, non lasciamo nulla di intentato per garantire che il nostro prato artificiale si distingua in termini di durata, estetica e prestazioni.<\/p>\n\n\t\t<\/div>\n\t\t\t\t\n<style>\n#col-1927148617 > .col-inner {\n  padding: 0px 0px 0px 0;\n}\n@media (min-width:550px) {\n  #col-1927148617 > .col-inner {\n    padding: 0px 0px 0px 30px;\n  }\n}\n<\/style>\n\t<\/div>\n\n\t\n\n<\/div>\n\n\t<section class=\"section\" id=\"section_323275223\">\n\t\t<div class=\"section-bg fill\" >\n\t\t\t\t\t\t\t\t\t\n\t\t\t\n\n\t\t<\/div>\n\n\t\t\n\n\t\t<div class=\"section-content relative\">\n\t\t\t\n\n<div class=\"row\" style=\"max-width:1200px\" id=\"row-609223760\">\n\n\n\t<div id=\"col-1860130681\" class=\"col small-12 large-12\"  >\n\t\t\t\t<div class=\"col-inner\"  >\n\t\t\t\n\t\t\t\n\n\t<div id=\"text-2888108278\" class=\"text\">\n\t\t\n\n<h3>Il nostro impegno per l&#039;eccellenza<\/h3>\n\t\t\n<style>\n#text-2888108278 {\n  font-size: 1.75rem;\n  text-align: center;\n}\n<\/style>\n\t<\/div>\n\t\n\n\t\t<\/div>\n\t\t\t\t\t<\/div>\n\n\t\n\n<\/div>\n<div class=\"row row-large row-solid\" style=\"max-width:1200px\" id=\"row-179622642\">\n\n\n\t<div id=\"col-964663422\" class=\"col medium-10 small-12 large-6\"  >\n\t\t\t\t<div class=\"col-inner\"  >\n\t\t\t\n\t\t\t\n\n\n\t\t<div class=\"icon-box featured-box icon-box-left text-left\"  >\n\t\t\t\t\t<div class=\"icon-box-img\" style=\"width: 69px\">\n\t\t\t\t<div class=\"icon\">\n\t\t\t\t\t<div class=\"icon-inner\" >\n\t\t\t\t\t\t<img loading=\"lazy\" decoding=\"async\" width=\"120\" height=\"120\" src=\"https:\/\/arturf.com\/wp-content\/uploads\/2023\/07\/check-line.png\" class=\"attachment-medium size-medium\" alt=\"Qualit\u00e0\" srcset=\"https:\/\/arturf.com\/wp-content\/uploads\/2023\/07\/check-line.png 120w, https:\/\/arturf.com\/wp-content\/uploads\/2023\/07\/check-line-12x12.png 12w, https:\/\/arturf.com\/wp-content\/uploads\/2023\/07\/check-line-100x100.png 100w\" sizes=\"auto, (max-width: 120px) 100vw, 120px\" \/>\t\t\t\t\t<\/div>\n\t\t\t\t<\/div>\n\t\t\t<\/div>\n\t\t\t\t<div class=\"icon-box-text last-reset\">\n\t\t\t\t\t\t\t\t\t\n\n<h4>Materiali di prima qualit\u00e0<\/h4>\n<p>I materiali di alta qualit\u00e0, meticolosamente selezionati, garantiscono qualit\u00e0 superiore, durata e resistenza all&#039;usura, ai raggi UV e ai fattori ambientali.<\/p>\n\n\t\t<\/div>\n\t<\/div>\n\t\n\t\n\t<div id=\"gap-221443880\" class=\"gap-element clearfix\" style=\"display:block; height:auto;\">\n\t\t\n<style>\n#gap-221443880 {\n  padding-top: 30px;\n}\n<\/style>\n\t<\/div>\n\t\n\n\n\t\t<div class=\"icon-box featured-box icon-box-left text-left\"  >\n\t\t\t\t\t<div class=\"icon-box-img\" style=\"width: 69px\">\n\t\t\t\t<div class=\"icon\">\n\t\t\t\t\t<div class=\"icon-inner\" >\n\t\t\t\t\t\t<img loading=\"lazy\" decoding=\"async\" width=\"120\" height=\"120\" src=\"https:\/\/arturf.com\/wp-content\/uploads\/2023\/07\/check-line.png\" class=\"attachment-medium size-medium\" alt=\"Qualit\u00e0\" srcset=\"https:\/\/arturf.com\/wp-content\/uploads\/2023\/07\/check-line.png 120w, https:\/\/arturf.com\/wp-content\/uploads\/2023\/07\/check-line-12x12.png 12w, https:\/\/arturf.com\/wp-content\/uploads\/2023\/07\/check-line-100x100.png 100w\" sizes=\"auto, (max-width: 120px) 100vw, 120px\" \/>\t\t\t\t\t<\/div>\n\t\t\t\t<\/div>\n\t\t\t<\/div>\n\t\t\t\t<div class=\"icon-box-text last-reset\">\n\t\t\t\t\t\t\t\t\t\n\n<h4>Macchinari all&#039;avanguardia<\/h4>\n<p>Fabbrica di erba artificiale all&#039;avanguardia con macchine avanzate per l&#039;estrusione, il tufting e il rivestimento, leader nella tecnologia e nell&#039;innovazione.<\/p>\n\n\t\t<\/div>\n\t<\/div>\n\t\n\t\n\t<div id=\"gap-243935998\" class=\"gap-element clearfix\" style=\"display:block; height:auto;\">\n\t\t\n<style>\n#gap-243935998 {\n  padding-top: 30px;\n}\n<\/style>\n\t<\/div>\n\t\n\n\n\t\t<div class=\"icon-box featured-box icon-box-left text-left\"  >\n\t\t\t\t\t<div class=\"icon-box-img\" style=\"width: 69px\">\n\t\t\t\t<div class=\"icon\">\n\t\t\t\t\t<div class=\"icon-inner\" >\n\t\t\t\t\t\t<img loading=\"lazy\" decoding=\"async\" width=\"120\" height=\"120\" src=\"https:\/\/arturf.com\/wp-content\/uploads\/2023\/07\/check-line.png\" class=\"attachment-medium size-medium\" alt=\"Qualit\u00e0\" srcset=\"https:\/\/arturf.com\/wp-content\/uploads\/2023\/07\/check-line.png 120w, https:\/\/arturf.com\/wp-content\/uploads\/2023\/07\/check-line-12x12.png 12w, https:\/\/arturf.com\/wp-content\/uploads\/2023\/07\/check-line-100x100.png 100w\" sizes=\"auto, (max-width: 120px) 100vw, 120px\" \/>\t\t\t\t\t<\/div>\n\t\t\t\t<\/div>\n\t\t\t<\/div>\n\t\t\t\t<div class=\"icon-box-text last-reset\">\n\t\t\t\t\t\t\t\t\t\n\n<h4>Artigiano esperto<\/h4>\n<p>Tecnici di grande esperienza garantiscono un&#039;eccezionale attenzione ai dettagli e l&#039;eccellenza in ogni prodotto, sfruttando la profonda esperienza nella produzione di erba sintetica.<\/p>\n\n\t\t<\/div>\n\t<\/div>\n\t\n\t\n\t<div id=\"gap-508947594\" class=\"gap-element clearfix\" style=\"display:block; height:auto;\">\n\t\t\n<style>\n#gap-508947594 {\n  padding-top: 30px;\n}\n<\/style>\n\t<\/div>\n\t\n\n\n\t\t<\/div>\n\t\t\t\t\n<style>\n#col-964663422 > .col-inner {\n  padding: 0px 0 0px 0px;\n}\n@media (min-width:850px) {\n  #col-964663422 > .col-inner {\n    padding: 0px 40px 0px 0px;\n  }\n}\n<\/style>\n\t<\/div>\n\n\t\n\n\t<div id=\"col-1481048405\" class=\"col medium-10 small-12 large-6\"  >\n\t\t\t\t<div class=\"col-inner\"  >\n\t\t\t\n\t\t\t\n\n\n\t\t<div class=\"icon-box featured-box icon-box-left text-left\"  >\n\t\t\t\t\t<div class=\"icon-box-img\" style=\"width: 69px\">\n\t\t\t\t<div class=\"icon\">\n\t\t\t\t\t<div class=\"icon-inner\" >\n\t\t\t\t\t\t<img loading=\"lazy\" decoding=\"async\" width=\"120\" height=\"120\" src=\"https:\/\/arturf.com\/wp-content\/uploads\/2023\/07\/check-line.png\" class=\"attachment-medium size-medium\" alt=\"Qualit\u00e0\" srcset=\"https:\/\/arturf.com\/wp-content\/uploads\/2023\/07\/check-line.png 120w, https:\/\/arturf.com\/wp-content\/uploads\/2023\/07\/check-line-12x12.png 12w, https:\/\/arturf.com\/wp-content\/uploads\/2023\/07\/check-line-100x100.png 100w\" sizes=\"auto, (max-width: 120px) 100vw, 120px\" \/>\t\t\t\t\t<\/div>\n\t\t\t\t<\/div>\n\t\t\t<\/div>\n\t\t\t\t<div class=\"icon-box-text last-reset\">\n\t\t\t\t\t\t\t\t\t\n\n<h4>Test approfonditi prima del lancio<\/h4>\n<p>Il nostro team di controllo qualit\u00e0 conduce test completi per resistenza all&#039;usura, resistenza ai raggi UV e prestazioni, superando gli standard del settore, garantendo un&#039;eccezionale qualit\u00e0 del prodotto.<\/p>\n\n\t\t<\/div>\n\t<\/div>\n\t\n\t\n\t<div id=\"gap-379326553\" class=\"gap-element clearfix\" style=\"display:block; height:auto;\">\n\t\t\n<style>\n#gap-379326553 {\n  padding-top: 30px;\n}\n<\/style>\n\t<\/div>\n\t\n\n\n\t\t<div class=\"icon-box featured-box icon-box-left text-left\"  >\n\t\t\t\t\t<div class=\"icon-box-img\" style=\"width: 69px\">\n\t\t\t\t<div class=\"icon\">\n\t\t\t\t\t<div class=\"icon-inner\" >\n\t\t\t\t\t\t<img loading=\"lazy\" decoding=\"async\" width=\"120\" height=\"120\" src=\"https:\/\/arturf.com\/wp-content\/uploads\/2023\/07\/check-line.png\" class=\"attachment-medium size-medium\" alt=\"Qualit\u00e0\" srcset=\"https:\/\/arturf.com\/wp-content\/uploads\/2023\/07\/check-line.png 120w, https:\/\/arturf.com\/wp-content\/uploads\/2023\/07\/check-line-12x12.png 12w, https:\/\/arturf.com\/wp-content\/uploads\/2023\/07\/check-line-100x100.png 100w\" sizes=\"auto, (max-width: 120px) 100vw, 120px\" \/>\t\t\t\t\t<\/div>\n\t\t\t\t<\/div>\n\t\t\t<\/div>\n\t\t\t\t<div class=\"icon-box-text last-reset\">\n\t\t\t\t\t\t\t\t\t\n\n<h4>Ispezioni approfondite<\/h4>\n<p>Conduciamo rigorose ispezioni di produzione e campionatura di routine per ogni ordine, garantendo prodotti eccezionali e la soddisfazione del cliente.<\/p>\n\n\t\t<\/div>\n\t<\/div>\n\t\n\t\n\t<div id=\"gap-1258728596\" class=\"gap-element clearfix\" style=\"display:block; height:auto;\">\n\t\t\n<style>\n#gap-1258728596 {\n  padding-top: 30px;\n}\n<\/style>\n\t<\/div>\n\t\n\n\n\t\t<div class=\"icon-box featured-box icon-box-left text-left\"  >\n\t\t\t\t\t<div class=\"icon-box-img\" style=\"width: 69px\">\n\t\t\t\t<div class=\"icon\">\n\t\t\t\t\t<div class=\"icon-inner\" >\n\t\t\t\t\t\t<img loading=\"lazy\" decoding=\"async\" width=\"120\" height=\"120\" src=\"https:\/\/arturf.com\/wp-content\/uploads\/2023\/07\/check-line.png\" class=\"attachment-medium size-medium\" alt=\"Qualit\u00e0\" srcset=\"https:\/\/arturf.com\/wp-content\/uploads\/2023\/07\/check-line.png 120w, https:\/\/arturf.com\/wp-content\/uploads\/2023\/07\/check-line-12x12.png 12w, https:\/\/arturf.com\/wp-content\/uploads\/2023\/07\/check-line-100x100.png 100w\" sizes=\"auto, (max-width: 120px) 100vw, 120px\" \/>\t\t\t\t\t<\/div>\n\t\t\t\t<\/div>\n\t\t\t<\/div>\n\t\t\t\t<div class=\"icon-box-text last-reset\">\n\t\t\t\t\t\t\t\t\t\n\n<h4>Garanzia affidabile<\/h4>\n<p>La nostra garanzia affidabile garantisce la completa soddisfazione del cliente, risolvendo tempestivamente eventuali difetti o problemi nel nostro prato artificiale<\/p>\n\n\t\t<\/div>\n\t<\/div>\n\t\n\t\n\n\t\t<\/div>\n\t\t\t\t\n<style>\n#col-1481048405 > .col-inner {\n  padding: 0px 0px 0px 0;\n}\n@media (min-width:850px) {\n  #col-1481048405 > .col-inner {\n    padding: 0px 0px 0px 30px;\n  }\n}\n<\/style>\n\t<\/div>\n\n\t\n\n<\/div>\n\t<div id=\"gap-1148511594\" class=\"gap-element clearfix\" style=\"display:block; height:auto;\">\n\t\t\n<style>\n#gap-1148511594 {\n  padding-top: 30px;\n}\n<\/style>\n\t<\/div>\n\t\n\n\n\t\t<\/div>\n\n\t\t\n<style>\n#section_323275223 {\n  padding-top: 80px;\n  padding-bottom: 80px;\n  background-color: rgb(242, 238, 241);\n}\n<\/style>\n\t<\/section>\n\t\n\n\t<section class=\"section\" id=\"section_1670257952\">\n\t\t<div class=\"section-bg fill\" >\n\t\t\t\t\t\t\t\t\t\n\t\t\t\n\n\t\t<\/div>\n\n\t\t\n\n\t\t<div class=\"section-content relative\">\n\t\t\t\n\n<div class=\"row align-center\" style=\"max-width:1200px\" id=\"row-817956368\">\n\n\n\t<div id=\"col-786874123\" class=\"col medium-10 small-12 large-8\"  >\n\t\t\t\t<div class=\"col-inner\"  >\n\t\t\t\n\t\t\t\n\n\t<div id=\"gap-1754339534\" class=\"gap-element clearfix\" style=\"display:block; height:auto;\">\n\t\t\n<style>\n#gap-1754339534 {\n  padding-top: 30px;\n}\n<\/style>\n\t<\/div>\n\t\n\n\t<div id=\"text-216750837\" class=\"text\">\n\t\t\n\n<h1>Priorit\u00e0 di qualit\u00e0 costante<\/h1>\n\t\t\n<style>\n#text-216750837 {\n  font-size: 1.75rem;\n  text-align: center;\n}\n<\/style>\n\t<\/div>\n\t\n\t<div id=\"gap-552117088\" class=\"gap-element clearfix\" style=\"display:block; height:auto;\">\n\t\t\n<style>\n#gap-552117088 {\n  padding-top: 10px;\n}\n<\/style>\n\t<\/div>\n\t\n\n\t<div id=\"text-3320429693\" class=\"text\">\n\t\t\n\n<p>In Arturf, diamo fermamente la priorit\u00e0 alla garanzia della qualit\u00e0. Attraverso una meticolosa selezione delle materie prime, l&#039;utilizzo di macchinari avanzati, forza lavoro qualificata, test completi, ispezioni di routine e di campionamento e termini di garanzia affidabili, garantiamo la produzione di erba artificiale di prima qualit\u00e0 che eccelle in durata, estetica e prestazioni. Scegli Arturf per soluzioni in erba sintetica di alta qualit\u00e0, trasformando qualsiasi spazio in un paesaggio bello e funzionale.<\/p>\n\t\t\n<style>\n#text-3320429693 {\n  text-align: center;\n}\n<\/style>\n\t<\/div>\n\t\n\n\t\t<\/div>\n\t\t\t\t\t<\/div>\n\n\t\n\n<\/div>\n<div class=\"nav-wrapper\"><ul class=\"nav nav-uppercase nav-horizontal nav-pills text-center nav-center\"><p class=\"lead shortcode-error text-center\">Spiacenti, nessuna pagina \u00e8 stata trovata<\/p><\/ul><\/div>\n\n\n\t\t<\/div>\n\n\t\t\n<style>\n#section_1670257952 {\n  padding-top: 30px;\n  padding-bottom: 30px;\n}\n<\/style>\n\t<\/section>","protected":false},"excerpt":{"rendered":"","protected":false},"author":3,"featured_media":0,"parent":5652,"menu_order":2,"comment_status":"closed","ping_status":"closed","template":"page-blank.php","meta":{"_seopress_robots_primary_cat":"","_seopress_titles_title":"","_seopress_titles_desc":"Arturf is dedicated to delivering high-quality products that surpass customer expectations. Our commitment to quality assurance is ingrained in every step of our manufacturing process.","_seopress_robots_index":"","footnotes":""},"class_list":["post-18911","page","type-page","status-publish","hentry"],"_links":{"self":[{"href":"https:\/\/arturf.com\/it\/wp-json\/wp\/v2\/pages\/18911","targetHints":{"allow":["GET"]}}],"collection":[{"href":"https:\/\/arturf.com\/it\/wp-json\/wp\/v2\/pages"}],"about":[{"href":"https:\/\/arturf.com\/it\/wp-json\/wp\/v2\/types\/page"}],"author":[{"embeddable":true,"href":"https:\/\/arturf.com\/it\/wp-json\/wp\/v2\/users\/3"}],"replies":[{"embeddable":true,"href":"https:\/\/arturf.com\/it\/wp-json\/wp\/v2\/comments?post=18911"}],"version-history":[{"count":0,"href":"https:\/\/arturf.com\/it\/wp-json\/wp\/v2\/pages\/18911\/revisions"}],"up":[{"embeddable":true,"href":"https:\/\/arturf.com\/it\/wp-json\/wp\/v2\/pages\/5652"}],"wp:attachment":[{"href":"https:\/\/arturf.com\/it\/wp-json\/wp\/v2\/media?parent=18911"}],"curies":[{"name":"parola chiave","href":"https:\/\/api.w.org\/{rel}","templated":true}]}}