{"id":3460,"date":"2012-08-16T14:28:45","date_gmt":"2012-08-16T14:28:45","guid":{"rendered":"https:\/\/arturf.com\/?page_id=3460"},"modified":"2023-07-08T00:24:53","modified_gmt":"2023-07-07T16:24:53","slug":"field-hockey","status":"publish","type":"page","link":"https:\/\/arturf.com\/it\/sports\/field-hockey\/","title":{"rendered":"Campo da hockey su prato in erba sintetica"},"content":{"rendered":"<div class=\"banner has-hover\" id=\"banner-1587227625\">\n          <div class=\"banner-inner fill\">\n        <div class=\"banner-bg fill\" >\n            <img loading=\"lazy\" decoding=\"async\" width=\"1020\" height=\"365\" src=\"https:\/\/arturf.com\/wp-content\/uploads\/2019\/01\/artificial-grass-field-hockey-1024x366.jpg\" class=\"bg attachment-large size-large\" alt=\"Hockey\" \/>                                    \n                    <\/div>\n\t\t\n        <div class=\"banner-layers container\">\n            <div class=\"fill banner-link\"><\/div>            \n\n   <div id=\"text-box-33642564\" class=\"text-box banner-layer x50 md-x50 lg-x50 y50 md-y50 lg-y50 res-text\">\n                                <div class=\"text-box-content text dark\">\n              \n              <div class=\"text-inner text-center\">\n                  \n\n<h1>Erba artificiale per hockey<\/h1>\n<p>Migliora il tuo gioco con un controllo di palla impareggiabile e prestazioni impareggiabili.<\/p>\n\n              <\/div>\n           <\/div>\n                            \n<style>\n#text-box-33642564 {\n  width: 60%;\n}\n#text-box-33642564 .text-box-content {\n  font-size: 100%;\n}\n<\/style>\n    <\/div>\n \n\n        <\/div>\n      <\/div>\n\n            \n<style>\n#banner-1587227625 {\n  padding-top: 400px;\n}\n<\/style>\n  <\/div>\n\n\n<div class=\"row align-center\"  id=\"row-1680846369\">\n\n\n\t<div id=\"col-209670807\" class=\"col medium-10 small-12 large-10\"  >\n\t\t\t\t<div class=\"col-inner\"  >\n\t\t\t\n\t\t\t\n\n<p>Cerchi le migliori condizioni di gioco nell&#039;hockey su prato? Rivolgiti a Arturf, uno dei principali produttori di erba artificiale in Cina. Offriamo erba da hockey di alta qualit\u00e0 che offre precisione e prestazioni senza pari. Con il nostro tappeto erboso artificiale, l&#039;hockey su prato si \u00e8 evoluto in un gioco pi\u00f9 veloce e pi\u00f9 popolare, consentendo ai giocatori di eseguire passaggi veloci con un controllo di palla preciso.<\/p>\n<h3>Perch\u00e9 scegliere l&#039;erba artificiale per l&#039;hockey?<\/h3>\n<p>L&#039;introduzione dell&#039;erba sintetica ha rivoluzionato il gioco dell&#039;hockey, offrendo ai giocatori un&#039;esperienza di gioco migliorata. Il nostro tappeto erboso da hockey offre una superficie liscia che garantisce un&#039;interazione ottimale palla\/superficie, con conseguente eccellente giocabilit\u00e0. La durabilit\u00e0 del nostro tappeto erboso \u00e8 impareggiabile, con un&#039;estrema resistenza all&#039;usura.<\/p>\n<h3>Caratteristiche del nostro tappeto erboso da hockey:<\/h3>\n<ol>\n<li>\n<h4>Interazione ottimale palla\/superficie: <\/h4>\n<p>Il nostro tappeto erboso da hockey \u00e8 progettato per fornire il perfetto equilibrio tra la palla e la superficie, consentendo un rotolamento e un controllo precisi della palla.\n<\/li>\n<li>\n<h4>Superficie liscia per una grande giocabilit\u00e0: <\/h4>\n<p>La levigatezza del nostro tappeto erboso garantisce un rotolamento costante della palla, consentendo ai giocatori di mostrare le proprie abilit\u00e0 ed eseguire giochi dinamici.\n<\/li>\n<li>\n<h4>Durata estrema: <\/h4>\n<p>Il nostro tappeto erboso da hockey \u00e8 costruito per durare. Pu\u00f2 sopportare le esigenze di un gameplay intenso, garantendo longevit\u00e0 e manutenzione minima.\n<\/li>\n<li>\n<h4>Punto denso per un aspetto compatto: <\/h4>\n<p>Le fibre densamente cucite del nostro tappeto erboso creano un aspetto visivamente accattivante e compatto, migliorando l&#039;estetica complessiva del campo da hockey.\n<\/li>\n<li>\n<h4>Giocatore amichevole con un comfort insuperabile: <\/h4>\n<p>Diamo la priorit\u00e0 al comfort e alla sicurezza dei giocatori. Il nostro tappeto erboso da hockey offre una superficie imbottita che riduce il rischio di lesioni e offre un&#039;esperienza di gioco confortevole.\n<\/li>\n<\/ol>\n<h3>Prova la differenza con l&#039;Hockey Turf di Arturf<\/h3>\n<p>In Arturf, ci impegniamo a fornire soluzioni in erba sintetica che soddisfino i pi\u00f9 elevati standard di qualit\u00e0 e prestazioni. Il nostro tappeto erboso da hockey \u00e8 progettato per elevare il gioco e creare un ambiente di gioco ottimale. Che tu sia un atleta professionista, un gestore di impianti sportivi o una scuola che cerca di migliorare il tuo campo da hockey, il nostro tappeto erboso artificiale \u00e8 la scelta ideale.<\/p>\n<p>Sblocca il potenziale dell&#039;hockey su prato con l&#039;innovativo tappeto erboso da hockey di Arturf. Contattaci oggi per discutere le tue esigenze e lasciare che il nostro team di esperti ti aiuti a trovare la soluzione perfetta per il tuo campo da hockey.<\/p>\n\t\n  \n    <div class=\"row large-columns-4 medium-columns-3 small-columns-2 row-small slider row-slider slider-nav-reveal slider-nav-push\"  data-flickity-options='{&quot;imagesLoaded&quot;: true, &quot;groupCells&quot;: &quot;100%&quot;, &quot;dragThreshold&quot; : 5, &quot;cellAlign&quot;: &quot;left&quot;,&quot;wrapAround&quot;: true,&quot;prevNextButtons&quot;: true,&quot;percentPosition&quot;: true,&quot;pageDots&quot;: false, &quot;rightToLeft&quot;: false, &quot;autoPlay&quot; : false}' >\n\n  \n\t     <div class=\"col\" >\n\t\t\t\t\t\t<div class=\"col-inner\">\n\t\t\t\t\t\t\n<div class=\"badge-container absolute left top z-1\">\n\n<\/div>\n\t\t\t\t\t\t<div class=\"product-small box has-hover box-normal box-text-bottom\">\n\t\t\t\t\t\t\t<div class=\"box-image\" >\n\t\t\t\t\t\t\t\t<div class=\"\" >\n\t\t\t\t\t\t\t\t\t<a href=\"https:\/\/arturf.com\/it\/product\/speed\/\" aria-label=\"Velocit\u00e0\">\n\t\t\t\t\t\t\t\t\t\t<img loading=\"lazy\" decoding=\"async\" width=\"350\" height=\"263\" src=\"https:\/\/arturf.com\/wp-content\/uploads\/2019\/01\/Field-Hockey-Grass-Olive-Green-350x263.jpg\" class=\"show-on-hover absolute fill hide-for-small back-image\" alt=\"Visione alternativa della velocit\u00e0\" aria-hidden=\"true\" srcset=\"https:\/\/arturf.com\/wp-content\/uploads\/2019\/01\/Field-Hockey-Grass-Olive-Green-350x263.jpg 350w, https:\/\/arturf.com\/wp-content\/uploads\/2019\/01\/Field-Hockey-Grass-Olive-Green-300x225.jpg 300w, https:\/\/arturf.com\/wp-content\/uploads\/2019\/01\/Field-Hockey-Grass-Olive-Green-200x150.jpg 200w, https:\/\/arturf.com\/wp-content\/uploads\/2019\/01\/Field-Hockey-Grass-Olive-Green-768x576.jpg 768w, https:\/\/arturf.com\/wp-content\/uploads\/2019\/01\/Field-Hockey-Grass-Olive-Green-16x12.jpg 16w, https:\/\/arturf.com\/wp-content\/uploads\/2019\/01\/Field-Hockey-Grass-Olive-Green-510x383.jpg 510w, https:\/\/arturf.com\/wp-content\/uploads\/2019\/01\/Field-Hockey-Grass-Olive-Green.jpg 800w\" sizes=\"auto, (max-width: 350px) 100vw, 350px\" \/><img loading=\"lazy\" decoding=\"async\" width=\"350\" height=\"263\" src=\"https:\/\/arturf.com\/wp-content\/uploads\/2019\/01\/Field-Hocky-Multi-sports-Artificial-Grass-350x263.jpg\" class=\"attachment-woocommerce_thumbnail size-woocommerce_thumbnail\" alt=\"Velocit\u00e0\" srcset=\"https:\/\/arturf.com\/wp-content\/uploads\/2019\/01\/Field-Hocky-Multi-sports-Artificial-Grass-350x263.jpg 350w, https:\/\/arturf.com\/wp-content\/uploads\/2019\/01\/Field-Hocky-Multi-sports-Artificial-Grass-300x225.jpg 300w, https:\/\/arturf.com\/wp-content\/uploads\/2019\/01\/Field-Hocky-Multi-sports-Artificial-Grass-200x150.jpg 200w, https:\/\/arturf.com\/wp-content\/uploads\/2019\/01\/Field-Hocky-Multi-sports-Artificial-Grass-768x576.jpg 768w, https:\/\/arturf.com\/wp-content\/uploads\/2019\/01\/Field-Hocky-Multi-sports-Artificial-Grass-16x12.jpg 16w, https:\/\/arturf.com\/wp-content\/uploads\/2019\/01\/Field-Hocky-Multi-sports-Artificial-Grass-510x383.jpg 510w, https:\/\/arturf.com\/wp-content\/uploads\/2019\/01\/Field-Hocky-Multi-sports-Artificial-Grass.jpg 800w\" sizes=\"auto, (max-width: 350px) 100vw, 350px\" \/>\t\t\t\t\t\t\t\t\t<\/a>\n\t\t\t\t\t\t\t\t\t\t\t\t\t\t\t\t\t\t \t\t\t\t\t\t\t\t<\/div>\n\t\t\t\t\t\t\t\t<div class=\"image-tools top right show-on-hover\">\n\t\t\t\t\t\t\t\t\t\t\t\t\t\t\t\t\t<\/div>\n\t\t\t\t\t\t\t\t\t\t\t\t\t\t\t\t\t<div class=\"image-tools grid-tools text-center hide-for-small bottom hover-slide-in show-on-hover\">\n\t\t\t\t\t\t\t\t\t\t<a href=\"#quick-view\" class=\"quick-view\" role=\"button\" data-prod=\"7609\" aria-haspopup=\"dialog\" aria-expanded=\"false\" data-flatsome-role-button>Anteprima<\/a>\t\t\t\t\t\t\t\t\t<\/div>\n\t\t\t\t\t\t\t\t\t\t\t\t\t\t\t\t\t\t\t\t\t\t\t<\/div>\n\n\t\t\t\t\t\t\t<div class=\"box-text text-center dark\" style=\"background-color:rgb(255, 102, 0);\">\n\t\t\t\t\t\t\t\t<div class=\"title-wrapper\"><p class=\"name product-title woocommerce-loop-product__title\"><a href=\"https:\/\/arturf.com\/it\/product\/speed\/\" class=\"woocommerce-LoopProduct-link woocommerce-loop-product__link\">Velocit\u00e0<\/a><\/p><\/div><div class=\"price-wrapper\"><\/div>\t\t\t\t\t\t\t<\/div>\n\t\t\t\t\t\t<\/div>\n\t\t\t\t\t\t<\/div>\n\t\t\t\t\t<\/div><div class=\"col\" >\n\t\t\t\t\t\t<div class=\"col-inner\">\n\t\t\t\t\t\t\n<div class=\"badge-container absolute left top z-1\">\n\n<\/div>\n\t\t\t\t\t\t<div class=\"product-small box has-hover box-normal box-text-bottom\">\n\t\t\t\t\t\t\t<div class=\"box-image\" >\n\t\t\t\t\t\t\t\t<div class=\"\" >\n\t\t\t\t\t\t\t\t\t<a href=\"https:\/\/arturf.com\/it\/product\/flex\/\" aria-label=\"Flettere\">\n\t\t\t\t\t\t\t\t\t\t<img loading=\"lazy\" decoding=\"async\" width=\"350\" height=\"263\" src=\"https:\/\/arturf.com\/wp-content\/uploads\/2018\/05\/Flex-Green-350x263.jpg\" class=\"show-on-hover absolute fill hide-for-small back-image\" alt=\"Vista alternativa di Flex\" aria-hidden=\"true\" srcset=\"https:\/\/arturf.com\/wp-content\/uploads\/2018\/05\/Flex-Green-350x263.jpg 350w, https:\/\/arturf.com\/wp-content\/uploads\/2018\/05\/Flex-Green-500x375.jpg 500w, https:\/\/arturf.com\/wp-content\/uploads\/2018\/05\/Flex-Green-200x150.jpg 200w, https:\/\/arturf.com\/wp-content\/uploads\/2018\/05\/Flex-Green-768x576.jpg 768w, https:\/\/arturf.com\/wp-content\/uploads\/2018\/05\/Flex-Green-16x12.jpg 16w, https:\/\/arturf.com\/wp-content\/uploads\/2018\/05\/Flex-Green-510x383.jpg 510w, https:\/\/arturf.com\/wp-content\/uploads\/2018\/05\/Flex-Green.jpg 800w\" sizes=\"auto, (max-width: 350px) 100vw, 350px\" \/><img loading=\"lazy\" decoding=\"async\" width=\"350\" height=\"263\" src=\"https:\/\/arturf.com\/wp-content\/uploads\/2018\/05\/Arturf-Putting-Green-Flex-Pro-16-1-1-350x263.jpg\" class=\"attachment-woocommerce_thumbnail size-woocommerce_thumbnail\" alt=\"Flettere\" srcset=\"https:\/\/arturf.com\/wp-content\/uploads\/2018\/05\/Arturf-Putting-Green-Flex-Pro-16-1-1-350x263.jpg 350w, https:\/\/arturf.com\/wp-content\/uploads\/2018\/05\/Arturf-Putting-Green-Flex-Pro-16-1-1-500x375.jpg 500w, https:\/\/arturf.com\/wp-content\/uploads\/2018\/05\/Arturf-Putting-Green-Flex-Pro-16-1-1-200x150.jpg 200w, https:\/\/arturf.com\/wp-content\/uploads\/2018\/05\/Arturf-Putting-Green-Flex-Pro-16-1-1-768x576.jpg 768w, https:\/\/arturf.com\/wp-content\/uploads\/2018\/05\/Arturf-Putting-Green-Flex-Pro-16-1-1-16x12.jpg 16w, https:\/\/arturf.com\/wp-content\/uploads\/2018\/05\/Arturf-Putting-Green-Flex-Pro-16-1-1-510x383.jpg 510w, https:\/\/arturf.com\/wp-content\/uploads\/2018\/05\/Arturf-Putting-Green-Flex-Pro-16-1-1.jpg 800w\" sizes=\"auto, (max-width: 350px) 100vw, 350px\" \/>\t\t\t\t\t\t\t\t\t<\/a>\n\t\t\t\t\t\t\t\t\t\t\t\t\t\t\t\t\t\t \t\t\t\t\t\t\t\t<\/div>\n\t\t\t\t\t\t\t\t<div class=\"image-tools top right show-on-hover\">\n\t\t\t\t\t\t\t\t\t\t\t\t\t\t\t\t\t<\/div>\n\t\t\t\t\t\t\t\t\t\t\t\t\t\t\t\t\t<div class=\"image-tools grid-tools text-center hide-for-small bottom hover-slide-in show-on-hover\">\n\t\t\t\t\t\t\t\t\t\t<a href=\"#quick-view\" class=\"quick-view\" role=\"button\" data-prod=\"6519\" aria-haspopup=\"dialog\" aria-expanded=\"false\" data-flatsome-role-button>Anteprima<\/a>\t\t\t\t\t\t\t\t\t<\/div>\n\t\t\t\t\t\t\t\t\t\t\t\t\t\t\t\t\t\t\t\t\t\t\t<\/div>\n\n\t\t\t\t\t\t\t<div class=\"box-text text-center dark\" style=\"background-color:rgb(255, 102, 0);\">\n\t\t\t\t\t\t\t\t<div class=\"title-wrapper\"><p class=\"name product-title woocommerce-loop-product__title\"><a href=\"https:\/\/arturf.com\/it\/product\/flex\/\" class=\"woocommerce-LoopProduct-link woocommerce-loop-product__link\">Flettere<\/a><\/p><\/div><div class=\"price-wrapper\"><\/div>\t\t\t\t\t\t\t<\/div>\n\t\t\t\t\t\t<\/div>\n\t\t\t\t\t\t<\/div>\n\t\t\t\t\t<\/div><\/div>\n\n\n\t\t<\/div>\n\t\t\t\t\t<\/div>\n\n\t\n\n<\/div>","protected":false},"excerpt":{"rendered":"","protected":false},"author":3,"featured_media":0,"parent":2230,"menu_order":14,"comment_status":"closed","ping_status":"closed","template":"page-blank.php","meta":{"_seopress_robots_primary_cat":"","_seopress_titles_title":"Hockey Turf - Artificial Turf for Precision Ball Roll","_seopress_titles_desc":"Elevate your field hockey game with Arturf&#039;s high-quality hockey turf. Optimum ball roll, durability, and player comfort for unmatched performance.","_seopress_robots_index":"","footnotes":""},"class_list":["post-3460","page","type-page","status-publish","hentry"],"_links":{"self":[{"href":"https:\/\/arturf.com\/it\/wp-json\/wp\/v2\/pages\/3460","targetHints":{"allow":["GET"]}}],"collection":[{"href":"https:\/\/arturf.com\/it\/wp-json\/wp\/v2\/pages"}],"about":[{"href":"https:\/\/arturf.com\/it\/wp-json\/wp\/v2\/types\/page"}],"author":[{"embeddable":true,"href":"https:\/\/arturf.com\/it\/wp-json\/wp\/v2\/users\/3"}],"replies":[{"embeddable":true,"href":"https:\/\/arturf.com\/it\/wp-json\/wp\/v2\/comments?post=3460"}],"version-history":[{"count":0,"href":"https:\/\/arturf.com\/it\/wp-json\/wp\/v2\/pages\/3460\/revisions"}],"up":[{"embeddable":true,"href":"https:\/\/arturf.com\/it\/wp-json\/wp\/v2\/pages\/2230"}],"wp:attachment":[{"href":"https:\/\/arturf.com\/it\/wp-json\/wp\/v2\/media?parent=3460"}],"curies":[{"name":"parola chiave","href":"https:\/\/api.w.org\/{rel}","templated":true}]}}