{"id":3470,"date":"2012-08-16T14:37:46","date_gmt":"2012-08-16T14:37:46","guid":{"rendered":"https:\/\/arturf.com\/?page_id=3470"},"modified":"2023-07-08T11:12:44","modified_gmt":"2023-07-08T03:12:44","slug":"rugby","status":"publish","type":"page","link":"https:\/\/arturf.com\/it\/sports\/rugby\/","title":{"rendered":"Campo da rugby in erba sintetica"},"content":{"rendered":"<div class=\"banner has-hover\" id=\"banner-1383299468\">\n          <div class=\"banner-inner fill\">\n        <div class=\"banner-bg fill\" >\n            <img loading=\"lazy\" decoding=\"async\" width=\"1020\" height=\"325\" src=\"https:\/\/arturf.com\/wp-content\/uploads\/2020\/05\/Artificial-Turf-Rugby-1024x326.jpg\" class=\"bg attachment-large size-large\" alt=\"Rugby, erba sintetica\" \/>                                    \n                    <\/div>\n\t\t\n        <div class=\"banner-layers container\">\n            <div class=\"fill banner-link\"><\/div>            \n\n   <div id=\"text-box-2031237337\" class=\"text-box banner-layer x50 md-x50 lg-x50 y50 md-y50 lg-y50 res-text\">\n                                <div class=\"text-box-content text dark\">\n              \n              <div class=\"text-inner text-center\">\n                  \n\n<h3 class=\"uppercase\"><strong>Erba sintetica per il rugby<\/strong><\/h3>\n<p>Sperimenta prestazioni superiori e sicurezza per i giocatori con l&#039;erba sintetica da rugby di Arturf. Migliora il tuo gioco con la nostra soluzione durevole e resistente agli agenti atmosferici.<\/p>\n\n              <\/div>\n           <\/div>\n                            \n<style>\n#text-box-2031237337 {\n  width: 60%;\n}\n#text-box-2031237337 .text-box-content {\n  font-size: 100%;\n}\n<\/style>\n    <\/div>\n \n\n        <\/div>\n      <\/div>\n\n            \n<style>\n#banner-1383299468 {\n  padding-top: 400px;\n}\n<\/style>\n  <\/div>\n\n\n<div class=\"row align-center\"  id=\"row-1056754522\">\n\n\n\t<div id=\"col-1599950705\" class=\"col medium-10 small-12 large-10\"  >\n\t\t\t\t<div class=\"col-inner\"  >\n\t\t\t\n\t\t\t\n\n<p>I campi in erba sintetica hanno rivoluzionato il gioco del rugby, offrendo una migliore giocabilit\u00e0 e superando le sfide poste dai campi in erba naturale. In Arturf, uno dei principali produttori di erba artificiale in Cina, diamo la priorit\u00e0 a qualit\u00e0 e prestazioni superiori. Il nostro tappeto erboso da rugby soddisfa rigorose specifiche prestazionali, garantendo la sicurezza del giocatore, prestazioni ottimali della palla e una lunga durata.<\/p>\n<h3>Giocabilit\u00e0 migliorata con l&#039;erba artificiale di terza generazione<\/h3>\n<p>Con i progressi nelle superfici sintetiche, l&#039;erba sintetica del rugby, spesso nota come erba artificiale a pelo lungo o di terza generazione, \u00e8 emersa come un punto di svolta. Presenta un pelo pi\u00f9 lungo rispetto alle tradizionali superfici riempite di sabbia ed \u00e8 tipicamente riempito con gomma o una miscela di gomma e sabbia. Questa combinazione offre trazione e stabilit\u00e0 superiori per i giocatori, migliorando le loro prestazioni sul campo.<\/p>\n<h3>Superficie resistente alle intemperie per un gioco ininterrotto<\/h3>\n<p>A differenza dei campi in erba naturale che diventano fangosi e scivolosi in caso di pioggia, il nostro tappeto erboso artificiale mantiene la sua integrit\u00e0, consentendo ai giocatori di rugby di allenarsi e gareggiare senza interruzioni. Immagina sessioni di allenamento e partite senza preoccuparti di scivolare nel fango freddo e umido. Il nostro tappeto erboso sintetico fornisce una superficie di gioco affidabile, garantendo un gioco coerente in tutte le condizioni atmosferiche.<\/p>\n<h3>Sicurezza dei giocatori: una preoccupazione fondamentale<\/h3>\n<p>A Arturf, la sicurezza dei giocatori \u00e8 una priorit\u00e0 assoluta. Il nostro tappeto erboso artificiale da rugby \u00e8 progettato con materiali accuratamente selezionati e tecniche di costruzione avanzate per ridurre al minimo il rischio di infortuni. La superficie indulgente e che assorbe gli urti riduce l&#039;impatto di cadute e collisioni, proteggendo i giocatori durante il gioco intenso. Inoltre, la superficie di gioco uniforme dell&#039;erba sintetica riduce al minimo la probabilit\u00e0 di distorsioni della caviglia e altri infortuni spesso associati a campi in erba naturale irregolari.<\/p>\n<h3>Prestazioni ottimali della palla per giochi di precisione<\/h3>\n<p>Le prestazioni della palla sono fondamentali nel rugby e il nostro tappeto erboso artificiale offre risultati eccezionali. La consistenza uniforme della superficie garantisce rimbalzi e rotolamenti prevedibili della palla, consentendo ai giocatori di mantenere il controllo della palla ed eseguire passaggi e calci precisi. Questa prevedibilit\u00e0 migliora la qualit\u00e0 complessiva del gioco, facilitando una concorrenza leale e un gioco strategico.<\/p>\n<h3>Prestazioni durevoli e di lunga durata<\/h3>\n<p>Il nostro tappeto erboso artificiale da rugby \u00e8 costruito per durare. Con una costruzione robusta e materiali di alta qualit\u00e0, resiste a un uso intenso, rendendolo adatto a sessioni di allenamento intense e partite competitive. Puoi fare affidamento sul nostro tappeto erboso sintetico per fornire una superficie di gioco durevole che resister\u00e0 alle esigenze dello sport per gli anni a venire.<\/p>\n<h3>Sperimenta l&#039;eccellenza con il tappeto erboso da rugby di Arturf<\/h3>\n<p>In qualit\u00e0 di produttore leader di erba artificiale in Cina, Arturf si dedica a fornire prodotti di qualit\u00e0 superiore. La nostra pagina sul tappeto erboso di rugby mette in mostra la qualit\u00e0 e le prestazioni senza pari del nostro tappeto erboso sintetico, garantendo un&#039;esperienza di rugby migliorata. D\u00ec addio agli scivoli fangosi e abbraccia l&#039;eccellenza del nostro tappeto erboso artificiale di alta gamma.<\/p>\n<h3>Migliora la tua esperienza di rugby con Arturf<\/h3>\n<p>Scegli l&#039;erba sintetica da rugby di Arturf per prestazioni, sicurezza dei giocatori e durata senza pari. In qualit\u00e0 di produttore leader, forniamo erba sintetica che supera le aspettative. Il nostro impegno per la qualit\u00e0 garantisce che le tue partite di rugby e le tue sessioni di allenamento si svolgano su una superficie affidabile e ad alte prestazioni.<\/p>\n<p>Investi nel campo da rugby di Arturf e trasforma il tuo modo di giocare. Sperimenta la differenza di qualit\u00e0 superiore, sicurezza del giocatore e prestazioni costanti. Scopri perch\u00e9 i giocatori di rugby di tutto il mondo si fidano del nostro tappeto erboso sintetico. Contattaci oggi stesso per saperne di pi\u00f9 sulle nostre soluzioni per campi da rugby.<\/p>\n\n\t\t<\/div>\n\t\t\t\t\t<\/div>\n\n\t\n\n<\/div>\n<div class=\"row align-center\"  id=\"row-1127960827\">\n\n\n\t<div id=\"col-1475868822\" class=\"col medium-7 small-12 large-7\"  >\n\t\t\t\t<div class=\"col-inner\"  >\n\t\t\t\n\t\t\t\n\n\t\n  \n    <div class=\"row large-columns-1 medium-columns- small-columns- row-small\" >\n  \n\t     <div class=\"col\" >\n\t\t\t\t\t\t<div class=\"col-inner\">\n\t\t\t\t\t\t\n<div class=\"badge-container absolute left top z-1\">\n\n<\/div>\n\t\t\t\t\t\t<div class=\"product-small box has-hover box-normal box-text-bottom\">\n\t\t\t\t\t\t\t<div class=\"box-image\" >\n\t\t\t\t\t\t\t\t<div class=\"\" >\n\t\t\t\t\t\t\t\t\t<a href=\"https:\/\/arturf.com\/it\/product\/dura-60\/\" aria-label=\"Dura 60\">\n\t\t\t\t\t\t\t\t\t\t<img loading=\"lazy\" decoding=\"async\" width=\"800\" height=\"600\" src=\"https:\/\/arturf.com\/wp-content\/uploads\/2018\/05\/Artificial-Grass-Diamond-Football-Grass.jpg\" class=\"attachment-large size-large\" alt=\"Dura 60\" srcset=\"https:\/\/arturf.com\/wp-content\/uploads\/2018\/05\/Artificial-Grass-Diamond-Football-Grass.jpg 800w, https:\/\/arturf.com\/wp-content\/uploads\/2018\/05\/Artificial-Grass-Diamond-Football-Grass-300x225.jpg 300w, https:\/\/arturf.com\/wp-content\/uploads\/2018\/05\/Artificial-Grass-Diamond-Football-Grass-200x150.jpg 200w, https:\/\/arturf.com\/wp-content\/uploads\/2018\/05\/Artificial-Grass-Diamond-Football-Grass-768x576.jpg 768w, https:\/\/arturf.com\/wp-content\/uploads\/2018\/05\/Artificial-Grass-Diamond-Football-Grass-16x12.jpg 16w, https:\/\/arturf.com\/wp-content\/uploads\/2018\/05\/Artificial-Grass-Diamond-Football-Grass-350x263.jpg 350w, https:\/\/arturf.com\/wp-content\/uploads\/2018\/05\/Artificial-Grass-Diamond-Football-Grass-510x383.jpg 510w\" sizes=\"auto, (max-width: 800px) 100vw, 800px\" \/>\t\t\t\t\t\t\t\t\t<\/a>\n\t\t\t\t\t\t\t\t\t\t\t\t\t\t\t\t\t\t \t\t\t\t\t\t\t\t<\/div>\n\t\t\t\t\t\t\t\t<div class=\"image-tools top right show-on-hover\">\n\t\t\t\t\t\t\t\t\t\t\t\t\t\t\t\t\t<\/div>\n\t\t\t\t\t\t\t\t\t\t\t\t\t\t\t\t\t<div class=\"image-tools grid-tools text-center hide-for-small bottom hover-slide-in show-on-hover\">\n\t\t\t\t\t\t\t\t\t\t<a href=\"#quick-view\" class=\"quick-view\" role=\"button\" data-prod=\"11631\" aria-haspopup=\"dialog\" aria-expanded=\"false\" data-flatsome-role-button>Anteprima<\/a>\t\t\t\t\t\t\t\t\t<\/div>\n\t\t\t\t\t\t\t\t\t\t\t\t\t\t\t\t\t\t\t\t\t\t\t<\/div>\n\n\t\t\t\t\t\t\t<div class=\"box-text text-center\" >\n\t\t\t\t\t\t\t\t<div class=\"title-wrapper\"><p class=\"name product-title woocommerce-loop-product__title\"><a href=\"https:\/\/arturf.com\/it\/product\/dura-60\/\" class=\"woocommerce-LoopProduct-link woocommerce-loop-product__link\">Dura 60<\/a><\/p><\/div><div class=\"price-wrapper\"><\/div>\t\t\t\t\t\t\t<\/div>\n\t\t\t\t\t\t<\/div>\n\t\t\t\t\t\t<\/div>\n\t\t\t\t\t<\/div><\/div>\n\n\n\t\t<\/div>\n\t\t\t\t\t<\/div>\n\n\t\n\n<\/div>","protected":false},"excerpt":{"rendered":"","protected":false},"author":3,"featured_media":0,"parent":2230,"menu_order":17,"comment_status":"closed","ping_status":"closed","template":"page-blank.php","meta":{"_seopress_robots_primary_cat":"","_seopress_titles_title":"","_seopress_titles_desc":"Experience superior performance and player safety with Arturf&#039;s rugby artificial turf. Enhance your game with our durable and weather-resistant solution.","_seopress_robots_index":"","footnotes":""},"class_list":["post-3470","page","type-page","status-publish","hentry"],"_links":{"self":[{"href":"https:\/\/arturf.com\/it\/wp-json\/wp\/v2\/pages\/3470","targetHints":{"allow":["GET"]}}],"collection":[{"href":"https:\/\/arturf.com\/it\/wp-json\/wp\/v2\/pages"}],"about":[{"href":"https:\/\/arturf.com\/it\/wp-json\/wp\/v2\/types\/page"}],"author":[{"embeddable":true,"href":"https:\/\/arturf.com\/it\/wp-json\/wp\/v2\/users\/3"}],"replies":[{"embeddable":true,"href":"https:\/\/arturf.com\/it\/wp-json\/wp\/v2\/comments?post=3470"}],"version-history":[{"count":0,"href":"https:\/\/arturf.com\/it\/wp-json\/wp\/v2\/pages\/3470\/revisions"}],"up":[{"embeddable":true,"href":"https:\/\/arturf.com\/it\/wp-json\/wp\/v2\/pages\/2230"}],"wp:attachment":[{"href":"https:\/\/arturf.com\/it\/wp-json\/wp\/v2\/media?parent=3470"}],"curies":[{"name":"parola chiave","href":"https:\/\/api.w.org\/{rel}","templated":true}]}}