{"id":3472,"date":"2012-08-16T14:39:27","date_gmt":"2012-08-16T14:39:27","guid":{"rendered":"https:\/\/arturf.com\/?page_id=3472"},"modified":"2019-04-25T02:14:53","modified_gmt":"2019-04-25T02:14:53","slug":"baseball","status":"publish","type":"page","link":"https:\/\/arturf.com\/it\/sports\/baseball\/","title":{"rendered":"Campo da baseball in erba sintetica"},"content":{"rendered":"<div class=\"banner has-hover\" id=\"banner-305628146\">\n          <div class=\"banner-inner fill\">\n        <div class=\"banner-bg fill\" >\n            <img loading=\"lazy\" decoding=\"async\" width=\"1020\" height=\"366\" src=\"https:\/\/arturf.com\/wp-content\/uploads\/2019\/02\/Artificial-Grass-Baseball-Field-1024x367.jpg\" class=\"bg attachment-large size-large\" alt=\"\" \/>                        <div class=\"overlay\"><\/div>            \n                    <\/div>\n\t\t\n        <div class=\"banner-layers container\">\n            <div class=\"fill banner-link\"><\/div>            \n\n   <div id=\"text-box-838439088\" class=\"text-box banner-layer x50 md-x50 lg-x50 y50 md-y50 lg-y50 res-text\">\n                                <div class=\"text-box-content text dark\">\n              \n              <div class=\"text-inner text-center\">\n                  \n\n<h3 class=\"uppercase\">Cambia questo in qualsiasi cosa<\/h3>\n<p>Lorem ipsum dolor sit amet, consectetuer adipiscing elit, sed diam nonummy nibh euismod tincidunt ut laoreet dolore magna aliquam erat volutpat.<\/p>\n<a class=\"button white is-outline\" >\n\t\t<span>Cliccami<\/span>\n\t<\/a>\n\n\n\n              <\/div>\n           <\/div>\n                            \n<style>\n#text-box-838439088 {\n  width: 60%;\n}\n#text-box-838439088 .text-box-content {\n  font-size: 100%;\n}\n<\/style>\n    <\/div>\n \n\n        <\/div>\n      <\/div>\n\n            \n<style>\n#banner-305628146 {\n  padding-top: 400px;\n}\n#banner-305628146 .overlay {\n  background-color: rgba(0, 0, 0, 0.17);\n}\n<\/style>\n  <\/div>\n\n\n<div class=\"row\"  id=\"row-1008138177\">\n\n\n\t<div id=\"col-1933332362\" class=\"col small-12 large-12\"  >\n\t\t\t\t<div class=\"col-inner\"  >\n\t\t\t\n\t\t\t\n\n<p>Il tappeto erboso dei campi sportivi per il baseball \u00e8 diventato una tendenza cos\u00ec in crescita che molte squadre di college e universit\u00e0 in tutto il mondo hanno scelto di giocare su erba sintetica su erba naturale.<\/p>\n<p>\u00a0La trama dell&#039;erba sintetica \u00e8 ideale anche per uno sport come il baseball, in quanto alcuni studi indicano che l&#039;erba sintetica ha una trazione probabilmente paragonabile a quella dell&#039;erba naturale. Questo perch\u00e9 le lame in polietilene creano una superficie non troppo dura o troppo scivolosa per giocare, prevenendo cos\u00ec lo slittamento e possibili lesioni. Questo tipo di erba artificiale per campi sportivi \u00e8 cos\u00ec adatto alla trazione che \u00e8 perfetto per gli atleti per ruotare e assumere le numerose posizioni e posizioni da baseball nelle loro tacchette.<\/p>\n<p>Ci sono anche molti risparmi sui costi per i proprietari di stadi di baseball, poich\u00e9 i campi sintetici non richiedono lo stesso tempo di manutenzione intensiva di potatura, irrigazione e falciatura di cui hanno bisogno i campi tradizionali. Come puoi vedere, il baseball \u00e8 stato in prima linea nella tendenza dell&#039;erba artificiale.<\/p>\n\n\t\t<\/div>\n\t\t\t\t\t<\/div>\n\n\t\n\n<\/div>","protected":false},"excerpt":{"rendered":"","protected":false},"author":3,"featured_media":0,"parent":2230,"menu_order":15,"comment_status":"closed","ping_status":"closed","template":"page-blank.php","meta":{"_seopress_robots_primary_cat":"","_seopress_titles_title":"Artificial Turf for Baseball Field-China Artificial Grass Factory","_seopress_titles_desc":"Artificial turf for baseball has become such a growing trend that many colleges and universities\u2019 teams have chosen to play their games on synthetic grass.","_seopress_robots_index":"","footnotes":""},"class_list":["post-3472","page","type-page","status-publish","hentry"],"_links":{"self":[{"href":"https:\/\/arturf.com\/it\/wp-json\/wp\/v2\/pages\/3472","targetHints":{"allow":["GET"]}}],"collection":[{"href":"https:\/\/arturf.com\/it\/wp-json\/wp\/v2\/pages"}],"about":[{"href":"https:\/\/arturf.com\/it\/wp-json\/wp\/v2\/types\/page"}],"author":[{"embeddable":true,"href":"https:\/\/arturf.com\/it\/wp-json\/wp\/v2\/users\/3"}],"replies":[{"embeddable":true,"href":"https:\/\/arturf.com\/it\/wp-json\/wp\/v2\/comments?post=3472"}],"version-history":[{"count":0,"href":"https:\/\/arturf.com\/it\/wp-json\/wp\/v2\/pages\/3472\/revisions"}],"up":[{"embeddable":true,"href":"https:\/\/arturf.com\/it\/wp-json\/wp\/v2\/pages\/2230"}],"wp:attachment":[{"href":"https:\/\/arturf.com\/it\/wp-json\/wp\/v2\/media?parent=3472"}],"curies":[{"name":"parola chiave","href":"https:\/\/api.w.org\/{rel}","templated":true}]}}