{"id":4501,"date":"2013-10-25T14:22:25","date_gmt":"2013-10-25T14:22:25","guid":{"rendered":"https:\/\/arturf.com\/?page_id=4501"},"modified":"2023-07-08T15:49:35","modified_gmt":"2023-07-08T07:49:35","slug":"cricket","status":"publish","type":"page","link":"https:\/\/arturf.com\/it\/sports\/cricket\/","title":{"rendered":"Campo da cricket in erba artificiale"},"content":{"rendered":"<div class=\"banner has-hover\" id=\"banner-1684924491\">\n          <div class=\"banner-inner fill\">\n        <div class=\"banner-bg fill\" >\n            <img loading=\"lazy\" decoding=\"async\" width=\"1536\" height=\"614\" src=\"https:\/\/arturf.com\/wp-content\/uploads\/2023\/07\/Artificial-turf-Cricket-Pitch-Arturf-1536x614.jpg\" class=\"bg attachment-1536x1536 size-1536x1536\" alt=\"Cricket, erba artificiale\" \/>                                    \n                    <\/div>\n\t\t\n        <div class=\"banner-layers container\">\n            <div class=\"fill banner-link\"><\/div>            \n\n   <div id=\"text-box-1750211211\" class=\"text-box banner-layer x50 md-x50 lg-x50 y50 md-y50 lg-y50 res-text\">\n                                <div class=\"text-box-content text dark\">\n              \n              <div class=\"text-inner text-center\">\n                  \n\n<h1>Erba artificiale premium per campi da cricket<\/h1>\n\n              <\/div>\n           <\/div>\n                            \n<style>\n#text-box-1750211211 {\n  width: 60%;\n}\n#text-box-1750211211 .text-box-content {\n  font-size: 100%;\n}\n<\/style>\n    <\/div>\n \n\n        <\/div>\n      <\/div>\n\n            \n<style>\n#banner-1684924491 {\n  padding-top: 500px;\n}\n<\/style>\n  <\/div>\n\n\n<div class=\"row align-center\"  id=\"row-1337613975\">\n\n\n\t<div id=\"col-265153009\" class=\"col medium-10 small-12 large-10\"  >\n\t\t\t\t<div class=\"col-inner\"  >\n\t\t\t\n\t\t\t\n\n<p>L&#039;erba artificiale ha rivoluzionato il modo <a href=\"https:\/\/arturf.com\/it\/sports\/\">gli sport<\/a> sono giocati e apprezzati in tutto il mondo e il cricket non fa eccezione. Con i suoi numerosi vantaggi rispetto all&#039;erba naturale, l&#039;erba artificiale \u00e8 diventata sempre pi\u00f9 popolare per i campi da cricket, fornendo una superficie di gioco uniforme, duratura e che richiede poca manutenzione. In qualit\u00e0 di fornitore leader di erba sintetica di alta qualit\u00e0, Arturf offre una gamma di soluzioni in erba sintetica di alta qualit\u00e0 progettate specificamente per i campi da cricket. In questo articolo, esploreremo i vantaggi dell&#039;utilizzo dell&#039;erba artificiale e come pu\u00f2 migliorare la tua esperienza di cricket.<\/p>\n<h3>Durata e prestazioni senza pari:<\/h3>\n<p>L&#039;erba artificiale per i campi da cricket \u00e8 progettata per resistere ai rigori del gioco intenso e all&#039;uso frequente. A differenza dell&#039;erba naturale, che pu\u00f2 consumarsi rapidamente e sviluppare chiazze irregolari, l&#039;erba sintetica mantiene le sue condizioni originarie anche dopo un uso prolungato. I materiali avanzati e le innovative tecniche di produzione impiegate assicurano che l&#039;erba artificiale sia altamente resistente all&#039;usura, allo strappo e all&#039;impatto delle palle da cricket, consentendo ai giocatori di godere di una superficie di gioco uniforme e affidabile per gli anni a venire.<\/p>\n<h3>Superficie di gioco costante:<\/h3>\n<p>Uno dei principali vantaggi dell&#039;erba artificiale \u00e8 la sua capacit\u00e0 di fornire una superficie di gioco uniforme durante tutto l&#039;anno, indipendentemente dalle condizioni meteorologiche. Progettato per imitare le caratteristiche dell&#039;erba naturale, offre un eccellente rimbalzo della palla e un comportamento prevedibile della palla. Questa coerenza consente ai giocatori di sviluppare le proprie abilit\u00e0 e strategie senza essere ostacolati da variazioni imprevedibili del campo. Che si tratti di una partita frenetica o di una piacevole sessione di allenamento, l&#039;erba artificiale garantisce condizioni di parit\u00e0 per tutti gli appassionati di cricket.<\/p>\n<h3>Bassa manutenzione e conveniente:<\/h3>\n<p>Mantenere un campo da cricket in erba naturale richiede tempo, sforzi e risorse finanziarie significativi. La falciatura, l&#039;irrigazione e il controllo regolari dei parassiti sono solo alcuni dei compiti necessari per mantenere il campo in condizioni ottimali. L&#039;erba artificiale elimina la necessit\u00e0 di una manutenzione cos\u00ec estesa, risparmiando tempo e denaro. Con requisiti di manutenzione minimi, come spazzolatura e pulizia occasionali, i club e le strutture di cricket possono allocare le proprie risorse in modo pi\u00f9 efficiente e concentrarsi sul miglioramento dell&#039;esperienza complessiva di cricket per giocatori e spettatori.<\/p>\n<h3>Vantaggi ambientali:<\/h3>\n<p>L&#039;erba artificiale riflette l&#039;impegno a fornire soluzioni sostenibili ed ecologiche. Optando per l&#039;erba sintetica invece dell&#039;erba naturale, i club di cricket contribuiscono agli sforzi di conservazione dell&#039;acqua eliminando la necessit\u00e0 di irrigazione. Inoltre, l&#039;assenza di pesticidi, fertilizzanti ed erbicidi tipicamente associati alla manutenzione dell&#039;erba naturale riduce l&#039;inquinamento ambientale. Con l&#039;erba artificiale, puoi goderti il gioco del cricket riducendo al minimo la tua impronta ecologica.<\/p>\n<h3>Conclusione:<\/h3>\n<p>L&#039;erba artificiale ha trasformato il modo in cui si gioca a cricket, offrendo durata, costanza delle prestazioni e convenienza. In qualit\u00e0 di fornitore leader di erba sintetica di alta qualit\u00e0, Arturf offre soluzioni di alta qualit\u00e0 su misura per i campi da cricket. Scegliendo l&#039;erba artificiale, gli appassionati di cricket possono godere di una superficie di gioco affidabile e a bassa manutenzione che migliora l&#039;esperienza complessiva del cricket. Che tu sia un giocatore professionista, un dilettante appassionato o un club di cricket che cerca di migliorare le tue strutture, investire in erba sintetica di alta qualit\u00e0 per campi da cricket pu\u00f2 elevare il tuo gioco a nuovi livelli.<\/p>\n<p><img loading=\"lazy\" decoding=\"async\" class=\"alignnone size-full wp-image-4727\" title=\"Campo da cricket in erba artificiale\" src=\"https:\/\/arturf.com\/wp-content\/uploads\/2013\/10\/cricket-3.jpg\" alt=\"Campo da cricket in erba artificiale\" width=\"600\" height=\"450\" srcset=\"https:\/\/arturf.com\/wp-content\/uploads\/2013\/10\/cricket-3.jpg 600w, https:\/\/arturf.com\/wp-content\/uploads\/2013\/10\/cricket-3-300x225.jpg 300w, https:\/\/arturf.com\/wp-content\/uploads\/2013\/10\/cricket-3-200x150.jpg 200w, https:\/\/arturf.com\/wp-content\/uploads\/2013\/10\/cricket-3-16x12.jpg 16w, https:\/\/arturf.com\/wp-content\/uploads\/2013\/10\/cricket-3-350x263.jpg 350w, https:\/\/arturf.com\/wp-content\/uploads\/2013\/10\/cricket-3-510x383.jpg 510w\" sizes=\"auto, (max-width: 600px) 100vw, 600px\" \/><\/p>\n\t\n  \n    <div class=\"row large-columns-4 medium-columns-3 small-columns-2 row-small slider row-slider slider-nav-reveal slider-nav-push\"  data-flickity-options='{&quot;imagesLoaded&quot;: true, &quot;groupCells&quot;: &quot;100%&quot;, &quot;dragThreshold&quot; : 5, &quot;cellAlign&quot;: &quot;left&quot;,&quot;wrapAround&quot;: true,&quot;prevNextButtons&quot;: true,&quot;percentPosition&quot;: true,&quot;pageDots&quot;: false, &quot;rightToLeft&quot;: false, &quot;autoPlay&quot; : false}' >\n\n  \n\t     <div class=\"product-small col has-hover product type-product post-6559 status-publish first instock product_cat-tennis product_cat-multi-purpose product_cat-hockey has-post-thumbnail shipping-taxable product-type-simple\">\n\t<div class=\"col-inner\">\n\t\n<div class=\"badge-container absolute left top z-1\">\n\n<\/div>\n\t<div class=\"product-small box\">\n\t\t<div class=\"box-image\">\n\t\t\t<div class=\"image-fade_in_back\">\n\t\t\t\t<a href=\"https:\/\/arturf.com\/it\/product\/tennis-multi-sports-artificial-grass-elite\/\">\n\t\t\t\t\t<img loading=\"lazy\" decoding=\"async\" width=\"350\" height=\"263\" src=\"https:\/\/arturf.com\/wp-content\/uploads\/2018\/06\/Fibrillated-Artificial-Grass-Elite-12-350x263.jpg\" class=\"attachment-woocommerce_thumbnail size-woocommerce_thumbnail\" alt=\"Erba artificiale tennis e multisport - Elite\" srcset=\"https:\/\/arturf.com\/wp-content\/uploads\/2018\/06\/Fibrillated-Artificial-Grass-Elite-12-350x263.jpg 350w, https:\/\/arturf.com\/wp-content\/uploads\/2018\/06\/Fibrillated-Artificial-Grass-Elite-12-300x225.jpg 300w, https:\/\/arturf.com\/wp-content\/uploads\/2018\/06\/Fibrillated-Artificial-Grass-Elite-12-200x150.jpg 200w, https:\/\/arturf.com\/wp-content\/uploads\/2018\/06\/Fibrillated-Artificial-Grass-Elite-12-768x576.jpg 768w, https:\/\/arturf.com\/wp-content\/uploads\/2018\/06\/Fibrillated-Artificial-Grass-Elite-12-16x12.jpg 16w, https:\/\/arturf.com\/wp-content\/uploads\/2018\/06\/Fibrillated-Artificial-Grass-Elite-12-510x383.jpg 510w, https:\/\/arturf.com\/wp-content\/uploads\/2018\/06\/Fibrillated-Artificial-Grass-Elite-12.jpg 800w\" sizes=\"auto, (max-width: 350px) 100vw, 350px\" \/><img loading=\"lazy\" decoding=\"async\" width=\"350\" height=\"263\" src=\"https:\/\/arturf.com\/wp-content\/uploads\/2018\/06\/Tennis-Court-Artificial-Turf-F15-Red-350x263.jpg\" class=\"show-on-hover absolute fill hide-for-small back-image\" alt=\"Vista alternativa di Erba artificiale per campi da tennis e multisport - Elite\" aria-hidden=\"true\" srcset=\"https:\/\/arturf.com\/wp-content\/uploads\/2018\/06\/Tennis-Court-Artificial-Turf-F15-Red-350x263.jpg 350w, https:\/\/arturf.com\/wp-content\/uploads\/2018\/06\/Tennis-Court-Artificial-Turf-F15-Red-300x225.jpg 300w, https:\/\/arturf.com\/wp-content\/uploads\/2018\/06\/Tennis-Court-Artificial-Turf-F15-Red-200x150.jpg 200w, https:\/\/arturf.com\/wp-content\/uploads\/2018\/06\/Tennis-Court-Artificial-Turf-F15-Red-768x576.jpg 768w, https:\/\/arturf.com\/wp-content\/uploads\/2018\/06\/Tennis-Court-Artificial-Turf-F15-Red-16x12.jpg 16w, https:\/\/arturf.com\/wp-content\/uploads\/2018\/06\/Tennis-Court-Artificial-Turf-F15-Red-510x383.jpg 510w, https:\/\/arturf.com\/wp-content\/uploads\/2018\/06\/Tennis-Court-Artificial-Turf-F15-Red.jpg 800w\" sizes=\"auto, (max-width: 350px) 100vw, 350px\" \/>\t\t\t\t<\/a>\n\t\t\t<\/div>\n\t\t\t<div class=\"image-tools is-small top right show-on-hover\">\n\t\t\t\t\t\t\t<\/div>\n\t\t\t<div class=\"image-tools is-small hide-for-small bottom left show-on-hover\">\n\t\t\t\t\t\t\t<\/div>\n\t\t\t<div class=\"image-tools grid-tools text-center hide-for-small bottom hover-slide-in show-on-hover\">\n\t\t\t\t<a href=\"#quick-view\" class=\"quick-view\" role=\"button\" data-prod=\"6559\" aria-haspopup=\"dialog\" aria-expanded=\"false\" data-flatsome-role-button>Anteprima<\/a>\t\t\t<\/div>\n\t\t\t\t\t<\/div>\n\n\t\t<div class=\"box-text box-text-products\">\n\t\t\t<div class=\"title-wrapper\">\t\t<p class=\"category uppercase is-smaller no-text-overflow product-cat op-8\">\n\t\t\tTennis\t\t<\/p>\n\t<p class=\"name product-title woocommerce-loop-product__title\"><a href=\"https:\/\/arturf.com\/it\/product\/tennis-multi-sports-artificial-grass-elite\/\" class=\"woocommerce-LoopProduct-link woocommerce-loop-product__link\">Erba artificiale tennis e multisport - Elite<\/a><\/p><\/div><div class=\"price-wrapper\"><\/div>\t\t<\/div>\n\t<\/div>\n\t\t<\/div>\n<\/div><div class=\"product-small col has-hover product type-product post-6519 status-publish instock product_cat-golf product_cat-tennis product_cat-multi-purpose has-post-thumbnail shipping-taxable product-type-simple\">\n\t<div class=\"col-inner\">\n\t\n<div class=\"badge-container absolute left top z-1\">\n\n<\/div>\n\t<div class=\"product-small box\">\n\t\t<div class=\"box-image\">\n\t\t\t<div class=\"image-fade_in_back\">\n\t\t\t\t<a href=\"https:\/\/arturf.com\/it\/product\/flex\/\">\n\t\t\t\t\t<img loading=\"lazy\" decoding=\"async\" width=\"350\" height=\"263\" src=\"https:\/\/arturf.com\/wp-content\/uploads\/2018\/05\/Arturf-Putting-Green-Flex-Pro-16-1-1-350x263.jpg\" class=\"attachment-woocommerce_thumbnail size-woocommerce_thumbnail\" alt=\"Flettere\" srcset=\"https:\/\/arturf.com\/wp-content\/uploads\/2018\/05\/Arturf-Putting-Green-Flex-Pro-16-1-1-350x263.jpg 350w, https:\/\/arturf.com\/wp-content\/uploads\/2018\/05\/Arturf-Putting-Green-Flex-Pro-16-1-1-500x375.jpg 500w, https:\/\/arturf.com\/wp-content\/uploads\/2018\/05\/Arturf-Putting-Green-Flex-Pro-16-1-1-200x150.jpg 200w, https:\/\/arturf.com\/wp-content\/uploads\/2018\/05\/Arturf-Putting-Green-Flex-Pro-16-1-1-768x576.jpg 768w, https:\/\/arturf.com\/wp-content\/uploads\/2018\/05\/Arturf-Putting-Green-Flex-Pro-16-1-1-16x12.jpg 16w, https:\/\/arturf.com\/wp-content\/uploads\/2018\/05\/Arturf-Putting-Green-Flex-Pro-16-1-1-510x383.jpg 510w, https:\/\/arturf.com\/wp-content\/uploads\/2018\/05\/Arturf-Putting-Green-Flex-Pro-16-1-1.jpg 800w\" sizes=\"auto, (max-width: 350px) 100vw, 350px\" \/><img loading=\"lazy\" decoding=\"async\" width=\"350\" height=\"263\" src=\"https:\/\/arturf.com\/wp-content\/uploads\/2018\/05\/Flex-Green-350x263.jpg\" class=\"show-on-hover absolute fill hide-for-small back-image\" alt=\"Vista alternativa di Flex\" aria-hidden=\"true\" srcset=\"https:\/\/arturf.com\/wp-content\/uploads\/2018\/05\/Flex-Green-350x263.jpg 350w, https:\/\/arturf.com\/wp-content\/uploads\/2018\/05\/Flex-Green-500x375.jpg 500w, https:\/\/arturf.com\/wp-content\/uploads\/2018\/05\/Flex-Green-200x150.jpg 200w, https:\/\/arturf.com\/wp-content\/uploads\/2018\/05\/Flex-Green-768x576.jpg 768w, https:\/\/arturf.com\/wp-content\/uploads\/2018\/05\/Flex-Green-16x12.jpg 16w, https:\/\/arturf.com\/wp-content\/uploads\/2018\/05\/Flex-Green-510x383.jpg 510w, https:\/\/arturf.com\/wp-content\/uploads\/2018\/05\/Flex-Green.jpg 800w\" sizes=\"auto, (max-width: 350px) 100vw, 350px\" \/>\t\t\t\t<\/a>\n\t\t\t<\/div>\n\t\t\t<div class=\"image-tools is-small top right show-on-hover\">\n\t\t\t\t\t\t\t<\/div>\n\t\t\t<div class=\"image-tools is-small hide-for-small bottom left show-on-hover\">\n\t\t\t\t\t\t\t<\/div>\n\t\t\t<div class=\"image-tools grid-tools text-center hide-for-small bottom hover-slide-in show-on-hover\">\n\t\t\t\t<a href=\"#quick-view\" class=\"quick-view\" role=\"button\" data-prod=\"6519\" aria-haspopup=\"dialog\" aria-expanded=\"false\" data-flatsome-role-button>Anteprima<\/a>\t\t\t<\/div>\n\t\t\t\t\t<\/div>\n\n\t\t<div class=\"box-text box-text-products\">\n\t\t\t<div class=\"title-wrapper\">\t\t<p class=\"category uppercase is-smaller no-text-overflow product-cat op-8\">\n\t\t\tProdotti da golf\t\t<\/p>\n\t<p class=\"name product-title woocommerce-loop-product__title\"><a href=\"https:\/\/arturf.com\/it\/product\/flex\/\" class=\"woocommerce-LoopProduct-link woocommerce-loop-product__link\">Flettere<\/a><\/p><\/div><div class=\"price-wrapper\"><\/div>\t\t<\/div>\n\t<\/div>\n\t\t<\/div>\n<\/div><\/div>\n\n\n\t\t<\/div>\n\t\t\t\t\t<\/div>\n\n\t\n\n<\/div>","protected":false},"excerpt":{"rendered":"","protected":false},"author":3,"featured_media":0,"parent":2230,"menu_order":20,"comment_status":"closed","ping_status":"closed","template":"page-blank.php","meta":{"_seopress_robots_primary_cat":"","_seopress_titles_title":"","_seopress_titles_desc":"Enhance cricket with Arturf&#039;s premium artificial grass - durable, high-performance, low maintenance. Elevate your game now!","_seopress_robots_index":"","footnotes":""},"class_list":["post-4501","page","type-page","status-publish","hentry"],"_links":{"self":[{"href":"https:\/\/arturf.com\/it\/wp-json\/wp\/v2\/pages\/4501","targetHints":{"allow":["GET"]}}],"collection":[{"href":"https:\/\/arturf.com\/it\/wp-json\/wp\/v2\/pages"}],"about":[{"href":"https:\/\/arturf.com\/it\/wp-json\/wp\/v2\/types\/page"}],"author":[{"embeddable":true,"href":"https:\/\/arturf.com\/it\/wp-json\/wp\/v2\/users\/3"}],"replies":[{"embeddable":true,"href":"https:\/\/arturf.com\/it\/wp-json\/wp\/v2\/comments?post=4501"}],"version-history":[{"count":0,"href":"https:\/\/arturf.com\/it\/wp-json\/wp\/v2\/pages\/4501\/revisions"}],"up":[{"embeddable":true,"href":"https:\/\/arturf.com\/it\/wp-json\/wp\/v2\/pages\/2230"}],"wp:attachment":[{"href":"https:\/\/arturf.com\/it\/wp-json\/wp\/v2\/media?parent=4501"}],"curies":[{"name":"parola chiave","href":"https:\/\/api.w.org\/{rel}","templated":true}]}}