{"id":6786,"date":"2018-08-04T08:57:54","date_gmt":"2018-08-04T08:57:54","guid":{"rendered":"https:\/\/arturf.com\/?page_id=6786"},"modified":"2023-07-13T11:29:03","modified_gmt":"2023-07-13T03:29:03","slug":"artificial-grass-factory","status":"publish","type":"page","link":"https:\/\/arturf.com\/it\/about\/artificial-grass-factory\/","title":{"rendered":"Fabbrica di erba artificiale"},"content":{"rendered":"<section class=\"section dark\" id=\"section_1973097747\">\n\t\t<div class=\"section-bg fill\" >\n\t\t\t<img loading=\"lazy\" decoding=\"async\" width=\"1536\" height=\"1152\" src=\"https:\/\/arturf.com\/wp-content\/uploads\/2023\/07\/Arturf-Factory-Artificial-Grass-Tufting-1536x1152.jpg\" class=\"bg attachment-1536x1536 size-1536x1536\" alt=\"produttore\" \/>\t\t\t\t\t\t<div class=\"section-bg-overlay absolute fill\"><\/div>\n\t\t\t\n\n\t\t<\/div>\n\n\t\t\n\n\t\t<div class=\"section-content relative\">\n\t\t\t\n\n<div class=\"row align-center\"  id=\"row-2021558691\">\n\n\n\t<div id=\"col-1363726068\" class=\"col medium-10 small-12 large-7\"  >\n\t\t\t\t<div class=\"col-inner text-center\"  >\n\t\t\t\n\t\t\t\n\n<div class=\"video-button-wrapper\" style=\"font-size:120%\"><a href=\"https:\/\/www.youtube.com\/watch?v=zJLf-lc35wc\" class=\"button open-video icon circle is-outline is-xlarge\" role=\"button\" aria-label=\"Apri il video in lightbox\" data-flatsome-role-button><i class=\"icon-play\" aria-hidden=\"true\" style=\"font-size:1.5em;\"><\/i><\/a><\/div>\n\n\t<div id=\"text-3235480037\" class=\"text\">\n\t\t\n\n<h1>Fabbrica di erba artificiale<\/h1>\n\t\t\n<style>\n#text-3235480037 {\n  font-size: 1.5rem;\n}\n<\/style>\n\t<\/div>\n\t\n<p>Arturf si distingue come produttore leader di erba artificiale in Cina mantenendo il controllo completo sull&#039;intero processo di produzione.<\/p>\n\t<div id=\"gap-670563855\" class=\"gap-element clearfix\" style=\"display:block; height:auto;\">\n\t\t\n<style>\n#gap-670563855 {\n  padding-top: 10px;\n}\n<\/style>\n\t<\/div>\n\t\n\n\n\t\t<\/div>\n\t\t\t\t\t<\/div>\n\n\t\n\n<\/div>\n\n\t\t<\/div>\n\n\t\t\n<style>\n#section_1973097747 {\n  padding-top: 30px;\n  padding-bottom: 30px;\n  min-height: 600px;\n}\n#section_1973097747 .section-bg-overlay {\n  background-color: rgba(0, 0, 0, 0.5);\n}\n@media (min-width:550px) {\n  #section_1973097747 {\n    min-height: 700px;\n  }\n}\n@media (min-width:850px) {\n  #section_1973097747 {\n    min-height: 900px;\n  }\n}\n<\/style>\n\t<\/section>\n\t\n<div class=\"row align-middle align-center\"  id=\"row-174709065\">\n\n\n\t<div id=\"col-562474941\" class=\"col small-12 large-12\"  >\n\t\t\t\t<div class=\"col-inner\"  >\n\t\t\t\n\t\t\t\n\n\t<div id=\"gap-645747718\" class=\"gap-element clearfix\" style=\"display:block; height:auto;\">\n\t\t\n<style>\n#gap-645747718 {\n  padding-top: 30px;\n}\n<\/style>\n\t<\/div>\n\t\n\n<p>Arturf, un affidabile produttore di erba artificiale in Cina, si distingue dalla concorrenza supervisionando l&#039;intero processo di produzione, garantendo un controllo rigoroso e una qualit\u00e0 impeccabile. Unisciti a noi in uno straordinario tour della fabbrica mentre sveliamo le complessit\u00e0 delle nostre tre fasi di produzione essenziali: estrusione di fibre, tufting del tappeto erboso e rivestimento posteriore. Ogni passaggio contribuisce alla creazione dei nostri prodotti in erba artificiale di qualit\u00e0 superiore.<\/p>\n\n\t\t<\/div>\n\t\t\t\t\t<\/div>\n\n\t\n\n<\/div>\n<div class=\"row align-middle\"  id=\"row-43232562\">\n\n\n\t<div id=\"col-1629514619\" class=\"col medium-6 small-12 large-6\"  >\n\t\t\t\t<div class=\"col-inner\"  >\n\t\t\t\n\t\t\t\n\n\t<div id=\"gap-1293760015\" class=\"gap-element clearfix\" style=\"display:block; height:auto;\">\n\t\t\n<style>\n#gap-1293760015 {\n  padding-top: 30px;\n}\n<\/style>\n\t<\/div>\n\t\n\n<h3>Estrusione: creazione dell&#039;essenza dell&#039;erba artificiale<\/h3>\n<p>Al centro di qualsiasi sistema di erba artificiale si trova il filato, un componente cruciale che influenza direttamente le prestazioni e la durata. In Arturf prendiamo molto sul serio questo aspetto. Il nostro filato \u00e8 meticolosamente realizzato utilizzando pellet di resina di alta qualit\u00e0, che vengono fusi per formare la base dei nostri filati di erba artificiale. Durante questo cruciale processo di estrusione, incorporiamo inibitori UV di alta qualit\u00e0 e altri additivi che migliorano la longevit\u00e0 dei nostri prodotti in erba sintetica. Queste caratteristiche diventano parte integrante dell&#039;erba, assicurando che non sbiadiscano o si dilavano mai nel tempo. Attraverso l&#039;arte dell&#039;estrusione, diamo vita alle nostre resine, trasformandole in filati resistenti e durevoli.<\/p>\n\n\t\t<\/div>\n\t\t\t\t\t<\/div>\n\n\t\n\n\t<div id=\"col-169449156\" class=\"col medium-6 small-12 large-6 small-col-first\"  >\n\t\t\t\t<div class=\"col-inner\"  >\n\t\t\t\n\t\t\t\n\n\t<div id=\"gap-2094581505\" class=\"gap-element clearfix\" style=\"display:block; height:auto;\">\n\t\t\n<style>\n#gap-2094581505 {\n  padding-top: 30px;\n}\n<\/style>\n\t<\/div>\n\t\n\n\t<div class=\"box has-hover   has-hover box-overlay dark box-text-middle\" >\n\n\t\t<div class=\"box-image\" style=\"border-radius:100%;width:80%;\">\n\t\t\t\t\t\t<div class=\"image-zoom-long image-cover\" style=\"padding-top:100%;\">\n\t\t\t\t<img loading=\"lazy\" decoding=\"async\" width=\"1000\" height=\"750\" src=\"https:\/\/arturf.com\/wp-content\/uploads\/2018\/12\/Yarn-Producing-4.jpg\" class=\"attachment-large size-large\" alt=\"produttore\" srcset=\"https:\/\/arturf.com\/wp-content\/uploads\/2018\/12\/Yarn-Producing-4.jpg 1000w, https:\/\/arturf.com\/wp-content\/uploads\/2018\/12\/Yarn-Producing-4-300x225.jpg 300w, https:\/\/arturf.com\/wp-content\/uploads\/2018\/12\/Yarn-Producing-4-200x150.jpg 200w, https:\/\/arturf.com\/wp-content\/uploads\/2018\/12\/Yarn-Producing-4-768x576.jpg 768w, https:\/\/arturf.com\/wp-content\/uploads\/2018\/12\/Yarn-Producing-4-16x12.jpg 16w, https:\/\/arturf.com\/wp-content\/uploads\/2018\/12\/Yarn-Producing-4-350x263.jpg 350w, https:\/\/arturf.com\/wp-content\/uploads\/2018\/12\/Yarn-Producing-4-510x383.jpg 510w\" sizes=\"auto, (max-width: 1000px) 100vw, 1000px\" \/>\t\t\t\t<div class=\"overlay\" style=\"background-color:1\"><\/div>\t\t\t\t\t\t\t<\/div>\n\t\t\t\t\t<\/div>\n\n\t\t<div class=\"box-text text-center\" >\n\t\t\t<div class=\"box-text-inner\">\n\t\t\t\t\n\n<h4>Estrusione di filati<\/h4>\n\n\t\t\t<\/div>\n\t\t<\/div>\n\t<\/div>\n\t\n\n\t\t<\/div>\n\t\t\t\t\t<\/div>\n\n\t\n\n<\/div>\n\t<div id=\"gap-2069080731\" class=\"gap-element clearfix\" style=\"display:block; height:auto;\">\n\t\t\n<style>\n#gap-2069080731 {\n  padding-top: 80px;\n}\n<\/style>\n\t<\/div>\n\t\n\n<div class=\"row align-middle\"  id=\"row-684832979\">\n\n\n\t<div id=\"col-1703081491\" class=\"col medium-6 small-12 large-6 small-col-first\"  >\n\t\t\t\t<div class=\"col-inner\"  >\n\t\t\t\n\t\t\t\n\n\t<div id=\"gap-692150866\" class=\"gap-element clearfix\" style=\"display:block; height:auto;\">\n\t\t\n<style>\n#gap-692150866 {\n  padding-top: 30px;\n}\n<\/style>\n\t<\/div>\n\t\n\n\t<div class=\"box has-hover   has-hover box-overlay dark box-text-middle\" >\n\n\t\t<div class=\"box-image\" style=\"border-radius:100%;width:80%;\">\n\t\t\t\t\t\t<div class=\"image-zoom-long image-cover\" style=\"padding-top:100%;\">\n\t\t\t\t<img loading=\"lazy\" decoding=\"async\" width=\"1000\" height=\"750\" src=\"https:\/\/arturf.com\/wp-content\/uploads\/2018\/12\/Artificial-Grass-Tufting-2.jpg\" class=\"attachment- size-\" alt=\"produttore\" srcset=\"https:\/\/arturf.com\/wp-content\/uploads\/2018\/12\/Artificial-Grass-Tufting-2.jpg 1000w, https:\/\/arturf.com\/wp-content\/uploads\/2018\/12\/Artificial-Grass-Tufting-2-300x225.jpg 300w, https:\/\/arturf.com\/wp-content\/uploads\/2018\/12\/Artificial-Grass-Tufting-2-200x150.jpg 200w, https:\/\/arturf.com\/wp-content\/uploads\/2018\/12\/Artificial-Grass-Tufting-2-768x576.jpg 768w, https:\/\/arturf.com\/wp-content\/uploads\/2018\/12\/Artificial-Grass-Tufting-2-16x12.jpg 16w, https:\/\/arturf.com\/wp-content\/uploads\/2018\/12\/Artificial-Grass-Tufting-2-350x263.jpg 350w, https:\/\/arturf.com\/wp-content\/uploads\/2018\/12\/Artificial-Grass-Tufting-2-510x383.jpg 510w\" sizes=\"auto, (max-width: 1000px) 100vw, 1000px\" \/>\t\t\t\t<div class=\"overlay\" style=\"background-color:1\"><\/div>\t\t\t\t\t\t\t<\/div>\n\t\t\t\t\t<\/div>\n\n\t\t<div class=\"box-text text-center\" >\n\t\t\t<div class=\"box-text-inner\">\n\t\t\t\t\n\n<h4>Erba artificiale Tufting<\/h4>\n\n\t\t\t<\/div>\n\t\t<\/div>\n\t<\/div>\n\t\n\n\t\t<\/div>\n\t\t\t\t\t<\/div>\n\n\t\n\n\t<div id=\"col-655414632\" class=\"col medium-6 small-12 large-6\"  >\n\t\t\t\t<div class=\"col-inner\"  >\n\t\t\t\n\t\t\t\n\n\t<div id=\"gap-317996900\" class=\"gap-element clearfix\" style=\"display:block; height:auto;\">\n\t\t\n<style>\n#gap-317996900 {\n  padding-top: 30px;\n}\n<\/style>\n\t<\/div>\n\t\n\n<h3>Tufting: intrecciare l&#039;eccellenza in ogni filo<\/h3>\n<p>Una volta che i filati di erba artificiale sono completi, vengono sottoposti al processo di tufting per creare un robusto supporto. Questo supporto, realizzato in tessuto o stoffa, costituisce il fondamento dell&#039;erba sintetica.<\/p>\n<p>Durante il tufting, i fili di erba artificiale o i fasci di filamenti vengono intrecciati meticolosamente nel supporto, formando anelli. Un ago specializzato, simile a un grande ago da cucito, spinge attraverso il supporto, intrecciandosi con i fili per creare anelli o pile. Questi anelli vengono quindi tagliati con precisione, risultando in singoli mucchi di erba. Nelle nostre linee di produzione tufting utilizziamo macchinari all&#039;avanguardia dotati di oltre 1000 aghi per fila, variabili in base alla larghezza del manto erboso e all&#039;intensit\u00e0 del pelo desiderata. Nella fabbrica di erba artificiale di Arturf, siamo orgogliosi delle nostre avanzate linee di produzione di tufting, composte da professionisti esperti con oltre sei anni di esperienza.<\/p>\n\n\t\t<\/div>\n\t\t\t\t\t<\/div>\n\n\t\n\n<\/div>\n\t<div id=\"gap-1066599570\" class=\"gap-element clearfix\" style=\"display:block; height:auto;\">\n\t\t\n<style>\n#gap-1066599570 {\n  padding-top: 80px;\n}\n<\/style>\n\t<\/div>\n\t\n\n<div class=\"row align-middle\"  id=\"row-1044543795\">\n\n\n\t<div id=\"col-167392035\" class=\"col medium-6 small-12 large-6\"  >\n\t\t\t\t<div class=\"col-inner\"  >\n\t\t\t\n\t\t\t\n\n\t<div id=\"gap-43899922\" class=\"gap-element clearfix\" style=\"display:block; height:auto;\">\n\t\t\n<style>\n#gap-43899922 {\n  padding-top: 30px;\n}\n<\/style>\n\t<\/div>\n\t\n\n<h3>Rivestimento: garanzia di qualit\u00e0 per prestazioni ottimali<\/h3>\n<p>Dopo il processo di tufting, \u00e8 essenziale fissare saldamente i fili di erba artificiale al supporto, evitando ogni possibilit\u00e0 che si stacchino durante l&#039;uso.<\/p>\n<p>Nella terza fase, applichiamo lattice o poliuretano sul retro del supporto, assicurando un forte legame tra i filati e il supporto, fornendo anche una maggiore rigidit\u00e0.<\/p>\n<p>Il lattice o poliuretano \u00e8 inizialmente allo stato liquido, simile alla colla, quando viene applicato al tappeto. Tuttavia, durante il processo di rivestimento, si indurisce, rinforzando il tappeto e fissando saldamente i cumuli d&#039;erba. Per facilitare un drenaggio efficiente, vengono praticati meticolosamente dei piccoli fori nel tappeto erboso, consentendo all&#039;acqua di defluire dalla superficie e nel terreno sottostante, anche in caso di forti piogge. Mentre questi fori di drenaggio rimangono invisibili, svolgono un ruolo cruciale nel mantenere l&#039;integrit\u00e0 del sistema di erba artificiale.<\/p>\n\n\t\t<\/div>\n\t\t\t\t\t<\/div>\n\n\t\n\n\t<div id=\"col-489362469\" class=\"col medium-6 small-12 large-6 small-col-first\"  >\n\t\t\t\t<div class=\"col-inner\"  >\n\t\t\t\n\t\t\t\n\n\t<div id=\"gap-176448652\" class=\"gap-element clearfix\" style=\"display:block; height:auto;\">\n\t\t\n<style>\n#gap-176448652 {\n  padding-top: 30px;\n}\n<\/style>\n\t<\/div>\n\t\n\n\t<div class=\"box has-hover   has-hover box-overlay dark box-text-middle\" >\n\n\t\t<div class=\"box-image\" style=\"border-radius:100%;width:80%;\">\n\t\t\t\t\t\t<div class=\"image-zoom-long image-cover\" style=\"padding-top:100%;\">\n\t\t\t\t<img loading=\"lazy\" decoding=\"async\" width=\"750\" height=\"562\" src=\"https:\/\/arturf.com\/wp-content\/uploads\/2018\/12\/Artificial-Grass-Coating.jpg\" class=\"attachment- size-\" alt=\"produttore\" srcset=\"https:\/\/arturf.com\/wp-content\/uploads\/2018\/12\/Artificial-Grass-Coating.jpg 750w, https:\/\/arturf.com\/wp-content\/uploads\/2018\/12\/Artificial-Grass-Coating-300x225.jpg 300w, https:\/\/arturf.com\/wp-content\/uploads\/2018\/12\/Artificial-Grass-Coating-200x150.jpg 200w, https:\/\/arturf.com\/wp-content\/uploads\/2018\/12\/Artificial-Grass-Coating-16x12.jpg 16w, https:\/\/arturf.com\/wp-content\/uploads\/2018\/12\/Artificial-Grass-Coating-350x263.jpg 350w, https:\/\/arturf.com\/wp-content\/uploads\/2018\/12\/Artificial-Grass-Coating-510x382.jpg 510w\" sizes=\"auto, (max-width: 750px) 100vw, 750px\" \/>\t\t\t\t<div class=\"overlay\" style=\"background-color:1\"><\/div>\t\t\t\t\t\t\t<\/div>\n\t\t\t\t\t<\/div>\n\n\t\t<div class=\"box-text text-center\" >\n\t\t\t<div class=\"box-text-inner\">\n\t\t\t\t\n\n<h4>Rivestimento di supporto<\/h4>\n\n\t\t\t<\/div>\n\t\t<\/div>\n\t<\/div>\n\t\n\n\t\t<\/div>\n\t\t\t\t\t<\/div>\n\n\t\n\n<\/div>\n\t<div id=\"gap-2090374394\" class=\"gap-element clearfix\" style=\"display:block; height:auto;\">\n\t\t\n<style>\n#gap-2090374394 {\n  padding-top: 80px;\n}\n<\/style>\n\t<\/div>\n\t\n\n\t<div id=\"gap-1029711055\" class=\"gap-element clearfix\" style=\"display:block; height:auto;\">\n\t\t\n<style>\n#gap-1029711055 {\n  padding-top: 80px;\n}\n<\/style>\n\t<\/div>\n\t\n\n<div class=\"row align-middle\"  id=\"row-471084895\">\n\n\n\t<div id=\"col-1608648803\" class=\"col medium-6 small-12 large-6 small-col-first\"  >\n\t\t\t\t<div class=\"col-inner\"  >\n\t\t\t\n\t\t\t\n\n\t<div id=\"gap-1856065645\" class=\"gap-element clearfix\" style=\"display:block; height:auto;\">\n\t\t\n<style>\n#gap-1856065645 {\n  padding-top: 30px;\n}\n<\/style>\n\t<\/div>\n\t\n\n\t<div class=\"box has-hover   has-hover box-overlay dark box-text-middle\" >\n\n\t\t<div class=\"box-image\" style=\"border-radius:100%;width:80%;\">\n\t\t\t\t\t\t<div class=\"image-zoom-long image-cover\" style=\"padding-top:100%;\">\n\t\t\t\t<img loading=\"lazy\" decoding=\"async\" width=\"1000\" height=\"749\" src=\"https:\/\/arturf.com\/wp-content\/uploads\/2018\/12\/Artificial-Grass-Warehousing.jpg\" class=\"attachment- size-\" alt=\"produttore\" srcset=\"https:\/\/arturf.com\/wp-content\/uploads\/2018\/12\/Artificial-Grass-Warehousing.jpg 1000w, https:\/\/arturf.com\/wp-content\/uploads\/2018\/12\/Artificial-Grass-Warehousing-300x225.jpg 300w, https:\/\/arturf.com\/wp-content\/uploads\/2018\/12\/Artificial-Grass-Warehousing-200x150.jpg 200w, https:\/\/arturf.com\/wp-content\/uploads\/2018\/12\/Artificial-Grass-Warehousing-768x575.jpg 768w, https:\/\/arturf.com\/wp-content\/uploads\/2018\/12\/Artificial-Grass-Warehousing-16x12.jpg 16w, https:\/\/arturf.com\/wp-content\/uploads\/2018\/12\/Artificial-Grass-Warehousing-350x263.jpg 350w, https:\/\/arturf.com\/wp-content\/uploads\/2018\/12\/Artificial-Grass-Warehousing-510x382.jpg 510w\" sizes=\"auto, (max-width: 1000px) 100vw, 1000px\" \/>\t\t\t\t<div class=\"overlay\" style=\"background-color:1\"><\/div>\t\t\t\t\t\t\t<\/div>\n\t\t\t\t\t<\/div>\n\n\t\t<div class=\"box-text text-center\" >\n\t\t\t<div class=\"box-text-inner\">\n\t\t\t\t\n\n<h4>Magazzino prodotti finiti<\/h4>\n\n\t\t\t<\/div>\n\t\t<\/div>\n\t<\/div>\n\t\n\n\t\t<\/div>\n\t\t\t\t\t<\/div>\n\n\t\n\n\t<div id=\"col-1673749143\" class=\"col medium-6 small-12 large-6\"  >\n\t\t\t\t<div class=\"col-inner\"  >\n\t\t\t\n\t\t\t\n\n\t<div id=\"gap-755719643\" class=\"gap-element clearfix\" style=\"display:block; height:auto;\">\n\t\t\n<style>\n#gap-755719643 {\n  padding-top: 30px;\n}\n<\/style>\n\t<\/div>\n\t\n\n<h3>Magazzinaggio - Protezione della qualit\u00e0<\/h3>\n<p>Prima della spedizione, i rotoli di erba artificiale vengono immagazzinati in modo sicuro nel nostro moderno magazzino, progettato esclusivamente per lo stoccaggio di erba artificiale. Ad ogni rotolo \u00e8 assegnato un codice per una facile differenziazione e la massima cura fino alla consegna.<\/p>\n\n\t\t<\/div>\n\t\t\t\t\t<\/div>\n\n\t\n\n<\/div>\n\t<div id=\"gap-1576387993\" class=\"gap-element clearfix\" style=\"display:block; height:auto;\">\n\t\t\n<style>\n#gap-1576387993 {\n  padding-top: 30px;\n}\n<\/style>\n\t<\/div>\n\t\n\n<div class=\"row align-center\"  id=\"row-174696873\">\n\n\n\t<div id=\"col-645388203\" class=\"col medium-10 small-12 large-10\"  >\n\t\t\t\t<div class=\"col-inner text-left\"  >\n\t\t\t\n\t\t\t\n\n<p>La soddisfazione del cliente \u00e8 la nostra massima priorit\u00e0 in Arturf. Per garantire ci\u00f2, ci sforziamo continuamente di migliorare e perfezionare vari aspetti delle nostre operazioni, tra cui la nostra catena di fornitura, i processi di controllo della qualit\u00e0, la lavorazione della produzione, la formazione del personale e le linee di produzione. Se stai cercando un affidabile produttore di erba artificiale, Arturf \u00e8 la scelta perfetta per te.<\/p>\n\t<div id=\"gap-81826950\" class=\"gap-element clearfix\" style=\"display:block; height:auto;\">\n\t\t\n<style>\n#gap-81826950 {\n  padding-top: 30px;\n}\n<\/style>\n\t<\/div>\n\t\n\n<div class=\"nav-wrapper\"><ul class=\"nav nav-uppercase nav-horizontal nav-pills text-center nav-center\"><li class=\"active\"><a href=\"https:\/\/arturf.com\/it\/about\/artificial-grass-factory\/\">Fabbrica di erba artificiale<\/a><\/li><li class=\"\"><a href=\"https:\/\/arturf.com\/it\/about\/quality-assurance\/\">Garanzia di qualit\u00e0<\/a><\/li><li class=\"\"><a href=\"https:\/\/arturf.com\/it\/about\/technology-innovation\/\">Tecnologia e innovazione<\/a><\/li><\/ul><\/div>\n\n\n\t\t<\/div>\n\t\t\t\t\t<\/div>\n\n\t\n\n<\/div>","protected":false},"excerpt":{"rendered":"","protected":false},"author":3,"featured_media":0,"parent":5652,"menu_order":1,"comment_status":"closed","ping_status":"closed","template":"page-blank.php","meta":{"_seopress_robots_primary_cat":"","_seopress_titles_title":"Artificial Grass Factory","_seopress_titles_desc":"A leading artificial grass factory in China. We control the whole process of manufacturing from start to finish.","_seopress_robots_index":"","footnotes":""},"class_list":["post-6786","page","type-page","status-publish","hentry"],"_links":{"self":[{"href":"https:\/\/arturf.com\/it\/wp-json\/wp\/v2\/pages\/6786","targetHints":{"allow":["GET"]}}],"collection":[{"href":"https:\/\/arturf.com\/it\/wp-json\/wp\/v2\/pages"}],"about":[{"href":"https:\/\/arturf.com\/it\/wp-json\/wp\/v2\/types\/page"}],"author":[{"embeddable":true,"href":"https:\/\/arturf.com\/it\/wp-json\/wp\/v2\/users\/3"}],"replies":[{"embeddable":true,"href":"https:\/\/arturf.com\/it\/wp-json\/wp\/v2\/comments?post=6786"}],"version-history":[{"count":0,"href":"https:\/\/arturf.com\/it\/wp-json\/wp\/v2\/pages\/6786\/revisions"}],"up":[{"embeddable":true,"href":"https:\/\/arturf.com\/it\/wp-json\/wp\/v2\/pages\/5652"}],"wp:attachment":[{"href":"https:\/\/arturf.com\/it\/wp-json\/wp\/v2\/media?parent=6786"}],"curies":[{"name":"parola chiave","href":"https:\/\/api.w.org\/{rel}","templated":true}]}}