{"id":7057,"date":"2018-11-29T08:02:12","date_gmt":"2018-11-29T08:02:12","guid":{"rendered":"https:\/\/arturf.com\/?page_id=7057"},"modified":"2023-07-14T22:00:30","modified_gmt":"2023-07-14T14:00:30","slug":"technology-innovation","status":"publish","type":"page","link":"https:\/\/arturf.com\/it\/about\/technology-innovation\/","title":{"rendered":"Tecnologia e innovazione"},"content":{"rendered":"<section class=\"section has-scroll-for-more\" id=\"section_2088950402\">\n\t\t<div class=\"section-bg fill\" >\n\t\t\t\t\t\t\t\t\t<button class=\"scroll-for-more z-5 icon absolute bottom h-center\" aria-label=\"Scorri per ulteriori informazioni\"><i class=\"icon-angle-down\" aria-hidden=\"true\" style=\"font-size:42px;\"><\/i><\/button>\n\t\t\t\n\n\t\t<\/div>\n\n\t\t\n\n\t\t<div class=\"section-content relative\">\n\t\t\t\n\n<div class=\"row align-center\"  id=\"row-1773100667\">\n\n\n\t<div id=\"col-1871851621\" class=\"col medium-8 small-10 large-7\"  >\n\t\t\t\t<div class=\"col-inner text-center\"  >\n\t\t\t\n\t\t\t\n\n<h2 style=\"font-size: 250%;\">Ci dedichiamo a rimanere all&#039;avanguardia della tecnologia e dell&#039;innovazione<\/h2>\n\n\t\t<\/div>\n\t\t\t\t\n<style>\n#col-1871851621 > .col-inner {\n  padding: 40px 0px 0px 0px;\n}\n<\/style>\n\t<\/div>\n\n\t\n\n<\/div>\n\n\t\t<\/div>\n\n\t\t\n<style>\n#section_2088950402 {\n  padding-top: 30px;\n  padding-bottom: 30px;\n}\n<\/style>\n\t<\/section>\n\t\n\n\t<section class=\"section\" id=\"section_650641671\">\n\t\t<div class=\"section-bg fill\" >\n\t\t\t\t\t\t\t\t\t\n\t\t\t\n\n\t\t<\/div>\n\n\t\t\n\n\t\t<div class=\"section-content relative\">\n\t\t\t\n\n<div class=\"row align-middle\"  id=\"row-885961869\">\n\n\n\t<div id=\"col-665527210\" class=\"col medium-4 small-12 large-4\"  >\n\t\t\t\t<div class=\"col-inner\"  >\n\t\t\t\n\t\t\t\n\n\n  <div class=\"banner has-hover\" id=\"banner-1150827941\">\n          <div class=\"banner-inner fill\">\n        <div class=\"banner-bg fill\" >\n            <img loading=\"lazy\" decoding=\"async\" width=\"500\" height=\"375\" src=\"https:\/\/arturf.com\/wp-content\/uploads\/2023\/07\/Arturf-Artificial-Turf-Fiber-500x375.jpg\" class=\"bg attachment-medium size-medium\" alt=\"Tecnologia, innovazione\" \/>                                    \n                    <\/div>\n\t\t\n        <div class=\"banner-layers container\">\n            <div class=\"fill banner-link\"><\/div>            \n\n\n        <\/div>\n      <\/div>\n\n            \n<style>\n#banner-1150827941 {\n  padding-top: 250px;\n  background-color: rgb(247, 245, 244);\n}\n@media (min-width:550px) {\n  #banner-1150827941 {\n    padding-top: 99.99%;\n  }\n}\n<\/style>\n  <\/div>\n\n\n\n\t\t<\/div>\n\t\t\t\t\t<\/div>\n\n\t\n\n\t<div id=\"col-296282344\" class=\"col medium-4 small-12 large-4\"  >\n\t\t\t\t<div class=\"col-inner\"  >\n\t\t\t\n\t\t\t\n\n\n  <div class=\"banner has-hover has-parallax\" id=\"banner-669856694\">\n          <div class=\"banner-inner fill\">\n        <div class=\"banner-bg fill\" data-parallax=\"-6\" data-parallax-container=\".banner\" data-parallax-background>\n            <img loading=\"lazy\" decoding=\"async\" width=\"768\" height=\"575\" src=\"https:\/\/arturf.com\/wp-content\/uploads\/2018\/04\/NON-INFILL-FOOTBALL-GRASS-NFMT30-2-768x575.jpg\" class=\"bg attachment-medium_large size-medium_large\" alt=\"Tecnologia, innovazione\" \/>                                    \n                    <\/div>\n\t\t\n        <div class=\"banner-layers container\">\n            <div class=\"fill banner-link\"><\/div>            \n\n\n        <\/div>\n      <\/div>\n\n            \n<style>\n#banner-669856694 {\n  padding-top: 400px;\n  background-color: rgb(247, 245, 244);\n}\n@media (min-width:850px) {\n  #banner-669856694 {\n    padding-top: 500px;\n  }\n}\n<\/style>\n  <\/div>\n\n\n\n\t\t<\/div>\n\t\t\t\t\t<\/div>\n\n\t\n\n\t<div id=\"col-739231019\" class=\"col medium-4 small-12 large-4\"  >\n\t\t\t\t<div class=\"col-inner\"  >\n\t\t\t\n\t\t\t\n\n\n  <div class=\"banner has-hover\" id=\"banner-152946023\">\n          <div class=\"banner-inner fill\">\n        <div class=\"banner-bg fill\" >\n            <img loading=\"lazy\" decoding=\"async\" width=\"500\" height=\"334\" src=\"https:\/\/arturf.com\/wp-content\/uploads\/2023\/07\/Pet-Artificial-Turf-PetGo-2-500x334.jpg\" class=\"bg attachment-medium size-medium\" alt=\"Tecnologia, innovazione\" \/>                                    \n                    <\/div>\n\t\t\n        <div class=\"banner-layers container\">\n            <div class=\"fill banner-link\"><\/div>            \n\n\n        <\/div>\n      <\/div>\n\n            \n<style>\n#banner-152946023 {\n  padding-top: 250px;\n  background-color: rgb(247, 245, 244);\n}\n@media (min-width:550px) {\n  #banner-152946023 {\n    padding-top: 99.99%;\n  }\n}\n<\/style>\n  <\/div>\n\n\n\n\t\t<\/div>\n\t\t\t\t\t<\/div>\n\n\t\n\n<\/div>\n\n\t\t<\/div>\n\n\t\t\n<style>\n#section_650641671 {\n  padding-top: 30px;\n  padding-bottom: 30px;\n}\n<\/style>\n\t<\/section>\n\t\n\n\t<section class=\"section\" id=\"section_1034322015\">\n\t\t<div class=\"section-bg fill\" >\n\t\t\t\t\t\t\t\t\t\n\t\t\t\n\n\t\t<\/div>\n\n\t\t\n\n\t\t<div class=\"section-content relative\">\n\t\t\t\n\n<div class=\"row align-center\"  id=\"row-2003641346\">\n\n\n\t<div id=\"col-1547301515\" class=\"col medium-7 small-12 large-7\"  >\n\t\t\t\t<div class=\"col-inner\"  >\n\t\t\t\n\t\t\t\n\n<p>In Arturf, ci impegniamo a investire continuamente in tecnologia e innovazione per aprire la strada nel settore dell&#039;erba artificiale. Attraverso i nostri continui sforzi di ricerca e sviluppo, ci sforziamo di migliorare le prestazioni, l&#039;estetica naturale e la durata dei nostri prodotti in erba artificiale.<\/p>\n<h3>Esempi dei nostri progressi tecnologici:<\/h3>\n<h4>1. Forma del filato:<\/h4>\n<p>La forma del filato \u00e8 un fattore cruciale nel determinare la qualit\u00e0 finale dell&#039;erba artificiale. Il nostro team di Arturf ha sviluppato una gamma di distinti <a href=\"https:\/\/arturf.com\/it\/knowledge-hub\/exploring-artificial-turf-yarn-shapes\/\">forme di filato<\/a>, ciascuno con caratteristiche uniche. Queste forme influenzano in modo significativo l&#039;aspetto visivo, la consistenza e le prestazioni complessive dei fili d&#039;erba artificiale.<\/p>\n<h4>2. Colore realistico:<\/h4>\n<p>Traendo ispirazione dalla bellezza dell&#039;erba naturale, riproduciamo meticolosamente i colori di varie specie di erba per imitare le loro tonalit\u00e0 vibranti durante le stagioni. Comprendiamo che i clienti di diverse regioni hanno preferenze diverse e offriamo una vasta gamma di colori per soddisfare le esigenze individuali.<\/p>\n<h4>3. Tappeto erboso senza riempimento:<\/h4>\n<p>Attraverso l&#039;ingegneria innovativa, siamo pionieri <a href=\"https:\/\/arturf.com\/it\/buyers-guide\/infill-or-non-infill-artificial-grass\/\">tappeto erboso non intaso<\/a> soluzioni che eliminano la necessit\u00e0 di materiali di riempimento come gomma o sabbia. Questa tecnologia innovativa semplifica il processo di installazione, riduce i requisiti di manutenzione e garantisce prestazioni e durata eccezionali.<\/p>\n<h4>4. Tappeto erboso per animali domestici:<\/h4>\n<p>Riconosciamo l&#039;importanza di fornire un ambiente sicuro e confortevole per i nostri amici a quattro zampe. Per risolvere questo problema, abbiamo sviluppato un tappeto erboso per animali domestici progettato per resistere a un uso intenso, resistere agli odori e consentire una facile pulizia. Nostro <a href=\"https:\/\/arturf.com\/it\/product\/pet-artificial-grass-pawscape\/\">erba artificiale adatta agli animali domestici<\/a> \u00e8 ideale sia per applicazioni residenziali che commerciali.<\/p>\n<h4>5. Tappeto erboso antistatico:<\/h4>\n<p>Per migliorare l&#039;esperienza dell&#039;utente, abbiamo introdotto <a href=\"https:\/\/arturf.com\/it\/product\/anti-static-artificial-grass\/\">tappeto erboso antistatico<\/a>. Questa soluzione innovativa riduce efficacemente l&#039;accumulo di elettricit\u00e0 statica sulla superficie erbosa, creando un ambiente pi\u00f9 piacevole e confortevole per le persone e gli animali domestici.<\/p>\n<h4>6. Cucitura a Z:<\/h4>\n<p>Offriamo due metodi di cucitura: 1 forma di cucitura e <a href=\"https:\/\/arturf.com\/it\/knowledge-hub\/w-stitch-tufted-artificial-grass\/\">Forma di cucitura a Z<\/a>. Sebbene entrambi i metodi soddisfino standard rigorosi, la forma di cucitura a Z garantisce una distribuzione pi\u00f9 uniforme delle fibre d&#039;erba e migliora la forza adesiva. Ci\u00f2 si traduce in una migliore qualit\u00e0 e prestazioni complessive della nostra erba artificiale.<\/p>\n<p>Questi esempi sono solo un assaggio della nostra dedizione ai progressi tecnologici e all&#039;innovazione. A Arturf, rimaniamo impegnati a spingere i confini della tecnologia dell&#039;erba artificiale. Investendo continuamente in ricerca e sviluppo, ci sforziamo di fornire prodotti eccezionali che superino le aspettative dei clienti.<\/p>\n\n\t\t<\/div>\n\t\t\t\t\n<style>\n#col-1547301515 > .col-inner {\n  margin: 0px 0px -60px 0px;\n}\n<\/style>\n\t<\/div>\n\n\t\n\n<\/div>\n\n\t\t<\/div>\n\n\t\t\n<style>\n#section_1034322015 {\n  padding-top: 60px;\n  padding-bottom: 60px;\n}\n<\/style>\n\t<\/section>\n\t\n\n\t<section class=\"section\" id=\"section_1901881464\">\n\t\t<div class=\"section-bg fill\" >\n\t\t\t\t\t\t\t\t\t\n\t\t\t\n\n\t\t<\/div>\n\n\t\t\n\n\t\t<div class=\"section-content relative\">\n\t\t\t\n\n<div class=\"nav-wrapper\"><ul class=\"nav nav-uppercase nav-horizontal nav-pills text-center nav-center\"><li class=\"\"><a href=\"https:\/\/arturf.com\/it\/about\/artificial-grass-factory\/\">Fabbrica di erba artificiale<\/a><\/li><li class=\"\"><a href=\"https:\/\/arturf.com\/it\/about\/quality-assurance\/\">Garanzia di qualit\u00e0<\/a><\/li><li class=\"active\"><a href=\"https:\/\/arturf.com\/it\/about\/technology-innovation\/\">Tecnologia e innovazione<\/a><\/li><\/ul><\/div>\n\n\n\t\t<\/div>\n\n\t\t\n<style>\n#section_1901881464 {\n  padding-top: 30px;\n  padding-bottom: 30px;\n}\n<\/style>\n\t<\/section>","protected":false},"excerpt":{"rendered":"","protected":false},"author":3,"featured_media":0,"parent":5652,"menu_order":3,"comment_status":"closed","ping_status":"closed","template":"page-blank.php","meta":{"_seopress_robots_primary_cat":"","_seopress_titles_title":"Technology and Innovation-Leading Artificial Grass Manufacturer","_seopress_titles_desc":"Experience our industry-leading dedication to technology and innovation. Enhancing performance, aesthetics, and durability in artificial grass.","_seopress_robots_index":"","footnotes":""},"class_list":["post-7057","page","type-page","status-publish","hentry"],"_links":{"self":[{"href":"https:\/\/arturf.com\/it\/wp-json\/wp\/v2\/pages\/7057","targetHints":{"allow":["GET"]}}],"collection":[{"href":"https:\/\/arturf.com\/it\/wp-json\/wp\/v2\/pages"}],"about":[{"href":"https:\/\/arturf.com\/it\/wp-json\/wp\/v2\/types\/page"}],"author":[{"embeddable":true,"href":"https:\/\/arturf.com\/it\/wp-json\/wp\/v2\/users\/3"}],"replies":[{"embeddable":true,"href":"https:\/\/arturf.com\/it\/wp-json\/wp\/v2\/comments?post=7057"}],"version-history":[{"count":0,"href":"https:\/\/arturf.com\/it\/wp-json\/wp\/v2\/pages\/7057\/revisions"}],"up":[{"embeddable":true,"href":"https:\/\/arturf.com\/it\/wp-json\/wp\/v2\/pages\/5652"}],"wp:attachment":[{"href":"https:\/\/arturf.com\/it\/wp-json\/wp\/v2\/media?parent=7057"}],"curies":[{"name":"parola chiave","href":"https:\/\/api.w.org\/{rel}","templated":true}]}}