{"id":11306,"date":"2020-03-14T14:33:00","date_gmt":"2020-03-14T06:33:00","guid":{"rendered":"https:\/\/arturf.com\/?post_type=product&#038;p=11306"},"modified":"2023-09-06T10:07:01","modified_gmt":"2023-09-06T02:07:01","slug":"artificial-grass-brush-machine","status":"publish","type":"product","link":"https:\/\/arturf.com\/it\/product\/artificial-grass-brush-machine\/","title":{"rendered":"Spazzola per erba artificiale"},"content":{"rendered":"<h3>Spazzolatrice per giardino e aree giochi<\/h3>\n<p>La nostra spazzola per erba artificiale facile da usare e portatile \u00e8 ideale per l&#039;installazione e la manutenzione di aree paesaggistiche e giochi e alcuni piccoli campi sportivi. La spazzola su questo dispositivo a motore serve per spazzolare l&#039;erba artificiale sia per l&#039;installazione che per la manutenzione. Lo speciale &quot;pelo&quot; della spazzola previene qualsiasi danno alle fibre di erba artificiale nel tappeto erboso, pur continuando a svolgere la corretta azione di pulizia e pettinatura. Render\u00e0 le cuciture meno visibili, rimuover\u00e0 i detriti, pettina le fibre e spazzola il riempimento (se applicabile). Il motore a benzina richiede poca manutenzione ed \u00e8 molto economico. Il manubrio largo offre un buon controllo direzionale e una buona presa.<\/p>\n\t<div id=\"gap-2028412155\" class=\"gap-element clearfix\" style=\"display:block; height:auto;\">\n\t\t\n<style>\n#gap-2028412155 {\n  padding-top: 30px;\n}\n<\/style>\n\t<\/div>\n\t\n<div class=\"row align-middle\"  id=\"row-1349290103\">\n\n\t<div id=\"col-1277276474\" class=\"col medium-4 small-12 large-4\"  >\n\t\t\t\t<div class=\"col-inner\"  >\n\t\t\t\n\t\t\t\n\t<div class=\"img has-hover x md-x lg-x y md-y lg-y\" id=\"image_82158958\">\n\t\t\t\t\t\t\t\t<div class=\"img-inner image-cover dark\" style=\"padding-top:75%;\">\n\t\t\t<img loading=\"lazy\" decoding=\"async\" width=\"800\" height=\"599\" src=\"https:\/\/arturf.com\/wp-content\/uploads\/2020\/03\/Artificial-Grass-Brush-Machine-1.jpg\" class=\"attachment-large size-large\" alt=\"Macchina per pennelli\" srcset=\"https:\/\/arturf.com\/wp-content\/uploads\/2020\/03\/Artificial-Grass-Brush-Machine-1.jpg 800w, https:\/\/arturf.com\/wp-content\/uploads\/2020\/03\/Artificial-Grass-Brush-Machine-1-300x225.jpg 300w, https:\/\/arturf.com\/wp-content\/uploads\/2020\/03\/Artificial-Grass-Brush-Machine-1-200x150.jpg 200w, https:\/\/arturf.com\/wp-content\/uploads\/2020\/03\/Artificial-Grass-Brush-Machine-1-768x575.jpg 768w, https:\/\/arturf.com\/wp-content\/uploads\/2020\/03\/Artificial-Grass-Brush-Machine-1-16x12.jpg 16w, https:\/\/arturf.com\/wp-content\/uploads\/2020\/03\/Artificial-Grass-Brush-Machine-1-350x263.jpg 350w, https:\/\/arturf.com\/wp-content\/uploads\/2020\/03\/Artificial-Grass-Brush-Machine-1-510x382.jpg 510w\" sizes=\"auto, (max-width: 800px) 100vw, 800px\" \/>\t\t\t\t\t\t\n\t\t\t\t\t<\/div>\n\t\t\t\t\t\t\t\t\n<style>\n#image_82158958 {\n  width: 100%;\n}\n<\/style>\n\t<\/div>\n\t\n\t\t<\/div>\n\t\t\t\t\t<\/div>\n\n\t\n\n\t<div id=\"col-641461433\" class=\"col medium-8 small-12 large-8\"  >\n\t\t\t\t<div class=\"col-inner\"  >\n\t\t\t\n\t\t\t\n<p>Usato per spazzolare le sabbie silicee nell&#039;erba artificiale. Ideale per l&#039;installazione e la manutenzione di erba artificiale da giardino, la manutenzione di campi sportivi mini. <\/p>\n<ul>\n<li>Prodotto: Spazzola per erba artificiale LW60<\/li>\n<li>Larghezza di lavoro: 600mmPotenza: 1.2kw<\/li>\n<li>Peso: 28 kg<\/li>\n<li>Dimensioni contorno: (L x P x A) 1100 mm x 600 mm x 900 mm<\/li>\n<\/ul>\n\t\t<\/div>\n\t\t\t\t\t<\/div>\n\n\t\n<\/div>\n<div class=\"row align-middle\"  id=\"row-937631785\">\n\n\t<div id=\"col-2052355855\" class=\"col medium-4 small-12 large-4\"  >\n\t\t\t\t<div class=\"col-inner\"  >\n\t\t\t\n\t\t\t\n\t<div class=\"img has-hover x md-x lg-x y md-y lg-y\" id=\"image_1726986935\">\n\t\t\t\t\t\t\t\t<div class=\"img-inner image-cover dark\" style=\"padding-top:75%;\">\n\t\t\t<img loading=\"lazy\" decoding=\"async\" width=\"800\" height=\"534\" src=\"https:\/\/arturf.com\/wp-content\/uploads\/2020\/03\/Artificial-Grass-Brush-Machine-LW70.jpg\" class=\"attachment-large size-large\" alt=\"Macchina per pennelli\" srcset=\"https:\/\/arturf.com\/wp-content\/uploads\/2020\/03\/Artificial-Grass-Brush-Machine-LW70.jpg 800w, https:\/\/arturf.com\/wp-content\/uploads\/2020\/03\/Artificial-Grass-Brush-Machine-LW70-300x200.jpg 300w, https:\/\/arturf.com\/wp-content\/uploads\/2020\/03\/Artificial-Grass-Brush-Machine-LW70-768x513.jpg 768w, https:\/\/arturf.com\/wp-content\/uploads\/2020\/03\/Artificial-Grass-Brush-Machine-LW70-18x12.jpg 18w, https:\/\/arturf.com\/wp-content\/uploads\/2020\/03\/Artificial-Grass-Brush-Machine-LW70-510x340.jpg 510w\" sizes=\"auto, (max-width: 800px) 100vw, 800px\" \/>\t\t\t\t\t\t\n\t\t\t\t\t<\/div>\n\t\t\t\t\t\t\t\t\n<style>\n#image_1726986935 {\n  width: 100%;\n}\n<\/style>\n\t<\/div>\n\t\n\t\t<\/div>\n\t\t\t\t\t<\/div>\n\n\t\n\n\t<div id=\"col-1245594292\" class=\"col medium-8 small-12 large-8\"  >\n\t\t\t\t<div class=\"col-inner\"  >\n\t\t\t\n\t\t\t\n<p>Usato per spazzolare le sabbie silicee nell&#039;erba artificiale. Ideale per l&#039;installazione e la manutenzione di erba artificiale da giardino e mini aree sportive in erba. <\/p>\n<ul>\n<li>Prodotto: Spazzola per erba artificiale LW70<\/li>\n<li>Larghezza di lavoro: 700 mm<\/li>\n<li>Potenza: 6,5 HP (benzina)<\/li>\n<li>Peso: 80 kg<\/li>\n<li>Dimensioni contorno: (L x P x A) 1700 mm x 700 mm x 1020 mm<\/li>\n<\/ul>\n\t\t<\/div>\n\t\t\t\t\t<\/div>\n\n\t\n<\/div>\n<hr \/>\n<h3>Spazzolatrice per campi sportivi<\/h3>\n<p>Una buona spazzolatrice \u00e8 ancora pi\u00f9 importante per i campi sportivi che per i giardini e le aree gioco, perch\u00e9 la maggior parte dei campi sportivi \u00e8 molto pi\u00f9 grande e necessita di pi\u00f9 tamponamenti. Ad esempio, per il campo da calcio in erba artificiale, non solo \u00e8 necessario riempire la sabbia silicea, ma \u00e8 anche necessario riempire i granuli di gomma. Un campo da calcetto \u00e8 di circa 800 mq. I campi da calcio a 7 e a 11 sono ancora molto pi\u00f9 grandi. In questi casi \u00e8 molto difficile spazzolare uniformemente i materiali di riempimento manualmente. Per un campo di calcio a 5 o campi sportivi pi\u00f9 piccoli, \u00e8 comunque possibile utilizzare le due macchine portatili sopra. Se sei un costruttore di campi sportivi o un installatore di campi sportivi, potresti aver bisogno di una spazzola per erba artificiale pi\u00f9 professionale come le seguenti due macchine per spazzole:<\/p>\n<div class=\"row align-middle\"  id=\"row-408800207\">\n\n\t<div id=\"col-1680153859\" class=\"col medium-4 small-12 large-4\"  >\n\t\t\t\t<div class=\"col-inner text-center\"  >\n\t\t\t\n\t\t\t\n\t<div class=\"img has-hover x md-x lg-x y md-y lg-y\" id=\"image_522269\">\n\t\t\t\t\t\t\t\t<div class=\"img-inner dark\" >\n\t\t\t<img loading=\"lazy\" decoding=\"async\" width=\"768\" height=\"512\" src=\"https:\/\/arturf.com\/wp-content\/uploads\/2020\/03\/Artificial-turf-brushing-machine-SW-Pro-768x512.jpg\" class=\"attachment-medium_large size-medium_large\" alt=\"Macchina per pennelli\" srcset=\"https:\/\/arturf.com\/wp-content\/uploads\/2020\/03\/Artificial-turf-brushing-machine-SW-Pro-768x512.jpg 768w, https:\/\/arturf.com\/wp-content\/uploads\/2020\/03\/Artificial-turf-brushing-machine-SW-Pro-300x200.jpg 300w, https:\/\/arturf.com\/wp-content\/uploads\/2020\/03\/Artificial-turf-brushing-machine-SW-Pro-18x12.jpg 18w, https:\/\/arturf.com\/wp-content\/uploads\/2020\/03\/Artificial-turf-brushing-machine-SW-Pro-510x340.jpg 510w, https:\/\/arturf.com\/wp-content\/uploads\/2020\/03\/Artificial-turf-brushing-machine-SW-Pro.jpg 800w\" sizes=\"auto, (max-width: 768px) 100vw, 768px\" \/>\t\t\t\t\t\t\n\t\t\t\t\t<\/div>\n\t\t\t\t\t\t\t\t\n<style>\n#image_522269 {\n  width: 100%;\n}\n<\/style>\n\t<\/div>\n\t\n\t\t<\/div>\n\t\t\t\t\t<\/div>\n\n\t\n\n\t<div id=\"col-662848633\" class=\"col medium-8 small-12 large-8\"  >\n\t\t\t\t<div class=\"col-inner\"  >\n\t\t\t\n\t\t\t\n<ul>\n<li>Prodotto: erba artificiale <strong>Riempimento e pennello<\/strong> Macchina SFB 145<\/li>\n<li>ProCapacit\u00e0 di carico: 1000kg-1200kg<\/li>\n<li>Larghezza di riempimento della sabbia: 1450 mm<\/li>\n<li>Velocit\u00e0 di movimento: 1,9-2,2 km \/ h<\/li>\n<li>Potenza: 12kw<\/li>\n<li>Peso: 1800 kg<\/li>\n<li>Dimensioni contorno: (L x P x A) 2800 mm x 2000 mm x 2100 mm<\/li>\n<\/ul>\n<div class=\"video-button-wrapper\"><a href=\"https:\/\/www.youtube.com\/watch?v=mHL9izhv9WI\" class=\"button open-video icon circle is-outline is-xlarge\" role=\"button\" aria-label=\"Apri il video in lightbox\" data-flatsome-role-button><i class=\"icon-play\" aria-hidden=\"true\" style=\"font-size:1.5em;\"><\/i><\/a><\/div>\n\t\t<\/div>\n\t\t\t\t\t<\/div>\n\n\t\n<\/div>\n\t<div id=\"gap-836261515\" class=\"gap-element clearfix\" style=\"display:block; height:auto;\">\n\t\t\n<style>\n#gap-836261515 {\n  padding-top: 30px;\n}\n<\/style>\n\t<\/div>\n\t\n<div class=\"row align-middle\"  id=\"row-1170804054\">\n\n\t<div id=\"col-939389318\" class=\"col medium-4 small-12 large-4\"  >\n\t\t\t\t<div class=\"col-inner\"  >\n\t\t\t\n\t\t\t\n\t<div class=\"img has-hover x md-x lg-x y md-y lg-y\" id=\"image_656529854\">\n\t\t\t\t\t\t\t\t<div class=\"img-inner image-cover dark\" style=\"padding-top:75%;\">\n\t\t\t<img loading=\"lazy\" decoding=\"async\" width=\"800\" height=\"533\" src=\"https:\/\/arturf.com\/wp-content\/uploads\/2020\/03\/Artificial-turf-brushing-machine-SW150-.jpg\" class=\"attachment-large size-large\" alt=\"Macchina per pennelli\" srcset=\"https:\/\/arturf.com\/wp-content\/uploads\/2020\/03\/Artificial-turf-brushing-machine-SW150-.jpg 800w, https:\/\/arturf.com\/wp-content\/uploads\/2020\/03\/Artificial-turf-brushing-machine-SW150--300x200.jpg 300w, https:\/\/arturf.com\/wp-content\/uploads\/2020\/03\/Artificial-turf-brushing-machine-SW150--768x512.jpg 768w, https:\/\/arturf.com\/wp-content\/uploads\/2020\/03\/Artificial-turf-brushing-machine-SW150--18x12.jpg 18w, https:\/\/arturf.com\/wp-content\/uploads\/2020\/03\/Artificial-turf-brushing-machine-SW150--510x340.jpg 510w\" sizes=\"auto, (max-width: 800px) 100vw, 800px\" \/>\t\t\t\t\t\t\n\t\t\t\t\t<\/div>\n\t\t\t\t\t\t\t\t\n<style>\n#image_656529854 {\n  width: 100%;\n}\n<\/style>\n\t<\/div>\n\t\n\t\t<\/div>\n\t\t\t\t\t<\/div>\n\n\t\n\n\t<div id=\"col-2069379346\" class=\"col medium-8 small-12 large-8\"  >\n\t\t\t\t<div class=\"col-inner\"  >\n\t\t\t\n\t\t\t\n<ul>\n<li>Prodotto: Spazzola per erba artificiale SW 150<\/li>\n<li>Larghezza di lavoro: 1500 mm<\/li>\n<li>Potenza: 5,5 HP (benzina)<\/li>\n<li>Peso: 200 kg<\/li>\n<li>Dimensioni contorno: (L x P x A) 1800 mm x 1100 mm x 950 mm<\/li>\n<\/ul>\n<div class=\"video-button-wrapper\"><a href=\"https:\/\/www.youtube.com\/watch?v=8nj2IHufir8\" class=\"button open-video icon circle is-outline is-xlarge\" role=\"button\" aria-label=\"Apri il video in lightbox\" data-flatsome-role-button><i class=\"icon-play\" aria-hidden=\"true\" style=\"font-size:1.5em;\"><\/i><\/a><\/div>\n\t\t<\/div>\n\t\t\t\t\t<\/div>\n\n\t\n<\/div>\n\t<div id=\"gap-1879348088\" class=\"gap-element clearfix\" style=\"display:block; height:auto;\">\n\t\t\n<style>\n#gap-1879348088 {\n  padding-top: 30px;\n}\n<\/style>\n\t<\/div>\n\t\n<hr \/>\n<h3>Equipaggiamento aggiuntivo<\/h3>\n<p>Attrezzature o strumenti aggiuntivi che possono aiutare a spargere tamponamenti come sabbia silicea e granuli di gomma e spazzolare la superficie dell&#039;erba artificiale.<\/p>\n<div class=\"row align-middle\"  id=\"row-492841469\">\n\n\t<div id=\"col-1326134568\" class=\"col medium-4 small-12 large-4\"  >\n\t\t\t\t<div class=\"col-inner\"  >\n\t\t\t\n\t\t\t\n\t<div class=\"img has-hover x md-x lg-x y md-y lg-y\" id=\"image_2081189454\">\n\t\t\t\t\t\t\t\t<div class=\"img-inner image-cover dark\" style=\"padding-top:75%;\">\n\t\t\t<img loading=\"lazy\" decoding=\"async\" width=\"800\" height=\"600\" src=\"https:\/\/arturf.com\/wp-content\/uploads\/2022\/07\/Triangular-Turf-Brush.jpg\" class=\"attachment-large size-large\" alt=\"Macchina per pennelli\" srcset=\"https:\/\/arturf.com\/wp-content\/uploads\/2022\/07\/Triangular-Turf-Brush.jpg 800w, https:\/\/arturf.com\/wp-content\/uploads\/2022\/07\/Triangular-Turf-Brush-500x375.jpg 500w, https:\/\/arturf.com\/wp-content\/uploads\/2022\/07\/Triangular-Turf-Brush-200x150.jpg 200w, https:\/\/arturf.com\/wp-content\/uploads\/2022\/07\/Triangular-Turf-Brush-768x576.jpg 768w, https:\/\/arturf.com\/wp-content\/uploads\/2022\/07\/Triangular-Turf-Brush-16x12.jpg 16w, https:\/\/arturf.com\/wp-content\/uploads\/2022\/07\/Triangular-Turf-Brush-350x263.jpg 350w, https:\/\/arturf.com\/wp-content\/uploads\/2022\/07\/Triangular-Turf-Brush-510x383.jpg 510w\" sizes=\"auto, (max-width: 800px) 100vw, 800px\" \/>\t\t\t\t\t\t\n\t\t\t\t\t<\/div>\n\t\t\t\t\t\t\t\t\n<style>\n#image_2081189454 {\n  width: 100%;\n}\n<\/style>\n\t<\/div>\n\t\n\t\t<\/div>\n\t\t\t\t\t<\/div>\n\n\t\n\n\t<div id=\"col-1323891157\" class=\"col medium-8 small-12 large-8\"  >\n\t\t\t\t<div class=\"col-inner\"  >\n\t\t\t\n\t\t\t\n<h3>Spazzola triangolare per tappeti erbosi<\/h3>\n<p>La scopa per tappeti erbosi ha una forma triangolare. La disposizione triangolare altamente efficace delle spazzole raddrizzer\u00e0 e pulir\u00e0 ogni filo d&#039;erba o sollever\u00e0 le fibre sintetiche e ridistribuir\u00e0 il riempimento per una migliore consistenza del passo.<\/p>\n\n  \n    <div class=\"row large-columns-6 medium-columns-3 small-columns-2\" >\n  <div class=\"gallery-col col\" >\n          <div class=\"col-inner\">\n            <a class=\"image-lightbox lightbox-gallery\" href=\"https:\/\/arturf.com\/wp-content\/uploads\/2020\/12\/Triangular-Turf-Brush-002.jpg\" title=\"\">            <div class=\"box has-hover gallery-box box-overlay dark\">\n              <div class=\"box-image\" >\n                <img loading=\"lazy\" decoding=\"async\" width=\"300\" height=\"200\" src=\"https:\/\/arturf.com\/wp-content\/uploads\/2020\/12\/Triangular-Turf-Brush-002-300x200.jpg\" class=\"attachment-medium size-medium\" alt=\"Macchina per pennelli\" ids=\"13572,13571,13574\" columns=\"6\" srcset=\"https:\/\/arturf.com\/wp-content\/uploads\/2020\/12\/Triangular-Turf-Brush-002-300x200.jpg 300w, https:\/\/arturf.com\/wp-content\/uploads\/2020\/12\/Triangular-Turf-Brush-002-18x12.jpg 18w, https:\/\/arturf.com\/wp-content\/uploads\/2020\/12\/Triangular-Turf-Brush-002-510x339.jpg 510w, https:\/\/arturf.com\/wp-content\/uploads\/2020\/12\/Triangular-Turf-Brush-002.jpg 600w\" sizes=\"auto, (max-width: 300px) 100vw, 300px\" \/>                                  <div class=\"overlay fill\"\n                      style=\"background-color: rgba(0,0,0,.15)\">\n                  <\/div>\n                                                              <\/div>\n              <div class=\"box-text text-left\" >\n                 <p><\/p>\n              <\/div>\n            <\/div>\n            <\/a>          <\/div>\n         <\/div><div class=\"gallery-col col\" >\n          <div class=\"col-inner\">\n            <a class=\"image-lightbox lightbox-gallery\" href=\"https:\/\/arturf.com\/wp-content\/uploads\/2020\/12\/Triangular-Turf-Brush-001.jpg\" title=\"\">            <div class=\"box has-hover gallery-box box-overlay dark\">\n              <div class=\"box-image\" >\n                <img loading=\"lazy\" decoding=\"async\" width=\"300\" height=\"200\" src=\"https:\/\/arturf.com\/wp-content\/uploads\/2020\/12\/Triangular-Turf-Brush-001-300x200.jpg\" class=\"attachment-medium size-medium\" alt=\"Macchina per pennelli\" ids=\"13572,13571,13574\" columns=\"6\" srcset=\"https:\/\/arturf.com\/wp-content\/uploads\/2020\/12\/Triangular-Turf-Brush-001-300x200.jpg 300w, https:\/\/arturf.com\/wp-content\/uploads\/2020\/12\/Triangular-Turf-Brush-001-18x12.jpg 18w, https:\/\/arturf.com\/wp-content\/uploads\/2020\/12\/Triangular-Turf-Brush-001-510x339.jpg 510w, https:\/\/arturf.com\/wp-content\/uploads\/2020\/12\/Triangular-Turf-Brush-001.jpg 600w\" sizes=\"auto, (max-width: 300px) 100vw, 300px\" \/>                                  <div class=\"overlay fill\"\n                      style=\"background-color: rgba(0,0,0,.15)\">\n                  <\/div>\n                                                              <\/div>\n              <div class=\"box-text text-left\" >\n                 <p><\/p>\n              <\/div>\n            <\/div>\n            <\/a>          <\/div>\n         <\/div><div class=\"gallery-col col\" >\n          <div class=\"col-inner\">\n            <a class=\"image-lightbox lightbox-gallery\" href=\"https:\/\/arturf.com\/wp-content\/uploads\/2020\/12\/Triangular-Turf-Brush-003-1.jpg\" title=\"\">            <div class=\"box has-hover gallery-box box-overlay dark\">\n              <div class=\"box-image\" >\n                <img loading=\"lazy\" decoding=\"async\" width=\"300\" height=\"200\" src=\"https:\/\/arturf.com\/wp-content\/uploads\/2020\/12\/Triangular-Turf-Brush-003-1-300x200.jpg\" class=\"attachment-medium size-medium\" alt=\"Macchina per pennelli\" ids=\"13572,13571,13574\" columns=\"6\" srcset=\"https:\/\/arturf.com\/wp-content\/uploads\/2020\/12\/Triangular-Turf-Brush-003-1-300x200.jpg 300w, https:\/\/arturf.com\/wp-content\/uploads\/2020\/12\/Triangular-Turf-Brush-003-1-18x12.jpg 18w, https:\/\/arturf.com\/wp-content\/uploads\/2020\/12\/Triangular-Turf-Brush-003-1-510x339.jpg 510w, https:\/\/arturf.com\/wp-content\/uploads\/2020\/12\/Triangular-Turf-Brush-003-1.jpg 600w\" sizes=\"auto, (max-width: 300px) 100vw, 300px\" \/>                                  <div class=\"overlay fill\"\n                      style=\"background-color: rgba(0,0,0,.15)\">\n                  <\/div>\n                                                              <\/div>\n              <div class=\"box-text text-left\" >\n                 <p><\/p>\n              <\/div>\n            <\/div>\n            <\/a>          <\/div>\n         <\/div><\/div>\n\t\t<\/div>\n\t\t\t\t\t<\/div>\n\n\t\n<\/div>\n\t<div id=\"gap-1556698388\" class=\"gap-element clearfix\" style=\"display:block; height:auto;\">\n\t\t\n<style>\n#gap-1556698388 {\n  padding-top: 30px;\n}\n<\/style>\n\t<\/div>\n\t\n<div class=\"row align-middle\"  id=\"row-1023490240\">\n\n\t<div id=\"col-1285813648\" class=\"col medium-4 small-12 large-4\"  >\n\t\t\t\t<div class=\"col-inner\"  >\n\t\t\t\n\t\t\t\n\t<div class=\"img has-hover x md-x lg-x y md-y lg-y\" id=\"image_1496281592\">\n\t\t\t\t\t\t\t\t<div class=\"img-inner image-cover dark\" style=\"padding-top:75%;\">\n\t\t\t<img loading=\"lazy\" decoding=\"async\" width=\"800\" height=\"600\" src=\"https:\/\/arturf.com\/wp-content\/uploads\/2021\/08\/Infill-Drop-Spreader-1.jpg\" class=\"attachment-large size-large\" alt=\"Macchina per pennelli\" srcset=\"https:\/\/arturf.com\/wp-content\/uploads\/2021\/08\/Infill-Drop-Spreader-1.jpg 800w, https:\/\/arturf.com\/wp-content\/uploads\/2021\/08\/Infill-Drop-Spreader-1-300x225.jpg 300w, https:\/\/arturf.com\/wp-content\/uploads\/2021\/08\/Infill-Drop-Spreader-1-200x150.jpg 200w, https:\/\/arturf.com\/wp-content\/uploads\/2021\/08\/Infill-Drop-Spreader-1-768x576.jpg 768w, https:\/\/arturf.com\/wp-content\/uploads\/2021\/08\/Infill-Drop-Spreader-1-16x12.jpg 16w, https:\/\/arturf.com\/wp-content\/uploads\/2021\/08\/Infill-Drop-Spreader-1-350x263.jpg 350w, https:\/\/arturf.com\/wp-content\/uploads\/2021\/08\/Infill-Drop-Spreader-1-510x383.jpg 510w\" sizes=\"auto, (max-width: 800px) 100vw, 800px\" \/>\t\t\t\t\t\t\n\t\t\t\t\t<\/div>\n\t\t\t\t\t\t\t\t\n<style>\n#image_1496281592 {\n  width: 100%;\n}\n<\/style>\n\t<\/div>\n\t\n\t\t<\/div>\n\t\t\t\t\t<\/div>\n\n\t\n\n\t<div id=\"col-1524085772\" class=\"col medium-8 small-12 large-8\"  >\n\t\t\t\t<div class=\"col-inner\"  >\n\t\t\t\n\t\t\t\n<h3>Spalmatore di gocce di riempimento<\/h3>\n<p>Un modo comodo ed efficiente per distribuire la sabbia su piccole aree di erba sintetica. L&#039;infill Drop Spreader divide equamente la sabbia sul campo in erba artificiale. La quantit\u00e0 di sabbia pu\u00f2 essere regolata con la leva sotto il manubrio.<\/p>\n<p>Pu\u00f2 aumentare la produttivit\u00e0 di qualsiasi squadra di installazione professionale, poich\u00e9 ridurr\u00e0 drasticamente la quantit\u00e0 di tempo necessaria per applicare la levigatura.<\/p>\n\n  \n    <div class=\"row large-columns-6 medium-columns-3 small-columns-2\" >\n  <div class=\"gallery-col col\" >\n          <div class=\"col-inner\">\n            <a class=\"image-lightbox lightbox-gallery\" href=\"https:\/\/arturf.com\/wp-content\/uploads\/2021\/08\/Infill-Drop-Spreader-3.jpg\" title=\"\">            <div class=\"box has-hover gallery-box box-overlay dark\">\n              <div class=\"box-image\" >\n                <img loading=\"lazy\" decoding=\"async\" width=\"300\" height=\"225\" src=\"https:\/\/arturf.com\/wp-content\/uploads\/2021\/08\/Infill-Drop-Spreader-3-300x225.jpg\" class=\"attachment-medium size-medium\" alt=\"Macchina per pennelli\" ids=\"15507,15509,15506\" columns=\"6\" srcset=\"https:\/\/arturf.com\/wp-content\/uploads\/2021\/08\/Infill-Drop-Spreader-3-300x225.jpg 300w, https:\/\/arturf.com\/wp-content\/uploads\/2021\/08\/Infill-Drop-Spreader-3-200x150.jpg 200w, https:\/\/arturf.com\/wp-content\/uploads\/2021\/08\/Infill-Drop-Spreader-3-768x575.jpg 768w, https:\/\/arturf.com\/wp-content\/uploads\/2021\/08\/Infill-Drop-Spreader-3-16x12.jpg 16w, https:\/\/arturf.com\/wp-content\/uploads\/2021\/08\/Infill-Drop-Spreader-3-350x263.jpg 350w, https:\/\/arturf.com\/wp-content\/uploads\/2021\/08\/Infill-Drop-Spreader-3-510x382.jpg 510w, https:\/\/arturf.com\/wp-content\/uploads\/2021\/08\/Infill-Drop-Spreader-3.jpg 800w\" sizes=\"auto, (max-width: 300px) 100vw, 300px\" \/>                                  <div class=\"overlay fill\"\n                      style=\"background-color: rgba(0,0,0,.15)\">\n                  <\/div>\n                                                              <\/div>\n              <div class=\"box-text text-left\" >\n                 <p><\/p>\n              <\/div>\n            <\/div>\n            <\/a>          <\/div>\n         <\/div><div class=\"gallery-col col\" >\n          <div class=\"col-inner\">\n            <a class=\"image-lightbox lightbox-gallery\" href=\"https:\/\/arturf.com\/wp-content\/uploads\/2021\/08\/Infill-Drop-Spreader-2-1.jpg\" title=\"\">            <div class=\"box has-hover gallery-box box-overlay dark\">\n              <div class=\"box-image\" >\n                <img loading=\"lazy\" decoding=\"async\" width=\"300\" height=\"225\" src=\"https:\/\/arturf.com\/wp-content\/uploads\/2021\/08\/Infill-Drop-Spreader-2-1-300x225.jpg\" class=\"attachment-medium size-medium\" alt=\"Macchina per pennelli\" ids=\"15507,15509,15506\" columns=\"6\" srcset=\"https:\/\/arturf.com\/wp-content\/uploads\/2021\/08\/Infill-Drop-Spreader-2-1-300x225.jpg 300w, https:\/\/arturf.com\/wp-content\/uploads\/2021\/08\/Infill-Drop-Spreader-2-1-200x150.jpg 200w, https:\/\/arturf.com\/wp-content\/uploads\/2021\/08\/Infill-Drop-Spreader-2-1-768x576.jpg 768w, https:\/\/arturf.com\/wp-content\/uploads\/2021\/08\/Infill-Drop-Spreader-2-1-16x12.jpg 16w, https:\/\/arturf.com\/wp-content\/uploads\/2021\/08\/Infill-Drop-Spreader-2-1-350x263.jpg 350w, https:\/\/arturf.com\/wp-content\/uploads\/2021\/08\/Infill-Drop-Spreader-2-1-510x383.jpg 510w, https:\/\/arturf.com\/wp-content\/uploads\/2021\/08\/Infill-Drop-Spreader-2-1.jpg 800w\" sizes=\"auto, (max-width: 300px) 100vw, 300px\" \/>                                  <div class=\"overlay fill\"\n                      style=\"background-color: rgba(0,0,0,.15)\">\n                  <\/div>\n                                                              <\/div>\n              <div class=\"box-text text-left\" >\n                 <p><\/p>\n              <\/div>\n            <\/div>\n            <\/a>          <\/div>\n         <\/div><div class=\"gallery-col col\" >\n          <div class=\"col-inner\">\n            <a class=\"image-lightbox lightbox-gallery\" href=\"https:\/\/arturf.com\/wp-content\/uploads\/2021\/08\/Infill-Drop-Spreader-4.jpg\" title=\"\">            <div class=\"box has-hover gallery-box box-overlay dark\">\n              <div class=\"box-image\" >\n                <img loading=\"lazy\" decoding=\"async\" width=\"300\" height=\"225\" src=\"https:\/\/arturf.com\/wp-content\/uploads\/2021\/08\/Infill-Drop-Spreader-4-300x225.jpg\" class=\"attachment-medium size-medium\" alt=\"Macchina per pennelli\" ids=\"15507,15509,15506\" columns=\"6\" srcset=\"https:\/\/arturf.com\/wp-content\/uploads\/2021\/08\/Infill-Drop-Spreader-4-300x225.jpg 300w, https:\/\/arturf.com\/wp-content\/uploads\/2021\/08\/Infill-Drop-Spreader-4-200x150.jpg 200w, https:\/\/arturf.com\/wp-content\/uploads\/2021\/08\/Infill-Drop-Spreader-4-768x576.jpg 768w, https:\/\/arturf.com\/wp-content\/uploads\/2021\/08\/Infill-Drop-Spreader-4-16x12.jpg 16w, https:\/\/arturf.com\/wp-content\/uploads\/2021\/08\/Infill-Drop-Spreader-4-350x263.jpg 350w, https:\/\/arturf.com\/wp-content\/uploads\/2021\/08\/Infill-Drop-Spreader-4-510x383.jpg 510w, https:\/\/arturf.com\/wp-content\/uploads\/2021\/08\/Infill-Drop-Spreader-4.jpg 800w\" sizes=\"auto, (max-width: 300px) 100vw, 300px\" \/>                                  <div class=\"overlay fill\"\n                      style=\"background-color: rgba(0,0,0,.15)\">\n                  <\/div>\n                                                              <\/div>\n              <div class=\"box-text text-left\" >\n                 <p><\/p>\n              <\/div>\n            <\/div>\n            <\/a>          <\/div>\n         <\/div><\/div>\n\t\t<\/div>\n\t\t\t\t\t<\/div>\n\n\t\n<\/div>","protected":false},"excerpt":{"rendered":"<p>La spazzola per erba artificiale \u00e8 uno degli strumenti \/ macchine pi\u00f9 importanti per l&#039;installazione e la manutenzione dell&#039;erba artificiale. Forniamo diverse opzioni sia per <strong>aree paesaggistiche<\/strong> e <strong>campi sportivi<\/strong>.<\/p>","protected":false},"featured_media":11307,"template":"","meta":{"_seopress_robots_primary_cat":"","_seopress_titles_title":"","_seopress_titles_desc":"","_seopress_robots_index":""},"product_brand":[],"product_cat":[66],"product_tag":[],"class_list":{"0":"post-11306","1":"product","2":"type-product","3":"status-publish","4":"has-post-thumbnail","6":"product_cat-accessories","8":"first","9":"instock","10":"shipping-taxable","11":"product-type-simple"},"_links":{"self":[{"href":"https:\/\/arturf.com\/it\/wp-json\/wp\/v2\/product\/11306","targetHints":{"allow":["GET"]}}],"collection":[{"href":"https:\/\/arturf.com\/it\/wp-json\/wp\/v2\/product"}],"about":[{"href":"https:\/\/arturf.com\/it\/wp-json\/wp\/v2\/types\/product"}],"wp:featuredmedia":[{"embeddable":true,"href":"https:\/\/arturf.com\/it\/wp-json\/wp\/v2\/media\/11307"}],"wp:attachment":[{"href":"https:\/\/arturf.com\/it\/wp-json\/wp\/v2\/media?parent=11306"}],"wp:term":[{"taxonomy":"product_brand","embeddable":true,"href":"https:\/\/arturf.com\/it\/wp-json\/wp\/v2\/product_brand?post=11306"},{"taxonomy":"product_cat","embeddable":true,"href":"https:\/\/arturf.com\/it\/wp-json\/wp\/v2\/product_cat?post=11306"},{"taxonomy":"product_tag","embeddable":true,"href":"https:\/\/arturf.com\/it\/wp-json\/wp\/v2\/product_tag?post=11306"}],"curies":[{"name":"parola chiave","href":"https:\/\/api.w.org\/{rel}","templated":true}]}}