{"id":11433,"date":"2020-04-29T12:02:00","date_gmt":"2020-04-29T04:02:00","guid":{"rendered":"https:\/\/arturf.com\/?post_type=product&#038;p=11433"},"modified":"2023-07-14T17:46:53","modified_gmt":"2023-07-14T09:46:53","slug":"artificial-grass-hero","status":"publish","type":"product","link":"https:\/\/arturf.com\/it\/product\/artificial-grass-hero\/","title":{"rendered":"\u2661Hero"},"content":{"rendered":"<h3>Caratteristiche principali:<\/h3>\n<ol>\n<li class=\"bullet-checkmark\">Fibre di memoria a forma di C e paglia densa per una maggiore resilienza<\/li>\n<li class=\"bullet-checkmark\">Aspetto realistico e durata eccezionale<\/li>\n<li class=\"bullet-checkmark\">Tappeto erboso di qualit\u00e0 premium a un prezzo accessibile<\/li>\n<\/ol>\n<p>Sperimenta il perfetto equilibrio tra lusso e convenienza con questo prodotto, elevando il tuo spazio esterno a nuovi livelli.<\/p>\n<h3>Opzioni di colore disponibili:\u00a0<\/h3>\n<div class=\"row\"  id=\"row-687030649\">\n\n\t<div id=\"col-969312749\" class=\"col medium-4 small-12 large-4\"  >\n\t\t\t\t<div class=\"col-inner\"  >\n\t\t\t\n\t\t\t\n\t<div class=\"box has-hover   has-hover box-text-bottom\" >\n\n\t\t<div class=\"box-image\" style=\"border-radius:50%;\">\n\t\t\t\t\t\t<div class=\"image-cover\" style=\"padding-top:100%;\">\n\t\t\t\t<img loading=\"lazy\" decoding=\"async\" width=\"768\" height=\"576\" src=\"https:\/\/arturf.com\/wp-content\/uploads\/2020\/04\/Hybrid-3035-2-768x576.jpg\" class=\"attachment-medium_large size-medium_large\" alt=\"Giardino, Aree gioco, Erba artificiale, Forma a C\" srcset=\"https:\/\/arturf.com\/wp-content\/uploads\/2020\/04\/Hybrid-3035-2-768x576.jpg 768w, https:\/\/arturf.com\/wp-content\/uploads\/2020\/04\/Hybrid-3035-2-300x225.jpg 300w, https:\/\/arturf.com\/wp-content\/uploads\/2020\/04\/Hybrid-3035-2-200x150.jpg 200w, https:\/\/arturf.com\/wp-content\/uploads\/2020\/04\/Hybrid-3035-2-16x12.jpg 16w, https:\/\/arturf.com\/wp-content\/uploads\/2020\/04\/Hybrid-3035-2-350x263.jpg 350w, https:\/\/arturf.com\/wp-content\/uploads\/2020\/04\/Hybrid-3035-2-510x383.jpg 510w, https:\/\/arturf.com\/wp-content\/uploads\/2020\/04\/Hybrid-3035-2.jpg 800w\" sizes=\"auto, (max-width: 768px) 100vw, 768px\" \/>\t\t\t\t\t\t\t\t\t\t\t<\/div>\n\t\t\t\t\t<\/div>\n\n\t\t<div class=\"box-text text-center\" >\n\t\t\t<div class=\"box-text-inner\">\n\t\t\t\t\n<h4>UN<\/h4>\n\t\t\t<\/div>\n\t\t<\/div>\n\t<\/div>\n\t\n\t\t<\/div>\n\t\t\t\t\t<\/div>\n\n\t\n\n\t<div id=\"col-871280765\" class=\"col medium-4 small-12 large-4\"  >\n\t\t\t\t<div class=\"col-inner\"  >\n\t\t\t\n\t\t\t\n\t<div class=\"box has-hover   has-hover box-text-bottom\" >\n\n\t\t<div class=\"box-image\" style=\"border-radius:50%;\">\n\t\t\t\t\t\t<div class=\"image-cover\" style=\"padding-top:100%;\">\n\t\t\t\t<img loading=\"lazy\" decoding=\"async\" width=\"768\" height=\"575\" src=\"https:\/\/arturf.com\/wp-content\/uploads\/2018\/12\/Summer-3035-2-768x575.jpg\" class=\"attachment-medium_large size-medium_large\" alt=\"Giardino, Aree gioco, Erba artificiale, Forma a C\" srcset=\"https:\/\/arturf.com\/wp-content\/uploads\/2018\/12\/Summer-3035-2-768x575.jpg 768w, https:\/\/arturf.com\/wp-content\/uploads\/2018\/12\/Summer-3035-2-300x225.jpg 300w, https:\/\/arturf.com\/wp-content\/uploads\/2018\/12\/Summer-3035-2-200x150.jpg 200w, https:\/\/arturf.com\/wp-content\/uploads\/2018\/12\/Summer-3035-2-16x12.jpg 16w, https:\/\/arturf.com\/wp-content\/uploads\/2018\/12\/Summer-3035-2-350x263.jpg 350w, https:\/\/arturf.com\/wp-content\/uploads\/2018\/12\/Summer-3035-2-510x382.jpg 510w, https:\/\/arturf.com\/wp-content\/uploads\/2018\/12\/Summer-3035-2.jpg 800w\" sizes=\"auto, (max-width: 768px) 100vw, 768px\" \/>\t\t\t\t\t\t\t\t\t\t\t<\/div>\n\t\t\t\t\t<\/div>\n\n\t\t<div class=\"box-text text-center\" >\n\t\t\t<div class=\"box-text-inner\">\n\t\t\t\t\n<h4>B<\/h4>\n\t\t\t<\/div>\n\t\t<\/div>\n\t<\/div>\n\t\n\t\t<\/div>\n\t\t\t\t\t<\/div>\n\n\t\n\n\t<div id=\"col-656852111\" class=\"col medium-4 small-12 large-4\"  >\n\t\t\t\t<div class=\"col-inner\"  >\n\t\t\t\n\t\t\t\n\t<div class=\"box has-hover   has-hover box-text-bottom\" >\n\n\t\t<div class=\"box-image\" style=\"border-radius:50%;\">\n\t\t\t\t\t\t<div class=\"image-cover\" style=\"padding-top:100%;\">\n\t\t\t\t<img loading=\"lazy\" decoding=\"async\" width=\"768\" height=\"576\" src=\"https:\/\/arturf.com\/wp-content\/uploads\/2023\/07\/Arturf-Artificial-Grass-Hero-FER-768x576.jpg\" class=\"attachment-medium_large size-medium_large\" alt=\"Giardino, Aree gioco, Erba artificiale, Forma a C\" srcset=\"https:\/\/arturf.com\/wp-content\/uploads\/2023\/07\/Arturf-Artificial-Grass-Hero-FER-768x576.jpg 768w, https:\/\/arturf.com\/wp-content\/uploads\/2023\/07\/Arturf-Artificial-Grass-Hero-FER-500x375.jpg 500w, https:\/\/arturf.com\/wp-content\/uploads\/2023\/07\/Arturf-Artificial-Grass-Hero-FER-200x150.jpg 200w, https:\/\/arturf.com\/wp-content\/uploads\/2023\/07\/Arturf-Artificial-Grass-Hero-FER-16x12.jpg 16w, https:\/\/arturf.com\/wp-content\/uploads\/2023\/07\/Arturf-Artificial-Grass-Hero-FER-350x263.jpg 350w, https:\/\/arturf.com\/wp-content\/uploads\/2023\/07\/Arturf-Artificial-Grass-Hero-FER-510x383.jpg 510w, https:\/\/arturf.com\/wp-content\/uploads\/2023\/07\/Arturf-Artificial-Grass-Hero-FER.jpg 800w\" sizes=\"auto, (max-width: 768px) 100vw, 768px\" \/>\t\t\t\t\t\t\t\t\t\t\t<\/div>\n\t\t\t\t\t<\/div>\n\n\t\t<div class=\"box-text text-center\" >\n\t\t\t<div class=\"box-text-inner\">\n\t\t\t\t\n<h4>C<\/h4>\n\t\t\t<\/div>\n\t\t<\/div>\n\t<\/div>\n\t\n\t\t<\/div>\n\t\t\t\t\t<\/div>\n\n\t\n<\/div>\n\n\t<section class=\"section\" id=\"section_831164887\">\n\t\t<div class=\"section-bg fill\" >\n\t\t\t\t\t\t\t\t\t\n\t\t\t\n\n\t\t<\/div>\n\n\t\t\n\n\t\t<div class=\"section-content relative\">\n\t\t\t\n\n<div class=\"row\"  id=\"row-938473618\">\n\n\n\t<div id=\"col-1993996850\" class=\"col small-12 large-12\"  >\n\t\t\t\t<div class=\"col-inner text-center\"  >\n\t\t\t\n\t\t\t\n\n<h2>Domande frequenti<\/h2>\n\n\t\t<\/div>\n\t\t\t\t\t<\/div>\n\n\t\n\n<\/div>\n<div class=\"row align-center row-box-shadow-1\"  id=\"row-1128295626\">\n\n\n\t<div id=\"col-367688094\" class=\"col medium-10 small-12 large-9\"  >\n\t\t\t\t<div class=\"col-inner\" style=\"background-color:rgb(255,255,255);\" >\n\t\t\t\n\t\t\t\n\n<div class=\"accordion\">\n\n\t<div id=\"accordion-2034931012\" class=\"accordion-item\">\n\t\t<a id=\"accordion-2034931012-label\" class=\"accordion-title plain\" href=\"#accordion-item-can-you-customize-specifications-for-your-artificial-turf-products?\" aria-expanded=\"false\" aria-controls=\"accordion-2034931012-content\">\n\t\t\t<button class=\"toggle\" aria-label=\"Attiva\/Disattiva\"><i class=\"icon-angle-down\" aria-hidden=\"true\"><\/i><\/button>\n\t\t\t<span>Potete personalizzare le specifiche per i vostri prodotti in erba sintetica?<\/span>\n\t\t<\/a>\n\t\t<div id=\"accordion-2034931012-content\" class=\"accordion-inner\" aria-labelledby=\"accordion-2034931012-label\">\n\t\t\t\n\n<p>S\u00ec, offriamo opzioni di personalizzazione per colore, forma del filato, altezza del pelo, densit\u00e0 e supporto. Possiamo anche produrre secondo un campione fornito.<\/p>\n\n\t\t<\/div>\n\t<\/div>\n\t\n\t<div id=\"accordion-3966023691\" class=\"accordion-item\">\n\t\t<a id=\"accordion-3966023691-label\" class=\"accordion-title plain\" href=\"#accordion-item-do-you-have-stock?\" aria-expanded=\"false\" aria-controls=\"accordion-3966023691-content\">\n\t\t\t<button class=\"toggle\" aria-label=\"Attiva\/Disattiva\"><i class=\"icon-angle-down\" aria-hidden=\"true\"><\/i><\/button>\n\t\t\t<span>Hai scorte?<\/span>\n\t\t<\/a>\n\t\t<div id=\"accordion-3966023691-content\" class=\"accordion-inner\" aria-labelledby=\"accordion-3966023691-label\">\n\t\t\t\n\n<p>No, non teniamo stock. Iniziamo la produzione sulla base di ordini specifici.<\/p>\n\n\t\t<\/div>\n\t<\/div>\n\t\n\t<div id=\"accordion-607899777\" class=\"accordion-item\">\n\t\t<a id=\"accordion-607899777-label\" class=\"accordion-title plain\" href=\"#accordion-item-what-is-your-moq?\" aria-expanded=\"false\" aria-controls=\"accordion-607899777-content\">\n\t\t\t<button class=\"toggle\" aria-label=\"Attiva\/Disattiva\"><i class=\"icon-angle-down\" aria-hidden=\"true\"><\/i><\/button>\n\t\t\t<span>Qual \u00e8 il tuo MOQ?<\/span>\n\t\t<\/a>\n\t\t<div id=\"accordion-607899777-content\" class=\"accordion-inner\" aria-labelledby=\"accordion-607899777-label\">\n\t\t\t\n\n<p>Per la maggior parte dell&#039;erba artificiale, la nostra quantit\u00e0 minima d&#039;ordine (MOQ) \u00e8 di 500 metri quadrati. Per alcuni prodotti leggeri, il MOQ \u00e8 di 800 metri quadrati.<\/p>\n\n\t\t<\/div>\n\t<\/div>\n\t\n\t<div id=\"accordion-3268393688\" class=\"accordion-item\">\n\t\t<a id=\"accordion-3268393688-label\" class=\"accordion-title plain\" href=\"#accordion-item-what-are-the-width-and-length-options-for-artificial-grass?\" aria-expanded=\"false\" aria-controls=\"accordion-3268393688-content\">\n\t\t\t<button class=\"toggle\" aria-label=\"Attiva\/Disattiva\"><i class=\"icon-angle-down\" aria-hidden=\"true\"><\/i><\/button>\n\t\t\t<span>Quali sono le opzioni di larghezza e lunghezza per l&#039;erba artificiale?<\/span>\n\t\t<\/a>\n\t\t<div id=\"accordion-3268393688-content\" class=\"accordion-inner\" aria-labelledby=\"accordion-3268393688-label\">\n\t\t\t\n\n<p>Le nostre opzioni di larghezza comuni sono 2 m, 3,75 m, 3,95 m, 4 m e 5 m. La lunghezza pu\u00f2 essere personalizzata in base alle specifiche esigenze del progetto. Per impostazione predefinita, mescoliamo un tappeto erboso largo 4 m e largo 2 m per ottimizzare lo spazio del container.<\/p>\n\n\t\t<\/div>\n\t<\/div>\n\t\n\t<div id=\"accordion-3917045463\" class=\"accordion-item\">\n\t\t<a id=\"accordion-3917045463-label\" class=\"accordion-title plain\" href=\"#accordion-item-what-information-do-you-need-to-provide-the-landed-cost-for-international-customers?\" aria-expanded=\"false\" aria-controls=\"accordion-3917045463-content\">\n\t\t\t<button class=\"toggle\" aria-label=\"Attiva\/Disattiva\"><i class=\"icon-angle-down\" aria-hidden=\"true\"><\/i><\/button>\n\t\t\t<span>Di quali informazioni hai bisogno per fornire il costo di spedizione per i clienti internazionali?<\/span>\n\t\t<\/a>\n\t\t<div id=\"accordion-3917045463-content\" class=\"accordion-inner\" aria-labelledby=\"accordion-3917045463-label\">\n\t\t\t\n\n<p>Per fornire il costo dello sbarco, abbiamo bisogno di informazioni sui dettagli del prodotto, sulla quantit\u00e0 e sul porto di destinazione.<\/p>\n\n\t\t<\/div>\n\t<\/div>\n\t\n\n<\/div>\n\n\t\t<\/div>\n\t\t\t\t\t<\/div>\n\n\t\n\n\n<style>\n#row-1128295626 > .col > .col-inner {\n  padding: 0px 0px 0px 0px;\n}\n@media (min-width:550px) {\n  #row-1128295626 > .col > .col-inner {\n    padding: 30px 30px 30px 30px;\n  }\n}\n<\/style>\n<\/div>\n\n\t\t<\/div>\n\n\t\t\n<style>\n#section_831164887 {\n  padding-top: 60px;\n  padding-bottom: 60px;\n}\n<\/style>\n\t<\/section>\n\t\n<div class=\"row align-center\"  id=\"row-2141206887\">\n\n\n\t<div id=\"col-807999210\" class=\"col medium-4 large-4\"  >\n\t\t\t\t<div class=\"col-inner\"  >\n\t\t\t\n\t<div class=\"is-border\"\n\t\tstyle=\"border-width:0px 0px 0px 0px;\">\n\t<\/div>\n\t\t\t\n\n\n\t\t<div class=\"icon-box featured-box icon-box-center text-center\"  style=\"margin:0px 0px 0px 0px;\">\n\t\t\t\t\t<div class=\"icon-box-img has-icon-bg\" style=\"width: 100px\">\n\t\t\t\t<div class=\"icon\">\n\t\t\t\t\t<div class=\"icon-inner\" style=\"border-width:2px;color:rgba(47, 159, 18, 0.88);\">\n\t\t\t\t\t\t<img loading=\"lazy\" decoding=\"async\" width=\"100\" height=\"100\" src=\"https:\/\/arturf.com\/wp-content\/uploads\/2018\/06\/Icon-Good-quality.png\" class=\"attachment-medium size-medium\" alt=\"Giardino, Aree gioco, Erba artificiale, Forma a C\" srcset=\"https:\/\/arturf.com\/wp-content\/uploads\/2018\/06\/Icon-Good-quality.png 100w, https:\/\/arturf.com\/wp-content\/uploads\/2018\/06\/Icon-Good-quality-12x12.png 12w\" sizes=\"auto, (max-width: 100px) 100vw, 100px\" \/>\t\t\t\t\t<\/div>\n\t\t\t\t<\/div>\n\t\t\t<\/div>\n\t\t\t\t<div class=\"icon-box-text last-reset\">\n\t\t\t<h5 class=\"uppercase\">Qualit\u00e0 comprovata<\/h5>\t\t\t\t\t\t\n\n<p>Erba artificiale premium con resistenza ai raggi UV e all&#039;usura. Solide garanzie assicurano una soddisfazione duratura.<\/p>\n\n\t\t<\/div>\n\t<\/div>\n\t\n\t\n\n\t\t<\/div>\n\t\t\t\t\t<\/div>\n\n\t\n\n\t<div id=\"col-1654829638\" class=\"col medium-4 large-4\"  >\n\t\t\t\t<div class=\"col-inner\"  >\n\t\t\t\n\t<div class=\"is-border\"\n\t\tstyle=\"border-width:0px 0px 0px 0px;\">\n\t<\/div>\n\t\t\t\n\n\n\t\t<div class=\"icon-box featured-box icon-box-center text-center\"  style=\"margin:0px 0px 0px 0px;\">\n\t\t\t\t\t<div class=\"icon-box-img has-icon-bg\" style=\"width: 100px\">\n\t\t\t\t<div class=\"icon\">\n\t\t\t\t\t<div class=\"icon-inner\" style=\"border-width:2px;color:rgba(47, 159, 18, 0.88);\">\n\t\t\t\t\t\t<img loading=\"lazy\" decoding=\"async\" width=\"100\" height=\"100\" src=\"https:\/\/arturf.com\/wp-content\/uploads\/2018\/06\/Icon-Good-price.png\" class=\"attachment-medium size-medium\" alt=\"Giardino, Aree gioco, Erba artificiale, Forma a C\" srcset=\"https:\/\/arturf.com\/wp-content\/uploads\/2018\/06\/Icon-Good-price.png 100w, https:\/\/arturf.com\/wp-content\/uploads\/2018\/06\/Icon-Good-price-12x12.png 12w\" sizes=\"auto, (max-width: 100px) 100vw, 100px\" \/>\t\t\t\t\t<\/div>\n\t\t\t\t<\/div>\n\t\t\t<\/div>\n\t\t\t\t<div class=\"icon-box-text last-reset\">\n\t\t\t<h5 class=\"uppercase\">Prezzi competitivi<\/h5>\t\t\t\t\t\t\n\n<p>Forniamo prezzi competitivi, favorendo la crescita reciproca e il successo a lungo termine con i nostri stimati rivenditori.<\/p>\n\n\t\t<\/div>\n\t<\/div>\n\t\n\t\n\n\t\t<\/div>\n\t\t\t\t\t<\/div>\n\n\t\n\n\t<div id=\"col-151779467\" class=\"col medium-4 large-4\"  >\n\t\t\t\t<div class=\"col-inner\"  >\n\t\t\t\n\t<div class=\"is-border\"\n\t\tstyle=\"border-width:0px 0px 0px 0px;\">\n\t<\/div>\n\t\t\t\n\n\n\t\t<div class=\"icon-box featured-box icon-box-center text-center\"  style=\"margin:0px 0px 0px 0px;\">\n\t\t\t\t\t<div class=\"icon-box-img has-icon-bg\" style=\"width: 100px\">\n\t\t\t\t<div class=\"icon\">\n\t\t\t\t\t<div class=\"icon-inner\" style=\"border-width:2px;color:rgba(47, 159, 18, 0.88);\">\n\t\t\t\t\t\t<img loading=\"lazy\" decoding=\"async\" width=\"100\" height=\"100\" src=\"https:\/\/arturf.com\/wp-content\/uploads\/2018\/06\/Icon-tailor-made.png\" class=\"attachment-medium size-medium\" alt=\"Giardino, Aree gioco, Erba artificiale, Forma a C\" srcset=\"https:\/\/arturf.com\/wp-content\/uploads\/2018\/06\/Icon-tailor-made.png 100w, https:\/\/arturf.com\/wp-content\/uploads\/2018\/06\/Icon-tailor-made-12x12.png 12w\" sizes=\"auto, (max-width: 100px) 100vw, 100px\" \/>\t\t\t\t\t<\/div>\n\t\t\t\t<\/div>\n\t\t\t<\/div>\n\t\t\t\t<div class=\"icon-box-text last-reset\">\n\t\t\t<h5 class=\"uppercase\">Soluzioni personalizzate<\/h5>\t\t\t\t\t\t\n\n<p>Sblocca il potenziale di mercato con diverse opzioni di erba artificiale. <a href=\"https:\/\/arturf.com\/it\/buyers-guide\/customized-artificial-grass-products\/\">Su misura per esigenze o campioni unici<\/a>.<\/p>\n\n\t\t<\/div>\n\t<\/div>\n\t\n\t\n\n\t\t<\/div>\n\t\t\t\t\t<\/div>\n\n\t\n\n<\/div>","protected":false},"excerpt":{"rendered":"<p>\u00c8 un prodotto in erba artificiale di fascia alta, realizzato con robuste fibre a forma di C e una fitta paglia marrone. Questo prodotto offre un&#039;eccezionale resistenza all&#039;usura e ai raggi UV, rendendolo perfetto per giardini, aree giochi, parchi pubblici e tutte le applicazioni paesaggistiche. Goditi la massima qualit\u00e0 per i tuoi spazi esterni.<\/p>","protected":false},"featured_media":11436,"template":"","meta":{"_seopress_robots_primary_cat":"","_seopress_titles_title":"Premium Artificial Turf with C-Shaped Fibers and Dense Brown Thatch","_seopress_titles_desc":"","_seopress_robots_index":""},"product_brand":[],"product_cat":[64],"product_tag":[],"class_list":{"0":"post-11433","1":"product","2":"type-product","3":"status-publish","4":"has-post-thumbnail","6":"product_cat-landscape","8":"first","9":"instock","10":"shipping-taxable","11":"product-type-simple"},"_links":{"self":[{"href":"https:\/\/arturf.com\/it\/wp-json\/wp\/v2\/product\/11433","targetHints":{"allow":["GET"]}}],"collection":[{"href":"https:\/\/arturf.com\/it\/wp-json\/wp\/v2\/product"}],"about":[{"href":"https:\/\/arturf.com\/it\/wp-json\/wp\/v2\/types\/product"}],"wp:featuredmedia":[{"embeddable":true,"href":"https:\/\/arturf.com\/it\/wp-json\/wp\/v2\/media\/11436"}],"wp:attachment":[{"href":"https:\/\/arturf.com\/it\/wp-json\/wp\/v2\/media?parent=11433"}],"wp:term":[{"taxonomy":"product_brand","embeddable":true,"href":"https:\/\/arturf.com\/it\/wp-json\/wp\/v2\/product_brand?post=11433"},{"taxonomy":"product_cat","embeddable":true,"href":"https:\/\/arturf.com\/it\/wp-json\/wp\/v2\/product_cat?post=11433"},{"taxonomy":"product_tag","embeddable":true,"href":"https:\/\/arturf.com\/it\/wp-json\/wp\/v2\/product_tag?post=11433"}],"curies":[{"name":"parola chiave","href":"https:\/\/api.w.org\/{rel}","templated":true}]}}