{"id":11452,"date":"2020-04-29T16:37:37","date_gmt":"2020-04-29T08:37:37","guid":{"rendered":"https:\/\/arturf.com\/?post_type=product&#038;p=11452"},"modified":"2023-07-14T18:00:42","modified_gmt":"2023-07-14T10:00:42","slug":"artificial-grass-winter","status":"publish","type":"product","link":"https:\/\/arturf.com\/it\/product\/artificial-grass-winter\/","title":{"rendered":"\u2661Winter"},"content":{"rendered":"<p>Un tappeto erboso artificiale di alta qualit\u00e0 progettato per replicare la bellezza dei paesaggi invernali. A differenza delle tradizionali fibre verdi bicolore, \u2661Winter presenta una combinazione di fibre principali verde campo e bianco crema, che ricordano l&#039;erba naturale in inverno. Questa combinazione di colori unica ha guadagnato popolarit\u00e0 in Europa e in Australia. Con un&#039;altezza del pelo consigliata di 30 mm-40 mm, \u2661Winter offre un aspetto realistico e una durata eccezionale, rendendolo la scelta ideale per le vostre esigenze paesaggistiche.<\/p>\n<h3>Caratteristiche principali:<\/h3>\n<ol>\n<li>Colori unici: le fibre principali verde campo e bianco crema creano un aspetto distintivo.<\/li>\n<li>Fibre di memoria a forma di C e paglia densa: migliora la resilienza e la durata.<\/li>\n<li>Realistico e durevole: fornisce un aspetto naturale simile all&#039;erba e prestazioni di lunga durata.<\/li>\n<\/ol>\n\n\t<section class=\"section\" id=\"section_2006167704\">\n\t\t<div class=\"section-bg fill\" >\n\t\t\t\t\t\t\t\t\t\n\t\t\t\n\n\t\t<\/div>\n\n\t\t\n\n\t\t<div class=\"section-content relative\">\n\t\t\t\n\n<div class=\"row\"  id=\"row-924490937\">\n\n\n\t<div id=\"col-493431473\" class=\"col small-12 large-12\"  >\n\t\t\t\t<div class=\"col-inner text-center\"  >\n\t\t\t\n\t\t\t\n\n<h2>Domande frequenti<\/h2>\n\n\t\t<\/div>\n\t\t\t\t\t<\/div>\n\n\t\n\n<\/div>\n<div class=\"row align-center row-box-shadow-1\"  id=\"row-1473268129\">\n\n\n\t<div id=\"col-1042241473\" class=\"col medium-10 small-12 large-9\"  >\n\t\t\t\t<div class=\"col-inner\" style=\"background-color:rgb(255,255,255);\" >\n\t\t\t\n\t\t\t\n\n<div class=\"accordion\">\n\n\t<div id=\"accordion-1895451004\" class=\"accordion-item\">\n\t\t<a id=\"accordion-1895451004-label\" class=\"accordion-title plain\" href=\"#accordion-item-can-you-customize-specifications-for-your-artificial-turf-products?\" aria-expanded=\"false\" aria-controls=\"accordion-1895451004-content\">\n\t\t\t<button class=\"toggle\" aria-label=\"Attiva\/Disattiva\"><i class=\"icon-angle-down\" aria-hidden=\"true\"><\/i><\/button>\n\t\t\t<span>Potete personalizzare le specifiche per i vostri prodotti in erba sintetica?<\/span>\n\t\t<\/a>\n\t\t<div id=\"accordion-1895451004-content\" class=\"accordion-inner\" aria-labelledby=\"accordion-1895451004-label\">\n\t\t\t\n\n<p>S\u00ec, offriamo opzioni di personalizzazione per colore, forma del filato, altezza del pelo, densit\u00e0 e supporto. Possiamo anche produrre secondo un campione fornito.<\/p>\n\n\t\t<\/div>\n\t<\/div>\n\t\n\t<div id=\"accordion-4116147172\" class=\"accordion-item\">\n\t\t<a id=\"accordion-4116147172-label\" class=\"accordion-title plain\" href=\"#accordion-item-do-you-have-stock?\" aria-expanded=\"false\" aria-controls=\"accordion-4116147172-content\">\n\t\t\t<button class=\"toggle\" aria-label=\"Attiva\/Disattiva\"><i class=\"icon-angle-down\" aria-hidden=\"true\"><\/i><\/button>\n\t\t\t<span>Hai scorte?<\/span>\n\t\t<\/a>\n\t\t<div id=\"accordion-4116147172-content\" class=\"accordion-inner\" aria-labelledby=\"accordion-4116147172-label\">\n\t\t\t\n\n<p>No, non teniamo stock. Iniziamo la produzione sulla base di ordini specifici.<\/p>\n\n\t\t<\/div>\n\t<\/div>\n\t\n\t<div id=\"accordion-4143500621\" class=\"accordion-item\">\n\t\t<a id=\"accordion-4143500621-label\" class=\"accordion-title plain\" href=\"#accordion-item-what-is-your-moq?\" aria-expanded=\"false\" aria-controls=\"accordion-4143500621-content\">\n\t\t\t<button class=\"toggle\" aria-label=\"Attiva\/Disattiva\"><i class=\"icon-angle-down\" aria-hidden=\"true\"><\/i><\/button>\n\t\t\t<span>Qual \u00e8 il tuo MOQ?<\/span>\n\t\t<\/a>\n\t\t<div id=\"accordion-4143500621-content\" class=\"accordion-inner\" aria-labelledby=\"accordion-4143500621-label\">\n\t\t\t\n\n<p>Per la maggior parte dell&#039;erba artificiale, la nostra quantit\u00e0 minima d&#039;ordine (MOQ) \u00e8 di 500 metri quadrati. Per alcuni prodotti leggeri, il MOQ \u00e8 di 800 metri quadrati.<\/p>\n\n\t\t<\/div>\n\t<\/div>\n\t\n\t<div id=\"accordion-278630616\" class=\"accordion-item\">\n\t\t<a id=\"accordion-278630616-label\" class=\"accordion-title plain\" href=\"#accordion-item-what-are-the-width-and-length-options-for-artificial-grass?\" aria-expanded=\"false\" aria-controls=\"accordion-278630616-content\">\n\t\t\t<button class=\"toggle\" aria-label=\"Attiva\/Disattiva\"><i class=\"icon-angle-down\" aria-hidden=\"true\"><\/i><\/button>\n\t\t\t<span>Quali sono le opzioni di larghezza e lunghezza per l&#039;erba artificiale?<\/span>\n\t\t<\/a>\n\t\t<div id=\"accordion-278630616-content\" class=\"accordion-inner\" aria-labelledby=\"accordion-278630616-label\">\n\t\t\t\n\n<p>Le nostre opzioni di larghezza comuni sono 2 m, 3,75 m, 3,95 m, 4 m e 5 m. La lunghezza pu\u00f2 essere personalizzata in base alle specifiche esigenze del progetto. Per impostazione predefinita, mescoliamo un tappeto erboso largo 4 m e largo 2 m per ottimizzare lo spazio del container.<\/p>\n\n\t\t<\/div>\n\t<\/div>\n\t\n\t<div id=\"accordion-1460497854\" class=\"accordion-item\">\n\t\t<a id=\"accordion-1460497854-label\" class=\"accordion-title plain\" href=\"#accordion-item-what-information-do-you-need-to-provide-the-landed-cost-for-international-customers?\" aria-expanded=\"false\" aria-controls=\"accordion-1460497854-content\">\n\t\t\t<button class=\"toggle\" aria-label=\"Attiva\/Disattiva\"><i class=\"icon-angle-down\" aria-hidden=\"true\"><\/i><\/button>\n\t\t\t<span>Di quali informazioni hai bisogno per fornire il costo di spedizione per i clienti internazionali?<\/span>\n\t\t<\/a>\n\t\t<div id=\"accordion-1460497854-content\" class=\"accordion-inner\" aria-labelledby=\"accordion-1460497854-label\">\n\t\t\t\n\n<p>Per fornire il costo dello sbarco, abbiamo bisogno di informazioni sui dettagli del prodotto, sulla quantit\u00e0 e sul porto di destinazione.<\/p>\n\n\t\t<\/div>\n\t<\/div>\n\t\n\n<\/div>\n\n\t\t<\/div>\n\t\t\t\t\t<\/div>\n\n\t\n\n\n<style>\n#row-1473268129 > .col > .col-inner {\n  padding: 0px 0px 0px 0px;\n}\n@media (min-width:550px) {\n  #row-1473268129 > .col > .col-inner {\n    padding: 30px 30px 30px 30px;\n  }\n}\n<\/style>\n<\/div>\n\n\t\t<\/div>\n\n\t\t\n<style>\n#section_2006167704 {\n  padding-top: 60px;\n  padding-bottom: 60px;\n}\n<\/style>\n\t<\/section>\n\t\n<div class=\"row align-center\"  id=\"row-1419547267\">\n\n\n\t<div id=\"col-1003546157\" class=\"col medium-4 large-4\"  >\n\t\t\t\t<div class=\"col-inner\"  >\n\t\t\t\n\t<div class=\"is-border\"\n\t\tstyle=\"border-width:0px 0px 0px 0px;\">\n\t<\/div>\n\t\t\t\n\n\n\t\t<div class=\"icon-box featured-box icon-box-center text-center\"  style=\"margin:0px 0px 0px 0px;\">\n\t\t\t\t\t<div class=\"icon-box-img has-icon-bg\" style=\"width: 100px\">\n\t\t\t\t<div class=\"icon\">\n\t\t\t\t\t<div class=\"icon-inner\" style=\"border-width:2px;color:rgba(47, 159, 18, 0.88);\">\n\t\t\t\t\t\t<img loading=\"lazy\" decoding=\"async\" width=\"100\" height=\"100\" src=\"https:\/\/arturf.com\/wp-content\/uploads\/2018\/06\/Icon-Good-quality.png\" class=\"attachment-medium size-medium\" alt=\"\" srcset=\"https:\/\/arturf.com\/wp-content\/uploads\/2018\/06\/Icon-Good-quality.png 100w, https:\/\/arturf.com\/wp-content\/uploads\/2018\/06\/Icon-Good-quality-12x12.png 12w\" sizes=\"auto, (max-width: 100px) 100vw, 100px\" \/>\t\t\t\t\t<\/div>\n\t\t\t\t<\/div>\n\t\t\t<\/div>\n\t\t\t\t<div class=\"icon-box-text last-reset\">\n\t\t\t<h5 class=\"uppercase\">Qualit\u00e0 comprovata<\/h5>\t\t\t\t\t\t\n\n<p>Erba artificiale premium con resistenza ai raggi UV e all&#039;usura. Solide garanzie assicurano una soddisfazione duratura.<\/p>\n\n\t\t<\/div>\n\t<\/div>\n\t\n\t\n\n\t\t<\/div>\n\t\t\t\t\t<\/div>\n\n\t\n\n\t<div id=\"col-1404955236\" class=\"col medium-4 large-4\"  >\n\t\t\t\t<div class=\"col-inner\"  >\n\t\t\t\n\t<div class=\"is-border\"\n\t\tstyle=\"border-width:0px 0px 0px 0px;\">\n\t<\/div>\n\t\t\t\n\n\n\t\t<div class=\"icon-box featured-box icon-box-center text-center\"  style=\"margin:0px 0px 0px 0px;\">\n\t\t\t\t\t<div class=\"icon-box-img has-icon-bg\" style=\"width: 100px\">\n\t\t\t\t<div class=\"icon\">\n\t\t\t\t\t<div class=\"icon-inner\" style=\"border-width:2px;color:rgba(47, 159, 18, 0.88);\">\n\t\t\t\t\t\t<img loading=\"lazy\" decoding=\"async\" width=\"100\" height=\"100\" src=\"https:\/\/arturf.com\/wp-content\/uploads\/2018\/06\/Icon-Good-price.png\" class=\"attachment-medium size-medium\" alt=\"\" srcset=\"https:\/\/arturf.com\/wp-content\/uploads\/2018\/06\/Icon-Good-price.png 100w, https:\/\/arturf.com\/wp-content\/uploads\/2018\/06\/Icon-Good-price-12x12.png 12w\" sizes=\"auto, (max-width: 100px) 100vw, 100px\" \/>\t\t\t\t\t<\/div>\n\t\t\t\t<\/div>\n\t\t\t<\/div>\n\t\t\t\t<div class=\"icon-box-text last-reset\">\n\t\t\t<h5 class=\"uppercase\">Prezzi competitivi<\/h5>\t\t\t\t\t\t\n\n<p>Forniamo prezzi competitivi, favorendo la crescita reciproca e il successo a lungo termine con i nostri stimati rivenditori.<\/p>\n\n\t\t<\/div>\n\t<\/div>\n\t\n\t\n\n\t\t<\/div>\n\t\t\t\t\t<\/div>\n\n\t\n\n\t<div id=\"col-1850388035\" class=\"col medium-4 large-4\"  >\n\t\t\t\t<div class=\"col-inner\"  >\n\t\t\t\n\t<div class=\"is-border\"\n\t\tstyle=\"border-width:0px 0px 0px 0px;\">\n\t<\/div>\n\t\t\t\n\n\n\t\t<div class=\"icon-box featured-box icon-box-center text-center\"  style=\"margin:0px 0px 0px 0px;\">\n\t\t\t\t\t<div class=\"icon-box-img has-icon-bg\" style=\"width: 100px\">\n\t\t\t\t<div class=\"icon\">\n\t\t\t\t\t<div class=\"icon-inner\" style=\"border-width:2px;color:rgba(47, 159, 18, 0.88);\">\n\t\t\t\t\t\t<img loading=\"lazy\" decoding=\"async\" width=\"100\" height=\"100\" src=\"https:\/\/arturf.com\/wp-content\/uploads\/2018\/06\/Icon-tailor-made.png\" class=\"attachment-medium size-medium\" alt=\"\" srcset=\"https:\/\/arturf.com\/wp-content\/uploads\/2018\/06\/Icon-tailor-made.png 100w, https:\/\/arturf.com\/wp-content\/uploads\/2018\/06\/Icon-tailor-made-12x12.png 12w\" sizes=\"auto, (max-width: 100px) 100vw, 100px\" \/>\t\t\t\t\t<\/div>\n\t\t\t\t<\/div>\n\t\t\t<\/div>\n\t\t\t\t<div class=\"icon-box-text last-reset\">\n\t\t\t<h5 class=\"uppercase\">Soluzioni personalizzate<\/h5>\t\t\t\t\t\t\n\n<p>Sblocca il potenziale di mercato con diverse opzioni di erba artificiale. <a href=\"https:\/\/arturf.com\/it\/buyers-guide\/customized-artificial-grass-products\/\">Su misura per esigenze o campioni unici<\/a>.<\/p>\n\n\t\t<\/div>\n\t<\/div>\n\t\n\t\n\n\t\t<\/div>\n\t\t\t\t\t<\/div>\n\n\t\n\n<\/div>","protected":false},"excerpt":{"rendered":"<p>Erba artificiale di alta qualit\u00e0 con colori unici, fibre resistenti a forma di C e paglia densa, ricreando la bellezza dei paesaggi invernali con durata e realismo.<\/p>","protected":false},"featured_media":11455,"template":"","meta":{"_seopress_robots_primary_cat":"","_seopress_titles_title":"","_seopress_titles_desc":"","_seopress_robots_index":""},"product_brand":[],"product_cat":[64],"product_tag":[],"class_list":{"0":"post-11452","1":"product","2":"type-product","3":"status-publish","4":"has-post-thumbnail","6":"product_cat-landscape","8":"first","9":"instock","10":"shipping-taxable","11":"product-type-simple"},"_links":{"self":[{"href":"https:\/\/arturf.com\/it\/wp-json\/wp\/v2\/product\/11452","targetHints":{"allow":["GET"]}}],"collection":[{"href":"https:\/\/arturf.com\/it\/wp-json\/wp\/v2\/product"}],"about":[{"href":"https:\/\/arturf.com\/it\/wp-json\/wp\/v2\/types\/product"}],"wp:featuredmedia":[{"embeddable":true,"href":"https:\/\/arturf.com\/it\/wp-json\/wp\/v2\/media\/11455"}],"wp:attachment":[{"href":"https:\/\/arturf.com\/it\/wp-json\/wp\/v2\/media?parent=11452"}],"wp:term":[{"taxonomy":"product_brand","embeddable":true,"href":"https:\/\/arturf.com\/it\/wp-json\/wp\/v2\/product_brand?post=11452"},{"taxonomy":"product_cat","embeddable":true,"href":"https:\/\/arturf.com\/it\/wp-json\/wp\/v2\/product_cat?post=11452"},{"taxonomy":"product_tag","embeddable":true,"href":"https:\/\/arturf.com\/it\/wp-json\/wp\/v2\/product_tag?post=11452"}],"curies":[{"name":"parola chiave","href":"https:\/\/api.w.org\/{rel}","templated":true}]}}