{"id":11797,"date":"2020-06-18T08:58:24","date_gmt":"2020-06-18T00:58:24","guid":{"rendered":"https:\/\/arturf.com\/?post_type=product&#038;p=11797"},"modified":"2022-05-28T09:45:12","modified_gmt":"2022-05-28T01:45:12","slug":"professional-artificial-grass-installation-tools","status":"publish","type":"product","link":"https:\/\/arturf.com\/it\/product\/professional-artificial-grass-installation-tools\/","title":{"rendered":"Strumenti professionali per l&#039;installazione di erba artificiale"},"content":{"rendered":"<p>Set di strumenti per l&#039;installazione di erba artificiale. Nove strumenti per l&#039;installazione di erba artificiale per un pacchetto completo. \u00c8 possibile acquistare un pacchetto completo o selezionare solo alcuni degli strumenti pi\u00f9 utilizzati. I nostri strumenti di installazione ti aiuteranno molto a risparmiare tempo ed energia se sei un installatore di erba artificiale, particolarmente utile per gli installatori di erba artificiale di calcio.<\/p>\n\t<div class=\"box has-hover   has-hover box-vertical box-text-bottom\" >\n\n\t\t<div class=\"box-image\" style=\"width:20%;\">\n\t\t\t\t\t\t<div class=\"\" >\n\t\t\t\t<img loading=\"lazy\" decoding=\"async\" width=\"400\" height=\"400\" src=\"https:\/\/arturf.com\/wp-content\/uploads\/2020\/06\/Line-Cutter.jpg\" class=\"attachment- size-\" alt=\"\" srcset=\"https:\/\/arturf.com\/wp-content\/uploads\/2020\/06\/Line-Cutter.jpg 400w, https:\/\/arturf.com\/wp-content\/uploads\/2020\/06\/Line-Cutter-300x300.jpg 300w, https:\/\/arturf.com\/wp-content\/uploads\/2020\/06\/Line-Cutter-12x12.jpg 12w, https:\/\/arturf.com\/wp-content\/uploads\/2020\/06\/Line-Cutter-100x100.jpg 100w\" sizes=\"auto, (max-width: 400px) 100vw, 400px\" \/>\t\t\t\t\t\t\t\t\t\t\t<\/div>\n\t\t\t\t\t<\/div>\n\n\t\t<div class=\"box-text text-left\" >\n\t\t\t<div class=\"box-text-inner\">\n\t\t\t\t\n<h4>Line Cutter<\/h4>\n<p>Uno strumento utile per tagliare l&#039;erba verde stesa in una linea, quindi installare la linea di erba bianca tagliata. \u00c8 difficile installare il <a href=\"https:\/\/arturf.com\/it\/installation\/artificial-grass-line-marking\/\">segni di linea bianca<\/a> senza questo strumento, \u00e8 fondamentale e importante per l&#039;installazione dell&#039;erba.<\/p>\n\t\t\t<\/div>\n\t\t<\/div>\n\t<\/div>\n\t\n\t<div id=\"gap-2126230568\" class=\"gap-element clearfix\" style=\"display:block; height:auto;\">\n\t\t\n<style>\n#gap-2126230568 {\n  padding-top: 20px;\n}\n<\/style>\n\t<\/div>\n\t\n\t<div class=\"box has-hover   has-hover box-vertical box-text-bottom\" >\n\n\t\t<div class=\"box-image\" style=\"width:20%;\">\n\t\t\t\t\t\t<div class=\"\" >\n\t\t\t\t<img loading=\"lazy\" decoding=\"async\" width=\"400\" height=\"400\" src=\"https:\/\/arturf.com\/wp-content\/uploads\/2020\/06\/Circle-Cutter.jpg\" class=\"attachment- size-\" alt=\"\" srcset=\"https:\/\/arturf.com\/wp-content\/uploads\/2020\/06\/Circle-Cutter.jpg 400w, https:\/\/arturf.com\/wp-content\/uploads\/2020\/06\/Circle-Cutter-300x300.jpg 300w, https:\/\/arturf.com\/wp-content\/uploads\/2020\/06\/Circle-Cutter-12x12.jpg 12w, https:\/\/arturf.com\/wp-content\/uploads\/2020\/06\/Circle-Cutter-100x100.jpg 100w\" sizes=\"auto, (max-width: 400px) 100vw, 400px\" \/>\t\t\t\t\t\t\t\t\t\t\t<\/div>\n\t\t\t\t\t<\/div>\n\n\t\t<div class=\"box-text text-left\" >\n\t\t\t<div class=\"box-text-inner\">\n\t\t\t\t\n<h4>Circle Cutter<\/h4>\n<p>Un utile strumento per erba sintetica chiamato erba tagliaerba. \u00c8 progettato per realizzare punti perfetti sul cerchio di erba come il punto centrale e i punti di penalit\u00e0 nel campo di calcio. Ed \u00e8 uno strumento meraviglioso e importante per tagliare i buchi verdi da golf.<\/p>\n\t\t\t<\/div>\n\t\t<\/div>\n\t<\/div>\n\t\n\t<div id=\"gap-1503353594\" class=\"gap-element clearfix\" style=\"display:block; height:auto;\">\n\t\t\n<style>\n#gap-1503353594 {\n  padding-top: 20px;\n}\n<\/style>\n\t<\/div>\n\t\n\t<div class=\"box has-hover   has-hover box-vertical box-text-bottom\" >\n\n\t\t<div class=\"box-image\" style=\"width:20%;\">\n\t\t\t\t\t\t<div class=\"\" >\n\t\t\t\t<img loading=\"lazy\" decoding=\"async\" width=\"400\" height=\"400\" src=\"https:\/\/arturf.com\/wp-content\/uploads\/2020\/06\/Turf-Fix.jpg\" class=\"attachment- size-\" alt=\"\" srcset=\"https:\/\/arturf.com\/wp-content\/uploads\/2020\/06\/Turf-Fix.jpg 400w, https:\/\/arturf.com\/wp-content\/uploads\/2020\/06\/Turf-Fix-300x300.jpg 300w, https:\/\/arturf.com\/wp-content\/uploads\/2020\/06\/Turf-Fix-12x12.jpg 12w, https:\/\/arturf.com\/wp-content\/uploads\/2020\/06\/Turf-Fix-100x100.jpg 100w\" sizes=\"auto, (max-width: 400px) 100vw, 400px\" \/>\t\t\t\t\t\t\t\t\t\t\t<\/div>\n\t\t\t\t\t<\/div>\n\n\t\t<div class=\"box-text text-left\" >\n\t\t\t<div class=\"box-text-inner\">\n\t\t\t\t\n<h4>Turf Fix<\/h4>\n<p>Uno strumento utile e professionale di installazione di erba artificiale che aiuta a tirare due pezzi di erba pesante facilmente e lentamente insieme per unire perfettamente ciascuno e ottenere cuciture senza soluzione di continuit\u00e0.<\/p>\n\t\t\t<\/div>\n\t\t<\/div>\n\t<\/div>\n\t\n\t<div id=\"gap-1915186799\" class=\"gap-element clearfix\" style=\"display:block; height:auto;\">\n\t\t\n<style>\n#gap-1915186799 {\n  padding-top: 20px;\n}\n<\/style>\n\t<\/div>\n\t\n\t<div class=\"box has-hover   has-hover box-vertical box-text-bottom\" >\n\n\t\t<div class=\"box-image\" style=\"width:20%;\">\n\t\t\t\t\t\t<div class=\"\" >\n\t\t\t\t<img loading=\"lazy\" decoding=\"async\" width=\"400\" height=\"400\" src=\"https:\/\/arturf.com\/wp-content\/uploads\/2020\/06\/Grass-Grip.jpg\" class=\"attachment- size-\" alt=\"\" srcset=\"https:\/\/arturf.com\/wp-content\/uploads\/2020\/06\/Grass-Grip.jpg 400w, https:\/\/arturf.com\/wp-content\/uploads\/2020\/06\/Grass-Grip-300x300.jpg 300w, https:\/\/arturf.com\/wp-content\/uploads\/2020\/06\/Grass-Grip-12x12.jpg 12w, https:\/\/arturf.com\/wp-content\/uploads\/2020\/06\/Grass-Grip-100x100.jpg 100w\" sizes=\"auto, (max-width: 400px) 100vw, 400px\" \/>\t\t\t\t\t\t\t\t\t\t\t<\/div>\n\t\t\t\t\t<\/div>\n\n\t\t<div class=\"box-text text-left\" >\n\t\t\t<div class=\"box-text-inner\">\n\t\t\t\t\n<h4>Grass Grip<\/h4>\n<p>Uno strumento utile e professionale per l&#039;installazione di erba artificiale che consente di afferrare l&#039;erba pesante e tirare facilmente senza danneggiarlo. Ha una grande bocca piena di potenti denti che si collegano con due maniglie, tenendole con due mani e tirandolo. Fornisce forza per afferrare l&#039;erba usando la leva.<\/p>\n\t\t\t<\/div>\n\t\t<\/div>\n\t<\/div>\n\t\n\t<div id=\"gap-1119258087\" class=\"gap-element clearfix\" style=\"display:block; height:auto;\">\n\t\t\n<style>\n#gap-1119258087 {\n  padding-top: 20px;\n}\n<\/style>\n\t<\/div>\n\t\n\t<div class=\"box has-hover   has-hover box-vertical box-text-bottom\" >\n\n\t\t<div class=\"box-image\" style=\"width:20%;\">\n\t\t\t\t\t\t<div class=\"\" >\n\t\t\t\t<img loading=\"lazy\" decoding=\"async\" width=\"400\" height=\"400\" src=\"https:\/\/arturf.com\/wp-content\/uploads\/2020\/06\/Seam-Fix.jpg\" class=\"attachment- size-\" alt=\"\" srcset=\"https:\/\/arturf.com\/wp-content\/uploads\/2020\/06\/Seam-Fix.jpg 400w, https:\/\/arturf.com\/wp-content\/uploads\/2020\/06\/Seam-Fix-300x300.jpg 300w, https:\/\/arturf.com\/wp-content\/uploads\/2020\/06\/Seam-Fix-12x12.jpg 12w, https:\/\/arturf.com\/wp-content\/uploads\/2020\/06\/Seam-Fix-100x100.jpg 100w\" sizes=\"auto, (max-width: 400px) 100vw, 400px\" \/>\t\t\t\t\t\t\t\t\t\t\t<\/div>\n\t\t\t\t\t<\/div>\n\n\t\t<div class=\"box-text text-left\" >\n\t\t\t<div class=\"box-text-inner\">\n\t\t\t\t\n<h4>Correzione della cucitura<\/h4>\n<p>Per pressare e fissare insieme i bordi dell&#039;erba, pu\u00f2 aiutare a fissare una cucitura solida e bella. \u00c8 progettato con entrambe le impugnature e un telaio pu\u00f2 essere utilizzato in modo accovacciato o con un bastone o un tubo della lunghezza adeguata per poter camminare.<\/p>\n\t\t\t<\/div>\n\t\t<\/div>\n\t<\/div>\n\t\n\t<div id=\"gap-982527757\" class=\"gap-element clearfix\" style=\"display:block; height:auto;\">\n\t\t\n<style>\n#gap-982527757 {\n  padding-top: 20px;\n}\n<\/style>\n\t<\/div>\n\t\n\t<div class=\"box has-hover   has-hover box-vertical box-text-bottom\" >\n\n\t\t<div class=\"box-image\" style=\"width:20%;\">\n\t\t\t\t\t\t<div class=\"\" >\n\t\t\t\t<img loading=\"lazy\" decoding=\"async\" width=\"400\" height=\"400\" src=\"https:\/\/arturf.com\/wp-content\/uploads\/2020\/06\/Glue-Fix.jpg\" class=\"attachment- size-\" alt=\"\" srcset=\"https:\/\/arturf.com\/wp-content\/uploads\/2020\/06\/Glue-Fix.jpg 400w, https:\/\/arturf.com\/wp-content\/uploads\/2020\/06\/Glue-Fix-300x300.jpg 300w, https:\/\/arturf.com\/wp-content\/uploads\/2020\/06\/Glue-Fix-12x12.jpg 12w, https:\/\/arturf.com\/wp-content\/uploads\/2020\/06\/Glue-Fix-100x100.jpg 100w\" sizes=\"auto, (max-width: 400px) 100vw, 400px\" \/>\t\t\t\t\t\t\t\t\t\t\t<\/div>\n\t\t\t\t\t<\/div>\n\n\t\t<div class=\"box-text text-left\" >\n\t\t\t<div class=\"box-text-inner\">\n\t\t\t\t\n<h4>Correzione della colla<\/h4>\n<p>Uno strumento utile chiamato anche applicatore di colla per il rivestimento di colla del nastro di cucitura per erba artificiale. Con esso, puoi diffonderti <a href=\"https:\/\/arturf.com\/it\/product\/artificial-grass-adhesive\/\">colla per erba artificiale<\/a> sul nastro di cucitura in modo facile e veloce. Due contenitori per colla, larghezza del rivestimento regolabile per adattarsi a diverse larghezze del nastro di cucitura<\/p>\n\t\t\t<\/div>\n\t\t<\/div>\n\t<\/div>\n\t\n\t<div id=\"gap-154417325\" class=\"gap-element clearfix\" style=\"display:block; height:auto;\">\n\t\t\n<style>\n#gap-154417325 {\n  padding-top: 20px;\n}\n<\/style>\n\t<\/div>\n\t\n\t<div class=\"box has-hover   has-hover box-vertical box-text-bottom\" >\n\n\t\t<div class=\"box-image\" style=\"width:20%;\">\n\t\t\t\t\t\t<div class=\"\" >\n\t\t\t\t<img loading=\"lazy\" decoding=\"async\" width=\"400\" height=\"400\" src=\"https:\/\/arturf.com\/wp-content\/uploads\/2020\/06\/Grass-Cutter.jpg\" class=\"attachment- size-\" alt=\"\" srcset=\"https:\/\/arturf.com\/wp-content\/uploads\/2020\/06\/Grass-Cutter.jpg 400w, https:\/\/arturf.com\/wp-content\/uploads\/2020\/06\/Grass-Cutter-300x300.jpg 300w, https:\/\/arturf.com\/wp-content\/uploads\/2020\/06\/Grass-Cutter-12x12.jpg 12w, https:\/\/arturf.com\/wp-content\/uploads\/2020\/06\/Grass-Cutter-100x100.jpg 100w\" sizes=\"auto, (max-width: 400px) 100vw, 400px\" \/>\t\t\t\t\t\t\t\t\t\t\t<\/div>\n\t\t\t\t\t<\/div>\n\n\t\t<div class=\"box-text text-left\" >\n\t\t\t<div class=\"box-text-inner\">\n\t\t\t\t\n<h4>Tagliaerba<\/h4>\n<p>Un utile strumento per erba per tagliare rapidamente lungo la pista esistente di erba artificiale. Maniglia comoda e facile da impugnare con una sola mano. Strumento per tagliare l&#039;erba leggero e maneggevole, facile da spingere in avanti per tagliare una linea retta.<\/p>\n\t\t\t<\/div>\n\t\t<\/div>\n\t<\/div>\n\t\n\t<div id=\"gap-1004305886\" class=\"gap-element clearfix\" style=\"display:block; height:auto;\">\n\t\t\n<style>\n#gap-1004305886 {\n  padding-top: 20px;\n}\n<\/style>\n\t<\/div>\n\t\n\t<div class=\"box has-hover   has-hover box-vertical box-text-bottom\" >\n\n\t\t<div class=\"box-image\" style=\"width:20%;\">\n\t\t\t\t\t\t<div class=\"\" >\n\t\t\t\t<img loading=\"lazy\" decoding=\"async\" width=\"400\" height=\"400\" src=\"https:\/\/arturf.com\/wp-content\/uploads\/2020\/06\/Edge-Trimmer.jpg\" class=\"attachment- size-\" alt=\"\" srcset=\"https:\/\/arturf.com\/wp-content\/uploads\/2020\/06\/Edge-Trimmer.jpg 400w, https:\/\/arturf.com\/wp-content\/uploads\/2020\/06\/Edge-Trimmer-300x300.jpg 300w, https:\/\/arturf.com\/wp-content\/uploads\/2020\/06\/Edge-Trimmer-12x12.jpg 12w, https:\/\/arturf.com\/wp-content\/uploads\/2020\/06\/Edge-Trimmer-100x100.jpg 100w\" sizes=\"auto, (max-width: 400px) 100vw, 400px\" \/>\t\t\t\t\t\t\t\t\t\t\t<\/div>\n\t\t\t\t\t<\/div>\n\n\t\t<div class=\"box-text text-left\" >\n\t\t\t<div class=\"box-text-inner\">\n\t\t\t\t\n<h4>Tagliabordi<\/h4>\n<p>Il tagliabordi per erba \u00e8 uno strumento molto utile ed efficace per l&#039;installazione di erba sintetica, pu\u00f2 aiutarci a tagliare rapidamente il bordo extra (supporto extra di erba) o la parte aggiuntiva dell&#039;erba. Ha una maniglia per tenerlo a mano e usarlo in un modo di accovacciarsi, tuttavia, un bastone di una lunghezza adeguata \u00e8 fortemente da attaccare a questo strumento in modo da poter camminare rapidamente e comodamente. C&#039;\u00e8 un telaio per collegare lo stick o il tubo.<\/p>\n\t\t\t<\/div>\n\t\t<\/div>\n\t<\/div>\n\t\n\t<div id=\"gap-1530928863\" class=\"gap-element clearfix\" style=\"display:block; height:auto;\">\n\t\t\n<style>\n#gap-1530928863 {\n  padding-top: 20px;\n}\n<\/style>\n\t<\/div>\n\t\n\t<div class=\"box has-hover   has-hover box-vertical box-text-bottom\" >\n\n\t\t<div class=\"box-image\" style=\"width:20%;\">\n\t\t\t\t\t\t<div class=\"\" >\n\t\t\t\t<img loading=\"lazy\" decoding=\"async\" width=\"403\" height=\"403\" src=\"https:\/\/arturf.com\/wp-content\/uploads\/2020\/06\/Floor-Test.jpg\" class=\"attachment- size-\" alt=\"\" srcset=\"https:\/\/arturf.com\/wp-content\/uploads\/2020\/06\/Floor-Test.jpg 403w, https:\/\/arturf.com\/wp-content\/uploads\/2020\/06\/Floor-Test-300x300.jpg 300w, https:\/\/arturf.com\/wp-content\/uploads\/2020\/06\/Floor-Test-12x12.jpg 12w, https:\/\/arturf.com\/wp-content\/uploads\/2020\/06\/Floor-Test-100x100.jpg 100w\" sizes=\"auto, (max-width: 403px) 100vw, 403px\" \/>\t\t\t\t\t\t\t\t\t\t\t<\/div>\n\t\t\t\t\t<\/div>\n\n\t\t<div class=\"box-text text-left\" >\n\t\t\t<div class=\"box-text-inner\">\n\t\t\t\t\n<h4>Test del pavimento<\/h4>\n<p>Questo strumento (righello) chiamato test del pavimento o righello di profondit\u00e0 viene utilizzato per misurare la profondit\u00e0 di riempimento tra cui granuli di sabbia e gomma e altri materiali di riempimento che vengono riempiti all&#039;interno dell&#039;erba sintetica \/ erba artificiale, \u00e8 uno strumento molto utile per l&#039;installazione di erba artificiale , ci aiuta a testare la quantit\u00e0 di riempimento e la qualit\u00e0 della superficie dell&#039;erba artificiale.<\/p>\n\t\t\t<\/div>\n\t\t<\/div>\n\t<\/div>","protected":false},"excerpt":{"rendered":"<p>Strumenti utili e professionali per l&#039;installazione di erba artificiale, tra cui il Tagliaerba \uff0c Tagliaerba circolare Fix Correzione del tappeto erboso \uff0c Presa per erba \uff0c Correzione della cucitura Fix Correzione della colla \uff0c Taglia erba \uff0c Tagliabordi \uff0c Prova del pavimento. Totalmente nove strumenti di installazione di erba artificiale per un pacchetto completo. \u00c8 possibile acquistare un pacchetto completo o selezionare solo alcuni degli strumenti pi\u00f9 utilizzati.<\/p>","protected":false},"featured_media":11916,"template":"","meta":{"_seopress_robots_primary_cat":"","_seopress_titles_title":"","_seopress_titles_desc":"Useful and professional tools for artificial grass installation, including turf grip, turf fix, seam fix, line cutter, grass cutter, glue fix, edge trimmer, circle cutter, and floor test.","_seopress_robots_index":""},"product_brand":[],"product_cat":[66],"product_tag":[],"class_list":{"0":"post-11797","1":"product","2":"type-product","3":"status-publish","4":"has-post-thumbnail","6":"product_cat-accessories","8":"first","9":"instock","10":"shipping-taxable","11":"product-type-simple"},"_links":{"self":[{"href":"https:\/\/arturf.com\/it\/wp-json\/wp\/v2\/product\/11797","targetHints":{"allow":["GET"]}}],"collection":[{"href":"https:\/\/arturf.com\/it\/wp-json\/wp\/v2\/product"}],"about":[{"href":"https:\/\/arturf.com\/it\/wp-json\/wp\/v2\/types\/product"}],"wp:featuredmedia":[{"embeddable":true,"href":"https:\/\/arturf.com\/it\/wp-json\/wp\/v2\/media\/11916"}],"wp:attachment":[{"href":"https:\/\/arturf.com\/it\/wp-json\/wp\/v2\/media?parent=11797"}],"wp:term":[{"taxonomy":"product_brand","embeddable":true,"href":"https:\/\/arturf.com\/it\/wp-json\/wp\/v2\/product_brand?post=11797"},{"taxonomy":"product_cat","embeddable":true,"href":"https:\/\/arturf.com\/it\/wp-json\/wp\/v2\/product_cat?post=11797"},{"taxonomy":"product_tag","embeddable":true,"href":"https:\/\/arturf.com\/it\/wp-json\/wp\/v2\/product_tag?post=11797"}],"curies":[{"name":"parola chiave","href":"https:\/\/api.w.org\/{rel}","templated":true}]}}