{"id":12663,"date":"2020-08-29T08:36:12","date_gmt":"2020-08-29T00:36:12","guid":{"rendered":"https:\/\/arturf.com\/?post_type=product&#038;p=12663"},"modified":"2023-07-15T11:42:39","modified_gmt":"2023-07-15T03:42:39","slug":"decor","status":"publish","type":"product","link":"https:\/\/arturf.com\/it\/product\/decor\/","title":{"rendered":"Decor"},"content":{"rendered":"<h3>Caratteristiche principali:<\/h3>\n<ol>\n<li>\n<h4>Lunghezza fibra corta:<\/h4>\n<p>Vantando una lunghezza della fibra compatta che va da 8 mm a 15 mm, Decor offre un aspetto elegante e ben curato che ricorda un tappeto di alta qualit\u00e0.<\/p>\n<\/li>\n<li>\n<h4>Estetica simile a un tappeto:<\/h4>\n<p>Con la sua costruzione accuratamente progettata, Decor riproduce l&#039;aspetto visivo di un tappeto naturale, aggiungendo un tocco di eleganza a qualsiasi spazio.<\/p>\n<\/li>\n<li>\n<h4>Soluzione conveniente:<\/h4>\n<p>Decor si distingue come opzione economica, assicurandoti di poter migliorare l&#039;ambiente circostante senza spendere una fortuna.<\/p>\n<\/li>\n<\/ol>\n<h3>Applicazioni adatte:\u00a0<\/h3>\n<ol>\n<li>\n<h4>Esposizione aziendale:<\/h4>\n<p>Che tu sia un rivenditore, un albergatore o un espositore, Decor rappresenta una scelta eccellente per i display aziendali, aggiungendo un tocco di raffinatezza e raffinatezza al tuo showroom o area espositiva.<\/p>\n<p><img loading=\"lazy\" decoding=\"async\" class=\"wp-image-5525 size-full alignnone\" style=\"color: #555555; font-size: 14.4px;\" src=\"https:\/\/arturf.com\/wp-content\/uploads\/2016\/06\/Artificial-Grass-for-Display-4.jpg\" alt=\"Erba artificiale per esposizione\" width=\"800\" height=\"533\" srcset=\"https:\/\/arturf.com\/wp-content\/uploads\/2016\/06\/Artificial-Grass-for-Display-4.jpg 800w, https:\/\/arturf.com\/wp-content\/uploads\/2016\/06\/Artificial-Grass-for-Display-4-300x200.jpg 300w, https:\/\/arturf.com\/wp-content\/uploads\/2016\/06\/Artificial-Grass-for-Display-4-768x512.jpg 768w, https:\/\/arturf.com\/wp-content\/uploads\/2016\/06\/Artificial-Grass-for-Display-4-18x12.jpg 18w, https:\/\/arturf.com\/wp-content\/uploads\/2016\/06\/Artificial-Grass-for-Display-4-510x340.jpg 510w\" sizes=\"auto, (max-width: 800px) 100vw, 800px\" \/><\/p>\n<\/li>\n<li>\n<h4>Decorazione:<\/h4>\n<p>Migliora la bellezza dei tuoi spazi interni o esterni incorporando Decor. Il suo aspetto simile a un tappeto eleva il fascino estetico di giardini, balconi, patii o qualsiasi area in cui desideri un&#039;atmosfera invitante e visivamente accattivante.<\/p>\n<p><img alt=\"\" loading=\"lazy\" decoding=\"async\" class=\"alignnone wp-image-12665 size-full\" style=\"color: #555555; font-size: 14.4px;\" src=\"https:\/\/arturf.com\/wp-content\/uploads\/2020\/08\/Wall-Decoration-Grass-2.jpg\" width=\"800\" height=\"533\" srcset=\"https:\/\/arturf.com\/wp-content\/uploads\/2020\/08\/Wall-Decoration-Grass-2.jpg 800w, https:\/\/arturf.com\/wp-content\/uploads\/2020\/08\/Wall-Decoration-Grass-2-300x200.jpg 300w, https:\/\/arturf.com\/wp-content\/uploads\/2020\/08\/Wall-Decoration-Grass-2-768x512.jpg 768w, https:\/\/arturf.com\/wp-content\/uploads\/2020\/08\/Wall-Decoration-Grass-2-18x12.jpg 18w, https:\/\/arturf.com\/wp-content\/uploads\/2020\/08\/Wall-Decoration-Grass-2-510x340.jpg 510w\" sizes=\"auto, (max-width: 800px) 100vw, 800px\" \/><\/p>\n<\/li>\n<li>\n<h4>Eventi:<\/h4>\n<p>Perfetto sia per eventi privati che aziendali, Decor offre una soluzione conveniente per creare spazi per eventi mozzafiato. Che si tratti di un matrimonio, una festa o una riunione aziendale, questo tappeto erboso artificiale dall&#039;aspetto di un tappeto pu\u00f2 migliorare l&#039;atmosfera generale e lasciare un&#039;impressione duratura sui tuoi ospiti.<\/p>\n<p><img alt=\"\" loading=\"lazy\" decoding=\"async\" class=\"alignnone wp-image-17477 size-full\" style=\"color: #555555; font-size: 14.4px;\" src=\"https:\/\/arturf.com\/wp-content\/uploads\/2022\/08\/Green-Event-turf-Decor.jpg\" width=\"800\" height=\"533\" srcset=\"https:\/\/arturf.com\/wp-content\/uploads\/2022\/08\/Green-Event-turf-Decor.jpg 800w, https:\/\/arturf.com\/wp-content\/uploads\/2022\/08\/Green-Event-turf-Decor-300x200.jpg 300w, https:\/\/arturf.com\/wp-content\/uploads\/2022\/08\/Green-Event-turf-Decor-768x512.jpg 768w, https:\/\/arturf.com\/wp-content\/uploads\/2022\/08\/Green-Event-turf-Decor-18x12.jpg 18w, https:\/\/arturf.com\/wp-content\/uploads\/2022\/08\/Green-Event-turf-Decor-510x340.jpg 510w\" sizes=\"auto, (max-width: 800px) 100vw, 800px\" \/><\/p>\n<\/li>\n<\/ol>\n\n\t<section class=\"section\" id=\"section_670928740\">\n\t\t<div class=\"section-bg fill\" >\n\t\t\t\t\t\t\t\t\t\n\t\t\t\n\n\t\t<\/div>\n\n\t\t\n\n\t\t<div class=\"section-content relative\">\n\t\t\t\n\n<div class=\"row\"  id=\"row-1311530870\">\n\n\n\t<div id=\"col-2013709367\" class=\"col small-12 large-12\"  >\n\t\t\t\t<div class=\"col-inner text-center\"  >\n\t\t\t\n\t\t\t\n\n<h2>Domande frequenti<\/h2>\n\n\t\t<\/div>\n\t\t\t\t\t<\/div>\n\n\t\n\n<\/div>\n<div class=\"row align-center row-box-shadow-1\"  id=\"row-2000520764\">\n\n\n\t<div id=\"col-1106420981\" class=\"col medium-10 small-12 large-9\"  >\n\t\t\t\t<div class=\"col-inner\" style=\"background-color:rgb(255,255,255);\" >\n\t\t\t\n\t\t\t\n\n<div class=\"accordion\">\n\n\t<div id=\"accordion-2886995567\" class=\"accordion-item\">\n\t\t<a id=\"accordion-2886995567-label\" class=\"accordion-title plain\" href=\"#accordion-item-can-you-customize-specifications-for-your-artificial-turf-products?\" aria-expanded=\"false\" aria-controls=\"accordion-2886995567-content\">\n\t\t\t<button class=\"toggle\" aria-label=\"Attiva\/Disattiva\"><i class=\"icon-angle-down\" aria-hidden=\"true\"><\/i><\/button>\n\t\t\t<span>Potete personalizzare le specifiche per i vostri prodotti in erba sintetica?<\/span>\n\t\t<\/a>\n\t\t<div id=\"accordion-2886995567-content\" class=\"accordion-inner\" aria-labelledby=\"accordion-2886995567-label\">\n\t\t\t\n\n<p>S\u00ec, offriamo opzioni di personalizzazione per colore, forma del filato, altezza del pelo, densit\u00e0 e supporto. Possiamo anche produrre secondo un campione fornito.<\/p>\n\n\t\t<\/div>\n\t<\/div>\n\t\n\t<div id=\"accordion-1498004097\" class=\"accordion-item\">\n\t\t<a id=\"accordion-1498004097-label\" class=\"accordion-title plain\" href=\"#accordion-item-do-you-have-stock?\" aria-expanded=\"false\" aria-controls=\"accordion-1498004097-content\">\n\t\t\t<button class=\"toggle\" aria-label=\"Attiva\/Disattiva\"><i class=\"icon-angle-down\" aria-hidden=\"true\"><\/i><\/button>\n\t\t\t<span>Hai scorte?<\/span>\n\t\t<\/a>\n\t\t<div id=\"accordion-1498004097-content\" class=\"accordion-inner\" aria-labelledby=\"accordion-1498004097-label\">\n\t\t\t\n\n<p>No, non teniamo stock. Iniziamo la produzione sulla base di ordini specifici.<\/p>\n\n\t\t<\/div>\n\t<\/div>\n\t\n\t<div id=\"accordion-4275603163\" class=\"accordion-item\">\n\t\t<a id=\"accordion-4275603163-label\" class=\"accordion-title plain\" href=\"#accordion-item-what-is-your-moq?\" aria-expanded=\"false\" aria-controls=\"accordion-4275603163-content\">\n\t\t\t<button class=\"toggle\" aria-label=\"Attiva\/Disattiva\"><i class=\"icon-angle-down\" aria-hidden=\"true\"><\/i><\/button>\n\t\t\t<span>Qual \u00e8 il tuo MOQ?<\/span>\n\t\t<\/a>\n\t\t<div id=\"accordion-4275603163-content\" class=\"accordion-inner\" aria-labelledby=\"accordion-4275603163-label\">\n\t\t\t\n\n<p>Per la maggior parte dell&#039;erba artificiale, la nostra quantit\u00e0 minima d&#039;ordine (MOQ) \u00e8 di 500 metri quadrati. Per alcuni prodotti leggeri, il MOQ \u00e8 di 800 metri quadrati.<\/p>\n\n\t\t<\/div>\n\t<\/div>\n\t\n\t<div id=\"accordion-2785378325\" class=\"accordion-item\">\n\t\t<a id=\"accordion-2785378325-label\" class=\"accordion-title plain\" href=\"#accordion-item-what-are-the-width-and-length-options-for-artificial-grass?\" aria-expanded=\"false\" aria-controls=\"accordion-2785378325-content\">\n\t\t\t<button class=\"toggle\" aria-label=\"Attiva\/Disattiva\"><i class=\"icon-angle-down\" aria-hidden=\"true\"><\/i><\/button>\n\t\t\t<span>Quali sono le opzioni di larghezza e lunghezza per l&#039;erba artificiale?<\/span>\n\t\t<\/a>\n\t\t<div id=\"accordion-2785378325-content\" class=\"accordion-inner\" aria-labelledby=\"accordion-2785378325-label\">\n\t\t\t\n\n<p>Le nostre opzioni di larghezza comuni sono 2 m, 3,75 m, 3,95 m, 4 m e 5 m. La lunghezza pu\u00f2 essere personalizzata in base alle specifiche esigenze del progetto. Per impostazione predefinita, mescoliamo un tappeto erboso largo 4 m e largo 2 m per ottimizzare lo spazio del container.<\/p>\n\n\t\t<\/div>\n\t<\/div>\n\t\n\t<div id=\"accordion-1143186682\" class=\"accordion-item\">\n\t\t<a id=\"accordion-1143186682-label\" class=\"accordion-title plain\" href=\"#accordion-item-what-information-do-you-need-to-provide-the-landed-cost-for-international-customers?\" aria-expanded=\"false\" aria-controls=\"accordion-1143186682-content\">\n\t\t\t<button class=\"toggle\" aria-label=\"Attiva\/Disattiva\"><i class=\"icon-angle-down\" aria-hidden=\"true\"><\/i><\/button>\n\t\t\t<span>Di quali informazioni hai bisogno per fornire il costo di spedizione per i clienti internazionali?<\/span>\n\t\t<\/a>\n\t\t<div id=\"accordion-1143186682-content\" class=\"accordion-inner\" aria-labelledby=\"accordion-1143186682-label\">\n\t\t\t\n\n<p>Per fornire il costo dello sbarco, abbiamo bisogno di informazioni sui dettagli del prodotto, sulla quantit\u00e0 e sul porto di destinazione.<\/p>\n\n\t\t<\/div>\n\t<\/div>\n\t\n\n<\/div>\n\n\t\t<\/div>\n\t\t\t\t\t<\/div>\n\n\t\n\n\n<style>\n#row-2000520764 > .col > .col-inner {\n  padding: 0px 0px 0px 0px;\n}\n@media (min-width:550px) {\n  #row-2000520764 > .col > .col-inner {\n    padding: 30px 30px 30px 30px;\n  }\n}\n<\/style>\n<\/div>\n\n\t\t<\/div>\n\n\t\t\n<style>\n#section_670928740 {\n  padding-top: 60px;\n  padding-bottom: 60px;\n}\n<\/style>\n\t<\/section>\n\t\n<div class=\"row align-center\"  id=\"row-1644116014\">\n\n\n\t<div id=\"col-1098685349\" class=\"col medium-4 large-4\"  >\n\t\t\t\t<div class=\"col-inner\"  >\n\t\t\t\n\t<div class=\"is-border\"\n\t\tstyle=\"border-width:0px 0px 0px 0px;\">\n\t<\/div>\n\t\t\t\n\n\n\t\t<div class=\"icon-box featured-box icon-box-center text-center\"  style=\"margin:0px 0px 0px 0px;\">\n\t\t\t\t\t<div class=\"icon-box-img has-icon-bg\" style=\"width: 100px\">\n\t\t\t\t<div class=\"icon\">\n\t\t\t\t\t<div class=\"icon-inner\" style=\"border-width:2px;color:rgba(47, 159, 18, 0.88);\">\n\t\t\t\t\t\t<img loading=\"lazy\" decoding=\"async\" width=\"100\" height=\"100\" src=\"https:\/\/arturf.com\/wp-content\/uploads\/2018\/06\/Icon-Good-quality.png\" class=\"attachment-medium size-medium\" alt=\"\" srcset=\"https:\/\/arturf.com\/wp-content\/uploads\/2018\/06\/Icon-Good-quality.png 100w, https:\/\/arturf.com\/wp-content\/uploads\/2018\/06\/Icon-Good-quality-12x12.png 12w\" sizes=\"auto, (max-width: 100px) 100vw, 100px\" \/>\t\t\t\t\t<\/div>\n\t\t\t\t<\/div>\n\t\t\t<\/div>\n\t\t\t\t<div class=\"icon-box-text last-reset\">\n\t\t\t<h5 class=\"uppercase\">Qualit\u00e0 comprovata<\/h5>\t\t\t\t\t\t\n\n<p>Erba artificiale premium con resistenza ai raggi UV e all&#039;usura. Solide garanzie assicurano una soddisfazione duratura.<\/p>\n\n\t\t<\/div>\n\t<\/div>\n\t\n\t\n\n\t\t<\/div>\n\t\t\t\t\t<\/div>\n\n\t\n\n\t<div id=\"col-245518068\" class=\"col medium-4 large-4\"  >\n\t\t\t\t<div class=\"col-inner\"  >\n\t\t\t\n\t<div class=\"is-border\"\n\t\tstyle=\"border-width:0px 0px 0px 0px;\">\n\t<\/div>\n\t\t\t\n\n\n\t\t<div class=\"icon-box featured-box icon-box-center text-center\"  style=\"margin:0px 0px 0px 0px;\">\n\t\t\t\t\t<div class=\"icon-box-img has-icon-bg\" style=\"width: 100px\">\n\t\t\t\t<div class=\"icon\">\n\t\t\t\t\t<div class=\"icon-inner\" style=\"border-width:2px;color:rgba(47, 159, 18, 0.88);\">\n\t\t\t\t\t\t<img loading=\"lazy\" decoding=\"async\" width=\"100\" height=\"100\" src=\"https:\/\/arturf.com\/wp-content\/uploads\/2018\/06\/Icon-Good-price.png\" class=\"attachment-medium size-medium\" alt=\"\" srcset=\"https:\/\/arturf.com\/wp-content\/uploads\/2018\/06\/Icon-Good-price.png 100w, https:\/\/arturf.com\/wp-content\/uploads\/2018\/06\/Icon-Good-price-12x12.png 12w\" sizes=\"auto, (max-width: 100px) 100vw, 100px\" \/>\t\t\t\t\t<\/div>\n\t\t\t\t<\/div>\n\t\t\t<\/div>\n\t\t\t\t<div class=\"icon-box-text last-reset\">\n\t\t\t<h5 class=\"uppercase\">Prezzi competitivi<\/h5>\t\t\t\t\t\t\n\n<p>Forniamo prezzi competitivi, favorendo la crescita reciproca e il successo a lungo termine con i nostri stimati rivenditori.<\/p>\n\n\t\t<\/div>\n\t<\/div>\n\t\n\t\n\n\t\t<\/div>\n\t\t\t\t\t<\/div>\n\n\t\n\n\t<div id=\"col-35356673\" class=\"col medium-4 large-4\"  >\n\t\t\t\t<div class=\"col-inner\"  >\n\t\t\t\n\t<div class=\"is-border\"\n\t\tstyle=\"border-width:0px 0px 0px 0px;\">\n\t<\/div>\n\t\t\t\n\n\n\t\t<div class=\"icon-box featured-box icon-box-center text-center\"  style=\"margin:0px 0px 0px 0px;\">\n\t\t\t\t\t<div class=\"icon-box-img has-icon-bg\" style=\"width: 100px\">\n\t\t\t\t<div class=\"icon\">\n\t\t\t\t\t<div class=\"icon-inner\" style=\"border-width:2px;color:rgba(47, 159, 18, 0.88);\">\n\t\t\t\t\t\t<img loading=\"lazy\" decoding=\"async\" width=\"100\" height=\"100\" src=\"https:\/\/arturf.com\/wp-content\/uploads\/2018\/06\/Icon-tailor-made.png\" class=\"attachment-medium size-medium\" alt=\"\" srcset=\"https:\/\/arturf.com\/wp-content\/uploads\/2018\/06\/Icon-tailor-made.png 100w, https:\/\/arturf.com\/wp-content\/uploads\/2018\/06\/Icon-tailor-made-12x12.png 12w\" sizes=\"auto, (max-width: 100px) 100vw, 100px\" \/>\t\t\t\t\t<\/div>\n\t\t\t\t<\/div>\n\t\t\t<\/div>\n\t\t\t\t<div class=\"icon-box-text last-reset\">\n\t\t\t<h5 class=\"uppercase\">Soluzioni personalizzate<\/h5>\t\t\t\t\t\t\n\n<p>Sblocca il potenziale di mercato con diverse opzioni di erba artificiale. <a href=\"https:\/\/arturf.com\/it\/buyers-guide\/customized-artificial-grass-products\/\">Su misura per esigenze o campioni unici<\/a>.<\/p>\n\n\t\t<\/div>\n\t<\/div>\n\t\n\t\n\n\t\t<\/div>\n\t\t\t\t\t<\/div>\n\n\t\n\n<\/div>","protected":false},"excerpt":{"rendered":"<p>Decor \u00e8 una straordinaria opzione di erba artificiale progettata per emulare l&#039;aspetto di un tappeto lussureggiante, il tutto offrendo una convenienza imbattibile. Con la sua lunghezza della fibra corta e il prezzo conveniente, Decor \u00e8 destinato principalmente a scopi decorativi e paesaggistici, rendendolo la scelta ideale per una variet\u00e0 di applicazioni.<\/p>","protected":false},"featured_media":17157,"template":"","meta":{"_seopress_robots_primary_cat":"","_seopress_titles_title":"Decor: Affordable Artificial Turf for Displays, Decoration, Events","_seopress_titles_desc":"Transform your spaces with affordable artificial turf for business displays, decoration, and events. Experience the elegance of carpet-like aesthetics.","_seopress_robots_index":""},"product_brand":[],"product_cat":[64],"product_tag":[],"class_list":{"0":"post-12663","1":"product","2":"type-product","3":"status-publish","4":"has-post-thumbnail","6":"product_cat-landscape","8":"first","9":"instock","10":"shipping-taxable","11":"product-type-simple"},"_links":{"self":[{"href":"https:\/\/arturf.com\/it\/wp-json\/wp\/v2\/product\/12663","targetHints":{"allow":["GET"]}}],"collection":[{"href":"https:\/\/arturf.com\/it\/wp-json\/wp\/v2\/product"}],"about":[{"href":"https:\/\/arturf.com\/it\/wp-json\/wp\/v2\/types\/product"}],"wp:featuredmedia":[{"embeddable":true,"href":"https:\/\/arturf.com\/it\/wp-json\/wp\/v2\/media\/17157"}],"wp:attachment":[{"href":"https:\/\/arturf.com\/it\/wp-json\/wp\/v2\/media?parent=12663"}],"wp:term":[{"taxonomy":"product_brand","embeddable":true,"href":"https:\/\/arturf.com\/it\/wp-json\/wp\/v2\/product_brand?post=12663"},{"taxonomy":"product_cat","embeddable":true,"href":"https:\/\/arturf.com\/it\/wp-json\/wp\/v2\/product_cat?post=12663"},{"taxonomy":"product_tag","embeddable":true,"href":"https:\/\/arturf.com\/it\/wp-json\/wp\/v2\/product_tag?post=12663"}],"curies":[{"name":"parola chiave","href":"https:\/\/api.w.org\/{rel}","templated":true}]}}