{"id":17132,"date":"2022-07-02T10:45:18","date_gmt":"2022-07-02T02:45:18","guid":{"rendered":"https:\/\/arturf.com\/?post_type=product&#038;p=17132"},"modified":"2022-08-25T19:57:58","modified_gmt":"2022-08-25T11:57:58","slug":"event-turf","status":"publish","type":"product","link":"https:\/\/arturf.com\/it\/product\/event-turf\/","title":{"rendered":"Evento tappeto erboso"},"content":{"rendered":"<p>Il nostro tappeto erboso per eventi \u00e8 perfetto per quasi tutti gli spazi per eventi perch\u00e9 \u00e8 facile da installare e pu\u00f2 essere tagliato per adattarsi a qualsiasi dimensione. Pu\u00f2 essere utilizzato pi\u00f9 di una volta. Il meraviglioso prato per eventi porter\u00e0 il tuo spazio al livello successivo e render\u00e0 felici tutti gli ospiti.<\/p>\n<p>Le aziende di eventi possono utilizzare la nostra erba sintetica per la pavimentazione di eventi. I vantaggi includono:<\/p>\n<ul>\n<li>Conveniente<\/li>\n<li>Variet\u00e0 di bei colori<\/li>\n<li>Leggero, facile da tagliare per adattarsi alla forma e alle dimensioni desiderate<\/li>\n<li>Protezione UV integrata per prevenire i danni e lo sbiadimento del sole<\/li>\n<\/ul>\n<p><img alt=\"\" loading=\"lazy\" decoding=\"async\" class=\"alignnone wp-image-17137 size-full\" src=\"https:\/\/arturf.com\/wp-content\/uploads\/2022\/07\/Tradeshow-Events-Turf.jpg\" width=\"1000\" height=\"554\" srcset=\"https:\/\/arturf.com\/wp-content\/uploads\/2022\/07\/Tradeshow-Events-Turf.jpg 1000w, https:\/\/arturf.com\/wp-content\/uploads\/2022\/07\/Tradeshow-Events-Turf-500x277.jpg 500w, https:\/\/arturf.com\/wp-content\/uploads\/2022\/07\/Tradeshow-Events-Turf-768x425.jpg 768w, https:\/\/arturf.com\/wp-content\/uploads\/2022\/07\/Tradeshow-Events-Turf-18x10.jpg 18w, https:\/\/arturf.com\/wp-content\/uploads\/2022\/07\/Tradeshow-Events-Turf-510x283.jpg 510w\" sizes=\"auto, (max-width: 1000px) 100vw, 1000px\" \/><\/p>\n<p>Il tappeto erboso degli eventi non \u00e8 un prodotto specifico. In generale, si tratta di una serie di prodotti. Caratteristiche dell&#039;Event Turf:<\/p>\n<ul>\n<li>Pelo corto, per lo pi\u00f9 6mm-12mm<\/li>\n<li>Basso Dtex e peso leggero<\/li>\n<li>Tuftato da fibre di polipropilene<\/li>\n<li>Economico, multiuso<\/li>\n<li>Ideale per eventi e decorazioni (Vedi prodotto\u00a0<a href=\"https:\/\/arturf.com\/it\/product\/decor\/\">Decor<\/a>)<\/li>\n<\/ul>\n<p>Oltretutto, <a href=\"https:\/\/arturf.com\/it\/product\/artificial-grass-logos-and-insignia-bespoke-logo-mats\/\">tappetini con logo<\/a> utilizzabile anche per eventi e attivit\u00e0. Contattaci e raccontaci le tue esigenze. Le nostre vendite daranno suggerimenti professionali.<\/p>","protected":false},"excerpt":{"rendered":"<p>Tappeto erboso leggero per eventi con una variet\u00e0 di colori. Ideale per ambienti esterni e interni, tra cui fiere, saloni automobilistici, eventi aziendali, lauree, feste, matrimoni, ponti, patii, campeggio e altro ancora.<\/p>","protected":false},"featured_media":17133,"template":"","meta":{"_seopress_robots_primary_cat":"","_seopress_titles_title":"","_seopress_titles_desc":"","_seopress_robots_index":""},"product_brand":[],"product_cat":[64],"product_tag":[],"class_list":{"0":"post-17132","1":"product","2":"type-product","3":"status-publish","4":"has-post-thumbnail","6":"product_cat-landscape","8":"first","9":"instock","10":"shipping-taxable","11":"product-type-simple"},"_links":{"self":[{"href":"https:\/\/arturf.com\/it\/wp-json\/wp\/v2\/product\/17132","targetHints":{"allow":["GET"]}}],"collection":[{"href":"https:\/\/arturf.com\/it\/wp-json\/wp\/v2\/product"}],"about":[{"href":"https:\/\/arturf.com\/it\/wp-json\/wp\/v2\/types\/product"}],"wp:featuredmedia":[{"embeddable":true,"href":"https:\/\/arturf.com\/it\/wp-json\/wp\/v2\/media\/17133"}],"wp:attachment":[{"href":"https:\/\/arturf.com\/it\/wp-json\/wp\/v2\/media?parent=17132"}],"wp:term":[{"taxonomy":"product_brand","embeddable":true,"href":"https:\/\/arturf.com\/it\/wp-json\/wp\/v2\/product_brand?post=17132"},{"taxonomy":"product_cat","embeddable":true,"href":"https:\/\/arturf.com\/it\/wp-json\/wp\/v2\/product_cat?post=17132"},{"taxonomy":"product_tag","embeddable":true,"href":"https:\/\/arturf.com\/it\/wp-json\/wp\/v2\/product_tag?post=17132"}],"curies":[{"name":"parola chiave","href":"https:\/\/api.w.org\/{rel}","templated":true}]}}