{"id":17294,"date":"2022-07-19T13:25:15","date_gmt":"2022-07-19T05:25:15","guid":{"rendered":"https:\/\/arturf.com\/?post_type=product&#038;p=17294"},"modified":"2023-07-14T22:18:15","modified_gmt":"2023-07-14T14:18:15","slug":"anti-static-artificial-grass","status":"publish","type":"product","link":"https:\/\/arturf.com\/it\/product\/anti-static-artificial-grass\/","title":{"rendered":"SparkGuard: erba artificiale antistatica"},"content":{"rendered":"<p>L&#039;erba artificiale ha molti vantaggi che l&#039;erba naturale non ha, ma sfortunatamente ha anche degli svantaggi. L&#039;\u201celettricit\u00e0 statica\u201d \u00e8 uno degli svantaggi dell&#039;erba artificiale. L&#039;elettricit\u00e0 statica pu\u00f2 influenzarci attraverso piccoli shock, suoni fastidiosi e persino crampi. La nostra erba artificiale antistatica risolve completamente questo problema e fornisce una superficie pi\u00f9 sicura. \u00c8 ideale per i parchi giochi. La tecnologia antistatica \u00e8 incorporata nelle stesse lame in erba artificiale e non si usura nel tempo.<\/p>\n<h3>Erba artificiale antistatica, una superficie pi\u00f9 sicura per i bambini<\/h3>\n<p>Uno scivolamento veloce su erba artificiale pu\u00f2 causare shock statici. Di solito, gli shock non sono dolorosi, ma sicuramente non sono divertenti per i bambini. Quel che \u00e8 peggio, per i bambini con impianti cocleari o altri dispositivi medici elettronici, l&#039;elettricit\u00e0 statica \u00e8 una minaccia per loro perch\u00e9 ha la possibilit\u00e0 di danneggiare i loro tanto necessari dispositivi.<\/p>\n<div class=\"row align-bottom align-center\"  id=\"row-85601731\">\n\n\t<div id=\"col-935249286\" class=\"col medium-3 small-12 large-3\"  >\n\t\t\t\t<div class=\"col-inner\"  >\n\t\t\t\n\t\t\t\n\n\t\t<div class=\"icon-box featured-box icon-box-center text-center\"  >\n\t\t\t\t\t<div class=\"icon-box-img\" style=\"width: 120px\">\n\t\t\t\t<div class=\"icon\">\n\t\t\t\t\t<div class=\"icon-inner\" >\n\t\t\t\t\t\t<img loading=\"lazy\" decoding=\"async\" width=\"110\" height=\"111\" src=\"https:\/\/arturf.com\/wp-content\/uploads\/2020\/04\/Arturf-anti-uv.png\" class=\"attachment-medium size-medium\" alt=\"Antistatico\" srcset=\"https:\/\/arturf.com\/wp-content\/uploads\/2020\/04\/Arturf-anti-uv.png 110w, https:\/\/arturf.com\/wp-content\/uploads\/2020\/04\/Arturf-anti-uv-12x12.png 12w, https:\/\/arturf.com\/wp-content\/uploads\/2020\/04\/Arturf-anti-uv-100x100.png 100w\" sizes=\"auto, (max-width: 110px) 100vw, 110px\" \/>\t\t\t\t\t<\/div>\n\t\t\t\t<\/div>\n\t\t\t<\/div>\n\t\t\t\t<div class=\"icon-box-text last-reset\">\n\t\t\t\t\t\t\t\t\t\n<h3>Anti UV<\/h3>\n\t\t<\/div>\n\t<\/div>\n\t\n\t\n\t\t<\/div>\n\t\t\t\t\t<\/div>\n\n\t\n\n\t<div id=\"col-971632483\" class=\"col medium-3 small-12 large-3\"  >\n\t\t\t\t<div class=\"col-inner\"  >\n\t\t\t\n\t\t\t\n\n\t\t<div class=\"icon-box featured-box icon-box-center text-center\"  >\n\t\t\t\t\t<div class=\"icon-box-img\" style=\"width: 96px\">\n\t\t\t\t<div class=\"icon\">\n\t\t\t\t\t<div class=\"icon-inner\" >\n\t\t\t\t\t\t<img loading=\"lazy\" decoding=\"async\" width=\"256\" height=\"300\" src=\"https:\/\/arturf.com\/wp-content\/uploads\/2022\/07\/Anti-static-256x300.png\" class=\"attachment-medium size-medium\" alt=\"Antistatico\" srcset=\"https:\/\/arturf.com\/wp-content\/uploads\/2022\/07\/Anti-static-256x300.png 256w, https:\/\/arturf.com\/wp-content\/uploads\/2022\/07\/Anti-static-10x12.png 10w, https:\/\/arturf.com\/wp-content\/uploads\/2022\/07\/Anti-static.png 409w\" sizes=\"auto, (max-width: 256px) 100vw, 256px\" \/>\t\t\t\t\t<\/div>\n\t\t\t\t<\/div>\n\t\t\t<\/div>\n\t\t\t\t<div class=\"icon-box-text last-reset\">\n\t\t\t\t\t\t\t\t\t\n<h3>Antistatico<\/h3>\n\t\t<\/div>\n\t<\/div>\n\t\n\t\n\t\t<\/div>\n\t\t\t\t\t<\/div>\n\n\t\n\n\t<div id=\"col-1700759211\" class=\"col medium-3 small-12 large-3\"  >\n\t\t\t\t<div class=\"col-inner\"  >\n\t\t\t\n\t\t\t\n\n\t\t<div class=\"icon-box featured-box icon-box-center text-center\"  >\n\t\t\t\t\t<div class=\"icon-box-img\" style=\"width: 114px\">\n\t\t\t\t<div class=\"icon\">\n\t\t\t\t\t<div class=\"icon-inner\" >\n\t\t\t\t\t\t<img loading=\"lazy\" decoding=\"async\" width=\"156\" height=\"152\" src=\"https:\/\/arturf.com\/wp-content\/uploads\/2022\/07\/Lead-Free.png\" class=\"attachment-medium size-medium\" alt=\"Antistatico\" srcset=\"https:\/\/arturf.com\/wp-content\/uploads\/2022\/07\/Lead-Free.png 156w, https:\/\/arturf.com\/wp-content\/uploads\/2022\/07\/Lead-Free-12x12.png 12w\" sizes=\"auto, (max-width: 156px) 100vw, 156px\" \/>\t\t\t\t\t<\/div>\n\t\t\t\t<\/div>\n\t\t\t<\/div>\n\t\t\t\t<div class=\"icon-box-text last-reset\">\n\t\t\t\t\t\t\t\t\t\n<h3>Senza foglie<\/h3>\n\t\t<\/div>\n\t<\/div>\n\t\n\t\n\t\t<\/div>\n\t\t\t\t\t<\/div>\n\n\t\n<\/div>\n<p>Tutti i nostri prodotti in erba sintetica per aree gioco sono realizzati con materiali sicuri 100%. Sono anti-UV, senza piombo e ora il prodotto SparkGuard con antistatico integrato nelle fibre. Avrai un&#039;area di gioco pi\u00f9 sicura che mai.<\/p>\n<p>Ulteriori letture: <a href=\"https:\/\/arturf.com\/it\/knowledge-hub\/how-to-remove-static-electricity-from-artificial-grass\/\">Come rimuovere l&#039;elettricit\u00e0 statica dall&#039;erba artificiale?<\/a><\/p>","protected":false},"excerpt":{"rendered":"<p>Sperimenta un&#039;area di gioco pi\u00f9 sicura con SparkGuard, l&#039;erba artificiale antistatica permanente e a vita. D\u00ec addio ai fastidiosi shock statici e crea un ambiente sicuro per i bambini.<\/p>","protected":false},"featured_media":17297,"template":"","meta":{"_seopress_robots_primary_cat":"","_seopress_titles_title":"","_seopress_titles_desc":"","_seopress_robots_index":""},"product_brand":[],"product_cat":[64],"product_tag":[],"class_list":{"0":"post-17294","1":"product","2":"type-product","3":"status-publish","4":"has-post-thumbnail","6":"product_cat-landscape","8":"first","9":"instock","10":"shipping-taxable","11":"product-type-simple"},"_links":{"self":[{"href":"https:\/\/arturf.com\/it\/wp-json\/wp\/v2\/product\/17294","targetHints":{"allow":["GET"]}}],"collection":[{"href":"https:\/\/arturf.com\/it\/wp-json\/wp\/v2\/product"}],"about":[{"href":"https:\/\/arturf.com\/it\/wp-json\/wp\/v2\/types\/product"}],"wp:featuredmedia":[{"embeddable":true,"href":"https:\/\/arturf.com\/it\/wp-json\/wp\/v2\/media\/17297"}],"wp:attachment":[{"href":"https:\/\/arturf.com\/it\/wp-json\/wp\/v2\/media?parent=17294"}],"wp:term":[{"taxonomy":"product_brand","embeddable":true,"href":"https:\/\/arturf.com\/it\/wp-json\/wp\/v2\/product_brand?post=17294"},{"taxonomy":"product_cat","embeddable":true,"href":"https:\/\/arturf.com\/it\/wp-json\/wp\/v2\/product_cat?post=17294"},{"taxonomy":"product_tag","embeddable":true,"href":"https:\/\/arturf.com\/it\/wp-json\/wp\/v2\/product_tag?post=17294"}],"curies":[{"name":"parola chiave","href":"https:\/\/api.w.org\/{rel}","templated":true}]}}