{"id":18786,"date":"2023-07-06T21:34:25","date_gmt":"2023-07-06T13:34:25","guid":{"rendered":"https:\/\/arturf.com\/?post_type=product&#038;p=18786"},"modified":"2023-07-15T09:57:47","modified_gmt":"2023-07-15T01:57:47","slug":"pet-artificial-grass-pawscape","status":"publish","type":"product","link":"https:\/\/arturf.com\/it\/product\/pet-artificial-grass-pawscape\/","title":{"rendered":"Pawscape: erba artificiale per animali domestici"},"content":{"rendered":"<p>Scopri i vantaggi dell&#039;erba artificiale per animali domestici Pawscape, dove i tuoi amati animali domestici possono giocare, correre, saltare e allungarsi proprio come farebbero sull&#039;erba vera, senza il disordine e le zampe fangose. La nostra erba artificiale offre un&#039;incredibile morbidezza e un tocco morbido, garantendo la sicurezza e il divertimento dei tuoi animali domestici.<\/p>\n<p>Specificamente progettato pensando agli animali domestici, Pawscape incorpora caratteristiche che promuovono la pulizia e l&#039;igiene. Il manto erboso \u00e8 resistente alla crescita di batteri e muffe, prevenendo efficacemente lo sviluppo di odori. Ci\u00f2 garantisce un ambiente pulito e sano per i vostri animali domestici, riducendo il rischio di allergie o infezioni.<\/p>\n<p>Scegliendo Pawscape, fornisci al tuo animale domestico la migliore esperienza possibile, promuovendo al contempo un legame speciale tra te e il tuo compagno peloso. Goditi momenti preziosi insieme sull&#039;erba artificiale di alta qualit\u00e0 di Pawscape.<\/p>\n<p><img loading=\"lazy\" decoding=\"async\" class=\"alignnone wp-image-19067\" src=\"https:\/\/arturf.com\/wp-content\/uploads\/2023\/07\/Pet-Artificial-Turf-PetGo-2-1024x684.jpg\" alt=\"Supporto in erba artificiale per animali domestici (Pawscape).\" width=\"600\" height=\"401\" srcset=\"https:\/\/arturf.com\/wp-content\/uploads\/2023\/07\/Pet-Artificial-Turf-PetGo-2-1024x684.jpg 1024w, https:\/\/arturf.com\/wp-content\/uploads\/2023\/07\/Pet-Artificial-Turf-PetGo-2-500x334.jpg 500w, https:\/\/arturf.com\/wp-content\/uploads\/2023\/07\/Pet-Artificial-Turf-PetGo-2-768x513.jpg 768w, https:\/\/arturf.com\/wp-content\/uploads\/2023\/07\/Pet-Artificial-Turf-PetGo-2-18x12.jpg 18w, https:\/\/arturf.com\/wp-content\/uploads\/2023\/07\/Pet-Artificial-Turf-PetGo-2-510x340.jpg 510w, https:\/\/arturf.com\/wp-content\/uploads\/2023\/07\/Pet-Artificial-Turf-PetGo-2.jpg 1080w\" sizes=\"auto, (max-width: 600px) 100vw, 600px\" \/><\/p>\n<h3>Caratteristiche del supporto in erba artificiale per animali domestici (Pawscape):<\/h3>\n<ol>\n<li>\n<h4>100% Riciclabile ed ecologico:<\/h4>\n<p>Pawscape \u00e8 realizzato pensando alla sostenibilit\u00e0. Non contiene lattice, PU o rivestimenti, il che lo rende sicuro e salutare sia per gli utenti che per l&#039;ambiente.<\/p>\n<\/li>\n<li>\n<h4>Ultra-leggero e morbidezza:<\/h4>\n<p>L&#039;erba artificiale di Pawscape \u00e8 incredibilmente leggera, rendendo l&#039;installazione un gioco da ragazzi. \u00c8 la soluzione ideale per i progetti fai-da-te e offre costi di trasporto e consegna inferiori. In effetti, \u00e8 30% pi\u00f9 leggero dell&#039;erba normale.<\/p>\n<\/li>\n<li>\n<h4>Drenaggio superiore:<\/h4>\n<p>Con Pawscape, puoi dire addio al ristagno idrico e alle zone fangose. Il supporto permeabile 100% garantisce un drenaggio superiore, consentendo all&#039;erba di asciugarsi rapidamente dopo la pioggia. Sperimenta un drenaggio fino a 5 volte pi\u00f9 rapido rispetto all&#039;erba normale.<\/p>\n<\/li>\n<li>\n<h4>Eccellente barriera contro le erbacce:<\/h4>\n<p>Il design di Pawscape include una funzione resistente alle erbacce. L&#039;assenza di fori di drenaggio elimina la possibilit\u00e0 di erbacce, fornendo una soluzione pulita e a bassa manutenzione per l&#039;area giochi del tuo animale domestico. Goditi un tasso di ombreggiatura 99%, prevenendo la crescita indesiderata delle erbacce.<\/p>\n<\/li>\n<\/ol>\n<p>Investi oggi stesso nell&#039;erba artificiale per animali domestici Pawscape e crea uno spazio sicuro, pulito e igienico per il divertimento dei tuoi animali domestici. Migliora la qualit\u00e0 del loro tempo di gioco e assicurati un ambiente sano. Prova la gioia di legare con i tuoi amici pelosi sull&#039;erba artificiale di alta qualit\u00e0 di Pawscape.<\/p>\n<p><strong>Ulteriori letture:<\/strong><\/p>\n<ul>\n<li class=\"bullet-arrow\"><a href=\"https:\/\/arturf.com\/it\/maintenance\/pet-urine-on-artificial-grass-and-how-to-remove-the-smell\/\"><span style=\"font-size: 14.4px;\">Urina di animali domestici su erba artificiale e come rimuovere l&#039;odore<\/span><\/a><\/li>\n<\/ul>\n\n\t<section class=\"section\" id=\"section_1991281205\">\n\t\t<div class=\"section-bg fill\" >\n\t\t\t\t\t\t\t\t\t\n\t\t\t\n\n\t\t<\/div>\n\n\t\t\n\n\t\t<div class=\"section-content relative\">\n\t\t\t\n\n<div class=\"row\"  id=\"row-102817217\">\n\n\n\t<div id=\"col-1292520443\" class=\"col small-12 large-12\"  >\n\t\t\t\t<div class=\"col-inner text-center\"  >\n\t\t\t\n\t\t\t\n\n<h2>Domande frequenti<\/h2>\n\n\t\t<\/div>\n\t\t\t\t\t<\/div>\n\n\t\n\n<\/div>\n<div class=\"row align-center row-box-shadow-1\"  id=\"row-1749011771\">\n\n\n\t<div id=\"col-311207465\" class=\"col medium-10 small-12 large-9\"  >\n\t\t\t\t<div class=\"col-inner\" style=\"background-color:rgb(255,255,255);\" >\n\t\t\t\n\t\t\t\n\n<div class=\"accordion\">\n\n\t<div id=\"accordion-3742562934\" class=\"accordion-item\">\n\t\t<a id=\"accordion-3742562934-label\" class=\"accordion-title plain\" href=\"#accordion-item-can-you-customize-specifications-for-your-artificial-turf-products?\" aria-expanded=\"false\" aria-controls=\"accordion-3742562934-content\">\n\t\t\t<button class=\"toggle\" aria-label=\"Attiva\/Disattiva\"><i class=\"icon-angle-down\" aria-hidden=\"true\"><\/i><\/button>\n\t\t\t<span>Potete personalizzare le specifiche per i vostri prodotti in erba sintetica?<\/span>\n\t\t<\/a>\n\t\t<div id=\"accordion-3742562934-content\" class=\"accordion-inner\" aria-labelledby=\"accordion-3742562934-label\">\n\t\t\t\n\n<p>S\u00ec, offriamo opzioni di personalizzazione per colore, forma del filato, altezza del pelo, densit\u00e0 e supporto. Possiamo anche produrre secondo un campione fornito.<\/p>\n\n\t\t<\/div>\n\t<\/div>\n\t\n\t<div id=\"accordion-36799728\" class=\"accordion-item\">\n\t\t<a id=\"accordion-36799728-label\" class=\"accordion-title plain\" href=\"#accordion-item-do-you-have-stock?\" aria-expanded=\"false\" aria-controls=\"accordion-36799728-content\">\n\t\t\t<button class=\"toggle\" aria-label=\"Attiva\/Disattiva\"><i class=\"icon-angle-down\" aria-hidden=\"true\"><\/i><\/button>\n\t\t\t<span>Hai scorte?<\/span>\n\t\t<\/a>\n\t\t<div id=\"accordion-36799728-content\" class=\"accordion-inner\" aria-labelledby=\"accordion-36799728-label\">\n\t\t\t\n\n<p>No, non teniamo stock. Iniziamo la produzione sulla base di ordini specifici.<\/p>\n\n\t\t<\/div>\n\t<\/div>\n\t\n\t<div id=\"accordion-520834292\" class=\"accordion-item\">\n\t\t<a id=\"accordion-520834292-label\" class=\"accordion-title plain\" href=\"#accordion-item-what-is-your-moq?\" aria-expanded=\"false\" aria-controls=\"accordion-520834292-content\">\n\t\t\t<button class=\"toggle\" aria-label=\"Attiva\/Disattiva\"><i class=\"icon-angle-down\" aria-hidden=\"true\"><\/i><\/button>\n\t\t\t<span>Qual \u00e8 il tuo MOQ?<\/span>\n\t\t<\/a>\n\t\t<div id=\"accordion-520834292-content\" class=\"accordion-inner\" aria-labelledby=\"accordion-520834292-label\">\n\t\t\t\n\n<p>Per la maggior parte dell&#039;erba artificiale, la nostra quantit\u00e0 minima d&#039;ordine (MOQ) \u00e8 di 500 metri quadrati. Per alcuni prodotti leggeri, il MOQ \u00e8 di 800 metri quadrati.<\/p>\n\n\t\t<\/div>\n\t<\/div>\n\t\n\t<div id=\"accordion-197615447\" class=\"accordion-item\">\n\t\t<a id=\"accordion-197615447-label\" class=\"accordion-title plain\" href=\"#accordion-item-what-are-the-width-and-length-options-for-artificial-grass?\" aria-expanded=\"false\" aria-controls=\"accordion-197615447-content\">\n\t\t\t<button class=\"toggle\" aria-label=\"Attiva\/Disattiva\"><i class=\"icon-angle-down\" aria-hidden=\"true\"><\/i><\/button>\n\t\t\t<span>Quali sono le opzioni di larghezza e lunghezza per l&#039;erba artificiale?<\/span>\n\t\t<\/a>\n\t\t<div id=\"accordion-197615447-content\" class=\"accordion-inner\" aria-labelledby=\"accordion-197615447-label\">\n\t\t\t\n\n<p>Le nostre opzioni di larghezza comuni sono 2 m, 3,75 m, 3,95 m, 4 m e 5 m. La lunghezza pu\u00f2 essere personalizzata in base alle specifiche esigenze del progetto. Per impostazione predefinita, mescoliamo un tappeto erboso largo 4 m e largo 2 m per ottimizzare lo spazio del container.<\/p>\n\n\t\t<\/div>\n\t<\/div>\n\t\n\t<div id=\"accordion-2171224449\" class=\"accordion-item\">\n\t\t<a id=\"accordion-2171224449-label\" class=\"accordion-title plain\" href=\"#accordion-item-what-information-do-you-need-to-provide-the-landed-cost-for-international-customers?\" aria-expanded=\"false\" aria-controls=\"accordion-2171224449-content\">\n\t\t\t<button class=\"toggle\" aria-label=\"Attiva\/Disattiva\"><i class=\"icon-angle-down\" aria-hidden=\"true\"><\/i><\/button>\n\t\t\t<span>Di quali informazioni hai bisogno per fornire il costo di spedizione per i clienti internazionali?<\/span>\n\t\t<\/a>\n\t\t<div id=\"accordion-2171224449-content\" class=\"accordion-inner\" aria-labelledby=\"accordion-2171224449-label\">\n\t\t\t\n\n<p>Per fornire il costo dello sbarco, abbiamo bisogno di informazioni sui dettagli del prodotto, sulla quantit\u00e0 e sul porto di destinazione.<\/p>\n\n\t\t<\/div>\n\t<\/div>\n\t\n\n<\/div>\n\n\t\t<\/div>\n\t\t\t\t\t<\/div>\n\n\t\n\n\n<style>\n#row-1749011771 > .col > .col-inner {\n  padding: 0px 0px 0px 0px;\n}\n@media (min-width:550px) {\n  #row-1749011771 > .col > .col-inner {\n    padding: 30px 30px 30px 30px;\n  }\n}\n<\/style>\n<\/div>\n\n\t\t<\/div>\n\n\t\t\n<style>\n#section_1991281205 {\n  padding-top: 60px;\n  padding-bottom: 60px;\n}\n<\/style>\n\t<\/section>\n\t\n<div class=\"row align-center\"  id=\"row-1593802147\">\n\n\n\t<div id=\"col-2094247361\" class=\"col medium-4 large-4\"  >\n\t\t\t\t<div class=\"col-inner\"  >\n\t\t\t\n\t<div class=\"is-border\"\n\t\tstyle=\"border-width:0px 0px 0px 0px;\">\n\t<\/div>\n\t\t\t\n\n\n\t\t<div class=\"icon-box featured-box icon-box-center text-center\"  style=\"margin:0px 0px 0px 0px;\">\n\t\t\t\t\t<div class=\"icon-box-img has-icon-bg\" style=\"width: 100px\">\n\t\t\t\t<div class=\"icon\">\n\t\t\t\t\t<div class=\"icon-inner\" style=\"border-width:2px;color:rgba(47, 159, 18, 0.88);\">\n\t\t\t\t\t\t<img loading=\"lazy\" decoding=\"async\" width=\"100\" height=\"100\" src=\"https:\/\/arturf.com\/wp-content\/uploads\/2018\/06\/Icon-Good-quality.png\" class=\"attachment-medium size-medium\" alt=\"Animale domestico, erba artificiale per animali domestici, Pawscape\" srcset=\"https:\/\/arturf.com\/wp-content\/uploads\/2018\/06\/Icon-Good-quality.png 100w, https:\/\/arturf.com\/wp-content\/uploads\/2018\/06\/Icon-Good-quality-12x12.png 12w\" sizes=\"auto, (max-width: 100px) 100vw, 100px\" \/>\t\t\t\t\t<\/div>\n\t\t\t\t<\/div>\n\t\t\t<\/div>\n\t\t\t\t<div class=\"icon-box-text last-reset\">\n\t\t\t<h5 class=\"uppercase\">Qualit\u00e0 comprovata<\/h5>\t\t\t\t\t\t\n\n<p>Erba artificiale premium con resistenza ai raggi UV e all&#039;usura. Solide garanzie assicurano una soddisfazione duratura.<\/p>\n\n\t\t<\/div>\n\t<\/div>\n\t\n\t\n\n\t\t<\/div>\n\t\t\t\t\t<\/div>\n\n\t\n\n\t<div id=\"col-129937794\" class=\"col medium-4 large-4\"  >\n\t\t\t\t<div class=\"col-inner\"  >\n\t\t\t\n\t<div class=\"is-border\"\n\t\tstyle=\"border-width:0px 0px 0px 0px;\">\n\t<\/div>\n\t\t\t\n\n\n\t\t<div class=\"icon-box featured-box icon-box-center text-center\"  style=\"margin:0px 0px 0px 0px;\">\n\t\t\t\t\t<div class=\"icon-box-img has-icon-bg\" style=\"width: 100px\">\n\t\t\t\t<div class=\"icon\">\n\t\t\t\t\t<div class=\"icon-inner\" style=\"border-width:2px;color:rgba(47, 159, 18, 0.88);\">\n\t\t\t\t\t\t<img loading=\"lazy\" decoding=\"async\" width=\"100\" height=\"100\" src=\"https:\/\/arturf.com\/wp-content\/uploads\/2018\/06\/Icon-Good-price.png\" class=\"attachment-medium size-medium\" alt=\"Animale domestico, erba artificiale per animali domestici, Pawscape\" srcset=\"https:\/\/arturf.com\/wp-content\/uploads\/2018\/06\/Icon-Good-price.png 100w, https:\/\/arturf.com\/wp-content\/uploads\/2018\/06\/Icon-Good-price-12x12.png 12w\" sizes=\"auto, (max-width: 100px) 100vw, 100px\" \/>\t\t\t\t\t<\/div>\n\t\t\t\t<\/div>\n\t\t\t<\/div>\n\t\t\t\t<div class=\"icon-box-text last-reset\">\n\t\t\t<h5 class=\"uppercase\">Prezzi competitivi<\/h5>\t\t\t\t\t\t\n\n<p>Forniamo prezzi competitivi, favorendo la crescita reciproca e il successo a lungo termine con i nostri stimati rivenditori.<\/p>\n\n\t\t<\/div>\n\t<\/div>\n\t\n\t\n\n\t\t<\/div>\n\t\t\t\t\t<\/div>\n\n\t\n\n\t<div id=\"col-406137327\" class=\"col medium-4 large-4\"  >\n\t\t\t\t<div class=\"col-inner\"  >\n\t\t\t\n\t<div class=\"is-border\"\n\t\tstyle=\"border-width:0px 0px 0px 0px;\">\n\t<\/div>\n\t\t\t\n\n\n\t\t<div class=\"icon-box featured-box icon-box-center text-center\"  style=\"margin:0px 0px 0px 0px;\">\n\t\t\t\t\t<div class=\"icon-box-img has-icon-bg\" style=\"width: 100px\">\n\t\t\t\t<div class=\"icon\">\n\t\t\t\t\t<div class=\"icon-inner\" style=\"border-width:2px;color:rgba(47, 159, 18, 0.88);\">\n\t\t\t\t\t\t<img loading=\"lazy\" decoding=\"async\" width=\"100\" height=\"100\" src=\"https:\/\/arturf.com\/wp-content\/uploads\/2018\/06\/Icon-tailor-made.png\" class=\"attachment-medium size-medium\" alt=\"Animale domestico, erba artificiale per animali domestici, Pawscape\" srcset=\"https:\/\/arturf.com\/wp-content\/uploads\/2018\/06\/Icon-tailor-made.png 100w, https:\/\/arturf.com\/wp-content\/uploads\/2018\/06\/Icon-tailor-made-12x12.png 12w\" sizes=\"auto, (max-width: 100px) 100vw, 100px\" \/>\t\t\t\t\t<\/div>\n\t\t\t\t<\/div>\n\t\t\t<\/div>\n\t\t\t\t<div class=\"icon-box-text last-reset\">\n\t\t\t<h5 class=\"uppercase\">Soluzioni personalizzate<\/h5>\t\t\t\t\t\t\n\n<p>Sblocca il potenziale di mercato con diverse opzioni di erba artificiale. <a href=\"https:\/\/arturf.com\/it\/buyers-guide\/customized-artificial-grass-products\/\">Su misura per esigenze o campioni unici<\/a>.<\/p>\n\n\t\t<\/div>\n\t<\/div>\n\t\n\t\n\n\t\t<\/div>\n\t\t\t\t\t<\/div>\n\n\t\n\n<\/div>","protected":false},"excerpt":{"rendered":"<p>Prova l&#039;erba artificiale per animali domestici Pawscape per un ambiente sicuro, pulito e igienico per i tuoi animali domestici. Fornisce uno spazio divertente per giocare mentre inibisce batteri e odori, garantendo un&#039;esperienza salutare. Goditi momenti di qualit\u00e0 con i tuoi amici pelosi su Pawscape.<\/p>","protected":false},"featured_media":19066,"template":"","meta":{"_seopress_robots_primary_cat":"","_seopress_titles_title":"Pawscape Pet Artificial Grass- Inhibit Bacteria &amp; Odors","_seopress_titles_desc":"","_seopress_robots_index":""},"product_brand":[],"product_cat":[64],"product_tag":[],"class_list":{"0":"post-18786","1":"product","2":"type-product","3":"status-publish","4":"has-post-thumbnail","6":"product_cat-landscape","8":"first","9":"instock","10":"shipping-taxable","11":"product-type-simple"},"_links":{"self":[{"href":"https:\/\/arturf.com\/it\/wp-json\/wp\/v2\/product\/18786","targetHints":{"allow":["GET"]}}],"collection":[{"href":"https:\/\/arturf.com\/it\/wp-json\/wp\/v2\/product"}],"about":[{"href":"https:\/\/arturf.com\/it\/wp-json\/wp\/v2\/types\/product"}],"wp:featuredmedia":[{"embeddable":true,"href":"https:\/\/arturf.com\/it\/wp-json\/wp\/v2\/media\/19066"}],"wp:attachment":[{"href":"https:\/\/arturf.com\/it\/wp-json\/wp\/v2\/media?parent=18786"}],"wp:term":[{"taxonomy":"product_brand","embeddable":true,"href":"https:\/\/arturf.com\/it\/wp-json\/wp\/v2\/product_brand?post=18786"},{"taxonomy":"product_cat","embeddable":true,"href":"https:\/\/arturf.com\/it\/wp-json\/wp\/v2\/product_cat?post=18786"},{"taxonomy":"product_tag","embeddable":true,"href":"https:\/\/arturf.com\/it\/wp-json\/wp\/v2\/product_tag?post=18786"}],"curies":[{"name":"parola chiave","href":"https:\/\/api.w.org\/{rel}","templated":true}]}}