{"id":19373,"date":"2023-09-06T21:57:13","date_gmt":"2023-09-06T13:57:13","guid":{"rendered":"https:\/\/arturf.com\/?post_type=product&#038;p=19373"},"modified":"2023-09-08T10:27:27","modified_gmt":"2023-09-08T02:27:27","slug":"rubber-tiles","status":"publish","type":"product","link":"https:\/\/arturf.com\/it\/product\/rubber-tiles\/","title":{"rendered":"Piastrelle in gomma"},"content":{"rendered":"<p>Le nostre piastrelle per pavimenti in gomma sono progettate per resistere alle condizioni pi\u00f9 difficili, rendendole la scelta migliore per applicazioni di pavimentazione premium.<\/p>\n<p>Offriamo una selezione completa di prodotti in piastrelle di gomma adatti sia per aree gioco all&#039;aperto che per pavimentazioni di palestre interne. Forniscono protezione e ammortizzazione cruciali, soprattutto per i giocatori che corrono il rischio di cadute mentre giocano o partecipano ad attivit\u00e0 fisiche.<\/p>\n<h3>Piastrelle in gomma per parchi giochi all&#039;aperto:<\/h3>\n<p>Queste piastrelle in gomma sono progettate specificatamente per l&#039;uso nei parchi gioco e fungono da superficie affidabile sia per i pi\u00f9 piccoli che per le attrezzature da gioco.<\/p>\n<ul>\n<li class=\"bullet-arrow\"><strong>Taglia:<\/strong> 50x50 cm<\/li>\n<li class=\"bullet-arrow\"><strong>Opzioni di spessore:<\/strong> 20 mm, 25 mm, 30 mm, 35 mm, 40 mm, 45 mm, 50 mm<\/li>\n<li class=\"bullet-arrow\"><strong>Colore standard: <\/strong>Nero, Rosso, Verde<\/li>\n<li class=\"bullet-arrow\"><strong>Colore personalizzabile:<\/strong> Giallo, Blu, Grigio<\/li>\n<\/ul>\n<h4>Galleria<\/h4>\n\n  \n    <div class=\"row large-columns-5 medium-columns-3 small-columns-2\" >\n  <div class=\"gallery-col col\" >\n          <div class=\"col-inner\">\n            <a class=\"image-lightbox lightbox-gallery\" href=\"https:\/\/arturf.com\/wp-content\/uploads\/2023\/09\/Outdoor-Rubber-Tiles-Teamsports-1-1.jpg\" title=\"\">            <div class=\"box has-hover gallery-box box-overlay dark\">\n              <div class=\"box-image\" >\n                <img loading=\"lazy\" decoding=\"async\" width=\"500\" height=\"375\" src=\"https:\/\/arturf.com\/wp-content\/uploads\/2023\/09\/Outdoor-Rubber-Tiles-Teamsports-1-1-500x375.jpg\" class=\"attachment-medium size-medium\" alt=\"Piastrelle in gomma\" ids=\"19381,19382,19383,19384,19385\" columns=\"5\" srcset=\"https:\/\/arturf.com\/wp-content\/uploads\/2023\/09\/Outdoor-Rubber-Tiles-Teamsports-1-1-500x375.jpg 500w, https:\/\/arturf.com\/wp-content\/uploads\/2023\/09\/Outdoor-Rubber-Tiles-Teamsports-1-1-200x150.jpg 200w, https:\/\/arturf.com\/wp-content\/uploads\/2023\/09\/Outdoor-Rubber-Tiles-Teamsports-1-1-768x576.jpg 768w, https:\/\/arturf.com\/wp-content\/uploads\/2023\/09\/Outdoor-Rubber-Tiles-Teamsports-1-1-16x12.jpg 16w, https:\/\/arturf.com\/wp-content\/uploads\/2023\/09\/Outdoor-Rubber-Tiles-Teamsports-1-1-350x263.jpg 350w, https:\/\/arturf.com\/wp-content\/uploads\/2023\/09\/Outdoor-Rubber-Tiles-Teamsports-1-1-510x383.jpg 510w, https:\/\/arturf.com\/wp-content\/uploads\/2023\/09\/Outdoor-Rubber-Tiles-Teamsports-1-1.jpg 1000w\" sizes=\"auto, (max-width: 500px) 100vw, 500px\" \/>                                  <div class=\"overlay fill\"\n                      style=\"background-color: rgba(0,0,0,.15)\">\n                  <\/div>\n                                                              <\/div>\n              <div class=\"box-text text-left\" >\n                 <p><\/p>\n              <\/div>\n            <\/div>\n            <\/a>          <\/div>\n         <\/div><div class=\"gallery-col col\" >\n          <div class=\"col-inner\">\n            <a class=\"image-lightbox lightbox-gallery\" href=\"https:\/\/arturf.com\/wp-content\/uploads\/2023\/09\/Outdoor-Rubber-Tiles-Teamsports-2.jpg\" title=\"\">            <div class=\"box has-hover gallery-box box-overlay dark\">\n              <div class=\"box-image\" >\n                <img loading=\"lazy\" decoding=\"async\" width=\"500\" height=\"375\" src=\"https:\/\/arturf.com\/wp-content\/uploads\/2023\/09\/Outdoor-Rubber-Tiles-Teamsports-2-500x375.jpg\" class=\"attachment-medium size-medium\" alt=\"Piastrelle in gomma\" ids=\"19381,19382,19383,19384,19385\" columns=\"5\" srcset=\"https:\/\/arturf.com\/wp-content\/uploads\/2023\/09\/Outdoor-Rubber-Tiles-Teamsports-2-500x375.jpg 500w, https:\/\/arturf.com\/wp-content\/uploads\/2023\/09\/Outdoor-Rubber-Tiles-Teamsports-2-200x150.jpg 200w, https:\/\/arturf.com\/wp-content\/uploads\/2023\/09\/Outdoor-Rubber-Tiles-Teamsports-2-768x576.jpg 768w, https:\/\/arturf.com\/wp-content\/uploads\/2023\/09\/Outdoor-Rubber-Tiles-Teamsports-2-16x12.jpg 16w, https:\/\/arturf.com\/wp-content\/uploads\/2023\/09\/Outdoor-Rubber-Tiles-Teamsports-2-350x263.jpg 350w, https:\/\/arturf.com\/wp-content\/uploads\/2023\/09\/Outdoor-Rubber-Tiles-Teamsports-2-510x383.jpg 510w, https:\/\/arturf.com\/wp-content\/uploads\/2023\/09\/Outdoor-Rubber-Tiles-Teamsports-2.jpg 1000w\" sizes=\"auto, (max-width: 500px) 100vw, 500px\" \/>                                  <div class=\"overlay fill\"\n                      style=\"background-color: rgba(0,0,0,.15)\">\n                  <\/div>\n                                                              <\/div>\n              <div class=\"box-text text-left\" >\n                 <p><\/p>\n              <\/div>\n            <\/div>\n            <\/a>          <\/div>\n         <\/div><div class=\"gallery-col col\" >\n          <div class=\"col-inner\">\n            <a class=\"image-lightbox lightbox-gallery\" href=\"https:\/\/arturf.com\/wp-content\/uploads\/2023\/09\/Outdoor-Rubber-Tiles-Teamsports-3.jpg\" title=\"\">            <div class=\"box has-hover gallery-box box-overlay dark\">\n              <div class=\"box-image\" >\n                <img loading=\"lazy\" decoding=\"async\" width=\"500\" height=\"375\" src=\"https:\/\/arturf.com\/wp-content\/uploads\/2023\/09\/Outdoor-Rubber-Tiles-Teamsports-3-500x375.jpg\" class=\"attachment-medium size-medium\" alt=\"Piastrelle in gomma\" ids=\"19381,19382,19383,19384,19385\" columns=\"5\" srcset=\"https:\/\/arturf.com\/wp-content\/uploads\/2023\/09\/Outdoor-Rubber-Tiles-Teamsports-3-500x375.jpg 500w, https:\/\/arturf.com\/wp-content\/uploads\/2023\/09\/Outdoor-Rubber-Tiles-Teamsports-3-200x150.jpg 200w, https:\/\/arturf.com\/wp-content\/uploads\/2023\/09\/Outdoor-Rubber-Tiles-Teamsports-3-768x575.jpg 768w, https:\/\/arturf.com\/wp-content\/uploads\/2023\/09\/Outdoor-Rubber-Tiles-Teamsports-3-16x12.jpg 16w, https:\/\/arturf.com\/wp-content\/uploads\/2023\/09\/Outdoor-Rubber-Tiles-Teamsports-3-350x263.jpg 350w, https:\/\/arturf.com\/wp-content\/uploads\/2023\/09\/Outdoor-Rubber-Tiles-Teamsports-3-510x382.jpg 510w, https:\/\/arturf.com\/wp-content\/uploads\/2023\/09\/Outdoor-Rubber-Tiles-Teamsports-3.jpg 1000w\" sizes=\"auto, (max-width: 500px) 100vw, 500px\" \/>                                  <div class=\"overlay fill\"\n                      style=\"background-color: rgba(0,0,0,.15)\">\n                  <\/div>\n                                                              <\/div>\n              <div class=\"box-text text-left\" >\n                 <p><\/p>\n              <\/div>\n            <\/div>\n            <\/a>          <\/div>\n         <\/div><div class=\"gallery-col col\" >\n          <div class=\"col-inner\">\n            <a class=\"image-lightbox lightbox-gallery\" href=\"https:\/\/arturf.com\/wp-content\/uploads\/2023\/09\/Outdoor-Rubber-Tiles-Teamsports-4.jpg\" title=\"\">            <div class=\"box has-hover gallery-box box-overlay dark\">\n              <div class=\"box-image\" >\n                <img loading=\"lazy\" decoding=\"async\" width=\"500\" height=\"375\" src=\"https:\/\/arturf.com\/wp-content\/uploads\/2023\/09\/Outdoor-Rubber-Tiles-Teamsports-4-500x375.jpg\" class=\"attachment-medium size-medium\" alt=\"Piastrelle in gomma\" ids=\"19381,19382,19383,19384,19385\" columns=\"5\" srcset=\"https:\/\/arturf.com\/wp-content\/uploads\/2023\/09\/Outdoor-Rubber-Tiles-Teamsports-4-500x375.jpg 500w, https:\/\/arturf.com\/wp-content\/uploads\/2023\/09\/Outdoor-Rubber-Tiles-Teamsports-4-200x150.jpg 200w, https:\/\/arturf.com\/wp-content\/uploads\/2023\/09\/Outdoor-Rubber-Tiles-Teamsports-4-768x576.jpg 768w, https:\/\/arturf.com\/wp-content\/uploads\/2023\/09\/Outdoor-Rubber-Tiles-Teamsports-4-16x12.jpg 16w, https:\/\/arturf.com\/wp-content\/uploads\/2023\/09\/Outdoor-Rubber-Tiles-Teamsports-4-350x263.jpg 350w, https:\/\/arturf.com\/wp-content\/uploads\/2023\/09\/Outdoor-Rubber-Tiles-Teamsports-4-510x383.jpg 510w, https:\/\/arturf.com\/wp-content\/uploads\/2023\/09\/Outdoor-Rubber-Tiles-Teamsports-4.jpg 1000w\" sizes=\"auto, (max-width: 500px) 100vw, 500px\" \/>                                  <div class=\"overlay fill\"\n                      style=\"background-color: rgba(0,0,0,.15)\">\n                  <\/div>\n                                                              <\/div>\n              <div class=\"box-text text-left\" >\n                 <p><\/p>\n              <\/div>\n            <\/div>\n            <\/a>          <\/div>\n         <\/div><div class=\"gallery-col col\" >\n          <div class=\"col-inner\">\n            <a class=\"image-lightbox lightbox-gallery\" href=\"https:\/\/arturf.com\/wp-content\/uploads\/2023\/09\/Outdoor-Rubber-Tiles-Teamsports-5.jpg\" title=\"\">            <div class=\"box has-hover gallery-box box-overlay dark\">\n              <div class=\"box-image\" >\n                <img loading=\"lazy\" decoding=\"async\" width=\"500\" height=\"375\" src=\"https:\/\/arturf.com\/wp-content\/uploads\/2023\/09\/Outdoor-Rubber-Tiles-Teamsports-5-500x375.jpg\" class=\"attachment-medium size-medium\" alt=\"Piastrelle in gomma\" ids=\"19381,19382,19383,19384,19385\" columns=\"5\" srcset=\"https:\/\/arturf.com\/wp-content\/uploads\/2023\/09\/Outdoor-Rubber-Tiles-Teamsports-5-500x375.jpg 500w, https:\/\/arturf.com\/wp-content\/uploads\/2023\/09\/Outdoor-Rubber-Tiles-Teamsports-5-200x150.jpg 200w, https:\/\/arturf.com\/wp-content\/uploads\/2023\/09\/Outdoor-Rubber-Tiles-Teamsports-5-768x576.jpg 768w, https:\/\/arturf.com\/wp-content\/uploads\/2023\/09\/Outdoor-Rubber-Tiles-Teamsports-5-16x12.jpg 16w, https:\/\/arturf.com\/wp-content\/uploads\/2023\/09\/Outdoor-Rubber-Tiles-Teamsports-5-350x263.jpg 350w, https:\/\/arturf.com\/wp-content\/uploads\/2023\/09\/Outdoor-Rubber-Tiles-Teamsports-5-510x383.jpg 510w, https:\/\/arturf.com\/wp-content\/uploads\/2023\/09\/Outdoor-Rubber-Tiles-Teamsports-5.jpg 1000w\" sizes=\"auto, (max-width: 500px) 100vw, 500px\" \/>                                  <div class=\"overlay fill\"\n                      style=\"background-color: rgba(0,0,0,.15)\">\n                  <\/div>\n                                                              <\/div>\n              <div class=\"box-text text-left\" >\n                 <p><\/p>\n              <\/div>\n            <\/div>\n            <\/a>          <\/div>\n         <\/div><\/div>\n<p><span style=\"font-size: 20.16px;\">Piastrelle in gomma ad incastro per interni:<\/span><\/p>\n<p>Le nostre piastrelle per pavimenti in gomma per interni sono dotate di un innovativo meccanismo di incastro, che utilizza robusti perni di collegamento in plastica. Ogni piastrella in gomma incorpora due fori su tutti e quattro i lati, per un totale di cinque pin di collegamento per piastrella. Questi perni sono realizzati in plastica robusta con bordi ghierati che li ancorano saldamente all&#039;interno della piastrella una volta inseriti. Il processo di installazione \u00e8 semplice ed elimina la necessit\u00e0 di colla disordinata o di costosi installatori professionisti. Con il nostro design fai-da-te, chiunque pu\u00f2 facilmente ottenere una soluzione di pavimentazione continua e durevole.<\/p>\n<ul>\n<li class=\"bullet-arrow\"><strong>Taglia:<\/strong> 50 cm x 50 cm, 100 cm x 100 cm<\/li>\n<li class=\"bullet-arrow\"><strong>Opzioni di spessore:<\/strong> 15 mm, 20 mm, 25 mm, 30 mm, 35 mm, 40 mm, 45 mm, 50 mm<\/li>\n<li class=\"bullet-arrow\"><strong>Colore: <\/strong>Contattateci per maggiori informazioni.<\/li>\n<\/ul>\n<h4>Galleria<\/p>\n<\/h4>\n\n  \n    <div class=\"row large-columns-5 medium-columns-3 small-columns-2\" >\n  <div class=\"gallery-col col\" >\n          <div class=\"col-inner\">\n            <a class=\"image-lightbox lightbox-gallery\" href=\"https:\/\/arturf.com\/wp-content\/uploads\/2023\/09\/Gym-Rubber-Tiles-Teamsports-1.jpg\" title=\"\">            <div class=\"box has-hover gallery-box box-overlay dark\">\n              <div class=\"box-image\" >\n                <img loading=\"lazy\" decoding=\"async\" width=\"500\" height=\"375\" src=\"https:\/\/arturf.com\/wp-content\/uploads\/2023\/09\/Gym-Rubber-Tiles-Teamsports-1-500x375.jpg\" class=\"attachment-medium size-medium\" alt=\"Piastrelle in gomma\" ids=\"19376,19377,19378,19379,19380\" columns=\"5\" srcset=\"https:\/\/arturf.com\/wp-content\/uploads\/2023\/09\/Gym-Rubber-Tiles-Teamsports-1-500x375.jpg 500w, https:\/\/arturf.com\/wp-content\/uploads\/2023\/09\/Gym-Rubber-Tiles-Teamsports-1-200x150.jpg 200w, https:\/\/arturf.com\/wp-content\/uploads\/2023\/09\/Gym-Rubber-Tiles-Teamsports-1-768x576.jpg 768w, https:\/\/arturf.com\/wp-content\/uploads\/2023\/09\/Gym-Rubber-Tiles-Teamsports-1-16x12.jpg 16w, https:\/\/arturf.com\/wp-content\/uploads\/2023\/09\/Gym-Rubber-Tiles-Teamsports-1-350x263.jpg 350w, https:\/\/arturf.com\/wp-content\/uploads\/2023\/09\/Gym-Rubber-Tiles-Teamsports-1-510x383.jpg 510w, https:\/\/arturf.com\/wp-content\/uploads\/2023\/09\/Gym-Rubber-Tiles-Teamsports-1.jpg 1000w\" sizes=\"auto, (max-width: 500px) 100vw, 500px\" \/>                                  <div class=\"overlay fill\"\n                      style=\"background-color: rgba(0,0,0,.15)\">\n                  <\/div>\n                                                              <\/div>\n              <div class=\"box-text text-left\" >\n                 <p><\/p>\n              <\/div>\n            <\/div>\n            <\/a>          <\/div>\n         <\/div><div class=\"gallery-col col\" >\n          <div class=\"col-inner\">\n            <a class=\"image-lightbox lightbox-gallery\" href=\"https:\/\/arturf.com\/wp-content\/uploads\/2023\/09\/Gym-Rubber-Tiles-Teamsports-2.jpg\" title=\"\">            <div class=\"box has-hover gallery-box box-overlay dark\">\n              <div class=\"box-image\" >\n                <img loading=\"lazy\" decoding=\"async\" width=\"500\" height=\"375\" src=\"https:\/\/arturf.com\/wp-content\/uploads\/2023\/09\/Gym-Rubber-Tiles-Teamsports-2-500x375.jpg\" class=\"attachment-medium size-medium\" alt=\"Piastrelle in gomma\" ids=\"19376,19377,19378,19379,19380\" columns=\"5\" srcset=\"https:\/\/arturf.com\/wp-content\/uploads\/2023\/09\/Gym-Rubber-Tiles-Teamsports-2-500x375.jpg 500w, https:\/\/arturf.com\/wp-content\/uploads\/2023\/09\/Gym-Rubber-Tiles-Teamsports-2-200x150.jpg 200w, https:\/\/arturf.com\/wp-content\/uploads\/2023\/09\/Gym-Rubber-Tiles-Teamsports-2-768x576.jpg 768w, https:\/\/arturf.com\/wp-content\/uploads\/2023\/09\/Gym-Rubber-Tiles-Teamsports-2-16x12.jpg 16w, https:\/\/arturf.com\/wp-content\/uploads\/2023\/09\/Gym-Rubber-Tiles-Teamsports-2-350x263.jpg 350w, https:\/\/arturf.com\/wp-content\/uploads\/2023\/09\/Gym-Rubber-Tiles-Teamsports-2-510x383.jpg 510w, https:\/\/arturf.com\/wp-content\/uploads\/2023\/09\/Gym-Rubber-Tiles-Teamsports-2.jpg 1000w\" sizes=\"auto, (max-width: 500px) 100vw, 500px\" \/>                                  <div class=\"overlay fill\"\n                      style=\"background-color: rgba(0,0,0,.15)\">\n                  <\/div>\n                                                              <\/div>\n              <div class=\"box-text text-left\" >\n                 <p><\/p>\n              <\/div>\n            <\/div>\n            <\/a>          <\/div>\n         <\/div><div class=\"gallery-col col\" >\n          <div class=\"col-inner\">\n            <a class=\"image-lightbox lightbox-gallery\" href=\"https:\/\/arturf.com\/wp-content\/uploads\/2023\/09\/Gym-Rubber-Tiles-Teamsports-3.jpg\" title=\"\">            <div class=\"box has-hover gallery-box box-overlay dark\">\n              <div class=\"box-image\" >\n                <img loading=\"lazy\" decoding=\"async\" width=\"500\" height=\"375\" src=\"https:\/\/arturf.com\/wp-content\/uploads\/2023\/09\/Gym-Rubber-Tiles-Teamsports-3-500x375.jpg\" class=\"attachment-medium size-medium\" alt=\"Piastrelle in gomma\" ids=\"19376,19377,19378,19379,19380\" columns=\"5\" srcset=\"https:\/\/arturf.com\/wp-content\/uploads\/2023\/09\/Gym-Rubber-Tiles-Teamsports-3-500x375.jpg 500w, https:\/\/arturf.com\/wp-content\/uploads\/2023\/09\/Gym-Rubber-Tiles-Teamsports-3-200x150.jpg 200w, https:\/\/arturf.com\/wp-content\/uploads\/2023\/09\/Gym-Rubber-Tiles-Teamsports-3-768x575.jpg 768w, https:\/\/arturf.com\/wp-content\/uploads\/2023\/09\/Gym-Rubber-Tiles-Teamsports-3-16x12.jpg 16w, https:\/\/arturf.com\/wp-content\/uploads\/2023\/09\/Gym-Rubber-Tiles-Teamsports-3-350x263.jpg 350w, https:\/\/arturf.com\/wp-content\/uploads\/2023\/09\/Gym-Rubber-Tiles-Teamsports-3-510x382.jpg 510w, https:\/\/arturf.com\/wp-content\/uploads\/2023\/09\/Gym-Rubber-Tiles-Teamsports-3.jpg 1000w\" sizes=\"auto, (max-width: 500px) 100vw, 500px\" \/>                                  <div class=\"overlay fill\"\n                      style=\"background-color: rgba(0,0,0,.15)\">\n                  <\/div>\n                                                              <\/div>\n              <div class=\"box-text text-left\" >\n                 <p><\/p>\n              <\/div>\n            <\/div>\n            <\/a>          <\/div>\n         <\/div><div class=\"gallery-col col\" >\n          <div class=\"col-inner\">\n            <a class=\"image-lightbox lightbox-gallery\" href=\"https:\/\/arturf.com\/wp-content\/uploads\/2023\/09\/Gym-Rubber-Tiles-Teamsports-4.jpg\" title=\"\">            <div class=\"box has-hover gallery-box box-overlay dark\">\n              <div class=\"box-image\" >\n                <img loading=\"lazy\" decoding=\"async\" width=\"500\" height=\"375\" src=\"https:\/\/arturf.com\/wp-content\/uploads\/2023\/09\/Gym-Rubber-Tiles-Teamsports-4-500x375.jpg\" class=\"attachment-medium size-medium\" alt=\"Piastrelle in gomma\" ids=\"19376,19377,19378,19379,19380\" columns=\"5\" srcset=\"https:\/\/arturf.com\/wp-content\/uploads\/2023\/09\/Gym-Rubber-Tiles-Teamsports-4-500x375.jpg 500w, https:\/\/arturf.com\/wp-content\/uploads\/2023\/09\/Gym-Rubber-Tiles-Teamsports-4-200x150.jpg 200w, https:\/\/arturf.com\/wp-content\/uploads\/2023\/09\/Gym-Rubber-Tiles-Teamsports-4-768x576.jpg 768w, https:\/\/arturf.com\/wp-content\/uploads\/2023\/09\/Gym-Rubber-Tiles-Teamsports-4-16x12.jpg 16w, https:\/\/arturf.com\/wp-content\/uploads\/2023\/09\/Gym-Rubber-Tiles-Teamsports-4-350x263.jpg 350w, https:\/\/arturf.com\/wp-content\/uploads\/2023\/09\/Gym-Rubber-Tiles-Teamsports-4-510x383.jpg 510w, https:\/\/arturf.com\/wp-content\/uploads\/2023\/09\/Gym-Rubber-Tiles-Teamsports-4.jpg 1000w\" sizes=\"auto, (max-width: 500px) 100vw, 500px\" \/>                                  <div class=\"overlay fill\"\n                      style=\"background-color: rgba(0,0,0,.15)\">\n                  <\/div>\n                                                              <\/div>\n              <div class=\"box-text text-left\" >\n                 <p><\/p>\n              <\/div>\n            <\/div>\n            <\/a>          <\/div>\n         <\/div><div class=\"gallery-col col\" >\n          <div class=\"col-inner\">\n            <a class=\"image-lightbox lightbox-gallery\" href=\"https:\/\/arturf.com\/wp-content\/uploads\/2023\/09\/Gym-Rubber-Tiles-Teamsports-5.jpg\" title=\"\">            <div class=\"box has-hover gallery-box box-overlay dark\">\n              <div class=\"box-image\" >\n                <img loading=\"lazy\" decoding=\"async\" width=\"500\" height=\"375\" src=\"https:\/\/arturf.com\/wp-content\/uploads\/2023\/09\/Gym-Rubber-Tiles-Teamsports-5-500x375.jpg\" class=\"attachment-medium size-medium\" alt=\"Piastrelle in gomma\" ids=\"19376,19377,19378,19379,19380\" columns=\"5\" srcset=\"https:\/\/arturf.com\/wp-content\/uploads\/2023\/09\/Gym-Rubber-Tiles-Teamsports-5-500x375.jpg 500w, https:\/\/arturf.com\/wp-content\/uploads\/2023\/09\/Gym-Rubber-Tiles-Teamsports-5-200x150.jpg 200w, https:\/\/arturf.com\/wp-content\/uploads\/2023\/09\/Gym-Rubber-Tiles-Teamsports-5-768x576.jpg 768w, https:\/\/arturf.com\/wp-content\/uploads\/2023\/09\/Gym-Rubber-Tiles-Teamsports-5-16x12.jpg 16w, https:\/\/arturf.com\/wp-content\/uploads\/2023\/09\/Gym-Rubber-Tiles-Teamsports-5-350x263.jpg 350w, https:\/\/arturf.com\/wp-content\/uploads\/2023\/09\/Gym-Rubber-Tiles-Teamsports-5-510x383.jpg 510w, https:\/\/arturf.com\/wp-content\/uploads\/2023\/09\/Gym-Rubber-Tiles-Teamsports-5.jpg 1000w\" sizes=\"auto, (max-width: 500px) 100vw, 500px\" \/>                                  <div class=\"overlay fill\"\n                      style=\"background-color: rgba(0,0,0,.15)\">\n                  <\/div>\n                                                              <\/div>\n              <div class=\"box-text text-left\" >\n                 <p><\/p>\n              <\/div>\n            <\/div>\n            <\/a>          <\/div>\n         <\/div><\/div>","protected":false},"excerpt":{"rendered":"<p>Le nostre piastrelle in gomma spessa sono costruite per resistere a un uso intensivo in palestre, campi da gioco o come protezione del pavimento. Facile installazione fai da te con design ad incastro (piastrelle in gomma per interni). Sono disponibili opzioni sia per applicazioni interne che esterne.<\/p>","protected":false},"featured_media":19374,"template":"","meta":{"_seopress_robots_primary_cat":"","_seopress_titles_title":"Outdoor Playground Rubber Tiles &amp; Indoor Interlocking Rubber Tiles","_seopress_titles_desc":"","_seopress_robots_index":""},"product_brand":[],"product_cat":[831],"product_tag":[],"class_list":{"0":"post-19373","1":"product","2":"type-product","3":"status-publish","4":"has-post-thumbnail","6":"product_cat-extras","8":"first","9":"instock","10":"shipping-taxable","11":"product-type-simple"},"_links":{"self":[{"href":"https:\/\/arturf.com\/it\/wp-json\/wp\/v2\/product\/19373","targetHints":{"allow":["GET"]}}],"collection":[{"href":"https:\/\/arturf.com\/it\/wp-json\/wp\/v2\/product"}],"about":[{"href":"https:\/\/arturf.com\/it\/wp-json\/wp\/v2\/types\/product"}],"wp:featuredmedia":[{"embeddable":true,"href":"https:\/\/arturf.com\/it\/wp-json\/wp\/v2\/media\/19374"}],"wp:attachment":[{"href":"https:\/\/arturf.com\/it\/wp-json\/wp\/v2\/media?parent=19373"}],"wp:term":[{"taxonomy":"product_brand","embeddable":true,"href":"https:\/\/arturf.com\/it\/wp-json\/wp\/v2\/product_brand?post=19373"},{"taxonomy":"product_cat","embeddable":true,"href":"https:\/\/arturf.com\/it\/wp-json\/wp\/v2\/product_cat?post=19373"},{"taxonomy":"product_tag","embeddable":true,"href":"https:\/\/arturf.com\/it\/wp-json\/wp\/v2\/product_tag?post=19373"}],"curies":[{"name":"parola chiave","href":"https:\/\/api.w.org\/{rel}","templated":true}]}}