{"id":19819,"date":"2024-06-14T11:53:06","date_gmt":"2024-06-14T03:53:06","guid":{"rendered":"https:\/\/arturf.com\/?post_type=product&#038;p=19819"},"modified":"2024-06-14T12:02:30","modified_gmt":"2024-06-14T04:02:30","slug":"ball-hitting-mat","status":"publish","type":"product","link":"https:\/\/arturf.com\/it\/product\/ball-hitting-mat\/","title":{"rendered":"Tappetino per colpire la palla"},"content":{"rendered":"<p>Trasforma le tue sessioni di allenamento con il nostro tappetino da baseball\/softball premium, progettato meticolosamente per gli atleti che richiedono il meglio. Che tu stia praticando al chiuso o all&#039;aperto, questo tappetino offre durata e prestazioni senza pari.<\/p>\n<p><strong>Costruzione di alta qualit\u00e0:<\/strong><\/p>\n<p>Realizzato con filato per erba artificiale PE di alta qualit\u00e0, il nostro tappetino da colpire \u00e8 costruito per durare. Lo strato di supporto in PU da 5 mm aggiunge un ulteriore livello di durata, garantendo che il tappetino possa resistere a un uso intenso e ai tacchetti senza comprometterne l&#039;integrit\u00e0. Questo tappetino \u00e8 un punto fermo sia per i giocatori dilettanti che per quelli professionisti che desiderano migliorare le proprie abilit\u00e0.<\/p>\n<p><strong>Design intarsiato per una migliore visibilit\u00e0:<\/strong><\/p>\n<p>Il nostro tappetino presenta linee bianche trapuntate intarsiate e una base di casa, fornendo una visibilit\u00e0 chiara e duratura. A differenza delle linee dipinte che possono sbiadire o consumarsi, il nostro design intarsiato garantisce che le linee e la base rimangano intatte, anche dopo un uso prolungato. Questa funzionalit\u00e0 \u00e8 essenziale per mantenere un ambiente di pratica coerente.<\/p>\n<p><strong>Comfort e stabilit\u00e0 superiori:<\/strong><\/p>\n<p>L&#039;imbottitura in schiuma da 5 mm integrata nel tappetino offre un eccezionale assorbimento degli urti, rendendo pi\u00f9 confortevole ogni posizione e movimento. Questa imbottitura contribuisce anche alla stabilit\u00e0 del tappeto, consentendo ai giocatori di concentrarsi sulla propria tecnica senza preoccuparsi di scivolare o di disagio.<\/p>\n<p><strong>Qualit\u00e0 professionale:<\/strong><\/p>\n<p>Rispettando le specifiche normative, questo tappeto da colpire \u00e8 perfetto per un allenamento serio. Che tu lo utilizzi nelle gabbie di battuta, nelle aree di casa base o in altri ambienti di pratica, puoi essere certo che offra ogni volta un&#039;esperienza di livello professionale.<\/p>\n<p><strong>Versatile e facile da trasportare:<\/strong><\/p>\n<p>Progettato pensando alla versatilit\u00e0, questo tappetino pu\u00f2 essere utilizzato su erba, tappeto erboso o superfici interne. La sua struttura leggera e il colore argilla lo rendono facile da trasportare ed esteticamente gradevole in qualsiasi ambiente. Quando non viene utilizzato, pu\u00f2 essere facilmente arrotolato e riposto, risparmiando spazio prezioso.<\/p>\n<p><strong>Protettivo e Antiscivolo:<\/strong><\/p>\n<p>Proteggi i pavimenti della tua palestra e le aree di pratica con il nostro tappetino da colpire resistente ai chiodi. Il supporto in schiuma antiscivolo garantisce che il tappetino rimanga in posizione, fornendo una superficie stabile e sicura per ogni sessione di allenamento. Questa funzione protettiva \u00e8 fondamentale per mantenere la qualit\u00e0 del tuo ambiente di allenamento.<\/p>\n<p><strong>Altamente raccomandato dai clienti:<\/strong><\/p>\n<p>Il nostro tappetino da colpire \u00e8 altamente raccomandato dai clienti che lo utilizzano da oltre un anno. Ne lodano la costruzione solida e la durata, rendendolo un degno investimento per qualsiasi giocatore serio di baseball o softball.<\/p>\n<p><img alt=\"\" loading=\"lazy\" decoding=\"async\" class=\"alignnone wp-image-19822 size-full\" src=\"https:\/\/arturf.com\/wp-content\/uploads\/2024\/06\/Arturf-Premium-BaseballSoftball-Hitting-Mat-3.jpg\" width=\"1000\" height=\"750\" srcset=\"https:\/\/arturf.com\/wp-content\/uploads\/2024\/06\/Arturf-Premium-BaseballSoftball-Hitting-Mat-3.jpg 1000w, https:\/\/arturf.com\/wp-content\/uploads\/2024\/06\/Arturf-Premium-BaseballSoftball-Hitting-Mat-3-500x375.jpg 500w, https:\/\/arturf.com\/wp-content\/uploads\/2024\/06\/Arturf-Premium-BaseballSoftball-Hitting-Mat-3-200x150.jpg 200w, https:\/\/arturf.com\/wp-content\/uploads\/2024\/06\/Arturf-Premium-BaseballSoftball-Hitting-Mat-3-768x576.jpg 768w, https:\/\/arturf.com\/wp-content\/uploads\/2024\/06\/Arturf-Premium-BaseballSoftball-Hitting-Mat-3-16x12.jpg 16w, https:\/\/arturf.com\/wp-content\/uploads\/2024\/06\/Arturf-Premium-BaseballSoftball-Hitting-Mat-3-350x263.jpg 350w, https:\/\/arturf.com\/wp-content\/uploads\/2024\/06\/Arturf-Premium-BaseballSoftball-Hitting-Mat-3-510x383.jpg 510w\" sizes=\"auto, (max-width: 1000px) 100vw, 1000px\" \/><\/p>\n<p><strong>Caratteristiche principali:<\/strong><\/p>\n<ul>\n<li><strong>Materiale:<\/strong> Filato per erba artificiale in PE premium con strato di supporto in PU da 5 mm<\/li>\n<li><strong>Progetto:<\/strong> Linee bianche trapuntate intarsiate e base di casa per resistenza e visibilit\u00e0<\/li>\n<li><strong>Imbottitura:<\/strong> Imbottitura in schiuma da 5 mm per assorbimento degli urti e stabilit\u00e0<\/li>\n<li><strong>durata:<\/strong> A prova di picco e costruito per resistere a un uso intenso<\/li>\n<li><strong>Versatilit\u00e0:<\/strong> Adatto sia per uso interno che esterno, leggero e facile da trasportare<\/li>\n<li><strong>Protezione:<\/strong> Materiale antiscivolo e resistente agli spuntoni per proteggere le superfici<\/li>\n<li><strong>Qualit\u00e0 professionale:<\/strong> Soddisfa le specifiche normative per la formazione di livello professionale<\/li>\n<\/ul>\n<p>Migliora il tuo allenamento con il nostro tappetino da baseball\/softball premium e sperimenta la differenza in termini di qualit\u00e0 e prestazioni. Perfetto per le gabbie da battuta, le aree di casa base e altro ancora, questo tappetino \u00e8 un&#039;aggiunta essenziale all&#039;attrezzatura di qualsiasi atleta serio. Ordina ora e porta la tua pratica al livello successivo!<\/p>","protected":false},"excerpt":{"rendered":"<p>Migliora la tua pratica di baseball e softball con il nostro tappetino da baseball\/softball premium. Progettato sia per uso interno che esterno, questo tappetino resistente e di alta qualit\u00e0 presenta linee bianche trapuntate intarsiate, una piastra di casa e un&#039;imbottitura in schiuma da 5 mm per un assorbimento degli urti superiore. Perfetto per le gabbie da battuta e le aree di casa base, protegge le superfici dai danni e fornisce una superficie stabile e non scivolosa per un allenamento di qualit\u00e0 professionale.<\/p>","protected":false},"featured_media":19820,"template":"","meta":{"_seopress_robots_primary_cat":"","_seopress_titles_title":"","_seopress_titles_desc":"","_seopress_robots_index":""},"product_brand":[],"product_cat":[831],"product_tag":[],"class_list":{"0":"post-19819","1":"product","2":"type-product","3":"status-publish","4":"has-post-thumbnail","6":"product_cat-extras","8":"first","9":"instock","10":"shipping-taxable","11":"product-type-simple"},"_links":{"self":[{"href":"https:\/\/arturf.com\/it\/wp-json\/wp\/v2\/product\/19819","targetHints":{"allow":["GET"]}}],"collection":[{"href":"https:\/\/arturf.com\/it\/wp-json\/wp\/v2\/product"}],"about":[{"href":"https:\/\/arturf.com\/it\/wp-json\/wp\/v2\/types\/product"}],"wp:featuredmedia":[{"embeddable":true,"href":"https:\/\/arturf.com\/it\/wp-json\/wp\/v2\/media\/19820"}],"wp:attachment":[{"href":"https:\/\/arturf.com\/it\/wp-json\/wp\/v2\/media?parent=19819"}],"wp:term":[{"taxonomy":"product_brand","embeddable":true,"href":"https:\/\/arturf.com\/it\/wp-json\/wp\/v2\/product_brand?post=19819"},{"taxonomy":"product_cat","embeddable":true,"href":"https:\/\/arturf.com\/it\/wp-json\/wp\/v2\/product_cat?post=19819"},{"taxonomy":"product_tag","embeddable":true,"href":"https:\/\/arturf.com\/it\/wp-json\/wp\/v2\/product_tag?post=19819"}],"curies":[{"name":"parola chiave","href":"https:\/\/api.w.org\/{rel}","templated":true}]}}