{"id":19845,"date":"2024-07-06T10:39:27","date_gmt":"2024-07-06T02:39:27","guid":{"rendered":"https:\/\/arturf.com\/?post_type=product&#038;p=19845"},"modified":"2024-07-06T10:59:13","modified_gmt":"2024-07-06T02:59:13","slug":"football-goal","status":"publish","type":"product","link":"https:\/\/arturf.com\/it\/product\/football-goal\/","title":{"rendered":"Obiettivo di calcio"},"content":{"rendered":"<p><strong>Caratteristiche del prodotto:<\/strong><\/p>\n<p><strong>1. Formatura in un unico pezzo:<\/strong><br \/>I nostri telai per porte sono realizzati in acciaio di prima qualit\u00e0, piegato nella forma attraverso un unico processo. Questo design, abbinato a una finitura in plastica a spruzzo elettrostatico, garantisce una struttura solida e stabile che resiste ai danni del vento e del sole.<\/p>\n<p><strong>2. Saldatura solida:<\/strong><br \/>Utilizzando la saldatura protettiva con CO\u2082 e la pallinatura per rimuovere la ruggine, seguite dalla spruzzatura elettrostatica, garantiamo che le nostre saldature siano robuste, attraenti e durevoli.<\/p>\n<p><strong>3. Design stabile:<\/strong><br \/>La base della porta presenta un ampio design di stabilizzazione del disco, che garantisce che rimanga sicura e durevole anche in caso di forti impatti durante il gioco.<\/p>\n<p><strong>4. Rete Premium:<\/strong><br \/>Le nostre reti sono realizzate in polietilene di alta qualit\u00e0, offrendo durata superiore, resistenza ai raggi UV e impermeabilit\u00e0 agli agenti atmosferici.<\/p>\n<p><strong>5. Tubi d&#039;acciaio ispessiti:<\/strong><br \/>Costruiti con tubi in acciaio ispessito di alta qualit\u00e0 standard nazionali, i nostri obiettivi sono realizzati con materiali autentici e durevoli progettati per durare.<\/p>\n<h3>Dimensionamento dei pali della porta in base alle dimensioni della squadra:<\/h3>\n<ul>\n<li>\n<p><strong>11-A-Side<\/strong>:<\/p>\n<ul>\n<li><strong>Livello Junior<\/strong>: La dimensione del palo della porta \u00e8 21 piedi x 7 piedi (6,40 mx 2,13 m).<\/li>\n<li><strong>Livello senior<\/strong>: La dimensione del palo della porta \u00e8 24 piedi x 8 piedi (7,32 mx 2,44 m).<\/li>\n<\/ul>\n<\/li>\n<li>\n<p><strong>9-A-Side<\/strong>:<\/p>\n<ul>\n<li>La dimensione del palo della porta \u00e8 4,88 mx 2,13 m (16 piedi x 7 piedi).<\/li>\n<\/ul>\n<\/li>\n<li>\n<p><strong>7-A-Side<\/strong> e <strong>Calcio a 5<\/strong>:<\/p>\n<ul>\n<li>La dimensione consigliata del palo della porta \u00e8 12 piedi x 6 piedi (3,66 mx 1,83 m), denominata anche porta &quot;Mini Soccer&quot;.<\/li>\n<li>Per le partite a 5, le dimensioni dei pali della porta sono 3,66 mx 1,22 m (12 piedi x 4 piedi) o 4,88 mx 1,22 m (16 piedi x 4 piedi).<\/li>\n<\/ul>\n<\/li>\n<\/ul>\n<p>Le nostre porte da calcio sono progettate per soddisfare le diverse esigenze di squadre di diverse dimensioni, garantendo che ogni giocatore possa godersi il gioco con attrezzature sicure, durevoli e adatte al proprio livello.<\/p>\n<p><strong>Nota importante:<\/strong> Tieni presente che non forniamo porte da calcio individualmente. Sono disponibili solo in abbinamento al ns <a href=\"https:\/\/arturf.com\/it\/products\/football-grass\/\">tappeto erboso di calcio<\/a> o altri prodotti.<\/p>","protected":false},"excerpt":{"rendered":"<p>Palo e rete inclusi, la nostra porta da calcio\/calcio \u00e8 progettata per garantire durata e stabilit\u00e0, perfetta per squadre di varie dimensioni che vanno dal 3 all&#039;11. Realizzata in acciaio zincato di alta qualit\u00e0 e dotata di una robusta rete in polietilene, questa porta \u00e8 costruita per resistere a un gioco intenso e a condizioni meteorologiche avverse.<\/p>","protected":false},"featured_media":19846,"template":"","meta":{"_seopress_robots_primary_cat":"","_seopress_titles_title":"","_seopress_titles_desc":"","_seopress_robots_index":""},"product_brand":[],"product_cat":[831],"product_tag":[],"class_list":{"0":"post-19845","1":"product","2":"type-product","3":"status-publish","4":"has-post-thumbnail","6":"product_cat-extras","8":"first","9":"instock","10":"shipping-taxable","11":"product-type-simple"},"_links":{"self":[{"href":"https:\/\/arturf.com\/it\/wp-json\/wp\/v2\/product\/19845","targetHints":{"allow":["GET"]}}],"collection":[{"href":"https:\/\/arturf.com\/it\/wp-json\/wp\/v2\/product"}],"about":[{"href":"https:\/\/arturf.com\/it\/wp-json\/wp\/v2\/types\/product"}],"wp:featuredmedia":[{"embeddable":true,"href":"https:\/\/arturf.com\/it\/wp-json\/wp\/v2\/media\/19846"}],"wp:attachment":[{"href":"https:\/\/arturf.com\/it\/wp-json\/wp\/v2\/media?parent=19845"}],"wp:term":[{"taxonomy":"product_brand","embeddable":true,"href":"https:\/\/arturf.com\/it\/wp-json\/wp\/v2\/product_brand?post=19845"},{"taxonomy":"product_cat","embeddable":true,"href":"https:\/\/arturf.com\/it\/wp-json\/wp\/v2\/product_cat?post=19845"},{"taxonomy":"product_tag","embeddable":true,"href":"https:\/\/arturf.com\/it\/wp-json\/wp\/v2\/product_tag?post=19845"}],"curies":[{"name":"parola chiave","href":"https:\/\/api.w.org\/{rel}","templated":true}]}}