{"id":6519,"date":"2018-05-18T01:38:05","date_gmt":"2018-05-18T01:38:05","guid":{"rendered":"https:\/\/arturf.com\/?post_type=product&#038;p=6519"},"modified":"2025-07-15T14:57:00","modified_gmt":"2025-07-15T06:57:00","slug":"flex","status":"publish","type":"product","link":"https:\/\/arturf.com\/it\/product\/flex\/","title":{"rendered":"Flettere"},"content":{"rendered":"<h3>Ideale per Putting Green:<\/h3>\n<p>Con il suo pelo corto e la costruzione ad alta densit\u00e0, Flex \u00e8 una scelta eccellente per creare un green eccezionale. L&#039;erba artificiale trapuntata \u00e8 progettata per simulare l&#039;aspetto e la sensazione dell&#039;erba naturale, garantendo un&#039;esperienza di gioco realistica. Che tu sia un giocatore di golf professionista o semplicemente ti diverta a giocare con gli amici, Flex offre una superficie uniforme e affidabile per le tue esigenze di golf.<\/p>\n<p><img loading=\"lazy\" decoding=\"async\" class=\"alignnone wp-image-12530 size-full\" src=\"https:\/\/arturf.com\/wp-content\/uploads\/2020\/08\/Arturf-Golf-Synthetic-Putting-Greens-1.jpg\" alt=\"Flex per Putting Green Sintetici\" width=\"800\" height=\"533\" srcset=\"https:\/\/arturf.com\/wp-content\/uploads\/2020\/08\/Arturf-Golf-Synthetic-Putting-Greens-1.jpg 800w, https:\/\/arturf.com\/wp-content\/uploads\/2020\/08\/Arturf-Golf-Synthetic-Putting-Greens-1-300x200.jpg 300w, https:\/\/arturf.com\/wp-content\/uploads\/2020\/08\/Arturf-Golf-Synthetic-Putting-Greens-1-768x512.jpg 768w, https:\/\/arturf.com\/wp-content\/uploads\/2020\/08\/Arturf-Golf-Synthetic-Putting-Greens-1-18x12.jpg 18w, https:\/\/arturf.com\/wp-content\/uploads\/2020\/08\/Arturf-Golf-Synthetic-Putting-Greens-1-510x340.jpg 510w\" sizes=\"auto, (max-width: 800px) 100vw, 800px\" \/><\/p>\n<h3>Uso versatile multi-sport:<\/h3>\n<p>Oltre alle sue eccezionali prestazioni sui green, Flex \u00e8 adatto anche per una vasta gamma di altre attivit\u00e0 sportive e ricreative. Che tu stia giocando a cricket, campo da padel, tennis o praticando altre attivit\u00e0 multisport, Flex offre la durata e la versatilit\u00e0 necessarie per un uso intensivo. Le sue fibre resilienti e la costruzione robusta possono sopportare le esigenze di diversi sport, garantendo una superficie di gioco uniforme.<\/p>\n<p><img loading=\"lazy\" decoding=\"async\" class=\"alignnone wp-image-9319 size-full\" src=\"https:\/\/arturf.com\/wp-content\/uploads\/2019\/05\/Artificial-Grass-Multi-sport-Projects-3.jpg\" alt=\"Flex per multi-sport\" width=\"800\" height=\"533\" srcset=\"https:\/\/arturf.com\/wp-content\/uploads\/2019\/05\/Artificial-Grass-Multi-sport-Projects-3.jpg 800w, https:\/\/arturf.com\/wp-content\/uploads\/2019\/05\/Artificial-Grass-Multi-sport-Projects-3-300x200.jpg 300w, https:\/\/arturf.com\/wp-content\/uploads\/2019\/05\/Artificial-Grass-Multi-sport-Projects-3-768x512.jpg 768w, https:\/\/arturf.com\/wp-content\/uploads\/2019\/05\/Artificial-Grass-Multi-sport-Projects-3-18x12.jpg 18w, https:\/\/arturf.com\/wp-content\/uploads\/2019\/05\/Artificial-Grass-Multi-sport-Projects-3-510x340.jpg 510w\" sizes=\"auto, (max-width: 800px) 100vw, 800px\" \/><\/p>\n<h3>Materiali di qualit\u00e0 premium:<\/h3>\n<p>Flex utilizza fibre di polietilene in un design verde bicolore, creando un&#039;erba sintetica visivamente accattivante e dall&#039;aspetto naturale. La combinazione di durabilit\u00e0 ed estetica rende Flex un ottimo investimento a lungo termine. \u00c8 progettato per resistere a varie condizioni atmosferiche, rendendolo adatto all&#039;installazione in climi diversi.<\/p>\n<h3>Altezza del pelo consigliata:<\/h3>\n<p>Per prestazioni ottimali, consigliamo un&#039;altezza del pelo compresa tra 10 mm e 18 mm per Flex. Questa gamma raggiunge il perfetto equilibrio tra la fornitura di una superficie liscia e l&#039;accoglienza di attivit\u00e0 multi-sport. L&#039;altezza del pelo pi\u00f9 corta garantisce un migliore rotolamento della pallina e precisione per il golf, pur offrendo abbastanza ammortizzazione e trazione per altri sport.<\/p>\n<p>Crea un putting green di livello professionale o trasforma il tuo spazio esterno in un&#039;area multi-sport con Flex. Questa versatile erba artificiale combina durata, realismo e prestazioni, rendendola la scelta ideale sia per gli appassionati di golf che per gli appassionati di pi\u00f9 sport. Prova la gioia di un green ben curato e goditi infinite ore di divertimento sportivo con Flex.<\/p>\n\n\t<section class=\"section\" id=\"section_568816020\">\n\t\t<div class=\"section-bg fill\" >\n\t\t\t\t\t\t\t\t\t\n\t\t\t\n\n\t\t<\/div>\n\n\t\t\n\n\t\t<div class=\"section-content relative\">\n\t\t\t\n\n<div class=\"row\"  id=\"row-391869831\">\n\n\n\t<div id=\"col-879090846\" class=\"col small-12 large-12\"  >\n\t\t\t\t<div class=\"col-inner text-center\"  >\n\t\t\t\n\t\t\t\n\n<h2>Domande frequenti<\/h2>\n\n\t\t<\/div>\n\t\t\t\t\t<\/div>\n\n\t\n\n<\/div>\n<div class=\"row align-center row-box-shadow-1\"  id=\"row-209574316\">\n\n\n\t<div id=\"col-234974313\" class=\"col medium-10 small-12 large-9\"  >\n\t\t\t\t<div class=\"col-inner\" style=\"background-color:rgb(255,255,255);\" >\n\t\t\t\n\t\t\t\n\n<div class=\"accordion\">\n\n\t<div id=\"accordion-3686634866\" class=\"accordion-item\">\n\t\t<a id=\"accordion-3686634866-label\" class=\"accordion-title plain\" href=\"#accordion-item-can-you-customize-specifications-for-your-artificial-turf-products?\" aria-expanded=\"false\" aria-controls=\"accordion-3686634866-content\">\n\t\t\t<button class=\"toggle\" aria-label=\"Attiva\/Disattiva\"><i class=\"icon-angle-down\" aria-hidden=\"true\"><\/i><\/button>\n\t\t\t<span>Potete personalizzare le specifiche per i vostri prodotti in erba sintetica?<\/span>\n\t\t<\/a>\n\t\t<div id=\"accordion-3686634866-content\" class=\"accordion-inner\" aria-labelledby=\"accordion-3686634866-label\">\n\t\t\t\n\n<p>S\u00ec, offriamo opzioni di personalizzazione per colore, forma del filato, altezza del pelo, densit\u00e0 e supporto. Possiamo anche produrre secondo un campione fornito.<\/p>\n\n\t\t<\/div>\n\t<\/div>\n\t\n\t<div id=\"accordion-1176387063\" class=\"accordion-item\">\n\t\t<a id=\"accordion-1176387063-label\" class=\"accordion-title plain\" href=\"#accordion-item-do-you-have-stock?\" aria-expanded=\"false\" aria-controls=\"accordion-1176387063-content\">\n\t\t\t<button class=\"toggle\" aria-label=\"Attiva\/Disattiva\"><i class=\"icon-angle-down\" aria-hidden=\"true\"><\/i><\/button>\n\t\t\t<span>Hai scorte?<\/span>\n\t\t<\/a>\n\t\t<div id=\"accordion-1176387063-content\" class=\"accordion-inner\" aria-labelledby=\"accordion-1176387063-label\">\n\t\t\t\n\n<p>No, non teniamo stock. Iniziamo la produzione sulla base di ordini specifici.<\/p>\n\n\t\t<\/div>\n\t<\/div>\n\t\n\t<div id=\"accordion-194439095\" class=\"accordion-item\">\n\t\t<a id=\"accordion-194439095-label\" class=\"accordion-title plain\" href=\"#accordion-item-what-is-your-moq?\" aria-expanded=\"false\" aria-controls=\"accordion-194439095-content\">\n\t\t\t<button class=\"toggle\" aria-label=\"Attiva\/Disattiva\"><i class=\"icon-angle-down\" aria-hidden=\"true\"><\/i><\/button>\n\t\t\t<span>Qual \u00e8 il tuo MOQ?<\/span>\n\t\t<\/a>\n\t\t<div id=\"accordion-194439095-content\" class=\"accordion-inner\" aria-labelledby=\"accordion-194439095-label\">\n\t\t\t\n\n<p>Per la maggior parte dell&#039;erba artificiale, la nostra quantit\u00e0 minima d&#039;ordine (MOQ) \u00e8 di 500 metri quadrati. Per alcuni prodotti leggeri, il MOQ \u00e8 di 800 metri quadrati.<\/p>\n\n\t\t<\/div>\n\t<\/div>\n\t\n\t<div id=\"accordion-3934223979\" class=\"accordion-item\">\n\t\t<a id=\"accordion-3934223979-label\" class=\"accordion-title plain\" href=\"#accordion-item-what-are-the-width-and-length-options-for-artificial-grass?\" aria-expanded=\"false\" aria-controls=\"accordion-3934223979-content\">\n\t\t\t<button class=\"toggle\" aria-label=\"Attiva\/Disattiva\"><i class=\"icon-angle-down\" aria-hidden=\"true\"><\/i><\/button>\n\t\t\t<span>Quali sono le opzioni di larghezza e lunghezza per l&#039;erba artificiale?<\/span>\n\t\t<\/a>\n\t\t<div id=\"accordion-3934223979-content\" class=\"accordion-inner\" aria-labelledby=\"accordion-3934223979-label\">\n\t\t\t\n\n<p>Le nostre opzioni di larghezza comuni sono 2 m, 3,75 m, 3,95 m, 4 m e 5 m. La lunghezza pu\u00f2 essere personalizzata in base alle specifiche esigenze del progetto. Per impostazione predefinita, mescoliamo un tappeto erboso largo 4 m e largo 2 m per ottimizzare lo spazio del container.<\/p>\n\n\t\t<\/div>\n\t<\/div>\n\t\n\t<div id=\"accordion-715335735\" class=\"accordion-item\">\n\t\t<a id=\"accordion-715335735-label\" class=\"accordion-title plain\" href=\"#accordion-item-what-information-do-you-need-to-provide-the-landed-cost-for-international-customers?\" aria-expanded=\"false\" aria-controls=\"accordion-715335735-content\">\n\t\t\t<button class=\"toggle\" aria-label=\"Attiva\/Disattiva\"><i class=\"icon-angle-down\" aria-hidden=\"true\"><\/i><\/button>\n\t\t\t<span>Di quali informazioni hai bisogno per fornire il costo di spedizione per i clienti internazionali?<\/span>\n\t\t<\/a>\n\t\t<div id=\"accordion-715335735-content\" class=\"accordion-inner\" aria-labelledby=\"accordion-715335735-label\">\n\t\t\t\n\n<p>Per fornire il costo dello sbarco, abbiamo bisogno di informazioni sui dettagli del prodotto, sulla quantit\u00e0 e sul porto di destinazione.<\/p>\n\n\t\t<\/div>\n\t<\/div>\n\t\n\n<\/div>\n\n\t\t<\/div>\n\t\t\t\t\t<\/div>\n\n\t\n\n\n<style>\n#row-209574316 > .col > .col-inner {\n  padding: 0px 0px 0px 0px;\n}\n@media (min-width:550px) {\n  #row-209574316 > .col > .col-inner {\n    padding: 30px 30px 30px 30px;\n  }\n}\n<\/style>\n<\/div>\n\n\t\t<\/div>\n\n\t\t\n<style>\n#section_568816020 {\n  padding-top: 60px;\n  padding-bottom: 60px;\n}\n<\/style>\n\t<\/section>\n\t\n<div class=\"row align-center\"  id=\"row-1212570180\">\n\n\n\t<div id=\"col-1605593357\" class=\"col medium-4 large-4\"  >\n\t\t\t\t<div class=\"col-inner\"  >\n\t\t\t\n\t<div class=\"is-border\"\n\t\tstyle=\"border-width:0px 0px 0px 0px;\">\n\t<\/div>\n\t\t\t\n\n\n\t\t<div class=\"icon-box featured-box icon-box-center text-center\"  style=\"margin:0px 0px 0px 0px;\">\n\t\t\t\t\t<div class=\"icon-box-img has-icon-bg\" style=\"width: 100px\">\n\t\t\t\t<div class=\"icon\">\n\t\t\t\t\t<div class=\"icon-inner\" style=\"border-width:2px;color:rgba(47, 159, 18, 0.88);\">\n\t\t\t\t\t\t<img loading=\"lazy\" decoding=\"async\" width=\"100\" height=\"100\" src=\"https:\/\/arturf.com\/wp-content\/uploads\/2018\/06\/Icon-Good-quality.png\" class=\"attachment-medium size-medium\" alt=\"Putting Green, Multi-Sport\" srcset=\"https:\/\/arturf.com\/wp-content\/uploads\/2018\/06\/Icon-Good-quality.png 100w, https:\/\/arturf.com\/wp-content\/uploads\/2018\/06\/Icon-Good-quality-12x12.png 12w\" sizes=\"auto, (max-width: 100px) 100vw, 100px\" \/>\t\t\t\t\t<\/div>\n\t\t\t\t<\/div>\n\t\t\t<\/div>\n\t\t\t\t<div class=\"icon-box-text last-reset\">\n\t\t\t<h5 class=\"uppercase\">Qualit\u00e0 comprovata<\/h5>\t\t\t\t\t\t\n\n<p>Erba artificiale premium con resistenza ai raggi UV e all&#039;usura. Solide garanzie assicurano una soddisfazione duratura.<\/p>\n\n\t\t<\/div>\n\t<\/div>\n\t\n\t\n\n\t\t<\/div>\n\t\t\t\t\t<\/div>\n\n\t\n\n\t<div id=\"col-1288809466\" class=\"col medium-4 large-4\"  >\n\t\t\t\t<div class=\"col-inner\"  >\n\t\t\t\n\t<div class=\"is-border\"\n\t\tstyle=\"border-width:0px 0px 0px 0px;\">\n\t<\/div>\n\t\t\t\n\n\n\t\t<div class=\"icon-box featured-box icon-box-center text-center\"  style=\"margin:0px 0px 0px 0px;\">\n\t\t\t\t\t<div class=\"icon-box-img has-icon-bg\" style=\"width: 100px\">\n\t\t\t\t<div class=\"icon\">\n\t\t\t\t\t<div class=\"icon-inner\" style=\"border-width:2px;color:rgba(47, 159, 18, 0.88);\">\n\t\t\t\t\t\t<img loading=\"lazy\" decoding=\"async\" width=\"100\" height=\"100\" src=\"https:\/\/arturf.com\/wp-content\/uploads\/2018\/06\/Icon-Good-price.png\" class=\"attachment-medium size-medium\" alt=\"Putting Green, Multi-Sport\" srcset=\"https:\/\/arturf.com\/wp-content\/uploads\/2018\/06\/Icon-Good-price.png 100w, https:\/\/arturf.com\/wp-content\/uploads\/2018\/06\/Icon-Good-price-12x12.png 12w\" sizes=\"auto, (max-width: 100px) 100vw, 100px\" \/>\t\t\t\t\t<\/div>\n\t\t\t\t<\/div>\n\t\t\t<\/div>\n\t\t\t\t<div class=\"icon-box-text last-reset\">\n\t\t\t<h5 class=\"uppercase\">Prezzi competitivi<\/h5>\t\t\t\t\t\t\n\n<p>Forniamo prezzi competitivi, favorendo la crescita reciproca e il successo a lungo termine con i nostri stimati rivenditori.<\/p>\n\n\t\t<\/div>\n\t<\/div>\n\t\n\t\n\n\t\t<\/div>\n\t\t\t\t\t<\/div>\n\n\t\n\n\t<div id=\"col-493935095\" class=\"col medium-4 large-4\"  >\n\t\t\t\t<div class=\"col-inner\"  >\n\t\t\t\n\t<div class=\"is-border\"\n\t\tstyle=\"border-width:0px 0px 0px 0px;\">\n\t<\/div>\n\t\t\t\n\n\n\t\t<div class=\"icon-box featured-box icon-box-center text-center\"  style=\"margin:0px 0px 0px 0px;\">\n\t\t\t\t\t<div class=\"icon-box-img has-icon-bg\" style=\"width: 100px\">\n\t\t\t\t<div class=\"icon\">\n\t\t\t\t\t<div class=\"icon-inner\" style=\"border-width:2px;color:rgba(47, 159, 18, 0.88);\">\n\t\t\t\t\t\t<img loading=\"lazy\" decoding=\"async\" width=\"100\" height=\"100\" src=\"https:\/\/arturf.com\/wp-content\/uploads\/2018\/06\/Icon-tailor-made.png\" class=\"attachment-medium size-medium\" alt=\"Putting Green, Multi-Sport\" srcset=\"https:\/\/arturf.com\/wp-content\/uploads\/2018\/06\/Icon-tailor-made.png 100w, https:\/\/arturf.com\/wp-content\/uploads\/2018\/06\/Icon-tailor-made-12x12.png 12w\" sizes=\"auto, (max-width: 100px) 100vw, 100px\" \/>\t\t\t\t\t<\/div>\n\t\t\t\t<\/div>\n\t\t\t<\/div>\n\t\t\t\t<div class=\"icon-box-text last-reset\">\n\t\t\t<h5 class=\"uppercase\">Soluzioni personalizzate<\/h5>\t\t\t\t\t\t\n\n<p>Sblocca il potenziale di mercato con diverse opzioni di erba artificiale. <a href=\"https:\/\/arturf.com\/it\/buyers-guide\/customized-artificial-grass-products\/\">Su misura per esigenze o campioni unici<\/a>.<\/p>\n\n\t\t<\/div>\n\t<\/div>\n\t\n\t\n\n\t\t<\/div>\n\t\t\t\t\t<\/div>\n\n\t\n\n<\/div>","protected":false},"excerpt":{"rendered":"<p>Flex \u00e8 un prato artificiale di alta qualit\u00e0 progettato specificamente per green e aree multisport. Questo tappeto erboso ad alta densit\u00e0 presenta un filato monofilamento testurizzato, che lo rende perfetto per creare una superficie professionale per il putt e supportare varie attivit\u00e0 sportive.<\/p>","protected":false},"featured_media":13734,"template":"","meta":{"_seopress_robots_primary_cat":"69","_seopress_titles_title":"Flex - Premium Putting Green & Multi-Sport Turf","_seopress_titles_desc":"Flex artificial turf delivers professional putting green performance. High-density texturized yarn perfect for golf, cricket, padel & tennis. 10-18mm pile.","_seopress_robots_index":""},"product_brand":[],"product_cat":[65,68,69],"product_tag":[],"class_list":{"0":"post-6519","1":"product","2":"type-product","3":"status-publish","4":"has-post-thumbnail","6":"product_cat-golf","7":"product_cat-tennis","8":"product_cat-multi-purpose","10":"first","11":"instock","12":"shipping-taxable","13":"product-type-simple"},"_links":{"self":[{"href":"https:\/\/arturf.com\/it\/wp-json\/wp\/v2\/product\/6519","targetHints":{"allow":["GET"]}}],"collection":[{"href":"https:\/\/arturf.com\/it\/wp-json\/wp\/v2\/product"}],"about":[{"href":"https:\/\/arturf.com\/it\/wp-json\/wp\/v2\/types\/product"}],"wp:featuredmedia":[{"embeddable":true,"href":"https:\/\/arturf.com\/it\/wp-json\/wp\/v2\/media\/13734"}],"wp:attachment":[{"href":"https:\/\/arturf.com\/it\/wp-json\/wp\/v2\/media?parent=6519"}],"wp:term":[{"taxonomy":"product_brand","embeddable":true,"href":"https:\/\/arturf.com\/it\/wp-json\/wp\/v2\/product_brand?post=6519"},{"taxonomy":"product_cat","embeddable":true,"href":"https:\/\/arturf.com\/it\/wp-json\/wp\/v2\/product_cat?post=6519"},{"taxonomy":"product_tag","embeddable":true,"href":"https:\/\/arturf.com\/it\/wp-json\/wp\/v2\/product_tag?post=6519"}],"curies":[{"name":"parola chiave","href":"https:\/\/api.w.org\/{rel}","templated":true}]}}