{"id":6708,"date":"2012-07-17T12:11:10","date_gmt":"2012-07-17T12:11:10","guid":{"rendered":"https:\/\/arturf.com\/?post_type=product&#038;p=6708"},"modified":"2023-07-19T17:50:17","modified_gmt":"2023-07-19T09:50:17","slug":"tee-grass","status":"publish","type":"product","link":"https:\/\/arturf.com\/it\/product\/tee-grass\/","title":{"rendered":"Tee Grass-Padroneggia i tuoi swing"},"content":{"rendered":"<h3>Scatena il tuo potenziale di golf con Arturf Tee Grass<\/h3>\n<p>La nostra Tee Grass \u00e8 un&#039;erba artificiale in PE di alta qualit\u00e0, ultra densa, meticolosamente realizzata per soddisfare esclusivamente i golfisti. Caratterizzato da un design senza riempimento da 40 mm, questo manto erboso non \u00e8 solo abbastanza denso da supportare un picchetto a tee, ma anche eccezionalmente resistente, consentendoti di guidare direttamente dalla superficie senza intoppi.<\/p>\n<h3>Lo swing perfetto, ogni volta<\/h3>\n<p>D\u00ec addio alle interruzioni durante i tuoi swing. Arturf Tee Grass offre una sensazione naturale ed elimina il temuto &quot;afferramento&quot; della testa del bastone, fornendo un&#039;esperienza di oscillazione fluida e uniforme. Con le sue fibre dense, questo tappeto erboso ti consente di utilizzare i tee proprio come faresti su un normale campo da golf, rendendolo il tuo compagno ideale per anni di pratica di guida.<\/p>\n<h3>Costruito per durare<\/h3>\n<p>La durabilit\u00e0 \u00e8 il nostro secondo nome! Il nostro Tee Grass \u00e8 fatto su misura per tee-line, driving mat e chipping mat, resistendo senza sforzo swing dopo swing. Siate certi che il nostro tappeto erboso manterr\u00e0 le sue prestazioni di prim&#039;ordine, offrendovi sessioni di allenamento senza pari.<\/p>\n<h3>Posizioni infinite dei picchetti<\/h3>\n<p>Arturf Tee Grass porta la comodit\u00e0 del golf a un nuovo livello. La superficie consente un posizionamento illimitato dei tee picchetti, rendendolo la scelta perfetta per i campi da golf con aree tee per tutte le stagioni. Sono finiti i giorni di usura in un&#039;unica area: abbraccia la libert\u00e0 di iniziare da varie posizioni e angolazioni.<\/p>\n<p><img alt=\"Tee Grass\" loading=\"lazy\" decoding=\"async\" class=\"alignnone wp-image-12770 size-full\" src=\"https:\/\/arturf.com\/wp-content\/uploads\/2020\/09\/Arturf-golf-mat-tee-grass-TEE-Pro-40.jpg\" width=\"800\" height=\"592\" srcset=\"https:\/\/arturf.com\/wp-content\/uploads\/2020\/09\/Arturf-golf-mat-tee-grass-TEE-Pro-40.jpg 800w, https:\/\/arturf.com\/wp-content\/uploads\/2020\/09\/Arturf-golf-mat-tee-grass-TEE-Pro-40-300x222.jpg 300w, https:\/\/arturf.com\/wp-content\/uploads\/2020\/09\/Arturf-golf-mat-tee-grass-TEE-Pro-40-768x568.jpg 768w, https:\/\/arturf.com\/wp-content\/uploads\/2020\/09\/Arturf-golf-mat-tee-grass-TEE-Pro-40-16x12.jpg 16w, https:\/\/arturf.com\/wp-content\/uploads\/2020\/09\/Arturf-golf-mat-tee-grass-TEE-Pro-40-510x377.jpg 510w\" sizes=\"auto, (max-width: 800px) 100vw, 800px\" \/><\/p>\n<h3>Specifiche<\/h3>\n<ul>\n<li class=\"bullet-arrow\">Altezza pelo: 40 mm<\/li>\n<li class=\"bullet-arrow\">Filato: filato monofilamento di polietilene arricciato ultra denso<\/li>\n<li class=\"bullet-arrow\">Colore: verde<\/li>\n<li class=\"bullet-arrow\">Calibro: 5\/16 di pollice<\/li>\n<li class=\"bullet-arrow\">Dimensioni: 2 m x 18 m, confezionato in rotolo<\/li>\n<li class=\"bullet-arrow\">Peso: 5,0 kg per metro quadrato<\/li>\n<\/ul>\n<h3>Sperimenta il vantaggio di Tee Grass<\/h3>\n<ul>\n<li class=\"bullet-checkmark\">Erba artificiale di alta qualit\u00e0 progettata esclusivamente per i golfisti.<\/li>\n<li class=\"bullet-checkmark\">Densit\u00e0 ottimale per il supporto del tee peg e una guida fluida fuori dalla superficie.<\/li>\n<li class=\"bullet-checkmark\">Esperienza di swing costante senza &quot;afferrare&quot; la testa del bastone.<\/li>\n<li class=\"bullet-checkmark\">Costruito per resistere a innumerevoli oscillazioni per anni di pratica di guida.<\/li>\n<li class=\"bullet-checkmark\">Ideale per tee-line, driving mat e chipping mat.<\/li>\n<li class=\"bullet-checkmark\">Infinite posizioni dei tee peg per le aree di tee per tutte le stagioni dei campi da golf.<\/li>\n<\/ul>\n<h3>Disponibile e pronto per la consegna rapida<\/h3>\n<p>Non aspettare oltre per elevare la tua pratica di golf. Il nostro Tee Grass \u00e8 disponibile e pronto per la consegna rapida, assicurandoti di poter iniziare a perfezionare i tuoi swing senza indugio!<\/p>\n<p><img alt=\"Tee Grass\" loading=\"lazy\" decoding=\"async\" class=\"alignnone wp-image-14423\" src=\"https:\/\/arturf.com\/wp-content\/uploads\/2021\/04\/Golf-Tee-Grass-In-Stock.jpg\" width=\"800\" height=\"600\" srcset=\"https:\/\/arturf.com\/wp-content\/uploads\/2021\/04\/Golf-Tee-Grass-In-Stock.jpg 1000w, https:\/\/arturf.com\/wp-content\/uploads\/2021\/04\/Golf-Tee-Grass-In-Stock-300x225.jpg 300w, https:\/\/arturf.com\/wp-content\/uploads\/2021\/04\/Golf-Tee-Grass-In-Stock-200x150.jpg 200w, https:\/\/arturf.com\/wp-content\/uploads\/2021\/04\/Golf-Tee-Grass-In-Stock-768x576.jpg 768w, https:\/\/arturf.com\/wp-content\/uploads\/2021\/04\/Golf-Tee-Grass-In-Stock-16x12.jpg 16w, https:\/\/arturf.com\/wp-content\/uploads\/2021\/04\/Golf-Tee-Grass-In-Stock-350x263.jpg 350w, https:\/\/arturf.com\/wp-content\/uploads\/2021\/04\/Golf-Tee-Grass-In-Stock-510x383.jpg 510w\" sizes=\"auto, (max-width: 800px) 100vw, 800px\" \/><\/p>\n<p>Sblocca il tuo vero potenziale di golf con Arturf Tee Grass &quot;TEE Pro 40&quot;! Migliora le tue sessioni di pratica sul campo pratica o sul campo da golf con la nostra erba artificiale di alta qualit\u00e0, resistente e adatta ai tee. Ordina ora per una consegna rapida e porta il tuo gioco di golf al livello successivo!<\/p>\n\n\t<section class=\"section\" id=\"section_1489165439\">\n\t\t<div class=\"section-bg fill\" >\n\t\t\t\t\t\t\t\t\t\n\t\t\t\n\n\t\t<\/div>\n\n\t\t\n\n\t\t<div class=\"section-content relative\">\n\t\t\t\n\n<div class=\"row\"  id=\"row-1641821942\">\n\n\n\t<div id=\"col-391155199\" class=\"col small-12 large-12\"  >\n\t\t\t\t<div class=\"col-inner text-center\"  >\n\t\t\t\n\t\t\t\n\n<h2>Domande frequenti<\/h2>\n\n\t\t<\/div>\n\t\t\t\t\t<\/div>\n\n\t\n\n<\/div>\n<div class=\"row align-center row-box-shadow-1\"  id=\"row-653611456\">\n\n\n\t<div id=\"col-1629572831\" class=\"col medium-10 small-12 large-9\"  >\n\t\t\t\t<div class=\"col-inner\" style=\"background-color:rgb(255,255,255);\" >\n\t\t\t\n\t\t\t\n\n<div class=\"accordion\">\n\n\t<div id=\"accordion-3979689895\" class=\"accordion-item\">\n\t\t<a id=\"accordion-3979689895-label\" class=\"accordion-title plain\" href=\"#accordion-item-can-you-customize-specifications-for-your-artificial-turf-products?\" aria-expanded=\"false\" aria-controls=\"accordion-3979689895-content\">\n\t\t\t<button class=\"toggle\" aria-label=\"Attiva\/Disattiva\"><i class=\"icon-angle-down\" aria-hidden=\"true\"><\/i><\/button>\n\t\t\t<span>Potete personalizzare le specifiche per i vostri prodotti in erba sintetica?<\/span>\n\t\t<\/a>\n\t\t<div id=\"accordion-3979689895-content\" class=\"accordion-inner\" aria-labelledby=\"accordion-3979689895-label\">\n\t\t\t\n\n<p>S\u00ec, offriamo opzioni di personalizzazione per colore, forma del filato, altezza del pelo, densit\u00e0 e supporto. Possiamo anche produrre secondo un campione fornito.<\/p>\n\n\t\t<\/div>\n\t<\/div>\n\t\n\t<div id=\"accordion-3276724852\" class=\"accordion-item\">\n\t\t<a id=\"accordion-3276724852-label\" class=\"accordion-title plain\" href=\"#accordion-item-do-you-have-stock?\" aria-expanded=\"false\" aria-controls=\"accordion-3276724852-content\">\n\t\t\t<button class=\"toggle\" aria-label=\"Attiva\/Disattiva\"><i class=\"icon-angle-down\" aria-hidden=\"true\"><\/i><\/button>\n\t\t\t<span>Hai scorte?<\/span>\n\t\t<\/a>\n\t\t<div id=\"accordion-3276724852-content\" class=\"accordion-inner\" aria-labelledby=\"accordion-3276724852-label\">\n\t\t\t\n\n<p>No, non teniamo stock. Iniziamo la produzione sulla base di ordini specifici.<\/p>\n\n\t\t<\/div>\n\t<\/div>\n\t\n\t<div id=\"accordion-3560538049\" class=\"accordion-item\">\n\t\t<a id=\"accordion-3560538049-label\" class=\"accordion-title plain\" href=\"#accordion-item-what-is-your-moq?\" aria-expanded=\"false\" aria-controls=\"accordion-3560538049-content\">\n\t\t\t<button class=\"toggle\" aria-label=\"Attiva\/Disattiva\"><i class=\"icon-angle-down\" aria-hidden=\"true\"><\/i><\/button>\n\t\t\t<span>Qual \u00e8 il tuo MOQ?<\/span>\n\t\t<\/a>\n\t\t<div id=\"accordion-3560538049-content\" class=\"accordion-inner\" aria-labelledby=\"accordion-3560538049-label\">\n\t\t\t\n\n<p>Per la maggior parte dell&#039;erba artificiale, la nostra quantit\u00e0 minima d&#039;ordine (MOQ) \u00e8 di 500 metri quadrati. Per alcuni prodotti leggeri, il MOQ \u00e8 di 800 metri quadrati.<\/p>\n\n\t\t<\/div>\n\t<\/div>\n\t\n\t<div id=\"accordion-491741776\" class=\"accordion-item\">\n\t\t<a id=\"accordion-491741776-label\" class=\"accordion-title plain\" href=\"#accordion-item-what-are-the-width-and-length-options-for-artificial-grass?\" aria-expanded=\"false\" aria-controls=\"accordion-491741776-content\">\n\t\t\t<button class=\"toggle\" aria-label=\"Attiva\/Disattiva\"><i class=\"icon-angle-down\" aria-hidden=\"true\"><\/i><\/button>\n\t\t\t<span>Quali sono le opzioni di larghezza e lunghezza per l&#039;erba artificiale?<\/span>\n\t\t<\/a>\n\t\t<div id=\"accordion-491741776-content\" class=\"accordion-inner\" aria-labelledby=\"accordion-491741776-label\">\n\t\t\t\n\n<p>Le nostre opzioni di larghezza comuni sono 2 m, 3,75 m, 3,95 m, 4 m e 5 m. La lunghezza pu\u00f2 essere personalizzata in base alle specifiche esigenze del progetto. Per impostazione predefinita, mescoliamo un tappeto erboso largo 4 m e largo 2 m per ottimizzare lo spazio del container.<\/p>\n\n\t\t<\/div>\n\t<\/div>\n\t\n\t<div id=\"accordion-16452177\" class=\"accordion-item\">\n\t\t<a id=\"accordion-16452177-label\" class=\"accordion-title plain\" href=\"#accordion-item-what-information-do-you-need-to-provide-the-landed-cost-for-international-customers?\" aria-expanded=\"false\" aria-controls=\"accordion-16452177-content\">\n\t\t\t<button class=\"toggle\" aria-label=\"Attiva\/Disattiva\"><i class=\"icon-angle-down\" aria-hidden=\"true\"><\/i><\/button>\n\t\t\t<span>Di quali informazioni hai bisogno per fornire il costo di spedizione per i clienti internazionali?<\/span>\n\t\t<\/a>\n\t\t<div id=\"accordion-16452177-content\" class=\"accordion-inner\" aria-labelledby=\"accordion-16452177-label\">\n\t\t\t\n\n<p>Per fornire il costo dello sbarco, abbiamo bisogno di informazioni sui dettagli del prodotto, sulla quantit\u00e0 e sul porto di destinazione.<\/p>\n\n\t\t<\/div>\n\t<\/div>\n\t\n\n<\/div>\n\n\t\t<\/div>\n\t\t\t\t\t<\/div>\n\n\t\n\n\n<style>\n#row-653611456 > .col > .col-inner {\n  padding: 0px 0px 0px 0px;\n}\n@media (min-width:550px) {\n  #row-653611456 > .col > .col-inner {\n    padding: 30px 30px 30px 30px;\n  }\n}\n<\/style>\n<\/div>\n\n\t\t<\/div>\n\n\t\t\n<style>\n#section_1489165439 {\n  padding-top: 60px;\n  padding-bottom: 60px;\n}\n<\/style>\n\t<\/section>\n\t\n<div class=\"row align-center\"  id=\"row-1033176289\">\n\n\n\t<div id=\"col-311872692\" class=\"col medium-4 large-4\"  >\n\t\t\t\t<div class=\"col-inner\"  >\n\t\t\t\n\t<div class=\"is-border\"\n\t\tstyle=\"border-width:0px 0px 0px 0px;\">\n\t<\/div>\n\t\t\t\n\n\n\t\t<div class=\"icon-box featured-box icon-box-center text-center\"  style=\"margin:0px 0px 0px 0px;\">\n\t\t\t\t\t<div class=\"icon-box-img has-icon-bg\" style=\"width: 100px\">\n\t\t\t\t<div class=\"icon\">\n\t\t\t\t\t<div class=\"icon-inner\" style=\"border-width:2px;color:rgba(47, 159, 18, 0.88);\">\n\t\t\t\t\t\t<img loading=\"lazy\" decoding=\"async\" width=\"100\" height=\"100\" src=\"https:\/\/arturf.com\/wp-content\/uploads\/2018\/06\/Icon-Good-quality.png\" class=\"attachment-medium size-medium\" alt=\"Tee Grass\" srcset=\"https:\/\/arturf.com\/wp-content\/uploads\/2018\/06\/Icon-Good-quality.png 100w, https:\/\/arturf.com\/wp-content\/uploads\/2018\/06\/Icon-Good-quality-12x12.png 12w\" sizes=\"auto, (max-width: 100px) 100vw, 100px\" \/>\t\t\t\t\t<\/div>\n\t\t\t\t<\/div>\n\t\t\t<\/div>\n\t\t\t\t<div class=\"icon-box-text last-reset\">\n\t\t\t<h5 class=\"uppercase\">Qualit\u00e0 comprovata<\/h5>\t\t\t\t\t\t\n\n<p>Erba artificiale premium con resistenza ai raggi UV e all&#039;usura. Solide garanzie assicurano una soddisfazione duratura.<\/p>\n\n\t\t<\/div>\n\t<\/div>\n\t\n\t\n\n\t\t<\/div>\n\t\t\t\t\t<\/div>\n\n\t\n\n\t<div id=\"col-432032334\" class=\"col medium-4 large-4\"  >\n\t\t\t\t<div class=\"col-inner\"  >\n\t\t\t\n\t<div class=\"is-border\"\n\t\tstyle=\"border-width:0px 0px 0px 0px;\">\n\t<\/div>\n\t\t\t\n\n\n\t\t<div class=\"icon-box featured-box icon-box-center text-center\"  style=\"margin:0px 0px 0px 0px;\">\n\t\t\t\t\t<div class=\"icon-box-img has-icon-bg\" style=\"width: 100px\">\n\t\t\t\t<div class=\"icon\">\n\t\t\t\t\t<div class=\"icon-inner\" style=\"border-width:2px;color:rgba(47, 159, 18, 0.88);\">\n\t\t\t\t\t\t<img loading=\"lazy\" decoding=\"async\" width=\"100\" height=\"100\" src=\"https:\/\/arturf.com\/wp-content\/uploads\/2018\/06\/Icon-Good-price.png\" class=\"attachment-medium size-medium\" alt=\"Tee Grass\" srcset=\"https:\/\/arturf.com\/wp-content\/uploads\/2018\/06\/Icon-Good-price.png 100w, https:\/\/arturf.com\/wp-content\/uploads\/2018\/06\/Icon-Good-price-12x12.png 12w\" sizes=\"auto, (max-width: 100px) 100vw, 100px\" \/>\t\t\t\t\t<\/div>\n\t\t\t\t<\/div>\n\t\t\t<\/div>\n\t\t\t\t<div class=\"icon-box-text last-reset\">\n\t\t\t<h5 class=\"uppercase\">Prezzi competitivi<\/h5>\t\t\t\t\t\t\n\n<p>Forniamo prezzi competitivi, favorendo la crescita reciproca e il successo a lungo termine con i nostri stimati rivenditori.<\/p>\n\n\t\t<\/div>\n\t<\/div>\n\t\n\t\n\n\t\t<\/div>\n\t\t\t\t\t<\/div>\n\n\t\n\n\t<div id=\"col-1099444919\" class=\"col medium-4 large-4\"  >\n\t\t\t\t<div class=\"col-inner\"  >\n\t\t\t\n\t<div class=\"is-border\"\n\t\tstyle=\"border-width:0px 0px 0px 0px;\">\n\t<\/div>\n\t\t\t\n\n\n\t\t<div class=\"icon-box featured-box icon-box-center text-center\"  style=\"margin:0px 0px 0px 0px;\">\n\t\t\t\t\t<div class=\"icon-box-img has-icon-bg\" style=\"width: 100px\">\n\t\t\t\t<div class=\"icon\">\n\t\t\t\t\t<div class=\"icon-inner\" style=\"border-width:2px;color:rgba(47, 159, 18, 0.88);\">\n\t\t\t\t\t\t<img loading=\"lazy\" decoding=\"async\" width=\"100\" height=\"100\" src=\"https:\/\/arturf.com\/wp-content\/uploads\/2018\/06\/Icon-tailor-made.png\" class=\"attachment-medium size-medium\" alt=\"Tee Grass\" srcset=\"https:\/\/arturf.com\/wp-content\/uploads\/2018\/06\/Icon-tailor-made.png 100w, https:\/\/arturf.com\/wp-content\/uploads\/2018\/06\/Icon-tailor-made-12x12.png 12w\" sizes=\"auto, (max-width: 100px) 100vw, 100px\" \/>\t\t\t\t\t<\/div>\n\t\t\t\t<\/div>\n\t\t\t<\/div>\n\t\t\t\t<div class=\"icon-box-text last-reset\">\n\t\t\t<h5 class=\"uppercase\">Soluzioni personalizzate<\/h5>\t\t\t\t\t\t\n\n<p>Sblocca il potenziale di mercato con diverse opzioni di erba artificiale. <a href=\"https:\/\/arturf.com\/it\/buyers-guide\/customized-artificial-grass-products\/\">Su misura per esigenze o campioni unici<\/a>.<\/p>\n\n\t\t<\/div>\n\t<\/div>\n\t\n\t\n\n\t\t<\/div>\n\t\t\t\t\t<\/div>\n\n\t\n\n<\/div>","protected":false},"excerpt":{"rendered":"<p>Sperimenta il meglio nella pratica del golf con il nostro Tee Grass &quot;TEE Pro 40&quot;, l&#039;ultimo tappeto erboso per tee in erba sintetica senza sabbia e resistente all&#039;usura. Specificamente progettato per ferri e legni, questo manto erboso tiene saldamente in posizione i tee picchetti, garantendo un&#039;esperienza di golf sicura e divertente.<\/p>","protected":false},"featured_media":8032,"template":"","meta":{"_seopress_robots_primary_cat":"","_seopress_titles_title":"","_seopress_titles_desc":"Experience perfect swings with Tee Pro 40 - non-infill Tee grass for golf courses. In stock for fast delivery! \u26f3\ufe0f #Golf #TeeGrass","_seopress_robots_index":""},"product_brand":[],"product_cat":[65],"product_tag":[],"class_list":{"0":"post-6708","1":"product","2":"type-product","3":"status-publish","4":"has-post-thumbnail","6":"product_cat-golf","8":"first","9":"instock","10":"shipping-taxable","11":"product-type-simple"},"_links":{"self":[{"href":"https:\/\/arturf.com\/it\/wp-json\/wp\/v2\/product\/6708","targetHints":{"allow":["GET"]}}],"collection":[{"href":"https:\/\/arturf.com\/it\/wp-json\/wp\/v2\/product"}],"about":[{"href":"https:\/\/arturf.com\/it\/wp-json\/wp\/v2\/types\/product"}],"wp:featuredmedia":[{"embeddable":true,"href":"https:\/\/arturf.com\/it\/wp-json\/wp\/v2\/media\/8032"}],"wp:attachment":[{"href":"https:\/\/arturf.com\/it\/wp-json\/wp\/v2\/media?parent=6708"}],"wp:term":[{"taxonomy":"product_brand","embeddable":true,"href":"https:\/\/arturf.com\/it\/wp-json\/wp\/v2\/product_brand?post=6708"},{"taxonomy":"product_cat","embeddable":true,"href":"https:\/\/arturf.com\/it\/wp-json\/wp\/v2\/product_cat?post=6708"},{"taxonomy":"product_tag","embeddable":true,"href":"https:\/\/arturf.com\/it\/wp-json\/wp\/v2\/product_tag?post=6708"}],"curies":[{"name":"parola chiave","href":"https:\/\/api.w.org\/{rel}","templated":true}]}}