{"id":6882,"date":"2018-08-20T03:03:34","date_gmt":"2018-08-20T03:03:34","guid":{"rendered":"https:\/\/arturf.com\/?post_type=product&#038;p=6882"},"modified":"2024-07-13T21:25:22","modified_gmt":"2024-07-13T13:25:22","slug":"sports-fencing","status":"publish","type":"product","link":"https:\/\/arturf.com\/it\/product\/sports-fencing\/","title":{"rendered":"Recinzione sportiva"},"content":{"rendered":"<div class=\"row\"  id=\"row-1287217788\">\n\n\t<div id=\"col-125969331\" class=\"col small-12 large-12\"  >\n\t\t\t\t<div class=\"col-inner\"  >\n\t\t\t\n\t\t\t\n<p>Noi di Arturf ci dedichiamo a fornire soluzioni di alta qualit\u00e0 per gli impianti sportivi. Oltre alla nostra erba artificiale di alta qualit\u00e0, offriamo recinzioni sportive e pali per recinzioni di alta qualit\u00e0 in collaborazione con produttori rinomati. Le nostre recinzioni sportive sono progettate per garantire sicurezza, durata e aspetto estetico per varie applicazioni. Qui presentiamo i nostri prodotti per recinzioni sportive:<\/p>\n<h3>Recinzione a catena \u2013 Recinzione metallica rivestita in PE\/PVC di alta qualit\u00e0<\/h3>\n<p>La nostra recinzione a maglie di catena \u00e8 una recinzione metallica rivestita in PE\/PVC di qualit\u00e0 superiore, conosciuta con vari nomi come rete metallica, recinzione in rete metallica, recinzione in filo metallico, recinzione ciclonica, recinzione uragano o recinzione a maglia romboidale. \u00c8 la scelta ideale per le recinzioni dei campi sportivi, in particolare nelle aree in cui \u00e8 fondamentale un&#039;elevata resistenza agli urti, alla corrosione e all&#039;umidit\u00e0. Costruite in acciaio dolce, acciaio inossidabile o filo di ferro, queste recinzioni fungono da barriere sicure e sono ampiamente utilizzate nelle scuole, nei parchi, nei parchi giochi e nei campi da calcio per contenere le palle e proteggere le persone all&#039;esterno della recinzione.<\/p>\n<h4><strong>Caratteristiche principali:<\/strong><\/h4>\n<ul>\n<li>Resistenza, durata e flessibilit\u00e0 senza compromessi.<\/li>\n<li>Design accattivante con varie opzioni di colore.<\/li>\n<li>Perfetto per le recinzioni sportive che subiscono impatti consistenti con la palla, come campi da calcio, campi da tennis, reti da cricket e reti da baseball.<\/li>\n<li>Adatto per recinzioni domestiche e industriali che richiedono una resistenza superiore agli urti e alla corrosione.<\/li>\n<li>Si installa facilmente su terreni in terra o in cemento.<\/li>\n<li>Durevole, con manutenzione minima richiesta.<\/li>\n<\/ul>\n\n  \n    <div class=\"row large-columns-4 medium-columns-3 small-columns-2\" >\n  <div class=\"gallery-col col\" >\n          <div class=\"col-inner\">\n            <a class=\"image-lightbox lightbox-gallery\" href=\"https:\/\/arturf.com\/wp-content\/uploads\/2020\/09\/PE-coated-wire-mesh-fence-1024x768.jpg\" title=\"\">            <div class=\"box has-hover gallery-box box-overlay dark\">\n              <div class=\"box-image image-cover\" style=\"padding-top:75%;\">\n                <img loading=\"lazy\" decoding=\"async\" width=\"300\" height=\"225\" src=\"https:\/\/arturf.com\/wp-content\/uploads\/2020\/09\/PE-coated-wire-mesh-fence-300x225.jpg\" class=\"attachment-medium size-medium\" alt=\"\" ids=\"12746,19853,19859\" image_height=\"75%\" srcset=\"https:\/\/arturf.com\/wp-content\/uploads\/2020\/09\/PE-coated-wire-mesh-fence-300x225.jpg 300w, https:\/\/arturf.com\/wp-content\/uploads\/2020\/09\/PE-coated-wire-mesh-fence-1024x768.jpg 1024w, https:\/\/arturf.com\/wp-content\/uploads\/2020\/09\/PE-coated-wire-mesh-fence-200x150.jpg 200w, https:\/\/arturf.com\/wp-content\/uploads\/2020\/09\/PE-coated-wire-mesh-fence-768x576.jpg 768w, https:\/\/arturf.com\/wp-content\/uploads\/2020\/09\/PE-coated-wire-mesh-fence-16x12.jpg 16w, https:\/\/arturf.com\/wp-content\/uploads\/2020\/09\/PE-coated-wire-mesh-fence-350x263.jpg 350w, https:\/\/arturf.com\/wp-content\/uploads\/2020\/09\/PE-coated-wire-mesh-fence-510x383.jpg 510w, https:\/\/arturf.com\/wp-content\/uploads\/2020\/09\/PE-coated-wire-mesh-fence.jpg 1200w\" sizes=\"auto, (max-width: 300px) 100vw, 300px\" \/>                                  <div class=\"overlay fill\"\n                      style=\"background-color: rgba(0,0,0,.15)\">\n                  <\/div>\n                                                              <\/div>\n              <div class=\"box-text text-left\" >\n                 <p><\/p>\n              <\/div>\n            <\/div>\n            <\/a>          <\/div>\n         <\/div><div class=\"gallery-col col\" >\n          <div class=\"col-inner\">\n            <a class=\"image-lightbox lightbox-gallery\" href=\"https:\/\/arturf.com\/wp-content\/uploads\/2018\/08\/Easy-install-Sport-Fence.jpg\" title=\"\">            <div class=\"box has-hover gallery-box box-overlay dark\">\n              <div class=\"box-image image-cover\" style=\"padding-top:75%;\">\n                <img loading=\"lazy\" decoding=\"async\" width=\"500\" height=\"500\" src=\"https:\/\/arturf.com\/wp-content\/uploads\/2018\/08\/Easy-install-Sport-Fence-500x500.jpg\" class=\"attachment-medium size-medium\" alt=\"\" ids=\"12746,19853,19859\" image_height=\"75%\" srcset=\"https:\/\/arturf.com\/wp-content\/uploads\/2018\/08\/Easy-install-Sport-Fence-500x500.jpg 500w, https:\/\/arturf.com\/wp-content\/uploads\/2018\/08\/Easy-install-Sport-Fence-768x768.jpg 768w, https:\/\/arturf.com\/wp-content\/uploads\/2018\/08\/Easy-install-Sport-Fence-12x12.jpg 12w, https:\/\/arturf.com\/wp-content\/uploads\/2018\/08\/Easy-install-Sport-Fence-510x510.jpg 510w, https:\/\/arturf.com\/wp-content\/uploads\/2018\/08\/Easy-install-Sport-Fence-100x100.jpg 100w, https:\/\/arturf.com\/wp-content\/uploads\/2018\/08\/Easy-install-Sport-Fence.jpg 960w\" sizes=\"auto, (max-width: 500px) 100vw, 500px\" \/>                                  <div class=\"overlay fill\"\n                      style=\"background-color: rgba(0,0,0,.15)\">\n                  <\/div>\n                                                              <\/div>\n              <div class=\"box-text text-left\" >\n                 <p><\/p>\n              <\/div>\n            <\/div>\n            <\/a>          <\/div>\n         <\/div><div class=\"gallery-col col\" >\n          <div class=\"col-inner\">\n            <a class=\"image-lightbox lightbox-gallery\" href=\"https:\/\/arturf.com\/wp-content\/uploads\/2018\/08\/Secure-chain-link-fence-by-inserting-steel-bars-1-1.jpg\" title=\"\">            <div class=\"box has-hover gallery-box box-overlay dark\">\n              <div class=\"box-image image-cover\" style=\"padding-top:75%;\">\n                <img loading=\"lazy\" decoding=\"async\" width=\"500\" height=\"454\" src=\"https:\/\/arturf.com\/wp-content\/uploads\/2018\/08\/Secure-chain-link-fence-by-inserting-steel-bars-1-1-500x454.jpg\" class=\"attachment-medium size-medium\" alt=\"\" ids=\"12746,19853,19859\" image_height=\"75%\" srcset=\"https:\/\/arturf.com\/wp-content\/uploads\/2018\/08\/Secure-chain-link-fence-by-inserting-steel-bars-1-1-500x454.jpg 500w, https:\/\/arturf.com\/wp-content\/uploads\/2018\/08\/Secure-chain-link-fence-by-inserting-steel-bars-1-1-768x697.jpg 768w, https:\/\/arturf.com\/wp-content\/uploads\/2018\/08\/Secure-chain-link-fence-by-inserting-steel-bars-1-1-13x12.jpg 13w, https:\/\/arturf.com\/wp-content\/uploads\/2018\/08\/Secure-chain-link-fence-by-inserting-steel-bars-1-1-510x463.jpg 510w, https:\/\/arturf.com\/wp-content\/uploads\/2018\/08\/Secure-chain-link-fence-by-inserting-steel-bars-1-1.jpg 790w\" sizes=\"auto, (max-width: 500px) 100vw, 500px\" \/>                                  <div class=\"overlay fill\"\n                      style=\"background-color: rgba(0,0,0,.15)\">\n                  <\/div>\n                                                              <\/div>\n              <div class=\"box-text text-left\" >\n                 <p><\/p>\n              <\/div>\n            <\/div>\n            <\/a>          <\/div>\n         <\/div><\/div>\n\t\t<\/div>\n\t\t\t\t\t<\/div>\n\n\t\n<\/div>\n<div class=\"row\"  id=\"row-1350666175\">\n\n\t<div id=\"col-1488682558\" class=\"col small-12 large-12\"  >\n\t\t\t\t<div class=\"col-inner\"  >\n\t\t\t\n\t\t\t\n<h3><span style=\"font-size: 20.16px;\">Recinzione con pannelli in rete saldata 2D<\/span><\/h3>\n<p>La recinzione a pannelli in rete saldata 2D, nota anche come recinzione in rete metallica doppia, recinzione in rete metallica doppia o recinzione a pannelli 2D, \u00e8 realizzata con filo di acciaio inossidabile a basso tenore di carbonio di alta qualit\u00e0. Dotata di un filo verticale e due fili orizzontali, questa recinzione offre una maggiore resistenza rispetto ai pannelli di recinzione saldati standard. \u00c8 ideale per proteggere il perimetro di strutture commerciali, industriali, educative e sportive.<\/p>\n<h4>Caratteristiche principali:<\/h4>\n<ul>\n<li>Disponibile nei modelli con parte superiore piatta e parte superiore ad arco.<\/li>\n<li>Doppi fili orizzontali saldati al filo verticale per una maggiore rigidit\u00e0.<\/li>\n<li>Ampie aperture in rete per un&#039;elevata visibilit\u00e0 e un&#039;eccellente sicurezza.<\/li>\n<li>Prezzi competitivi con alta qualit\u00e0, rigidit\u00e0 e lunga durata.<\/li>\n<li>Superficie zincata o verniciata a polvere per un&#039;eccellente resistenza alla ruggine e alla corrosione.<\/li>\n<li>Progettato per resistere a varie condizioni ambientali difficili.<\/li>\n<li>Richiede una manutenzione minima grazie alla sua struttura robusta.<\/li>\n<\/ul>\n\n  \n    <div class=\"row large-columns-4 medium-columns-3 small-columns-2\" >\n  <div class=\"gallery-col col\" >\n          <div class=\"col-inner\">\n            <a class=\"image-lightbox lightbox-gallery\" href=\"https:\/\/arturf.com\/wp-content\/uploads\/2018\/08\/2D-Welded-Mesh-Fence-01.jpg\" title=\"\">            <div class=\"box has-hover gallery-box box-overlay dark\">\n              <div class=\"box-image image-cover\" style=\"padding-top:75%;\">\n                <img loading=\"lazy\" decoding=\"async\" width=\"500\" height=\"500\" src=\"https:\/\/arturf.com\/wp-content\/uploads\/2018\/08\/2D-Welded-Mesh-Fence-01-500x500.jpg\" class=\"attachment-medium size-medium\" alt=\"\" ids=\"19855,19858,19857\" image_height=\"75%\" srcset=\"https:\/\/arturf.com\/wp-content\/uploads\/2018\/08\/2D-Welded-Mesh-Fence-01-500x500.jpg 500w, https:\/\/arturf.com\/wp-content\/uploads\/2018\/08\/2D-Welded-Mesh-Fence-01-12x12.jpg 12w, https:\/\/arturf.com\/wp-content\/uploads\/2018\/08\/2D-Welded-Mesh-Fence-01-510x510.jpg 510w, https:\/\/arturf.com\/wp-content\/uploads\/2018\/08\/2D-Welded-Mesh-Fence-01-100x100.jpg 100w, https:\/\/arturf.com\/wp-content\/uploads\/2018\/08\/2D-Welded-Mesh-Fence-01.jpg 550w\" sizes=\"auto, (max-width: 500px) 100vw, 500px\" \/>                                  <div class=\"overlay fill\"\n                      style=\"background-color: rgba(0,0,0,.15)\">\n                  <\/div>\n                                                              <\/div>\n              <div class=\"box-text text-left\" >\n                 <p><\/p>\n              <\/div>\n            <\/div>\n            <\/a>          <\/div>\n         <\/div><div class=\"gallery-col col\" >\n          <div class=\"col-inner\">\n            <a class=\"image-lightbox lightbox-gallery\" href=\"https:\/\/arturf.com\/wp-content\/uploads\/2018\/08\/2D-Welded-Mesh-Fence-02-1-865x1024.jpg\" title=\"\">            <div class=\"box has-hover gallery-box box-overlay dark\">\n              <div class=\"box-image image-cover\" style=\"padding-top:75%;\">\n                <img loading=\"lazy\" decoding=\"async\" width=\"423\" height=\"500\" src=\"https:\/\/arturf.com\/wp-content\/uploads\/2018\/08\/2D-Welded-Mesh-Fence-02-1-423x500.jpg\" class=\"attachment-medium size-medium\" alt=\"\" ids=\"19855,19858,19857\" image_height=\"75%\" srcset=\"https:\/\/arturf.com\/wp-content\/uploads\/2018\/08\/2D-Welded-Mesh-Fence-02-1-423x500.jpg 423w, https:\/\/arturf.com\/wp-content\/uploads\/2018\/08\/2D-Welded-Mesh-Fence-02-1-865x1024.jpg 865w, https:\/\/arturf.com\/wp-content\/uploads\/2018\/08\/2D-Welded-Mesh-Fence-02-1-768x909.jpg 768w, https:\/\/arturf.com\/wp-content\/uploads\/2018\/08\/2D-Welded-Mesh-Fence-02-1-1298x1536.jpg 1298w, https:\/\/arturf.com\/wp-content\/uploads\/2018\/08\/2D-Welded-Mesh-Fence-02-1-1731x2048.jpg 1731w, https:\/\/arturf.com\/wp-content\/uploads\/2018\/08\/2D-Welded-Mesh-Fence-02-1-10x12.jpg 10w, https:\/\/arturf.com\/wp-content\/uploads\/2018\/08\/2D-Welded-Mesh-Fence-02-1-510x604.jpg 510w, https:\/\/arturf.com\/wp-content\/uploads\/2018\/08\/2D-Welded-Mesh-Fence-02-1.jpg 1920w\" sizes=\"auto, (max-width: 423px) 100vw, 423px\" \/>                                  <div class=\"overlay fill\"\n                      style=\"background-color: rgba(0,0,0,.15)\">\n                  <\/div>\n                                                              <\/div>\n              <div class=\"box-text text-left\" >\n                 <p><\/p>\n              <\/div>\n            <\/div>\n            <\/a>          <\/div>\n         <\/div><div class=\"gallery-col col\" >\n          <div class=\"col-inner\">\n            <a class=\"image-lightbox lightbox-gallery\" href=\"https:\/\/arturf.com\/wp-content\/uploads\/2018\/08\/2D-Welded-Mesh-Fence-03-1024x768.jpg\" title=\"\">            <div class=\"box has-hover gallery-box box-overlay dark\">\n              <div class=\"box-image image-cover\" style=\"padding-top:75%;\">\n                <img loading=\"lazy\" decoding=\"async\" width=\"500\" height=\"375\" src=\"https:\/\/arturf.com\/wp-content\/uploads\/2018\/08\/2D-Welded-Mesh-Fence-03-500x375.jpg\" class=\"attachment-medium size-medium\" alt=\"\" ids=\"19855,19858,19857\" image_height=\"75%\" srcset=\"https:\/\/arturf.com\/wp-content\/uploads\/2018\/08\/2D-Welded-Mesh-Fence-03-500x375.jpg 500w, https:\/\/arturf.com\/wp-content\/uploads\/2018\/08\/2D-Welded-Mesh-Fence-03-1024x768.jpg 1024w, https:\/\/arturf.com\/wp-content\/uploads\/2018\/08\/2D-Welded-Mesh-Fence-03-200x150.jpg 200w, https:\/\/arturf.com\/wp-content\/uploads\/2018\/08\/2D-Welded-Mesh-Fence-03-768x576.jpg 768w, https:\/\/arturf.com\/wp-content\/uploads\/2018\/08\/2D-Welded-Mesh-Fence-03-1536x1152.jpg 1536w, https:\/\/arturf.com\/wp-content\/uploads\/2018\/08\/2D-Welded-Mesh-Fence-03-2048x1536.jpg 2048w, https:\/\/arturf.com\/wp-content\/uploads\/2018\/08\/2D-Welded-Mesh-Fence-03-16x12.jpg 16w, https:\/\/arturf.com\/wp-content\/uploads\/2018\/08\/2D-Welded-Mesh-Fence-03-350x263.jpg 350w, https:\/\/arturf.com\/wp-content\/uploads\/2018\/08\/2D-Welded-Mesh-Fence-03-510x383.jpg 510w\" sizes=\"auto, (max-width: 500px) 100vw, 500px\" \/>                                  <div class=\"overlay fill\"\n                      style=\"background-color: rgba(0,0,0,.15)\">\n                  <\/div>\n                                                              <\/div>\n              <div class=\"box-text text-left\" >\n                 <p><\/p>\n              <\/div>\n            <\/div>\n            <\/a>          <\/div>\n         <\/div><\/div>\n\t\t<\/div>\n\t\t\t\t\t<\/div>\n\n\t\n<\/div>\n<div class=\"row\"  id=\"row-339684705\">\n\n\t<div id=\"col-2099655949\" class=\"col small-12 large-12\"  >\n\t\t\t\t<div class=\"col-inner\"  >\n\t\t\t\n\t\t\t\n<h3><span style=\"font-size: 20.16px;\">Pali di recinzione<\/span><\/h3>\n<p>Oltre alle nostre recinzioni sportive, forniamo una gamma di pali per recinzioni di alta qualit\u00e0 progettati per integrare e supportare i nostri sistemi di recinzione. I nostri pali per recinzione sono realizzati con materiali durevoli, garantendo che forniscano un supporto affidabile e aumentino la longevit\u00e0 della recinzione. I pali possono essere sia a tubo tondo che a tubo quadrato, offrendo versatilit\u00e0 per soddisfare diverse esigenze di progettazione e installazione.<\/p>\n<h4>Caratteristiche principali:<\/h4>\n<ul>\n<li>Realizzato con materiali di alta qualit\u00e0 per una maggiore durata.<\/li>\n<li>Disponibili con design a tubo tondo o tubo quadrato.<\/li>\n<li>Progettato per fornire un forte supporto a vari tipi di recinzioni.<\/li>\n<li>Resistente alla corrosione e all&#039;usura ambientale.<\/li>\n<li>Disponibili in varie dimensioni e stili per soddisfare le diverse esigenze di scherma.<\/li>\n<li>Facile da installare e mantenere.<\/li>\n<\/ul>\n<h3>Soluzioni ottimizzate per la scherma sportiva<\/h3>\n<p>Nella costruzione di impianti sportivi \u00e8 fondamentale raggiungere il rapporto costo-efficacia senza sacrificare la qualit\u00e0. Noi di Arturf forniamo soluzioni durevoli e convenienti combinando diversi tipi di recinzioni per soddisfare in modo efficiente i requisiti del progetto.<\/p>\n<h4>Altezze comuni e combinazioni economiche<\/h4>\n<p>Le altezze tipiche delle recinzioni sportive sono 4 e 6 metri. Per ottimizzare i costi, spesso combiniamo due tipi di recinzione. Per una recinzione da calcio alta 4 metri, gli esempi includono:<\/p>\n<ul>\n<li>Recinzione con pannelli in rete saldata 2D alta 2 m (in basso) + Recinzione con maglie di catena alta 2 m (in alto)<\/li>\n<li>Recinzione con pannelli in rete saldata 2D alta 2 m (in basso) + rete in polietilene da 2 m (in alto)<\/li>\n<li>Recinzione a catena alta 2 m (in basso) + 2 m <a href=\"https:\/\/arturf.com\/it\/product\/sport-netting-barrier\/\">Rete in polietilene<\/a> (Superiore)<\/li>\n<\/ul>\n<p>Queste combinazioni garantiscono una solida sicurezza e durata a un costo inferiore.<\/p>\n<hr \/>\n<p>Ampliamo continuamente la nostra gamma di prodotti per offrire pi\u00f9 opzioni di recinzione. Per ulteriori informazioni sui nostri prodotti per recinzioni sportive o per richiedere un preventivo, contattateci all&#039;indirizzo info@arturf.com. Lascia che Arturf ti aiuti a creare un ambiente sicuro ed esteticamente gradevole per i tuoi impianti sportivi.<\/p>\n\t\t<\/div>\n\t\t\t\t\t<\/div>\n\n\t\n<\/div>","protected":false},"excerpt":{"rendered":"<p>Esplora la gamma Arturf di recinzioni sportive di alta qualit\u00e0, comprese recinzioni a catena rivestite in PE\/PVC e recinzioni in rete saldata 2D. Ulteriori opzioni disponibili su richiesta per soluzioni su misura per soddisfare le esigenze del vostro impianto sportivo.<\/p>","protected":false},"featured_media":14465,"template":"","meta":{"_seopress_robots_primary_cat":"","_seopress_titles_title":"","_seopress_titles_desc":"","_seopress_robots_index":""},"product_brand":[],"product_cat":[66],"product_tag":[],"class_list":{"0":"post-6882","1":"product","2":"type-product","3":"status-publish","4":"has-post-thumbnail","6":"product_cat-accessories","8":"first","9":"instock","10":"shipping-taxable","11":"product-type-simple"},"_links":{"self":[{"href":"https:\/\/arturf.com\/it\/wp-json\/wp\/v2\/product\/6882","targetHints":{"allow":["GET"]}}],"collection":[{"href":"https:\/\/arturf.com\/it\/wp-json\/wp\/v2\/product"}],"about":[{"href":"https:\/\/arturf.com\/it\/wp-json\/wp\/v2\/types\/product"}],"wp:featuredmedia":[{"embeddable":true,"href":"https:\/\/arturf.com\/it\/wp-json\/wp\/v2\/media\/14465"}],"wp:attachment":[{"href":"https:\/\/arturf.com\/it\/wp-json\/wp\/v2\/media?parent=6882"}],"wp:term":[{"taxonomy":"product_brand","embeddable":true,"href":"https:\/\/arturf.com\/it\/wp-json\/wp\/v2\/product_brand?post=6882"},{"taxonomy":"product_cat","embeddable":true,"href":"https:\/\/arturf.com\/it\/wp-json\/wp\/v2\/product_cat?post=6882"},{"taxonomy":"product_tag","embeddable":true,"href":"https:\/\/arturf.com\/it\/wp-json\/wp\/v2\/product_tag?post=6882"}],"curies":[{"name":"parola chiave","href":"https:\/\/api.w.org\/{rel}","templated":true}]}}