{"id":7820,"date":"2019-01-14T02:16:13","date_gmt":"2019-01-14T02:16:13","guid":{"rendered":"https:\/\/arturf.com\/?post_type=product&#038;p=7820"},"modified":"2022-07-02T21:43:47","modified_gmt":"2022-07-02T13:43:47","slug":"self-adhesive-seam-tape","status":"publish","type":"product","link":"https:\/\/arturf.com\/it\/product\/self-adhesive-seam-tape\/","title":{"rendered":"Nastro adesivo autoadesivo"},"content":{"rendered":"<p>EasyTape \u00e8 un nastro autoadesivo sensibile alla pressione progettato per le aree di svago. Con l&#039;adesivo e il nastro gi\u00e0 combinati, questa \u00e8 la pi\u00f9 semplice e rapida delle opzioni di cucitura.<\/p>\n\t<div class=\"img has-hover x md-x lg-x y md-y lg-y\" id=\"image_1775400305\">\n\t\t\t\t\t\t\t\t<div class=\"img-inner dark\" >\n\t\t\t<img loading=\"lazy\" decoding=\"async\" width=\"1000\" height=\"574\" src=\"https:\/\/arturf.com\/wp-content\/uploads\/2019\/12\/ARTURF-self-adhesive-seam-tape-easy-install.jpg\" class=\"attachment-large size-large\" alt=\"\" srcset=\"https:\/\/arturf.com\/wp-content\/uploads\/2019\/12\/ARTURF-self-adhesive-seam-tape-easy-install.jpg 1000w, https:\/\/arturf.com\/wp-content\/uploads\/2019\/12\/ARTURF-self-adhesive-seam-tape-easy-install-300x172.jpg 300w, https:\/\/arturf.com\/wp-content\/uploads\/2019\/12\/ARTURF-self-adhesive-seam-tape-easy-install-768x441.jpg 768w, https:\/\/arturf.com\/wp-content\/uploads\/2019\/12\/ARTURF-self-adhesive-seam-tape-easy-install-18x10.jpg 18w, https:\/\/arturf.com\/wp-content\/uploads\/2019\/12\/ARTURF-self-adhesive-seam-tape-easy-install-510x293.jpg 510w\" sizes=\"auto, (max-width: 1000px) 100vw, 1000px\" \/>\t\t\t\t\t\t\n\t\t\t\t\t<\/div>\n\t\t\t\t\t\t\t\t\n<style>\n#image_1775400305 {\n  width: 80%;\n}\n<\/style>\n\t<\/div>\n\t\n<h4><strong>Metodi di applicazione<\/strong><\/h4>\n<ul>\n<li style=\"list-style-type: none;\">\n<ul>\n<li class=\"bullet-checkmark bullet-arrow\">Stendi l&#039;erba artificiale in strisce parallele in modo che i bordi si tocchino.<\/li>\n<li class=\"bullet-checkmark bullet-arrow\">Piega i bordi indietro e installa il nastro tra i rotoli dove la cucitura sar\u00e0 piegata, con il lato adesivo rivolto verso l&#039;alto.<\/li>\n<li class=\"bullet-checkmark bullet-arrow\">Ripiega i bordi sul nastro. Assicurarsi che le fibre dell&#039;erba non tocchino la superficie dell&#039;adesivo, premere saldamente la cucitura.<\/li>\n<li class=\"bullet-checkmark bullet-arrow\">Lasciare le cuciture appesantite con assi o simili per 24 ore prima di utilizzare la superficie.<\/li>\n<\/ul>\n<\/li>\n<\/ul>\n<div class=\"row\"  id=\"row-603814399\">\n\n\t<div id=\"col-2142311207\" class=\"col medium-6 small-12 large-6\"  >\n\t\t\t\t<div class=\"col-inner\"  >\n\t\t\t\n\t\t\t\n<div class=\"video video-fit mb\" style=\"padding-top:56.25%;\"><p><iframe loading=\"lazy\" title=\"Nastro adesivo autoadesivo per installazione su erba artificiale\" width=\"1020\" height=\"574\" src=\"https:\/\/www.youtube.com\/embed\/9cIFHRVDGTQ?feature=oembed\" frameborder=\"0\" allow=\"accelerometer; autoplay; clipboard-write; encrypted-media; gyroscope; picture-in-picture; web-share\" referrerpolicy=\"strict-origin-when-cross-origin\" allowfullscreen><\/iframe><\/p>\n<\/div>\n\t\t<\/div>\n\t\t\t\t\t<\/div>\n\n\t\n<\/div>\n\t<div id=\"gap-488619056\" class=\"gap-element clearfix\" style=\"display:block; height:auto;\">\n\t\t\n<style>\n#gap-488619056 {\n  padding-top: 30px;\n}\n<\/style>\n\t<\/div>\n\t\n<h4>Caratteristiche del nastro adesivo autoadesivo<\/h4>\n<ul>\n<li class=\"bullet-checkmark\">\u00a0<strong>Facile da usare:<\/strong> Il modo tradizionale per unire due pezzi di erba artificiale \u00e8 quello di utilizzare <a href=\"https:\/\/arturf.com\/it\/product\/artificial-grass-adhesive\/\">adesivo \/ colla<\/a> e <a href=\"https:\/\/arturf.com\/it\/product\/artificial-grass-seaming-tape\/\">nastro per giunture<\/a>. Il nastro autoadesivo consente di risparmiare tempo e lavoro. Hai solo bisogno di rimuovere la pellicola in PE e attaccare alla parte posteriore del corridore in erba sintetica per cucire il tappeto erboso.<\/li>\n<li class=\"bullet-checkmark\"><strong>Forte adesione:<\/strong> rivestito con adesivo acrilico di alta qualit\u00e0. Con forte adesione, caratteristiche antiscivolo e impermeabili.<\/li>\n<li class=\"bullet-checkmark\"><strong>Durevole e di lunga durata:<\/strong> Dopo aver cucito l&#039;erba artificiale, il nastro funziona per 6-8 anni. Grandi propriet\u00e0 di autoadesivit\u00e0, nessuna facile fuoriuscita durante l&#039;uso, garantendo un lungo tempo di servizio.<\/li>\n<li class=\"bullet-checkmark\"><strong>Multiuso:<\/strong> Ideale per applicazioni paesaggistiche come patio, decorazione di pavimenti, giardino, asilo nido, balcone, ingresso e area per cani da compagnia.<\/li>\n<\/ul>\n\t<div class=\"img has-hover x md-x lg-x y md-y lg-y\" id=\"image_1681971993\">\n\t\t\t\t\t\t\t\t<div class=\"img-inner dark\" >\n\t\t\t<img loading=\"lazy\" decoding=\"async\" width=\"1500\" height=\"1500\" src=\"https:\/\/arturf.com\/wp-content\/uploads\/2019\/12\/Features-of-ARTURF-self-adhesive-seaming-tape.jpg\" class=\"attachment-original size-original\" alt=\"\" srcset=\"https:\/\/arturf.com\/wp-content\/uploads\/2019\/12\/Features-of-ARTURF-self-adhesive-seaming-tape.jpg 1500w, https:\/\/arturf.com\/wp-content\/uploads\/2019\/12\/Features-of-ARTURF-self-adhesive-seaming-tape-300x300.jpg 300w, https:\/\/arturf.com\/wp-content\/uploads\/2019\/12\/Features-of-ARTURF-self-adhesive-seaming-tape-1024x1024.jpg 1024w, https:\/\/arturf.com\/wp-content\/uploads\/2019\/12\/Features-of-ARTURF-self-adhesive-seaming-tape-768x768.jpg 768w, https:\/\/arturf.com\/wp-content\/uploads\/2019\/12\/Features-of-ARTURF-self-adhesive-seaming-tape-12x12.jpg 12w, https:\/\/arturf.com\/wp-content\/uploads\/2019\/12\/Features-of-ARTURF-self-adhesive-seaming-tape-510x510.jpg 510w, https:\/\/arturf.com\/wp-content\/uploads\/2019\/12\/Features-of-ARTURF-self-adhesive-seaming-tape-100x100.jpg 100w\" sizes=\"auto, (max-width: 1500px) 100vw, 1500px\" \/>\t\t\t\t\t\t\n\t\t\t\t\t<\/div>\n\t\t\t\t\t\t\t\t\n<style>\n#image_1681971993 {\n  width: 75%;\n}\n<\/style>\n\t<\/div>","protected":false},"excerpt":{"rendered":"<p>Il nostro nastro adesivo autoadesivo (EasyTape) \u00e8 adesivo incluso \/ pre-rivestito. \u00c8 molto comodo da usare, ideale per applicazioni paesaggistiche come patio, decorazione del pavimento, giardino, asilo nido, balcone, ingresso e area per cani da compagnia.<\/p>\n<p>Il nastro adesivo autoadesivo \u00e8 facile da usare e confezionato come un singolo rotolo.<\/p>","protected":false},"featured_media":7822,"template":"","meta":{"_seopress_robots_primary_cat":"","_seopress_titles_title":"","_seopress_titles_desc":"Our self-adhesive seam tape \u2018TURF-FIX\u2019 is adhesive included\/pre-coated. It is very convenient to use, Ideal for landscape applications.","_seopress_robots_index":""},"product_brand":[],"product_cat":[66],"product_tag":[],"class_list":{"0":"post-7820","1":"product","2":"type-product","3":"status-publish","4":"has-post-thumbnail","6":"product_cat-accessories","8":"first","9":"instock","10":"shipping-taxable","11":"product-type-simple"},"_links":{"self":[{"href":"https:\/\/arturf.com\/it\/wp-json\/wp\/v2\/product\/7820","targetHints":{"allow":["GET"]}}],"collection":[{"href":"https:\/\/arturf.com\/it\/wp-json\/wp\/v2\/product"}],"about":[{"href":"https:\/\/arturf.com\/it\/wp-json\/wp\/v2\/types\/product"}],"wp:featuredmedia":[{"embeddable":true,"href":"https:\/\/arturf.com\/it\/wp-json\/wp\/v2\/media\/7822"}],"wp:attachment":[{"href":"https:\/\/arturf.com\/it\/wp-json\/wp\/v2\/media?parent=7820"}],"wp:term":[{"taxonomy":"product_brand","embeddable":true,"href":"https:\/\/arturf.com\/it\/wp-json\/wp\/v2\/product_brand?post=7820"},{"taxonomy":"product_cat","embeddable":true,"href":"https:\/\/arturf.com\/it\/wp-json\/wp\/v2\/product_cat?post=7820"},{"taxonomy":"product_tag","embeddable":true,"href":"https:\/\/arturf.com\/it\/wp-json\/wp\/v2\/product_tag?post=7820"}],"curies":[{"name":"parola chiave","href":"https:\/\/api.w.org\/{rel}","templated":true}]}}