{"id":8372,"date":"2019-02-02T04:32:49","date_gmt":"2019-02-02T04:32:49","guid":{"rendered":"https:\/\/arturf.com\/?post_type=product&#038;p=8372"},"modified":"2021-09-01T11:07:37","modified_gmt":"2021-09-01T03:07:37","slug":"nail-staple","status":"publish","type":"product","link":"https:\/\/arturf.com\/it\/product\/nail-staple\/","title":{"rendered":"Nail \/ Staple"},"content":{"rendered":"<h3>Unghia di erba artificiale<\/h3>\n<p>I chiodi vengono utilizzati per fissare il perimetro e il campo di un&#039;installazione in erba artificiale. Lo scopo principale delle unghie per erba artificiale \u00e8 quello di mantenere il tappeto erboso in posizione resistendo allo scivolamento e al sollevamento. Allo stesso tempo, pu\u00f2 ridurre l&#039;espansione termica e il restringimento a freddo dell&#039;erba artificiale.<\/p>\n<p><em>Nota: \u00e8 necessario utilizzare <a href=\"https:\/\/arturf.com\/it\/product\/artificial-grass-seaming-tape\/\">nastro per giunture<\/a> e <a href=\"https:\/\/arturf.com\/it\/product\/artificial-grass-adhesive\/\">adesivo<\/a> per unire prima l&#039;erba.<\/em><\/p>\n<p><strong>Tecnologia di elaborazione:\u00a0<\/strong>Elettrozincatura<br \/><strong>Lunghezza: <\/strong>15 cm (consigliato), 20 cm \/ (6 pollici, 8 pollici)<br \/><strong>=<\/strong>5,0 mm, 5,8 mm<\/p>\n<h3>Pinza per erba artificiale (pin a U)<\/h3>\n<p>Le graffette per erba artificiale vengono utilizzate nel processo di installazione in sostituzione della colla e del nastro adesivo. Le graffette fanno risparmiare tempo durante il processo di installazione.<\/p>\n<p><strong>Tecnologia di elaborazione: <\/strong>Elettrozincatura<br \/><strong>Lunghezza:<\/strong> 15 cm (6 pollici)<br \/><strong>=<\/strong>2,8 mm, 3,0 mm<\/p>\n<h4><em>Ulteriori letture: graffette o colla? Qual \u00e8 la soluzione migliore?<\/em><\/h4>\n<p><em>Si consiglia di utilizzare nastro adesivo e colla per unire prima i campi in erba artificiale. Quindi, se la base non \u00e8 in cemento e non ha molta ghiaia e pietre, puoi usare i chiodi per fissare il perimetro e il campo di un&#039;installazione in erba artificiale.<\/em><\/p>\n<p><em>Se la base coinvolge i materiali di sottofondo pi\u00f9 duri, le graffette si piegheranno a causa delle caratteristiche non flessibili del sottofondo e successivamente faranno muovere la cucitura del tappeto erboso artificiale, allora le giunture saranno visibili all&#039;occhio.<\/em><\/p>\n\n\t<section class=\"section\" id=\"section_422431005\">\n\t\t<div class=\"section-bg fill\" >\n\t\t\t\t\t\t\t\t\t\n\t\t\t\n\n\t\t<\/div>\n\n\t\t\n\n\t\t<div class=\"section-content relative\">\n\t\t\t\n\n<div class=\"row\"  id=\"row-978711531\">\n\n\n\t<div id=\"col-115159952\" class=\"col small-12 large-12\"  >\n\t\t\t\t<div class=\"col-inner text-center\"  >\n\t\t\t\n\t\t\t\n\n<h2>Domande frequenti<\/h2>\n\n\t\t<\/div>\n\t\t\t\t\t<\/div>\n\n\t\n\n<\/div>\n<div class=\"row align-center row-box-shadow-1\"  id=\"row-1851131187\">\n\n\n\t<div id=\"col-533298837\" class=\"col medium-10 small-12 large-9\"  >\n\t\t\t\t<div class=\"col-inner\" style=\"background-color:rgb(255,255,255);\" >\n\t\t\t\n\t\t\t\n\n<div class=\"accordion\">\n\n\t<div id=\"accordion-2819461811\" class=\"accordion-item\">\n\t\t<a id=\"accordion-2819461811-label\" class=\"accordion-title plain\" href=\"#accordion-item-can-you-customize-specifications-for-your-artificial-turf-products?\" aria-expanded=\"false\" aria-controls=\"accordion-2819461811-content\">\n\t\t\t<button class=\"toggle\" aria-label=\"Attiva\/Disattiva\"><i class=\"icon-angle-down\" aria-hidden=\"true\"><\/i><\/button>\n\t\t\t<span>Potete personalizzare le specifiche per i vostri prodotti in erba sintetica?<\/span>\n\t\t<\/a>\n\t\t<div id=\"accordion-2819461811-content\" class=\"accordion-inner\" aria-labelledby=\"accordion-2819461811-label\">\n\t\t\t\n\n<p>S\u00ec, offriamo opzioni di personalizzazione per colore, forma del filato, altezza del pelo, densit\u00e0 e supporto. Possiamo anche produrre secondo un campione fornito.<\/p>\n\n\t\t<\/div>\n\t<\/div>\n\t\n\t<div id=\"accordion-391695899\" class=\"accordion-item\">\n\t\t<a id=\"accordion-391695899-label\" class=\"accordion-title plain\" href=\"#accordion-item-do-you-have-stock?\" aria-expanded=\"false\" aria-controls=\"accordion-391695899-content\">\n\t\t\t<button class=\"toggle\" aria-label=\"Attiva\/Disattiva\"><i class=\"icon-angle-down\" aria-hidden=\"true\"><\/i><\/button>\n\t\t\t<span>Hai scorte?<\/span>\n\t\t<\/a>\n\t\t<div id=\"accordion-391695899-content\" class=\"accordion-inner\" aria-labelledby=\"accordion-391695899-label\">\n\t\t\t\n\n<p>No, non teniamo stock. Iniziamo la produzione sulla base di ordini specifici.<\/p>\n\n\t\t<\/div>\n\t<\/div>\n\t\n\t<div id=\"accordion-4065965450\" class=\"accordion-item\">\n\t\t<a id=\"accordion-4065965450-label\" class=\"accordion-title plain\" href=\"#accordion-item-what-is-your-moq?\" aria-expanded=\"false\" aria-controls=\"accordion-4065965450-content\">\n\t\t\t<button class=\"toggle\" aria-label=\"Attiva\/Disattiva\"><i class=\"icon-angle-down\" aria-hidden=\"true\"><\/i><\/button>\n\t\t\t<span>Qual \u00e8 il tuo MOQ?<\/span>\n\t\t<\/a>\n\t\t<div id=\"accordion-4065965450-content\" class=\"accordion-inner\" aria-labelledby=\"accordion-4065965450-label\">\n\t\t\t\n\n<p>Per la maggior parte dell&#039;erba artificiale, la nostra quantit\u00e0 minima d&#039;ordine (MOQ) \u00e8 di 500 metri quadrati. Per alcuni prodotti leggeri, il MOQ \u00e8 di 800 metri quadrati.<\/p>\n\n\t\t<\/div>\n\t<\/div>\n\t\n\t<div id=\"accordion-963059671\" class=\"accordion-item\">\n\t\t<a id=\"accordion-963059671-label\" class=\"accordion-title plain\" href=\"#accordion-item-what-are-the-width-and-length-options-for-artificial-grass?\" aria-expanded=\"false\" aria-controls=\"accordion-963059671-content\">\n\t\t\t<button class=\"toggle\" aria-label=\"Attiva\/Disattiva\"><i class=\"icon-angle-down\" aria-hidden=\"true\"><\/i><\/button>\n\t\t\t<span>Quali sono le opzioni di larghezza e lunghezza per l&#039;erba artificiale?<\/span>\n\t\t<\/a>\n\t\t<div id=\"accordion-963059671-content\" class=\"accordion-inner\" aria-labelledby=\"accordion-963059671-label\">\n\t\t\t\n\n<p>Le nostre opzioni di larghezza comuni sono 2 m, 3,75 m, 3,95 m, 4 m e 5 m. La lunghezza pu\u00f2 essere personalizzata in base alle specifiche esigenze del progetto. Per impostazione predefinita, mescoliamo un tappeto erboso largo 4 m e largo 2 m per ottimizzare lo spazio del container.<\/p>\n\n\t\t<\/div>\n\t<\/div>\n\t\n\t<div id=\"accordion-2715867542\" class=\"accordion-item\">\n\t\t<a id=\"accordion-2715867542-label\" class=\"accordion-title plain\" href=\"#accordion-item-what-information-do-you-need-to-provide-the-landed-cost-for-international-customers?\" aria-expanded=\"false\" aria-controls=\"accordion-2715867542-content\">\n\t\t\t<button class=\"toggle\" aria-label=\"Attiva\/Disattiva\"><i class=\"icon-angle-down\" aria-hidden=\"true\"><\/i><\/button>\n\t\t\t<span>Di quali informazioni hai bisogno per fornire il costo di spedizione per i clienti internazionali?<\/span>\n\t\t<\/a>\n\t\t<div id=\"accordion-2715867542-content\" class=\"accordion-inner\" aria-labelledby=\"accordion-2715867542-label\">\n\t\t\t\n\n<p>Per fornire il costo dello sbarco, abbiamo bisogno di informazioni sui dettagli del prodotto, sulla quantit\u00e0 e sul porto di destinazione.<\/p>\n\n\t\t<\/div>\n\t<\/div>\n\t\n\n<\/div>\n\n\t\t<\/div>\n\t\t\t\t\t<\/div>\n\n\t\n\n\n<style>\n#row-1851131187 > .col > .col-inner {\n  padding: 0px 0px 0px 0px;\n}\n@media (min-width:550px) {\n  #row-1851131187 > .col > .col-inner {\n    padding: 30px 30px 30px 30px;\n  }\n}\n<\/style>\n<\/div>\n\n\t\t<\/div>\n\n\t\t\n<style>\n#section_422431005 {\n  padding-top: 60px;\n  padding-bottom: 60px;\n}\n<\/style>\n\t<\/section>\n\t\n<div class=\"row align-center\"  id=\"row-1794524159\">\n\n\n\t<div id=\"col-1361537276\" class=\"col medium-4 large-4\"  >\n\t\t\t\t<div class=\"col-inner\"  >\n\t\t\t\n\t<div class=\"is-border\"\n\t\tstyle=\"border-width:0px 0px 0px 0px;\">\n\t<\/div>\n\t\t\t\n\n\n\t\t<div class=\"icon-box featured-box icon-box-center text-center\"  style=\"margin:0px 0px 0px 0px;\">\n\t\t\t\t\t<div class=\"icon-box-img has-icon-bg\" style=\"width: 100px\">\n\t\t\t\t<div class=\"icon\">\n\t\t\t\t\t<div class=\"icon-inner\" style=\"border-width:2px;color:rgba(47, 159, 18, 0.88);\">\n\t\t\t\t\t\t<img loading=\"lazy\" decoding=\"async\" width=\"100\" height=\"100\" src=\"https:\/\/arturf.com\/wp-content\/uploads\/2018\/06\/Icon-Good-quality.png\" class=\"attachment-medium size-medium\" alt=\"\" srcset=\"https:\/\/arturf.com\/wp-content\/uploads\/2018\/06\/Icon-Good-quality.png 100w, https:\/\/arturf.com\/wp-content\/uploads\/2018\/06\/Icon-Good-quality-12x12.png 12w\" sizes=\"auto, (max-width: 100px) 100vw, 100px\" \/>\t\t\t\t\t<\/div>\n\t\t\t\t<\/div>\n\t\t\t<\/div>\n\t\t\t\t<div class=\"icon-box-text last-reset\">\n\t\t\t<h5 class=\"uppercase\">Qualit\u00e0 comprovata<\/h5>\t\t\t\t\t\t\n\n<p>Erba artificiale premium con resistenza ai raggi UV e all&#039;usura. Solide garanzie assicurano una soddisfazione duratura.<\/p>\n\n\t\t<\/div>\n\t<\/div>\n\t\n\t\n\n\t\t<\/div>\n\t\t\t\t\t<\/div>\n\n\t\n\n\t<div id=\"col-413348913\" class=\"col medium-4 large-4\"  >\n\t\t\t\t<div class=\"col-inner\"  >\n\t\t\t\n\t<div class=\"is-border\"\n\t\tstyle=\"border-width:0px 0px 0px 0px;\">\n\t<\/div>\n\t\t\t\n\n\n\t\t<div class=\"icon-box featured-box icon-box-center text-center\"  style=\"margin:0px 0px 0px 0px;\">\n\t\t\t\t\t<div class=\"icon-box-img has-icon-bg\" style=\"width: 100px\">\n\t\t\t\t<div class=\"icon\">\n\t\t\t\t\t<div class=\"icon-inner\" style=\"border-width:2px;color:rgba(47, 159, 18, 0.88);\">\n\t\t\t\t\t\t<img loading=\"lazy\" decoding=\"async\" width=\"100\" height=\"100\" src=\"https:\/\/arturf.com\/wp-content\/uploads\/2018\/06\/Icon-Good-price.png\" class=\"attachment-medium size-medium\" alt=\"\" srcset=\"https:\/\/arturf.com\/wp-content\/uploads\/2018\/06\/Icon-Good-price.png 100w, https:\/\/arturf.com\/wp-content\/uploads\/2018\/06\/Icon-Good-price-12x12.png 12w\" sizes=\"auto, (max-width: 100px) 100vw, 100px\" \/>\t\t\t\t\t<\/div>\n\t\t\t\t<\/div>\n\t\t\t<\/div>\n\t\t\t\t<div class=\"icon-box-text last-reset\">\n\t\t\t<h5 class=\"uppercase\">Prezzi competitivi<\/h5>\t\t\t\t\t\t\n\n<p>Forniamo prezzi competitivi, favorendo la crescita reciproca e il successo a lungo termine con i nostri stimati rivenditori.<\/p>\n\n\t\t<\/div>\n\t<\/div>\n\t\n\t\n\n\t\t<\/div>\n\t\t\t\t\t<\/div>\n\n\t\n\n\t<div id=\"col-536246125\" class=\"col medium-4 large-4\"  >\n\t\t\t\t<div class=\"col-inner\"  >\n\t\t\t\n\t<div class=\"is-border\"\n\t\tstyle=\"border-width:0px 0px 0px 0px;\">\n\t<\/div>\n\t\t\t\n\n\n\t\t<div class=\"icon-box featured-box icon-box-center text-center\"  style=\"margin:0px 0px 0px 0px;\">\n\t\t\t\t\t<div class=\"icon-box-img has-icon-bg\" style=\"width: 100px\">\n\t\t\t\t<div class=\"icon\">\n\t\t\t\t\t<div class=\"icon-inner\" style=\"border-width:2px;color:rgba(47, 159, 18, 0.88);\">\n\t\t\t\t\t\t<img loading=\"lazy\" decoding=\"async\" width=\"100\" height=\"100\" src=\"https:\/\/arturf.com\/wp-content\/uploads\/2018\/06\/Icon-tailor-made.png\" class=\"attachment-medium size-medium\" alt=\"\" srcset=\"https:\/\/arturf.com\/wp-content\/uploads\/2018\/06\/Icon-tailor-made.png 100w, https:\/\/arturf.com\/wp-content\/uploads\/2018\/06\/Icon-tailor-made-12x12.png 12w\" sizes=\"auto, (max-width: 100px) 100vw, 100px\" \/>\t\t\t\t\t<\/div>\n\t\t\t\t<\/div>\n\t\t\t<\/div>\n\t\t\t\t<div class=\"icon-box-text last-reset\">\n\t\t\t<h5 class=\"uppercase\">Soluzioni personalizzate<\/h5>\t\t\t\t\t\t\n\n<p>Sblocca il potenziale di mercato con diverse opzioni di erba artificiale. <a href=\"https:\/\/arturf.com\/it\/buyers-guide\/customized-artificial-grass-products\/\">Su misura per esigenze o campioni unici<\/a>.<\/p>\n\n\t\t<\/div>\n\t<\/div>\n\t\n\t\n\n\t\t<\/div>\n\t\t\t\t\t<\/div>\n\n\t\n\n<\/div>","protected":false},"excerpt":{"rendered":"<p>Chiodi o graffette per fissare l&#039;erba artificiale alla sottobase. Sono facili da usare e aiuteranno ad ancorare l&#039;erba sintetica al suolo. I nostri chiodi e graffette zincate miglioreranno la resistenza e la durata delle giunture in erba artificiale e miglioreranno la stabilit\u00e0 della superficie dell&#039;erba artificiale.<\/p>","protected":false},"featured_media":15598,"template":"","meta":{"_seopress_robots_primary_cat":"","_seopress_titles_title":"","_seopress_titles_desc":"","_seopress_robots_index":""},"product_brand":[],"product_cat":[66],"product_tag":[],"class_list":{"0":"post-8372","1":"product","2":"type-product","3":"status-publish","4":"has-post-thumbnail","6":"product_cat-accessories","8":"first","9":"instock","10":"shipping-taxable","11":"product-type-simple"},"_links":{"self":[{"href":"https:\/\/arturf.com\/it\/wp-json\/wp\/v2\/product\/8372","targetHints":{"allow":["GET"]}}],"collection":[{"href":"https:\/\/arturf.com\/it\/wp-json\/wp\/v2\/product"}],"about":[{"href":"https:\/\/arturf.com\/it\/wp-json\/wp\/v2\/types\/product"}],"wp:featuredmedia":[{"embeddable":true,"href":"https:\/\/arturf.com\/it\/wp-json\/wp\/v2\/media\/15598"}],"wp:attachment":[{"href":"https:\/\/arturf.com\/it\/wp-json\/wp\/v2\/media?parent=8372"}],"wp:term":[{"taxonomy":"product_brand","embeddable":true,"href":"https:\/\/arturf.com\/it\/wp-json\/wp\/v2\/product_brand?post=8372"},{"taxonomy":"product_cat","embeddable":true,"href":"https:\/\/arturf.com\/it\/wp-json\/wp\/v2\/product_cat?post=8372"},{"taxonomy":"product_tag","embeddable":true,"href":"https:\/\/arturf.com\/it\/wp-json\/wp\/v2\/product_tag?post=8372"}],"curies":[{"name":"parola chiave","href":"https:\/\/api.w.org\/{rel}","templated":true}]}}