{"id":6898,"date":"2018-08-23T01:23:36","date_gmt":"2018-08-23T01:23:36","guid":{"rendered":"https:\/\/arturf.com\/?post_type=product&#038;p=6898"},"modified":"2020-02-26T02:27:55","modified_gmt":"2020-02-26T02:27:55","slug":"weed-barrier","status":"publish","type":"product","link":"https:\/\/arturf.com\/nl\/product\/weed-barrier\/","title":{"rendered":"Onkruidbarri\u00e8re"},"content":{"rendered":"<p>Onkruidbarri\u00e8re (of onkruidmat) laag dient als een barri\u00e8re om te voorkomen \/ minimaliseren dat onkruid bovenop of door het landschap kunstgras groeit.<\/p>\n<p>Deze kunstgras onkruidbarri\u00e8re (landschapsstof) helpt je het onkruid te blokkeren en de grond te scheiden. Maak uw kunstgrasinstallatie als een professional voor een lange levensduur.<\/p>\n\t<div class=\"img has-hover x md-x lg-x y md-y lg-y\" id=\"image_314127769\">\n\t\t\t\t\t\t\t\t<div class=\"img-inner dark\" >\n\t\t\t<img loading=\"lazy\" decoding=\"async\" width=\"800\" height=\"599\" src=\"https:\/\/arturf.com\/wp-content\/uploads\/2020\/02\/Artificial-Grass-Weed-Barrier.jpg\" class=\"attachment-large size-large\" alt=\"\" srcset=\"https:\/\/arturf.com\/wp-content\/uploads\/2020\/02\/Artificial-Grass-Weed-Barrier.jpg 800w, https:\/\/arturf.com\/wp-content\/uploads\/2020\/02\/Artificial-Grass-Weed-Barrier-300x225.jpg 300w, https:\/\/arturf.com\/wp-content\/uploads\/2020\/02\/Artificial-Grass-Weed-Barrier-200x150.jpg 200w, https:\/\/arturf.com\/wp-content\/uploads\/2020\/02\/Artificial-Grass-Weed-Barrier-768x575.jpg 768w, https:\/\/arturf.com\/wp-content\/uploads\/2020\/02\/Artificial-Grass-Weed-Barrier-16x12.jpg 16w, https:\/\/arturf.com\/wp-content\/uploads\/2020\/02\/Artificial-Grass-Weed-Barrier-350x263.jpg 350w, https:\/\/arturf.com\/wp-content\/uploads\/2020\/02\/Artificial-Grass-Weed-Barrier-510x382.jpg 510w\" sizes=\"auto, (max-width: 800px) 100vw, 800px\" \/>\t\t\t\t\t\t\n\t\t\t\t\t<\/div>\n\t\t\t\t\t\t\t\t\n<style>\n#image_314127769 {\n  width: 100%;\n}\n<\/style>\n\t<\/div>","protected":false},"excerpt":{"rendered":"<p>Onkruidbarri\u00e8re voorkomt de groei van onkruid onder uw kunstgras installatieproject met het gebruik van onkruidbarri\u00e8re. Dit product doet precies wat de naam doet vermoeden. Installeer in de meeste gevallen tussen basis- en kunstgras.<\/p>\n<p><strong>Broodjesbreedte:<\/strong> 1m, 2m, 3m, 4m<br \/>\n<strong>Broodjes lengte:<\/strong> 50m, 100m<br \/>\n<strong>Grammage:<\/strong> 100 g \/ \u33a1, 120 g \/ \u33a1<\/p>","protected":false},"featured_media":6901,"template":"","meta":{"_seopress_robots_primary_cat":"","_seopress_titles_title":"","_seopress_titles_desc":"","_seopress_robots_index":""},"product_brand":[],"product_cat":[66],"product_tag":[],"class_list":{"0":"post-6898","1":"product","2":"type-product","3":"status-publish","4":"has-post-thumbnail","6":"product_cat-accessories","8":"first","9":"instock","10":"shipping-taxable","11":"product-type-simple"},"_links":{"self":[{"href":"https:\/\/arturf.com\/nl\/wp-json\/wp\/v2\/product\/6898","targetHints":{"allow":["GET"]}}],"collection":[{"href":"https:\/\/arturf.com\/nl\/wp-json\/wp\/v2\/product"}],"about":[{"href":"https:\/\/arturf.com\/nl\/wp-json\/wp\/v2\/types\/product"}],"wp:featuredmedia":[{"embeddable":true,"href":"https:\/\/arturf.com\/nl\/wp-json\/wp\/v2\/media\/6901"}],"wp:attachment":[{"href":"https:\/\/arturf.com\/nl\/wp-json\/wp\/v2\/media?parent=6898"}],"wp:term":[{"taxonomy":"product_brand","embeddable":true,"href":"https:\/\/arturf.com\/nl\/wp-json\/wp\/v2\/product_brand?post=6898"},{"taxonomy":"product_cat","embeddable":true,"href":"https:\/\/arturf.com\/nl\/wp-json\/wp\/v2\/product_cat?post=6898"},{"taxonomy":"product_tag","embeddable":true,"href":"https:\/\/arturf.com\/nl\/wp-json\/wp\/v2\/product_tag?post=6898"}],"curies":[{"name":"wp","href":"https:\/\/api.w.org\/{rel}","templated":true}]}}