{"id":12123,"date":"2020-07-26T15:30:18","date_gmt":"2020-07-26T07:30:18","guid":{"rendered":"https:\/\/arturf.com\/?page_id=12123"},"modified":"2024-08-23T09:33:59","modified_gmt":"2024-08-23T01:33:59","slug":"privacy-policy","status":"publish","type":"page","link":"https:\/\/arturf.com\/pt\/privacy-policy\/","title":{"rendered":"Pol\u00edtica de Privacidade"},"content":{"rendered":"<p>Team Sports Industry Limited (ARTURF, <a href=\"https:\/\/arturf.com\/pt\/\" target=\"_new\" rel=\"noopener\">https:\/\/arturf.com<\/a>) est\u00e1 comprometida em respeitar sua privacidade e reconhece a import\u00e2ncia de proteger qualquer informa\u00e7\u00e3o que voc\u00ea possa nos fornecer por meio de nosso site. Esta Pol\u00edtica de Privacidade descreve como coletamos, usamos e protegemos suas informa\u00e7\u00f5es.<\/p>\n<p>Observe que a Team Sports Industry Limited pode atualizar esta pol\u00edtica periodicamente. Recomendamos verificar esta p\u00e1gina de tempos em tempos para garantir que voc\u00ea esteja ciente de quaisquer altera\u00e7\u00f5es. Esta pol\u00edtica \u00e9 efetiva a partir de 9 de outubro de 2018.<\/p>\n<h3>Informa\u00e7\u00f5es coletadas<\/h3>\n<p>Voc\u00ea pode navegar em nosso site sem revelar nenhuma informa\u00e7\u00e3o pessoal sobre voc\u00ea. Quando voc\u00ea visita nosso site, nossos servidores coletam automaticamente certas informa\u00e7\u00f5es, como nomes de dom\u00ednio, sistemas operacionais em uso (por exemplo, Macintosh, Windows) e tipos de navegador (por exemplo, Netscape, Internet Explorer). Essas informa\u00e7\u00f5es s\u00e3o agregadas para medir o n\u00famero de visitas, tempo m\u00e9dio gasto no site, p\u00e1ginas visualizadas e m\u00e9tricas de uso semelhantes. Usamos esses dados para analisar e melhorar o desempenho e o conte\u00fado do nosso site.<\/p>\n<p>Informa\u00e7\u00f5es pessoais, como seu endere\u00e7o de e-mail, nome, endere\u00e7o f\u00edsico e n\u00famero de telefone, s\u00e3o coletadas somente quando fornecidas voluntariamente por voc\u00ea, como quando voc\u00ea se registra em nosso site ou participa de atividades online.<\/p>\n<h3>Uso da informa\u00e7\u00e3o<\/h3>\n<p>As informa\u00e7\u00f5es que coletamos s\u00e3o usadas para os seguintes prop\u00f3sitos:<\/p>\n<ul>\n<li>Processamento de pedidos e despacho de produtos.<\/li>\n<li>Manuten\u00e7\u00e3o de registros internos.<\/li>\n<li>Melhorando nossos produtos e servi\u00e7os.<\/li>\n<li>Enviar e-mails promocionais sobre novos produtos, ofertas especiais ou outras informa\u00e7\u00f5es que achamos que voc\u00ea possa achar interessantes, usando o endere\u00e7o de e-mail fornecido.<\/li>\n<li>Entrando em contato com voc\u00ea para fins de pesquisa de mercado. Podemos entrar em contato por e-mail, telefone, fax ou correio.<\/li>\n<\/ul>\n<h3>Seguran\u00e7a<\/h3>\n<p>Estamos comprometidos em garantir que suas informa\u00e7\u00f5es estejam seguras. Para evitar acesso ou divulga\u00e7\u00e3o n\u00e3o autorizados, implementamos procedimentos f\u00edsicos, eletr\u00f4nicos e gerenciais adequados para salvaguardar e proteger as informa\u00e7\u00f5es que coletamos on-line.<\/p>\n<h3>Biscoitos<\/h3>\n<p>Podemos usar uma tecnologia chamada \u201ccookies\u201d para fornecer a voc\u00ea informa\u00e7\u00f5es personalizadas e aprimorar sua experi\u00eancia em nosso site. Um cookie \u00e9 um pequeno peda\u00e7o de dados que um site pode enviar ao seu navegador, que pode ent\u00e3o ser armazenado em seu dispositivo. Voc\u00ea pode configurar seu navegador para notific\u00e1-lo quando receber um cookie, dando a voc\u00ea a chance de decidir se deseja aceit\u00e1-lo. Nossos cookies podem coletar informa\u00e7\u00f5es como o sistema operacional e o navegador que voc\u00ea est\u00e1 usando.<\/p>\n<h3>Links para outros sites<\/h3>\n<p>Nosso site pode conter links para outros sites de interesse. No entanto, uma vez que voc\u00ea saia do nosso site usando esses links, n\u00e3o temos nenhum controle sobre os outros sites. Portanto, n\u00e3o podemos ser respons\u00e1veis pela prote\u00e7\u00e3o e privacidade de qualquer informa\u00e7\u00e3o que voc\u00ea fornecer ao visitar tais sites. Esses sites n\u00e3o s\u00e3o regidos por esta Pol\u00edtica de Privacidade. Aconselhamos que voc\u00ea tenha cautela e revise a pol\u00edtica de privacidade de qualquer site que voc\u00ea visitar.<\/p>\n<h3>Atualiza\u00e7\u00f5es de pol\u00edtica<\/h3>\n<p>Nossa Pol\u00edtica de Privacidade pode mudar de tempos em tempos, e todas as atualiza\u00e7\u00f5es ser\u00e3o publicadas nesta p\u00e1gina.<\/p>\n<p>Se voc\u00ea tiver alguma d\u00favida sobre nossas pr\u00e1ticas de privacidade, entre em contato conosco imediatamente pelo telefone (+86) 760 87994998 ou pelo e-mail <a rel=\"noopener\">info@arturf.com<\/a>.<\/p>","protected":false},"excerpt":{"rendered":"","protected":false},"author":3,"featured_media":0,"parent":0,"menu_order":29,"comment_status":"closed","ping_status":"closed","template":"page-blank-title-center.php","meta":{"_seopress_robots_primary_cat":"","_seopress_titles_title":"","_seopress_titles_desc":"","_seopress_robots_index":"","footnotes":""},"class_list":["post-12123","page","type-page","status-publish","hentry"],"_links":{"self":[{"href":"https:\/\/arturf.com\/pt\/wp-json\/wp\/v2\/pages\/12123","targetHints":{"allow":["GET"]}}],"collection":[{"href":"https:\/\/arturf.com\/pt\/wp-json\/wp\/v2\/pages"}],"about":[{"href":"https:\/\/arturf.com\/pt\/wp-json\/wp\/v2\/types\/page"}],"author":[{"embeddable":true,"href":"https:\/\/arturf.com\/pt\/wp-json\/wp\/v2\/users\/3"}],"replies":[{"embeddable":true,"href":"https:\/\/arturf.com\/pt\/wp-json\/wp\/v2\/comments?post=12123"}],"version-history":[{"count":0,"href":"https:\/\/arturf.com\/pt\/wp-json\/wp\/v2\/pages\/12123\/revisions"}],"wp:attachment":[{"href":"https:\/\/arturf.com\/pt\/wp-json\/wp\/v2\/media?parent=12123"}],"curies":[{"name":"wp","href":"https:\/\/api.w.org\/{rel}","templated":true}]}}