{"id":1331,"date":"2011-04-12T03:06:46","date_gmt":"2011-04-11T19:06:46","guid":{"rendered":"https:\/\/arturf.com\/"},"modified":"2023-09-03T22:22:44","modified_gmt":"2023-09-03T14:22:44","slug":"support","status":"publish","type":"page","link":"https:\/\/arturf.com\/pt\/support\/","title":{"rendered":"Apoio, suporte"},"content":{"rendered":"<div class=\"banner has-hover\" id=\"banner-1000350225\">\n          <div class=\"banner-inner fill\">\n        <div class=\"banner-bg fill\" >\n            <img loading=\"lazy\" decoding=\"async\" width=\"1020\" height=\"237\" src=\"https:\/\/arturf.com\/wp-content\/uploads\/2018\/04\/Artificial-Grass-Installation_supportsubheader-1024x238.jpg\" class=\"bg attachment-large size-large\" alt=\"compra, instala\u00e7\u00e3o, manuten\u00e7\u00e3o\" \/>                        <div class=\"overlay\"><\/div>            \n                    <\/div>\n\t\t\n        <div class=\"banner-layers container\">\n            <div class=\"fill banner-link\"><\/div>            \n\n   <div id=\"text-box-997074233\" class=\"text-box banner-layer x50 md-x50 lg-x50 y50 md-y50 lg-y50 res-text\">\n                                <div class=\"text-box-content text dark\">\n              \n              <div class=\"text-inner text-center\">\n                  \n\n<h1>Apoio, suporte<\/h1>\n<p>Obtenha suporte abrangente para grama artificial, incluindo um guia do comprador, dicas de instala\u00e7\u00e3o, orienta\u00e7\u00e3o de manuten\u00e7\u00e3o e uma base de conhecimento para todas as suas d\u00favidas.<\/p>\n\n              <\/div>\n           <\/div>\n                            \n<style>\n#text-box-997074233 {\n  width: 60%;\n}\n#text-box-997074233 .text-box-content {\n  font-size: 100%;\n}\n<\/style>\n    <\/div>\n \n\n        <\/div>\n      <\/div>\n\n            \n<style>\n#banner-1000350225 {\n  padding-top: 400px;\n}\n#banner-1000350225 .overlay {\n  background-color: rgba(0,0,0,.5);\n}\n<\/style>\n  <\/div>\n\n\n\n\t<section class=\"section\" id=\"section_1826998544\">\n\t\t<div class=\"section-bg fill\" >\n\t\t\t\t\t\t\t\t\t\n\t\t\t\n\n\t\t<\/div>\n\n\t\t\n\n\t\t<div class=\"section-content relative\">\n\t\t\t\n\n\t<div id=\"gap-42243918\" class=\"gap-element clearfix\" style=\"display:block; height:auto;\">\n\t\t\n<style>\n#gap-42243918 {\n  padding-top: 50px;\n}\n<\/style>\n\t<\/div>\n\t\n\n<div class=\"row\"  id=\"row-757175498\">\n\n\n\t<div id=\"col-1987870530\" class=\"col medium-4 small-12 large-4\"  >\n\t\t\t\t<div class=\"col-inner\"  >\n\t\t\t\n\t\t\t\n\n<h2><a href=\"https:\/\/arturf.com\/pt\/category\/buyers-guide\/\"><span style=\"font-size: 130%;\">guia do comprador<\/span><\/a><\/h2>\n<p>Seu guia essencial para escolher a grama artificial perfeita, capacitando os compradores a tomar decis\u00f5es informadas para suas necessidades espec\u00edficas.<\/p>\n\n\t\t<\/div>\n\t\t\t\t\n<style>\n#col-1987870530 > .col-inner {\n  padding: 0px 40px 0px 0px;\n}\n<\/style>\n\t<\/div>\n\n\t\n\n\t<div id=\"col-1698529865\" class=\"col medium-8 small-12 large-8\"  >\n\t\t\t\t<div class=\"col-inner\"  >\n\t\t\t\n\t\t\t\n\n<p>&nbsp;Seu recurso especializado para compras de grama artificial de qualidade. Aprenda a escolher e comprar grama artificial superior com confian\u00e7a. Dicas e percep\u00e7\u00f5es essenciais para compradores que buscam solu\u00e7\u00f5es premium para grama sint\u00e9tica.<\/p>\n<ul class=\"lcp_catlist\" id=\"lcp_instance_0\"><li><a href=\"https:\/\/arturf.com\/pt\/buyers-guide\/artificial-grass-cost\/\">O custo de importa\u00e7\u00e3o de grama artificial da China<\/a><\/li><li><a href=\"https:\/\/arturf.com\/pt\/buyers-guide\/infill-or-non-infill-artificial-grass\/\">Grama artificial com enchimento ou sem enchimento: fazendo a escolha certa<\/a><\/li><li><a href=\"https:\/\/arturf.com\/pt\/knowledge-hub\/artificial-grass-specifications\/\">Especifica\u00e7\u00f5es da grama artificial: entendendo o que significam<\/a><\/li><li><a href=\"https:\/\/arturf.com\/pt\/buyers-guide\/minimum-order-quantity\/\">Quantidade m\u00ednima de pedido (MOQ) para grama artificial: explicada<\/a><\/li><li><a href=\"https:\/\/arturf.com\/pt\/tennis-court\/things-to-consider-when-constructing-a-tennis-court\/\">Considera\u00e7\u00f5es essenciais para a constru\u00e7\u00e3o de quadras de t\u00eanis residenciais<\/a><\/li><li><a href=\"https:\/\/arturf.com\/pt\/knowledge-hub\/why-choose-polyurethane-backed-artificial-grass\/\">Grama artificial com suporte de poliuretano: vantagens e benef\u00edcios<\/a><\/li><li><a href=\"https:\/\/arturf.com\/pt\/buyers-guide\/customized-artificial-grass-products\/\">Grama artificial personalizada: a chave para o sucesso no mercado<\/a><\/li><li><a href=\"https:\/\/arturf.com\/pt\/blog\/different-colors-packing-artificial-grass-rolls\/\">Diferentes cores de embalagem para rolos de grama artificial: aumentando a efici\u00eancia<\/a><\/li><li><a href=\"https:\/\/arturf.com\/pt\/buyers-guide\/considerations-for-choosing-and-ordering-synthetic-grass\/\">Nove considera\u00e7\u00f5es para escolher e encomendar grama sint\u00e9tica<\/a><\/li><li><a href=\"https:\/\/arturf.com\/pt\/buyers-guide\/cheap-artificial-grass\/\">Posso comprar grama artificial barata? Seu guia para solu\u00e7\u00f5es econ\u00f4micas<\/a><\/li><li><a href=\"https:\/\/arturf.com\/pt\/buyers-guide\/choose-artificial-grass\/\">Como encontrar um fornecedor confi\u00e1vel de grama artificial<\/a><\/li><\/ul>\n\n\t\t<\/div>\n\t\t\t\t\t<\/div>\n\n\t\n\n<\/div>\n<div class=\"text-center\"><div class=\"is-divider divider clearfix\" ><\/div><\/div>\n\n\t<div id=\"gap-22634967\" class=\"gap-element clearfix\" style=\"display:block; height:auto;\">\n\t\t\n<style>\n#gap-22634967 {\n  padding-top: 30px;\n}\n<\/style>\n\t<\/div>\n\t\n\n<div class=\"row\"  id=\"row-1636702011\">\n\n\n\t<div id=\"col-1250045416\" class=\"col medium-4 small-12 large-4\"  >\n\t\t\t\t<div class=\"col-inner\"  >\n\t\t\t\n\t\t\t\n\n<h2><a href=\"https:\/\/arturf.com\/pt\/category\/installation\/\"><span style=\"font-size: 130%;\">Instala\u00e7\u00e3o<\/span><\/a><\/h2>\n<p>Aprenda a instalar grama artificial, para \u00e1reas esportivas e paisag\u00edsticas.&nbsp;<\/p>\n\n\t\t<\/div>\n\t\t\t\t\n<style>\n#col-1250045416 > .col-inner {\n  padding: 0px 40px 0px 0px;\n}\n<\/style>\n\t<\/div>\n\n\t\n\n\t<div id=\"col-623754211\" class=\"col medium-8 small-12 large-8\"  >\n\t\t\t\t<div class=\"col-inner\"  >\n\t\t\t\n\t\t\t\n\n<p>A instala\u00e7\u00e3o adequada \u00e9 crucial para um \u00f3timo desempenho e longevidade de sua superf\u00edcie de grama artificial, garantindo sua durabilidade e aumentando sua vida \u00fatil.<\/p>\n<ul class=\"lcp_catlist\" id=\"lcp_instance_0\"><li><a href=\"https:\/\/arturf.com\/pt\/landscape-grass\/how-to-install-landscape-artificial-grass\/\">Como instalar grama artificial de paisagem<\/a><\/li><li><a href=\"https:\/\/arturf.com\/pt\/football-grass\/how-to-install-football-artificial-grass\/\">Como instalar relva artificial de futebol<\/a><\/li><li><a href=\"https:\/\/arturf.com\/pt\/football-grass\/base-preparation-for-football-grass\/\">Prepara\u00e7\u00e3o de Base para Grama de Futebol: Princ\u00edpios Essenciais e Diferentes Tipos<\/a><\/li><li><a href=\"https:\/\/arturf.com\/pt\/landscape-grass\/base-preparation-for-landscape-grass\/\">Etapas essenciais para preparar a base para instala\u00e7\u00e3o de grama de paisagem<\/a><\/li><li><a href=\"https:\/\/arturf.com\/pt\/installation\/how-much-infill-do-you-need-for-artificial-grass\/\">Quanto preenchimento voc\u00ea precisa para grama artificial?<\/a><\/li><li><a href=\"https:\/\/arturf.com\/pt\/installation\/artificial-turf-rubber-granule-infill\/\">Por que usar borracha granulado infill para relva artificial?<\/a><\/li><li><a href=\"https:\/\/arturf.com\/pt\/installation\/how-to-avoid-the-common-mistakes-when-installing-artificial-grass\/\">Erros comuns a evitar ao instalar grama artificial<\/a><\/li><li><a href=\"https:\/\/arturf.com\/pt\/installation\/cut-artificial-grass-to-match-a-special-shaped-area\/\">Como cortar grama artificial para caber em qualquer \u00e1rea moldada<\/a><\/li><li><a href=\"https:\/\/arturf.com\/pt\/installation\/artificial-grass-line-marking\/\">Marca\u00e7\u00e3o de linha em campos esportivos de grama artificial<\/a><\/li><li><a href=\"https:\/\/arturf.com\/pt\/installation\/artificial-grass-melting\/\">O reflexo da luz solar resulta no derretimento da grama artificial e como evit\u00e1-lo<\/a><\/li><li><a href=\"https:\/\/arturf.com\/pt\/golf-grass\/how-to-install-synthetic-putting-green-grass\/\">Como instalar grama sint\u00e9tica putting green<\/a><\/li><li><a href=\"https:\/\/arturf.com\/pt\/installation\/artificial-grass-infills\/\">Preenchimentos de grama artificial: melhorando a apar\u00eancia e o desempenho<\/a><\/li><li><a href=\"https:\/\/arturf.com\/pt\/installation\/artificial-turf-wrinkles\/\">Rugas em grama sint\u00e9tica: causas, como corrigir e dicas de preven\u00e7\u00e3o (Guia completo)<\/a><\/li><li><a href=\"https:\/\/arturf.com\/pt\/installation\/artificial-grass-installation-mistakes\/\">Erros comuns na instala\u00e7\u00e3o de grama artificial (e como evit\u00e1-los)<\/a><\/li><\/ul>\n\n\t\t<\/div>\n\t\t\t\t\t<\/div>\n\n\t\n\n<\/div>\n<div class=\"text-center\"><div class=\"is-divider divider clearfix\" ><\/div><\/div>\n\n\t<div id=\"gap-1984924371\" class=\"gap-element clearfix\" style=\"display:block; height:auto;\">\n\t\t\n<style>\n#gap-1984924371 {\n  padding-top: 30px;\n}\n<\/style>\n\t<\/div>\n\t\n\n<div class=\"row\"  id=\"row-669432581\">\n\n\n\t<div id=\"col-1164255169\" class=\"col medium-4 small-12 large-4\"  >\n\t\t\t\t<div class=\"col-inner\"  >\n\t\t\t\n\t\t\t\n\n<h2><a href=\"https:\/\/arturf.com\/pt\/category\/maintenance\/\"><span style=\"font-size: 130%;\">Cuidado e manuten\u00e7\u00e3o<\/span><\/a><\/h2>\n<p>Mantenha sua grama artificial limpa e em p\u00e9.<\/p>\n\n\t\t<\/div>\n\t\t\t\t\n<style>\n#col-1164255169 > .col-inner {\n  padding: 0px 40px 0px 0px;\n}\n<\/style>\n\t<\/div>\n\n\t\n\n\t<div id=\"col-1791815708\" class=\"col medium-8 small-12 large-8\"  >\n\t\t\t\t<div class=\"col-inner\"  >\n\t\t\t\n\t\t\t\n\n<p>Descubra dicas essenciais de cuidado e manuten\u00e7\u00e3o para sua grama artificial, garantindo sua condi\u00e7\u00e3o impec\u00e1vel e longevidade. Aprenda como manter sua grama sint\u00e9tica com a melhor apar\u00eancia com a orienta\u00e7\u00e3o de nossos especialistas.<\/p>\n<ul class=\"lcp_catlist\" id=\"lcp_instance_0\"><li><a href=\"https:\/\/arturf.com\/pt\/landscape-grass\/landscape-artificial-lawn-mainteiance\/\">Manuten\u00e7\u00e3o de grama artificial de jardim: um guia completo para um espa\u00e7o ao ar livre exuberante e sem complica\u00e7\u00f5es<\/a><\/li><li><a href=\"https:\/\/arturf.com\/pt\/maintenance\/sports-artificial-grass-maintenance\/\">Manuten\u00e7\u00e3o de grama artificial esportiva: dicas para desempenho ideal<\/a><\/li><li><a href=\"https:\/\/arturf.com\/pt\/maintenance\/how-to-clean-residential-artificial-grass\/\">Como limpar grama artificial residencial?<\/a><\/li><li><a href=\"https:\/\/arturf.com\/pt\/maintenance\/repair-artificial-turf\/\">Um guia passo a passo para reparar relva artificial: consertar rasgos, queimaduras e costuras soltas<\/a><\/li><li><a href=\"https:\/\/arturf.com\/pt\/installation\/artificial-grass-melting\/\">O reflexo da luz solar resulta no derretimento da grama artificial e como evit\u00e1-lo<\/a><\/li><li><a href=\"https:\/\/arturf.com\/pt\/maintenance\/pet-urine-on-artificial-grass-and-how-to-remove-the-smell\/\">Urina de animal de estima\u00e7\u00e3o em grama artificial e como remover o cheiro<\/a><\/li><li><a href=\"https:\/\/arturf.com\/pt\/maintenance\/comprehensive-maintenance-guide-for-your-padel-court\/\">Guia abrangente de manuten\u00e7\u00e3o para sua quadra de Padel<\/a><\/li><li><a href=\"https:\/\/arturf.com\/pt\/maintenance\/artificial-grass-maintenance-problems\/\">Como manter a grama artificial e prevenir problemas comuns (Guia completo para propriet\u00e1rios de im\u00f3veis)<\/a><\/li><\/ul>\n\n\t\t<\/div>\n\t\t\t\t\t<\/div>\n\n\t\n\n<\/div>\n<div class=\"row\"  id=\"row-884474359\">\n\n\n\t<div id=\"col-791903062\" class=\"col medium-4 small-12 large-4\"  >\n\t\t\t\t<div class=\"col-inner\"  >\n\t\t\t\n\t\t\t\n\n<h2><a href=\"https:\/\/arturf.com\/pt\/category\/knowledge-hub\/\"><span style=\"font-size: 130%;\">Centro de conhecimento<\/span><\/a><\/h2>\n<p>Desbloqueie uma riqueza de conhecimentos sobre grama artificial em nosso hub, fornecendo informa\u00e7\u00f5es e recursos especializados para todas as suas d\u00favidas.<\/p>\n\n\t\t<\/div>\n\t\t\t\t\n<style>\n#col-791903062 > .col-inner {\n  padding: 0px 40px 0px 0px;\n}\n<\/style>\n\t<\/div>\n\n\t\n\n\t<div id=\"col-1722484210\" class=\"col medium-8 small-12 large-8\"  >\n\t\t\t\t<div class=\"col-inner\"  >\n\t\t\t\n\t\t\t\n\n<p>Explore nosso abrangente Knowledge Hub, seu recurso para todas as coisas relacionadas \u00e0 grama artificial. Expanda sua compreens\u00e3o e mantenha-se informado com insights e informa\u00e7\u00f5es valiosas sobre grama sint\u00e9tica.<\/p>\n<ul class=\"lcp_catlist\" id=\"lcp_instance_0\"><li><a href=\"https:\/\/arturf.com\/pt\/blog\/the-history-of-artificial-grass\/\">Revelando a evolu\u00e7\u00e3o da grama artificial: uma jornada pela hist\u00f3ria<\/a><\/li><li><a href=\"https:\/\/arturf.com\/pt\/blog\/history-of-artificial-grass-in-china\/\">Desmistificando equ\u00edvocos comuns sobre gramados artificiais<\/a><\/li><li><a href=\"https:\/\/arturf.com\/pt\/knowledge-hub\/artificial-grass-faq\/\">Grama artificial FAQ<\/a><\/li><li><a href=\"https:\/\/arturf.com\/pt\/knowledge-hub\/applications-of-artificial-grass\/\">Aplica\u00e7\u00f5es Vers\u00e1teis da Grama Artificial<\/a><\/li><li><a href=\"https:\/\/arturf.com\/pt\/knowledge-hub\/artificial-grass-specifications\/\">Especifica\u00e7\u00f5es da grama artificial: entendendo o que significam<\/a><\/li><li><a href=\"https:\/\/arturf.com\/pt\/knowledge-hub\/w-stitch-tufted-artificial-grass\/\">Costura em W ou Z em grama artificial: aumentando a durabilidade e a est\u00e9tica<\/a><\/li><li><a href=\"https:\/\/arturf.com\/pt\/knowledge-hub\/why-choose-polyurethane-backed-artificial-grass\/\">Grama artificial com suporte de poliuretano: vantagens e benef\u00edcios<\/a><\/li><li><a href=\"https:\/\/arturf.com\/pt\/knowledge-hub\/artificial-grass-glossary\/\">O melhor gloss\u00e1rio de grama artificial: um guia de refer\u00eancia abrangente<\/a><\/li><li><a href=\"https:\/\/arturf.com\/pt\/knowledge-hub\/artificial-grass-heat\/\">Gerenciando o calor na grama artificial: dicas e considera\u00e7\u00f5es<\/a><\/li><li><a href=\"https:\/\/arturf.com\/pt\/knowledge-hub\/raw-material-affecting-the-quality-and-price-of-artificial-grass\/\">Mat\u00e9rias-Primas: Impacto na Qualidade e Pre\u00e7o da Grama Artificial<\/a><\/li><li><a href=\"https:\/\/arturf.com\/pt\/blog\/different-colors-packing-artificial-grass-rolls\/\">Diferentes cores de embalagem para rolos de grama artificial: aumentando a efici\u00eancia<\/a><\/li><li><a href=\"https:\/\/arturf.com\/pt\/knowledge-hub\/colored-artificial-grass\/\">Grama artificial colorida: liberando possibilidades criativas de design<\/a><\/li><li><a href=\"https:\/\/arturf.com\/pt\/knowledge-hub\/artificial-grass-face-weight\/\">Peso facial de grama artificial: entendendo seu significado e fazendo a escolha certa<\/a><\/li><li><a href=\"https:\/\/arturf.com\/pt\/knowledge-hub\/artificial-grass-backing\/\">Os fatos do revestimento artificial de grama<\/a><\/li><li><a href=\"https:\/\/arturf.com\/pt\/knowledge-hub\/artificial-grass-yarn\/\">Fio de grama artificial<\/a><\/li><li><a href=\"https:\/\/arturf.com\/pt\/knowledge-hub\/the-artificial-turf-system\/\">Principais componentes de um sistema de grama artificial<\/a><\/li><li><a href=\"https:\/\/arturf.com\/pt\/tennis-court\/things-to-consider-when-constructing-a-tennis-court\/\">Considera\u00e7\u00f5es essenciais para a constru\u00e7\u00e3o de quadras de t\u00eanis residenciais<\/a><\/li><li><a href=\"https:\/\/arturf.com\/pt\/knowledge-hub\/silica-sand-for-artificial-grass-infill\/\">Areia de s\u00edlica para preenchimento de grama artificial: melhorando o desempenho e a sustentabilidade<\/a><\/li><li><a href=\"https:\/\/arturf.com\/pt\/knowledge-hub\/artificial-grass-logo\/\">Logotipo de grama artificial: melhore a identidade da sua marca<\/a><\/li><li><a href=\"https:\/\/arturf.com\/pt\/knowledge-hub\/how-to-remove-static-electricity-from-artificial-grass\/\">Como remover a eletricidade est\u00e1tica da grama artificial: dicas e solu\u00e7\u00f5es<\/a><\/li><li><a href=\"https:\/\/arturf.com\/pt\/knowledge-hub\/exploring-artificial-turf-yarn-shapes\/\">Formas de fio de relva artificial: aumentando a for\u00e7a, a resili\u00eancia e a apar\u00eancia natural<\/a><\/li><li><a href=\"https:\/\/arturf.com\/pt\/knowledge-hub\/how-to-select-appropriate-lighting-for-your-sports-fields\/\">O guia completo para selecionar ilumina\u00e7\u00e3o para campos esportivos<\/a><\/li><li><a href=\"https:\/\/arturf.com\/pt\/knowledge-hub\/what-is-pickleball-a-complete-guide-to-the-fastest-growing-sport\/\">O que \u00e9 Pickleball? Um guia completo para o esporte que mais cresce<\/a><\/li><li><a href=\"https:\/\/arturf.com\/pt\/installation\/artificial-turf-wrinkles\/\">Rugas em grama sint\u00e9tica: causas, como corrigir e dicas de preven\u00e7\u00e3o (Guia completo)<\/a><\/li><\/ul>\n\n\t\t<\/div>\n\t\t\t\t\t<\/div>\n\n\t\n\n<\/div>\n\n\t\t<\/div>\n\n\t\t\n<style>\n#section_1826998544 {\n  padding-top: 20px;\n  padding-bottom: 20px;\n}\n<\/style>\n\t<\/section>\n\t\n<div class=\"row align-center\"  id=\"row-471396500\">\n\n\n\t<div id=\"col-759295375\" class=\"col medium-9 small-12 large-9\"  >\n\t\t\t\t<div class=\"col-inner\"  >\n\t\t\t\n\t\t\t\n\n<hr>\n<p>Se voc\u00ea n\u00e3o conseguir encontrar as informa\u00e7\u00f5es necess\u00e1rias ou tiver alguma d\u00favida sobre o conte\u00fado, sinta-se \u00e0 vontade para <a href=\"https:\/\/arturf.com\/pt\/contact\/\">Contate-Nos<\/a>. Um de nossos especialistas em grama artificial entrar\u00e1 em contato com voc\u00ea em breve.<\/p>\n\n\t\t<\/div>\n\t\t\t\t\t<\/div>\n\n\t\n\n<\/div>","protected":false},"excerpt":{"rendered":"","protected":false},"author":3,"featured_media":0,"parent":0,"menu_order":21,"comment_status":"closed","ping_status":"closed","template":"page-blank.php","meta":{"_seopress_robots_primary_cat":"","_seopress_titles_title":"Support Hub: Artificial Turf Resources for Buying, Installing, Maintaining","_seopress_titles_desc":"Discover a wealth of resources in our artificial turf support hub. From buyer&#039;s guides to installation and maintenance tips, we&#039;ve got you covered!","_seopress_robots_index":"","footnotes":""},"class_list":["post-1331","page","type-page","status-publish","hentry"],"_links":{"self":[{"href":"https:\/\/arturf.com\/pt\/wp-json\/wp\/v2\/pages\/1331","targetHints":{"allow":["GET"]}}],"collection":[{"href":"https:\/\/arturf.com\/pt\/wp-json\/wp\/v2\/pages"}],"about":[{"href":"https:\/\/arturf.com\/pt\/wp-json\/wp\/v2\/types\/page"}],"author":[{"embeddable":true,"href":"https:\/\/arturf.com\/pt\/wp-json\/wp\/v2\/users\/3"}],"replies":[{"embeddable":true,"href":"https:\/\/arturf.com\/pt\/wp-json\/wp\/v2\/comments?post=1331"}],"version-history":[{"count":0,"href":"https:\/\/arturf.com\/pt\/wp-json\/wp\/v2\/pages\/1331\/revisions"}],"wp:attachment":[{"href":"https:\/\/arturf.com\/pt\/wp-json\/wp\/v2\/media?parent=1331"}],"curies":[{"name":"wp","href":"https:\/\/api.w.org\/{rel}","templated":true}]}}